{"id":59121,"date":"2025-12-15T00:40:12","date_gmt":"2025-12-14T23:40:12","guid":{"rendered":"https:\/\/www.koonings.com\/product\/st-patrick-lanya-st125bn5\/"},"modified":"2026-02-03T18:50:56","modified_gmt":"2026-02-03T17:50:56","slug":"st-patrick-lanya-st125bn5","status":"publish","type":"product","link":"https:\/\/www.koonings.com\/de\/product\/st-patrick-lanya-st125bn5\/","title":{"rendered":"St. Patrick Lanya ST125BN5"},"content":{"rendered":"<p>Das romantische und schlichte Modell LANYA ist ganz aus T\u00fcll gefertigt, wobei perlenbesetzte Spitze das Mieder und die H\u00fcften ziert und einen m\u00e4rchenhaften Effekt erzeugt. Im Gegensatz dazu wird der verf\u00fchrerische V-Ausschnitt auf der Vorder- und R\u00fcckseite perfekt durch den weiten Rock erg\u00e4nzt, der leicht \u00fcber die Figur f\u00e4llt und f\u00fcr Harmonie im Design sorgt. <\/p>\n","protected":false},"featured_media":49830,"template":"","meta":{"_acf_changed":false,"ghostkit_customizer_options":"","ghostkit_custom_css":"","ghostkit_custom_js_head":"","ghostkit_custom_js_foot":"","ghostkit_typography":""},"productdetails":[],"productneck":[],"productcolor":[],"maat":[],"productsupplier":[415],"productsleeve":[],"productcategory":[18],"productsilhouette":[],"productstyle":[366],"class_list":["post-59121","product","type-product","status-publish","has-post-thumbnail","hentry","productsupplier-st-patrick","productcategory-trouwjurken","productstyle-366"],"acf":[],"yoast_head":"<!-- This site is optimized with the Yoast SEO plugin v27.3 - https:\/\/yoast.com\/product\/yoast-seo-wordpress\/ -->\n<title>St. Patrick Lanya ST125BN5 | Koonings<\/title>\n<meta name=\"description\" content=\"Das romantische und schlichte Modell LANYA ist ganz aus T\u00fcll gefertigt, wobei perlenbesetzte Spitze das Mieder und die H\u00fcften ziert und einen m\u00e4rchenhaften Effekt erzeugt. Im Gegensatz dazu wird der verf\u00fchrerische V-Ausschnitt auf der Vorder- und R\u00fcckseite perfekt durch den weiten Rock erg\u00e4nzt, der leicht \u00fcber die Figur f\u00e4llt und f\u00fcr Harmonie im Design sorgt.\" \/>\n<meta name=\"robots\" content=\"index, follow, max-snippet:-1, max-image-preview:large, max-video-preview:-1\" \/>\n<link rel=\"canonical\" href=\"https:\/\/www.koonings.com\/de\/product\/st-patrick-lanya-st125bn5\/\" \/>\n<meta property=\"og:locale\" content=\"de_DE\" \/>\n<meta property=\"og:type\" content=\"article\" \/>\n<meta property=\"og:title\" content=\"St. Patrick Lanya ST125BN5 | Koonings\" \/>\n<meta property=\"og:description\" content=\"Das romantische und schlichte Modell LANYA ist ganz aus T\u00fcll gefertigt, wobei perlenbesetzte Spitze das Mieder und die H\u00fcften ziert und einen m\u00e4rchenhaften Effekt erzeugt. Im Gegensatz dazu wird der verf\u00fchrerische V-Ausschnitt auf der Vorder- und R\u00fcckseite perfekt durch den weiten Rock erg\u00e4nzt, der leicht \u00fcber die Figur f\u00e4llt und f\u00fcr Harmonie im Design sorgt.\" \/>\n<meta property=\"og:url\" content=\"https:\/\/www.koonings.com\/de\/product\/st-patrick-lanya-st125bn5\/\" \/>\n<meta property=\"og:site_name\" content=\"Koonings\" \/>\n<meta property=\"article:publisher\" content=\"https:\/\/www.facebook.com\/kooningstheweddingpalace\" \/>\n<meta property=\"article:modified_time\" content=\"2026-02-03T17:50:56+00:00\" \/>\n<meta property=\"og:image\" content=\"https:\/\/www.koonings.com\/wp-content\/uploads\/2024\/11\/41061_99a2f158df17701de0c3d3f5b9d64bd24de0c8f00651943003d3bee9637287b6d3bb06ba-scaled.jpeg\" \/>\n\t<meta property=\"og:image:width\" content=\"1809\" \/>\n\t<meta property=\"og:image:height\" content=\"2560\" \/>\n\t<meta property=\"og:image:type\" content=\"image\/jpeg\" \/>\n<meta name=\"twitter:card\" content=\"summary_large_image\" \/>\n<script type=\"application\/ld+json\" class=\"yoast-schema-graph\">{\"@context\":\"https:\\\/\\\/schema.org\",\"@graph\":[{\"@type\":\"WebPage\",\"@id\":\"https:\\\/\\\/www.koonings.com\\\/de\\\/product\\\/st-patrick-lanya-st125bn5\\\/\",\"url\":\"https:\\\/\\\/www.koonings.com\\\/de\\\/product\\\/st-patrick-lanya-st125bn5\\\/\",\"name\":\"St. Patrick Lanya ST125BN5 | Koonings\",\"isPartOf\":{\"@id\":\"https:\\\/\\\/www.koonings.com\\\/de\\\/#website\"},\"primaryImageOfPage\":{\"@id\":\"https:\\\/\\\/www.koonings.com\\\/de\\\/product\\\/st-patrick-lanya-st125bn5\\\/#primaryimage\"},\"image\":{\"@id\":\"https:\\\/\\\/www.koonings.com\\\/de\\\/product\\\/st-patrick-lanya-st125bn5\\\/#primaryimage\"},\"thumbnailUrl\":\"https:\\\/\\\/www.koonings.com\\\/wp-content\\\/uploads\\\/2024\\\/11\\\/41061_99a2f158df17701de0c3d3f5b9d64bd24de0c8f00651943003d3bee9637287b6d3bb06ba-scaled.jpeg\",\"datePublished\":\"2025-12-14T23:40:12+00:00\",\"dateModified\":\"2026-02-03T17:50:56+00:00\",\"description\":\"Das romantische und schlichte Modell LANYA ist ganz aus T\u00fcll gefertigt, wobei perlenbesetzte Spitze das Mieder und die H\u00fcften ziert und einen m\u00e4rchenhaften Effekt erzeugt. Im Gegensatz dazu wird der verf\u00fchrerische V-Ausschnitt auf der Vorder- und R\u00fcckseite perfekt durch den weiten Rock erg\u00e4nzt, der leicht \u00fcber die Figur f\u00e4llt und f\u00fcr Harmonie im Design sorgt.\",\"breadcrumb\":{\"@id\":\"https:\\\/\\\/www.koonings.com\\\/de\\\/product\\\/st-patrick-lanya-st125bn5\\\/#breadcrumb\"},\"inLanguage\":\"de\",\"potentialAction\":[{\"@type\":\"ReadAction\",\"target\":[\"https:\\\/\\\/www.koonings.com\\\/de\\\/product\\\/st-patrick-lanya-st125bn5\\\/\"]}]},{\"@type\":\"ImageObject\",\"inLanguage\":\"de\",\"@id\":\"https:\\\/\\\/www.koonings.com\\\/de\\\/product\\\/st-patrick-lanya-st125bn5\\\/#primaryimage\",\"url\":\"https:\\\/\\\/www.koonings.com\\\/wp-content\\\/uploads\\\/2024\\\/11\\\/41061_99a2f158df17701de0c3d3f5b9d64bd24de0c8f00651943003d3bee9637287b6d3bb06ba-scaled.jpeg\",\"contentUrl\":\"https:\\\/\\\/www.koonings.com\\\/wp-content\\\/uploads\\\/2024\\\/11\\\/41061_99a2f158df17701de0c3d3f5b9d64bd24de0c8f00651943003d3bee9637287b6d3bb06ba-scaled.jpeg\",\"width\":1809,\"height\":2560},{\"@type\":\"BreadcrumbList\",\"@id\":\"https:\\\/\\\/www.koonings.com\\\/de\\\/product\\\/st-patrick-lanya-st125bn5\\\/#breadcrumb\",\"itemListElement\":[{\"@type\":\"ListItem\",\"position\":1,\"name\":\"Home\",\"item\":\"https:\\\/\\\/www.koonings.com\\\/de\\\/\"},{\"@type\":\"ListItem\",\"position\":2,\"name\":\"St. Patrick Lanya ST125BN5\"}]},{\"@type\":\"WebSite\",\"@id\":\"https:\\\/\\\/www.koonings.com\\\/de\\\/#website\",\"url\":\"https:\\\/\\\/www.koonings.com\\\/de\\\/\",\"name\":\"Koonings\",\"description\":\"De grootste bruidsmodewinkel ter wereld\",\"publisher\":{\"@id\":\"https:\\\/\\\/www.koonings.com\\\/de\\\/#organization\"},\"potentialAction\":[{\"@type\":\"SearchAction\",\"target\":{\"@type\":\"EntryPoint\",\"urlTemplate\":\"https:\\\/\\\/www.koonings.com\\\/de\\\/?s={search_term_string}\"},\"query-input\":{\"@type\":\"PropertyValueSpecification\",\"valueRequired\":true,\"valueName\":\"search_term_string\"}}],\"inLanguage\":\"de\"},{\"@type\":\"Organization\",\"@id\":\"https:\\\/\\\/www.koonings.com\\\/de\\\/#organization\",\"name\":\"Koonings\",\"url\":\"https:\\\/\\\/www.koonings.com\\\/de\\\/\",\"logo\":{\"@type\":\"ImageObject\",\"inLanguage\":\"de\",\"@id\":\"https:\\\/\\\/www.koonings.com\\\/de\\\/#\\\/schema\\\/logo\\\/image\\\/\",\"url\":\"https:\\\/\\\/www.koonings.com\\\/wp-content\\\/uploads\\\/2024\\\/07\\\/logo.png\",\"contentUrl\":\"https:\\\/\\\/www.koonings.com\\\/wp-content\\\/uploads\\\/2024\\\/07\\\/logo.png\",\"width\":600,\"height\":428,\"caption\":\"Koonings\"},\"image\":{\"@id\":\"https:\\\/\\\/www.koonings.com\\\/de\\\/#\\\/schema\\\/logo\\\/image\\\/\"},\"sameAs\":[\"https:\\\/\\\/www.facebook.com\\\/kooningstheweddingpalace\",\"https:\\\/\\\/www.instagram.com\\\/kooningstheweddingpalace\",\"https:\\\/\\\/www.pinterest.com\\\/koonings\",\"https:\\\/\\\/www.youtube.com\\\/kooningstheweddingpalace\"]}]}<\/script>\n<!-- \/ Yoast SEO plugin. -->","yoast_head_json":{"title":"St. Patrick Lanya ST125BN5 | Koonings","description":"Das romantische und schlichte Modell LANYA ist ganz aus T\u00fcll gefertigt, wobei perlenbesetzte Spitze das Mieder und die H\u00fcften ziert und einen m\u00e4rchenhaften Effekt erzeugt. Im Gegensatz dazu wird der verf\u00fchrerische V-Ausschnitt auf der Vorder- und R\u00fcckseite perfekt durch den weiten Rock erg\u00e4nzt, der leicht \u00fcber die Figur f\u00e4llt und f\u00fcr Harmonie im Design sorgt.","robots":{"index":"index","follow":"follow","max-snippet":"max-snippet:-1","max-image-preview":"max-image-preview:large","max-video-preview":"max-video-preview:-1"},"canonical":"https:\/\/www.koonings.com\/de\/product\/st-patrick-lanya-st125bn5\/","og_locale":"de_DE","og_type":"article","og_title":"St. Patrick Lanya ST125BN5 | Koonings","og_description":"Das romantische und schlichte Modell LANYA ist ganz aus T\u00fcll gefertigt, wobei perlenbesetzte Spitze das Mieder und die H\u00fcften ziert und einen m\u00e4rchenhaften Effekt erzeugt. Im Gegensatz dazu wird der verf\u00fchrerische V-Ausschnitt auf der Vorder- und R\u00fcckseite perfekt durch den weiten Rock erg\u00e4nzt, der leicht \u00fcber die Figur f\u00e4llt und f\u00fcr Harmonie im Design sorgt.","og_url":"https:\/\/www.koonings.com\/de\/product\/st-patrick-lanya-st125bn5\/","og_site_name":"Koonings","article_publisher":"https:\/\/www.facebook.com\/kooningstheweddingpalace","article_modified_time":"2026-02-03T17:50:56+00:00","og_image":[{"width":1809,"height":2560,"url":"https:\/\/www.koonings.com\/wp-content\/uploads\/2024\/11\/41061_99a2f158df17701de0c3d3f5b9d64bd24de0c8f00651943003d3bee9637287b6d3bb06ba-scaled.jpeg","type":"image\/jpeg"}],"twitter_card":"summary_large_image","schema":{"@context":"https:\/\/schema.org","@graph":[{"@type":"WebPage","@id":"https:\/\/www.koonings.com\/de\/product\/st-patrick-lanya-st125bn5\/","url":"https:\/\/www.koonings.com\/de\/product\/st-patrick-lanya-st125bn5\/","name":"St. Patrick Lanya ST125BN5 | Koonings","isPartOf":{"@id":"https:\/\/www.koonings.com\/de\/#website"},"primaryImageOfPage":{"@id":"https:\/\/www.koonings.com\/de\/product\/st-patrick-lanya-st125bn5\/#primaryimage"},"image":{"@id":"https:\/\/www.koonings.com\/de\/product\/st-patrick-lanya-st125bn5\/#primaryimage"},"thumbnailUrl":"https:\/\/www.koonings.com\/wp-content\/uploads\/2024\/11\/41061_99a2f158df17701de0c3d3f5b9d64bd24de0c8f00651943003d3bee9637287b6d3bb06ba-scaled.jpeg","datePublished":"2025-12-14T23:40:12+00:00","dateModified":"2026-02-03T17:50:56+00:00","description":"Das romantische und schlichte Modell LANYA ist ganz aus T\u00fcll gefertigt, wobei perlenbesetzte Spitze das Mieder und die H\u00fcften ziert und einen m\u00e4rchenhaften Effekt erzeugt. Im Gegensatz dazu wird der verf\u00fchrerische V-Ausschnitt auf der Vorder- und R\u00fcckseite perfekt durch den weiten Rock erg\u00e4nzt, der leicht \u00fcber die Figur f\u00e4llt und f\u00fcr Harmonie im Design sorgt.","breadcrumb":{"@id":"https:\/\/www.koonings.com\/de\/product\/st-patrick-lanya-st125bn5\/#breadcrumb"},"inLanguage":"de","potentialAction":[{"@type":"ReadAction","target":["https:\/\/www.koonings.com\/de\/product\/st-patrick-lanya-st125bn5\/"]}]},{"@type":"ImageObject","inLanguage":"de","@id":"https:\/\/www.koonings.com\/de\/product\/st-patrick-lanya-st125bn5\/#primaryimage","url":"https:\/\/www.koonings.com\/wp-content\/uploads\/2024\/11\/41061_99a2f158df17701de0c3d3f5b9d64bd24de0c8f00651943003d3bee9637287b6d3bb06ba-scaled.jpeg","contentUrl":"https:\/\/www.koonings.com\/wp-content\/uploads\/2024\/11\/41061_99a2f158df17701de0c3d3f5b9d64bd24de0c8f00651943003d3bee9637287b6d3bb06ba-scaled.jpeg","width":1809,"height":2560},{"@type":"BreadcrumbList","@id":"https:\/\/www.koonings.com\/de\/product\/st-patrick-lanya-st125bn5\/#breadcrumb","itemListElement":[{"@type":"ListItem","position":1,"name":"Home","item":"https:\/\/www.koonings.com\/de\/"},{"@type":"ListItem","position":2,"name":"St. Patrick Lanya ST125BN5"}]},{"@type":"WebSite","@id":"https:\/\/www.koonings.com\/de\/#website","url":"https:\/\/www.koonings.com\/de\/","name":"Koonings","description":"De grootste bruidsmodewinkel ter wereld","publisher":{"@id":"https:\/\/www.koonings.com\/de\/#organization"},"potentialAction":[{"@type":"SearchAction","target":{"@type":"EntryPoint","urlTemplate":"https:\/\/www.koonings.com\/de\/?s={search_term_string}"},"query-input":{"@type":"PropertyValueSpecification","valueRequired":true,"valueName":"search_term_string"}}],"inLanguage":"de"},{"@type":"Organization","@id":"https:\/\/www.koonings.com\/de\/#organization","name":"Koonings","url":"https:\/\/www.koonings.com\/de\/","logo":{"@type":"ImageObject","inLanguage":"de","@id":"https:\/\/www.koonings.com\/de\/#\/schema\/logo\/image\/","url":"https:\/\/www.koonings.com\/wp-content\/uploads\/2024\/07\/logo.png","contentUrl":"https:\/\/www.koonings.com\/wp-content\/uploads\/2024\/07\/logo.png","width":600,"height":428,"caption":"Koonings"},"image":{"@id":"https:\/\/www.koonings.com\/de\/#\/schema\/logo\/image\/"},"sameAs":["https:\/\/www.facebook.com\/kooningstheweddingpalace","https:\/\/www.instagram.com\/kooningstheweddingpalace","https:\/\/www.pinterest.com\/koonings","https:\/\/www.youtube.com\/kooningstheweddingpalace"]}]}},"_links":{"self":[{"href":"https:\/\/www.koonings.com\/de\/wp-json\/wp\/v2\/product\/59121","targetHints":{"allow":["GET"]}}],"collection":[{"href":"https:\/\/www.koonings.com\/de\/wp-json\/wp\/v2\/product"}],"about":[{"href":"https:\/\/www.koonings.com\/de\/wp-json\/wp\/v2\/types\/product"}],"wp:featuredmedia":[{"embeddable":true,"href":"https:\/\/www.koonings.com\/de\/wp-json\/wp\/v2\/media\/49830"}],"wp:attachment":[{"href":"https:\/\/www.koonings.com\/de\/wp-json\/wp\/v2\/media?parent=59121"}],"wp:term":[{"taxonomy":"productdetails","embeddable":true,"href":"https:\/\/www.koonings.com\/de\/wp-json\/wp\/v2\/productdetails?post=59121"},{"taxonomy":"productneck","embeddable":true,"href":"https:\/\/www.koonings.com\/de\/wp-json\/wp\/v2\/productneck?post=59121"},{"taxonomy":"productcolor","embeddable":true,"href":"https:\/\/www.koonings.com\/de\/wp-json\/wp\/v2\/productcolor?post=59121"},{"taxonomy":"maat","embeddable":true,"href":"https:\/\/www.koonings.com\/de\/wp-json\/wp\/v2\/maat?post=59121"},{"taxonomy":"productsupplier","embeddable":true,"href":"https:\/\/www.koonings.com\/de\/wp-json\/wp\/v2\/productsupplier?post=59121"},{"taxonomy":"productsleeve","embeddable":true,"href":"https:\/\/www.koonings.com\/de\/wp-json\/wp\/v2\/productsleeve?post=59121"},{"taxonomy":"productcategory","embeddable":true,"href":"https:\/\/www.koonings.com\/de\/wp-json\/wp\/v2\/productcategory?post=59121"},{"taxonomy":"productsilhouette","embeddable":true,"href":"https:\/\/www.koonings.com\/de\/wp-json\/wp\/v2\/productsilhouette?post=59121"},{"taxonomy":"productstyle","embeddable":true,"href":"https:\/\/www.koonings.com\/de\/wp-json\/wp\/v2\/productstyle?post=59121"}],"curies":[{"name":"wp","href":"https:\/\/api.w.org\/{rel}","templated":true}]}}