{"id":59119,"date":"2026-05-06T15:26:06","date_gmt":"2026-05-06T13:26:06","guid":{"rendered":"https:\/\/www.koonings.com\/product\/pronovias-fashion-group-offra-pr125dz2\/"},"modified":"2025-06-05T13:28:14","modified_gmt":"2025-06-05T11:28:14","slug":"pronovias-fashion-group-offra-pr125dz2","status":"publish","type":"product","link":"https:\/\/www.koonings.com\/de\/product\/pronovias-fashion-group-offra-pr125dz2\/","title":{"rendered":"Pronovias Fashion Group Offra PR125DZ2"},"content":{"rendered":"<p>OFFRA ist ebenso romantisch wie modern. Das vollst\u00e4ndig aus Chantilly gefertigte Modell zeichnet sich durch einen schmeichelhaften Neckholder aus, der den R\u00fccken vollst\u00e4ndig freil\u00e4sst, sowie durch einen Meerjungfrauenrock, der die Figur der Braut mit unvergleichlichem Charme betont und hervorhebt. <\/p>\n","protected":false},"featured_media":49914,"template":"","meta":{"_acf_changed":false,"ghostkit_customizer_options":"","ghostkit_custom_css":"","ghostkit_custom_js_head":"","ghostkit_custom_js_foot":"","ghostkit_typography":""},"productdetails":[376],"productneck":[350],"productcolor":[393,392],"maat":[],"productsupplier":[430],"productsleeve":[360],"productcategory":[18],"productsilhouette":[387],"productstyle":[369],"class_list":["post-59119","product","type-product","status-publish","has-post-thumbnail","hentry","productdetails-376","productneck-350","productcolor-393","productcolor-392","productsupplier-pronovias-fashion-group","productsleeve-360","productcategory-trouwjurken","productsilhouette-387","productstyle-369"],"acf":[],"yoast_head":"<!-- This site is optimized with the Yoast SEO plugin v27.3 - https:\/\/yoast.com\/product\/yoast-seo-wordpress\/ -->\n<title>Pronovias Fashion Group Offra PR125DZ2 | Koonings<\/title>\n<meta name=\"description\" content=\"OFFRA ist ebenso romantisch wie modern. Das vollst\u00e4ndig aus Chantilly gefertigte Modell zeichnet sich durch einen schmeichelhaften Neckholder aus, der den R\u00fccken vollst\u00e4ndig freil\u00e4sst, sowie durch einen Meerjungfrauenrock, der die Figur der Braut mit unvergleichlichem Charme betont und hervorhebt.\" \/>\n<meta name=\"robots\" content=\"index, follow, max-snippet:-1, max-image-preview:large, max-video-preview:-1\" \/>\n<link rel=\"canonical\" href=\"https:\/\/www.koonings.com\/de\/product\/pronovias-fashion-group-offra-pr125dz2\/\" \/>\n<meta property=\"og:locale\" content=\"de_DE\" \/>\n<meta property=\"og:type\" content=\"article\" \/>\n<meta property=\"og:title\" content=\"Pronovias Fashion Group Offra PR125DZ2 | Koonings\" \/>\n<meta property=\"og:description\" content=\"OFFRA ist ebenso romantisch wie modern. Das vollst\u00e4ndig aus Chantilly gefertigte Modell zeichnet sich durch einen schmeichelhaften Neckholder aus, der den R\u00fccken vollst\u00e4ndig freil\u00e4sst, sowie durch einen Meerjungfrauenrock, der die Figur der Braut mit unvergleichlichem Charme betont und hervorhebt.\" \/>\n<meta property=\"og:url\" content=\"https:\/\/www.koonings.com\/de\/product\/pronovias-fashion-group-offra-pr125dz2\/\" \/>\n<meta property=\"og:site_name\" content=\"Koonings\" \/>\n<meta property=\"article:publisher\" content=\"https:\/\/www.facebook.com\/kooningstheweddingpalace\" \/>\n<meta property=\"og:image\" content=\"https:\/\/www.koonings.com\/wp-content\/uploads\/2024\/11\/41066_89e7ed6c879b11c1f2d7644019f5cca93e8fa05a00c7a90ad794f2ec5713a492d35d14fd.jpeg\" \/>\n\t<meta property=\"og:image:width\" content=\"1471\" \/>\n\t<meta property=\"og:image:height\" content=\"2079\" \/>\n\t<meta property=\"og:image:type\" content=\"image\/jpeg\" \/>\n<meta name=\"twitter:card\" content=\"summary_large_image\" \/>\n<script type=\"application\/ld+json\" class=\"yoast-schema-graph\">{\"@context\":\"https:\\\/\\\/schema.org\",\"@graph\":[{\"@type\":\"WebPage\",\"@id\":\"https:\\\/\\\/www.koonings.com\\\/de\\\/product\\\/pronovias-fashion-group-offra-pr125dz2\\\/\",\"url\":\"https:\\\/\\\/www.koonings.com\\\/de\\\/product\\\/pronovias-fashion-group-offra-pr125dz2\\\/\",\"name\":\"Pronovias Fashion Group Offra PR125DZ2 | Koonings\",\"isPartOf\":{\"@id\":\"https:\\\/\\\/www.koonings.com\\\/de\\\/#website\"},\"primaryImageOfPage\":{\"@id\":\"https:\\\/\\\/www.koonings.com\\\/de\\\/product\\\/pronovias-fashion-group-offra-pr125dz2\\\/#primaryimage\"},\"image\":{\"@id\":\"https:\\\/\\\/www.koonings.com\\\/de\\\/product\\\/pronovias-fashion-group-offra-pr125dz2\\\/#primaryimage\"},\"thumbnailUrl\":\"https:\\\/\\\/www.koonings.com\\\/wp-content\\\/uploads\\\/2024\\\/11\\\/41066_89e7ed6c879b11c1f2d7644019f5cca93e8fa05a00c7a90ad794f2ec5713a492d35d14fd.jpeg\",\"datePublished\":\"2026-05-06T13:26:06+00:00\",\"description\":\"OFFRA ist ebenso romantisch wie modern. Das vollst\u00e4ndig aus Chantilly gefertigte Modell zeichnet sich durch einen schmeichelhaften Neckholder aus, der den R\u00fccken vollst\u00e4ndig freil\u00e4sst, sowie durch einen Meerjungfrauenrock, der die Figur der Braut mit unvergleichlichem Charme betont und hervorhebt.\",\"breadcrumb\":{\"@id\":\"https:\\\/\\\/www.koonings.com\\\/de\\\/product\\\/pronovias-fashion-group-offra-pr125dz2\\\/#breadcrumb\"},\"inLanguage\":\"de\",\"potentialAction\":[{\"@type\":\"ReadAction\",\"target\":[\"https:\\\/\\\/www.koonings.com\\\/de\\\/product\\\/pronovias-fashion-group-offra-pr125dz2\\\/\"]}]},{\"@type\":\"ImageObject\",\"inLanguage\":\"de\",\"@id\":\"https:\\\/\\\/www.koonings.com\\\/de\\\/product\\\/pronovias-fashion-group-offra-pr125dz2\\\/#primaryimage\",\"url\":\"https:\\\/\\\/www.koonings.com\\\/wp-content\\\/uploads\\\/2024\\\/11\\\/41066_89e7ed6c879b11c1f2d7644019f5cca93e8fa05a00c7a90ad794f2ec5713a492d35d14fd.jpeg\",\"contentUrl\":\"https:\\\/\\\/www.koonings.com\\\/wp-content\\\/uploads\\\/2024\\\/11\\\/41066_89e7ed6c879b11c1f2d7644019f5cca93e8fa05a00c7a90ad794f2ec5713a492d35d14fd.jpeg\",\"width\":1471,\"height\":2079},{\"@type\":\"BreadcrumbList\",\"@id\":\"https:\\\/\\\/www.koonings.com\\\/de\\\/product\\\/pronovias-fashion-group-offra-pr125dz2\\\/#breadcrumb\",\"itemListElement\":[{\"@type\":\"ListItem\",\"position\":1,\"name\":\"Home\",\"item\":\"https:\\\/\\\/www.koonings.com\\\/de\\\/\"},{\"@type\":\"ListItem\",\"position\":2,\"name\":\"Pronovias Fashion Group Offra PR125DZ2\"}]},{\"@type\":\"WebSite\",\"@id\":\"https:\\\/\\\/www.koonings.com\\\/de\\\/#website\",\"url\":\"https:\\\/\\\/www.koonings.com\\\/de\\\/\",\"name\":\"Koonings\",\"description\":\"De grootste bruidsmodewinkel ter wereld\",\"publisher\":{\"@id\":\"https:\\\/\\\/www.koonings.com\\\/de\\\/#organization\"},\"potentialAction\":[{\"@type\":\"SearchAction\",\"target\":{\"@type\":\"EntryPoint\",\"urlTemplate\":\"https:\\\/\\\/www.koonings.com\\\/de\\\/?s={search_term_string}\"},\"query-input\":{\"@type\":\"PropertyValueSpecification\",\"valueRequired\":true,\"valueName\":\"search_term_string\"}}],\"inLanguage\":\"de\"},{\"@type\":\"Organization\",\"@id\":\"https:\\\/\\\/www.koonings.com\\\/de\\\/#organization\",\"name\":\"Koonings\",\"url\":\"https:\\\/\\\/www.koonings.com\\\/de\\\/\",\"logo\":{\"@type\":\"ImageObject\",\"inLanguage\":\"de\",\"@id\":\"https:\\\/\\\/www.koonings.com\\\/de\\\/#\\\/schema\\\/logo\\\/image\\\/\",\"url\":\"https:\\\/\\\/www.koonings.com\\\/wp-content\\\/uploads\\\/2024\\\/07\\\/logo.png\",\"contentUrl\":\"https:\\\/\\\/www.koonings.com\\\/wp-content\\\/uploads\\\/2024\\\/07\\\/logo.png\",\"width\":600,\"height\":428,\"caption\":\"Koonings\"},\"image\":{\"@id\":\"https:\\\/\\\/www.koonings.com\\\/de\\\/#\\\/schema\\\/logo\\\/image\\\/\"},\"sameAs\":[\"https:\\\/\\\/www.facebook.com\\\/kooningstheweddingpalace\",\"https:\\\/\\\/www.instagram.com\\\/kooningstheweddingpalace\",\"https:\\\/\\\/www.pinterest.com\\\/koonings\",\"https:\\\/\\\/www.youtube.com\\\/kooningstheweddingpalace\"]}]}<\/script>\n<!-- \/ Yoast SEO plugin. -->","yoast_head_json":{"title":"Pronovias Fashion Group Offra PR125DZ2 | Koonings","description":"OFFRA ist ebenso romantisch wie modern. Das vollst\u00e4ndig aus Chantilly gefertigte Modell zeichnet sich durch einen schmeichelhaften Neckholder aus, der den R\u00fccken vollst\u00e4ndig freil\u00e4sst, sowie durch einen Meerjungfrauenrock, der die Figur der Braut mit unvergleichlichem Charme betont und hervorhebt.","robots":{"index":"index","follow":"follow","max-snippet":"max-snippet:-1","max-image-preview":"max-image-preview:large","max-video-preview":"max-video-preview:-1"},"canonical":"https:\/\/www.koonings.com\/de\/product\/pronovias-fashion-group-offra-pr125dz2\/","og_locale":"de_DE","og_type":"article","og_title":"Pronovias Fashion Group Offra PR125DZ2 | Koonings","og_description":"OFFRA ist ebenso romantisch wie modern. Das vollst\u00e4ndig aus Chantilly gefertigte Modell zeichnet sich durch einen schmeichelhaften Neckholder aus, der den R\u00fccken vollst\u00e4ndig freil\u00e4sst, sowie durch einen Meerjungfrauenrock, der die Figur der Braut mit unvergleichlichem Charme betont und hervorhebt.","og_url":"https:\/\/www.koonings.com\/de\/product\/pronovias-fashion-group-offra-pr125dz2\/","og_site_name":"Koonings","article_publisher":"https:\/\/www.facebook.com\/kooningstheweddingpalace","og_image":[{"width":1471,"height":2079,"url":"https:\/\/www.koonings.com\/wp-content\/uploads\/2024\/11\/41066_89e7ed6c879b11c1f2d7644019f5cca93e8fa05a00c7a90ad794f2ec5713a492d35d14fd.jpeg","type":"image\/jpeg"}],"twitter_card":"summary_large_image","schema":{"@context":"https:\/\/schema.org","@graph":[{"@type":"WebPage","@id":"https:\/\/www.koonings.com\/de\/product\/pronovias-fashion-group-offra-pr125dz2\/","url":"https:\/\/www.koonings.com\/de\/product\/pronovias-fashion-group-offra-pr125dz2\/","name":"Pronovias Fashion Group Offra PR125DZ2 | Koonings","isPartOf":{"@id":"https:\/\/www.koonings.com\/de\/#website"},"primaryImageOfPage":{"@id":"https:\/\/www.koonings.com\/de\/product\/pronovias-fashion-group-offra-pr125dz2\/#primaryimage"},"image":{"@id":"https:\/\/www.koonings.com\/de\/product\/pronovias-fashion-group-offra-pr125dz2\/#primaryimage"},"thumbnailUrl":"https:\/\/www.koonings.com\/wp-content\/uploads\/2024\/11\/41066_89e7ed6c879b11c1f2d7644019f5cca93e8fa05a00c7a90ad794f2ec5713a492d35d14fd.jpeg","datePublished":"2026-05-06T13:26:06+00:00","description":"OFFRA ist ebenso romantisch wie modern. Das vollst\u00e4ndig aus Chantilly gefertigte Modell zeichnet sich durch einen schmeichelhaften Neckholder aus, der den R\u00fccken vollst\u00e4ndig freil\u00e4sst, sowie durch einen Meerjungfrauenrock, der die Figur der Braut mit unvergleichlichem Charme betont und hervorhebt.","breadcrumb":{"@id":"https:\/\/www.koonings.com\/de\/product\/pronovias-fashion-group-offra-pr125dz2\/#breadcrumb"},"inLanguage":"de","potentialAction":[{"@type":"ReadAction","target":["https:\/\/www.koonings.com\/de\/product\/pronovias-fashion-group-offra-pr125dz2\/"]}]},{"@type":"ImageObject","inLanguage":"de","@id":"https:\/\/www.koonings.com\/de\/product\/pronovias-fashion-group-offra-pr125dz2\/#primaryimage","url":"https:\/\/www.koonings.com\/wp-content\/uploads\/2024\/11\/41066_89e7ed6c879b11c1f2d7644019f5cca93e8fa05a00c7a90ad794f2ec5713a492d35d14fd.jpeg","contentUrl":"https:\/\/www.koonings.com\/wp-content\/uploads\/2024\/11\/41066_89e7ed6c879b11c1f2d7644019f5cca93e8fa05a00c7a90ad794f2ec5713a492d35d14fd.jpeg","width":1471,"height":2079},{"@type":"BreadcrumbList","@id":"https:\/\/www.koonings.com\/de\/product\/pronovias-fashion-group-offra-pr125dz2\/#breadcrumb","itemListElement":[{"@type":"ListItem","position":1,"name":"Home","item":"https:\/\/www.koonings.com\/de\/"},{"@type":"ListItem","position":2,"name":"Pronovias Fashion Group Offra PR125DZ2"}]},{"@type":"WebSite","@id":"https:\/\/www.koonings.com\/de\/#website","url":"https:\/\/www.koonings.com\/de\/","name":"Koonings","description":"De grootste bruidsmodewinkel ter wereld","publisher":{"@id":"https:\/\/www.koonings.com\/de\/#organization"},"potentialAction":[{"@type":"SearchAction","target":{"@type":"EntryPoint","urlTemplate":"https:\/\/www.koonings.com\/de\/?s={search_term_string}"},"query-input":{"@type":"PropertyValueSpecification","valueRequired":true,"valueName":"search_term_string"}}],"inLanguage":"de"},{"@type":"Organization","@id":"https:\/\/www.koonings.com\/de\/#organization","name":"Koonings","url":"https:\/\/www.koonings.com\/de\/","logo":{"@type":"ImageObject","inLanguage":"de","@id":"https:\/\/www.koonings.com\/de\/#\/schema\/logo\/image\/","url":"https:\/\/www.koonings.com\/wp-content\/uploads\/2024\/07\/logo.png","contentUrl":"https:\/\/www.koonings.com\/wp-content\/uploads\/2024\/07\/logo.png","width":600,"height":428,"caption":"Koonings"},"image":{"@id":"https:\/\/www.koonings.com\/de\/#\/schema\/logo\/image\/"},"sameAs":["https:\/\/www.facebook.com\/kooningstheweddingpalace","https:\/\/www.instagram.com\/kooningstheweddingpalace","https:\/\/www.pinterest.com\/koonings","https:\/\/www.youtube.com\/kooningstheweddingpalace"]}]}},"_links":{"self":[{"href":"https:\/\/www.koonings.com\/de\/wp-json\/wp\/v2\/product\/59119","targetHints":{"allow":["GET"]}}],"collection":[{"href":"https:\/\/www.koonings.com\/de\/wp-json\/wp\/v2\/product"}],"about":[{"href":"https:\/\/www.koonings.com\/de\/wp-json\/wp\/v2\/types\/product"}],"wp:featuredmedia":[{"embeddable":true,"href":"https:\/\/www.koonings.com\/de\/wp-json\/wp\/v2\/media\/49914"}],"wp:attachment":[{"href":"https:\/\/www.koonings.com\/de\/wp-json\/wp\/v2\/media?parent=59119"}],"wp:term":[{"taxonomy":"productdetails","embeddable":true,"href":"https:\/\/www.koonings.com\/de\/wp-json\/wp\/v2\/productdetails?post=59119"},{"taxonomy":"productneck","embeddable":true,"href":"https:\/\/www.koonings.com\/de\/wp-json\/wp\/v2\/productneck?post=59119"},{"taxonomy":"productcolor","embeddable":true,"href":"https:\/\/www.koonings.com\/de\/wp-json\/wp\/v2\/productcolor?post=59119"},{"taxonomy":"maat","embeddable":true,"href":"https:\/\/www.koonings.com\/de\/wp-json\/wp\/v2\/maat?post=59119"},{"taxonomy":"productsupplier","embeddable":true,"href":"https:\/\/www.koonings.com\/de\/wp-json\/wp\/v2\/productsupplier?post=59119"},{"taxonomy":"productsleeve","embeddable":true,"href":"https:\/\/www.koonings.com\/de\/wp-json\/wp\/v2\/productsleeve?post=59119"},{"taxonomy":"productcategory","embeddable":true,"href":"https:\/\/www.koonings.com\/de\/wp-json\/wp\/v2\/productcategory?post=59119"},{"taxonomy":"productsilhouette","embeddable":true,"href":"https:\/\/www.koonings.com\/de\/wp-json\/wp\/v2\/productsilhouette?post=59119"},{"taxonomy":"productstyle","embeddable":true,"href":"https:\/\/www.koonings.com\/de\/wp-json\/wp\/v2\/productstyle?post=59119"}],"curies":[{"name":"wp","href":"https:\/\/api.w.org\/{rel}","templated":true}]}}