{"id":59116,"date":"2026-05-06T15:26:06","date_gmt":"2026-05-06T13:26:06","guid":{"rendered":"https:\/\/www.koonings.com\/product\/st-patrick-lover-st125bs1\/"},"modified":"2026-02-16T14:41:50","modified_gmt":"2026-02-16T13:41:50","slug":"st-patrick-lover-st125bs1","status":"publish","type":"product","link":"https:\/\/www.koonings.com\/de\/product\/st-patrick-lover-st125bs1\/","title":{"rendered":"St. Patrick Liebhaber ST125BS1"},"content":{"rendered":"<p>LOVER ist ein Kleid mit einer romantischen Ausstrahlung, die eines M\u00e4rchens w\u00fcrdig ist. Dieses A-Linien-Design zeichnet sich durch ein verst\u00e4rktes, korsettartiges Mieder mit einem angedeuteten, durchsichtigen Detail in der Mitte des Oberk\u00f6rpers, einen wundersch\u00f6nen T\u00fcllrock, der anmutig \u00fcber die Figur f\u00e4llt, und erhabene, bestickte Spitzendetails an der oberen H\u00e4lfte des Kleides und an den zarten d\u00fcnnen Tr\u00e4gern aus. <\/p>\n","protected":false},"featured_media":49893,"template":"","meta":{"_acf_changed":false,"ghostkit_customizer_options":"","ghostkit_custom_css":"","ghostkit_custom_js_head":"","ghostkit_custom_js_foot":"","ghostkit_typography":""},"productdetails":[],"productneck":[],"productcolor":[],"maat":[],"productsupplier":[415],"productsleeve":[],"productcategory":[18],"productsilhouette":[],"productstyle":[366],"class_list":["post-59116","product","type-product","status-publish","has-post-thumbnail","hentry","productsupplier-st-patrick","productcategory-trouwjurken","productstyle-366"],"acf":[],"yoast_head":"<!-- This site is optimized with the Yoast SEO plugin v27.3 - https:\/\/yoast.com\/product\/yoast-seo-wordpress\/ -->\n<title>St. Patrick Liebhaber ST125BS1 | Koonings<\/title>\n<meta name=\"description\" content=\"LOVER ist ein Kleid mit einer romantischen Ausstrahlung, die eines M\u00e4rchens w\u00fcrdig ist. Dieses A-Linien-Design zeichnet sich durch ein verst\u00e4rktes, korsettartiges Mieder mit einem angedeuteten, durchsichtigen Detail in der Mitte des Oberk\u00f6rpers, einen wundersch\u00f6nen T\u00fcllrock, der anmutig \u00fcber die Figur f\u00e4llt, und erhabene, bestickte Spitzendetails an der oberen H\u00e4lfte des Kleides und an den zarten d\u00fcnnen Tr\u00e4gern aus.\" \/>\n<meta name=\"robots\" content=\"index, follow, max-snippet:-1, max-image-preview:large, max-video-preview:-1\" \/>\n<link rel=\"canonical\" href=\"https:\/\/www.koonings.com\/de\/product\/st-patrick-lover-st125bs1\/\" \/>\n<meta property=\"og:locale\" content=\"de_DE\" \/>\n<meta property=\"og:type\" content=\"article\" \/>\n<meta property=\"og:title\" content=\"St. Patrick Liebhaber ST125BS1 | Koonings\" \/>\n<meta property=\"og:description\" content=\"LOVER ist ein Kleid mit einer romantischen Ausstrahlung, die eines M\u00e4rchens w\u00fcrdig ist. Dieses A-Linien-Design zeichnet sich durch ein verst\u00e4rktes, korsettartiges Mieder mit einem angedeuteten, durchsichtigen Detail in der Mitte des Oberk\u00f6rpers, einen wundersch\u00f6nen T\u00fcllrock, der anmutig \u00fcber die Figur f\u00e4llt, und erhabene, bestickte Spitzendetails an der oberen H\u00e4lfte des Kleides und an den zarten d\u00fcnnen Tr\u00e4gern aus.\" \/>\n<meta property=\"og:url\" content=\"https:\/\/www.koonings.com\/de\/product\/st-patrick-lover-st125bs1\/\" \/>\n<meta property=\"og:site_name\" content=\"Koonings\" \/>\n<meta property=\"article:publisher\" content=\"https:\/\/www.facebook.com\/kooningstheweddingpalace\" \/>\n<meta property=\"og:image\" content=\"https:\/\/www.koonings.com\/wp-content\/uploads\/2024\/11\/41065_b587b84407ef92834112231bee159f0fc3a37c990fdbdd76adfdaa04fa2e3ea44c1eac71-scaled.jpeg\" \/>\n\t<meta property=\"og:image:width\" content=\"1808\" \/>\n\t<meta property=\"og:image:height\" content=\"2560\" \/>\n\t<meta property=\"og:image:type\" content=\"image\/jpeg\" \/>\n<meta name=\"twitter:card\" content=\"summary_large_image\" \/>\n<script type=\"application\/ld+json\" class=\"yoast-schema-graph\">{\"@context\":\"https:\\\/\\\/schema.org\",\"@graph\":[{\"@type\":\"WebPage\",\"@id\":\"https:\\\/\\\/www.koonings.com\\\/de\\\/product\\\/st-patrick-lover-st125bs1\\\/\",\"url\":\"https:\\\/\\\/www.koonings.com\\\/de\\\/product\\\/st-patrick-lover-st125bs1\\\/\",\"name\":\"St. Patrick Liebhaber ST125BS1 | Koonings\",\"isPartOf\":{\"@id\":\"https:\\\/\\\/www.koonings.com\\\/de\\\/#website\"},\"primaryImageOfPage\":{\"@id\":\"https:\\\/\\\/www.koonings.com\\\/de\\\/product\\\/st-patrick-lover-st125bs1\\\/#primaryimage\"},\"image\":{\"@id\":\"https:\\\/\\\/www.koonings.com\\\/de\\\/product\\\/st-patrick-lover-st125bs1\\\/#primaryimage\"},\"thumbnailUrl\":\"https:\\\/\\\/www.koonings.com\\\/wp-content\\\/uploads\\\/2024\\\/11\\\/41065_b587b84407ef92834112231bee159f0fc3a37c990fdbdd76adfdaa04fa2e3ea44c1eac71-scaled.jpeg\",\"datePublished\":\"2026-05-06T13:26:06+00:00\",\"description\":\"LOVER ist ein Kleid mit einer romantischen Ausstrahlung, die eines M\u00e4rchens w\u00fcrdig ist. Dieses A-Linien-Design zeichnet sich durch ein verst\u00e4rktes, korsettartiges Mieder mit einem angedeuteten, durchsichtigen Detail in der Mitte des Oberk\u00f6rpers, einen wundersch\u00f6nen T\u00fcllrock, der anmutig \u00fcber die Figur f\u00e4llt, und erhabene, bestickte Spitzendetails an der oberen H\u00e4lfte des Kleides und an den zarten d\u00fcnnen Tr\u00e4gern aus.\",\"breadcrumb\":{\"@id\":\"https:\\\/\\\/www.koonings.com\\\/de\\\/product\\\/st-patrick-lover-st125bs1\\\/#breadcrumb\"},\"inLanguage\":\"de\",\"potentialAction\":[{\"@type\":\"ReadAction\",\"target\":[\"https:\\\/\\\/www.koonings.com\\\/de\\\/product\\\/st-patrick-lover-st125bs1\\\/\"]}]},{\"@type\":\"ImageObject\",\"inLanguage\":\"de\",\"@id\":\"https:\\\/\\\/www.koonings.com\\\/de\\\/product\\\/st-patrick-lover-st125bs1\\\/#primaryimage\",\"url\":\"https:\\\/\\\/www.koonings.com\\\/wp-content\\\/uploads\\\/2024\\\/11\\\/41065_b587b84407ef92834112231bee159f0fc3a37c990fdbdd76adfdaa04fa2e3ea44c1eac71-scaled.jpeg\",\"contentUrl\":\"https:\\\/\\\/www.koonings.com\\\/wp-content\\\/uploads\\\/2024\\\/11\\\/41065_b587b84407ef92834112231bee159f0fc3a37c990fdbdd76adfdaa04fa2e3ea44c1eac71-scaled.jpeg\",\"width\":1808,\"height\":2560},{\"@type\":\"BreadcrumbList\",\"@id\":\"https:\\\/\\\/www.koonings.com\\\/de\\\/product\\\/st-patrick-lover-st125bs1\\\/#breadcrumb\",\"itemListElement\":[{\"@type\":\"ListItem\",\"position\":1,\"name\":\"Home\",\"item\":\"https:\\\/\\\/www.koonings.com\\\/de\\\/\"},{\"@type\":\"ListItem\",\"position\":2,\"name\":\"St. Patrick Liebhaber ST125BS1\"}]},{\"@type\":\"WebSite\",\"@id\":\"https:\\\/\\\/www.koonings.com\\\/de\\\/#website\",\"url\":\"https:\\\/\\\/www.koonings.com\\\/de\\\/\",\"name\":\"Koonings\",\"description\":\"De grootste bruidsmodewinkel ter wereld\",\"publisher\":{\"@id\":\"https:\\\/\\\/www.koonings.com\\\/de\\\/#organization\"},\"potentialAction\":[{\"@type\":\"SearchAction\",\"target\":{\"@type\":\"EntryPoint\",\"urlTemplate\":\"https:\\\/\\\/www.koonings.com\\\/de\\\/?s={search_term_string}\"},\"query-input\":{\"@type\":\"PropertyValueSpecification\",\"valueRequired\":true,\"valueName\":\"search_term_string\"}}],\"inLanguage\":\"de\"},{\"@type\":\"Organization\",\"@id\":\"https:\\\/\\\/www.koonings.com\\\/de\\\/#organization\",\"name\":\"Koonings\",\"url\":\"https:\\\/\\\/www.koonings.com\\\/de\\\/\",\"logo\":{\"@type\":\"ImageObject\",\"inLanguage\":\"de\",\"@id\":\"https:\\\/\\\/www.koonings.com\\\/de\\\/#\\\/schema\\\/logo\\\/image\\\/\",\"url\":\"https:\\\/\\\/www.koonings.com\\\/wp-content\\\/uploads\\\/2024\\\/07\\\/logo.png\",\"contentUrl\":\"https:\\\/\\\/www.koonings.com\\\/wp-content\\\/uploads\\\/2024\\\/07\\\/logo.png\",\"width\":600,\"height\":428,\"caption\":\"Koonings\"},\"image\":{\"@id\":\"https:\\\/\\\/www.koonings.com\\\/de\\\/#\\\/schema\\\/logo\\\/image\\\/\"},\"sameAs\":[\"https:\\\/\\\/www.facebook.com\\\/kooningstheweddingpalace\",\"https:\\\/\\\/www.instagram.com\\\/kooningstheweddingpalace\",\"https:\\\/\\\/www.pinterest.com\\\/koonings\",\"https:\\\/\\\/www.youtube.com\\\/kooningstheweddingpalace\"]}]}<\/script>\n<!-- \/ Yoast SEO plugin. -->","yoast_head_json":{"title":"St. Patrick Liebhaber ST125BS1 | Koonings","description":"LOVER ist ein Kleid mit einer romantischen Ausstrahlung, die eines M\u00e4rchens w\u00fcrdig ist. Dieses A-Linien-Design zeichnet sich durch ein verst\u00e4rktes, korsettartiges Mieder mit einem angedeuteten, durchsichtigen Detail in der Mitte des Oberk\u00f6rpers, einen wundersch\u00f6nen T\u00fcllrock, der anmutig \u00fcber die Figur f\u00e4llt, und erhabene, bestickte Spitzendetails an der oberen H\u00e4lfte des Kleides und an den zarten d\u00fcnnen Tr\u00e4gern aus.","robots":{"index":"index","follow":"follow","max-snippet":"max-snippet:-1","max-image-preview":"max-image-preview:large","max-video-preview":"max-video-preview:-1"},"canonical":"https:\/\/www.koonings.com\/de\/product\/st-patrick-lover-st125bs1\/","og_locale":"de_DE","og_type":"article","og_title":"St. Patrick Liebhaber ST125BS1 | Koonings","og_description":"LOVER ist ein Kleid mit einer romantischen Ausstrahlung, die eines M\u00e4rchens w\u00fcrdig ist. Dieses A-Linien-Design zeichnet sich durch ein verst\u00e4rktes, korsettartiges Mieder mit einem angedeuteten, durchsichtigen Detail in der Mitte des Oberk\u00f6rpers, einen wundersch\u00f6nen T\u00fcllrock, der anmutig \u00fcber die Figur f\u00e4llt, und erhabene, bestickte Spitzendetails an der oberen H\u00e4lfte des Kleides und an den zarten d\u00fcnnen Tr\u00e4gern aus.","og_url":"https:\/\/www.koonings.com\/de\/product\/st-patrick-lover-st125bs1\/","og_site_name":"Koonings","article_publisher":"https:\/\/www.facebook.com\/kooningstheweddingpalace","og_image":[{"width":1808,"height":2560,"url":"https:\/\/www.koonings.com\/wp-content\/uploads\/2024\/11\/41065_b587b84407ef92834112231bee159f0fc3a37c990fdbdd76adfdaa04fa2e3ea44c1eac71-scaled.jpeg","type":"image\/jpeg"}],"twitter_card":"summary_large_image","schema":{"@context":"https:\/\/schema.org","@graph":[{"@type":"WebPage","@id":"https:\/\/www.koonings.com\/de\/product\/st-patrick-lover-st125bs1\/","url":"https:\/\/www.koonings.com\/de\/product\/st-patrick-lover-st125bs1\/","name":"St. Patrick Liebhaber ST125BS1 | Koonings","isPartOf":{"@id":"https:\/\/www.koonings.com\/de\/#website"},"primaryImageOfPage":{"@id":"https:\/\/www.koonings.com\/de\/product\/st-patrick-lover-st125bs1\/#primaryimage"},"image":{"@id":"https:\/\/www.koonings.com\/de\/product\/st-patrick-lover-st125bs1\/#primaryimage"},"thumbnailUrl":"https:\/\/www.koonings.com\/wp-content\/uploads\/2024\/11\/41065_b587b84407ef92834112231bee159f0fc3a37c990fdbdd76adfdaa04fa2e3ea44c1eac71-scaled.jpeg","datePublished":"2026-05-06T13:26:06+00:00","description":"LOVER ist ein Kleid mit einer romantischen Ausstrahlung, die eines M\u00e4rchens w\u00fcrdig ist. Dieses A-Linien-Design zeichnet sich durch ein verst\u00e4rktes, korsettartiges Mieder mit einem angedeuteten, durchsichtigen Detail in der Mitte des Oberk\u00f6rpers, einen wundersch\u00f6nen T\u00fcllrock, der anmutig \u00fcber die Figur f\u00e4llt, und erhabene, bestickte Spitzendetails an der oberen H\u00e4lfte des Kleides und an den zarten d\u00fcnnen Tr\u00e4gern aus.","breadcrumb":{"@id":"https:\/\/www.koonings.com\/de\/product\/st-patrick-lover-st125bs1\/#breadcrumb"},"inLanguage":"de","potentialAction":[{"@type":"ReadAction","target":["https:\/\/www.koonings.com\/de\/product\/st-patrick-lover-st125bs1\/"]}]},{"@type":"ImageObject","inLanguage":"de","@id":"https:\/\/www.koonings.com\/de\/product\/st-patrick-lover-st125bs1\/#primaryimage","url":"https:\/\/www.koonings.com\/wp-content\/uploads\/2024\/11\/41065_b587b84407ef92834112231bee159f0fc3a37c990fdbdd76adfdaa04fa2e3ea44c1eac71-scaled.jpeg","contentUrl":"https:\/\/www.koonings.com\/wp-content\/uploads\/2024\/11\/41065_b587b84407ef92834112231bee159f0fc3a37c990fdbdd76adfdaa04fa2e3ea44c1eac71-scaled.jpeg","width":1808,"height":2560},{"@type":"BreadcrumbList","@id":"https:\/\/www.koonings.com\/de\/product\/st-patrick-lover-st125bs1\/#breadcrumb","itemListElement":[{"@type":"ListItem","position":1,"name":"Home","item":"https:\/\/www.koonings.com\/de\/"},{"@type":"ListItem","position":2,"name":"St. Patrick Liebhaber ST125BS1"}]},{"@type":"WebSite","@id":"https:\/\/www.koonings.com\/de\/#website","url":"https:\/\/www.koonings.com\/de\/","name":"Koonings","description":"De grootste bruidsmodewinkel ter wereld","publisher":{"@id":"https:\/\/www.koonings.com\/de\/#organization"},"potentialAction":[{"@type":"SearchAction","target":{"@type":"EntryPoint","urlTemplate":"https:\/\/www.koonings.com\/de\/?s={search_term_string}"},"query-input":{"@type":"PropertyValueSpecification","valueRequired":true,"valueName":"search_term_string"}}],"inLanguage":"de"},{"@type":"Organization","@id":"https:\/\/www.koonings.com\/de\/#organization","name":"Koonings","url":"https:\/\/www.koonings.com\/de\/","logo":{"@type":"ImageObject","inLanguage":"de","@id":"https:\/\/www.koonings.com\/de\/#\/schema\/logo\/image\/","url":"https:\/\/www.koonings.com\/wp-content\/uploads\/2024\/07\/logo.png","contentUrl":"https:\/\/www.koonings.com\/wp-content\/uploads\/2024\/07\/logo.png","width":600,"height":428,"caption":"Koonings"},"image":{"@id":"https:\/\/www.koonings.com\/de\/#\/schema\/logo\/image\/"},"sameAs":["https:\/\/www.facebook.com\/kooningstheweddingpalace","https:\/\/www.instagram.com\/kooningstheweddingpalace","https:\/\/www.pinterest.com\/koonings","https:\/\/www.youtube.com\/kooningstheweddingpalace"]}]}},"_links":{"self":[{"href":"https:\/\/www.koonings.com\/de\/wp-json\/wp\/v2\/product\/59116","targetHints":{"allow":["GET"]}}],"collection":[{"href":"https:\/\/www.koonings.com\/de\/wp-json\/wp\/v2\/product"}],"about":[{"href":"https:\/\/www.koonings.com\/de\/wp-json\/wp\/v2\/types\/product"}],"wp:featuredmedia":[{"embeddable":true,"href":"https:\/\/www.koonings.com\/de\/wp-json\/wp\/v2\/media\/49893"}],"wp:attachment":[{"href":"https:\/\/www.koonings.com\/de\/wp-json\/wp\/v2\/media?parent=59116"}],"wp:term":[{"taxonomy":"productdetails","embeddable":true,"href":"https:\/\/www.koonings.com\/de\/wp-json\/wp\/v2\/productdetails?post=59116"},{"taxonomy":"productneck","embeddable":true,"href":"https:\/\/www.koonings.com\/de\/wp-json\/wp\/v2\/productneck?post=59116"},{"taxonomy":"productcolor","embeddable":true,"href":"https:\/\/www.koonings.com\/de\/wp-json\/wp\/v2\/productcolor?post=59116"},{"taxonomy":"maat","embeddable":true,"href":"https:\/\/www.koonings.com\/de\/wp-json\/wp\/v2\/maat?post=59116"},{"taxonomy":"productsupplier","embeddable":true,"href":"https:\/\/www.koonings.com\/de\/wp-json\/wp\/v2\/productsupplier?post=59116"},{"taxonomy":"productsleeve","embeddable":true,"href":"https:\/\/www.koonings.com\/de\/wp-json\/wp\/v2\/productsleeve?post=59116"},{"taxonomy":"productcategory","embeddable":true,"href":"https:\/\/www.koonings.com\/de\/wp-json\/wp\/v2\/productcategory?post=59116"},{"taxonomy":"productsilhouette","embeddable":true,"href":"https:\/\/www.koonings.com\/de\/wp-json\/wp\/v2\/productsilhouette?post=59116"},{"taxonomy":"productstyle","embeddable":true,"href":"https:\/\/www.koonings.com\/de\/wp-json\/wp\/v2\/productstyle?post=59116"}],"curies":[{"name":"wp","href":"https:\/\/api.w.org\/{rel}","templated":true}]}}