{"id":59108,"date":"2026-04-14T16:26:36","date_gmt":"2026-04-14T14:26:36","guid":{"rendered":"https:\/\/www.koonings.com\/product\/lohrengel-lb526\/"},"modified":"2025-06-05T13:28:16","modified_gmt":"2025-06-05T11:28:16","slug":"lohrengel-lb526","status":"publish","type":"product","link":"https:\/\/www.koonings.com\/de\/product\/lohrengel-lb526\/","title":{"rendered":"Fashion Queen Lohrengel Molly Monroe LB526"},"content":{"rendered":"<p>Das Lohrengel LB507 von Fashion Queen ist ein elegantes, flie\u00dfendes Hochzeitskleid, das Raffinesse und Stil ausstrahlt. Das Design betont auf subtile Weise die weiblichen Formen, w\u00e4hrend die luxuri\u00f6sen Stoffe sanft \u00fcber den K\u00f6rper fallen und f\u00fcr einen sch\u00f6nen, anmutigen Look sorgen. Dieses Kleid kombiniert zeitlose Eleganz mit moderner Schlichtheit, perfekt f\u00fcr die Braut, die einen schicken und doch bequemen Look sucht. Das Lohrengel LB507 bietet ein Gef\u00fchl von Leichtigkeit und Freiheit, so dass Sie sich den ganzen Tag lang sicher und sch\u00f6n f\u00fchlen.   <\/p>\n","protected":false},"featured_media":49952,"template":"","meta":{"_acf_changed":false,"ghostkit_customizer_options":"","ghostkit_custom_css":"","ghostkit_custom_js_head":"","ghostkit_custom_js_foot":"","ghostkit_typography":""},"productdetails":[],"productneck":[355],"productcolor":[392],"maat":[375],"productsupplier":[480],"productsleeve":[359],"productcategory":[18],"productsilhouette":[384,389],"productstyle":[365,366],"class_list":["post-59108","product","type-product","status-publish","has-post-thumbnail","hentry","productneck-355","productcolor-392","maat-375","productsupplier-fashion-queen","productsleeve-359","productcategory-trouwjurken","productsilhouette-384","productsilhouette-389","productstyle-365","productstyle-366"],"acf":[],"yoast_head":"<!-- This site is optimized with the Yoast SEO plugin v27.3 - https:\/\/yoast.com\/product\/yoast-seo-wordpress\/ -->\n<title>Fashion Queen Lohrengel Molly Monroe LB526 | Koonings<\/title>\n<meta name=\"description\" content=\"Das Lohrengel LB507 von Fashion Queen ist ein elegantes, flie\u00dfendes Hochzeitskleid, das Raffinesse und Stil ausstrahlt. Das Design betont auf subtile Weise die weiblichen Formen, w\u00e4hrend die luxuri\u00f6sen Stoffe sanft \u00fcber den K\u00f6rper fallen und f\u00fcr einen sch\u00f6nen, anmutigen Look sorgen. Dieses Kleid kombiniert zeitlose Eleganz mit moderner Schlichtheit, perfekt f\u00fcr die Braut, die einen schicken und doch bequemen Look sucht. Das Lohrengel LB507 bietet ein Gef\u00fchl von Leichtigkeit und Freiheit, so dass Sie sich den ganzen Tag lang sicher und sch\u00f6n f\u00fchlen.\" \/>\n<meta name=\"robots\" content=\"index, follow, max-snippet:-1, max-image-preview:large, max-video-preview:-1\" \/>\n<link rel=\"canonical\" href=\"https:\/\/www.koonings.com\/de\/product\/lohrengel-lb526\/\" \/>\n<meta property=\"og:locale\" content=\"de_DE\" \/>\n<meta property=\"og:type\" content=\"article\" \/>\n<meta property=\"og:title\" content=\"Fashion Queen Lohrengel Molly Monroe LB526 | Koonings\" \/>\n<meta property=\"og:description\" content=\"Das Lohrengel LB507 von Fashion Queen ist ein elegantes, flie\u00dfendes Hochzeitskleid, das Raffinesse und Stil ausstrahlt. Das Design betont auf subtile Weise die weiblichen Formen, w\u00e4hrend die luxuri\u00f6sen Stoffe sanft \u00fcber den K\u00f6rper fallen und f\u00fcr einen sch\u00f6nen, anmutigen Look sorgen. Dieses Kleid kombiniert zeitlose Eleganz mit moderner Schlichtheit, perfekt f\u00fcr die Braut, die einen schicken und doch bequemen Look sucht. Das Lohrengel LB507 bietet ein Gef\u00fchl von Leichtigkeit und Freiheit, so dass Sie sich den ganzen Tag lang sicher und sch\u00f6n f\u00fchlen.\" \/>\n<meta property=\"og:url\" content=\"https:\/\/www.koonings.com\/de\/product\/lohrengel-lb526\/\" \/>\n<meta property=\"og:site_name\" content=\"Koonings\" \/>\n<meta property=\"article:publisher\" content=\"https:\/\/www.facebook.com\/kooningstheweddingpalace\" \/>\n<meta property=\"og:image\" content=\"https:\/\/www.koonings.com\/wp-content\/uploads\/2024\/11\/41079_66f84ca5fbb15156d875a66043daffdf42a230b004b5d1b0d4e004cf6e8ff5debcd22ae8.jpeg\" \/>\n\t<meta property=\"og:image:width\" content=\"1219\" \/>\n\t<meta property=\"og:image:height\" content=\"1727\" \/>\n\t<meta property=\"og:image:type\" content=\"image\/jpeg\" \/>\n<meta name=\"twitter:card\" content=\"summary_large_image\" \/>\n<script type=\"application\/ld+json\" class=\"yoast-schema-graph\">{\"@context\":\"https:\\\/\\\/schema.org\",\"@graph\":[{\"@type\":\"WebPage\",\"@id\":\"https:\\\/\\\/www.koonings.com\\\/de\\\/product\\\/lohrengel-lb526\\\/\",\"url\":\"https:\\\/\\\/www.koonings.com\\\/de\\\/product\\\/lohrengel-lb526\\\/\",\"name\":\"Fashion Queen Lohrengel Molly Monroe LB526 | Koonings\",\"isPartOf\":{\"@id\":\"https:\\\/\\\/www.koonings.com\\\/de\\\/#website\"},\"primaryImageOfPage\":{\"@id\":\"https:\\\/\\\/www.koonings.com\\\/de\\\/product\\\/lohrengel-lb526\\\/#primaryimage\"},\"image\":{\"@id\":\"https:\\\/\\\/www.koonings.com\\\/de\\\/product\\\/lohrengel-lb526\\\/#primaryimage\"},\"thumbnailUrl\":\"https:\\\/\\\/www.koonings.com\\\/wp-content\\\/uploads\\\/2024\\\/11\\\/41079_66f84ca5fbb15156d875a66043daffdf42a230b004b5d1b0d4e004cf6e8ff5debcd22ae8.jpeg\",\"datePublished\":\"2026-04-14T14:26:36+00:00\",\"description\":\"Das Lohrengel LB507 von Fashion Queen ist ein elegantes, flie\u00dfendes Hochzeitskleid, das Raffinesse und Stil ausstrahlt. Das Design betont auf subtile Weise die weiblichen Formen, w\u00e4hrend die luxuri\u00f6sen Stoffe sanft \u00fcber den K\u00f6rper fallen und f\u00fcr einen sch\u00f6nen, anmutigen Look sorgen. Dieses Kleid kombiniert zeitlose Eleganz mit moderner Schlichtheit, perfekt f\u00fcr die Braut, die einen schicken und doch bequemen Look sucht. Das Lohrengel LB507 bietet ein Gef\u00fchl von Leichtigkeit und Freiheit, so dass Sie sich den ganzen Tag lang sicher und sch\u00f6n f\u00fchlen.\",\"breadcrumb\":{\"@id\":\"https:\\\/\\\/www.koonings.com\\\/de\\\/product\\\/lohrengel-lb526\\\/#breadcrumb\"},\"inLanguage\":\"de\",\"potentialAction\":[{\"@type\":\"ReadAction\",\"target\":[\"https:\\\/\\\/www.koonings.com\\\/de\\\/product\\\/lohrengel-lb526\\\/\"]}]},{\"@type\":\"ImageObject\",\"inLanguage\":\"de\",\"@id\":\"https:\\\/\\\/www.koonings.com\\\/de\\\/product\\\/lohrengel-lb526\\\/#primaryimage\",\"url\":\"https:\\\/\\\/www.koonings.com\\\/wp-content\\\/uploads\\\/2024\\\/11\\\/41079_66f84ca5fbb15156d875a66043daffdf42a230b004b5d1b0d4e004cf6e8ff5debcd22ae8.jpeg\",\"contentUrl\":\"https:\\\/\\\/www.koonings.com\\\/wp-content\\\/uploads\\\/2024\\\/11\\\/41079_66f84ca5fbb15156d875a66043daffdf42a230b004b5d1b0d4e004cf6e8ff5debcd22ae8.jpeg\",\"width\":1219,\"height\":1727},{\"@type\":\"BreadcrumbList\",\"@id\":\"https:\\\/\\\/www.koonings.com\\\/de\\\/product\\\/lohrengel-lb526\\\/#breadcrumb\",\"itemListElement\":[{\"@type\":\"ListItem\",\"position\":1,\"name\":\"Home\",\"item\":\"https:\\\/\\\/www.koonings.com\\\/de\\\/\"},{\"@type\":\"ListItem\",\"position\":2,\"name\":\"Fashion Queen Lohrengel Molly Monroe LB526\"}]},{\"@type\":\"WebSite\",\"@id\":\"https:\\\/\\\/www.koonings.com\\\/de\\\/#website\",\"url\":\"https:\\\/\\\/www.koonings.com\\\/de\\\/\",\"name\":\"Koonings\",\"description\":\"De grootste bruidsmodewinkel ter wereld\",\"publisher\":{\"@id\":\"https:\\\/\\\/www.koonings.com\\\/de\\\/#organization\"},\"potentialAction\":[{\"@type\":\"SearchAction\",\"target\":{\"@type\":\"EntryPoint\",\"urlTemplate\":\"https:\\\/\\\/www.koonings.com\\\/de\\\/?s={search_term_string}\"},\"query-input\":{\"@type\":\"PropertyValueSpecification\",\"valueRequired\":true,\"valueName\":\"search_term_string\"}}],\"inLanguage\":\"de\"},{\"@type\":\"Organization\",\"@id\":\"https:\\\/\\\/www.koonings.com\\\/de\\\/#organization\",\"name\":\"Koonings\",\"url\":\"https:\\\/\\\/www.koonings.com\\\/de\\\/\",\"logo\":{\"@type\":\"ImageObject\",\"inLanguage\":\"de\",\"@id\":\"https:\\\/\\\/www.koonings.com\\\/de\\\/#\\\/schema\\\/logo\\\/image\\\/\",\"url\":\"https:\\\/\\\/www.koonings.com\\\/wp-content\\\/uploads\\\/2024\\\/07\\\/logo.png\",\"contentUrl\":\"https:\\\/\\\/www.koonings.com\\\/wp-content\\\/uploads\\\/2024\\\/07\\\/logo.png\",\"width\":600,\"height\":428,\"caption\":\"Koonings\"},\"image\":{\"@id\":\"https:\\\/\\\/www.koonings.com\\\/de\\\/#\\\/schema\\\/logo\\\/image\\\/\"},\"sameAs\":[\"https:\\\/\\\/www.facebook.com\\\/kooningstheweddingpalace\",\"https:\\\/\\\/www.instagram.com\\\/kooningstheweddingpalace\",\"https:\\\/\\\/www.pinterest.com\\\/koonings\",\"https:\\\/\\\/www.youtube.com\\\/kooningstheweddingpalace\"]}]}<\/script>\n<!-- \/ Yoast SEO plugin. -->","yoast_head_json":{"title":"Fashion Queen Lohrengel Molly Monroe LB526 | Koonings","description":"Das Lohrengel LB507 von Fashion Queen ist ein elegantes, flie\u00dfendes Hochzeitskleid, das Raffinesse und Stil ausstrahlt. Das Design betont auf subtile Weise die weiblichen Formen, w\u00e4hrend die luxuri\u00f6sen Stoffe sanft \u00fcber den K\u00f6rper fallen und f\u00fcr einen sch\u00f6nen, anmutigen Look sorgen. Dieses Kleid kombiniert zeitlose Eleganz mit moderner Schlichtheit, perfekt f\u00fcr die Braut, die einen schicken und doch bequemen Look sucht. Das Lohrengel LB507 bietet ein Gef\u00fchl von Leichtigkeit und Freiheit, so dass Sie sich den ganzen Tag lang sicher und sch\u00f6n f\u00fchlen.","robots":{"index":"index","follow":"follow","max-snippet":"max-snippet:-1","max-image-preview":"max-image-preview:large","max-video-preview":"max-video-preview:-1"},"canonical":"https:\/\/www.koonings.com\/de\/product\/lohrengel-lb526\/","og_locale":"de_DE","og_type":"article","og_title":"Fashion Queen Lohrengel Molly Monroe LB526 | Koonings","og_description":"Das Lohrengel LB507 von Fashion Queen ist ein elegantes, flie\u00dfendes Hochzeitskleid, das Raffinesse und Stil ausstrahlt. Das Design betont auf subtile Weise die weiblichen Formen, w\u00e4hrend die luxuri\u00f6sen Stoffe sanft \u00fcber den K\u00f6rper fallen und f\u00fcr einen sch\u00f6nen, anmutigen Look sorgen. Dieses Kleid kombiniert zeitlose Eleganz mit moderner Schlichtheit, perfekt f\u00fcr die Braut, die einen schicken und doch bequemen Look sucht. Das Lohrengel LB507 bietet ein Gef\u00fchl von Leichtigkeit und Freiheit, so dass Sie sich den ganzen Tag lang sicher und sch\u00f6n f\u00fchlen.","og_url":"https:\/\/www.koonings.com\/de\/product\/lohrengel-lb526\/","og_site_name":"Koonings","article_publisher":"https:\/\/www.facebook.com\/kooningstheweddingpalace","og_image":[{"width":1219,"height":1727,"url":"https:\/\/www.koonings.com\/wp-content\/uploads\/2024\/11\/41079_66f84ca5fbb15156d875a66043daffdf42a230b004b5d1b0d4e004cf6e8ff5debcd22ae8.jpeg","type":"image\/jpeg"}],"twitter_card":"summary_large_image","schema":{"@context":"https:\/\/schema.org","@graph":[{"@type":"WebPage","@id":"https:\/\/www.koonings.com\/de\/product\/lohrengel-lb526\/","url":"https:\/\/www.koonings.com\/de\/product\/lohrengel-lb526\/","name":"Fashion Queen Lohrengel Molly Monroe LB526 | Koonings","isPartOf":{"@id":"https:\/\/www.koonings.com\/de\/#website"},"primaryImageOfPage":{"@id":"https:\/\/www.koonings.com\/de\/product\/lohrengel-lb526\/#primaryimage"},"image":{"@id":"https:\/\/www.koonings.com\/de\/product\/lohrengel-lb526\/#primaryimage"},"thumbnailUrl":"https:\/\/www.koonings.com\/wp-content\/uploads\/2024\/11\/41079_66f84ca5fbb15156d875a66043daffdf42a230b004b5d1b0d4e004cf6e8ff5debcd22ae8.jpeg","datePublished":"2026-04-14T14:26:36+00:00","description":"Das Lohrengel LB507 von Fashion Queen ist ein elegantes, flie\u00dfendes Hochzeitskleid, das Raffinesse und Stil ausstrahlt. Das Design betont auf subtile Weise die weiblichen Formen, w\u00e4hrend die luxuri\u00f6sen Stoffe sanft \u00fcber den K\u00f6rper fallen und f\u00fcr einen sch\u00f6nen, anmutigen Look sorgen. Dieses Kleid kombiniert zeitlose Eleganz mit moderner Schlichtheit, perfekt f\u00fcr die Braut, die einen schicken und doch bequemen Look sucht. Das Lohrengel LB507 bietet ein Gef\u00fchl von Leichtigkeit und Freiheit, so dass Sie sich den ganzen Tag lang sicher und sch\u00f6n f\u00fchlen.","breadcrumb":{"@id":"https:\/\/www.koonings.com\/de\/product\/lohrengel-lb526\/#breadcrumb"},"inLanguage":"de","potentialAction":[{"@type":"ReadAction","target":["https:\/\/www.koonings.com\/de\/product\/lohrengel-lb526\/"]}]},{"@type":"ImageObject","inLanguage":"de","@id":"https:\/\/www.koonings.com\/de\/product\/lohrengel-lb526\/#primaryimage","url":"https:\/\/www.koonings.com\/wp-content\/uploads\/2024\/11\/41079_66f84ca5fbb15156d875a66043daffdf42a230b004b5d1b0d4e004cf6e8ff5debcd22ae8.jpeg","contentUrl":"https:\/\/www.koonings.com\/wp-content\/uploads\/2024\/11\/41079_66f84ca5fbb15156d875a66043daffdf42a230b004b5d1b0d4e004cf6e8ff5debcd22ae8.jpeg","width":1219,"height":1727},{"@type":"BreadcrumbList","@id":"https:\/\/www.koonings.com\/de\/product\/lohrengel-lb526\/#breadcrumb","itemListElement":[{"@type":"ListItem","position":1,"name":"Home","item":"https:\/\/www.koonings.com\/de\/"},{"@type":"ListItem","position":2,"name":"Fashion Queen Lohrengel Molly Monroe LB526"}]},{"@type":"WebSite","@id":"https:\/\/www.koonings.com\/de\/#website","url":"https:\/\/www.koonings.com\/de\/","name":"Koonings","description":"De grootste bruidsmodewinkel ter wereld","publisher":{"@id":"https:\/\/www.koonings.com\/de\/#organization"},"potentialAction":[{"@type":"SearchAction","target":{"@type":"EntryPoint","urlTemplate":"https:\/\/www.koonings.com\/de\/?s={search_term_string}"},"query-input":{"@type":"PropertyValueSpecification","valueRequired":true,"valueName":"search_term_string"}}],"inLanguage":"de"},{"@type":"Organization","@id":"https:\/\/www.koonings.com\/de\/#organization","name":"Koonings","url":"https:\/\/www.koonings.com\/de\/","logo":{"@type":"ImageObject","inLanguage":"de","@id":"https:\/\/www.koonings.com\/de\/#\/schema\/logo\/image\/","url":"https:\/\/www.koonings.com\/wp-content\/uploads\/2024\/07\/logo.png","contentUrl":"https:\/\/www.koonings.com\/wp-content\/uploads\/2024\/07\/logo.png","width":600,"height":428,"caption":"Koonings"},"image":{"@id":"https:\/\/www.koonings.com\/de\/#\/schema\/logo\/image\/"},"sameAs":["https:\/\/www.facebook.com\/kooningstheweddingpalace","https:\/\/www.instagram.com\/kooningstheweddingpalace","https:\/\/www.pinterest.com\/koonings","https:\/\/www.youtube.com\/kooningstheweddingpalace"]}]}},"_links":{"self":[{"href":"https:\/\/www.koonings.com\/de\/wp-json\/wp\/v2\/product\/59108","targetHints":{"allow":["GET"]}}],"collection":[{"href":"https:\/\/www.koonings.com\/de\/wp-json\/wp\/v2\/product"}],"about":[{"href":"https:\/\/www.koonings.com\/de\/wp-json\/wp\/v2\/types\/product"}],"wp:featuredmedia":[{"embeddable":true,"href":"https:\/\/www.koonings.com\/de\/wp-json\/wp\/v2\/media\/49952"}],"wp:attachment":[{"href":"https:\/\/www.koonings.com\/de\/wp-json\/wp\/v2\/media?parent=59108"}],"wp:term":[{"taxonomy":"productdetails","embeddable":true,"href":"https:\/\/www.koonings.com\/de\/wp-json\/wp\/v2\/productdetails?post=59108"},{"taxonomy":"productneck","embeddable":true,"href":"https:\/\/www.koonings.com\/de\/wp-json\/wp\/v2\/productneck?post=59108"},{"taxonomy":"productcolor","embeddable":true,"href":"https:\/\/www.koonings.com\/de\/wp-json\/wp\/v2\/productcolor?post=59108"},{"taxonomy":"maat","embeddable":true,"href":"https:\/\/www.koonings.com\/de\/wp-json\/wp\/v2\/maat?post=59108"},{"taxonomy":"productsupplier","embeddable":true,"href":"https:\/\/www.koonings.com\/de\/wp-json\/wp\/v2\/productsupplier?post=59108"},{"taxonomy":"productsleeve","embeddable":true,"href":"https:\/\/www.koonings.com\/de\/wp-json\/wp\/v2\/productsleeve?post=59108"},{"taxonomy":"productcategory","embeddable":true,"href":"https:\/\/www.koonings.com\/de\/wp-json\/wp\/v2\/productcategory?post=59108"},{"taxonomy":"productsilhouette","embeddable":true,"href":"https:\/\/www.koonings.com\/de\/wp-json\/wp\/v2\/productsilhouette?post=59108"},{"taxonomy":"productstyle","embeddable":true,"href":"https:\/\/www.koonings.com\/de\/wp-json\/wp\/v2\/productstyle?post=59108"}],"curies":[{"name":"wp","href":"https:\/\/api.w.org\/{rel}","templated":true}]}}