{"id":59102,"date":"2026-05-06T15:26:07","date_gmt":"2026-05-06T13:26:07","guid":{"rendered":"https:\/\/www.koonings.com\/product\/lohrengel-lb507\/"},"modified":"2025-06-05T13:28:15","modified_gmt":"2025-06-05T11:28:15","slug":"lohrengel-lb507","status":"publish","type":"product","link":"https:\/\/www.koonings.com\/de\/product\/lohrengel-lb507\/","title":{"rendered":"Fashion Queen Lohrengel Molly Monroe LB507"},"content":{"rendered":"<p>Das Lohrengel LB507 von Fashion Queen ist ein bezauberndes Hochzeitskleid, das Luxus und Romantik ausstrahlt. Das Design ist angereichert mit wundersch\u00f6nem T\u00fcll und 3D-Blumen, die dem Kleid einen atemberaubenden und raffinierten Look verleihen. Die zarten Blumen verleihen dem Kleid Tiefe und Textur, w\u00e4hrend der weiche T\u00fcll eine vertr\u00e4umte Stimmung erzeugt. Dieses Kleid ist ideal f\u00fcr die Braut, die einen luxuri\u00f6sen und romantischen Look sucht, perfekt f\u00fcr eine unvergessliche Hochzeit. Das Lohrengel LB507 bietet zeitlose Eleganz mit einem modernen, femininen Twist.    <\/p>\n","protected":false},"featured_media":49969,"template":"","meta":{"_acf_changed":false,"ghostkit_customizer_options":"","ghostkit_custom_css":"","ghostkit_custom_js_head":"","ghostkit_custom_js_foot":"","ghostkit_typography":""},"productdetails":[379,381],"productneck":[354,355,356],"productcolor":[392],"maat":[375],"productsupplier":[480],"productsleeve":[359],"productcategory":[18],"productsilhouette":[384],"productstyle":[],"class_list":["post-59102","product","type-product","status-publish","has-post-thumbnail","hentry","productdetails-379","productdetails-381","productneck-354","productneck-355","productneck-356","productcolor-392","maat-375","productsupplier-fashion-queen","productsleeve-359","productcategory-trouwjurken","productsilhouette-384"],"acf":[],"yoast_head":"<!-- This site is optimized with the Yoast SEO plugin v27.3 - https:\/\/yoast.com\/product\/yoast-seo-wordpress\/ -->\n<title>Fashion Queen Lohrengel Molly Monroe LB507 | Koonings<\/title>\n<meta name=\"description\" content=\"Das Lohrengel LB507 von Fashion Queen ist ein bezauberndes Hochzeitskleid, das Luxus und Romantik ausstrahlt. Das Design ist angereichert mit wundersch\u00f6nem T\u00fcll und 3D-Blumen, die dem Kleid einen atemberaubenden und raffinierten Look verleihen. Die zarten Blumen verleihen dem Kleid Tiefe und Textur, w\u00e4hrend der weiche T\u00fcll eine vertr\u00e4umte Stimmung erzeugt. Dieses Kleid ist ideal f\u00fcr die Braut, die einen luxuri\u00f6sen und romantischen Look sucht, perfekt f\u00fcr eine unvergessliche Hochzeit. Das Lohrengel LB507 bietet zeitlose Eleganz mit einem modernen, femininen Twist.\" \/>\n<meta name=\"robots\" content=\"index, follow, max-snippet:-1, max-image-preview:large, max-video-preview:-1\" \/>\n<link rel=\"canonical\" href=\"https:\/\/www.koonings.com\/de\/product\/lohrengel-lb507\/\" \/>\n<meta property=\"og:locale\" content=\"de_DE\" \/>\n<meta property=\"og:type\" content=\"article\" \/>\n<meta property=\"og:title\" content=\"Fashion Queen Lohrengel Molly Monroe LB507 | Koonings\" \/>\n<meta property=\"og:description\" content=\"Das Lohrengel LB507 von Fashion Queen ist ein bezauberndes Hochzeitskleid, das Luxus und Romantik ausstrahlt. Das Design ist angereichert mit wundersch\u00f6nem T\u00fcll und 3D-Blumen, die dem Kleid einen atemberaubenden und raffinierten Look verleihen. Die zarten Blumen verleihen dem Kleid Tiefe und Textur, w\u00e4hrend der weiche T\u00fcll eine vertr\u00e4umte Stimmung erzeugt. Dieses Kleid ist ideal f\u00fcr die Braut, die einen luxuri\u00f6sen und romantischen Look sucht, perfekt f\u00fcr eine unvergessliche Hochzeit. Das Lohrengel LB507 bietet zeitlose Eleganz mit einem modernen, femininen Twist.\" \/>\n<meta property=\"og:url\" content=\"https:\/\/www.koonings.com\/de\/product\/lohrengel-lb507\/\" \/>\n<meta property=\"og:site_name\" content=\"Koonings\" \/>\n<meta property=\"article:publisher\" content=\"https:\/\/www.facebook.com\/kooningstheweddingpalace\" \/>\n<meta property=\"og:image\" content=\"https:\/\/www.koonings.com\/wp-content\/uploads\/2024\/11\/41080_eb9fd295247a8fabc03bdbedcab4188a54e7d3728502ff64bf6a029d0dc48560b947faaf.jpeg\" \/>\n\t<meta property=\"og:image:width\" content=\"1301\" \/>\n\t<meta property=\"og:image:height\" content=\"1841\" \/>\n\t<meta property=\"og:image:type\" content=\"image\/jpeg\" \/>\n<meta name=\"twitter:card\" content=\"summary_large_image\" \/>\n<script type=\"application\/ld+json\" class=\"yoast-schema-graph\">{\"@context\":\"https:\\\/\\\/schema.org\",\"@graph\":[{\"@type\":\"WebPage\",\"@id\":\"https:\\\/\\\/www.koonings.com\\\/de\\\/product\\\/lohrengel-lb507\\\/\",\"url\":\"https:\\\/\\\/www.koonings.com\\\/de\\\/product\\\/lohrengel-lb507\\\/\",\"name\":\"Fashion Queen Lohrengel Molly Monroe LB507 | Koonings\",\"isPartOf\":{\"@id\":\"https:\\\/\\\/www.koonings.com\\\/de\\\/#website\"},\"primaryImageOfPage\":{\"@id\":\"https:\\\/\\\/www.koonings.com\\\/de\\\/product\\\/lohrengel-lb507\\\/#primaryimage\"},\"image\":{\"@id\":\"https:\\\/\\\/www.koonings.com\\\/de\\\/product\\\/lohrengel-lb507\\\/#primaryimage\"},\"thumbnailUrl\":\"https:\\\/\\\/www.koonings.com\\\/wp-content\\\/uploads\\\/2024\\\/11\\\/41080_eb9fd295247a8fabc03bdbedcab4188a54e7d3728502ff64bf6a029d0dc48560b947faaf.jpeg\",\"datePublished\":\"2026-05-06T13:26:07+00:00\",\"description\":\"Das Lohrengel LB507 von Fashion Queen ist ein bezauberndes Hochzeitskleid, das Luxus und Romantik ausstrahlt. Das Design ist angereichert mit wundersch\u00f6nem T\u00fcll und 3D-Blumen, die dem Kleid einen atemberaubenden und raffinierten Look verleihen. Die zarten Blumen verleihen dem Kleid Tiefe und Textur, w\u00e4hrend der weiche T\u00fcll eine vertr\u00e4umte Stimmung erzeugt. Dieses Kleid ist ideal f\u00fcr die Braut, die einen luxuri\u00f6sen und romantischen Look sucht, perfekt f\u00fcr eine unvergessliche Hochzeit. Das Lohrengel LB507 bietet zeitlose Eleganz mit einem modernen, femininen Twist.\",\"breadcrumb\":{\"@id\":\"https:\\\/\\\/www.koonings.com\\\/de\\\/product\\\/lohrengel-lb507\\\/#breadcrumb\"},\"inLanguage\":\"de\",\"potentialAction\":[{\"@type\":\"ReadAction\",\"target\":[\"https:\\\/\\\/www.koonings.com\\\/de\\\/product\\\/lohrengel-lb507\\\/\"]}]},{\"@type\":\"ImageObject\",\"inLanguage\":\"de\",\"@id\":\"https:\\\/\\\/www.koonings.com\\\/de\\\/product\\\/lohrengel-lb507\\\/#primaryimage\",\"url\":\"https:\\\/\\\/www.koonings.com\\\/wp-content\\\/uploads\\\/2024\\\/11\\\/41080_eb9fd295247a8fabc03bdbedcab4188a54e7d3728502ff64bf6a029d0dc48560b947faaf.jpeg\",\"contentUrl\":\"https:\\\/\\\/www.koonings.com\\\/wp-content\\\/uploads\\\/2024\\\/11\\\/41080_eb9fd295247a8fabc03bdbedcab4188a54e7d3728502ff64bf6a029d0dc48560b947faaf.jpeg\",\"width\":1301,\"height\":1841},{\"@type\":\"BreadcrumbList\",\"@id\":\"https:\\\/\\\/www.koonings.com\\\/de\\\/product\\\/lohrengel-lb507\\\/#breadcrumb\",\"itemListElement\":[{\"@type\":\"ListItem\",\"position\":1,\"name\":\"Home\",\"item\":\"https:\\\/\\\/www.koonings.com\\\/de\\\/\"},{\"@type\":\"ListItem\",\"position\":2,\"name\":\"Fashion Queen Lohrengel Molly Monroe LB507\"}]},{\"@type\":\"WebSite\",\"@id\":\"https:\\\/\\\/www.koonings.com\\\/de\\\/#website\",\"url\":\"https:\\\/\\\/www.koonings.com\\\/de\\\/\",\"name\":\"Koonings\",\"description\":\"De grootste bruidsmodewinkel ter wereld\",\"publisher\":{\"@id\":\"https:\\\/\\\/www.koonings.com\\\/de\\\/#organization\"},\"potentialAction\":[{\"@type\":\"SearchAction\",\"target\":{\"@type\":\"EntryPoint\",\"urlTemplate\":\"https:\\\/\\\/www.koonings.com\\\/de\\\/?s={search_term_string}\"},\"query-input\":{\"@type\":\"PropertyValueSpecification\",\"valueRequired\":true,\"valueName\":\"search_term_string\"}}],\"inLanguage\":\"de\"},{\"@type\":\"Organization\",\"@id\":\"https:\\\/\\\/www.koonings.com\\\/de\\\/#organization\",\"name\":\"Koonings\",\"url\":\"https:\\\/\\\/www.koonings.com\\\/de\\\/\",\"logo\":{\"@type\":\"ImageObject\",\"inLanguage\":\"de\",\"@id\":\"https:\\\/\\\/www.koonings.com\\\/de\\\/#\\\/schema\\\/logo\\\/image\\\/\",\"url\":\"https:\\\/\\\/www.koonings.com\\\/wp-content\\\/uploads\\\/2024\\\/07\\\/logo.png\",\"contentUrl\":\"https:\\\/\\\/www.koonings.com\\\/wp-content\\\/uploads\\\/2024\\\/07\\\/logo.png\",\"width\":600,\"height\":428,\"caption\":\"Koonings\"},\"image\":{\"@id\":\"https:\\\/\\\/www.koonings.com\\\/de\\\/#\\\/schema\\\/logo\\\/image\\\/\"},\"sameAs\":[\"https:\\\/\\\/www.facebook.com\\\/kooningstheweddingpalace\",\"https:\\\/\\\/www.instagram.com\\\/kooningstheweddingpalace\",\"https:\\\/\\\/www.pinterest.com\\\/koonings\",\"https:\\\/\\\/www.youtube.com\\\/kooningstheweddingpalace\"]}]}<\/script>\n<!-- \/ Yoast SEO plugin. -->","yoast_head_json":{"title":"Fashion Queen Lohrengel Molly Monroe LB507 | Koonings","description":"Das Lohrengel LB507 von Fashion Queen ist ein bezauberndes Hochzeitskleid, das Luxus und Romantik ausstrahlt. Das Design ist angereichert mit wundersch\u00f6nem T\u00fcll und 3D-Blumen, die dem Kleid einen atemberaubenden und raffinierten Look verleihen. Die zarten Blumen verleihen dem Kleid Tiefe und Textur, w\u00e4hrend der weiche T\u00fcll eine vertr\u00e4umte Stimmung erzeugt. Dieses Kleid ist ideal f\u00fcr die Braut, die einen luxuri\u00f6sen und romantischen Look sucht, perfekt f\u00fcr eine unvergessliche Hochzeit. Das Lohrengel LB507 bietet zeitlose Eleganz mit einem modernen, femininen Twist.","robots":{"index":"index","follow":"follow","max-snippet":"max-snippet:-1","max-image-preview":"max-image-preview:large","max-video-preview":"max-video-preview:-1"},"canonical":"https:\/\/www.koonings.com\/de\/product\/lohrengel-lb507\/","og_locale":"de_DE","og_type":"article","og_title":"Fashion Queen Lohrengel Molly Monroe LB507 | Koonings","og_description":"Das Lohrengel LB507 von Fashion Queen ist ein bezauberndes Hochzeitskleid, das Luxus und Romantik ausstrahlt. Das Design ist angereichert mit wundersch\u00f6nem T\u00fcll und 3D-Blumen, die dem Kleid einen atemberaubenden und raffinierten Look verleihen. Die zarten Blumen verleihen dem Kleid Tiefe und Textur, w\u00e4hrend der weiche T\u00fcll eine vertr\u00e4umte Stimmung erzeugt. Dieses Kleid ist ideal f\u00fcr die Braut, die einen luxuri\u00f6sen und romantischen Look sucht, perfekt f\u00fcr eine unvergessliche Hochzeit. Das Lohrengel LB507 bietet zeitlose Eleganz mit einem modernen, femininen Twist.","og_url":"https:\/\/www.koonings.com\/de\/product\/lohrengel-lb507\/","og_site_name":"Koonings","article_publisher":"https:\/\/www.facebook.com\/kooningstheweddingpalace","og_image":[{"width":1301,"height":1841,"url":"https:\/\/www.koonings.com\/wp-content\/uploads\/2024\/11\/41080_eb9fd295247a8fabc03bdbedcab4188a54e7d3728502ff64bf6a029d0dc48560b947faaf.jpeg","type":"image\/jpeg"}],"twitter_card":"summary_large_image","schema":{"@context":"https:\/\/schema.org","@graph":[{"@type":"WebPage","@id":"https:\/\/www.koonings.com\/de\/product\/lohrengel-lb507\/","url":"https:\/\/www.koonings.com\/de\/product\/lohrengel-lb507\/","name":"Fashion Queen Lohrengel Molly Monroe LB507 | Koonings","isPartOf":{"@id":"https:\/\/www.koonings.com\/de\/#website"},"primaryImageOfPage":{"@id":"https:\/\/www.koonings.com\/de\/product\/lohrengel-lb507\/#primaryimage"},"image":{"@id":"https:\/\/www.koonings.com\/de\/product\/lohrengel-lb507\/#primaryimage"},"thumbnailUrl":"https:\/\/www.koonings.com\/wp-content\/uploads\/2024\/11\/41080_eb9fd295247a8fabc03bdbedcab4188a54e7d3728502ff64bf6a029d0dc48560b947faaf.jpeg","datePublished":"2026-05-06T13:26:07+00:00","description":"Das Lohrengel LB507 von Fashion Queen ist ein bezauberndes Hochzeitskleid, das Luxus und Romantik ausstrahlt. Das Design ist angereichert mit wundersch\u00f6nem T\u00fcll und 3D-Blumen, die dem Kleid einen atemberaubenden und raffinierten Look verleihen. Die zarten Blumen verleihen dem Kleid Tiefe und Textur, w\u00e4hrend der weiche T\u00fcll eine vertr\u00e4umte Stimmung erzeugt. Dieses Kleid ist ideal f\u00fcr die Braut, die einen luxuri\u00f6sen und romantischen Look sucht, perfekt f\u00fcr eine unvergessliche Hochzeit. Das Lohrengel LB507 bietet zeitlose Eleganz mit einem modernen, femininen Twist.","breadcrumb":{"@id":"https:\/\/www.koonings.com\/de\/product\/lohrengel-lb507\/#breadcrumb"},"inLanguage":"de","potentialAction":[{"@type":"ReadAction","target":["https:\/\/www.koonings.com\/de\/product\/lohrengel-lb507\/"]}]},{"@type":"ImageObject","inLanguage":"de","@id":"https:\/\/www.koonings.com\/de\/product\/lohrengel-lb507\/#primaryimage","url":"https:\/\/www.koonings.com\/wp-content\/uploads\/2024\/11\/41080_eb9fd295247a8fabc03bdbedcab4188a54e7d3728502ff64bf6a029d0dc48560b947faaf.jpeg","contentUrl":"https:\/\/www.koonings.com\/wp-content\/uploads\/2024\/11\/41080_eb9fd295247a8fabc03bdbedcab4188a54e7d3728502ff64bf6a029d0dc48560b947faaf.jpeg","width":1301,"height":1841},{"@type":"BreadcrumbList","@id":"https:\/\/www.koonings.com\/de\/product\/lohrengel-lb507\/#breadcrumb","itemListElement":[{"@type":"ListItem","position":1,"name":"Home","item":"https:\/\/www.koonings.com\/de\/"},{"@type":"ListItem","position":2,"name":"Fashion Queen Lohrengel Molly Monroe LB507"}]},{"@type":"WebSite","@id":"https:\/\/www.koonings.com\/de\/#website","url":"https:\/\/www.koonings.com\/de\/","name":"Koonings","description":"De grootste bruidsmodewinkel ter wereld","publisher":{"@id":"https:\/\/www.koonings.com\/de\/#organization"},"potentialAction":[{"@type":"SearchAction","target":{"@type":"EntryPoint","urlTemplate":"https:\/\/www.koonings.com\/de\/?s={search_term_string}"},"query-input":{"@type":"PropertyValueSpecification","valueRequired":true,"valueName":"search_term_string"}}],"inLanguage":"de"},{"@type":"Organization","@id":"https:\/\/www.koonings.com\/de\/#organization","name":"Koonings","url":"https:\/\/www.koonings.com\/de\/","logo":{"@type":"ImageObject","inLanguage":"de","@id":"https:\/\/www.koonings.com\/de\/#\/schema\/logo\/image\/","url":"https:\/\/www.koonings.com\/wp-content\/uploads\/2024\/07\/logo.png","contentUrl":"https:\/\/www.koonings.com\/wp-content\/uploads\/2024\/07\/logo.png","width":600,"height":428,"caption":"Koonings"},"image":{"@id":"https:\/\/www.koonings.com\/de\/#\/schema\/logo\/image\/"},"sameAs":["https:\/\/www.facebook.com\/kooningstheweddingpalace","https:\/\/www.instagram.com\/kooningstheweddingpalace","https:\/\/www.pinterest.com\/koonings","https:\/\/www.youtube.com\/kooningstheweddingpalace"]}]}},"_links":{"self":[{"href":"https:\/\/www.koonings.com\/de\/wp-json\/wp\/v2\/product\/59102","targetHints":{"allow":["GET"]}}],"collection":[{"href":"https:\/\/www.koonings.com\/de\/wp-json\/wp\/v2\/product"}],"about":[{"href":"https:\/\/www.koonings.com\/de\/wp-json\/wp\/v2\/types\/product"}],"wp:featuredmedia":[{"embeddable":true,"href":"https:\/\/www.koonings.com\/de\/wp-json\/wp\/v2\/media\/49969"}],"wp:attachment":[{"href":"https:\/\/www.koonings.com\/de\/wp-json\/wp\/v2\/media?parent=59102"}],"wp:term":[{"taxonomy":"productdetails","embeddable":true,"href":"https:\/\/www.koonings.com\/de\/wp-json\/wp\/v2\/productdetails?post=59102"},{"taxonomy":"productneck","embeddable":true,"href":"https:\/\/www.koonings.com\/de\/wp-json\/wp\/v2\/productneck?post=59102"},{"taxonomy":"productcolor","embeddable":true,"href":"https:\/\/www.koonings.com\/de\/wp-json\/wp\/v2\/productcolor?post=59102"},{"taxonomy":"maat","embeddable":true,"href":"https:\/\/www.koonings.com\/de\/wp-json\/wp\/v2\/maat?post=59102"},{"taxonomy":"productsupplier","embeddable":true,"href":"https:\/\/www.koonings.com\/de\/wp-json\/wp\/v2\/productsupplier?post=59102"},{"taxonomy":"productsleeve","embeddable":true,"href":"https:\/\/www.koonings.com\/de\/wp-json\/wp\/v2\/productsleeve?post=59102"},{"taxonomy":"productcategory","embeddable":true,"href":"https:\/\/www.koonings.com\/de\/wp-json\/wp\/v2\/productcategory?post=59102"},{"taxonomy":"productsilhouette","embeddable":true,"href":"https:\/\/www.koonings.com\/de\/wp-json\/wp\/v2\/productsilhouette?post=59102"},{"taxonomy":"productstyle","embeddable":true,"href":"https:\/\/www.koonings.com\/de\/wp-json\/wp\/v2\/productstyle?post=59102"}],"curies":[{"name":"wp","href":"https:\/\/api.w.org\/{rel}","templated":true}]}}