{"id":59100,"date":"2026-05-06T15:26:08","date_gmt":"2026-05-06T13:26:08","guid":{"rendered":"https:\/\/www.koonings.com\/product\/lohrengel-lb506\/"},"modified":"2026-02-16T14:41:54","modified_gmt":"2026-02-16T13:41:54","slug":"lohrengel-lb506","status":"publish","type":"product","link":"https:\/\/www.koonings.com\/de\/product\/lohrengel-lb506\/","title":{"rendered":"Modek\u00f6nigin Lohrengel Molly Monroe LB506"},"content":{"rendered":"<p>Das Lohrengel LB506 ist ein atemberaubendes Hochzeitskleid, das Eleganz und Raffinesse ausstrahlt. Das Design wurde sorgf\u00e4ltig ausgearbeitet, um die weiblichen Formen auf subtile und anmutige Weise zu betonen. Mit seinen luxuri\u00f6sen Stoffen und detaillierten Verarbeitungen bietet dieses Kleid eine perfekte Balance zwischen klassischer Romantik und modernem Stil. Das Kleid hat eine zeitlose Anziehungskraft und ist ideal f\u00fcr die Braut, die nach etwas Raffiniertem und Einzigartigem sucht.   <\/p>\n<p>Der Lohrengel LB506 ist die perfekte Wahl f\u00fcr jede Hochzeit, bei der Sie sich an Ihrem gro\u00dfen Tag sicher und wundersch\u00f6n f\u00fchlen werden.<\/p>\n","protected":false},"featured_media":50003,"template":"","meta":{"_acf_changed":false,"ghostkit_customizer_options":"","ghostkit_custom_css":"","ghostkit_custom_js_head":"","ghostkit_custom_js_foot":"","ghostkit_typography":""},"productdetails":[379],"productneck":[356],"productcolor":[392],"maat":[375],"productsupplier":[480],"productsleeve":[359,361],"productcategory":[18],"productsilhouette":[384],"productstyle":[366],"class_list":["post-59100","product","type-product","status-publish","has-post-thumbnail","hentry","productdetails-379","productneck-356","productcolor-392","maat-375","productsupplier-fashion-queen","productsleeve-359","productsleeve-361","productcategory-trouwjurken","productsilhouette-384","productstyle-366"],"acf":[],"yoast_head":"<!-- This site is optimized with the Yoast SEO plugin v27.3 - https:\/\/yoast.com\/product\/yoast-seo-wordpress\/ -->\n<title>Modek\u00f6nigin Lohrengel Molly Monroe LB506 | Koonings<\/title>\n<meta name=\"description\" content=\"Das Lohrengel LB506 ist ein atemberaubendes Hochzeitskleid, das Eleganz und Raffinesse ausstrahlt. Das Design wurde sorgf\u00e4ltig ausgearbeitet, um die weiblichen Formen auf subtile und anmutige Weise zu betonen. Mit seinen luxuri\u00f6sen Stoffen und detaillierten Verarbeitungen bietet dieses Kleid eine perfekte Balance zwischen klassischer Romantik und modernem Stil. Das Kleid hat eine zeitlose Anziehungskraft und ist ideal f\u00fcr die Braut, die nach etwas Raffiniertem und Einzigartigem sucht. Der Lohrengel LB506 ist die perfekte Wahl f\u00fcr jede Hochzeit, bei der Sie sich an Ihrem gro\u00dfen Tag sicher und wundersch\u00f6n f\u00fchlen werden.\" \/>\n<meta name=\"robots\" content=\"index, follow, max-snippet:-1, max-image-preview:large, max-video-preview:-1\" \/>\n<link rel=\"canonical\" href=\"https:\/\/www.koonings.com\/de\/product\/lohrengel-lb506\/\" \/>\n<meta property=\"og:locale\" content=\"de_DE\" \/>\n<meta property=\"og:type\" content=\"article\" \/>\n<meta property=\"og:title\" content=\"Modek\u00f6nigin Lohrengel Molly Monroe LB506 | Koonings\" \/>\n<meta property=\"og:description\" content=\"Das Lohrengel LB506 ist ein atemberaubendes Hochzeitskleid, das Eleganz und Raffinesse ausstrahlt. Das Design wurde sorgf\u00e4ltig ausgearbeitet, um die weiblichen Formen auf subtile und anmutige Weise zu betonen. Mit seinen luxuri\u00f6sen Stoffen und detaillierten Verarbeitungen bietet dieses Kleid eine perfekte Balance zwischen klassischer Romantik und modernem Stil. Das Kleid hat eine zeitlose Anziehungskraft und ist ideal f\u00fcr die Braut, die nach etwas Raffiniertem und Einzigartigem sucht. Der Lohrengel LB506 ist die perfekte Wahl f\u00fcr jede Hochzeit, bei der Sie sich an Ihrem gro\u00dfen Tag sicher und wundersch\u00f6n f\u00fchlen werden.\" \/>\n<meta property=\"og:url\" content=\"https:\/\/www.koonings.com\/de\/product\/lohrengel-lb506\/\" \/>\n<meta property=\"og:site_name\" content=\"Koonings\" \/>\n<meta property=\"article:publisher\" content=\"https:\/\/www.facebook.com\/kooningstheweddingpalace\" \/>\n<meta property=\"og:image\" content=\"https:\/\/www.koonings.com\/wp-content\/uploads\/2024\/11\/41082_6b45bdda2aa28bab1aee9c3afa8391f49c04e689129cbe3641d6e94c116bbc70b8788952.jpeg\" \/>\n\t<meta property=\"og:image:width\" content=\"1099\" \/>\n\t<meta property=\"og:image:height\" content=\"1556\" \/>\n\t<meta property=\"og:image:type\" content=\"image\/jpeg\" \/>\n<meta name=\"twitter:card\" content=\"summary_large_image\" \/>\n<script type=\"application\/ld+json\" class=\"yoast-schema-graph\">{\"@context\":\"https:\\\/\\\/schema.org\",\"@graph\":[{\"@type\":\"WebPage\",\"@id\":\"https:\\\/\\\/www.koonings.com\\\/de\\\/product\\\/lohrengel-lb506\\\/\",\"url\":\"https:\\\/\\\/www.koonings.com\\\/de\\\/product\\\/lohrengel-lb506\\\/\",\"name\":\"Modek\u00f6nigin Lohrengel Molly Monroe LB506 | Koonings\",\"isPartOf\":{\"@id\":\"https:\\\/\\\/www.koonings.com\\\/de\\\/#website\"},\"primaryImageOfPage\":{\"@id\":\"https:\\\/\\\/www.koonings.com\\\/de\\\/product\\\/lohrengel-lb506\\\/#primaryimage\"},\"image\":{\"@id\":\"https:\\\/\\\/www.koonings.com\\\/de\\\/product\\\/lohrengel-lb506\\\/#primaryimage\"},\"thumbnailUrl\":\"https:\\\/\\\/www.koonings.com\\\/wp-content\\\/uploads\\\/2024\\\/11\\\/41082_6b45bdda2aa28bab1aee9c3afa8391f49c04e689129cbe3641d6e94c116bbc70b8788952.jpeg\",\"datePublished\":\"2026-05-06T13:26:08+00:00\",\"description\":\"Das Lohrengel LB506 ist ein atemberaubendes Hochzeitskleid, das Eleganz und Raffinesse ausstrahlt. Das Design wurde sorgf\u00e4ltig ausgearbeitet, um die weiblichen Formen auf subtile und anmutige Weise zu betonen. Mit seinen luxuri\u00f6sen Stoffen und detaillierten Verarbeitungen bietet dieses Kleid eine perfekte Balance zwischen klassischer Romantik und modernem Stil. Das Kleid hat eine zeitlose Anziehungskraft und ist ideal f\u00fcr die Braut, die nach etwas Raffiniertem und Einzigartigem sucht. Der Lohrengel LB506 ist die perfekte Wahl f\u00fcr jede Hochzeit, bei der Sie sich an Ihrem gro\u00dfen Tag sicher und wundersch\u00f6n f\u00fchlen werden.\",\"breadcrumb\":{\"@id\":\"https:\\\/\\\/www.koonings.com\\\/de\\\/product\\\/lohrengel-lb506\\\/#breadcrumb\"},\"inLanguage\":\"de\",\"potentialAction\":[{\"@type\":\"ReadAction\",\"target\":[\"https:\\\/\\\/www.koonings.com\\\/de\\\/product\\\/lohrengel-lb506\\\/\"]}]},{\"@type\":\"ImageObject\",\"inLanguage\":\"de\",\"@id\":\"https:\\\/\\\/www.koonings.com\\\/de\\\/product\\\/lohrengel-lb506\\\/#primaryimage\",\"url\":\"https:\\\/\\\/www.koonings.com\\\/wp-content\\\/uploads\\\/2024\\\/11\\\/41082_6b45bdda2aa28bab1aee9c3afa8391f49c04e689129cbe3641d6e94c116bbc70b8788952.jpeg\",\"contentUrl\":\"https:\\\/\\\/www.koonings.com\\\/wp-content\\\/uploads\\\/2024\\\/11\\\/41082_6b45bdda2aa28bab1aee9c3afa8391f49c04e689129cbe3641d6e94c116bbc70b8788952.jpeg\",\"width\":1099,\"height\":1556},{\"@type\":\"BreadcrumbList\",\"@id\":\"https:\\\/\\\/www.koonings.com\\\/de\\\/product\\\/lohrengel-lb506\\\/#breadcrumb\",\"itemListElement\":[{\"@type\":\"ListItem\",\"position\":1,\"name\":\"Home\",\"item\":\"https:\\\/\\\/www.koonings.com\\\/de\\\/\"},{\"@type\":\"ListItem\",\"position\":2,\"name\":\"Modek\u00f6nigin Lohrengel Molly Monroe LB506\"}]},{\"@type\":\"WebSite\",\"@id\":\"https:\\\/\\\/www.koonings.com\\\/de\\\/#website\",\"url\":\"https:\\\/\\\/www.koonings.com\\\/de\\\/\",\"name\":\"Koonings\",\"description\":\"De grootste bruidsmodewinkel ter wereld\",\"publisher\":{\"@id\":\"https:\\\/\\\/www.koonings.com\\\/de\\\/#organization\"},\"potentialAction\":[{\"@type\":\"SearchAction\",\"target\":{\"@type\":\"EntryPoint\",\"urlTemplate\":\"https:\\\/\\\/www.koonings.com\\\/de\\\/?s={search_term_string}\"},\"query-input\":{\"@type\":\"PropertyValueSpecification\",\"valueRequired\":true,\"valueName\":\"search_term_string\"}}],\"inLanguage\":\"de\"},{\"@type\":\"Organization\",\"@id\":\"https:\\\/\\\/www.koonings.com\\\/de\\\/#organization\",\"name\":\"Koonings\",\"url\":\"https:\\\/\\\/www.koonings.com\\\/de\\\/\",\"logo\":{\"@type\":\"ImageObject\",\"inLanguage\":\"de\",\"@id\":\"https:\\\/\\\/www.koonings.com\\\/de\\\/#\\\/schema\\\/logo\\\/image\\\/\",\"url\":\"https:\\\/\\\/www.koonings.com\\\/wp-content\\\/uploads\\\/2024\\\/07\\\/logo.png\",\"contentUrl\":\"https:\\\/\\\/www.koonings.com\\\/wp-content\\\/uploads\\\/2024\\\/07\\\/logo.png\",\"width\":600,\"height\":428,\"caption\":\"Koonings\"},\"image\":{\"@id\":\"https:\\\/\\\/www.koonings.com\\\/de\\\/#\\\/schema\\\/logo\\\/image\\\/\"},\"sameAs\":[\"https:\\\/\\\/www.facebook.com\\\/kooningstheweddingpalace\",\"https:\\\/\\\/www.instagram.com\\\/kooningstheweddingpalace\",\"https:\\\/\\\/www.pinterest.com\\\/koonings\",\"https:\\\/\\\/www.youtube.com\\\/kooningstheweddingpalace\"]}]}<\/script>\n<!-- \/ Yoast SEO plugin. -->","yoast_head_json":{"title":"Modek\u00f6nigin Lohrengel Molly Monroe LB506 | Koonings","description":"Das Lohrengel LB506 ist ein atemberaubendes Hochzeitskleid, das Eleganz und Raffinesse ausstrahlt. Das Design wurde sorgf\u00e4ltig ausgearbeitet, um die weiblichen Formen auf subtile und anmutige Weise zu betonen. Mit seinen luxuri\u00f6sen Stoffen und detaillierten Verarbeitungen bietet dieses Kleid eine perfekte Balance zwischen klassischer Romantik und modernem Stil. Das Kleid hat eine zeitlose Anziehungskraft und ist ideal f\u00fcr die Braut, die nach etwas Raffiniertem und Einzigartigem sucht. Der Lohrengel LB506 ist die perfekte Wahl f\u00fcr jede Hochzeit, bei der Sie sich an Ihrem gro\u00dfen Tag sicher und wundersch\u00f6n f\u00fchlen werden.","robots":{"index":"index","follow":"follow","max-snippet":"max-snippet:-1","max-image-preview":"max-image-preview:large","max-video-preview":"max-video-preview:-1"},"canonical":"https:\/\/www.koonings.com\/de\/product\/lohrengel-lb506\/","og_locale":"de_DE","og_type":"article","og_title":"Modek\u00f6nigin Lohrengel Molly Monroe LB506 | Koonings","og_description":"Das Lohrengel LB506 ist ein atemberaubendes Hochzeitskleid, das Eleganz und Raffinesse ausstrahlt. Das Design wurde sorgf\u00e4ltig ausgearbeitet, um die weiblichen Formen auf subtile und anmutige Weise zu betonen. Mit seinen luxuri\u00f6sen Stoffen und detaillierten Verarbeitungen bietet dieses Kleid eine perfekte Balance zwischen klassischer Romantik und modernem Stil. Das Kleid hat eine zeitlose Anziehungskraft und ist ideal f\u00fcr die Braut, die nach etwas Raffiniertem und Einzigartigem sucht. Der Lohrengel LB506 ist die perfekte Wahl f\u00fcr jede Hochzeit, bei der Sie sich an Ihrem gro\u00dfen Tag sicher und wundersch\u00f6n f\u00fchlen werden.","og_url":"https:\/\/www.koonings.com\/de\/product\/lohrengel-lb506\/","og_site_name":"Koonings","article_publisher":"https:\/\/www.facebook.com\/kooningstheweddingpalace","og_image":[{"width":1099,"height":1556,"url":"https:\/\/www.koonings.com\/wp-content\/uploads\/2024\/11\/41082_6b45bdda2aa28bab1aee9c3afa8391f49c04e689129cbe3641d6e94c116bbc70b8788952.jpeg","type":"image\/jpeg"}],"twitter_card":"summary_large_image","schema":{"@context":"https:\/\/schema.org","@graph":[{"@type":"WebPage","@id":"https:\/\/www.koonings.com\/de\/product\/lohrengel-lb506\/","url":"https:\/\/www.koonings.com\/de\/product\/lohrengel-lb506\/","name":"Modek\u00f6nigin Lohrengel Molly Monroe LB506 | Koonings","isPartOf":{"@id":"https:\/\/www.koonings.com\/de\/#website"},"primaryImageOfPage":{"@id":"https:\/\/www.koonings.com\/de\/product\/lohrengel-lb506\/#primaryimage"},"image":{"@id":"https:\/\/www.koonings.com\/de\/product\/lohrengel-lb506\/#primaryimage"},"thumbnailUrl":"https:\/\/www.koonings.com\/wp-content\/uploads\/2024\/11\/41082_6b45bdda2aa28bab1aee9c3afa8391f49c04e689129cbe3641d6e94c116bbc70b8788952.jpeg","datePublished":"2026-05-06T13:26:08+00:00","description":"Das Lohrengel LB506 ist ein atemberaubendes Hochzeitskleid, das Eleganz und Raffinesse ausstrahlt. Das Design wurde sorgf\u00e4ltig ausgearbeitet, um die weiblichen Formen auf subtile und anmutige Weise zu betonen. Mit seinen luxuri\u00f6sen Stoffen und detaillierten Verarbeitungen bietet dieses Kleid eine perfekte Balance zwischen klassischer Romantik und modernem Stil. Das Kleid hat eine zeitlose Anziehungskraft und ist ideal f\u00fcr die Braut, die nach etwas Raffiniertem und Einzigartigem sucht. Der Lohrengel LB506 ist die perfekte Wahl f\u00fcr jede Hochzeit, bei der Sie sich an Ihrem gro\u00dfen Tag sicher und wundersch\u00f6n f\u00fchlen werden.","breadcrumb":{"@id":"https:\/\/www.koonings.com\/de\/product\/lohrengel-lb506\/#breadcrumb"},"inLanguage":"de","potentialAction":[{"@type":"ReadAction","target":["https:\/\/www.koonings.com\/de\/product\/lohrengel-lb506\/"]}]},{"@type":"ImageObject","inLanguage":"de","@id":"https:\/\/www.koonings.com\/de\/product\/lohrengel-lb506\/#primaryimage","url":"https:\/\/www.koonings.com\/wp-content\/uploads\/2024\/11\/41082_6b45bdda2aa28bab1aee9c3afa8391f49c04e689129cbe3641d6e94c116bbc70b8788952.jpeg","contentUrl":"https:\/\/www.koonings.com\/wp-content\/uploads\/2024\/11\/41082_6b45bdda2aa28bab1aee9c3afa8391f49c04e689129cbe3641d6e94c116bbc70b8788952.jpeg","width":1099,"height":1556},{"@type":"BreadcrumbList","@id":"https:\/\/www.koonings.com\/de\/product\/lohrengel-lb506\/#breadcrumb","itemListElement":[{"@type":"ListItem","position":1,"name":"Home","item":"https:\/\/www.koonings.com\/de\/"},{"@type":"ListItem","position":2,"name":"Modek\u00f6nigin Lohrengel Molly Monroe LB506"}]},{"@type":"WebSite","@id":"https:\/\/www.koonings.com\/de\/#website","url":"https:\/\/www.koonings.com\/de\/","name":"Koonings","description":"De grootste bruidsmodewinkel ter wereld","publisher":{"@id":"https:\/\/www.koonings.com\/de\/#organization"},"potentialAction":[{"@type":"SearchAction","target":{"@type":"EntryPoint","urlTemplate":"https:\/\/www.koonings.com\/de\/?s={search_term_string}"},"query-input":{"@type":"PropertyValueSpecification","valueRequired":true,"valueName":"search_term_string"}}],"inLanguage":"de"},{"@type":"Organization","@id":"https:\/\/www.koonings.com\/de\/#organization","name":"Koonings","url":"https:\/\/www.koonings.com\/de\/","logo":{"@type":"ImageObject","inLanguage":"de","@id":"https:\/\/www.koonings.com\/de\/#\/schema\/logo\/image\/","url":"https:\/\/www.koonings.com\/wp-content\/uploads\/2024\/07\/logo.png","contentUrl":"https:\/\/www.koonings.com\/wp-content\/uploads\/2024\/07\/logo.png","width":600,"height":428,"caption":"Koonings"},"image":{"@id":"https:\/\/www.koonings.com\/de\/#\/schema\/logo\/image\/"},"sameAs":["https:\/\/www.facebook.com\/kooningstheweddingpalace","https:\/\/www.instagram.com\/kooningstheweddingpalace","https:\/\/www.pinterest.com\/koonings","https:\/\/www.youtube.com\/kooningstheweddingpalace"]}]}},"_links":{"self":[{"href":"https:\/\/www.koonings.com\/de\/wp-json\/wp\/v2\/product\/59100","targetHints":{"allow":["GET"]}}],"collection":[{"href":"https:\/\/www.koonings.com\/de\/wp-json\/wp\/v2\/product"}],"about":[{"href":"https:\/\/www.koonings.com\/de\/wp-json\/wp\/v2\/types\/product"}],"wp:featuredmedia":[{"embeddable":true,"href":"https:\/\/www.koonings.com\/de\/wp-json\/wp\/v2\/media\/50003"}],"wp:attachment":[{"href":"https:\/\/www.koonings.com\/de\/wp-json\/wp\/v2\/media?parent=59100"}],"wp:term":[{"taxonomy":"productdetails","embeddable":true,"href":"https:\/\/www.koonings.com\/de\/wp-json\/wp\/v2\/productdetails?post=59100"},{"taxonomy":"productneck","embeddable":true,"href":"https:\/\/www.koonings.com\/de\/wp-json\/wp\/v2\/productneck?post=59100"},{"taxonomy":"productcolor","embeddable":true,"href":"https:\/\/www.koonings.com\/de\/wp-json\/wp\/v2\/productcolor?post=59100"},{"taxonomy":"maat","embeddable":true,"href":"https:\/\/www.koonings.com\/de\/wp-json\/wp\/v2\/maat?post=59100"},{"taxonomy":"productsupplier","embeddable":true,"href":"https:\/\/www.koonings.com\/de\/wp-json\/wp\/v2\/productsupplier?post=59100"},{"taxonomy":"productsleeve","embeddable":true,"href":"https:\/\/www.koonings.com\/de\/wp-json\/wp\/v2\/productsleeve?post=59100"},{"taxonomy":"productcategory","embeddable":true,"href":"https:\/\/www.koonings.com\/de\/wp-json\/wp\/v2\/productcategory?post=59100"},{"taxonomy":"productsilhouette","embeddable":true,"href":"https:\/\/www.koonings.com\/de\/wp-json\/wp\/v2\/productsilhouette?post=59100"},{"taxonomy":"productstyle","embeddable":true,"href":"https:\/\/www.koonings.com\/de\/wp-json\/wp\/v2\/productstyle?post=59100"}],"curies":[{"name":"wp","href":"https:\/\/api.w.org\/{rel}","templated":true}]}}