{"id":59099,"date":"2026-04-28T18:24:55","date_gmt":"2026-04-28T16:24:55","guid":{"rendered":"https:\/\/www.koonings.com\/product\/lohrengel-lb504\/"},"modified":"2025-06-05T13:13:11","modified_gmt":"2025-06-05T11:13:11","slug":"lohrengel-lb504","status":"publish","type":"product","link":"https:\/\/www.koonings.com\/de\/product\/lohrengel-lb504\/","title":{"rendered":"Fashion Queen Lohrengel Molly Monroe LB504"},"content":{"rendered":"<p>Das Lohrengel LB504 von Fashion Queen ist ein raffiniertes und elegantes Hochzeitskleid, das Romantik und modernen Stil perfekt ausbalanciert. Das Design betont feminine Formen mit einer sch\u00f6nen Silhouette und luxuri\u00f6sen Stoffen, die einen schicken Look kreieren. Die subtilen Spitzendetails und die sch\u00f6ne Verarbeitung machen dieses Kleid ideal f\u00fcr die Braut, die einen zeitlosen und eleganten Look f\u00fcr ihren gro\u00dfen Tag sucht.  <\/p>\n<p>Mit dem Lohrengel LB504 f\u00fchlen Sie sich selbstbewusst und selbstsicher, bereit, auf Ihrer Hochzeit zu gl\u00e4nzen.<\/p>\n","protected":false},"featured_media":50033,"template":"","meta":{"_acf_changed":false,"ghostkit_customizer_options":"","ghostkit_custom_css":"","ghostkit_custom_js_head":"","ghostkit_custom_js_foot":"","ghostkit_typography":""},"productdetails":[379,381],"productneck":[356],"productcolor":[392],"maat":[375],"productsupplier":[480],"productsleeve":[359,361],"productcategory":[18],"productsilhouette":[384],"productstyle":[366],"class_list":["post-59099","product","type-product","status-publish","has-post-thumbnail","hentry","productdetails-379","productdetails-381","productneck-356","productcolor-392","maat-375","productsupplier-fashion-queen","productsleeve-359","productsleeve-361","productcategory-trouwjurken","productsilhouette-384","productstyle-366"],"acf":[],"yoast_head":"<!-- This site is optimized with the Yoast SEO plugin v27.3 - https:\/\/yoast.com\/product\/yoast-seo-wordpress\/ -->\n<title>Fashion Queen Lohrengel Molly Monroe LB504 | Koonings<\/title>\n<meta name=\"description\" content=\"Das Lohrengel LB504 von Fashion Queen ist ein raffiniertes und elegantes Hochzeitskleid, das Romantik und modernen Stil perfekt ausbalanciert. Das Design betont feminine Formen mit einer sch\u00f6nen Silhouette und luxuri\u00f6sen Stoffen, die einen schicken Look kreieren. Die subtilen Spitzendetails und die sch\u00f6ne Verarbeitung machen dieses Kleid ideal f\u00fcr die Braut, die einen zeitlosen und eleganten Look f\u00fcr ihren gro\u00dfen Tag sucht. Mit dem Lohrengel LB504 f\u00fchlen Sie sich selbstbewusst und selbstsicher, bereit, auf Ihrer Hochzeit zu gl\u00e4nzen.\" \/>\n<meta name=\"robots\" content=\"index, follow, max-snippet:-1, max-image-preview:large, max-video-preview:-1\" \/>\n<link rel=\"canonical\" href=\"https:\/\/www.koonings.com\/de\/product\/lohrengel-lb504\/\" \/>\n<meta property=\"og:locale\" content=\"de_DE\" \/>\n<meta property=\"og:type\" content=\"article\" \/>\n<meta property=\"og:title\" content=\"Fashion Queen Lohrengel Molly Monroe LB504 | Koonings\" \/>\n<meta property=\"og:description\" content=\"Das Lohrengel LB504 von Fashion Queen ist ein raffiniertes und elegantes Hochzeitskleid, das Romantik und modernen Stil perfekt ausbalanciert. Das Design betont feminine Formen mit einer sch\u00f6nen Silhouette und luxuri\u00f6sen Stoffen, die einen schicken Look kreieren. Die subtilen Spitzendetails und die sch\u00f6ne Verarbeitung machen dieses Kleid ideal f\u00fcr die Braut, die einen zeitlosen und eleganten Look f\u00fcr ihren gro\u00dfen Tag sucht. Mit dem Lohrengel LB504 f\u00fchlen Sie sich selbstbewusst und selbstsicher, bereit, auf Ihrer Hochzeit zu gl\u00e4nzen.\" \/>\n<meta property=\"og:url\" content=\"https:\/\/www.koonings.com\/de\/product\/lohrengel-lb504\/\" \/>\n<meta property=\"og:site_name\" content=\"Koonings\" \/>\n<meta property=\"article:publisher\" content=\"https:\/\/www.facebook.com\/kooningstheweddingpalace\" \/>\n<meta property=\"og:image\" content=\"https:\/\/www.koonings.com\/wp-content\/uploads\/2024\/11\/41084_8ead0787058c536b39757943dbac2d11e483c68da5ec0f9f4ce5830385eef128335db695.jpeg\" \/>\n\t<meta property=\"og:image:width\" content=\"1312\" \/>\n\t<meta property=\"og:image:height\" content=\"1858\" \/>\n\t<meta property=\"og:image:type\" content=\"image\/jpeg\" \/>\n<meta name=\"twitter:card\" content=\"summary_large_image\" \/>\n<script type=\"application\/ld+json\" class=\"yoast-schema-graph\">{\"@context\":\"https:\\\/\\\/schema.org\",\"@graph\":[{\"@type\":\"WebPage\",\"@id\":\"https:\\\/\\\/www.koonings.com\\\/de\\\/product\\\/lohrengel-lb504\\\/\",\"url\":\"https:\\\/\\\/www.koonings.com\\\/de\\\/product\\\/lohrengel-lb504\\\/\",\"name\":\"Fashion Queen Lohrengel Molly Monroe LB504 | Koonings\",\"isPartOf\":{\"@id\":\"https:\\\/\\\/www.koonings.com\\\/de\\\/#website\"},\"primaryImageOfPage\":{\"@id\":\"https:\\\/\\\/www.koonings.com\\\/de\\\/product\\\/lohrengel-lb504\\\/#primaryimage\"},\"image\":{\"@id\":\"https:\\\/\\\/www.koonings.com\\\/de\\\/product\\\/lohrengel-lb504\\\/#primaryimage\"},\"thumbnailUrl\":\"https:\\\/\\\/www.koonings.com\\\/wp-content\\\/uploads\\\/2024\\\/11\\\/41084_8ead0787058c536b39757943dbac2d11e483c68da5ec0f9f4ce5830385eef128335db695.jpeg\",\"datePublished\":\"2026-04-28T16:24:55+00:00\",\"description\":\"Das Lohrengel LB504 von Fashion Queen ist ein raffiniertes und elegantes Hochzeitskleid, das Romantik und modernen Stil perfekt ausbalanciert. Das Design betont feminine Formen mit einer sch\u00f6nen Silhouette und luxuri\u00f6sen Stoffen, die einen schicken Look kreieren. Die subtilen Spitzendetails und die sch\u00f6ne Verarbeitung machen dieses Kleid ideal f\u00fcr die Braut, die einen zeitlosen und eleganten Look f\u00fcr ihren gro\u00dfen Tag sucht. Mit dem Lohrengel LB504 f\u00fchlen Sie sich selbstbewusst und selbstsicher, bereit, auf Ihrer Hochzeit zu gl\u00e4nzen.\",\"breadcrumb\":{\"@id\":\"https:\\\/\\\/www.koonings.com\\\/de\\\/product\\\/lohrengel-lb504\\\/#breadcrumb\"},\"inLanguage\":\"de\",\"potentialAction\":[{\"@type\":\"ReadAction\",\"target\":[\"https:\\\/\\\/www.koonings.com\\\/de\\\/product\\\/lohrengel-lb504\\\/\"]}]},{\"@type\":\"ImageObject\",\"inLanguage\":\"de\",\"@id\":\"https:\\\/\\\/www.koonings.com\\\/de\\\/product\\\/lohrengel-lb504\\\/#primaryimage\",\"url\":\"https:\\\/\\\/www.koonings.com\\\/wp-content\\\/uploads\\\/2024\\\/11\\\/41084_8ead0787058c536b39757943dbac2d11e483c68da5ec0f9f4ce5830385eef128335db695.jpeg\",\"contentUrl\":\"https:\\\/\\\/www.koonings.com\\\/wp-content\\\/uploads\\\/2024\\\/11\\\/41084_8ead0787058c536b39757943dbac2d11e483c68da5ec0f9f4ce5830385eef128335db695.jpeg\",\"width\":1312,\"height\":1858},{\"@type\":\"BreadcrumbList\",\"@id\":\"https:\\\/\\\/www.koonings.com\\\/de\\\/product\\\/lohrengel-lb504\\\/#breadcrumb\",\"itemListElement\":[{\"@type\":\"ListItem\",\"position\":1,\"name\":\"Home\",\"item\":\"https:\\\/\\\/www.koonings.com\\\/de\\\/\"},{\"@type\":\"ListItem\",\"position\":2,\"name\":\"Fashion Queen Lohrengel Molly Monroe LB504\"}]},{\"@type\":\"WebSite\",\"@id\":\"https:\\\/\\\/www.koonings.com\\\/de\\\/#website\",\"url\":\"https:\\\/\\\/www.koonings.com\\\/de\\\/\",\"name\":\"Koonings\",\"description\":\"De grootste bruidsmodewinkel ter wereld\",\"publisher\":{\"@id\":\"https:\\\/\\\/www.koonings.com\\\/de\\\/#organization\"},\"potentialAction\":[{\"@type\":\"SearchAction\",\"target\":{\"@type\":\"EntryPoint\",\"urlTemplate\":\"https:\\\/\\\/www.koonings.com\\\/de\\\/?s={search_term_string}\"},\"query-input\":{\"@type\":\"PropertyValueSpecification\",\"valueRequired\":true,\"valueName\":\"search_term_string\"}}],\"inLanguage\":\"de\"},{\"@type\":\"Organization\",\"@id\":\"https:\\\/\\\/www.koonings.com\\\/de\\\/#organization\",\"name\":\"Koonings\",\"url\":\"https:\\\/\\\/www.koonings.com\\\/de\\\/\",\"logo\":{\"@type\":\"ImageObject\",\"inLanguage\":\"de\",\"@id\":\"https:\\\/\\\/www.koonings.com\\\/de\\\/#\\\/schema\\\/logo\\\/image\\\/\",\"url\":\"https:\\\/\\\/www.koonings.com\\\/wp-content\\\/uploads\\\/2024\\\/07\\\/logo.png\",\"contentUrl\":\"https:\\\/\\\/www.koonings.com\\\/wp-content\\\/uploads\\\/2024\\\/07\\\/logo.png\",\"width\":600,\"height\":428,\"caption\":\"Koonings\"},\"image\":{\"@id\":\"https:\\\/\\\/www.koonings.com\\\/de\\\/#\\\/schema\\\/logo\\\/image\\\/\"},\"sameAs\":[\"https:\\\/\\\/www.facebook.com\\\/kooningstheweddingpalace\",\"https:\\\/\\\/www.instagram.com\\\/kooningstheweddingpalace\",\"https:\\\/\\\/www.pinterest.com\\\/koonings\",\"https:\\\/\\\/www.youtube.com\\\/kooningstheweddingpalace\"]}]}<\/script>\n<!-- \/ Yoast SEO plugin. -->","yoast_head_json":{"title":"Fashion Queen Lohrengel Molly Monroe LB504 | Koonings","description":"Das Lohrengel LB504 von Fashion Queen ist ein raffiniertes und elegantes Hochzeitskleid, das Romantik und modernen Stil perfekt ausbalanciert. Das Design betont feminine Formen mit einer sch\u00f6nen Silhouette und luxuri\u00f6sen Stoffen, die einen schicken Look kreieren. Die subtilen Spitzendetails und die sch\u00f6ne Verarbeitung machen dieses Kleid ideal f\u00fcr die Braut, die einen zeitlosen und eleganten Look f\u00fcr ihren gro\u00dfen Tag sucht. Mit dem Lohrengel LB504 f\u00fchlen Sie sich selbstbewusst und selbstsicher, bereit, auf Ihrer Hochzeit zu gl\u00e4nzen.","robots":{"index":"index","follow":"follow","max-snippet":"max-snippet:-1","max-image-preview":"max-image-preview:large","max-video-preview":"max-video-preview:-1"},"canonical":"https:\/\/www.koonings.com\/de\/product\/lohrengel-lb504\/","og_locale":"de_DE","og_type":"article","og_title":"Fashion Queen Lohrengel Molly Monroe LB504 | Koonings","og_description":"Das Lohrengel LB504 von Fashion Queen ist ein raffiniertes und elegantes Hochzeitskleid, das Romantik und modernen Stil perfekt ausbalanciert. Das Design betont feminine Formen mit einer sch\u00f6nen Silhouette und luxuri\u00f6sen Stoffen, die einen schicken Look kreieren. Die subtilen Spitzendetails und die sch\u00f6ne Verarbeitung machen dieses Kleid ideal f\u00fcr die Braut, die einen zeitlosen und eleganten Look f\u00fcr ihren gro\u00dfen Tag sucht. Mit dem Lohrengel LB504 f\u00fchlen Sie sich selbstbewusst und selbstsicher, bereit, auf Ihrer Hochzeit zu gl\u00e4nzen.","og_url":"https:\/\/www.koonings.com\/de\/product\/lohrengel-lb504\/","og_site_name":"Koonings","article_publisher":"https:\/\/www.facebook.com\/kooningstheweddingpalace","og_image":[{"width":1312,"height":1858,"url":"https:\/\/www.koonings.com\/wp-content\/uploads\/2024\/11\/41084_8ead0787058c536b39757943dbac2d11e483c68da5ec0f9f4ce5830385eef128335db695.jpeg","type":"image\/jpeg"}],"twitter_card":"summary_large_image","schema":{"@context":"https:\/\/schema.org","@graph":[{"@type":"WebPage","@id":"https:\/\/www.koonings.com\/de\/product\/lohrengel-lb504\/","url":"https:\/\/www.koonings.com\/de\/product\/lohrengel-lb504\/","name":"Fashion Queen Lohrengel Molly Monroe LB504 | Koonings","isPartOf":{"@id":"https:\/\/www.koonings.com\/de\/#website"},"primaryImageOfPage":{"@id":"https:\/\/www.koonings.com\/de\/product\/lohrengel-lb504\/#primaryimage"},"image":{"@id":"https:\/\/www.koonings.com\/de\/product\/lohrengel-lb504\/#primaryimage"},"thumbnailUrl":"https:\/\/www.koonings.com\/wp-content\/uploads\/2024\/11\/41084_8ead0787058c536b39757943dbac2d11e483c68da5ec0f9f4ce5830385eef128335db695.jpeg","datePublished":"2026-04-28T16:24:55+00:00","description":"Das Lohrengel LB504 von Fashion Queen ist ein raffiniertes und elegantes Hochzeitskleid, das Romantik und modernen Stil perfekt ausbalanciert. Das Design betont feminine Formen mit einer sch\u00f6nen Silhouette und luxuri\u00f6sen Stoffen, die einen schicken Look kreieren. Die subtilen Spitzendetails und die sch\u00f6ne Verarbeitung machen dieses Kleid ideal f\u00fcr die Braut, die einen zeitlosen und eleganten Look f\u00fcr ihren gro\u00dfen Tag sucht. Mit dem Lohrengel LB504 f\u00fchlen Sie sich selbstbewusst und selbstsicher, bereit, auf Ihrer Hochzeit zu gl\u00e4nzen.","breadcrumb":{"@id":"https:\/\/www.koonings.com\/de\/product\/lohrengel-lb504\/#breadcrumb"},"inLanguage":"de","potentialAction":[{"@type":"ReadAction","target":["https:\/\/www.koonings.com\/de\/product\/lohrengel-lb504\/"]}]},{"@type":"ImageObject","inLanguage":"de","@id":"https:\/\/www.koonings.com\/de\/product\/lohrengel-lb504\/#primaryimage","url":"https:\/\/www.koonings.com\/wp-content\/uploads\/2024\/11\/41084_8ead0787058c536b39757943dbac2d11e483c68da5ec0f9f4ce5830385eef128335db695.jpeg","contentUrl":"https:\/\/www.koonings.com\/wp-content\/uploads\/2024\/11\/41084_8ead0787058c536b39757943dbac2d11e483c68da5ec0f9f4ce5830385eef128335db695.jpeg","width":1312,"height":1858},{"@type":"BreadcrumbList","@id":"https:\/\/www.koonings.com\/de\/product\/lohrengel-lb504\/#breadcrumb","itemListElement":[{"@type":"ListItem","position":1,"name":"Home","item":"https:\/\/www.koonings.com\/de\/"},{"@type":"ListItem","position":2,"name":"Fashion Queen Lohrengel Molly Monroe LB504"}]},{"@type":"WebSite","@id":"https:\/\/www.koonings.com\/de\/#website","url":"https:\/\/www.koonings.com\/de\/","name":"Koonings","description":"De grootste bruidsmodewinkel ter wereld","publisher":{"@id":"https:\/\/www.koonings.com\/de\/#organization"},"potentialAction":[{"@type":"SearchAction","target":{"@type":"EntryPoint","urlTemplate":"https:\/\/www.koonings.com\/de\/?s={search_term_string}"},"query-input":{"@type":"PropertyValueSpecification","valueRequired":true,"valueName":"search_term_string"}}],"inLanguage":"de"},{"@type":"Organization","@id":"https:\/\/www.koonings.com\/de\/#organization","name":"Koonings","url":"https:\/\/www.koonings.com\/de\/","logo":{"@type":"ImageObject","inLanguage":"de","@id":"https:\/\/www.koonings.com\/de\/#\/schema\/logo\/image\/","url":"https:\/\/www.koonings.com\/wp-content\/uploads\/2024\/07\/logo.png","contentUrl":"https:\/\/www.koonings.com\/wp-content\/uploads\/2024\/07\/logo.png","width":600,"height":428,"caption":"Koonings"},"image":{"@id":"https:\/\/www.koonings.com\/de\/#\/schema\/logo\/image\/"},"sameAs":["https:\/\/www.facebook.com\/kooningstheweddingpalace","https:\/\/www.instagram.com\/kooningstheweddingpalace","https:\/\/www.pinterest.com\/koonings","https:\/\/www.youtube.com\/kooningstheweddingpalace"]}]}},"_links":{"self":[{"href":"https:\/\/www.koonings.com\/de\/wp-json\/wp\/v2\/product\/59099","targetHints":{"allow":["GET"]}}],"collection":[{"href":"https:\/\/www.koonings.com\/de\/wp-json\/wp\/v2\/product"}],"about":[{"href":"https:\/\/www.koonings.com\/de\/wp-json\/wp\/v2\/types\/product"}],"wp:featuredmedia":[{"embeddable":true,"href":"https:\/\/www.koonings.com\/de\/wp-json\/wp\/v2\/media\/50033"}],"wp:attachment":[{"href":"https:\/\/www.koonings.com\/de\/wp-json\/wp\/v2\/media?parent=59099"}],"wp:term":[{"taxonomy":"productdetails","embeddable":true,"href":"https:\/\/www.koonings.com\/de\/wp-json\/wp\/v2\/productdetails?post=59099"},{"taxonomy":"productneck","embeddable":true,"href":"https:\/\/www.koonings.com\/de\/wp-json\/wp\/v2\/productneck?post=59099"},{"taxonomy":"productcolor","embeddable":true,"href":"https:\/\/www.koonings.com\/de\/wp-json\/wp\/v2\/productcolor?post=59099"},{"taxonomy":"maat","embeddable":true,"href":"https:\/\/www.koonings.com\/de\/wp-json\/wp\/v2\/maat?post=59099"},{"taxonomy":"productsupplier","embeddable":true,"href":"https:\/\/www.koonings.com\/de\/wp-json\/wp\/v2\/productsupplier?post=59099"},{"taxonomy":"productsleeve","embeddable":true,"href":"https:\/\/www.koonings.com\/de\/wp-json\/wp\/v2\/productsleeve?post=59099"},{"taxonomy":"productcategory","embeddable":true,"href":"https:\/\/www.koonings.com\/de\/wp-json\/wp\/v2\/productcategory?post=59099"},{"taxonomy":"productsilhouette","embeddable":true,"href":"https:\/\/www.koonings.com\/de\/wp-json\/wp\/v2\/productsilhouette?post=59099"},{"taxonomy":"productstyle","embeddable":true,"href":"https:\/\/www.koonings.com\/de\/wp-json\/wp\/v2\/productstyle?post=59099"}],"curies":[{"name":"wp","href":"https:\/\/api.w.org\/{rel}","templated":true}]}}