{"id":59094,"date":"2026-04-14T16:26:40","date_gmt":"2026-04-14T14:26:40","guid":{"rendered":"https:\/\/www.koonings.com\/product\/lohrengel-lb520-2\/"},"modified":"2025-06-05T13:13:12","modified_gmt":"2025-06-05T11:13:12","slug":"lohrengel-lb520-2","status":"publish","type":"product","link":"https:\/\/www.koonings.com\/de\/product\/lohrengel-lb520-2\/","title":{"rendered":"Fashion Queen Lohrengel Molly Monroe LB520"},"content":{"rendered":"<p>Das Lohrengel LB520 von Fashion Queen ist ein elegantes und raffiniertes Hochzeitskleid, das zeitlose Sch\u00f6nheit ausstrahlt. Das Design ist eine perfekte Kombination aus klassischem Charme und modernen Details, mit einer sch\u00f6nen Silhouette, die die weiblichen Kurven dezent betont. Die luxuri\u00f6sen Stoffe und detaillierten Verarbeitungen sorgen f\u00fcr einen schicken Look. Damit ist dieses Kleid ideal f\u00fcr die Braut, die einen stilvollen und anspruchsvollen Look sucht.  <\/p>\n<p>Der Lohrengel LB520 ist die perfekte Wahl f\u00fcr eine unvergessliche Hochzeit, bei der Sie sich sowohl sch\u00f6n als auch sicher f\u00fchlen werden.<\/p>\n","protected":false},"featured_media":50050,"template":"","meta":{"_acf_changed":false,"ghostkit_customizer_options":"","ghostkit_custom_css":"","ghostkit_custom_js_head":"","ghostkit_custom_js_foot":"","ghostkit_typography":""},"productdetails":[],"productneck":[356],"productcolor":[392],"maat":[375],"productsupplier":[480],"productsleeve":[359],"productcategory":[18],"productsilhouette":[384],"productstyle":[366,370],"class_list":["post-59094","product","type-product","status-publish","has-post-thumbnail","hentry","productneck-356","productcolor-392","maat-375","productsupplier-fashion-queen","productsleeve-359","productcategory-trouwjurken","productsilhouette-384","productstyle-366","productstyle-370"],"acf":[],"yoast_head":"<!-- This site is optimized with the Yoast SEO plugin v27.3 - https:\/\/yoast.com\/product\/yoast-seo-wordpress\/ -->\n<title>Fashion Queen Lohrengel Molly Monroe LB520 | Koonings<\/title>\n<meta name=\"description\" content=\"Das Lohrengel LB520 von Fashion Queen ist ein elegantes und raffiniertes Hochzeitskleid, das zeitlose Sch\u00f6nheit ausstrahlt. Das Design ist eine perfekte Kombination aus klassischem Charme und modernen Details, mit einer sch\u00f6nen Silhouette, die die weiblichen Kurven dezent betont. Die luxuri\u00f6sen Stoffe und detaillierten Verarbeitungen sorgen f\u00fcr einen schicken Look. Damit ist dieses Kleid ideal f\u00fcr die Braut, die einen stilvollen und anspruchsvollen Look sucht. Der Lohrengel LB520 ist die perfekte Wahl f\u00fcr eine unvergessliche Hochzeit, bei der Sie sich sowohl sch\u00f6n als auch sicher f\u00fchlen werden.\" \/>\n<meta name=\"robots\" content=\"index, follow, max-snippet:-1, max-image-preview:large, max-video-preview:-1\" \/>\n<link rel=\"canonical\" href=\"https:\/\/www.koonings.com\/de\/product\/lohrengel-lb520-2\/\" \/>\n<meta property=\"og:locale\" content=\"de_DE\" \/>\n<meta property=\"og:type\" content=\"article\" \/>\n<meta property=\"og:title\" content=\"Fashion Queen Lohrengel Molly Monroe LB520 | Koonings\" \/>\n<meta property=\"og:description\" content=\"Das Lohrengel LB520 von Fashion Queen ist ein elegantes und raffiniertes Hochzeitskleid, das zeitlose Sch\u00f6nheit ausstrahlt. Das Design ist eine perfekte Kombination aus klassischem Charme und modernen Details, mit einer sch\u00f6nen Silhouette, die die weiblichen Kurven dezent betont. Die luxuri\u00f6sen Stoffe und detaillierten Verarbeitungen sorgen f\u00fcr einen schicken Look. Damit ist dieses Kleid ideal f\u00fcr die Braut, die einen stilvollen und anspruchsvollen Look sucht. Der Lohrengel LB520 ist die perfekte Wahl f\u00fcr eine unvergessliche Hochzeit, bei der Sie sich sowohl sch\u00f6n als auch sicher f\u00fchlen werden.\" \/>\n<meta property=\"og:url\" content=\"https:\/\/www.koonings.com\/de\/product\/lohrengel-lb520-2\/\" \/>\n<meta property=\"og:site_name\" content=\"Koonings\" \/>\n<meta property=\"article:publisher\" content=\"https:\/\/www.facebook.com\/kooningstheweddingpalace\" \/>\n<meta property=\"og:image\" content=\"https:\/\/www.koonings.com\/wp-content\/uploads\/2024\/11\/41086_d244f275505d196141fdd658f24108999d87050be6feb8497b4fd1415587153114b843fe.jpeg\" \/>\n\t<meta property=\"og:image:width\" content=\"1243\" \/>\n\t<meta property=\"og:image:height\" content=\"1758\" \/>\n\t<meta property=\"og:image:type\" content=\"image\/jpeg\" \/>\n<meta name=\"twitter:card\" content=\"summary_large_image\" \/>\n<script type=\"application\/ld+json\" class=\"yoast-schema-graph\">{\"@context\":\"https:\\\/\\\/schema.org\",\"@graph\":[{\"@type\":\"WebPage\",\"@id\":\"https:\\\/\\\/www.koonings.com\\\/de\\\/product\\\/lohrengel-lb520-2\\\/\",\"url\":\"https:\\\/\\\/www.koonings.com\\\/de\\\/product\\\/lohrengel-lb520-2\\\/\",\"name\":\"Fashion Queen Lohrengel Molly Monroe LB520 | Koonings\",\"isPartOf\":{\"@id\":\"https:\\\/\\\/www.koonings.com\\\/de\\\/#website\"},\"primaryImageOfPage\":{\"@id\":\"https:\\\/\\\/www.koonings.com\\\/de\\\/product\\\/lohrengel-lb520-2\\\/#primaryimage\"},\"image\":{\"@id\":\"https:\\\/\\\/www.koonings.com\\\/de\\\/product\\\/lohrengel-lb520-2\\\/#primaryimage\"},\"thumbnailUrl\":\"https:\\\/\\\/www.koonings.com\\\/wp-content\\\/uploads\\\/2024\\\/11\\\/41086_d244f275505d196141fdd658f24108999d87050be6feb8497b4fd1415587153114b843fe.jpeg\",\"datePublished\":\"2026-04-14T14:26:40+00:00\",\"description\":\"Das Lohrengel LB520 von Fashion Queen ist ein elegantes und raffiniertes Hochzeitskleid, das zeitlose Sch\u00f6nheit ausstrahlt. Das Design ist eine perfekte Kombination aus klassischem Charme und modernen Details, mit einer sch\u00f6nen Silhouette, die die weiblichen Kurven dezent betont. Die luxuri\u00f6sen Stoffe und detaillierten Verarbeitungen sorgen f\u00fcr einen schicken Look. Damit ist dieses Kleid ideal f\u00fcr die Braut, die einen stilvollen und anspruchsvollen Look sucht. Der Lohrengel LB520 ist die perfekte Wahl f\u00fcr eine unvergessliche Hochzeit, bei der Sie sich sowohl sch\u00f6n als auch sicher f\u00fchlen werden.\",\"breadcrumb\":{\"@id\":\"https:\\\/\\\/www.koonings.com\\\/de\\\/product\\\/lohrengel-lb520-2\\\/#breadcrumb\"},\"inLanguage\":\"de\",\"potentialAction\":[{\"@type\":\"ReadAction\",\"target\":[\"https:\\\/\\\/www.koonings.com\\\/de\\\/product\\\/lohrengel-lb520-2\\\/\"]}]},{\"@type\":\"ImageObject\",\"inLanguage\":\"de\",\"@id\":\"https:\\\/\\\/www.koonings.com\\\/de\\\/product\\\/lohrengel-lb520-2\\\/#primaryimage\",\"url\":\"https:\\\/\\\/www.koonings.com\\\/wp-content\\\/uploads\\\/2024\\\/11\\\/41086_d244f275505d196141fdd658f24108999d87050be6feb8497b4fd1415587153114b843fe.jpeg\",\"contentUrl\":\"https:\\\/\\\/www.koonings.com\\\/wp-content\\\/uploads\\\/2024\\\/11\\\/41086_d244f275505d196141fdd658f24108999d87050be6feb8497b4fd1415587153114b843fe.jpeg\",\"width\":1243,\"height\":1758},{\"@type\":\"BreadcrumbList\",\"@id\":\"https:\\\/\\\/www.koonings.com\\\/de\\\/product\\\/lohrengel-lb520-2\\\/#breadcrumb\",\"itemListElement\":[{\"@type\":\"ListItem\",\"position\":1,\"name\":\"Home\",\"item\":\"https:\\\/\\\/www.koonings.com\\\/de\\\/\"},{\"@type\":\"ListItem\",\"position\":2,\"name\":\"Fashion Queen Lohrengel Molly Monroe LB520\"}]},{\"@type\":\"WebSite\",\"@id\":\"https:\\\/\\\/www.koonings.com\\\/de\\\/#website\",\"url\":\"https:\\\/\\\/www.koonings.com\\\/de\\\/\",\"name\":\"Koonings\",\"description\":\"De grootste bruidsmodewinkel ter wereld\",\"publisher\":{\"@id\":\"https:\\\/\\\/www.koonings.com\\\/de\\\/#organization\"},\"potentialAction\":[{\"@type\":\"SearchAction\",\"target\":{\"@type\":\"EntryPoint\",\"urlTemplate\":\"https:\\\/\\\/www.koonings.com\\\/de\\\/?s={search_term_string}\"},\"query-input\":{\"@type\":\"PropertyValueSpecification\",\"valueRequired\":true,\"valueName\":\"search_term_string\"}}],\"inLanguage\":\"de\"},{\"@type\":\"Organization\",\"@id\":\"https:\\\/\\\/www.koonings.com\\\/de\\\/#organization\",\"name\":\"Koonings\",\"url\":\"https:\\\/\\\/www.koonings.com\\\/de\\\/\",\"logo\":{\"@type\":\"ImageObject\",\"inLanguage\":\"de\",\"@id\":\"https:\\\/\\\/www.koonings.com\\\/de\\\/#\\\/schema\\\/logo\\\/image\\\/\",\"url\":\"https:\\\/\\\/www.koonings.com\\\/wp-content\\\/uploads\\\/2024\\\/07\\\/logo.png\",\"contentUrl\":\"https:\\\/\\\/www.koonings.com\\\/wp-content\\\/uploads\\\/2024\\\/07\\\/logo.png\",\"width\":600,\"height\":428,\"caption\":\"Koonings\"},\"image\":{\"@id\":\"https:\\\/\\\/www.koonings.com\\\/de\\\/#\\\/schema\\\/logo\\\/image\\\/\"},\"sameAs\":[\"https:\\\/\\\/www.facebook.com\\\/kooningstheweddingpalace\",\"https:\\\/\\\/www.instagram.com\\\/kooningstheweddingpalace\",\"https:\\\/\\\/www.pinterest.com\\\/koonings\",\"https:\\\/\\\/www.youtube.com\\\/kooningstheweddingpalace\"]}]}<\/script>\n<!-- \/ Yoast SEO plugin. -->","yoast_head_json":{"title":"Fashion Queen Lohrengel Molly Monroe LB520 | Koonings","description":"Das Lohrengel LB520 von Fashion Queen ist ein elegantes und raffiniertes Hochzeitskleid, das zeitlose Sch\u00f6nheit ausstrahlt. Das Design ist eine perfekte Kombination aus klassischem Charme und modernen Details, mit einer sch\u00f6nen Silhouette, die die weiblichen Kurven dezent betont. Die luxuri\u00f6sen Stoffe und detaillierten Verarbeitungen sorgen f\u00fcr einen schicken Look. Damit ist dieses Kleid ideal f\u00fcr die Braut, die einen stilvollen und anspruchsvollen Look sucht. Der Lohrengel LB520 ist die perfekte Wahl f\u00fcr eine unvergessliche Hochzeit, bei der Sie sich sowohl sch\u00f6n als auch sicher f\u00fchlen werden.","robots":{"index":"index","follow":"follow","max-snippet":"max-snippet:-1","max-image-preview":"max-image-preview:large","max-video-preview":"max-video-preview:-1"},"canonical":"https:\/\/www.koonings.com\/de\/product\/lohrengel-lb520-2\/","og_locale":"de_DE","og_type":"article","og_title":"Fashion Queen Lohrengel Molly Monroe LB520 | Koonings","og_description":"Das Lohrengel LB520 von Fashion Queen ist ein elegantes und raffiniertes Hochzeitskleid, das zeitlose Sch\u00f6nheit ausstrahlt. Das Design ist eine perfekte Kombination aus klassischem Charme und modernen Details, mit einer sch\u00f6nen Silhouette, die die weiblichen Kurven dezent betont. Die luxuri\u00f6sen Stoffe und detaillierten Verarbeitungen sorgen f\u00fcr einen schicken Look. Damit ist dieses Kleid ideal f\u00fcr die Braut, die einen stilvollen und anspruchsvollen Look sucht. Der Lohrengel LB520 ist die perfekte Wahl f\u00fcr eine unvergessliche Hochzeit, bei der Sie sich sowohl sch\u00f6n als auch sicher f\u00fchlen werden.","og_url":"https:\/\/www.koonings.com\/de\/product\/lohrengel-lb520-2\/","og_site_name":"Koonings","article_publisher":"https:\/\/www.facebook.com\/kooningstheweddingpalace","og_image":[{"width":1243,"height":1758,"url":"https:\/\/www.koonings.com\/wp-content\/uploads\/2024\/11\/41086_d244f275505d196141fdd658f24108999d87050be6feb8497b4fd1415587153114b843fe.jpeg","type":"image\/jpeg"}],"twitter_card":"summary_large_image","schema":{"@context":"https:\/\/schema.org","@graph":[{"@type":"WebPage","@id":"https:\/\/www.koonings.com\/de\/product\/lohrengel-lb520-2\/","url":"https:\/\/www.koonings.com\/de\/product\/lohrengel-lb520-2\/","name":"Fashion Queen Lohrengel Molly Monroe LB520 | Koonings","isPartOf":{"@id":"https:\/\/www.koonings.com\/de\/#website"},"primaryImageOfPage":{"@id":"https:\/\/www.koonings.com\/de\/product\/lohrengel-lb520-2\/#primaryimage"},"image":{"@id":"https:\/\/www.koonings.com\/de\/product\/lohrengel-lb520-2\/#primaryimage"},"thumbnailUrl":"https:\/\/www.koonings.com\/wp-content\/uploads\/2024\/11\/41086_d244f275505d196141fdd658f24108999d87050be6feb8497b4fd1415587153114b843fe.jpeg","datePublished":"2026-04-14T14:26:40+00:00","description":"Das Lohrengel LB520 von Fashion Queen ist ein elegantes und raffiniertes Hochzeitskleid, das zeitlose Sch\u00f6nheit ausstrahlt. Das Design ist eine perfekte Kombination aus klassischem Charme und modernen Details, mit einer sch\u00f6nen Silhouette, die die weiblichen Kurven dezent betont. Die luxuri\u00f6sen Stoffe und detaillierten Verarbeitungen sorgen f\u00fcr einen schicken Look. Damit ist dieses Kleid ideal f\u00fcr die Braut, die einen stilvollen und anspruchsvollen Look sucht. Der Lohrengel LB520 ist die perfekte Wahl f\u00fcr eine unvergessliche Hochzeit, bei der Sie sich sowohl sch\u00f6n als auch sicher f\u00fchlen werden.","breadcrumb":{"@id":"https:\/\/www.koonings.com\/de\/product\/lohrengel-lb520-2\/#breadcrumb"},"inLanguage":"de","potentialAction":[{"@type":"ReadAction","target":["https:\/\/www.koonings.com\/de\/product\/lohrengel-lb520-2\/"]}]},{"@type":"ImageObject","inLanguage":"de","@id":"https:\/\/www.koonings.com\/de\/product\/lohrengel-lb520-2\/#primaryimage","url":"https:\/\/www.koonings.com\/wp-content\/uploads\/2024\/11\/41086_d244f275505d196141fdd658f24108999d87050be6feb8497b4fd1415587153114b843fe.jpeg","contentUrl":"https:\/\/www.koonings.com\/wp-content\/uploads\/2024\/11\/41086_d244f275505d196141fdd658f24108999d87050be6feb8497b4fd1415587153114b843fe.jpeg","width":1243,"height":1758},{"@type":"BreadcrumbList","@id":"https:\/\/www.koonings.com\/de\/product\/lohrengel-lb520-2\/#breadcrumb","itemListElement":[{"@type":"ListItem","position":1,"name":"Home","item":"https:\/\/www.koonings.com\/de\/"},{"@type":"ListItem","position":2,"name":"Fashion Queen Lohrengel Molly Monroe LB520"}]},{"@type":"WebSite","@id":"https:\/\/www.koonings.com\/de\/#website","url":"https:\/\/www.koonings.com\/de\/","name":"Koonings","description":"De grootste bruidsmodewinkel ter wereld","publisher":{"@id":"https:\/\/www.koonings.com\/de\/#organization"},"potentialAction":[{"@type":"SearchAction","target":{"@type":"EntryPoint","urlTemplate":"https:\/\/www.koonings.com\/de\/?s={search_term_string}"},"query-input":{"@type":"PropertyValueSpecification","valueRequired":true,"valueName":"search_term_string"}}],"inLanguage":"de"},{"@type":"Organization","@id":"https:\/\/www.koonings.com\/de\/#organization","name":"Koonings","url":"https:\/\/www.koonings.com\/de\/","logo":{"@type":"ImageObject","inLanguage":"de","@id":"https:\/\/www.koonings.com\/de\/#\/schema\/logo\/image\/","url":"https:\/\/www.koonings.com\/wp-content\/uploads\/2024\/07\/logo.png","contentUrl":"https:\/\/www.koonings.com\/wp-content\/uploads\/2024\/07\/logo.png","width":600,"height":428,"caption":"Koonings"},"image":{"@id":"https:\/\/www.koonings.com\/de\/#\/schema\/logo\/image\/"},"sameAs":["https:\/\/www.facebook.com\/kooningstheweddingpalace","https:\/\/www.instagram.com\/kooningstheweddingpalace","https:\/\/www.pinterest.com\/koonings","https:\/\/www.youtube.com\/kooningstheweddingpalace"]}]}},"_links":{"self":[{"href":"https:\/\/www.koonings.com\/de\/wp-json\/wp\/v2\/product\/59094","targetHints":{"allow":["GET"]}}],"collection":[{"href":"https:\/\/www.koonings.com\/de\/wp-json\/wp\/v2\/product"}],"about":[{"href":"https:\/\/www.koonings.com\/de\/wp-json\/wp\/v2\/types\/product"}],"wp:featuredmedia":[{"embeddable":true,"href":"https:\/\/www.koonings.com\/de\/wp-json\/wp\/v2\/media\/50050"}],"wp:attachment":[{"href":"https:\/\/www.koonings.com\/de\/wp-json\/wp\/v2\/media?parent=59094"}],"wp:term":[{"taxonomy":"productdetails","embeddable":true,"href":"https:\/\/www.koonings.com\/de\/wp-json\/wp\/v2\/productdetails?post=59094"},{"taxonomy":"productneck","embeddable":true,"href":"https:\/\/www.koonings.com\/de\/wp-json\/wp\/v2\/productneck?post=59094"},{"taxonomy":"productcolor","embeddable":true,"href":"https:\/\/www.koonings.com\/de\/wp-json\/wp\/v2\/productcolor?post=59094"},{"taxonomy":"maat","embeddable":true,"href":"https:\/\/www.koonings.com\/de\/wp-json\/wp\/v2\/maat?post=59094"},{"taxonomy":"productsupplier","embeddable":true,"href":"https:\/\/www.koonings.com\/de\/wp-json\/wp\/v2\/productsupplier?post=59094"},{"taxonomy":"productsleeve","embeddable":true,"href":"https:\/\/www.koonings.com\/de\/wp-json\/wp\/v2\/productsleeve?post=59094"},{"taxonomy":"productcategory","embeddable":true,"href":"https:\/\/www.koonings.com\/de\/wp-json\/wp\/v2\/productcategory?post=59094"},{"taxonomy":"productsilhouette","embeddable":true,"href":"https:\/\/www.koonings.com\/de\/wp-json\/wp\/v2\/productsilhouette?post=59094"},{"taxonomy":"productstyle","embeddable":true,"href":"https:\/\/www.koonings.com\/de\/wp-json\/wp\/v2\/productstyle?post=59094"}],"curies":[{"name":"wp","href":"https:\/\/api.w.org\/{rel}","templated":true}]}}