{"id":59087,"date":"2026-04-14T16:26:40","date_gmt":"2026-04-14T14:26:40","guid":{"rendered":"https:\/\/www.koonings.com\/product\/lohrengel-lb531\/"},"modified":"2025-06-05T13:21:08","modified_gmt":"2025-06-05T11:21:08","slug":"lohrengel-lb531","status":"publish","type":"product","link":"https:\/\/www.koonings.com\/de\/product\/lohrengel-lb531\/","title":{"rendered":"Fashion Queen Lohrengel Molly Monroe LB531"},"content":{"rendered":"<p>Das Lohrengel LB531 von Fashion Queen ist ein raffiniertes Hochzeitskleid, das Eleganz und Modernit\u00e4t perfekt verbindet. Das Design unterstreicht feminine Formen mit einer schlanken Silhouette und luxuri\u00f6sen Stoffen, die einen schicken Look kreieren. Die detaillierten Abschl\u00fcsse und der subtile Einsatz von Spitze machen das Kleid zu einem zeitlosen Meisterwerk, ideal f\u00fcr die Braut, die einen klassischen und doch modernen Look sucht.  <\/p>\n<p>Der Lohrengel LB531 ist die perfekte Wahl f\u00fcr eine unvergessliche Hochzeit, bei der Sie sich an Ihrem gro\u00dfen Tag sicher und wundersch\u00f6n f\u00fchlen werden.<\/p>\n","protected":false},"featured_media":50067,"template":"","meta":{"_acf_changed":false,"ghostkit_customizer_options":"","ghostkit_custom_css":"","ghostkit_custom_js_head":"","ghostkit_custom_js_foot":"","ghostkit_typography":""},"productdetails":[381],"productneck":[350,356],"productcolor":[392],"maat":[375],"productsupplier":[480],"productsleeve":[361],"productcategory":[18],"productsilhouette":[384],"productstyle":[366,370],"class_list":["post-59087","product","type-product","status-publish","has-post-thumbnail","hentry","productdetails-381","productneck-350","productneck-356","productcolor-392","maat-375","productsupplier-fashion-queen","productsleeve-361","productcategory-trouwjurken","productsilhouette-384","productstyle-366","productstyle-370"],"acf":[],"yoast_head":"<!-- This site is optimized with the Yoast SEO plugin v27.3 - https:\/\/yoast.com\/product\/yoast-seo-wordpress\/ -->\n<title>Fashion Queen Lohrengel Molly Monroe LB531 | Koonings<\/title>\n<meta name=\"description\" content=\"Das Lohrengel LB531 von Fashion Queen ist ein raffiniertes Hochzeitskleid, das Eleganz und Modernit\u00e4t perfekt verbindet. Das Design unterstreicht feminine Formen mit einer schlanken Silhouette und luxuri\u00f6sen Stoffen, die einen schicken Look kreieren. Die detaillierten Abschl\u00fcsse und der subtile Einsatz von Spitze machen das Kleid zu einem zeitlosen Meisterwerk, ideal f\u00fcr die Braut, die einen klassischen und doch modernen Look sucht. Der Lohrengel LB531 ist die perfekte Wahl f\u00fcr eine unvergessliche Hochzeit, bei der Sie sich an Ihrem gro\u00dfen Tag sicher und wundersch\u00f6n f\u00fchlen werden.\" \/>\n<meta name=\"robots\" content=\"index, follow, max-snippet:-1, max-image-preview:large, max-video-preview:-1\" \/>\n<link rel=\"canonical\" href=\"https:\/\/www.koonings.com\/de\/product\/lohrengel-lb531\/\" \/>\n<meta property=\"og:locale\" content=\"de_DE\" \/>\n<meta property=\"og:type\" content=\"article\" \/>\n<meta property=\"og:title\" content=\"Fashion Queen Lohrengel Molly Monroe LB531 | Koonings\" \/>\n<meta property=\"og:description\" content=\"Das Lohrengel LB531 von Fashion Queen ist ein raffiniertes Hochzeitskleid, das Eleganz und Modernit\u00e4t perfekt verbindet. Das Design unterstreicht feminine Formen mit einer schlanken Silhouette und luxuri\u00f6sen Stoffen, die einen schicken Look kreieren. Die detaillierten Abschl\u00fcsse und der subtile Einsatz von Spitze machen das Kleid zu einem zeitlosen Meisterwerk, ideal f\u00fcr die Braut, die einen klassischen und doch modernen Look sucht. Der Lohrengel LB531 ist die perfekte Wahl f\u00fcr eine unvergessliche Hochzeit, bei der Sie sich an Ihrem gro\u00dfen Tag sicher und wundersch\u00f6n f\u00fchlen werden.\" \/>\n<meta property=\"og:url\" content=\"https:\/\/www.koonings.com\/de\/product\/lohrengel-lb531\/\" \/>\n<meta property=\"og:site_name\" content=\"Koonings\" \/>\n<meta property=\"article:publisher\" content=\"https:\/\/www.facebook.com\/kooningstheweddingpalace\" \/>\n<meta property=\"og:image\" content=\"https:\/\/www.koonings.com\/wp-content\/uploads\/2024\/11\/41087_18c83d66bf9933676b10c6827341a0822779feb9f299242461e33fc4ad1fe9d7e0d79056.jpeg\" \/>\n\t<meta property=\"og:image:width\" content=\"1293\" \/>\n\t<meta property=\"og:image:height\" content=\"1829\" \/>\n\t<meta property=\"og:image:type\" content=\"image\/jpeg\" \/>\n<meta name=\"twitter:card\" content=\"summary_large_image\" \/>\n<script type=\"application\/ld+json\" class=\"yoast-schema-graph\">{\"@context\":\"https:\\\/\\\/schema.org\",\"@graph\":[{\"@type\":\"WebPage\",\"@id\":\"https:\\\/\\\/www.koonings.com\\\/de\\\/product\\\/lohrengel-lb531\\\/\",\"url\":\"https:\\\/\\\/www.koonings.com\\\/de\\\/product\\\/lohrengel-lb531\\\/\",\"name\":\"Fashion Queen Lohrengel Molly Monroe LB531 | Koonings\",\"isPartOf\":{\"@id\":\"https:\\\/\\\/www.koonings.com\\\/de\\\/#website\"},\"primaryImageOfPage\":{\"@id\":\"https:\\\/\\\/www.koonings.com\\\/de\\\/product\\\/lohrengel-lb531\\\/#primaryimage\"},\"image\":{\"@id\":\"https:\\\/\\\/www.koonings.com\\\/de\\\/product\\\/lohrengel-lb531\\\/#primaryimage\"},\"thumbnailUrl\":\"https:\\\/\\\/www.koonings.com\\\/wp-content\\\/uploads\\\/2024\\\/11\\\/41087_18c83d66bf9933676b10c6827341a0822779feb9f299242461e33fc4ad1fe9d7e0d79056.jpeg\",\"datePublished\":\"2026-04-14T14:26:40+00:00\",\"description\":\"Das Lohrengel LB531 von Fashion Queen ist ein raffiniertes Hochzeitskleid, das Eleganz und Modernit\u00e4t perfekt verbindet. Das Design unterstreicht feminine Formen mit einer schlanken Silhouette und luxuri\u00f6sen Stoffen, die einen schicken Look kreieren. Die detaillierten Abschl\u00fcsse und der subtile Einsatz von Spitze machen das Kleid zu einem zeitlosen Meisterwerk, ideal f\u00fcr die Braut, die einen klassischen und doch modernen Look sucht. Der Lohrengel LB531 ist die perfekte Wahl f\u00fcr eine unvergessliche Hochzeit, bei der Sie sich an Ihrem gro\u00dfen Tag sicher und wundersch\u00f6n f\u00fchlen werden.\",\"breadcrumb\":{\"@id\":\"https:\\\/\\\/www.koonings.com\\\/de\\\/product\\\/lohrengel-lb531\\\/#breadcrumb\"},\"inLanguage\":\"de\",\"potentialAction\":[{\"@type\":\"ReadAction\",\"target\":[\"https:\\\/\\\/www.koonings.com\\\/de\\\/product\\\/lohrengel-lb531\\\/\"]}]},{\"@type\":\"ImageObject\",\"inLanguage\":\"de\",\"@id\":\"https:\\\/\\\/www.koonings.com\\\/de\\\/product\\\/lohrengel-lb531\\\/#primaryimage\",\"url\":\"https:\\\/\\\/www.koonings.com\\\/wp-content\\\/uploads\\\/2024\\\/11\\\/41087_18c83d66bf9933676b10c6827341a0822779feb9f299242461e33fc4ad1fe9d7e0d79056.jpeg\",\"contentUrl\":\"https:\\\/\\\/www.koonings.com\\\/wp-content\\\/uploads\\\/2024\\\/11\\\/41087_18c83d66bf9933676b10c6827341a0822779feb9f299242461e33fc4ad1fe9d7e0d79056.jpeg\",\"width\":1293,\"height\":1829},{\"@type\":\"BreadcrumbList\",\"@id\":\"https:\\\/\\\/www.koonings.com\\\/de\\\/product\\\/lohrengel-lb531\\\/#breadcrumb\",\"itemListElement\":[{\"@type\":\"ListItem\",\"position\":1,\"name\":\"Home\",\"item\":\"https:\\\/\\\/www.koonings.com\\\/de\\\/\"},{\"@type\":\"ListItem\",\"position\":2,\"name\":\"Fashion Queen Lohrengel Molly Monroe LB531\"}]},{\"@type\":\"WebSite\",\"@id\":\"https:\\\/\\\/www.koonings.com\\\/de\\\/#website\",\"url\":\"https:\\\/\\\/www.koonings.com\\\/de\\\/\",\"name\":\"Koonings\",\"description\":\"De grootste bruidsmodewinkel ter wereld\",\"publisher\":{\"@id\":\"https:\\\/\\\/www.koonings.com\\\/de\\\/#organization\"},\"potentialAction\":[{\"@type\":\"SearchAction\",\"target\":{\"@type\":\"EntryPoint\",\"urlTemplate\":\"https:\\\/\\\/www.koonings.com\\\/de\\\/?s={search_term_string}\"},\"query-input\":{\"@type\":\"PropertyValueSpecification\",\"valueRequired\":true,\"valueName\":\"search_term_string\"}}],\"inLanguage\":\"de\"},{\"@type\":\"Organization\",\"@id\":\"https:\\\/\\\/www.koonings.com\\\/de\\\/#organization\",\"name\":\"Koonings\",\"url\":\"https:\\\/\\\/www.koonings.com\\\/de\\\/\",\"logo\":{\"@type\":\"ImageObject\",\"inLanguage\":\"de\",\"@id\":\"https:\\\/\\\/www.koonings.com\\\/de\\\/#\\\/schema\\\/logo\\\/image\\\/\",\"url\":\"https:\\\/\\\/www.koonings.com\\\/wp-content\\\/uploads\\\/2024\\\/07\\\/logo.png\",\"contentUrl\":\"https:\\\/\\\/www.koonings.com\\\/wp-content\\\/uploads\\\/2024\\\/07\\\/logo.png\",\"width\":600,\"height\":428,\"caption\":\"Koonings\"},\"image\":{\"@id\":\"https:\\\/\\\/www.koonings.com\\\/de\\\/#\\\/schema\\\/logo\\\/image\\\/\"},\"sameAs\":[\"https:\\\/\\\/www.facebook.com\\\/kooningstheweddingpalace\",\"https:\\\/\\\/www.instagram.com\\\/kooningstheweddingpalace\",\"https:\\\/\\\/www.pinterest.com\\\/koonings\",\"https:\\\/\\\/www.youtube.com\\\/kooningstheweddingpalace\"]}]}<\/script>\n<!-- \/ Yoast SEO plugin. -->","yoast_head_json":{"title":"Fashion Queen Lohrengel Molly Monroe LB531 | Koonings","description":"Das Lohrengel LB531 von Fashion Queen ist ein raffiniertes Hochzeitskleid, das Eleganz und Modernit\u00e4t perfekt verbindet. Das Design unterstreicht feminine Formen mit einer schlanken Silhouette und luxuri\u00f6sen Stoffen, die einen schicken Look kreieren. Die detaillierten Abschl\u00fcsse und der subtile Einsatz von Spitze machen das Kleid zu einem zeitlosen Meisterwerk, ideal f\u00fcr die Braut, die einen klassischen und doch modernen Look sucht. Der Lohrengel LB531 ist die perfekte Wahl f\u00fcr eine unvergessliche Hochzeit, bei der Sie sich an Ihrem gro\u00dfen Tag sicher und wundersch\u00f6n f\u00fchlen werden.","robots":{"index":"index","follow":"follow","max-snippet":"max-snippet:-1","max-image-preview":"max-image-preview:large","max-video-preview":"max-video-preview:-1"},"canonical":"https:\/\/www.koonings.com\/de\/product\/lohrengel-lb531\/","og_locale":"de_DE","og_type":"article","og_title":"Fashion Queen Lohrengel Molly Monroe LB531 | Koonings","og_description":"Das Lohrengel LB531 von Fashion Queen ist ein raffiniertes Hochzeitskleid, das Eleganz und Modernit\u00e4t perfekt verbindet. Das Design unterstreicht feminine Formen mit einer schlanken Silhouette und luxuri\u00f6sen Stoffen, die einen schicken Look kreieren. Die detaillierten Abschl\u00fcsse und der subtile Einsatz von Spitze machen das Kleid zu einem zeitlosen Meisterwerk, ideal f\u00fcr die Braut, die einen klassischen und doch modernen Look sucht. Der Lohrengel LB531 ist die perfekte Wahl f\u00fcr eine unvergessliche Hochzeit, bei der Sie sich an Ihrem gro\u00dfen Tag sicher und wundersch\u00f6n f\u00fchlen werden.","og_url":"https:\/\/www.koonings.com\/de\/product\/lohrengel-lb531\/","og_site_name":"Koonings","article_publisher":"https:\/\/www.facebook.com\/kooningstheweddingpalace","og_image":[{"width":1293,"height":1829,"url":"https:\/\/www.koonings.com\/wp-content\/uploads\/2024\/11\/41087_18c83d66bf9933676b10c6827341a0822779feb9f299242461e33fc4ad1fe9d7e0d79056.jpeg","type":"image\/jpeg"}],"twitter_card":"summary_large_image","schema":{"@context":"https:\/\/schema.org","@graph":[{"@type":"WebPage","@id":"https:\/\/www.koonings.com\/de\/product\/lohrengel-lb531\/","url":"https:\/\/www.koonings.com\/de\/product\/lohrengel-lb531\/","name":"Fashion Queen Lohrengel Molly Monroe LB531 | Koonings","isPartOf":{"@id":"https:\/\/www.koonings.com\/de\/#website"},"primaryImageOfPage":{"@id":"https:\/\/www.koonings.com\/de\/product\/lohrengel-lb531\/#primaryimage"},"image":{"@id":"https:\/\/www.koonings.com\/de\/product\/lohrengel-lb531\/#primaryimage"},"thumbnailUrl":"https:\/\/www.koonings.com\/wp-content\/uploads\/2024\/11\/41087_18c83d66bf9933676b10c6827341a0822779feb9f299242461e33fc4ad1fe9d7e0d79056.jpeg","datePublished":"2026-04-14T14:26:40+00:00","description":"Das Lohrengel LB531 von Fashion Queen ist ein raffiniertes Hochzeitskleid, das Eleganz und Modernit\u00e4t perfekt verbindet. Das Design unterstreicht feminine Formen mit einer schlanken Silhouette und luxuri\u00f6sen Stoffen, die einen schicken Look kreieren. Die detaillierten Abschl\u00fcsse und der subtile Einsatz von Spitze machen das Kleid zu einem zeitlosen Meisterwerk, ideal f\u00fcr die Braut, die einen klassischen und doch modernen Look sucht. Der Lohrengel LB531 ist die perfekte Wahl f\u00fcr eine unvergessliche Hochzeit, bei der Sie sich an Ihrem gro\u00dfen Tag sicher und wundersch\u00f6n f\u00fchlen werden.","breadcrumb":{"@id":"https:\/\/www.koonings.com\/de\/product\/lohrengel-lb531\/#breadcrumb"},"inLanguage":"de","potentialAction":[{"@type":"ReadAction","target":["https:\/\/www.koonings.com\/de\/product\/lohrengel-lb531\/"]}]},{"@type":"ImageObject","inLanguage":"de","@id":"https:\/\/www.koonings.com\/de\/product\/lohrengel-lb531\/#primaryimage","url":"https:\/\/www.koonings.com\/wp-content\/uploads\/2024\/11\/41087_18c83d66bf9933676b10c6827341a0822779feb9f299242461e33fc4ad1fe9d7e0d79056.jpeg","contentUrl":"https:\/\/www.koonings.com\/wp-content\/uploads\/2024\/11\/41087_18c83d66bf9933676b10c6827341a0822779feb9f299242461e33fc4ad1fe9d7e0d79056.jpeg","width":1293,"height":1829},{"@type":"BreadcrumbList","@id":"https:\/\/www.koonings.com\/de\/product\/lohrengel-lb531\/#breadcrumb","itemListElement":[{"@type":"ListItem","position":1,"name":"Home","item":"https:\/\/www.koonings.com\/de\/"},{"@type":"ListItem","position":2,"name":"Fashion Queen Lohrengel Molly Monroe LB531"}]},{"@type":"WebSite","@id":"https:\/\/www.koonings.com\/de\/#website","url":"https:\/\/www.koonings.com\/de\/","name":"Koonings","description":"De grootste bruidsmodewinkel ter wereld","publisher":{"@id":"https:\/\/www.koonings.com\/de\/#organization"},"potentialAction":[{"@type":"SearchAction","target":{"@type":"EntryPoint","urlTemplate":"https:\/\/www.koonings.com\/de\/?s={search_term_string}"},"query-input":{"@type":"PropertyValueSpecification","valueRequired":true,"valueName":"search_term_string"}}],"inLanguage":"de"},{"@type":"Organization","@id":"https:\/\/www.koonings.com\/de\/#organization","name":"Koonings","url":"https:\/\/www.koonings.com\/de\/","logo":{"@type":"ImageObject","inLanguage":"de","@id":"https:\/\/www.koonings.com\/de\/#\/schema\/logo\/image\/","url":"https:\/\/www.koonings.com\/wp-content\/uploads\/2024\/07\/logo.png","contentUrl":"https:\/\/www.koonings.com\/wp-content\/uploads\/2024\/07\/logo.png","width":600,"height":428,"caption":"Koonings"},"image":{"@id":"https:\/\/www.koonings.com\/de\/#\/schema\/logo\/image\/"},"sameAs":["https:\/\/www.facebook.com\/kooningstheweddingpalace","https:\/\/www.instagram.com\/kooningstheweddingpalace","https:\/\/www.pinterest.com\/koonings","https:\/\/www.youtube.com\/kooningstheweddingpalace"]}]}},"_links":{"self":[{"href":"https:\/\/www.koonings.com\/de\/wp-json\/wp\/v2\/product\/59087","targetHints":{"allow":["GET"]}}],"collection":[{"href":"https:\/\/www.koonings.com\/de\/wp-json\/wp\/v2\/product"}],"about":[{"href":"https:\/\/www.koonings.com\/de\/wp-json\/wp\/v2\/types\/product"}],"wp:featuredmedia":[{"embeddable":true,"href":"https:\/\/www.koonings.com\/de\/wp-json\/wp\/v2\/media\/50067"}],"wp:attachment":[{"href":"https:\/\/www.koonings.com\/de\/wp-json\/wp\/v2\/media?parent=59087"}],"wp:term":[{"taxonomy":"productdetails","embeddable":true,"href":"https:\/\/www.koonings.com\/de\/wp-json\/wp\/v2\/productdetails?post=59087"},{"taxonomy":"productneck","embeddable":true,"href":"https:\/\/www.koonings.com\/de\/wp-json\/wp\/v2\/productneck?post=59087"},{"taxonomy":"productcolor","embeddable":true,"href":"https:\/\/www.koonings.com\/de\/wp-json\/wp\/v2\/productcolor?post=59087"},{"taxonomy":"maat","embeddable":true,"href":"https:\/\/www.koonings.com\/de\/wp-json\/wp\/v2\/maat?post=59087"},{"taxonomy":"productsupplier","embeddable":true,"href":"https:\/\/www.koonings.com\/de\/wp-json\/wp\/v2\/productsupplier?post=59087"},{"taxonomy":"productsleeve","embeddable":true,"href":"https:\/\/www.koonings.com\/de\/wp-json\/wp\/v2\/productsleeve?post=59087"},{"taxonomy":"productcategory","embeddable":true,"href":"https:\/\/www.koonings.com\/de\/wp-json\/wp\/v2\/productcategory?post=59087"},{"taxonomy":"productsilhouette","embeddable":true,"href":"https:\/\/www.koonings.com\/de\/wp-json\/wp\/v2\/productsilhouette?post=59087"},{"taxonomy":"productstyle","embeddable":true,"href":"https:\/\/www.koonings.com\/de\/wp-json\/wp\/v2\/productstyle?post=59087"}],"curies":[{"name":"wp","href":"https:\/\/api.w.org\/{rel}","templated":true}]}}