{"id":59081,"date":"2025-12-15T00:40:19","date_gmt":"2025-12-14T23:40:19","guid":{"rendered":"https:\/\/www.koonings.com\/product\/lohrengel-lb503-2\/"},"modified":"2026-02-03T18:51:21","modified_gmt":"2026-02-03T17:51:21","slug":"lohrengel-lb503-2","status":"publish","type":"product","link":"https:\/\/www.koonings.com\/de\/product\/lohrengel-lb503-2\/","title":{"rendered":"Modek\u00f6nigin Lohrengel Molly Monroe LB503"},"content":{"rendered":"<p>Das Lohrengel LB503 ist ein elegantes und raffiniertes Hochzeitskleid, das eine perfekte Balance zwischen Modernit\u00e4t und klassischem Charme bietet. Das wundersch\u00f6ne Design mit luxuri\u00f6sen Stoffen und zarten Details schafft einen zeitlosen Look. Das Kleid betont die weiblichen Formen auf subtile und raffinierte Weise, so dass Sie sich an Ihrem gro\u00dfen Tag sowohl sch\u00f6n als auch selbstbewusst f\u00fchlen.  <\/p>\n<p>Dieses atemberaubende Hochzeitskleid ist die perfekte Wahl f\u00fcr die Braut, die einen stilvollen und schicken Look f\u00fcr ihre Hochzeit sucht.<\/p>\n","protected":false},"featured_media":50100,"template":"","meta":{"_acf_changed":false,"ghostkit_customizer_options":"","ghostkit_custom_css":"","ghostkit_custom_js_head":"","ghostkit_custom_js_foot":"","ghostkit_typography":""},"productdetails":[379,381],"productneck":[356],"productcolor":[393,392],"maat":[375],"productsupplier":[480],"productsleeve":[359],"productcategory":[18],"productsilhouette":[384],"productstyle":[366],"class_list":["post-59081","product","type-product","status-publish","has-post-thumbnail","hentry","productdetails-379","productdetails-381","productneck-356","productcolor-393","productcolor-392","maat-375","productsupplier-fashion-queen","productsleeve-359","productcategory-trouwjurken","productsilhouette-384","productstyle-366"],"acf":[],"yoast_head":"<!-- This site is optimized with the Yoast SEO plugin v27.3 - https:\/\/yoast.com\/product\/yoast-seo-wordpress\/ -->\n<title>Modek\u00f6nigin Lohrengel Molly Monroe LB503 | Koonings<\/title>\n<meta name=\"description\" content=\"Das Lohrengel LB503 ist ein elegantes und raffiniertes Hochzeitskleid, das eine perfekte Balance zwischen Modernit\u00e4t und klassischem Charme bietet. Das wundersch\u00f6ne Design mit luxuri\u00f6sen Stoffen und zarten Details schafft einen zeitlosen Look. Das Kleid betont die weiblichen Formen auf subtile und raffinierte Weise, so dass Sie sich an Ihrem gro\u00dfen Tag sowohl sch\u00f6n als auch selbstbewusst f\u00fchlen. Dieses atemberaubende Hochzeitskleid ist die perfekte Wahl f\u00fcr die Braut, die einen stilvollen und schicken Look f\u00fcr ihre Hochzeit sucht.\" \/>\n<meta name=\"robots\" content=\"index, follow, max-snippet:-1, max-image-preview:large, max-video-preview:-1\" \/>\n<link rel=\"canonical\" href=\"https:\/\/www.koonings.com\/de\/product\/lohrengel-lb503-2\/\" \/>\n<meta property=\"og:locale\" content=\"de_DE\" \/>\n<meta property=\"og:type\" content=\"article\" \/>\n<meta property=\"og:title\" content=\"Modek\u00f6nigin Lohrengel Molly Monroe LB503 | Koonings\" \/>\n<meta property=\"og:description\" content=\"Das Lohrengel LB503 ist ein elegantes und raffiniertes Hochzeitskleid, das eine perfekte Balance zwischen Modernit\u00e4t und klassischem Charme bietet. Das wundersch\u00f6ne Design mit luxuri\u00f6sen Stoffen und zarten Details schafft einen zeitlosen Look. Das Kleid betont die weiblichen Formen auf subtile und raffinierte Weise, so dass Sie sich an Ihrem gro\u00dfen Tag sowohl sch\u00f6n als auch selbstbewusst f\u00fchlen. Dieses atemberaubende Hochzeitskleid ist die perfekte Wahl f\u00fcr die Braut, die einen stilvollen und schicken Look f\u00fcr ihre Hochzeit sucht.\" \/>\n<meta property=\"og:url\" content=\"https:\/\/www.koonings.com\/de\/product\/lohrengel-lb503-2\/\" \/>\n<meta property=\"og:site_name\" content=\"Koonings\" \/>\n<meta property=\"article:publisher\" content=\"https:\/\/www.facebook.com\/kooningstheweddingpalace\" \/>\n<meta property=\"article:modified_time\" content=\"2026-02-03T17:51:21+00:00\" \/>\n<meta property=\"og:image\" content=\"https:\/\/www.koonings.com\/wp-content\/uploads\/2024\/11\/41089_573e758a2d30638e3f62a6e519d9c3aa233c8c422c057f4cd9691dd6d13c28e1fd3ea262.jpeg\" \/>\n\t<meta property=\"og:image:width\" content=\"1337\" \/>\n\t<meta property=\"og:image:height\" content=\"1894\" \/>\n\t<meta property=\"og:image:type\" content=\"image\/jpeg\" \/>\n<meta name=\"twitter:card\" content=\"summary_large_image\" \/>\n<script type=\"application\/ld+json\" class=\"yoast-schema-graph\">{\"@context\":\"https:\\\/\\\/schema.org\",\"@graph\":[{\"@type\":\"WebPage\",\"@id\":\"https:\\\/\\\/www.koonings.com\\\/de\\\/product\\\/lohrengel-lb503-2\\\/\",\"url\":\"https:\\\/\\\/www.koonings.com\\\/de\\\/product\\\/lohrengel-lb503-2\\\/\",\"name\":\"Modek\u00f6nigin Lohrengel Molly Monroe LB503 | Koonings\",\"isPartOf\":{\"@id\":\"https:\\\/\\\/www.koonings.com\\\/de\\\/#website\"},\"primaryImageOfPage\":{\"@id\":\"https:\\\/\\\/www.koonings.com\\\/de\\\/product\\\/lohrengel-lb503-2\\\/#primaryimage\"},\"image\":{\"@id\":\"https:\\\/\\\/www.koonings.com\\\/de\\\/product\\\/lohrengel-lb503-2\\\/#primaryimage\"},\"thumbnailUrl\":\"https:\\\/\\\/www.koonings.com\\\/wp-content\\\/uploads\\\/2024\\\/11\\\/41089_573e758a2d30638e3f62a6e519d9c3aa233c8c422c057f4cd9691dd6d13c28e1fd3ea262.jpeg\",\"datePublished\":\"2025-12-14T23:40:19+00:00\",\"dateModified\":\"2026-02-03T17:51:21+00:00\",\"description\":\"Das Lohrengel LB503 ist ein elegantes und raffiniertes Hochzeitskleid, das eine perfekte Balance zwischen Modernit\u00e4t und klassischem Charme bietet. Das wundersch\u00f6ne Design mit luxuri\u00f6sen Stoffen und zarten Details schafft einen zeitlosen Look. Das Kleid betont die weiblichen Formen auf subtile und raffinierte Weise, so dass Sie sich an Ihrem gro\u00dfen Tag sowohl sch\u00f6n als auch selbstbewusst f\u00fchlen. Dieses atemberaubende Hochzeitskleid ist die perfekte Wahl f\u00fcr die Braut, die einen stilvollen und schicken Look f\u00fcr ihre Hochzeit sucht.\",\"breadcrumb\":{\"@id\":\"https:\\\/\\\/www.koonings.com\\\/de\\\/product\\\/lohrengel-lb503-2\\\/#breadcrumb\"},\"inLanguage\":\"de\",\"potentialAction\":[{\"@type\":\"ReadAction\",\"target\":[\"https:\\\/\\\/www.koonings.com\\\/de\\\/product\\\/lohrengel-lb503-2\\\/\"]}]},{\"@type\":\"ImageObject\",\"inLanguage\":\"de\",\"@id\":\"https:\\\/\\\/www.koonings.com\\\/de\\\/product\\\/lohrengel-lb503-2\\\/#primaryimage\",\"url\":\"https:\\\/\\\/www.koonings.com\\\/wp-content\\\/uploads\\\/2024\\\/11\\\/41089_573e758a2d30638e3f62a6e519d9c3aa233c8c422c057f4cd9691dd6d13c28e1fd3ea262.jpeg\",\"contentUrl\":\"https:\\\/\\\/www.koonings.com\\\/wp-content\\\/uploads\\\/2024\\\/11\\\/41089_573e758a2d30638e3f62a6e519d9c3aa233c8c422c057f4cd9691dd6d13c28e1fd3ea262.jpeg\",\"width\":1337,\"height\":1894},{\"@type\":\"BreadcrumbList\",\"@id\":\"https:\\\/\\\/www.koonings.com\\\/de\\\/product\\\/lohrengel-lb503-2\\\/#breadcrumb\",\"itemListElement\":[{\"@type\":\"ListItem\",\"position\":1,\"name\":\"Home\",\"item\":\"https:\\\/\\\/www.koonings.com\\\/de\\\/\"},{\"@type\":\"ListItem\",\"position\":2,\"name\":\"Modek\u00f6nigin Lohrengel Molly Monroe LB503\"}]},{\"@type\":\"WebSite\",\"@id\":\"https:\\\/\\\/www.koonings.com\\\/de\\\/#website\",\"url\":\"https:\\\/\\\/www.koonings.com\\\/de\\\/\",\"name\":\"Koonings\",\"description\":\"De grootste bruidsmodewinkel ter wereld\",\"publisher\":{\"@id\":\"https:\\\/\\\/www.koonings.com\\\/de\\\/#organization\"},\"potentialAction\":[{\"@type\":\"SearchAction\",\"target\":{\"@type\":\"EntryPoint\",\"urlTemplate\":\"https:\\\/\\\/www.koonings.com\\\/de\\\/?s={search_term_string}\"},\"query-input\":{\"@type\":\"PropertyValueSpecification\",\"valueRequired\":true,\"valueName\":\"search_term_string\"}}],\"inLanguage\":\"de\"},{\"@type\":\"Organization\",\"@id\":\"https:\\\/\\\/www.koonings.com\\\/de\\\/#organization\",\"name\":\"Koonings\",\"url\":\"https:\\\/\\\/www.koonings.com\\\/de\\\/\",\"logo\":{\"@type\":\"ImageObject\",\"inLanguage\":\"de\",\"@id\":\"https:\\\/\\\/www.koonings.com\\\/de\\\/#\\\/schema\\\/logo\\\/image\\\/\",\"url\":\"https:\\\/\\\/www.koonings.com\\\/wp-content\\\/uploads\\\/2024\\\/07\\\/logo.png\",\"contentUrl\":\"https:\\\/\\\/www.koonings.com\\\/wp-content\\\/uploads\\\/2024\\\/07\\\/logo.png\",\"width\":600,\"height\":428,\"caption\":\"Koonings\"},\"image\":{\"@id\":\"https:\\\/\\\/www.koonings.com\\\/de\\\/#\\\/schema\\\/logo\\\/image\\\/\"},\"sameAs\":[\"https:\\\/\\\/www.facebook.com\\\/kooningstheweddingpalace\",\"https:\\\/\\\/www.instagram.com\\\/kooningstheweddingpalace\",\"https:\\\/\\\/www.pinterest.com\\\/koonings\",\"https:\\\/\\\/www.youtube.com\\\/kooningstheweddingpalace\"]}]}<\/script>\n<!-- \/ Yoast SEO plugin. -->","yoast_head_json":{"title":"Modek\u00f6nigin Lohrengel Molly Monroe LB503 | Koonings","description":"Das Lohrengel LB503 ist ein elegantes und raffiniertes Hochzeitskleid, das eine perfekte Balance zwischen Modernit\u00e4t und klassischem Charme bietet. Das wundersch\u00f6ne Design mit luxuri\u00f6sen Stoffen und zarten Details schafft einen zeitlosen Look. Das Kleid betont die weiblichen Formen auf subtile und raffinierte Weise, so dass Sie sich an Ihrem gro\u00dfen Tag sowohl sch\u00f6n als auch selbstbewusst f\u00fchlen. Dieses atemberaubende Hochzeitskleid ist die perfekte Wahl f\u00fcr die Braut, die einen stilvollen und schicken Look f\u00fcr ihre Hochzeit sucht.","robots":{"index":"index","follow":"follow","max-snippet":"max-snippet:-1","max-image-preview":"max-image-preview:large","max-video-preview":"max-video-preview:-1"},"canonical":"https:\/\/www.koonings.com\/de\/product\/lohrengel-lb503-2\/","og_locale":"de_DE","og_type":"article","og_title":"Modek\u00f6nigin Lohrengel Molly Monroe LB503 | Koonings","og_description":"Das Lohrengel LB503 ist ein elegantes und raffiniertes Hochzeitskleid, das eine perfekte Balance zwischen Modernit\u00e4t und klassischem Charme bietet. Das wundersch\u00f6ne Design mit luxuri\u00f6sen Stoffen und zarten Details schafft einen zeitlosen Look. Das Kleid betont die weiblichen Formen auf subtile und raffinierte Weise, so dass Sie sich an Ihrem gro\u00dfen Tag sowohl sch\u00f6n als auch selbstbewusst f\u00fchlen. Dieses atemberaubende Hochzeitskleid ist die perfekte Wahl f\u00fcr die Braut, die einen stilvollen und schicken Look f\u00fcr ihre Hochzeit sucht.","og_url":"https:\/\/www.koonings.com\/de\/product\/lohrengel-lb503-2\/","og_site_name":"Koonings","article_publisher":"https:\/\/www.facebook.com\/kooningstheweddingpalace","article_modified_time":"2026-02-03T17:51:21+00:00","og_image":[{"width":1337,"height":1894,"url":"https:\/\/www.koonings.com\/wp-content\/uploads\/2024\/11\/41089_573e758a2d30638e3f62a6e519d9c3aa233c8c422c057f4cd9691dd6d13c28e1fd3ea262.jpeg","type":"image\/jpeg"}],"twitter_card":"summary_large_image","schema":{"@context":"https:\/\/schema.org","@graph":[{"@type":"WebPage","@id":"https:\/\/www.koonings.com\/de\/product\/lohrengel-lb503-2\/","url":"https:\/\/www.koonings.com\/de\/product\/lohrengel-lb503-2\/","name":"Modek\u00f6nigin Lohrengel Molly Monroe LB503 | Koonings","isPartOf":{"@id":"https:\/\/www.koonings.com\/de\/#website"},"primaryImageOfPage":{"@id":"https:\/\/www.koonings.com\/de\/product\/lohrengel-lb503-2\/#primaryimage"},"image":{"@id":"https:\/\/www.koonings.com\/de\/product\/lohrengel-lb503-2\/#primaryimage"},"thumbnailUrl":"https:\/\/www.koonings.com\/wp-content\/uploads\/2024\/11\/41089_573e758a2d30638e3f62a6e519d9c3aa233c8c422c057f4cd9691dd6d13c28e1fd3ea262.jpeg","datePublished":"2025-12-14T23:40:19+00:00","dateModified":"2026-02-03T17:51:21+00:00","description":"Das Lohrengel LB503 ist ein elegantes und raffiniertes Hochzeitskleid, das eine perfekte Balance zwischen Modernit\u00e4t und klassischem Charme bietet. Das wundersch\u00f6ne Design mit luxuri\u00f6sen Stoffen und zarten Details schafft einen zeitlosen Look. Das Kleid betont die weiblichen Formen auf subtile und raffinierte Weise, so dass Sie sich an Ihrem gro\u00dfen Tag sowohl sch\u00f6n als auch selbstbewusst f\u00fchlen. Dieses atemberaubende Hochzeitskleid ist die perfekte Wahl f\u00fcr die Braut, die einen stilvollen und schicken Look f\u00fcr ihre Hochzeit sucht.","breadcrumb":{"@id":"https:\/\/www.koonings.com\/de\/product\/lohrengel-lb503-2\/#breadcrumb"},"inLanguage":"de","potentialAction":[{"@type":"ReadAction","target":["https:\/\/www.koonings.com\/de\/product\/lohrengel-lb503-2\/"]}]},{"@type":"ImageObject","inLanguage":"de","@id":"https:\/\/www.koonings.com\/de\/product\/lohrengel-lb503-2\/#primaryimage","url":"https:\/\/www.koonings.com\/wp-content\/uploads\/2024\/11\/41089_573e758a2d30638e3f62a6e519d9c3aa233c8c422c057f4cd9691dd6d13c28e1fd3ea262.jpeg","contentUrl":"https:\/\/www.koonings.com\/wp-content\/uploads\/2024\/11\/41089_573e758a2d30638e3f62a6e519d9c3aa233c8c422c057f4cd9691dd6d13c28e1fd3ea262.jpeg","width":1337,"height":1894},{"@type":"BreadcrumbList","@id":"https:\/\/www.koonings.com\/de\/product\/lohrengel-lb503-2\/#breadcrumb","itemListElement":[{"@type":"ListItem","position":1,"name":"Home","item":"https:\/\/www.koonings.com\/de\/"},{"@type":"ListItem","position":2,"name":"Modek\u00f6nigin Lohrengel Molly Monroe LB503"}]},{"@type":"WebSite","@id":"https:\/\/www.koonings.com\/de\/#website","url":"https:\/\/www.koonings.com\/de\/","name":"Koonings","description":"De grootste bruidsmodewinkel ter wereld","publisher":{"@id":"https:\/\/www.koonings.com\/de\/#organization"},"potentialAction":[{"@type":"SearchAction","target":{"@type":"EntryPoint","urlTemplate":"https:\/\/www.koonings.com\/de\/?s={search_term_string}"},"query-input":{"@type":"PropertyValueSpecification","valueRequired":true,"valueName":"search_term_string"}}],"inLanguage":"de"},{"@type":"Organization","@id":"https:\/\/www.koonings.com\/de\/#organization","name":"Koonings","url":"https:\/\/www.koonings.com\/de\/","logo":{"@type":"ImageObject","inLanguage":"de","@id":"https:\/\/www.koonings.com\/de\/#\/schema\/logo\/image\/","url":"https:\/\/www.koonings.com\/wp-content\/uploads\/2024\/07\/logo.png","contentUrl":"https:\/\/www.koonings.com\/wp-content\/uploads\/2024\/07\/logo.png","width":600,"height":428,"caption":"Koonings"},"image":{"@id":"https:\/\/www.koonings.com\/de\/#\/schema\/logo\/image\/"},"sameAs":["https:\/\/www.facebook.com\/kooningstheweddingpalace","https:\/\/www.instagram.com\/kooningstheweddingpalace","https:\/\/www.pinterest.com\/koonings","https:\/\/www.youtube.com\/kooningstheweddingpalace"]}]}},"_links":{"self":[{"href":"https:\/\/www.koonings.com\/de\/wp-json\/wp\/v2\/product\/59081","targetHints":{"allow":["GET"]}}],"collection":[{"href":"https:\/\/www.koonings.com\/de\/wp-json\/wp\/v2\/product"}],"about":[{"href":"https:\/\/www.koonings.com\/de\/wp-json\/wp\/v2\/types\/product"}],"wp:featuredmedia":[{"embeddable":true,"href":"https:\/\/www.koonings.com\/de\/wp-json\/wp\/v2\/media\/50100"}],"wp:attachment":[{"href":"https:\/\/www.koonings.com\/de\/wp-json\/wp\/v2\/media?parent=59081"}],"wp:term":[{"taxonomy":"productdetails","embeddable":true,"href":"https:\/\/www.koonings.com\/de\/wp-json\/wp\/v2\/productdetails?post=59081"},{"taxonomy":"productneck","embeddable":true,"href":"https:\/\/www.koonings.com\/de\/wp-json\/wp\/v2\/productneck?post=59081"},{"taxonomy":"productcolor","embeddable":true,"href":"https:\/\/www.koonings.com\/de\/wp-json\/wp\/v2\/productcolor?post=59081"},{"taxonomy":"maat","embeddable":true,"href":"https:\/\/www.koonings.com\/de\/wp-json\/wp\/v2\/maat?post=59081"},{"taxonomy":"productsupplier","embeddable":true,"href":"https:\/\/www.koonings.com\/de\/wp-json\/wp\/v2\/productsupplier?post=59081"},{"taxonomy":"productsleeve","embeddable":true,"href":"https:\/\/www.koonings.com\/de\/wp-json\/wp\/v2\/productsleeve?post=59081"},{"taxonomy":"productcategory","embeddable":true,"href":"https:\/\/www.koonings.com\/de\/wp-json\/wp\/v2\/productcategory?post=59081"},{"taxonomy":"productsilhouette","embeddable":true,"href":"https:\/\/www.koonings.com\/de\/wp-json\/wp\/v2\/productsilhouette?post=59081"},{"taxonomy":"productstyle","embeddable":true,"href":"https:\/\/www.koonings.com\/de\/wp-json\/wp\/v2\/productstyle?post=59081"}],"curies":[{"name":"wp","href":"https:\/\/api.w.org\/{rel}","templated":true}]}}