{"id":59079,"date":"2026-05-06T15:26:11","date_gmt":"2026-05-06T13:26:11","guid":{"rendered":"https:\/\/www.koonings.com\/product\/rosa-clara-catlin\/"},"modified":"2025-06-05T13:20:09","modified_gmt":"2025-06-05T11:20:09","slug":"rosa-clara-catlin","status":"publish","type":"product","link":"https:\/\/www.koonings.com\/de\/product\/rosa-clara-catlin\/","title":{"rendered":"Rosa Clara Catlin"},"content":{"rendered":"<p>Langes Prinzessinnen-Hochzeitskleid aus T\u00fcll kombiniert mit Spitze und Perlenstickerei. Der herzf\u00f6rmige Ausschnitt, der Korsettr\u00fccken, die abnehmbaren Tr\u00e4ger und der Rock mit Seitenschlitz vervollst\u00e4ndigen den Look. Ein exklusiver Look von Rosa Clar\u00e1 Soft.  <\/p>\n","protected":false},"featured_media":50134,"template":"","meta":{"_acf_changed":false,"ghostkit_customizer_options":"","ghostkit_custom_css":"","ghostkit_custom_js_head":"","ghostkit_custom_js_foot":"","ghostkit_typography":""},"productdetails":[378,381],"productneck":[354,355],"productcolor":[392],"maat":[],"productsupplier":[396],"productsleeve":[],"productcategory":[18],"productsilhouette":[388],"productstyle":[370],"class_list":["post-59079","product","type-product","status-publish","has-post-thumbnail","hentry","productdetails-378","productdetails-381","productneck-354","productneck-355","productcolor-392","productsupplier-rosa-clara","productcategory-trouwjurken","productsilhouette-388","productstyle-370"],"acf":[],"yoast_head":"<!-- This site is optimized with the Yoast SEO plugin v27.3 - https:\/\/yoast.com\/product\/yoast-seo-wordpress\/ -->\n<title>Rosa Clara Catlin | Koonings<\/title>\n<meta name=\"description\" content=\"Langes Prinzessinnen-Hochzeitskleid aus T\u00fcll kombiniert mit Spitze und Perlenstickerei. Der herzf\u00f6rmige Ausschnitt, der Korsettr\u00fccken, die abnehmbaren Tr\u00e4ger und der Rock mit Seitenschlitz vervollst\u00e4ndigen den Look. Ein exklusiver Look von Rosa Clar\u00e1 Soft.\" \/>\n<meta name=\"robots\" content=\"index, follow, max-snippet:-1, max-image-preview:large, max-video-preview:-1\" \/>\n<link rel=\"canonical\" href=\"https:\/\/www.koonings.com\/de\/product\/rosa-clara-catlin\/\" \/>\n<meta property=\"og:locale\" content=\"de_DE\" \/>\n<meta property=\"og:type\" content=\"article\" \/>\n<meta property=\"og:title\" content=\"Rosa Clara Catlin | Koonings\" \/>\n<meta property=\"og:description\" content=\"Langes Prinzessinnen-Hochzeitskleid aus T\u00fcll kombiniert mit Spitze und Perlenstickerei. Der herzf\u00f6rmige Ausschnitt, der Korsettr\u00fccken, die abnehmbaren Tr\u00e4ger und der Rock mit Seitenschlitz vervollst\u00e4ndigen den Look. Ein exklusiver Look von Rosa Clar\u00e1 Soft.\" \/>\n<meta property=\"og:url\" content=\"https:\/\/www.koonings.com\/de\/product\/rosa-clara-catlin\/\" \/>\n<meta property=\"og:site_name\" content=\"Koonings\" \/>\n<meta property=\"article:publisher\" content=\"https:\/\/www.facebook.com\/kooningstheweddingpalace\" \/>\n<meta property=\"og:image\" content=\"https:\/\/www.koonings.com\/wp-content\/uploads\/2024\/11\/41092_8e5a07f74a6b5e8dd9183fcf9a752605e241b4b075cf06a2db3d74c16521ffaaa6b95e5f.jpeg\" \/>\n\t<meta property=\"og:image:width\" content=\"1536\" \/>\n\t<meta property=\"og:image:height\" content=\"1920\" \/>\n\t<meta property=\"og:image:type\" content=\"image\/jpeg\" \/>\n<meta name=\"twitter:card\" content=\"summary_large_image\" \/>\n<script type=\"application\/ld+json\" class=\"yoast-schema-graph\">{\"@context\":\"https:\\\/\\\/schema.org\",\"@graph\":[{\"@type\":\"WebPage\",\"@id\":\"https:\\\/\\\/www.koonings.com\\\/de\\\/product\\\/rosa-clara-catlin\\\/\",\"url\":\"https:\\\/\\\/www.koonings.com\\\/de\\\/product\\\/rosa-clara-catlin\\\/\",\"name\":\"Rosa Clara Catlin | Koonings\",\"isPartOf\":{\"@id\":\"https:\\\/\\\/www.koonings.com\\\/de\\\/#website\"},\"primaryImageOfPage\":{\"@id\":\"https:\\\/\\\/www.koonings.com\\\/de\\\/product\\\/rosa-clara-catlin\\\/#primaryimage\"},\"image\":{\"@id\":\"https:\\\/\\\/www.koonings.com\\\/de\\\/product\\\/rosa-clara-catlin\\\/#primaryimage\"},\"thumbnailUrl\":\"https:\\\/\\\/www.koonings.com\\\/wp-content\\\/uploads\\\/2024\\\/11\\\/41092_8e5a07f74a6b5e8dd9183fcf9a752605e241b4b075cf06a2db3d74c16521ffaaa6b95e5f.jpeg\",\"datePublished\":\"2026-05-06T13:26:11+00:00\",\"description\":\"Langes Prinzessinnen-Hochzeitskleid aus T\u00fcll kombiniert mit Spitze und Perlenstickerei. Der herzf\u00f6rmige Ausschnitt, der Korsettr\u00fccken, die abnehmbaren Tr\u00e4ger und der Rock mit Seitenschlitz vervollst\u00e4ndigen den Look. Ein exklusiver Look von Rosa Clar\u00e1 Soft.\",\"breadcrumb\":{\"@id\":\"https:\\\/\\\/www.koonings.com\\\/de\\\/product\\\/rosa-clara-catlin\\\/#breadcrumb\"},\"inLanguage\":\"de\",\"potentialAction\":[{\"@type\":\"ReadAction\",\"target\":[\"https:\\\/\\\/www.koonings.com\\\/de\\\/product\\\/rosa-clara-catlin\\\/\"]}]},{\"@type\":\"ImageObject\",\"inLanguage\":\"de\",\"@id\":\"https:\\\/\\\/www.koonings.com\\\/de\\\/product\\\/rosa-clara-catlin\\\/#primaryimage\",\"url\":\"https:\\\/\\\/www.koonings.com\\\/wp-content\\\/uploads\\\/2024\\\/11\\\/41092_8e5a07f74a6b5e8dd9183fcf9a752605e241b4b075cf06a2db3d74c16521ffaaa6b95e5f.jpeg\",\"contentUrl\":\"https:\\\/\\\/www.koonings.com\\\/wp-content\\\/uploads\\\/2024\\\/11\\\/41092_8e5a07f74a6b5e8dd9183fcf9a752605e241b4b075cf06a2db3d74c16521ffaaa6b95e5f.jpeg\",\"width\":1536,\"height\":1920},{\"@type\":\"BreadcrumbList\",\"@id\":\"https:\\\/\\\/www.koonings.com\\\/de\\\/product\\\/rosa-clara-catlin\\\/#breadcrumb\",\"itemListElement\":[{\"@type\":\"ListItem\",\"position\":1,\"name\":\"Home\",\"item\":\"https:\\\/\\\/www.koonings.com\\\/de\\\/\"},{\"@type\":\"ListItem\",\"position\":2,\"name\":\"Rosa Clara Catlin\"}]},{\"@type\":\"WebSite\",\"@id\":\"https:\\\/\\\/www.koonings.com\\\/de\\\/#website\",\"url\":\"https:\\\/\\\/www.koonings.com\\\/de\\\/\",\"name\":\"Koonings\",\"description\":\"De grootste bruidsmodewinkel ter wereld\",\"publisher\":{\"@id\":\"https:\\\/\\\/www.koonings.com\\\/de\\\/#organization\"},\"potentialAction\":[{\"@type\":\"SearchAction\",\"target\":{\"@type\":\"EntryPoint\",\"urlTemplate\":\"https:\\\/\\\/www.koonings.com\\\/de\\\/?s={search_term_string}\"},\"query-input\":{\"@type\":\"PropertyValueSpecification\",\"valueRequired\":true,\"valueName\":\"search_term_string\"}}],\"inLanguage\":\"de\"},{\"@type\":\"Organization\",\"@id\":\"https:\\\/\\\/www.koonings.com\\\/de\\\/#organization\",\"name\":\"Koonings\",\"url\":\"https:\\\/\\\/www.koonings.com\\\/de\\\/\",\"logo\":{\"@type\":\"ImageObject\",\"inLanguage\":\"de\",\"@id\":\"https:\\\/\\\/www.koonings.com\\\/de\\\/#\\\/schema\\\/logo\\\/image\\\/\",\"url\":\"https:\\\/\\\/www.koonings.com\\\/wp-content\\\/uploads\\\/2024\\\/07\\\/logo.png\",\"contentUrl\":\"https:\\\/\\\/www.koonings.com\\\/wp-content\\\/uploads\\\/2024\\\/07\\\/logo.png\",\"width\":600,\"height\":428,\"caption\":\"Koonings\"},\"image\":{\"@id\":\"https:\\\/\\\/www.koonings.com\\\/de\\\/#\\\/schema\\\/logo\\\/image\\\/\"},\"sameAs\":[\"https:\\\/\\\/www.facebook.com\\\/kooningstheweddingpalace\",\"https:\\\/\\\/www.instagram.com\\\/kooningstheweddingpalace\",\"https:\\\/\\\/www.pinterest.com\\\/koonings\",\"https:\\\/\\\/www.youtube.com\\\/kooningstheweddingpalace\"]}]}<\/script>\n<!-- \/ Yoast SEO plugin. -->","yoast_head_json":{"title":"Rosa Clara Catlin | Koonings","description":"Langes Prinzessinnen-Hochzeitskleid aus T\u00fcll kombiniert mit Spitze und Perlenstickerei. Der herzf\u00f6rmige Ausschnitt, der Korsettr\u00fccken, die abnehmbaren Tr\u00e4ger und der Rock mit Seitenschlitz vervollst\u00e4ndigen den Look. Ein exklusiver Look von Rosa Clar\u00e1 Soft.","robots":{"index":"index","follow":"follow","max-snippet":"max-snippet:-1","max-image-preview":"max-image-preview:large","max-video-preview":"max-video-preview:-1"},"canonical":"https:\/\/www.koonings.com\/de\/product\/rosa-clara-catlin\/","og_locale":"de_DE","og_type":"article","og_title":"Rosa Clara Catlin | Koonings","og_description":"Langes Prinzessinnen-Hochzeitskleid aus T\u00fcll kombiniert mit Spitze und Perlenstickerei. Der herzf\u00f6rmige Ausschnitt, der Korsettr\u00fccken, die abnehmbaren Tr\u00e4ger und der Rock mit Seitenschlitz vervollst\u00e4ndigen den Look. Ein exklusiver Look von Rosa Clar\u00e1 Soft.","og_url":"https:\/\/www.koonings.com\/de\/product\/rosa-clara-catlin\/","og_site_name":"Koonings","article_publisher":"https:\/\/www.facebook.com\/kooningstheweddingpalace","og_image":[{"width":1536,"height":1920,"url":"https:\/\/www.koonings.com\/wp-content\/uploads\/2024\/11\/41092_8e5a07f74a6b5e8dd9183fcf9a752605e241b4b075cf06a2db3d74c16521ffaaa6b95e5f.jpeg","type":"image\/jpeg"}],"twitter_card":"summary_large_image","schema":{"@context":"https:\/\/schema.org","@graph":[{"@type":"WebPage","@id":"https:\/\/www.koonings.com\/de\/product\/rosa-clara-catlin\/","url":"https:\/\/www.koonings.com\/de\/product\/rosa-clara-catlin\/","name":"Rosa Clara Catlin | Koonings","isPartOf":{"@id":"https:\/\/www.koonings.com\/de\/#website"},"primaryImageOfPage":{"@id":"https:\/\/www.koonings.com\/de\/product\/rosa-clara-catlin\/#primaryimage"},"image":{"@id":"https:\/\/www.koonings.com\/de\/product\/rosa-clara-catlin\/#primaryimage"},"thumbnailUrl":"https:\/\/www.koonings.com\/wp-content\/uploads\/2024\/11\/41092_8e5a07f74a6b5e8dd9183fcf9a752605e241b4b075cf06a2db3d74c16521ffaaa6b95e5f.jpeg","datePublished":"2026-05-06T13:26:11+00:00","description":"Langes Prinzessinnen-Hochzeitskleid aus T\u00fcll kombiniert mit Spitze und Perlenstickerei. Der herzf\u00f6rmige Ausschnitt, der Korsettr\u00fccken, die abnehmbaren Tr\u00e4ger und der Rock mit Seitenschlitz vervollst\u00e4ndigen den Look. Ein exklusiver Look von Rosa Clar\u00e1 Soft.","breadcrumb":{"@id":"https:\/\/www.koonings.com\/de\/product\/rosa-clara-catlin\/#breadcrumb"},"inLanguage":"de","potentialAction":[{"@type":"ReadAction","target":["https:\/\/www.koonings.com\/de\/product\/rosa-clara-catlin\/"]}]},{"@type":"ImageObject","inLanguage":"de","@id":"https:\/\/www.koonings.com\/de\/product\/rosa-clara-catlin\/#primaryimage","url":"https:\/\/www.koonings.com\/wp-content\/uploads\/2024\/11\/41092_8e5a07f74a6b5e8dd9183fcf9a752605e241b4b075cf06a2db3d74c16521ffaaa6b95e5f.jpeg","contentUrl":"https:\/\/www.koonings.com\/wp-content\/uploads\/2024\/11\/41092_8e5a07f74a6b5e8dd9183fcf9a752605e241b4b075cf06a2db3d74c16521ffaaa6b95e5f.jpeg","width":1536,"height":1920},{"@type":"BreadcrumbList","@id":"https:\/\/www.koonings.com\/de\/product\/rosa-clara-catlin\/#breadcrumb","itemListElement":[{"@type":"ListItem","position":1,"name":"Home","item":"https:\/\/www.koonings.com\/de\/"},{"@type":"ListItem","position":2,"name":"Rosa Clara Catlin"}]},{"@type":"WebSite","@id":"https:\/\/www.koonings.com\/de\/#website","url":"https:\/\/www.koonings.com\/de\/","name":"Koonings","description":"De grootste bruidsmodewinkel ter wereld","publisher":{"@id":"https:\/\/www.koonings.com\/de\/#organization"},"potentialAction":[{"@type":"SearchAction","target":{"@type":"EntryPoint","urlTemplate":"https:\/\/www.koonings.com\/de\/?s={search_term_string}"},"query-input":{"@type":"PropertyValueSpecification","valueRequired":true,"valueName":"search_term_string"}}],"inLanguage":"de"},{"@type":"Organization","@id":"https:\/\/www.koonings.com\/de\/#organization","name":"Koonings","url":"https:\/\/www.koonings.com\/de\/","logo":{"@type":"ImageObject","inLanguage":"de","@id":"https:\/\/www.koonings.com\/de\/#\/schema\/logo\/image\/","url":"https:\/\/www.koonings.com\/wp-content\/uploads\/2024\/07\/logo.png","contentUrl":"https:\/\/www.koonings.com\/wp-content\/uploads\/2024\/07\/logo.png","width":600,"height":428,"caption":"Koonings"},"image":{"@id":"https:\/\/www.koonings.com\/de\/#\/schema\/logo\/image\/"},"sameAs":["https:\/\/www.facebook.com\/kooningstheweddingpalace","https:\/\/www.instagram.com\/kooningstheweddingpalace","https:\/\/www.pinterest.com\/koonings","https:\/\/www.youtube.com\/kooningstheweddingpalace"]}]}},"_links":{"self":[{"href":"https:\/\/www.koonings.com\/de\/wp-json\/wp\/v2\/product\/59079","targetHints":{"allow":["GET"]}}],"collection":[{"href":"https:\/\/www.koonings.com\/de\/wp-json\/wp\/v2\/product"}],"about":[{"href":"https:\/\/www.koonings.com\/de\/wp-json\/wp\/v2\/types\/product"}],"wp:featuredmedia":[{"embeddable":true,"href":"https:\/\/www.koonings.com\/de\/wp-json\/wp\/v2\/media\/50134"}],"wp:attachment":[{"href":"https:\/\/www.koonings.com\/de\/wp-json\/wp\/v2\/media?parent=59079"}],"wp:term":[{"taxonomy":"productdetails","embeddable":true,"href":"https:\/\/www.koonings.com\/de\/wp-json\/wp\/v2\/productdetails?post=59079"},{"taxonomy":"productneck","embeddable":true,"href":"https:\/\/www.koonings.com\/de\/wp-json\/wp\/v2\/productneck?post=59079"},{"taxonomy":"productcolor","embeddable":true,"href":"https:\/\/www.koonings.com\/de\/wp-json\/wp\/v2\/productcolor?post=59079"},{"taxonomy":"maat","embeddable":true,"href":"https:\/\/www.koonings.com\/de\/wp-json\/wp\/v2\/maat?post=59079"},{"taxonomy":"productsupplier","embeddable":true,"href":"https:\/\/www.koonings.com\/de\/wp-json\/wp\/v2\/productsupplier?post=59079"},{"taxonomy":"productsleeve","embeddable":true,"href":"https:\/\/www.koonings.com\/de\/wp-json\/wp\/v2\/productsleeve?post=59079"},{"taxonomy":"productcategory","embeddable":true,"href":"https:\/\/www.koonings.com\/de\/wp-json\/wp\/v2\/productcategory?post=59079"},{"taxonomy":"productsilhouette","embeddable":true,"href":"https:\/\/www.koonings.com\/de\/wp-json\/wp\/v2\/productsilhouette?post=59079"},{"taxonomy":"productstyle","embeddable":true,"href":"https:\/\/www.koonings.com\/de\/wp-json\/wp\/v2\/productstyle?post=59079"}],"curies":[{"name":"wp","href":"https:\/\/api.w.org\/{rel}","templated":true}]}}