{"id":59078,"date":"2026-04-16T12:02:50","date_gmt":"2026-04-16T10:02:50","guid":{"rendered":"https:\/\/www.koonings.com\/product\/rosa-clara-amel\/"},"modified":"2025-06-05T13:26:59","modified_gmt":"2025-06-05T11:26:59","slug":"rosa-clara-amel","status":"publish","type":"product","link":"https:\/\/www.koonings.com\/de\/product\/rosa-clara-amel\/","title":{"rendered":"Rosa Clara Amel"},"content":{"rendered":"<p>Geschmeidiges Hochzeitskleid im Ballkleid-Stil, gefertigt aus Garza in Kombination mit Spitze und Perlenstickerei. Es hat einen tiefen Ausschnitt, einen Knopfverschluss am R\u00fccken, kurze \u00c4rmel und eine dekorative Schleife am R\u00fccken. Ein zartes Rosa Clar\u00e1 Kleid.  <\/p>\n","protected":false},"featured_media":50168,"template":"","meta":{"_acf_changed":false,"ghostkit_customizer_options":"","ghostkit_custom_css":"","ghostkit_custom_js_head":"","ghostkit_custom_js_foot":"","ghostkit_typography":""},"productdetails":[376],"productneck":[356],"productcolor":[392],"maat":[],"productsupplier":[396],"productsleeve":[361],"productcategory":[18],"productsilhouette":[388],"productstyle":[372,366],"class_list":["post-59078","product","type-product","status-publish","has-post-thumbnail","hentry","productdetails-376","productneck-356","productcolor-392","productsupplier-rosa-clara","productsleeve-361","productcategory-trouwjurken","productsilhouette-388","productstyle-372","productstyle-366"],"acf":[],"yoast_head":"<!-- This site is optimized with the Yoast SEO plugin v27.3 - https:\/\/yoast.com\/product\/yoast-seo-wordpress\/ -->\n<title>Rosa Clara Amel | Koonings<\/title>\n<meta name=\"description\" content=\"Geschmeidiges Hochzeitskleid im Ballkleid-Stil, gefertigt aus Garza in Kombination mit Spitze und Perlenstickerei. Es hat einen tiefen Ausschnitt, einen Knopfverschluss am R\u00fccken, kurze \u00c4rmel und eine dekorative Schleife am R\u00fccken. Ein zartes Rosa Clar\u00e1 Kleid.\" \/>\n<meta name=\"robots\" content=\"index, follow, max-snippet:-1, max-image-preview:large, max-video-preview:-1\" \/>\n<link rel=\"canonical\" href=\"https:\/\/www.koonings.com\/de\/product\/rosa-clara-amel\/\" \/>\n<meta property=\"og:locale\" content=\"de_DE\" \/>\n<meta property=\"og:type\" content=\"article\" \/>\n<meta property=\"og:title\" content=\"Rosa Clara Amel | Koonings\" \/>\n<meta property=\"og:description\" content=\"Geschmeidiges Hochzeitskleid im Ballkleid-Stil, gefertigt aus Garza in Kombination mit Spitze und Perlenstickerei. Es hat einen tiefen Ausschnitt, einen Knopfverschluss am R\u00fccken, kurze \u00c4rmel und eine dekorative Schleife am R\u00fccken. Ein zartes Rosa Clar\u00e1 Kleid.\" \/>\n<meta property=\"og:url\" content=\"https:\/\/www.koonings.com\/de\/product\/rosa-clara-amel\/\" \/>\n<meta property=\"og:site_name\" content=\"Koonings\" \/>\n<meta property=\"article:publisher\" content=\"https:\/\/www.facebook.com\/kooningstheweddingpalace\" \/>\n<meta property=\"og:image\" content=\"https:\/\/www.koonings.com\/wp-content\/uploads\/2024\/11\/41099_1b20817d3ce3aad80385878b1b0bcf6d1c85e47bcf30c9dbd11e4e1ee8f446f3cb38df77.jpeg\" \/>\n\t<meta property=\"og:image:width\" content=\"1536\" \/>\n\t<meta property=\"og:image:height\" content=\"1920\" \/>\n\t<meta property=\"og:image:type\" content=\"image\/jpeg\" \/>\n<meta name=\"twitter:card\" content=\"summary_large_image\" \/>\n<script type=\"application\/ld+json\" class=\"yoast-schema-graph\">{\"@context\":\"https:\\\/\\\/schema.org\",\"@graph\":[{\"@type\":\"WebPage\",\"@id\":\"https:\\\/\\\/www.koonings.com\\\/de\\\/product\\\/rosa-clara-amel\\\/\",\"url\":\"https:\\\/\\\/www.koonings.com\\\/de\\\/product\\\/rosa-clara-amel\\\/\",\"name\":\"Rosa Clara Amel | Koonings\",\"isPartOf\":{\"@id\":\"https:\\\/\\\/www.koonings.com\\\/de\\\/#website\"},\"primaryImageOfPage\":{\"@id\":\"https:\\\/\\\/www.koonings.com\\\/de\\\/product\\\/rosa-clara-amel\\\/#primaryimage\"},\"image\":{\"@id\":\"https:\\\/\\\/www.koonings.com\\\/de\\\/product\\\/rosa-clara-amel\\\/#primaryimage\"},\"thumbnailUrl\":\"https:\\\/\\\/www.koonings.com\\\/wp-content\\\/uploads\\\/2024\\\/11\\\/41099_1b20817d3ce3aad80385878b1b0bcf6d1c85e47bcf30c9dbd11e4e1ee8f446f3cb38df77.jpeg\",\"datePublished\":\"2026-04-16T10:02:50+00:00\",\"description\":\"Geschmeidiges Hochzeitskleid im Ballkleid-Stil, gefertigt aus Garza in Kombination mit Spitze und Perlenstickerei. Es hat einen tiefen Ausschnitt, einen Knopfverschluss am R\u00fccken, kurze \u00c4rmel und eine dekorative Schleife am R\u00fccken. Ein zartes Rosa Clar\u00e1 Kleid.\",\"breadcrumb\":{\"@id\":\"https:\\\/\\\/www.koonings.com\\\/de\\\/product\\\/rosa-clara-amel\\\/#breadcrumb\"},\"inLanguage\":\"de\",\"potentialAction\":[{\"@type\":\"ReadAction\",\"target\":[\"https:\\\/\\\/www.koonings.com\\\/de\\\/product\\\/rosa-clara-amel\\\/\"]}]},{\"@type\":\"ImageObject\",\"inLanguage\":\"de\",\"@id\":\"https:\\\/\\\/www.koonings.com\\\/de\\\/product\\\/rosa-clara-amel\\\/#primaryimage\",\"url\":\"https:\\\/\\\/www.koonings.com\\\/wp-content\\\/uploads\\\/2024\\\/11\\\/41099_1b20817d3ce3aad80385878b1b0bcf6d1c85e47bcf30c9dbd11e4e1ee8f446f3cb38df77.jpeg\",\"contentUrl\":\"https:\\\/\\\/www.koonings.com\\\/wp-content\\\/uploads\\\/2024\\\/11\\\/41099_1b20817d3ce3aad80385878b1b0bcf6d1c85e47bcf30c9dbd11e4e1ee8f446f3cb38df77.jpeg\",\"width\":1536,\"height\":1920},{\"@type\":\"BreadcrumbList\",\"@id\":\"https:\\\/\\\/www.koonings.com\\\/de\\\/product\\\/rosa-clara-amel\\\/#breadcrumb\",\"itemListElement\":[{\"@type\":\"ListItem\",\"position\":1,\"name\":\"Home\",\"item\":\"https:\\\/\\\/www.koonings.com\\\/de\\\/\"},{\"@type\":\"ListItem\",\"position\":2,\"name\":\"Rosa Clara Amel\"}]},{\"@type\":\"WebSite\",\"@id\":\"https:\\\/\\\/www.koonings.com\\\/de\\\/#website\",\"url\":\"https:\\\/\\\/www.koonings.com\\\/de\\\/\",\"name\":\"Koonings\",\"description\":\"De grootste bruidsmodewinkel ter wereld\",\"publisher\":{\"@id\":\"https:\\\/\\\/www.koonings.com\\\/de\\\/#organization\"},\"potentialAction\":[{\"@type\":\"SearchAction\",\"target\":{\"@type\":\"EntryPoint\",\"urlTemplate\":\"https:\\\/\\\/www.koonings.com\\\/de\\\/?s={search_term_string}\"},\"query-input\":{\"@type\":\"PropertyValueSpecification\",\"valueRequired\":true,\"valueName\":\"search_term_string\"}}],\"inLanguage\":\"de\"},{\"@type\":\"Organization\",\"@id\":\"https:\\\/\\\/www.koonings.com\\\/de\\\/#organization\",\"name\":\"Koonings\",\"url\":\"https:\\\/\\\/www.koonings.com\\\/de\\\/\",\"logo\":{\"@type\":\"ImageObject\",\"inLanguage\":\"de\",\"@id\":\"https:\\\/\\\/www.koonings.com\\\/de\\\/#\\\/schema\\\/logo\\\/image\\\/\",\"url\":\"https:\\\/\\\/www.koonings.com\\\/wp-content\\\/uploads\\\/2024\\\/07\\\/logo.png\",\"contentUrl\":\"https:\\\/\\\/www.koonings.com\\\/wp-content\\\/uploads\\\/2024\\\/07\\\/logo.png\",\"width\":600,\"height\":428,\"caption\":\"Koonings\"},\"image\":{\"@id\":\"https:\\\/\\\/www.koonings.com\\\/de\\\/#\\\/schema\\\/logo\\\/image\\\/\"},\"sameAs\":[\"https:\\\/\\\/www.facebook.com\\\/kooningstheweddingpalace\",\"https:\\\/\\\/www.instagram.com\\\/kooningstheweddingpalace\",\"https:\\\/\\\/www.pinterest.com\\\/koonings\",\"https:\\\/\\\/www.youtube.com\\\/kooningstheweddingpalace\"]}]}<\/script>\n<!-- \/ Yoast SEO plugin. -->","yoast_head_json":{"title":"Rosa Clara Amel | Koonings","description":"Geschmeidiges Hochzeitskleid im Ballkleid-Stil, gefertigt aus Garza in Kombination mit Spitze und Perlenstickerei. Es hat einen tiefen Ausschnitt, einen Knopfverschluss am R\u00fccken, kurze \u00c4rmel und eine dekorative Schleife am R\u00fccken. Ein zartes Rosa Clar\u00e1 Kleid.","robots":{"index":"index","follow":"follow","max-snippet":"max-snippet:-1","max-image-preview":"max-image-preview:large","max-video-preview":"max-video-preview:-1"},"canonical":"https:\/\/www.koonings.com\/de\/product\/rosa-clara-amel\/","og_locale":"de_DE","og_type":"article","og_title":"Rosa Clara Amel | Koonings","og_description":"Geschmeidiges Hochzeitskleid im Ballkleid-Stil, gefertigt aus Garza in Kombination mit Spitze und Perlenstickerei. Es hat einen tiefen Ausschnitt, einen Knopfverschluss am R\u00fccken, kurze \u00c4rmel und eine dekorative Schleife am R\u00fccken. Ein zartes Rosa Clar\u00e1 Kleid.","og_url":"https:\/\/www.koonings.com\/de\/product\/rosa-clara-amel\/","og_site_name":"Koonings","article_publisher":"https:\/\/www.facebook.com\/kooningstheweddingpalace","og_image":[{"width":1536,"height":1920,"url":"https:\/\/www.koonings.com\/wp-content\/uploads\/2024\/11\/41099_1b20817d3ce3aad80385878b1b0bcf6d1c85e47bcf30c9dbd11e4e1ee8f446f3cb38df77.jpeg","type":"image\/jpeg"}],"twitter_card":"summary_large_image","schema":{"@context":"https:\/\/schema.org","@graph":[{"@type":"WebPage","@id":"https:\/\/www.koonings.com\/de\/product\/rosa-clara-amel\/","url":"https:\/\/www.koonings.com\/de\/product\/rosa-clara-amel\/","name":"Rosa Clara Amel | Koonings","isPartOf":{"@id":"https:\/\/www.koonings.com\/de\/#website"},"primaryImageOfPage":{"@id":"https:\/\/www.koonings.com\/de\/product\/rosa-clara-amel\/#primaryimage"},"image":{"@id":"https:\/\/www.koonings.com\/de\/product\/rosa-clara-amel\/#primaryimage"},"thumbnailUrl":"https:\/\/www.koonings.com\/wp-content\/uploads\/2024\/11\/41099_1b20817d3ce3aad80385878b1b0bcf6d1c85e47bcf30c9dbd11e4e1ee8f446f3cb38df77.jpeg","datePublished":"2026-04-16T10:02:50+00:00","description":"Geschmeidiges Hochzeitskleid im Ballkleid-Stil, gefertigt aus Garza in Kombination mit Spitze und Perlenstickerei. Es hat einen tiefen Ausschnitt, einen Knopfverschluss am R\u00fccken, kurze \u00c4rmel und eine dekorative Schleife am R\u00fccken. Ein zartes Rosa Clar\u00e1 Kleid.","breadcrumb":{"@id":"https:\/\/www.koonings.com\/de\/product\/rosa-clara-amel\/#breadcrumb"},"inLanguage":"de","potentialAction":[{"@type":"ReadAction","target":["https:\/\/www.koonings.com\/de\/product\/rosa-clara-amel\/"]}]},{"@type":"ImageObject","inLanguage":"de","@id":"https:\/\/www.koonings.com\/de\/product\/rosa-clara-amel\/#primaryimage","url":"https:\/\/www.koonings.com\/wp-content\/uploads\/2024\/11\/41099_1b20817d3ce3aad80385878b1b0bcf6d1c85e47bcf30c9dbd11e4e1ee8f446f3cb38df77.jpeg","contentUrl":"https:\/\/www.koonings.com\/wp-content\/uploads\/2024\/11\/41099_1b20817d3ce3aad80385878b1b0bcf6d1c85e47bcf30c9dbd11e4e1ee8f446f3cb38df77.jpeg","width":1536,"height":1920},{"@type":"BreadcrumbList","@id":"https:\/\/www.koonings.com\/de\/product\/rosa-clara-amel\/#breadcrumb","itemListElement":[{"@type":"ListItem","position":1,"name":"Home","item":"https:\/\/www.koonings.com\/de\/"},{"@type":"ListItem","position":2,"name":"Rosa Clara Amel"}]},{"@type":"WebSite","@id":"https:\/\/www.koonings.com\/de\/#website","url":"https:\/\/www.koonings.com\/de\/","name":"Koonings","description":"De grootste bruidsmodewinkel ter wereld","publisher":{"@id":"https:\/\/www.koonings.com\/de\/#organization"},"potentialAction":[{"@type":"SearchAction","target":{"@type":"EntryPoint","urlTemplate":"https:\/\/www.koonings.com\/de\/?s={search_term_string}"},"query-input":{"@type":"PropertyValueSpecification","valueRequired":true,"valueName":"search_term_string"}}],"inLanguage":"de"},{"@type":"Organization","@id":"https:\/\/www.koonings.com\/de\/#organization","name":"Koonings","url":"https:\/\/www.koonings.com\/de\/","logo":{"@type":"ImageObject","inLanguage":"de","@id":"https:\/\/www.koonings.com\/de\/#\/schema\/logo\/image\/","url":"https:\/\/www.koonings.com\/wp-content\/uploads\/2024\/07\/logo.png","contentUrl":"https:\/\/www.koonings.com\/wp-content\/uploads\/2024\/07\/logo.png","width":600,"height":428,"caption":"Koonings"},"image":{"@id":"https:\/\/www.koonings.com\/de\/#\/schema\/logo\/image\/"},"sameAs":["https:\/\/www.facebook.com\/kooningstheweddingpalace","https:\/\/www.instagram.com\/kooningstheweddingpalace","https:\/\/www.pinterest.com\/koonings","https:\/\/www.youtube.com\/kooningstheweddingpalace"]}]}},"_links":{"self":[{"href":"https:\/\/www.koonings.com\/de\/wp-json\/wp\/v2\/product\/59078","targetHints":{"allow":["GET"]}}],"collection":[{"href":"https:\/\/www.koonings.com\/de\/wp-json\/wp\/v2\/product"}],"about":[{"href":"https:\/\/www.koonings.com\/de\/wp-json\/wp\/v2\/types\/product"}],"wp:featuredmedia":[{"embeddable":true,"href":"https:\/\/www.koonings.com\/de\/wp-json\/wp\/v2\/media\/50168"}],"wp:attachment":[{"href":"https:\/\/www.koonings.com\/de\/wp-json\/wp\/v2\/media?parent=59078"}],"wp:term":[{"taxonomy":"productdetails","embeddable":true,"href":"https:\/\/www.koonings.com\/de\/wp-json\/wp\/v2\/productdetails?post=59078"},{"taxonomy":"productneck","embeddable":true,"href":"https:\/\/www.koonings.com\/de\/wp-json\/wp\/v2\/productneck?post=59078"},{"taxonomy":"productcolor","embeddable":true,"href":"https:\/\/www.koonings.com\/de\/wp-json\/wp\/v2\/productcolor?post=59078"},{"taxonomy":"maat","embeddable":true,"href":"https:\/\/www.koonings.com\/de\/wp-json\/wp\/v2\/maat?post=59078"},{"taxonomy":"productsupplier","embeddable":true,"href":"https:\/\/www.koonings.com\/de\/wp-json\/wp\/v2\/productsupplier?post=59078"},{"taxonomy":"productsleeve","embeddable":true,"href":"https:\/\/www.koonings.com\/de\/wp-json\/wp\/v2\/productsleeve?post=59078"},{"taxonomy":"productcategory","embeddable":true,"href":"https:\/\/www.koonings.com\/de\/wp-json\/wp\/v2\/productcategory?post=59078"},{"taxonomy":"productsilhouette","embeddable":true,"href":"https:\/\/www.koonings.com\/de\/wp-json\/wp\/v2\/productsilhouette?post=59078"},{"taxonomy":"productstyle","embeddable":true,"href":"https:\/\/www.koonings.com\/de\/wp-json\/wp\/v2\/productstyle?post=59078"}],"curies":[{"name":"wp","href":"https:\/\/api.w.org\/{rel}","templated":true}]}}