{"id":59036,"date":"2026-04-21T18:26:42","date_gmt":"2026-04-21T16:26:42","guid":{"rendered":"https:\/\/www.koonings.com\/product\/lohrengel-lb525\/"},"modified":"2025-06-05T13:28:33","modified_gmt":"2025-06-05T11:28:33","slug":"lohrengel-lb525","status":"publish","type":"product","link":"https:\/\/www.koonings.com\/de\/product\/lohrengel-lb525\/","title":{"rendered":"Fashion Queen Lohrengel Molly Monroe LB525"},"content":{"rendered":"<p>Das Lohrengel LB525 ist ein bezauberndes Hochzeitskleid, das Raffinesse und Glamour ausstrahlt. Das elegante Design kombiniert luxuri\u00f6se Stoffe mit subtilen Details, die dem Kleid einen zeitlosen Reiz verleihen. Die femininen Formen werden wundersch\u00f6n betont, w\u00e4hrend die Silhouette Stil und Klasse ausstrahlt.<br \/>\nDas Lohrengel LB525 ist bei Koonings The Wedding Palace erh\u00e4ltlich, wo Sie auf pers\u00f6nliche Aufmerksamkeit und fachkundige Beratung z\u00e4hlen k\u00f6nnen. Vereinbaren Sie einen Termin und entdecken Sie dieses wundersch\u00f6ne Kleid in der luxuri\u00f6sen und stilvollen Umgebung von Koonings The Wedding Palace.   <\/p>\n","protected":false},"featured_media":50378,"template":"","meta":{"_acf_changed":false,"ghostkit_customizer_options":"","ghostkit_custom_css":"","ghostkit_custom_js_head":"","ghostkit_custom_js_foot":"","ghostkit_typography":""},"productdetails":[379],"productneck":[356],"productcolor":[393,392],"maat":[375],"productsupplier":[480],"productsleeve":[359],"productcategory":[18],"productsilhouette":[384],"productstyle":[366],"class_list":["post-59036","product","type-product","status-publish","has-post-thumbnail","hentry","productdetails-379","productneck-356","productcolor-393","productcolor-392","maat-375","productsupplier-fashion-queen","productsleeve-359","productcategory-trouwjurken","productsilhouette-384","productstyle-366"],"acf":[],"yoast_head":"<!-- This site is optimized with the Yoast SEO plugin v27.3 - https:\/\/yoast.com\/product\/yoast-seo-wordpress\/ -->\n<title>Fashion Queen Lohrengel Molly Monroe LB525 | Koonings<\/title>\n<meta name=\"description\" content=\"Das Lohrengel LB525 ist ein bezauberndes Hochzeitskleid, das Raffinesse und Glamour ausstrahlt. Das elegante Design kombiniert luxuri\u00f6se Stoffe mit subtilen Details, die dem Kleid einen zeitlosen Reiz verleihen. Die femininen Formen werden wundersch\u00f6n betont, w\u00e4hrend die Silhouette Stil und Klasse ausstrahlt. Das Lohrengel LB525 ist bei Koonings The Wedding Palace erh\u00e4ltlich, wo Sie auf pers\u00f6nliche Aufmerksamkeit und fachkundige Beratung z\u00e4hlen k\u00f6nnen. Vereinbaren Sie einen Termin und entdecken Sie dieses wundersch\u00f6ne Kleid in der luxuri\u00f6sen und stilvollen Umgebung von Koonings The Wedding Palace.\" \/>\n<meta name=\"robots\" content=\"index, follow, max-snippet:-1, max-image-preview:large, max-video-preview:-1\" \/>\n<link rel=\"canonical\" href=\"https:\/\/www.koonings.com\/de\/product\/lohrengel-lb525\/\" \/>\n<meta property=\"og:locale\" content=\"de_DE\" \/>\n<meta property=\"og:type\" content=\"article\" \/>\n<meta property=\"og:title\" content=\"Fashion Queen Lohrengel Molly Monroe LB525 | Koonings\" \/>\n<meta property=\"og:description\" content=\"Das Lohrengel LB525 ist ein bezauberndes Hochzeitskleid, das Raffinesse und Glamour ausstrahlt. Das elegante Design kombiniert luxuri\u00f6se Stoffe mit subtilen Details, die dem Kleid einen zeitlosen Reiz verleihen. Die femininen Formen werden wundersch\u00f6n betont, w\u00e4hrend die Silhouette Stil und Klasse ausstrahlt. Das Lohrengel LB525 ist bei Koonings The Wedding Palace erh\u00e4ltlich, wo Sie auf pers\u00f6nliche Aufmerksamkeit und fachkundige Beratung z\u00e4hlen k\u00f6nnen. Vereinbaren Sie einen Termin und entdecken Sie dieses wundersch\u00f6ne Kleid in der luxuri\u00f6sen und stilvollen Umgebung von Koonings The Wedding Palace.\" \/>\n<meta property=\"og:url\" content=\"https:\/\/www.koonings.com\/de\/product\/lohrengel-lb525\/\" \/>\n<meta property=\"og:site_name\" content=\"Koonings\" \/>\n<meta property=\"article:publisher\" content=\"https:\/\/www.facebook.com\/kooningstheweddingpalace\" \/>\n<meta property=\"og:image\" content=\"https:\/\/www.koonings.com\/wp-content\/uploads\/2024\/11\/41117_cf8bd62a8e47777b903918ffc241da08220ddb1657edc4b9fa2ce359a742b8cb01ae2484.jpeg\" \/>\n\t<meta property=\"og:image:width\" content=\"1361\" \/>\n\t<meta property=\"og:image:height\" content=\"1927\" \/>\n\t<meta property=\"og:image:type\" content=\"image\/jpeg\" \/>\n<meta name=\"twitter:card\" content=\"summary_large_image\" \/>\n<script type=\"application\/ld+json\" class=\"yoast-schema-graph\">{\"@context\":\"https:\\\/\\\/schema.org\",\"@graph\":[{\"@type\":\"WebPage\",\"@id\":\"https:\\\/\\\/www.koonings.com\\\/de\\\/product\\\/lohrengel-lb525\\\/\",\"url\":\"https:\\\/\\\/www.koonings.com\\\/de\\\/product\\\/lohrengel-lb525\\\/\",\"name\":\"Fashion Queen Lohrengel Molly Monroe LB525 | Koonings\",\"isPartOf\":{\"@id\":\"https:\\\/\\\/www.koonings.com\\\/de\\\/#website\"},\"primaryImageOfPage\":{\"@id\":\"https:\\\/\\\/www.koonings.com\\\/de\\\/product\\\/lohrengel-lb525\\\/#primaryimage\"},\"image\":{\"@id\":\"https:\\\/\\\/www.koonings.com\\\/de\\\/product\\\/lohrengel-lb525\\\/#primaryimage\"},\"thumbnailUrl\":\"https:\\\/\\\/www.koonings.com\\\/wp-content\\\/uploads\\\/2024\\\/11\\\/41117_cf8bd62a8e47777b903918ffc241da08220ddb1657edc4b9fa2ce359a742b8cb01ae2484.jpeg\",\"datePublished\":\"2026-04-21T16:26:42+00:00\",\"description\":\"Das Lohrengel LB525 ist ein bezauberndes Hochzeitskleid, das Raffinesse und Glamour ausstrahlt. Das elegante Design kombiniert luxuri\u00f6se Stoffe mit subtilen Details, die dem Kleid einen zeitlosen Reiz verleihen. Die femininen Formen werden wundersch\u00f6n betont, w\u00e4hrend die Silhouette Stil und Klasse ausstrahlt. Das Lohrengel LB525 ist bei Koonings The Wedding Palace erh\u00e4ltlich, wo Sie auf pers\u00f6nliche Aufmerksamkeit und fachkundige Beratung z\u00e4hlen k\u00f6nnen. Vereinbaren Sie einen Termin und entdecken Sie dieses wundersch\u00f6ne Kleid in der luxuri\u00f6sen und stilvollen Umgebung von Koonings The Wedding Palace.\",\"breadcrumb\":{\"@id\":\"https:\\\/\\\/www.koonings.com\\\/de\\\/product\\\/lohrengel-lb525\\\/#breadcrumb\"},\"inLanguage\":\"de\",\"potentialAction\":[{\"@type\":\"ReadAction\",\"target\":[\"https:\\\/\\\/www.koonings.com\\\/de\\\/product\\\/lohrengel-lb525\\\/\"]}]},{\"@type\":\"ImageObject\",\"inLanguage\":\"de\",\"@id\":\"https:\\\/\\\/www.koonings.com\\\/de\\\/product\\\/lohrengel-lb525\\\/#primaryimage\",\"url\":\"https:\\\/\\\/www.koonings.com\\\/wp-content\\\/uploads\\\/2024\\\/11\\\/41117_cf8bd62a8e47777b903918ffc241da08220ddb1657edc4b9fa2ce359a742b8cb01ae2484.jpeg\",\"contentUrl\":\"https:\\\/\\\/www.koonings.com\\\/wp-content\\\/uploads\\\/2024\\\/11\\\/41117_cf8bd62a8e47777b903918ffc241da08220ddb1657edc4b9fa2ce359a742b8cb01ae2484.jpeg\",\"width\":1361,\"height\":1927},{\"@type\":\"BreadcrumbList\",\"@id\":\"https:\\\/\\\/www.koonings.com\\\/de\\\/product\\\/lohrengel-lb525\\\/#breadcrumb\",\"itemListElement\":[{\"@type\":\"ListItem\",\"position\":1,\"name\":\"Home\",\"item\":\"https:\\\/\\\/www.koonings.com\\\/de\\\/\"},{\"@type\":\"ListItem\",\"position\":2,\"name\":\"Fashion Queen Lohrengel Molly Monroe LB525\"}]},{\"@type\":\"WebSite\",\"@id\":\"https:\\\/\\\/www.koonings.com\\\/de\\\/#website\",\"url\":\"https:\\\/\\\/www.koonings.com\\\/de\\\/\",\"name\":\"Koonings\",\"description\":\"De grootste bruidsmodewinkel ter wereld\",\"publisher\":{\"@id\":\"https:\\\/\\\/www.koonings.com\\\/de\\\/#organization\"},\"potentialAction\":[{\"@type\":\"SearchAction\",\"target\":{\"@type\":\"EntryPoint\",\"urlTemplate\":\"https:\\\/\\\/www.koonings.com\\\/de\\\/?s={search_term_string}\"},\"query-input\":{\"@type\":\"PropertyValueSpecification\",\"valueRequired\":true,\"valueName\":\"search_term_string\"}}],\"inLanguage\":\"de\"},{\"@type\":\"Organization\",\"@id\":\"https:\\\/\\\/www.koonings.com\\\/de\\\/#organization\",\"name\":\"Koonings\",\"url\":\"https:\\\/\\\/www.koonings.com\\\/de\\\/\",\"logo\":{\"@type\":\"ImageObject\",\"inLanguage\":\"de\",\"@id\":\"https:\\\/\\\/www.koonings.com\\\/de\\\/#\\\/schema\\\/logo\\\/image\\\/\",\"url\":\"https:\\\/\\\/www.koonings.com\\\/wp-content\\\/uploads\\\/2024\\\/07\\\/logo.png\",\"contentUrl\":\"https:\\\/\\\/www.koonings.com\\\/wp-content\\\/uploads\\\/2024\\\/07\\\/logo.png\",\"width\":600,\"height\":428,\"caption\":\"Koonings\"},\"image\":{\"@id\":\"https:\\\/\\\/www.koonings.com\\\/de\\\/#\\\/schema\\\/logo\\\/image\\\/\"},\"sameAs\":[\"https:\\\/\\\/www.facebook.com\\\/kooningstheweddingpalace\",\"https:\\\/\\\/www.instagram.com\\\/kooningstheweddingpalace\",\"https:\\\/\\\/www.pinterest.com\\\/koonings\",\"https:\\\/\\\/www.youtube.com\\\/kooningstheweddingpalace\"]}]}<\/script>\n<!-- \/ Yoast SEO plugin. -->","yoast_head_json":{"title":"Fashion Queen Lohrengel Molly Monroe LB525 | Koonings","description":"Das Lohrengel LB525 ist ein bezauberndes Hochzeitskleid, das Raffinesse und Glamour ausstrahlt. Das elegante Design kombiniert luxuri\u00f6se Stoffe mit subtilen Details, die dem Kleid einen zeitlosen Reiz verleihen. Die femininen Formen werden wundersch\u00f6n betont, w\u00e4hrend die Silhouette Stil und Klasse ausstrahlt. Das Lohrengel LB525 ist bei Koonings The Wedding Palace erh\u00e4ltlich, wo Sie auf pers\u00f6nliche Aufmerksamkeit und fachkundige Beratung z\u00e4hlen k\u00f6nnen. Vereinbaren Sie einen Termin und entdecken Sie dieses wundersch\u00f6ne Kleid in der luxuri\u00f6sen und stilvollen Umgebung von Koonings The Wedding Palace.","robots":{"index":"index","follow":"follow","max-snippet":"max-snippet:-1","max-image-preview":"max-image-preview:large","max-video-preview":"max-video-preview:-1"},"canonical":"https:\/\/www.koonings.com\/de\/product\/lohrengel-lb525\/","og_locale":"de_DE","og_type":"article","og_title":"Fashion Queen Lohrengel Molly Monroe LB525 | Koonings","og_description":"Das Lohrengel LB525 ist ein bezauberndes Hochzeitskleid, das Raffinesse und Glamour ausstrahlt. Das elegante Design kombiniert luxuri\u00f6se Stoffe mit subtilen Details, die dem Kleid einen zeitlosen Reiz verleihen. Die femininen Formen werden wundersch\u00f6n betont, w\u00e4hrend die Silhouette Stil und Klasse ausstrahlt. Das Lohrengel LB525 ist bei Koonings The Wedding Palace erh\u00e4ltlich, wo Sie auf pers\u00f6nliche Aufmerksamkeit und fachkundige Beratung z\u00e4hlen k\u00f6nnen. Vereinbaren Sie einen Termin und entdecken Sie dieses wundersch\u00f6ne Kleid in der luxuri\u00f6sen und stilvollen Umgebung von Koonings The Wedding Palace.","og_url":"https:\/\/www.koonings.com\/de\/product\/lohrengel-lb525\/","og_site_name":"Koonings","article_publisher":"https:\/\/www.facebook.com\/kooningstheweddingpalace","og_image":[{"width":1361,"height":1927,"url":"https:\/\/www.koonings.com\/wp-content\/uploads\/2024\/11\/41117_cf8bd62a8e47777b903918ffc241da08220ddb1657edc4b9fa2ce359a742b8cb01ae2484.jpeg","type":"image\/jpeg"}],"twitter_card":"summary_large_image","schema":{"@context":"https:\/\/schema.org","@graph":[{"@type":"WebPage","@id":"https:\/\/www.koonings.com\/de\/product\/lohrengel-lb525\/","url":"https:\/\/www.koonings.com\/de\/product\/lohrengel-lb525\/","name":"Fashion Queen Lohrengel Molly Monroe LB525 | Koonings","isPartOf":{"@id":"https:\/\/www.koonings.com\/de\/#website"},"primaryImageOfPage":{"@id":"https:\/\/www.koonings.com\/de\/product\/lohrengel-lb525\/#primaryimage"},"image":{"@id":"https:\/\/www.koonings.com\/de\/product\/lohrengel-lb525\/#primaryimage"},"thumbnailUrl":"https:\/\/www.koonings.com\/wp-content\/uploads\/2024\/11\/41117_cf8bd62a8e47777b903918ffc241da08220ddb1657edc4b9fa2ce359a742b8cb01ae2484.jpeg","datePublished":"2026-04-21T16:26:42+00:00","description":"Das Lohrengel LB525 ist ein bezauberndes Hochzeitskleid, das Raffinesse und Glamour ausstrahlt. Das elegante Design kombiniert luxuri\u00f6se Stoffe mit subtilen Details, die dem Kleid einen zeitlosen Reiz verleihen. Die femininen Formen werden wundersch\u00f6n betont, w\u00e4hrend die Silhouette Stil und Klasse ausstrahlt. Das Lohrengel LB525 ist bei Koonings The Wedding Palace erh\u00e4ltlich, wo Sie auf pers\u00f6nliche Aufmerksamkeit und fachkundige Beratung z\u00e4hlen k\u00f6nnen. Vereinbaren Sie einen Termin und entdecken Sie dieses wundersch\u00f6ne Kleid in der luxuri\u00f6sen und stilvollen Umgebung von Koonings The Wedding Palace.","breadcrumb":{"@id":"https:\/\/www.koonings.com\/de\/product\/lohrengel-lb525\/#breadcrumb"},"inLanguage":"de","potentialAction":[{"@type":"ReadAction","target":["https:\/\/www.koonings.com\/de\/product\/lohrengel-lb525\/"]}]},{"@type":"ImageObject","inLanguage":"de","@id":"https:\/\/www.koonings.com\/de\/product\/lohrengel-lb525\/#primaryimage","url":"https:\/\/www.koonings.com\/wp-content\/uploads\/2024\/11\/41117_cf8bd62a8e47777b903918ffc241da08220ddb1657edc4b9fa2ce359a742b8cb01ae2484.jpeg","contentUrl":"https:\/\/www.koonings.com\/wp-content\/uploads\/2024\/11\/41117_cf8bd62a8e47777b903918ffc241da08220ddb1657edc4b9fa2ce359a742b8cb01ae2484.jpeg","width":1361,"height":1927},{"@type":"BreadcrumbList","@id":"https:\/\/www.koonings.com\/de\/product\/lohrengel-lb525\/#breadcrumb","itemListElement":[{"@type":"ListItem","position":1,"name":"Home","item":"https:\/\/www.koonings.com\/de\/"},{"@type":"ListItem","position":2,"name":"Fashion Queen Lohrengel Molly Monroe LB525"}]},{"@type":"WebSite","@id":"https:\/\/www.koonings.com\/de\/#website","url":"https:\/\/www.koonings.com\/de\/","name":"Koonings","description":"De grootste bruidsmodewinkel ter wereld","publisher":{"@id":"https:\/\/www.koonings.com\/de\/#organization"},"potentialAction":[{"@type":"SearchAction","target":{"@type":"EntryPoint","urlTemplate":"https:\/\/www.koonings.com\/de\/?s={search_term_string}"},"query-input":{"@type":"PropertyValueSpecification","valueRequired":true,"valueName":"search_term_string"}}],"inLanguage":"de"},{"@type":"Organization","@id":"https:\/\/www.koonings.com\/de\/#organization","name":"Koonings","url":"https:\/\/www.koonings.com\/de\/","logo":{"@type":"ImageObject","inLanguage":"de","@id":"https:\/\/www.koonings.com\/de\/#\/schema\/logo\/image\/","url":"https:\/\/www.koonings.com\/wp-content\/uploads\/2024\/07\/logo.png","contentUrl":"https:\/\/www.koonings.com\/wp-content\/uploads\/2024\/07\/logo.png","width":600,"height":428,"caption":"Koonings"},"image":{"@id":"https:\/\/www.koonings.com\/de\/#\/schema\/logo\/image\/"},"sameAs":["https:\/\/www.facebook.com\/kooningstheweddingpalace","https:\/\/www.instagram.com\/kooningstheweddingpalace","https:\/\/www.pinterest.com\/koonings","https:\/\/www.youtube.com\/kooningstheweddingpalace"]}]}},"_links":{"self":[{"href":"https:\/\/www.koonings.com\/de\/wp-json\/wp\/v2\/product\/59036","targetHints":{"allow":["GET"]}}],"collection":[{"href":"https:\/\/www.koonings.com\/de\/wp-json\/wp\/v2\/product"}],"about":[{"href":"https:\/\/www.koonings.com\/de\/wp-json\/wp\/v2\/types\/product"}],"wp:featuredmedia":[{"embeddable":true,"href":"https:\/\/www.koonings.com\/de\/wp-json\/wp\/v2\/media\/50378"}],"wp:attachment":[{"href":"https:\/\/www.koonings.com\/de\/wp-json\/wp\/v2\/media?parent=59036"}],"wp:term":[{"taxonomy":"productdetails","embeddable":true,"href":"https:\/\/www.koonings.com\/de\/wp-json\/wp\/v2\/productdetails?post=59036"},{"taxonomy":"productneck","embeddable":true,"href":"https:\/\/www.koonings.com\/de\/wp-json\/wp\/v2\/productneck?post=59036"},{"taxonomy":"productcolor","embeddable":true,"href":"https:\/\/www.koonings.com\/de\/wp-json\/wp\/v2\/productcolor?post=59036"},{"taxonomy":"maat","embeddable":true,"href":"https:\/\/www.koonings.com\/de\/wp-json\/wp\/v2\/maat?post=59036"},{"taxonomy":"productsupplier","embeddable":true,"href":"https:\/\/www.koonings.com\/de\/wp-json\/wp\/v2\/productsupplier?post=59036"},{"taxonomy":"productsleeve","embeddable":true,"href":"https:\/\/www.koonings.com\/de\/wp-json\/wp\/v2\/productsleeve?post=59036"},{"taxonomy":"productcategory","embeddable":true,"href":"https:\/\/www.koonings.com\/de\/wp-json\/wp\/v2\/productcategory?post=59036"},{"taxonomy":"productsilhouette","embeddable":true,"href":"https:\/\/www.koonings.com\/de\/wp-json\/wp\/v2\/productsilhouette?post=59036"},{"taxonomy":"productstyle","embeddable":true,"href":"https:\/\/www.koonings.com\/de\/wp-json\/wp\/v2\/productstyle?post=59036"}],"curies":[{"name":"wp","href":"https:\/\/api.w.org\/{rel}","templated":true}]}}