{"id":59029,"date":"2026-05-06T15:26:19","date_gmt":"2026-05-06T13:26:19","guid":{"rendered":"https:\/\/www.koonings.com\/product\/lohrengel-lb500\/"},"modified":"2025-06-05T13:21:17","modified_gmt":"2025-06-05T11:21:17","slug":"lohrengel-lb500","status":"publish","type":"product","link":"https:\/\/www.koonings.com\/de\/product\/lohrengel-lb500\/","title":{"rendered":"Fashion Queen Lohrengel Molly Monroe LB500"},"content":{"rendered":"<p>Das Lohrengel Molly Monroe LB500 ist ein bezauberndes Hochzeitskleid, das zeitlose Eleganz und modernen Charme vereint. Das Design dieses Kleides hebt die weiblichen Formen auf raffinierte Weise hervor. Eine sch\u00f6ne Silhouette und luxuri\u00f6se Stoffe sorgen f\u00fcr einen schicken Look. Detaillierte Verarbeitungen wie zarte Spitze und dezente Verzierungen machen dieses Kleid zur perfekten Wahl f\u00fcr die Braut, die einen romantischen und doch modernen Look sucht.  <\/p>\n<p>Dieses atemberaubende Hochzeitskleid ist exklusiv bei Koonings The Wedding Palace erh\u00e4ltlich, wo Sie auf fachkundige Beratung und pers\u00f6nliche Unterst\u00fctzung z\u00e4hlen k\u00f6nnen, um das perfekte Kleid f\u00fcr Ihren gro\u00dfen Tag zu finden. Vereinbaren Sie einen Termin bei Koonings und entdecken Sie das Lohrengel Molly Monroe LB500 in der luxuri\u00f6sen und stilvollen Umgebung des Brautmodengesch\u00e4fts. <\/p>\n","protected":false},"featured_media":50429,"template":"","meta":{"_acf_changed":false,"ghostkit_customizer_options":"","ghostkit_custom_css":"","ghostkit_custom_js_head":"","ghostkit_custom_js_foot":"","ghostkit_typography":""},"productdetails":[379,381],"productneck":[356],"productcolor":[392],"maat":[375],"productsupplier":[480],"productsleeve":[359,361],"productcategory":[18],"productsilhouette":[384],"productstyle":[366],"class_list":["post-59029","product","type-product","status-publish","has-post-thumbnail","hentry","productdetails-379","productdetails-381","productneck-356","productcolor-392","maat-375","productsupplier-fashion-queen","productsleeve-359","productsleeve-361","productcategory-trouwjurken","productsilhouette-384","productstyle-366"],"acf":[],"yoast_head":"<!-- This site is optimized with the Yoast SEO plugin v27.3 - https:\/\/yoast.com\/product\/yoast-seo-wordpress\/ -->\n<title>Fashion Queen Lohrengel Molly Monroe LB500 | Koonings<\/title>\n<meta name=\"description\" content=\"Das Lohrengel Molly Monroe LB500 ist ein bezauberndes Hochzeitskleid, das zeitlose Eleganz und modernen Charme vereint. Das Design dieses Kleides hebt die weiblichen Formen auf raffinierte Weise hervor. Eine sch\u00f6ne Silhouette und luxuri\u00f6se Stoffe sorgen f\u00fcr einen schicken Look. Detaillierte Verarbeitungen wie zarte Spitze und dezente Verzierungen machen dieses Kleid zur perfekten Wahl f\u00fcr die Braut, die einen romantischen und doch modernen Look sucht. Dieses atemberaubende Hochzeitskleid ist exklusiv bei Koonings The Wedding Palace erh\u00e4ltlich, wo Sie auf fachkundige Beratung und pers\u00f6nliche Unterst\u00fctzung z\u00e4hlen k\u00f6nnen, um das perfekte Kleid f\u00fcr Ihren gro\u00dfen Tag zu finden. Vereinbaren Sie einen Termin bei Koonings und entdecken Sie das Lohrengel Molly Monroe LB500 in der luxuri\u00f6sen und stilvollen Umgebung des Brautmodengesch\u00e4fts.\" \/>\n<meta name=\"robots\" content=\"index, follow, max-snippet:-1, max-image-preview:large, max-video-preview:-1\" \/>\n<link rel=\"canonical\" href=\"https:\/\/www.koonings.com\/de\/product\/lohrengel-lb500\/\" \/>\n<meta property=\"og:locale\" content=\"de_DE\" \/>\n<meta property=\"og:type\" content=\"article\" \/>\n<meta property=\"og:title\" content=\"Fashion Queen Lohrengel Molly Monroe LB500 | Koonings\" \/>\n<meta property=\"og:description\" content=\"Das Lohrengel Molly Monroe LB500 ist ein bezauberndes Hochzeitskleid, das zeitlose Eleganz und modernen Charme vereint. Das Design dieses Kleides hebt die weiblichen Formen auf raffinierte Weise hervor. Eine sch\u00f6ne Silhouette und luxuri\u00f6se Stoffe sorgen f\u00fcr einen schicken Look. Detaillierte Verarbeitungen wie zarte Spitze und dezente Verzierungen machen dieses Kleid zur perfekten Wahl f\u00fcr die Braut, die einen romantischen und doch modernen Look sucht. Dieses atemberaubende Hochzeitskleid ist exklusiv bei Koonings The Wedding Palace erh\u00e4ltlich, wo Sie auf fachkundige Beratung und pers\u00f6nliche Unterst\u00fctzung z\u00e4hlen k\u00f6nnen, um das perfekte Kleid f\u00fcr Ihren gro\u00dfen Tag zu finden. Vereinbaren Sie einen Termin bei Koonings und entdecken Sie das Lohrengel Molly Monroe LB500 in der luxuri\u00f6sen und stilvollen Umgebung des Brautmodengesch\u00e4fts.\" \/>\n<meta property=\"og:url\" content=\"https:\/\/www.koonings.com\/de\/product\/lohrengel-lb500\/\" \/>\n<meta property=\"og:site_name\" content=\"Koonings\" \/>\n<meta property=\"article:publisher\" content=\"https:\/\/www.facebook.com\/kooningstheweddingpalace\" \/>\n<meta property=\"og:image\" content=\"https:\/\/www.koonings.com\/wp-content\/uploads\/2024\/11\/41120_e2080c66d6cab3df54a8cae1eb2f1290c1c38a37ae8b835d9dfaf0b0c086c7607a54e7df.jpeg\" \/>\n\t<meta property=\"og:image:width\" content=\"1246\" \/>\n\t<meta property=\"og:image:height\" content=\"1763\" \/>\n\t<meta property=\"og:image:type\" content=\"image\/jpeg\" \/>\n<meta name=\"twitter:card\" content=\"summary_large_image\" \/>\n<meta name=\"twitter:label1\" content=\"Gesch\u00e4tzte Lesezeit\" \/>\n\t<meta name=\"twitter:data1\" content=\"1\u00a0Minute\" \/>\n<script type=\"application\/ld+json\" class=\"yoast-schema-graph\">{\"@context\":\"https:\\\/\\\/schema.org\",\"@graph\":[{\"@type\":\"WebPage\",\"@id\":\"https:\\\/\\\/www.koonings.com\\\/de\\\/product\\\/lohrengel-lb500\\\/\",\"url\":\"https:\\\/\\\/www.koonings.com\\\/de\\\/product\\\/lohrengel-lb500\\\/\",\"name\":\"Fashion Queen Lohrengel Molly Monroe LB500 | Koonings\",\"isPartOf\":{\"@id\":\"https:\\\/\\\/www.koonings.com\\\/de\\\/#website\"},\"primaryImageOfPage\":{\"@id\":\"https:\\\/\\\/www.koonings.com\\\/de\\\/product\\\/lohrengel-lb500\\\/#primaryimage\"},\"image\":{\"@id\":\"https:\\\/\\\/www.koonings.com\\\/de\\\/product\\\/lohrengel-lb500\\\/#primaryimage\"},\"thumbnailUrl\":\"https:\\\/\\\/www.koonings.com\\\/wp-content\\\/uploads\\\/2024\\\/11\\\/41120_e2080c66d6cab3df54a8cae1eb2f1290c1c38a37ae8b835d9dfaf0b0c086c7607a54e7df.jpeg\",\"datePublished\":\"2026-05-06T13:26:19+00:00\",\"description\":\"Das Lohrengel Molly Monroe LB500 ist ein bezauberndes Hochzeitskleid, das zeitlose Eleganz und modernen Charme vereint. Das Design dieses Kleides hebt die weiblichen Formen auf raffinierte Weise hervor. Eine sch\u00f6ne Silhouette und luxuri\u00f6se Stoffe sorgen f\u00fcr einen schicken Look. Detaillierte Verarbeitungen wie zarte Spitze und dezente Verzierungen machen dieses Kleid zur perfekten Wahl f\u00fcr die Braut, die einen romantischen und doch modernen Look sucht. Dieses atemberaubende Hochzeitskleid ist exklusiv bei Koonings The Wedding Palace erh\u00e4ltlich, wo Sie auf fachkundige Beratung und pers\u00f6nliche Unterst\u00fctzung z\u00e4hlen k\u00f6nnen, um das perfekte Kleid f\u00fcr Ihren gro\u00dfen Tag zu finden. Vereinbaren Sie einen Termin bei Koonings und entdecken Sie das Lohrengel Molly Monroe LB500 in der luxuri\u00f6sen und stilvollen Umgebung des Brautmodengesch\u00e4fts.\",\"breadcrumb\":{\"@id\":\"https:\\\/\\\/www.koonings.com\\\/de\\\/product\\\/lohrengel-lb500\\\/#breadcrumb\"},\"inLanguage\":\"de\",\"potentialAction\":[{\"@type\":\"ReadAction\",\"target\":[\"https:\\\/\\\/www.koonings.com\\\/de\\\/product\\\/lohrengel-lb500\\\/\"]}]},{\"@type\":\"ImageObject\",\"inLanguage\":\"de\",\"@id\":\"https:\\\/\\\/www.koonings.com\\\/de\\\/product\\\/lohrengel-lb500\\\/#primaryimage\",\"url\":\"https:\\\/\\\/www.koonings.com\\\/wp-content\\\/uploads\\\/2024\\\/11\\\/41120_e2080c66d6cab3df54a8cae1eb2f1290c1c38a37ae8b835d9dfaf0b0c086c7607a54e7df.jpeg\",\"contentUrl\":\"https:\\\/\\\/www.koonings.com\\\/wp-content\\\/uploads\\\/2024\\\/11\\\/41120_e2080c66d6cab3df54a8cae1eb2f1290c1c38a37ae8b835d9dfaf0b0c086c7607a54e7df.jpeg\",\"width\":1246,\"height\":1763},{\"@type\":\"BreadcrumbList\",\"@id\":\"https:\\\/\\\/www.koonings.com\\\/de\\\/product\\\/lohrengel-lb500\\\/#breadcrumb\",\"itemListElement\":[{\"@type\":\"ListItem\",\"position\":1,\"name\":\"Home\",\"item\":\"https:\\\/\\\/www.koonings.com\\\/de\\\/\"},{\"@type\":\"ListItem\",\"position\":2,\"name\":\"Fashion Queen Lohrengel Molly Monroe LB500\"}]},{\"@type\":\"WebSite\",\"@id\":\"https:\\\/\\\/www.koonings.com\\\/de\\\/#website\",\"url\":\"https:\\\/\\\/www.koonings.com\\\/de\\\/\",\"name\":\"Koonings\",\"description\":\"De grootste bruidsmodewinkel ter wereld\",\"publisher\":{\"@id\":\"https:\\\/\\\/www.koonings.com\\\/de\\\/#organization\"},\"potentialAction\":[{\"@type\":\"SearchAction\",\"target\":{\"@type\":\"EntryPoint\",\"urlTemplate\":\"https:\\\/\\\/www.koonings.com\\\/de\\\/?s={search_term_string}\"},\"query-input\":{\"@type\":\"PropertyValueSpecification\",\"valueRequired\":true,\"valueName\":\"search_term_string\"}}],\"inLanguage\":\"de\"},{\"@type\":\"Organization\",\"@id\":\"https:\\\/\\\/www.koonings.com\\\/de\\\/#organization\",\"name\":\"Koonings\",\"url\":\"https:\\\/\\\/www.koonings.com\\\/de\\\/\",\"logo\":{\"@type\":\"ImageObject\",\"inLanguage\":\"de\",\"@id\":\"https:\\\/\\\/www.koonings.com\\\/de\\\/#\\\/schema\\\/logo\\\/image\\\/\",\"url\":\"https:\\\/\\\/www.koonings.com\\\/wp-content\\\/uploads\\\/2024\\\/07\\\/logo.png\",\"contentUrl\":\"https:\\\/\\\/www.koonings.com\\\/wp-content\\\/uploads\\\/2024\\\/07\\\/logo.png\",\"width\":600,\"height\":428,\"caption\":\"Koonings\"},\"image\":{\"@id\":\"https:\\\/\\\/www.koonings.com\\\/de\\\/#\\\/schema\\\/logo\\\/image\\\/\"},\"sameAs\":[\"https:\\\/\\\/www.facebook.com\\\/kooningstheweddingpalace\",\"https:\\\/\\\/www.instagram.com\\\/kooningstheweddingpalace\",\"https:\\\/\\\/www.pinterest.com\\\/koonings\",\"https:\\\/\\\/www.youtube.com\\\/kooningstheweddingpalace\"]}]}<\/script>\n<!-- \/ Yoast SEO plugin. -->","yoast_head_json":{"title":"Fashion Queen Lohrengel Molly Monroe LB500 | Koonings","description":"Das Lohrengel Molly Monroe LB500 ist ein bezauberndes Hochzeitskleid, das zeitlose Eleganz und modernen Charme vereint. Das Design dieses Kleides hebt die weiblichen Formen auf raffinierte Weise hervor. Eine sch\u00f6ne Silhouette und luxuri\u00f6se Stoffe sorgen f\u00fcr einen schicken Look. Detaillierte Verarbeitungen wie zarte Spitze und dezente Verzierungen machen dieses Kleid zur perfekten Wahl f\u00fcr die Braut, die einen romantischen und doch modernen Look sucht. Dieses atemberaubende Hochzeitskleid ist exklusiv bei Koonings The Wedding Palace erh\u00e4ltlich, wo Sie auf fachkundige Beratung und pers\u00f6nliche Unterst\u00fctzung z\u00e4hlen k\u00f6nnen, um das perfekte Kleid f\u00fcr Ihren gro\u00dfen Tag zu finden. Vereinbaren Sie einen Termin bei Koonings und entdecken Sie das Lohrengel Molly Monroe LB500 in der luxuri\u00f6sen und stilvollen Umgebung des Brautmodengesch\u00e4fts.","robots":{"index":"index","follow":"follow","max-snippet":"max-snippet:-1","max-image-preview":"max-image-preview:large","max-video-preview":"max-video-preview:-1"},"canonical":"https:\/\/www.koonings.com\/de\/product\/lohrengel-lb500\/","og_locale":"de_DE","og_type":"article","og_title":"Fashion Queen Lohrengel Molly Monroe LB500 | Koonings","og_description":"Das Lohrengel Molly Monroe LB500 ist ein bezauberndes Hochzeitskleid, das zeitlose Eleganz und modernen Charme vereint. Das Design dieses Kleides hebt die weiblichen Formen auf raffinierte Weise hervor. Eine sch\u00f6ne Silhouette und luxuri\u00f6se Stoffe sorgen f\u00fcr einen schicken Look. Detaillierte Verarbeitungen wie zarte Spitze und dezente Verzierungen machen dieses Kleid zur perfekten Wahl f\u00fcr die Braut, die einen romantischen und doch modernen Look sucht. Dieses atemberaubende Hochzeitskleid ist exklusiv bei Koonings The Wedding Palace erh\u00e4ltlich, wo Sie auf fachkundige Beratung und pers\u00f6nliche Unterst\u00fctzung z\u00e4hlen k\u00f6nnen, um das perfekte Kleid f\u00fcr Ihren gro\u00dfen Tag zu finden. Vereinbaren Sie einen Termin bei Koonings und entdecken Sie das Lohrengel Molly Monroe LB500 in der luxuri\u00f6sen und stilvollen Umgebung des Brautmodengesch\u00e4fts.","og_url":"https:\/\/www.koonings.com\/de\/product\/lohrengel-lb500\/","og_site_name":"Koonings","article_publisher":"https:\/\/www.facebook.com\/kooningstheweddingpalace","og_image":[{"width":1246,"height":1763,"url":"https:\/\/www.koonings.com\/wp-content\/uploads\/2024\/11\/41120_e2080c66d6cab3df54a8cae1eb2f1290c1c38a37ae8b835d9dfaf0b0c086c7607a54e7df.jpeg","type":"image\/jpeg"}],"twitter_card":"summary_large_image","twitter_misc":{"Gesch\u00e4tzte Lesezeit":"1\u00a0Minute"},"schema":{"@context":"https:\/\/schema.org","@graph":[{"@type":"WebPage","@id":"https:\/\/www.koonings.com\/de\/product\/lohrengel-lb500\/","url":"https:\/\/www.koonings.com\/de\/product\/lohrengel-lb500\/","name":"Fashion Queen Lohrengel Molly Monroe LB500 | Koonings","isPartOf":{"@id":"https:\/\/www.koonings.com\/de\/#website"},"primaryImageOfPage":{"@id":"https:\/\/www.koonings.com\/de\/product\/lohrengel-lb500\/#primaryimage"},"image":{"@id":"https:\/\/www.koonings.com\/de\/product\/lohrengel-lb500\/#primaryimage"},"thumbnailUrl":"https:\/\/www.koonings.com\/wp-content\/uploads\/2024\/11\/41120_e2080c66d6cab3df54a8cae1eb2f1290c1c38a37ae8b835d9dfaf0b0c086c7607a54e7df.jpeg","datePublished":"2026-05-06T13:26:19+00:00","description":"Das Lohrengel Molly Monroe LB500 ist ein bezauberndes Hochzeitskleid, das zeitlose Eleganz und modernen Charme vereint. Das Design dieses Kleides hebt die weiblichen Formen auf raffinierte Weise hervor. Eine sch\u00f6ne Silhouette und luxuri\u00f6se Stoffe sorgen f\u00fcr einen schicken Look. Detaillierte Verarbeitungen wie zarte Spitze und dezente Verzierungen machen dieses Kleid zur perfekten Wahl f\u00fcr die Braut, die einen romantischen und doch modernen Look sucht. Dieses atemberaubende Hochzeitskleid ist exklusiv bei Koonings The Wedding Palace erh\u00e4ltlich, wo Sie auf fachkundige Beratung und pers\u00f6nliche Unterst\u00fctzung z\u00e4hlen k\u00f6nnen, um das perfekte Kleid f\u00fcr Ihren gro\u00dfen Tag zu finden. Vereinbaren Sie einen Termin bei Koonings und entdecken Sie das Lohrengel Molly Monroe LB500 in der luxuri\u00f6sen und stilvollen Umgebung des Brautmodengesch\u00e4fts.","breadcrumb":{"@id":"https:\/\/www.koonings.com\/de\/product\/lohrengel-lb500\/#breadcrumb"},"inLanguage":"de","potentialAction":[{"@type":"ReadAction","target":["https:\/\/www.koonings.com\/de\/product\/lohrengel-lb500\/"]}]},{"@type":"ImageObject","inLanguage":"de","@id":"https:\/\/www.koonings.com\/de\/product\/lohrengel-lb500\/#primaryimage","url":"https:\/\/www.koonings.com\/wp-content\/uploads\/2024\/11\/41120_e2080c66d6cab3df54a8cae1eb2f1290c1c38a37ae8b835d9dfaf0b0c086c7607a54e7df.jpeg","contentUrl":"https:\/\/www.koonings.com\/wp-content\/uploads\/2024\/11\/41120_e2080c66d6cab3df54a8cae1eb2f1290c1c38a37ae8b835d9dfaf0b0c086c7607a54e7df.jpeg","width":1246,"height":1763},{"@type":"BreadcrumbList","@id":"https:\/\/www.koonings.com\/de\/product\/lohrengel-lb500\/#breadcrumb","itemListElement":[{"@type":"ListItem","position":1,"name":"Home","item":"https:\/\/www.koonings.com\/de\/"},{"@type":"ListItem","position":2,"name":"Fashion Queen Lohrengel Molly Monroe LB500"}]},{"@type":"WebSite","@id":"https:\/\/www.koonings.com\/de\/#website","url":"https:\/\/www.koonings.com\/de\/","name":"Koonings","description":"De grootste bruidsmodewinkel ter wereld","publisher":{"@id":"https:\/\/www.koonings.com\/de\/#organization"},"potentialAction":[{"@type":"SearchAction","target":{"@type":"EntryPoint","urlTemplate":"https:\/\/www.koonings.com\/de\/?s={search_term_string}"},"query-input":{"@type":"PropertyValueSpecification","valueRequired":true,"valueName":"search_term_string"}}],"inLanguage":"de"},{"@type":"Organization","@id":"https:\/\/www.koonings.com\/de\/#organization","name":"Koonings","url":"https:\/\/www.koonings.com\/de\/","logo":{"@type":"ImageObject","inLanguage":"de","@id":"https:\/\/www.koonings.com\/de\/#\/schema\/logo\/image\/","url":"https:\/\/www.koonings.com\/wp-content\/uploads\/2024\/07\/logo.png","contentUrl":"https:\/\/www.koonings.com\/wp-content\/uploads\/2024\/07\/logo.png","width":600,"height":428,"caption":"Koonings"},"image":{"@id":"https:\/\/www.koonings.com\/de\/#\/schema\/logo\/image\/"},"sameAs":["https:\/\/www.facebook.com\/kooningstheweddingpalace","https:\/\/www.instagram.com\/kooningstheweddingpalace","https:\/\/www.pinterest.com\/koonings","https:\/\/www.youtube.com\/kooningstheweddingpalace"]}]}},"_links":{"self":[{"href":"https:\/\/www.koonings.com\/de\/wp-json\/wp\/v2\/product\/59029","targetHints":{"allow":["GET"]}}],"collection":[{"href":"https:\/\/www.koonings.com\/de\/wp-json\/wp\/v2\/product"}],"about":[{"href":"https:\/\/www.koonings.com\/de\/wp-json\/wp\/v2\/types\/product"}],"wp:featuredmedia":[{"embeddable":true,"href":"https:\/\/www.koonings.com\/de\/wp-json\/wp\/v2\/media\/50429"}],"wp:attachment":[{"href":"https:\/\/www.koonings.com\/de\/wp-json\/wp\/v2\/media?parent=59029"}],"wp:term":[{"taxonomy":"productdetails","embeddable":true,"href":"https:\/\/www.koonings.com\/de\/wp-json\/wp\/v2\/productdetails?post=59029"},{"taxonomy":"productneck","embeddable":true,"href":"https:\/\/www.koonings.com\/de\/wp-json\/wp\/v2\/productneck?post=59029"},{"taxonomy":"productcolor","embeddable":true,"href":"https:\/\/www.koonings.com\/de\/wp-json\/wp\/v2\/productcolor?post=59029"},{"taxonomy":"maat","embeddable":true,"href":"https:\/\/www.koonings.com\/de\/wp-json\/wp\/v2\/maat?post=59029"},{"taxonomy":"productsupplier","embeddable":true,"href":"https:\/\/www.koonings.com\/de\/wp-json\/wp\/v2\/productsupplier?post=59029"},{"taxonomy":"productsleeve","embeddable":true,"href":"https:\/\/www.koonings.com\/de\/wp-json\/wp\/v2\/productsleeve?post=59029"},{"taxonomy":"productcategory","embeddable":true,"href":"https:\/\/www.koonings.com\/de\/wp-json\/wp\/v2\/productcategory?post=59029"},{"taxonomy":"productsilhouette","embeddable":true,"href":"https:\/\/www.koonings.com\/de\/wp-json\/wp\/v2\/productsilhouette?post=59029"},{"taxonomy":"productstyle","embeddable":true,"href":"https:\/\/www.koonings.com\/de\/wp-json\/wp\/v2\/productstyle?post=59029"}],"curies":[{"name":"wp","href":"https:\/\/api.w.org\/{rel}","templated":true}]}}