{"id":59024,"date":"2026-04-21T18:26:44","date_gmt":"2026-04-21T16:26:44","guid":{"rendered":"https:\/\/www.koonings.com\/product\/lohrengel-lb514\/"},"modified":"2025-06-05T13:21:18","modified_gmt":"2025-06-05T11:21:18","slug":"lohrengel-lb514","status":"publish","type":"product","link":"https:\/\/www.koonings.com\/de\/product\/lohrengel-lb514\/","title":{"rendered":"Fashion Queen Lohrengel Molly Monroe LB514"},"content":{"rendered":"<p>Das Lohrengel Molly Monroe LB514 ist ein atemberaubendes Hochzeitskleid, das Romantik und Eleganz ausstrahlt. Das Design ist eine perfekte Mischung aus modernen und klassischen Elementen, mit einer raffinierten Passform, die die weiblichen Formen wunderbar betont. Das Kleid ist aus luxuri\u00f6sen Stoffen gefertigt und mit Details versehen, die f\u00fcr einen schicken und zeitlosen Look sorgen. Ganz gleich, ob Sie eine klassische Hochzeit oder eine moderne Zeremonie planen, dieses Kleid bietet die perfekte Balance aus Stil und Raffinesse.   <\/p>\n<p>Dieses wundersch\u00f6ne Hochzeitskleid ist exklusiv bei Koonings The Wedding Palace erh\u00e4ltlich, wo Sie auf pers\u00f6nliche Aufmerksamkeit und fachkundige Beratung z\u00e4hlen k\u00f6nnen. Das Team von Koonings hilft Ihnen gerne, das ideale Kleid f\u00fcr Ihren gro\u00dfen Tag zu finden. Vereinbaren Sie einen Termin und erleben Sie den Zauber des Lohrengel Molly Monroe LB514 in der eleganten und luxuri\u00f6sen Atmosph\u00e4re von Koonings The Wedding Palace.  <\/p>\n","protected":false},"featured_media":50446,"template":"","meta":{"_acf_changed":false,"ghostkit_customizer_options":"","ghostkit_custom_css":"","ghostkit_custom_js_head":"","ghostkit_custom_js_foot":"","ghostkit_typography":""},"productdetails":[],"productneck":[356],"productcolor":[392],"maat":[375],"productsupplier":[480],"productsleeve":[359],"productcategory":[18],"productsilhouette":[384],"productstyle":[365,366],"class_list":["post-59024","product","type-product","status-publish","has-post-thumbnail","hentry","productneck-356","productcolor-392","maat-375","productsupplier-fashion-queen","productsleeve-359","productcategory-trouwjurken","productsilhouette-384","productstyle-365","productstyle-366"],"acf":[],"yoast_head":"<!-- This site is optimized with the Yoast SEO plugin v27.3 - https:\/\/yoast.com\/product\/yoast-seo-wordpress\/ -->\n<title>Fashion Queen Lohrengel Molly Monroe LB514 | Koonings<\/title>\n<meta name=\"description\" content=\"Das Lohrengel Molly Monroe LB514 ist ein atemberaubendes Hochzeitskleid, das Romantik und Eleganz ausstrahlt. Das Design ist eine perfekte Mischung aus modernen und klassischen Elementen, mit einer raffinierten Passform, die die weiblichen Formen wunderbar betont. Das Kleid ist aus luxuri\u00f6sen Stoffen gefertigt und mit Details versehen, die f\u00fcr einen schicken und zeitlosen Look sorgen. Ganz gleich, ob Sie eine klassische Hochzeit oder eine moderne Zeremonie planen, dieses Kleid bietet die perfekte Balance aus Stil und Raffinesse. Dieses wundersch\u00f6ne Hochzeitskleid ist exklusiv bei Koonings The Wedding Palace erh\u00e4ltlich, wo Sie auf pers\u00f6nliche Aufmerksamkeit und fachkundige Beratung z\u00e4hlen k\u00f6nnen. Das Team von Koonings hilft Ihnen gerne, das ideale Kleid f\u00fcr Ihren gro\u00dfen Tag zu finden. Vereinbaren Sie einen Termin und erleben Sie den Zauber des Lohrengel Molly Monroe LB514 in der eleganten und luxuri\u00f6sen Atmosph\u00e4re von Koonings The Wedding Palace.\" \/>\n<meta name=\"robots\" content=\"index, follow, max-snippet:-1, max-image-preview:large, max-video-preview:-1\" \/>\n<link rel=\"canonical\" href=\"https:\/\/www.koonings.com\/de\/product\/lohrengel-lb514\/\" \/>\n<meta property=\"og:locale\" content=\"de_DE\" \/>\n<meta property=\"og:type\" content=\"article\" \/>\n<meta property=\"og:title\" content=\"Fashion Queen Lohrengel Molly Monroe LB514 | Koonings\" \/>\n<meta property=\"og:description\" content=\"Das Lohrengel Molly Monroe LB514 ist ein atemberaubendes Hochzeitskleid, das Romantik und Eleganz ausstrahlt. Das Design ist eine perfekte Mischung aus modernen und klassischen Elementen, mit einer raffinierten Passform, die die weiblichen Formen wunderbar betont. Das Kleid ist aus luxuri\u00f6sen Stoffen gefertigt und mit Details versehen, die f\u00fcr einen schicken und zeitlosen Look sorgen. Ganz gleich, ob Sie eine klassische Hochzeit oder eine moderne Zeremonie planen, dieses Kleid bietet die perfekte Balance aus Stil und Raffinesse. Dieses wundersch\u00f6ne Hochzeitskleid ist exklusiv bei Koonings The Wedding Palace erh\u00e4ltlich, wo Sie auf pers\u00f6nliche Aufmerksamkeit und fachkundige Beratung z\u00e4hlen k\u00f6nnen. Das Team von Koonings hilft Ihnen gerne, das ideale Kleid f\u00fcr Ihren gro\u00dfen Tag zu finden. Vereinbaren Sie einen Termin und erleben Sie den Zauber des Lohrengel Molly Monroe LB514 in der eleganten und luxuri\u00f6sen Atmosph\u00e4re von Koonings The Wedding Palace.\" \/>\n<meta property=\"og:url\" content=\"https:\/\/www.koonings.com\/de\/product\/lohrengel-lb514\/\" \/>\n<meta property=\"og:site_name\" content=\"Koonings\" \/>\n<meta property=\"article:publisher\" content=\"https:\/\/www.facebook.com\/kooningstheweddingpalace\" \/>\n<meta property=\"og:image\" content=\"https:\/\/www.koonings.com\/wp-content\/uploads\/2024\/11\/41121_cae416329f7bf4f9ea99d4e3cef46554f425a4b41793eb9598995448a5bd0660ff9407f7.jpeg\" \/>\n\t<meta property=\"og:image:width\" content=\"1102\" \/>\n\t<meta property=\"og:image:height\" content=\"1562\" \/>\n\t<meta property=\"og:image:type\" content=\"image\/jpeg\" \/>\n<meta name=\"twitter:card\" content=\"summary_large_image\" \/>\n<meta name=\"twitter:label1\" content=\"Gesch\u00e4tzte Lesezeit\" \/>\n\t<meta name=\"twitter:data1\" content=\"1\u00a0Minute\" \/>\n<script type=\"application\/ld+json\" class=\"yoast-schema-graph\">{\"@context\":\"https:\\\/\\\/schema.org\",\"@graph\":[{\"@type\":\"WebPage\",\"@id\":\"https:\\\/\\\/www.koonings.com\\\/de\\\/product\\\/lohrengel-lb514\\\/\",\"url\":\"https:\\\/\\\/www.koonings.com\\\/de\\\/product\\\/lohrengel-lb514\\\/\",\"name\":\"Fashion Queen Lohrengel Molly Monroe LB514 | Koonings\",\"isPartOf\":{\"@id\":\"https:\\\/\\\/www.koonings.com\\\/de\\\/#website\"},\"primaryImageOfPage\":{\"@id\":\"https:\\\/\\\/www.koonings.com\\\/de\\\/product\\\/lohrengel-lb514\\\/#primaryimage\"},\"image\":{\"@id\":\"https:\\\/\\\/www.koonings.com\\\/de\\\/product\\\/lohrengel-lb514\\\/#primaryimage\"},\"thumbnailUrl\":\"https:\\\/\\\/www.koonings.com\\\/wp-content\\\/uploads\\\/2024\\\/11\\\/41121_cae416329f7bf4f9ea99d4e3cef46554f425a4b41793eb9598995448a5bd0660ff9407f7.jpeg\",\"datePublished\":\"2026-04-21T16:26:44+00:00\",\"description\":\"Das Lohrengel Molly Monroe LB514 ist ein atemberaubendes Hochzeitskleid, das Romantik und Eleganz ausstrahlt. Das Design ist eine perfekte Mischung aus modernen und klassischen Elementen, mit einer raffinierten Passform, die die weiblichen Formen wunderbar betont. Das Kleid ist aus luxuri\u00f6sen Stoffen gefertigt und mit Details versehen, die f\u00fcr einen schicken und zeitlosen Look sorgen. Ganz gleich, ob Sie eine klassische Hochzeit oder eine moderne Zeremonie planen, dieses Kleid bietet die perfekte Balance aus Stil und Raffinesse. Dieses wundersch\u00f6ne Hochzeitskleid ist exklusiv bei Koonings The Wedding Palace erh\u00e4ltlich, wo Sie auf pers\u00f6nliche Aufmerksamkeit und fachkundige Beratung z\u00e4hlen k\u00f6nnen. Das Team von Koonings hilft Ihnen gerne, das ideale Kleid f\u00fcr Ihren gro\u00dfen Tag zu finden. Vereinbaren Sie einen Termin und erleben Sie den Zauber des Lohrengel Molly Monroe LB514 in der eleganten und luxuri\u00f6sen Atmosph\u00e4re von Koonings The Wedding Palace.\",\"breadcrumb\":{\"@id\":\"https:\\\/\\\/www.koonings.com\\\/de\\\/product\\\/lohrengel-lb514\\\/#breadcrumb\"},\"inLanguage\":\"de\",\"potentialAction\":[{\"@type\":\"ReadAction\",\"target\":[\"https:\\\/\\\/www.koonings.com\\\/de\\\/product\\\/lohrengel-lb514\\\/\"]}]},{\"@type\":\"ImageObject\",\"inLanguage\":\"de\",\"@id\":\"https:\\\/\\\/www.koonings.com\\\/de\\\/product\\\/lohrengel-lb514\\\/#primaryimage\",\"url\":\"https:\\\/\\\/www.koonings.com\\\/wp-content\\\/uploads\\\/2024\\\/11\\\/41121_cae416329f7bf4f9ea99d4e3cef46554f425a4b41793eb9598995448a5bd0660ff9407f7.jpeg\",\"contentUrl\":\"https:\\\/\\\/www.koonings.com\\\/wp-content\\\/uploads\\\/2024\\\/11\\\/41121_cae416329f7bf4f9ea99d4e3cef46554f425a4b41793eb9598995448a5bd0660ff9407f7.jpeg\",\"width\":1102,\"height\":1562},{\"@type\":\"BreadcrumbList\",\"@id\":\"https:\\\/\\\/www.koonings.com\\\/de\\\/product\\\/lohrengel-lb514\\\/#breadcrumb\",\"itemListElement\":[{\"@type\":\"ListItem\",\"position\":1,\"name\":\"Home\",\"item\":\"https:\\\/\\\/www.koonings.com\\\/de\\\/\"},{\"@type\":\"ListItem\",\"position\":2,\"name\":\"Fashion Queen Lohrengel Molly Monroe LB514\"}]},{\"@type\":\"WebSite\",\"@id\":\"https:\\\/\\\/www.koonings.com\\\/de\\\/#website\",\"url\":\"https:\\\/\\\/www.koonings.com\\\/de\\\/\",\"name\":\"Koonings\",\"description\":\"De grootste bruidsmodewinkel ter wereld\",\"publisher\":{\"@id\":\"https:\\\/\\\/www.koonings.com\\\/de\\\/#organization\"},\"potentialAction\":[{\"@type\":\"SearchAction\",\"target\":{\"@type\":\"EntryPoint\",\"urlTemplate\":\"https:\\\/\\\/www.koonings.com\\\/de\\\/?s={search_term_string}\"},\"query-input\":{\"@type\":\"PropertyValueSpecification\",\"valueRequired\":true,\"valueName\":\"search_term_string\"}}],\"inLanguage\":\"de\"},{\"@type\":\"Organization\",\"@id\":\"https:\\\/\\\/www.koonings.com\\\/de\\\/#organization\",\"name\":\"Koonings\",\"url\":\"https:\\\/\\\/www.koonings.com\\\/de\\\/\",\"logo\":{\"@type\":\"ImageObject\",\"inLanguage\":\"de\",\"@id\":\"https:\\\/\\\/www.koonings.com\\\/de\\\/#\\\/schema\\\/logo\\\/image\\\/\",\"url\":\"https:\\\/\\\/www.koonings.com\\\/wp-content\\\/uploads\\\/2024\\\/07\\\/logo.png\",\"contentUrl\":\"https:\\\/\\\/www.koonings.com\\\/wp-content\\\/uploads\\\/2024\\\/07\\\/logo.png\",\"width\":600,\"height\":428,\"caption\":\"Koonings\"},\"image\":{\"@id\":\"https:\\\/\\\/www.koonings.com\\\/de\\\/#\\\/schema\\\/logo\\\/image\\\/\"},\"sameAs\":[\"https:\\\/\\\/www.facebook.com\\\/kooningstheweddingpalace\",\"https:\\\/\\\/www.instagram.com\\\/kooningstheweddingpalace\",\"https:\\\/\\\/www.pinterest.com\\\/koonings\",\"https:\\\/\\\/www.youtube.com\\\/kooningstheweddingpalace\"]}]}<\/script>\n<!-- \/ Yoast SEO plugin. -->","yoast_head_json":{"title":"Fashion Queen Lohrengel Molly Monroe LB514 | Koonings","description":"Das Lohrengel Molly Monroe LB514 ist ein atemberaubendes Hochzeitskleid, das Romantik und Eleganz ausstrahlt. Das Design ist eine perfekte Mischung aus modernen und klassischen Elementen, mit einer raffinierten Passform, die die weiblichen Formen wunderbar betont. Das Kleid ist aus luxuri\u00f6sen Stoffen gefertigt und mit Details versehen, die f\u00fcr einen schicken und zeitlosen Look sorgen. Ganz gleich, ob Sie eine klassische Hochzeit oder eine moderne Zeremonie planen, dieses Kleid bietet die perfekte Balance aus Stil und Raffinesse. Dieses wundersch\u00f6ne Hochzeitskleid ist exklusiv bei Koonings The Wedding Palace erh\u00e4ltlich, wo Sie auf pers\u00f6nliche Aufmerksamkeit und fachkundige Beratung z\u00e4hlen k\u00f6nnen. Das Team von Koonings hilft Ihnen gerne, das ideale Kleid f\u00fcr Ihren gro\u00dfen Tag zu finden. Vereinbaren Sie einen Termin und erleben Sie den Zauber des Lohrengel Molly Monroe LB514 in der eleganten und luxuri\u00f6sen Atmosph\u00e4re von Koonings The Wedding Palace.","robots":{"index":"index","follow":"follow","max-snippet":"max-snippet:-1","max-image-preview":"max-image-preview:large","max-video-preview":"max-video-preview:-1"},"canonical":"https:\/\/www.koonings.com\/de\/product\/lohrengel-lb514\/","og_locale":"de_DE","og_type":"article","og_title":"Fashion Queen Lohrengel Molly Monroe LB514 | Koonings","og_description":"Das Lohrengel Molly Monroe LB514 ist ein atemberaubendes Hochzeitskleid, das Romantik und Eleganz ausstrahlt. Das Design ist eine perfekte Mischung aus modernen und klassischen Elementen, mit einer raffinierten Passform, die die weiblichen Formen wunderbar betont. Das Kleid ist aus luxuri\u00f6sen Stoffen gefertigt und mit Details versehen, die f\u00fcr einen schicken und zeitlosen Look sorgen. Ganz gleich, ob Sie eine klassische Hochzeit oder eine moderne Zeremonie planen, dieses Kleid bietet die perfekte Balance aus Stil und Raffinesse. Dieses wundersch\u00f6ne Hochzeitskleid ist exklusiv bei Koonings The Wedding Palace erh\u00e4ltlich, wo Sie auf pers\u00f6nliche Aufmerksamkeit und fachkundige Beratung z\u00e4hlen k\u00f6nnen. Das Team von Koonings hilft Ihnen gerne, das ideale Kleid f\u00fcr Ihren gro\u00dfen Tag zu finden. Vereinbaren Sie einen Termin und erleben Sie den Zauber des Lohrengel Molly Monroe LB514 in der eleganten und luxuri\u00f6sen Atmosph\u00e4re von Koonings The Wedding Palace.","og_url":"https:\/\/www.koonings.com\/de\/product\/lohrengel-lb514\/","og_site_name":"Koonings","article_publisher":"https:\/\/www.facebook.com\/kooningstheweddingpalace","og_image":[{"width":1102,"height":1562,"url":"https:\/\/www.koonings.com\/wp-content\/uploads\/2024\/11\/41121_cae416329f7bf4f9ea99d4e3cef46554f425a4b41793eb9598995448a5bd0660ff9407f7.jpeg","type":"image\/jpeg"}],"twitter_card":"summary_large_image","twitter_misc":{"Gesch\u00e4tzte Lesezeit":"1\u00a0Minute"},"schema":{"@context":"https:\/\/schema.org","@graph":[{"@type":"WebPage","@id":"https:\/\/www.koonings.com\/de\/product\/lohrengel-lb514\/","url":"https:\/\/www.koonings.com\/de\/product\/lohrengel-lb514\/","name":"Fashion Queen Lohrengel Molly Monroe LB514 | Koonings","isPartOf":{"@id":"https:\/\/www.koonings.com\/de\/#website"},"primaryImageOfPage":{"@id":"https:\/\/www.koonings.com\/de\/product\/lohrengel-lb514\/#primaryimage"},"image":{"@id":"https:\/\/www.koonings.com\/de\/product\/lohrengel-lb514\/#primaryimage"},"thumbnailUrl":"https:\/\/www.koonings.com\/wp-content\/uploads\/2024\/11\/41121_cae416329f7bf4f9ea99d4e3cef46554f425a4b41793eb9598995448a5bd0660ff9407f7.jpeg","datePublished":"2026-04-21T16:26:44+00:00","description":"Das Lohrengel Molly Monroe LB514 ist ein atemberaubendes Hochzeitskleid, das Romantik und Eleganz ausstrahlt. Das Design ist eine perfekte Mischung aus modernen und klassischen Elementen, mit einer raffinierten Passform, die die weiblichen Formen wunderbar betont. Das Kleid ist aus luxuri\u00f6sen Stoffen gefertigt und mit Details versehen, die f\u00fcr einen schicken und zeitlosen Look sorgen. Ganz gleich, ob Sie eine klassische Hochzeit oder eine moderne Zeremonie planen, dieses Kleid bietet die perfekte Balance aus Stil und Raffinesse. Dieses wundersch\u00f6ne Hochzeitskleid ist exklusiv bei Koonings The Wedding Palace erh\u00e4ltlich, wo Sie auf pers\u00f6nliche Aufmerksamkeit und fachkundige Beratung z\u00e4hlen k\u00f6nnen. Das Team von Koonings hilft Ihnen gerne, das ideale Kleid f\u00fcr Ihren gro\u00dfen Tag zu finden. Vereinbaren Sie einen Termin und erleben Sie den Zauber des Lohrengel Molly Monroe LB514 in der eleganten und luxuri\u00f6sen Atmosph\u00e4re von Koonings The Wedding Palace.","breadcrumb":{"@id":"https:\/\/www.koonings.com\/de\/product\/lohrengel-lb514\/#breadcrumb"},"inLanguage":"de","potentialAction":[{"@type":"ReadAction","target":["https:\/\/www.koonings.com\/de\/product\/lohrengel-lb514\/"]}]},{"@type":"ImageObject","inLanguage":"de","@id":"https:\/\/www.koonings.com\/de\/product\/lohrengel-lb514\/#primaryimage","url":"https:\/\/www.koonings.com\/wp-content\/uploads\/2024\/11\/41121_cae416329f7bf4f9ea99d4e3cef46554f425a4b41793eb9598995448a5bd0660ff9407f7.jpeg","contentUrl":"https:\/\/www.koonings.com\/wp-content\/uploads\/2024\/11\/41121_cae416329f7bf4f9ea99d4e3cef46554f425a4b41793eb9598995448a5bd0660ff9407f7.jpeg","width":1102,"height":1562},{"@type":"BreadcrumbList","@id":"https:\/\/www.koonings.com\/de\/product\/lohrengel-lb514\/#breadcrumb","itemListElement":[{"@type":"ListItem","position":1,"name":"Home","item":"https:\/\/www.koonings.com\/de\/"},{"@type":"ListItem","position":2,"name":"Fashion Queen Lohrengel Molly Monroe LB514"}]},{"@type":"WebSite","@id":"https:\/\/www.koonings.com\/de\/#website","url":"https:\/\/www.koonings.com\/de\/","name":"Koonings","description":"De grootste bruidsmodewinkel ter wereld","publisher":{"@id":"https:\/\/www.koonings.com\/de\/#organization"},"potentialAction":[{"@type":"SearchAction","target":{"@type":"EntryPoint","urlTemplate":"https:\/\/www.koonings.com\/de\/?s={search_term_string}"},"query-input":{"@type":"PropertyValueSpecification","valueRequired":true,"valueName":"search_term_string"}}],"inLanguage":"de"},{"@type":"Organization","@id":"https:\/\/www.koonings.com\/de\/#organization","name":"Koonings","url":"https:\/\/www.koonings.com\/de\/","logo":{"@type":"ImageObject","inLanguage":"de","@id":"https:\/\/www.koonings.com\/de\/#\/schema\/logo\/image\/","url":"https:\/\/www.koonings.com\/wp-content\/uploads\/2024\/07\/logo.png","contentUrl":"https:\/\/www.koonings.com\/wp-content\/uploads\/2024\/07\/logo.png","width":600,"height":428,"caption":"Koonings"},"image":{"@id":"https:\/\/www.koonings.com\/de\/#\/schema\/logo\/image\/"},"sameAs":["https:\/\/www.facebook.com\/kooningstheweddingpalace","https:\/\/www.instagram.com\/kooningstheweddingpalace","https:\/\/www.pinterest.com\/koonings","https:\/\/www.youtube.com\/kooningstheweddingpalace"]}]}},"_links":{"self":[{"href":"https:\/\/www.koonings.com\/de\/wp-json\/wp\/v2\/product\/59024","targetHints":{"allow":["GET"]}}],"collection":[{"href":"https:\/\/www.koonings.com\/de\/wp-json\/wp\/v2\/product"}],"about":[{"href":"https:\/\/www.koonings.com\/de\/wp-json\/wp\/v2\/types\/product"}],"wp:featuredmedia":[{"embeddable":true,"href":"https:\/\/www.koonings.com\/de\/wp-json\/wp\/v2\/media\/50446"}],"wp:attachment":[{"href":"https:\/\/www.koonings.com\/de\/wp-json\/wp\/v2\/media?parent=59024"}],"wp:term":[{"taxonomy":"productdetails","embeddable":true,"href":"https:\/\/www.koonings.com\/de\/wp-json\/wp\/v2\/productdetails?post=59024"},{"taxonomy":"productneck","embeddable":true,"href":"https:\/\/www.koonings.com\/de\/wp-json\/wp\/v2\/productneck?post=59024"},{"taxonomy":"productcolor","embeddable":true,"href":"https:\/\/www.koonings.com\/de\/wp-json\/wp\/v2\/productcolor?post=59024"},{"taxonomy":"maat","embeddable":true,"href":"https:\/\/www.koonings.com\/de\/wp-json\/wp\/v2\/maat?post=59024"},{"taxonomy":"productsupplier","embeddable":true,"href":"https:\/\/www.koonings.com\/de\/wp-json\/wp\/v2\/productsupplier?post=59024"},{"taxonomy":"productsleeve","embeddable":true,"href":"https:\/\/www.koonings.com\/de\/wp-json\/wp\/v2\/productsleeve?post=59024"},{"taxonomy":"productcategory","embeddable":true,"href":"https:\/\/www.koonings.com\/de\/wp-json\/wp\/v2\/productcategory?post=59024"},{"taxonomy":"productsilhouette","embeddable":true,"href":"https:\/\/www.koonings.com\/de\/wp-json\/wp\/v2\/productsilhouette?post=59024"},{"taxonomy":"productstyle","embeddable":true,"href":"https:\/\/www.koonings.com\/de\/wp-json\/wp\/v2\/productstyle?post=59024"}],"curies":[{"name":"wp","href":"https:\/\/api.w.org\/{rel}","templated":true}]}}