{"id":59023,"date":"2026-04-28T18:26:06","date_gmt":"2026-04-28T16:26:06","guid":{"rendered":"https:\/\/www.koonings.com\/product\/lohrengel-lb501-2\/"},"modified":"2026-02-16T14:42:09","modified_gmt":"2026-02-16T13:42:09","slug":"lohrengel-lb501-2","status":"publish","type":"product","link":"https:\/\/www.koonings.com\/de\/product\/lohrengel-lb501-2\/","title":{"rendered":"Modek\u00f6nigin Lohrengel Molly Monroe LB501"},"content":{"rendered":"<p>Das Lohrengel Molly Monroe LB501 ist ein atemberaubendes Hochzeitskleid, das Romantik und Eleganz ausstrahlt. Das raffinierte Design betont feminine Formen und kombiniert luxuri\u00f6se Stoffe mit exquisiten Details. Dieses Kleid bietet einen zeitlosen Look, perfekt f\u00fcr die Braut, die an ihrem gro\u00dfen Tag sowohl Stil als auch Komfort sucht.  <\/p>\n<p>Das Lohrengel Molly Monroe LB501 ist bei Koonings The Wedding Palace erh\u00e4ltlich, wo Sie auf fachkundige Beratung und pers\u00f6nliche Betreuung z\u00e4hlen k\u00f6nnen. Vereinbaren Sie einen Termin und entdecken Sie dieses wundersch\u00f6ne Kleid in der luxuri\u00f6sen Umgebung von Koonings The Wedding Palace. <\/p>\n","protected":false},"featured_media":50412,"template":"","meta":{"_acf_changed":false,"ghostkit_customizer_options":"","ghostkit_custom_css":"","ghostkit_custom_js_head":"","ghostkit_custom_js_foot":"","ghostkit_typography":""},"productdetails":[378],"productneck":[355],"productcolor":[392],"maat":[375],"productsupplier":[480],"productsleeve":[359],"productcategory":[18],"productsilhouette":[384],"productstyle":[365,370],"class_list":["post-59023","product","type-product","status-publish","has-post-thumbnail","hentry","productdetails-378","productneck-355","productcolor-392","maat-375","productsupplier-fashion-queen","productsleeve-359","productcategory-trouwjurken","productsilhouette-384","productstyle-365","productstyle-370"],"acf":[],"yoast_head":"<!-- This site is optimized with the Yoast SEO plugin v27.3 - https:\/\/yoast.com\/product\/yoast-seo-wordpress\/ -->\n<title>Modek\u00f6nigin Lohrengel Molly Monroe LB501 | Koonings<\/title>\n<meta name=\"description\" content=\"Das Lohrengel Molly Monroe LB501 ist ein atemberaubendes Hochzeitskleid, das Romantik und Eleganz ausstrahlt. Das raffinierte Design betont feminine Formen und kombiniert luxuri\u00f6se Stoffe mit exquisiten Details. Dieses Kleid bietet einen zeitlosen Look, perfekt f\u00fcr die Braut, die an ihrem gro\u00dfen Tag sowohl Stil als auch Komfort sucht. Das Lohrengel Molly Monroe LB501 ist bei Koonings The Wedding Palace erh\u00e4ltlich, wo Sie auf fachkundige Beratung und pers\u00f6nliche Betreuung z\u00e4hlen k\u00f6nnen. Vereinbaren Sie einen Termin und entdecken Sie dieses wundersch\u00f6ne Kleid in der luxuri\u00f6sen Umgebung von Koonings The Wedding Palace.\" \/>\n<meta name=\"robots\" content=\"index, follow, max-snippet:-1, max-image-preview:large, max-video-preview:-1\" \/>\n<link rel=\"canonical\" href=\"https:\/\/www.koonings.com\/de\/product\/lohrengel-lb501-2\/\" \/>\n<meta property=\"og:locale\" content=\"de_DE\" \/>\n<meta property=\"og:type\" content=\"article\" \/>\n<meta property=\"og:title\" content=\"Modek\u00f6nigin Lohrengel Molly Monroe LB501 | Koonings\" \/>\n<meta property=\"og:description\" content=\"Das Lohrengel Molly Monroe LB501 ist ein atemberaubendes Hochzeitskleid, das Romantik und Eleganz ausstrahlt. Das raffinierte Design betont feminine Formen und kombiniert luxuri\u00f6se Stoffe mit exquisiten Details. Dieses Kleid bietet einen zeitlosen Look, perfekt f\u00fcr die Braut, die an ihrem gro\u00dfen Tag sowohl Stil als auch Komfort sucht. Das Lohrengel Molly Monroe LB501 ist bei Koonings The Wedding Palace erh\u00e4ltlich, wo Sie auf fachkundige Beratung und pers\u00f6nliche Betreuung z\u00e4hlen k\u00f6nnen. Vereinbaren Sie einen Termin und entdecken Sie dieses wundersch\u00f6ne Kleid in der luxuri\u00f6sen Umgebung von Koonings The Wedding Palace.\" \/>\n<meta property=\"og:url\" content=\"https:\/\/www.koonings.com\/de\/product\/lohrengel-lb501-2\/\" \/>\n<meta property=\"og:site_name\" content=\"Koonings\" \/>\n<meta property=\"article:publisher\" content=\"https:\/\/www.facebook.com\/kooningstheweddingpalace\" \/>\n<meta property=\"og:image\" content=\"https:\/\/www.koonings.com\/wp-content\/uploads\/2024\/11\/41119_ef762fc2b600f3070c97ef5b909a20e7d55ecac00b60f8380415f56c0d8c03ad3e62d28f.jpeg\" \/>\n\t<meta property=\"og:image:width\" content=\"1269\" \/>\n\t<meta property=\"og:image:height\" content=\"1792\" \/>\n\t<meta property=\"og:image:type\" content=\"image\/jpeg\" \/>\n<meta name=\"twitter:card\" content=\"summary_large_image\" \/>\n<script type=\"application\/ld+json\" class=\"yoast-schema-graph\">{\"@context\":\"https:\\\/\\\/schema.org\",\"@graph\":[{\"@type\":\"WebPage\",\"@id\":\"https:\\\/\\\/www.koonings.com\\\/de\\\/product\\\/lohrengel-lb501-2\\\/\",\"url\":\"https:\\\/\\\/www.koonings.com\\\/de\\\/product\\\/lohrengel-lb501-2\\\/\",\"name\":\"Modek\u00f6nigin Lohrengel Molly Monroe LB501 | Koonings\",\"isPartOf\":{\"@id\":\"https:\\\/\\\/www.koonings.com\\\/de\\\/#website\"},\"primaryImageOfPage\":{\"@id\":\"https:\\\/\\\/www.koonings.com\\\/de\\\/product\\\/lohrengel-lb501-2\\\/#primaryimage\"},\"image\":{\"@id\":\"https:\\\/\\\/www.koonings.com\\\/de\\\/product\\\/lohrengel-lb501-2\\\/#primaryimage\"},\"thumbnailUrl\":\"https:\\\/\\\/www.koonings.com\\\/wp-content\\\/uploads\\\/2024\\\/11\\\/41119_ef762fc2b600f3070c97ef5b909a20e7d55ecac00b60f8380415f56c0d8c03ad3e62d28f.jpeg\",\"datePublished\":\"2026-04-28T16:26:06+00:00\",\"description\":\"Das Lohrengel Molly Monroe LB501 ist ein atemberaubendes Hochzeitskleid, das Romantik und Eleganz ausstrahlt. Das raffinierte Design betont feminine Formen und kombiniert luxuri\u00f6se Stoffe mit exquisiten Details. Dieses Kleid bietet einen zeitlosen Look, perfekt f\u00fcr die Braut, die an ihrem gro\u00dfen Tag sowohl Stil als auch Komfort sucht. Das Lohrengel Molly Monroe LB501 ist bei Koonings The Wedding Palace erh\u00e4ltlich, wo Sie auf fachkundige Beratung und pers\u00f6nliche Betreuung z\u00e4hlen k\u00f6nnen. Vereinbaren Sie einen Termin und entdecken Sie dieses wundersch\u00f6ne Kleid in der luxuri\u00f6sen Umgebung von Koonings The Wedding Palace.\",\"breadcrumb\":{\"@id\":\"https:\\\/\\\/www.koonings.com\\\/de\\\/product\\\/lohrengel-lb501-2\\\/#breadcrumb\"},\"inLanguage\":\"de\",\"potentialAction\":[{\"@type\":\"ReadAction\",\"target\":[\"https:\\\/\\\/www.koonings.com\\\/de\\\/product\\\/lohrengel-lb501-2\\\/\"]}]},{\"@type\":\"ImageObject\",\"inLanguage\":\"de\",\"@id\":\"https:\\\/\\\/www.koonings.com\\\/de\\\/product\\\/lohrengel-lb501-2\\\/#primaryimage\",\"url\":\"https:\\\/\\\/www.koonings.com\\\/wp-content\\\/uploads\\\/2024\\\/11\\\/41119_ef762fc2b600f3070c97ef5b909a20e7d55ecac00b60f8380415f56c0d8c03ad3e62d28f.jpeg\",\"contentUrl\":\"https:\\\/\\\/www.koonings.com\\\/wp-content\\\/uploads\\\/2024\\\/11\\\/41119_ef762fc2b600f3070c97ef5b909a20e7d55ecac00b60f8380415f56c0d8c03ad3e62d28f.jpeg\",\"width\":1269,\"height\":1792},{\"@type\":\"BreadcrumbList\",\"@id\":\"https:\\\/\\\/www.koonings.com\\\/de\\\/product\\\/lohrengel-lb501-2\\\/#breadcrumb\",\"itemListElement\":[{\"@type\":\"ListItem\",\"position\":1,\"name\":\"Home\",\"item\":\"https:\\\/\\\/www.koonings.com\\\/de\\\/\"},{\"@type\":\"ListItem\",\"position\":2,\"name\":\"Modek\u00f6nigin Lohrengel Molly Monroe LB501\"}]},{\"@type\":\"WebSite\",\"@id\":\"https:\\\/\\\/www.koonings.com\\\/de\\\/#website\",\"url\":\"https:\\\/\\\/www.koonings.com\\\/de\\\/\",\"name\":\"Koonings\",\"description\":\"De grootste bruidsmodewinkel ter wereld\",\"publisher\":{\"@id\":\"https:\\\/\\\/www.koonings.com\\\/de\\\/#organization\"},\"potentialAction\":[{\"@type\":\"SearchAction\",\"target\":{\"@type\":\"EntryPoint\",\"urlTemplate\":\"https:\\\/\\\/www.koonings.com\\\/de\\\/?s={search_term_string}\"},\"query-input\":{\"@type\":\"PropertyValueSpecification\",\"valueRequired\":true,\"valueName\":\"search_term_string\"}}],\"inLanguage\":\"de\"},{\"@type\":\"Organization\",\"@id\":\"https:\\\/\\\/www.koonings.com\\\/de\\\/#organization\",\"name\":\"Koonings\",\"url\":\"https:\\\/\\\/www.koonings.com\\\/de\\\/\",\"logo\":{\"@type\":\"ImageObject\",\"inLanguage\":\"de\",\"@id\":\"https:\\\/\\\/www.koonings.com\\\/de\\\/#\\\/schema\\\/logo\\\/image\\\/\",\"url\":\"https:\\\/\\\/www.koonings.com\\\/wp-content\\\/uploads\\\/2024\\\/07\\\/logo.png\",\"contentUrl\":\"https:\\\/\\\/www.koonings.com\\\/wp-content\\\/uploads\\\/2024\\\/07\\\/logo.png\",\"width\":600,\"height\":428,\"caption\":\"Koonings\"},\"image\":{\"@id\":\"https:\\\/\\\/www.koonings.com\\\/de\\\/#\\\/schema\\\/logo\\\/image\\\/\"},\"sameAs\":[\"https:\\\/\\\/www.facebook.com\\\/kooningstheweddingpalace\",\"https:\\\/\\\/www.instagram.com\\\/kooningstheweddingpalace\",\"https:\\\/\\\/www.pinterest.com\\\/koonings\",\"https:\\\/\\\/www.youtube.com\\\/kooningstheweddingpalace\"]}]}<\/script>\n<!-- \/ Yoast SEO plugin. -->","yoast_head_json":{"title":"Modek\u00f6nigin Lohrengel Molly Monroe LB501 | Koonings","description":"Das Lohrengel Molly Monroe LB501 ist ein atemberaubendes Hochzeitskleid, das Romantik und Eleganz ausstrahlt. Das raffinierte Design betont feminine Formen und kombiniert luxuri\u00f6se Stoffe mit exquisiten Details. Dieses Kleid bietet einen zeitlosen Look, perfekt f\u00fcr die Braut, die an ihrem gro\u00dfen Tag sowohl Stil als auch Komfort sucht. Das Lohrengel Molly Monroe LB501 ist bei Koonings The Wedding Palace erh\u00e4ltlich, wo Sie auf fachkundige Beratung und pers\u00f6nliche Betreuung z\u00e4hlen k\u00f6nnen. Vereinbaren Sie einen Termin und entdecken Sie dieses wundersch\u00f6ne Kleid in der luxuri\u00f6sen Umgebung von Koonings The Wedding Palace.","robots":{"index":"index","follow":"follow","max-snippet":"max-snippet:-1","max-image-preview":"max-image-preview:large","max-video-preview":"max-video-preview:-1"},"canonical":"https:\/\/www.koonings.com\/de\/product\/lohrengel-lb501-2\/","og_locale":"de_DE","og_type":"article","og_title":"Modek\u00f6nigin Lohrengel Molly Monroe LB501 | Koonings","og_description":"Das Lohrengel Molly Monroe LB501 ist ein atemberaubendes Hochzeitskleid, das Romantik und Eleganz ausstrahlt. Das raffinierte Design betont feminine Formen und kombiniert luxuri\u00f6se Stoffe mit exquisiten Details. Dieses Kleid bietet einen zeitlosen Look, perfekt f\u00fcr die Braut, die an ihrem gro\u00dfen Tag sowohl Stil als auch Komfort sucht. Das Lohrengel Molly Monroe LB501 ist bei Koonings The Wedding Palace erh\u00e4ltlich, wo Sie auf fachkundige Beratung und pers\u00f6nliche Betreuung z\u00e4hlen k\u00f6nnen. Vereinbaren Sie einen Termin und entdecken Sie dieses wundersch\u00f6ne Kleid in der luxuri\u00f6sen Umgebung von Koonings The Wedding Palace.","og_url":"https:\/\/www.koonings.com\/de\/product\/lohrengel-lb501-2\/","og_site_name":"Koonings","article_publisher":"https:\/\/www.facebook.com\/kooningstheweddingpalace","og_image":[{"width":1269,"height":1792,"url":"https:\/\/www.koonings.com\/wp-content\/uploads\/2024\/11\/41119_ef762fc2b600f3070c97ef5b909a20e7d55ecac00b60f8380415f56c0d8c03ad3e62d28f.jpeg","type":"image\/jpeg"}],"twitter_card":"summary_large_image","schema":{"@context":"https:\/\/schema.org","@graph":[{"@type":"WebPage","@id":"https:\/\/www.koonings.com\/de\/product\/lohrengel-lb501-2\/","url":"https:\/\/www.koonings.com\/de\/product\/lohrengel-lb501-2\/","name":"Modek\u00f6nigin Lohrengel Molly Monroe LB501 | Koonings","isPartOf":{"@id":"https:\/\/www.koonings.com\/de\/#website"},"primaryImageOfPage":{"@id":"https:\/\/www.koonings.com\/de\/product\/lohrengel-lb501-2\/#primaryimage"},"image":{"@id":"https:\/\/www.koonings.com\/de\/product\/lohrengel-lb501-2\/#primaryimage"},"thumbnailUrl":"https:\/\/www.koonings.com\/wp-content\/uploads\/2024\/11\/41119_ef762fc2b600f3070c97ef5b909a20e7d55ecac00b60f8380415f56c0d8c03ad3e62d28f.jpeg","datePublished":"2026-04-28T16:26:06+00:00","description":"Das Lohrengel Molly Monroe LB501 ist ein atemberaubendes Hochzeitskleid, das Romantik und Eleganz ausstrahlt. Das raffinierte Design betont feminine Formen und kombiniert luxuri\u00f6se Stoffe mit exquisiten Details. Dieses Kleid bietet einen zeitlosen Look, perfekt f\u00fcr die Braut, die an ihrem gro\u00dfen Tag sowohl Stil als auch Komfort sucht. Das Lohrengel Molly Monroe LB501 ist bei Koonings The Wedding Palace erh\u00e4ltlich, wo Sie auf fachkundige Beratung und pers\u00f6nliche Betreuung z\u00e4hlen k\u00f6nnen. Vereinbaren Sie einen Termin und entdecken Sie dieses wundersch\u00f6ne Kleid in der luxuri\u00f6sen Umgebung von Koonings The Wedding Palace.","breadcrumb":{"@id":"https:\/\/www.koonings.com\/de\/product\/lohrengel-lb501-2\/#breadcrumb"},"inLanguage":"de","potentialAction":[{"@type":"ReadAction","target":["https:\/\/www.koonings.com\/de\/product\/lohrengel-lb501-2\/"]}]},{"@type":"ImageObject","inLanguage":"de","@id":"https:\/\/www.koonings.com\/de\/product\/lohrengel-lb501-2\/#primaryimage","url":"https:\/\/www.koonings.com\/wp-content\/uploads\/2024\/11\/41119_ef762fc2b600f3070c97ef5b909a20e7d55ecac00b60f8380415f56c0d8c03ad3e62d28f.jpeg","contentUrl":"https:\/\/www.koonings.com\/wp-content\/uploads\/2024\/11\/41119_ef762fc2b600f3070c97ef5b909a20e7d55ecac00b60f8380415f56c0d8c03ad3e62d28f.jpeg","width":1269,"height":1792},{"@type":"BreadcrumbList","@id":"https:\/\/www.koonings.com\/de\/product\/lohrengel-lb501-2\/#breadcrumb","itemListElement":[{"@type":"ListItem","position":1,"name":"Home","item":"https:\/\/www.koonings.com\/de\/"},{"@type":"ListItem","position":2,"name":"Modek\u00f6nigin Lohrengel Molly Monroe LB501"}]},{"@type":"WebSite","@id":"https:\/\/www.koonings.com\/de\/#website","url":"https:\/\/www.koonings.com\/de\/","name":"Koonings","description":"De grootste bruidsmodewinkel ter wereld","publisher":{"@id":"https:\/\/www.koonings.com\/de\/#organization"},"potentialAction":[{"@type":"SearchAction","target":{"@type":"EntryPoint","urlTemplate":"https:\/\/www.koonings.com\/de\/?s={search_term_string}"},"query-input":{"@type":"PropertyValueSpecification","valueRequired":true,"valueName":"search_term_string"}}],"inLanguage":"de"},{"@type":"Organization","@id":"https:\/\/www.koonings.com\/de\/#organization","name":"Koonings","url":"https:\/\/www.koonings.com\/de\/","logo":{"@type":"ImageObject","inLanguage":"de","@id":"https:\/\/www.koonings.com\/de\/#\/schema\/logo\/image\/","url":"https:\/\/www.koonings.com\/wp-content\/uploads\/2024\/07\/logo.png","contentUrl":"https:\/\/www.koonings.com\/wp-content\/uploads\/2024\/07\/logo.png","width":600,"height":428,"caption":"Koonings"},"image":{"@id":"https:\/\/www.koonings.com\/de\/#\/schema\/logo\/image\/"},"sameAs":["https:\/\/www.facebook.com\/kooningstheweddingpalace","https:\/\/www.instagram.com\/kooningstheweddingpalace","https:\/\/www.pinterest.com\/koonings","https:\/\/www.youtube.com\/kooningstheweddingpalace"]}]}},"_links":{"self":[{"href":"https:\/\/www.koonings.com\/de\/wp-json\/wp\/v2\/product\/59023","targetHints":{"allow":["GET"]}}],"collection":[{"href":"https:\/\/www.koonings.com\/de\/wp-json\/wp\/v2\/product"}],"about":[{"href":"https:\/\/www.koonings.com\/de\/wp-json\/wp\/v2\/types\/product"}],"wp:featuredmedia":[{"embeddable":true,"href":"https:\/\/www.koonings.com\/de\/wp-json\/wp\/v2\/media\/50412"}],"wp:attachment":[{"href":"https:\/\/www.koonings.com\/de\/wp-json\/wp\/v2\/media?parent=59023"}],"wp:term":[{"taxonomy":"productdetails","embeddable":true,"href":"https:\/\/www.koonings.com\/de\/wp-json\/wp\/v2\/productdetails?post=59023"},{"taxonomy":"productneck","embeddable":true,"href":"https:\/\/www.koonings.com\/de\/wp-json\/wp\/v2\/productneck?post=59023"},{"taxonomy":"productcolor","embeddable":true,"href":"https:\/\/www.koonings.com\/de\/wp-json\/wp\/v2\/productcolor?post=59023"},{"taxonomy":"maat","embeddable":true,"href":"https:\/\/www.koonings.com\/de\/wp-json\/wp\/v2\/maat?post=59023"},{"taxonomy":"productsupplier","embeddable":true,"href":"https:\/\/www.koonings.com\/de\/wp-json\/wp\/v2\/productsupplier?post=59023"},{"taxonomy":"productsleeve","embeddable":true,"href":"https:\/\/www.koonings.com\/de\/wp-json\/wp\/v2\/productsleeve?post=59023"},{"taxonomy":"productcategory","embeddable":true,"href":"https:\/\/www.koonings.com\/de\/wp-json\/wp\/v2\/productcategory?post=59023"},{"taxonomy":"productsilhouette","embeddable":true,"href":"https:\/\/www.koonings.com\/de\/wp-json\/wp\/v2\/productsilhouette?post=59023"},{"taxonomy":"productstyle","embeddable":true,"href":"https:\/\/www.koonings.com\/de\/wp-json\/wp\/v2\/productstyle?post=59023"}],"curies":[{"name":"wp","href":"https:\/\/api.w.org\/{rel}","templated":true}]}}