{"id":59007,"date":"2026-05-06T15:26:28","date_gmt":"2026-05-06T13:26:28","guid":{"rendered":"https:\/\/www.koonings.com\/product\/enzoani-blue-collection-sidney\/"},"modified":"2025-06-05T13:25:00","modified_gmt":"2025-06-05T11:25:00","slug":"enzoani-blue-collection-sidney","status":"publish","type":"product","link":"https:\/\/www.koonings.com\/de\/product\/enzoani-blue-collection-sidney\/","title":{"rendered":"Enzoani Blue collection Sidney"},"content":{"rendered":"<p>Das Kleid SIDNEY strahlt zeitlose Eleganz aus. Dieses Meerjungfrauen-Hochzeitskleid zeigt eine atemberaubende Pr\u00e4sentation von gefiederter Spitze mit Perlen und 3D-Mikado-Blumenapplikationen mit Perlen, die sich um das Mieder wickeln, bevor sie in einer wundersch\u00f6nen Schleppe herabfallen und f\u00fcr einen unvergesslichen Auftritt an Ihrem besonderen Tag sorgen. Paillettenbesetzte Bl\u00fctenbl\u00e4tter und glitzernder T\u00fcll machen dieses Kleid zu einem wundersch\u00f6nen Traum.  <\/p>\n","protected":false},"featured_media":50560,"template":"","meta":{"_acf_changed":false,"ghostkit_customizer_options":"","ghostkit_custom_css":"","ghostkit_custom_js_head":"","ghostkit_custom_js_foot":"","ghostkit_typography":""},"productdetails":[379,377,376,381],"productneck":[355],"productcolor":[393,392],"maat":[],"productsupplier":[405],"productsleeve":[359],"productcategory":[18],"productsilhouette":[387],"productstyle":[366],"class_list":["post-59007","product","type-product","status-publish","has-post-thumbnail","hentry","productdetails-379","productdetails-377","productdetails-376","productdetails-381","productneck-355","productcolor-393","productcolor-392","productsupplier-enzoani-blue-collection","productsleeve-359","productcategory-trouwjurken","productsilhouette-387","productstyle-366"],"acf":[],"yoast_head":"<!-- This site is optimized with the Yoast SEO plugin v27.3 - https:\/\/yoast.com\/product\/yoast-seo-wordpress\/ -->\n<title>Enzoani Blue collection Sidney | Koonings<\/title>\n<meta name=\"description\" content=\"Das Kleid SIDNEY strahlt zeitlose Eleganz aus. Dieses Meerjungfrauen-Hochzeitskleid zeigt eine atemberaubende Pr\u00e4sentation von gefiederter Spitze mit Perlen und 3D-Mikado-Blumenapplikationen mit Perlen, die sich um das Mieder wickeln, bevor sie in einer wundersch\u00f6nen Schleppe herabfallen und f\u00fcr einen unvergesslichen Auftritt an Ihrem besonderen Tag sorgen. Paillettenbesetzte Bl\u00fctenbl\u00e4tter und glitzernder T\u00fcll machen dieses Kleid zu einem wundersch\u00f6nen Traum.\" \/>\n<meta name=\"robots\" content=\"index, follow, max-snippet:-1, max-image-preview:large, max-video-preview:-1\" \/>\n<link rel=\"canonical\" href=\"https:\/\/www.koonings.com\/de\/product\/enzoani-blue-collection-sidney\/\" \/>\n<meta property=\"og:locale\" content=\"de_DE\" \/>\n<meta property=\"og:type\" content=\"article\" \/>\n<meta property=\"og:title\" content=\"Enzoani Blue collection Sidney | Koonings\" \/>\n<meta property=\"og:description\" content=\"Das Kleid SIDNEY strahlt zeitlose Eleganz aus. Dieses Meerjungfrauen-Hochzeitskleid zeigt eine atemberaubende Pr\u00e4sentation von gefiederter Spitze mit Perlen und 3D-Mikado-Blumenapplikationen mit Perlen, die sich um das Mieder wickeln, bevor sie in einer wundersch\u00f6nen Schleppe herabfallen und f\u00fcr einen unvergesslichen Auftritt an Ihrem besonderen Tag sorgen. Paillettenbesetzte Bl\u00fctenbl\u00e4tter und glitzernder T\u00fcll machen dieses Kleid zu einem wundersch\u00f6nen Traum.\" \/>\n<meta property=\"og:url\" content=\"https:\/\/www.koonings.com\/de\/product\/enzoani-blue-collection-sidney\/\" \/>\n<meta property=\"og:site_name\" content=\"Koonings\" \/>\n<meta property=\"article:publisher\" content=\"https:\/\/www.facebook.com\/kooningstheweddingpalace\" \/>\n<meta property=\"og:image\" content=\"https:\/\/www.koonings.com\/wp-content\/uploads\/2024\/11\/41149_61622f33c022b6ca595257f7f7fc93b417aa4ee1260313f812a59e8339d636e87bc9f3da.jpeg\" \/>\n\t<meta property=\"og:image:width\" content=\"1035\" \/>\n\t<meta property=\"og:image:height\" content=\"1380\" \/>\n\t<meta property=\"og:image:type\" content=\"image\/jpeg\" \/>\n<meta name=\"twitter:card\" content=\"summary_large_image\" \/>\n<script type=\"application\/ld+json\" class=\"yoast-schema-graph\">{\"@context\":\"https:\\\/\\\/schema.org\",\"@graph\":[{\"@type\":\"WebPage\",\"@id\":\"https:\\\/\\\/www.koonings.com\\\/de\\\/product\\\/enzoani-blue-collection-sidney\\\/\",\"url\":\"https:\\\/\\\/www.koonings.com\\\/de\\\/product\\\/enzoani-blue-collection-sidney\\\/\",\"name\":\"Enzoani Blue collection Sidney | Koonings\",\"isPartOf\":{\"@id\":\"https:\\\/\\\/www.koonings.com\\\/de\\\/#website\"},\"primaryImageOfPage\":{\"@id\":\"https:\\\/\\\/www.koonings.com\\\/de\\\/product\\\/enzoani-blue-collection-sidney\\\/#primaryimage\"},\"image\":{\"@id\":\"https:\\\/\\\/www.koonings.com\\\/de\\\/product\\\/enzoani-blue-collection-sidney\\\/#primaryimage\"},\"thumbnailUrl\":\"https:\\\/\\\/www.koonings.com\\\/wp-content\\\/uploads\\\/2024\\\/11\\\/41149_61622f33c022b6ca595257f7f7fc93b417aa4ee1260313f812a59e8339d636e87bc9f3da.jpeg\",\"datePublished\":\"2026-05-06T13:26:28+00:00\",\"description\":\"Das Kleid SIDNEY strahlt zeitlose Eleganz aus. Dieses Meerjungfrauen-Hochzeitskleid zeigt eine atemberaubende Pr\u00e4sentation von gefiederter Spitze mit Perlen und 3D-Mikado-Blumenapplikationen mit Perlen, die sich um das Mieder wickeln, bevor sie in einer wundersch\u00f6nen Schleppe herabfallen und f\u00fcr einen unvergesslichen Auftritt an Ihrem besonderen Tag sorgen. Paillettenbesetzte Bl\u00fctenbl\u00e4tter und glitzernder T\u00fcll machen dieses Kleid zu einem wundersch\u00f6nen Traum.\",\"breadcrumb\":{\"@id\":\"https:\\\/\\\/www.koonings.com\\\/de\\\/product\\\/enzoani-blue-collection-sidney\\\/#breadcrumb\"},\"inLanguage\":\"de\",\"potentialAction\":[{\"@type\":\"ReadAction\",\"target\":[\"https:\\\/\\\/www.koonings.com\\\/de\\\/product\\\/enzoani-blue-collection-sidney\\\/\"]}]},{\"@type\":\"ImageObject\",\"inLanguage\":\"de\",\"@id\":\"https:\\\/\\\/www.koonings.com\\\/de\\\/product\\\/enzoani-blue-collection-sidney\\\/#primaryimage\",\"url\":\"https:\\\/\\\/www.koonings.com\\\/wp-content\\\/uploads\\\/2024\\\/11\\\/41149_61622f33c022b6ca595257f7f7fc93b417aa4ee1260313f812a59e8339d636e87bc9f3da.jpeg\",\"contentUrl\":\"https:\\\/\\\/www.koonings.com\\\/wp-content\\\/uploads\\\/2024\\\/11\\\/41149_61622f33c022b6ca595257f7f7fc93b417aa4ee1260313f812a59e8339d636e87bc9f3da.jpeg\",\"width\":1035,\"height\":1380},{\"@type\":\"BreadcrumbList\",\"@id\":\"https:\\\/\\\/www.koonings.com\\\/de\\\/product\\\/enzoani-blue-collection-sidney\\\/#breadcrumb\",\"itemListElement\":[{\"@type\":\"ListItem\",\"position\":1,\"name\":\"Home\",\"item\":\"https:\\\/\\\/www.koonings.com\\\/de\\\/\"},{\"@type\":\"ListItem\",\"position\":2,\"name\":\"Enzoani Blue collection Sidney\"}]},{\"@type\":\"WebSite\",\"@id\":\"https:\\\/\\\/www.koonings.com\\\/de\\\/#website\",\"url\":\"https:\\\/\\\/www.koonings.com\\\/de\\\/\",\"name\":\"Koonings\",\"description\":\"De grootste bruidsmodewinkel ter wereld\",\"publisher\":{\"@id\":\"https:\\\/\\\/www.koonings.com\\\/de\\\/#organization\"},\"potentialAction\":[{\"@type\":\"SearchAction\",\"target\":{\"@type\":\"EntryPoint\",\"urlTemplate\":\"https:\\\/\\\/www.koonings.com\\\/de\\\/?s={search_term_string}\"},\"query-input\":{\"@type\":\"PropertyValueSpecification\",\"valueRequired\":true,\"valueName\":\"search_term_string\"}}],\"inLanguage\":\"de\"},{\"@type\":\"Organization\",\"@id\":\"https:\\\/\\\/www.koonings.com\\\/de\\\/#organization\",\"name\":\"Koonings\",\"url\":\"https:\\\/\\\/www.koonings.com\\\/de\\\/\",\"logo\":{\"@type\":\"ImageObject\",\"inLanguage\":\"de\",\"@id\":\"https:\\\/\\\/www.koonings.com\\\/de\\\/#\\\/schema\\\/logo\\\/image\\\/\",\"url\":\"https:\\\/\\\/www.koonings.com\\\/wp-content\\\/uploads\\\/2024\\\/07\\\/logo.png\",\"contentUrl\":\"https:\\\/\\\/www.koonings.com\\\/wp-content\\\/uploads\\\/2024\\\/07\\\/logo.png\",\"width\":600,\"height\":428,\"caption\":\"Koonings\"},\"image\":{\"@id\":\"https:\\\/\\\/www.koonings.com\\\/de\\\/#\\\/schema\\\/logo\\\/image\\\/\"},\"sameAs\":[\"https:\\\/\\\/www.facebook.com\\\/kooningstheweddingpalace\",\"https:\\\/\\\/www.instagram.com\\\/kooningstheweddingpalace\",\"https:\\\/\\\/www.pinterest.com\\\/koonings\",\"https:\\\/\\\/www.youtube.com\\\/kooningstheweddingpalace\"]}]}<\/script>\n<!-- \/ Yoast SEO plugin. -->","yoast_head_json":{"title":"Enzoani Blue collection Sidney | Koonings","description":"Das Kleid SIDNEY strahlt zeitlose Eleganz aus. Dieses Meerjungfrauen-Hochzeitskleid zeigt eine atemberaubende Pr\u00e4sentation von gefiederter Spitze mit Perlen und 3D-Mikado-Blumenapplikationen mit Perlen, die sich um das Mieder wickeln, bevor sie in einer wundersch\u00f6nen Schleppe herabfallen und f\u00fcr einen unvergesslichen Auftritt an Ihrem besonderen Tag sorgen. Paillettenbesetzte Bl\u00fctenbl\u00e4tter und glitzernder T\u00fcll machen dieses Kleid zu einem wundersch\u00f6nen Traum.","robots":{"index":"index","follow":"follow","max-snippet":"max-snippet:-1","max-image-preview":"max-image-preview:large","max-video-preview":"max-video-preview:-1"},"canonical":"https:\/\/www.koonings.com\/de\/product\/enzoani-blue-collection-sidney\/","og_locale":"de_DE","og_type":"article","og_title":"Enzoani Blue collection Sidney | Koonings","og_description":"Das Kleid SIDNEY strahlt zeitlose Eleganz aus. Dieses Meerjungfrauen-Hochzeitskleid zeigt eine atemberaubende Pr\u00e4sentation von gefiederter Spitze mit Perlen und 3D-Mikado-Blumenapplikationen mit Perlen, die sich um das Mieder wickeln, bevor sie in einer wundersch\u00f6nen Schleppe herabfallen und f\u00fcr einen unvergesslichen Auftritt an Ihrem besonderen Tag sorgen. Paillettenbesetzte Bl\u00fctenbl\u00e4tter und glitzernder T\u00fcll machen dieses Kleid zu einem wundersch\u00f6nen Traum.","og_url":"https:\/\/www.koonings.com\/de\/product\/enzoani-blue-collection-sidney\/","og_site_name":"Koonings","article_publisher":"https:\/\/www.facebook.com\/kooningstheweddingpalace","og_image":[{"width":1035,"height":1380,"url":"https:\/\/www.koonings.com\/wp-content\/uploads\/2024\/11\/41149_61622f33c022b6ca595257f7f7fc93b417aa4ee1260313f812a59e8339d636e87bc9f3da.jpeg","type":"image\/jpeg"}],"twitter_card":"summary_large_image","schema":{"@context":"https:\/\/schema.org","@graph":[{"@type":"WebPage","@id":"https:\/\/www.koonings.com\/de\/product\/enzoani-blue-collection-sidney\/","url":"https:\/\/www.koonings.com\/de\/product\/enzoani-blue-collection-sidney\/","name":"Enzoani Blue collection Sidney | Koonings","isPartOf":{"@id":"https:\/\/www.koonings.com\/de\/#website"},"primaryImageOfPage":{"@id":"https:\/\/www.koonings.com\/de\/product\/enzoani-blue-collection-sidney\/#primaryimage"},"image":{"@id":"https:\/\/www.koonings.com\/de\/product\/enzoani-blue-collection-sidney\/#primaryimage"},"thumbnailUrl":"https:\/\/www.koonings.com\/wp-content\/uploads\/2024\/11\/41149_61622f33c022b6ca595257f7f7fc93b417aa4ee1260313f812a59e8339d636e87bc9f3da.jpeg","datePublished":"2026-05-06T13:26:28+00:00","description":"Das Kleid SIDNEY strahlt zeitlose Eleganz aus. Dieses Meerjungfrauen-Hochzeitskleid zeigt eine atemberaubende Pr\u00e4sentation von gefiederter Spitze mit Perlen und 3D-Mikado-Blumenapplikationen mit Perlen, die sich um das Mieder wickeln, bevor sie in einer wundersch\u00f6nen Schleppe herabfallen und f\u00fcr einen unvergesslichen Auftritt an Ihrem besonderen Tag sorgen. Paillettenbesetzte Bl\u00fctenbl\u00e4tter und glitzernder T\u00fcll machen dieses Kleid zu einem wundersch\u00f6nen Traum.","breadcrumb":{"@id":"https:\/\/www.koonings.com\/de\/product\/enzoani-blue-collection-sidney\/#breadcrumb"},"inLanguage":"de","potentialAction":[{"@type":"ReadAction","target":["https:\/\/www.koonings.com\/de\/product\/enzoani-blue-collection-sidney\/"]}]},{"@type":"ImageObject","inLanguage":"de","@id":"https:\/\/www.koonings.com\/de\/product\/enzoani-blue-collection-sidney\/#primaryimage","url":"https:\/\/www.koonings.com\/wp-content\/uploads\/2024\/11\/41149_61622f33c022b6ca595257f7f7fc93b417aa4ee1260313f812a59e8339d636e87bc9f3da.jpeg","contentUrl":"https:\/\/www.koonings.com\/wp-content\/uploads\/2024\/11\/41149_61622f33c022b6ca595257f7f7fc93b417aa4ee1260313f812a59e8339d636e87bc9f3da.jpeg","width":1035,"height":1380},{"@type":"BreadcrumbList","@id":"https:\/\/www.koonings.com\/de\/product\/enzoani-blue-collection-sidney\/#breadcrumb","itemListElement":[{"@type":"ListItem","position":1,"name":"Home","item":"https:\/\/www.koonings.com\/de\/"},{"@type":"ListItem","position":2,"name":"Enzoani Blue collection Sidney"}]},{"@type":"WebSite","@id":"https:\/\/www.koonings.com\/de\/#website","url":"https:\/\/www.koonings.com\/de\/","name":"Koonings","description":"De grootste bruidsmodewinkel ter wereld","publisher":{"@id":"https:\/\/www.koonings.com\/de\/#organization"},"potentialAction":[{"@type":"SearchAction","target":{"@type":"EntryPoint","urlTemplate":"https:\/\/www.koonings.com\/de\/?s={search_term_string}"},"query-input":{"@type":"PropertyValueSpecification","valueRequired":true,"valueName":"search_term_string"}}],"inLanguage":"de"},{"@type":"Organization","@id":"https:\/\/www.koonings.com\/de\/#organization","name":"Koonings","url":"https:\/\/www.koonings.com\/de\/","logo":{"@type":"ImageObject","inLanguage":"de","@id":"https:\/\/www.koonings.com\/de\/#\/schema\/logo\/image\/","url":"https:\/\/www.koonings.com\/wp-content\/uploads\/2024\/07\/logo.png","contentUrl":"https:\/\/www.koonings.com\/wp-content\/uploads\/2024\/07\/logo.png","width":600,"height":428,"caption":"Koonings"},"image":{"@id":"https:\/\/www.koonings.com\/de\/#\/schema\/logo\/image\/"},"sameAs":["https:\/\/www.facebook.com\/kooningstheweddingpalace","https:\/\/www.instagram.com\/kooningstheweddingpalace","https:\/\/www.pinterest.com\/koonings","https:\/\/www.youtube.com\/kooningstheweddingpalace"]}]}},"_links":{"self":[{"href":"https:\/\/www.koonings.com\/de\/wp-json\/wp\/v2\/product\/59007","targetHints":{"allow":["GET"]}}],"collection":[{"href":"https:\/\/www.koonings.com\/de\/wp-json\/wp\/v2\/product"}],"about":[{"href":"https:\/\/www.koonings.com\/de\/wp-json\/wp\/v2\/types\/product"}],"wp:featuredmedia":[{"embeddable":true,"href":"https:\/\/www.koonings.com\/de\/wp-json\/wp\/v2\/media\/50560"}],"wp:attachment":[{"href":"https:\/\/www.koonings.com\/de\/wp-json\/wp\/v2\/media?parent=59007"}],"wp:term":[{"taxonomy":"productdetails","embeddable":true,"href":"https:\/\/www.koonings.com\/de\/wp-json\/wp\/v2\/productdetails?post=59007"},{"taxonomy":"productneck","embeddable":true,"href":"https:\/\/www.koonings.com\/de\/wp-json\/wp\/v2\/productneck?post=59007"},{"taxonomy":"productcolor","embeddable":true,"href":"https:\/\/www.koonings.com\/de\/wp-json\/wp\/v2\/productcolor?post=59007"},{"taxonomy":"maat","embeddable":true,"href":"https:\/\/www.koonings.com\/de\/wp-json\/wp\/v2\/maat?post=59007"},{"taxonomy":"productsupplier","embeddable":true,"href":"https:\/\/www.koonings.com\/de\/wp-json\/wp\/v2\/productsupplier?post=59007"},{"taxonomy":"productsleeve","embeddable":true,"href":"https:\/\/www.koonings.com\/de\/wp-json\/wp\/v2\/productsleeve?post=59007"},{"taxonomy":"productcategory","embeddable":true,"href":"https:\/\/www.koonings.com\/de\/wp-json\/wp\/v2\/productcategory?post=59007"},{"taxonomy":"productsilhouette","embeddable":true,"href":"https:\/\/www.koonings.com\/de\/wp-json\/wp\/v2\/productsilhouette?post=59007"},{"taxonomy":"productstyle","embeddable":true,"href":"https:\/\/www.koonings.com\/de\/wp-json\/wp\/v2\/productstyle?post=59007"}],"curies":[{"name":"wp","href":"https:\/\/api.w.org\/{rel}","templated":true}]}}