{"id":59001,"date":"2026-04-28T18:26:16","date_gmt":"2026-04-28T16:26:16","guid":{"rendered":"https:\/\/www.koonings.com\/product\/enzoani-blue-collection-stacey\/"},"modified":"2025-06-05T13:21:37","modified_gmt":"2025-06-05T11:21:37","slug":"enzoani-blue-collection-stacey","status":"publish","type":"product","link":"https:\/\/www.koonings.com\/de\/product\/enzoani-blue-collection-stacey\/","title":{"rendered":"Enzoani Blue collection Stacey"},"content":{"rendered":"<p>Umarmen Sie die schlichte Eleganz in diesem h\u00fcbschen A-Linien-Kleid mit floraler Spitze, einem perlenbesetzten, herzf\u00f6rmigen Ausschnitt und einem halbtransparenten Mieder, das einen zus\u00e4tzlichen Hauch von Haut zeigt, f\u00fcr einen Look, der raffiniert, sexy und dezent in einem ist. Der dramatische hohe Schlitz wird die Aufmerksamkeit auf sich ziehen, w\u00e4hrend der versteckte Peek-a-Boo-Bodysuit daf\u00fcr sorgt, dass Sie sich in diesem Stil sicher f\u00fchlen, um bequem die Nacht durchzutanzen. <\/p>\n","protected":false},"featured_media":50585,"template":"","meta":{"_acf_changed":false,"ghostkit_customizer_options":"","ghostkit_custom_css":"","ghostkit_custom_js_head":"","ghostkit_custom_js_foot":"","ghostkit_typography":""},"productdetails":[381],"productneck":[355],"productcolor":[393,392],"maat":[],"productsupplier":[405],"productsleeve":[359],"productcategory":[18],"productsilhouette":[384],"productstyle":[366],"class_list":["post-59001","product","type-product","status-publish","has-post-thumbnail","hentry","productdetails-381","productneck-355","productcolor-393","productcolor-392","productsupplier-enzoani-blue-collection","productsleeve-359","productcategory-trouwjurken","productsilhouette-384","productstyle-366"],"acf":[],"yoast_head":"<!-- This site is optimized with the Yoast SEO plugin v27.3 - https:\/\/yoast.com\/product\/yoast-seo-wordpress\/ -->\n<title>Enzoani Blue collection Stacey | Koonings<\/title>\n<meta name=\"description\" content=\"Umarmen Sie die schlichte Eleganz in diesem h\u00fcbschen A-Linien-Kleid mit floraler Spitze, einem perlenbesetzten, herzf\u00f6rmigen Ausschnitt und einem halbtransparenten Mieder, das einen zus\u00e4tzlichen Hauch von Haut zeigt, f\u00fcr einen Look, der raffiniert, sexy und dezent in einem ist. Der dramatische hohe Schlitz wird die Aufmerksamkeit auf sich ziehen, w\u00e4hrend der versteckte Peek-a-Boo-Bodysuit daf\u00fcr sorgt, dass Sie sich in diesem Stil sicher f\u00fchlen, um bequem die Nacht durchzutanzen.\" \/>\n<meta name=\"robots\" content=\"index, follow, max-snippet:-1, max-image-preview:large, max-video-preview:-1\" \/>\n<link rel=\"canonical\" href=\"https:\/\/www.koonings.com\/de\/product\/enzoani-blue-collection-stacey\/\" \/>\n<meta property=\"og:locale\" content=\"de_DE\" \/>\n<meta property=\"og:type\" content=\"article\" \/>\n<meta property=\"og:title\" content=\"Enzoani Blue collection Stacey | Koonings\" \/>\n<meta property=\"og:description\" content=\"Umarmen Sie die schlichte Eleganz in diesem h\u00fcbschen A-Linien-Kleid mit floraler Spitze, einem perlenbesetzten, herzf\u00f6rmigen Ausschnitt und einem halbtransparenten Mieder, das einen zus\u00e4tzlichen Hauch von Haut zeigt, f\u00fcr einen Look, der raffiniert, sexy und dezent in einem ist. Der dramatische hohe Schlitz wird die Aufmerksamkeit auf sich ziehen, w\u00e4hrend der versteckte Peek-a-Boo-Bodysuit daf\u00fcr sorgt, dass Sie sich in diesem Stil sicher f\u00fchlen, um bequem die Nacht durchzutanzen.\" \/>\n<meta property=\"og:url\" content=\"https:\/\/www.koonings.com\/de\/product\/enzoani-blue-collection-stacey\/\" \/>\n<meta property=\"og:site_name\" content=\"Koonings\" \/>\n<meta property=\"article:publisher\" content=\"https:\/\/www.facebook.com\/kooningstheweddingpalace\" \/>\n<meta property=\"og:image\" content=\"https:\/\/www.koonings.com\/wp-content\/uploads\/2024\/11\/41153_c6401cb1e3ad074d5845c5d33a8f7f316da1f2f884585b6a3745d512e495a300e79244db.jpeg\" \/>\n\t<meta property=\"og:image:width\" content=\"1035\" \/>\n\t<meta property=\"og:image:height\" content=\"1380\" \/>\n\t<meta property=\"og:image:type\" content=\"image\/jpeg\" \/>\n<meta name=\"twitter:card\" content=\"summary_large_image\" \/>\n<script type=\"application\/ld+json\" class=\"yoast-schema-graph\">{\"@context\":\"https:\\\/\\\/schema.org\",\"@graph\":[{\"@type\":\"WebPage\",\"@id\":\"https:\\\/\\\/www.koonings.com\\\/de\\\/product\\\/enzoani-blue-collection-stacey\\\/\",\"url\":\"https:\\\/\\\/www.koonings.com\\\/de\\\/product\\\/enzoani-blue-collection-stacey\\\/\",\"name\":\"Enzoani Blue collection Stacey | Koonings\",\"isPartOf\":{\"@id\":\"https:\\\/\\\/www.koonings.com\\\/de\\\/#website\"},\"primaryImageOfPage\":{\"@id\":\"https:\\\/\\\/www.koonings.com\\\/de\\\/product\\\/enzoani-blue-collection-stacey\\\/#primaryimage\"},\"image\":{\"@id\":\"https:\\\/\\\/www.koonings.com\\\/de\\\/product\\\/enzoani-blue-collection-stacey\\\/#primaryimage\"},\"thumbnailUrl\":\"https:\\\/\\\/www.koonings.com\\\/wp-content\\\/uploads\\\/2024\\\/11\\\/41153_c6401cb1e3ad074d5845c5d33a8f7f316da1f2f884585b6a3745d512e495a300e79244db.jpeg\",\"datePublished\":\"2026-04-28T16:26:16+00:00\",\"description\":\"Umarmen Sie die schlichte Eleganz in diesem h\u00fcbschen A-Linien-Kleid mit floraler Spitze, einem perlenbesetzten, herzf\u00f6rmigen Ausschnitt und einem halbtransparenten Mieder, das einen zus\u00e4tzlichen Hauch von Haut zeigt, f\u00fcr einen Look, der raffiniert, sexy und dezent in einem ist. Der dramatische hohe Schlitz wird die Aufmerksamkeit auf sich ziehen, w\u00e4hrend der versteckte Peek-a-Boo-Bodysuit daf\u00fcr sorgt, dass Sie sich in diesem Stil sicher f\u00fchlen, um bequem die Nacht durchzutanzen.\",\"breadcrumb\":{\"@id\":\"https:\\\/\\\/www.koonings.com\\\/de\\\/product\\\/enzoani-blue-collection-stacey\\\/#breadcrumb\"},\"inLanguage\":\"de\",\"potentialAction\":[{\"@type\":\"ReadAction\",\"target\":[\"https:\\\/\\\/www.koonings.com\\\/de\\\/product\\\/enzoani-blue-collection-stacey\\\/\"]}]},{\"@type\":\"ImageObject\",\"inLanguage\":\"de\",\"@id\":\"https:\\\/\\\/www.koonings.com\\\/de\\\/product\\\/enzoani-blue-collection-stacey\\\/#primaryimage\",\"url\":\"https:\\\/\\\/www.koonings.com\\\/wp-content\\\/uploads\\\/2024\\\/11\\\/41153_c6401cb1e3ad074d5845c5d33a8f7f316da1f2f884585b6a3745d512e495a300e79244db.jpeg\",\"contentUrl\":\"https:\\\/\\\/www.koonings.com\\\/wp-content\\\/uploads\\\/2024\\\/11\\\/41153_c6401cb1e3ad074d5845c5d33a8f7f316da1f2f884585b6a3745d512e495a300e79244db.jpeg\",\"width\":1035,\"height\":1380},{\"@type\":\"BreadcrumbList\",\"@id\":\"https:\\\/\\\/www.koonings.com\\\/de\\\/product\\\/enzoani-blue-collection-stacey\\\/#breadcrumb\",\"itemListElement\":[{\"@type\":\"ListItem\",\"position\":1,\"name\":\"Home\",\"item\":\"https:\\\/\\\/www.koonings.com\\\/de\\\/\"},{\"@type\":\"ListItem\",\"position\":2,\"name\":\"Enzoani Blue collection Stacey\"}]},{\"@type\":\"WebSite\",\"@id\":\"https:\\\/\\\/www.koonings.com\\\/de\\\/#website\",\"url\":\"https:\\\/\\\/www.koonings.com\\\/de\\\/\",\"name\":\"Koonings\",\"description\":\"De grootste bruidsmodewinkel ter wereld\",\"publisher\":{\"@id\":\"https:\\\/\\\/www.koonings.com\\\/de\\\/#organization\"},\"potentialAction\":[{\"@type\":\"SearchAction\",\"target\":{\"@type\":\"EntryPoint\",\"urlTemplate\":\"https:\\\/\\\/www.koonings.com\\\/de\\\/?s={search_term_string}\"},\"query-input\":{\"@type\":\"PropertyValueSpecification\",\"valueRequired\":true,\"valueName\":\"search_term_string\"}}],\"inLanguage\":\"de\"},{\"@type\":\"Organization\",\"@id\":\"https:\\\/\\\/www.koonings.com\\\/de\\\/#organization\",\"name\":\"Koonings\",\"url\":\"https:\\\/\\\/www.koonings.com\\\/de\\\/\",\"logo\":{\"@type\":\"ImageObject\",\"inLanguage\":\"de\",\"@id\":\"https:\\\/\\\/www.koonings.com\\\/de\\\/#\\\/schema\\\/logo\\\/image\\\/\",\"url\":\"https:\\\/\\\/www.koonings.com\\\/wp-content\\\/uploads\\\/2024\\\/07\\\/logo.png\",\"contentUrl\":\"https:\\\/\\\/www.koonings.com\\\/wp-content\\\/uploads\\\/2024\\\/07\\\/logo.png\",\"width\":600,\"height\":428,\"caption\":\"Koonings\"},\"image\":{\"@id\":\"https:\\\/\\\/www.koonings.com\\\/de\\\/#\\\/schema\\\/logo\\\/image\\\/\"},\"sameAs\":[\"https:\\\/\\\/www.facebook.com\\\/kooningstheweddingpalace\",\"https:\\\/\\\/www.instagram.com\\\/kooningstheweddingpalace\",\"https:\\\/\\\/www.pinterest.com\\\/koonings\",\"https:\\\/\\\/www.youtube.com\\\/kooningstheweddingpalace\"]}]}<\/script>\n<!-- \/ Yoast SEO plugin. -->","yoast_head_json":{"title":"Enzoani Blue collection Stacey | Koonings","description":"Umarmen Sie die schlichte Eleganz in diesem h\u00fcbschen A-Linien-Kleid mit floraler Spitze, einem perlenbesetzten, herzf\u00f6rmigen Ausschnitt und einem halbtransparenten Mieder, das einen zus\u00e4tzlichen Hauch von Haut zeigt, f\u00fcr einen Look, der raffiniert, sexy und dezent in einem ist. Der dramatische hohe Schlitz wird die Aufmerksamkeit auf sich ziehen, w\u00e4hrend der versteckte Peek-a-Boo-Bodysuit daf\u00fcr sorgt, dass Sie sich in diesem Stil sicher f\u00fchlen, um bequem die Nacht durchzutanzen.","robots":{"index":"index","follow":"follow","max-snippet":"max-snippet:-1","max-image-preview":"max-image-preview:large","max-video-preview":"max-video-preview:-1"},"canonical":"https:\/\/www.koonings.com\/de\/product\/enzoani-blue-collection-stacey\/","og_locale":"de_DE","og_type":"article","og_title":"Enzoani Blue collection Stacey | Koonings","og_description":"Umarmen Sie die schlichte Eleganz in diesem h\u00fcbschen A-Linien-Kleid mit floraler Spitze, einem perlenbesetzten, herzf\u00f6rmigen Ausschnitt und einem halbtransparenten Mieder, das einen zus\u00e4tzlichen Hauch von Haut zeigt, f\u00fcr einen Look, der raffiniert, sexy und dezent in einem ist. Der dramatische hohe Schlitz wird die Aufmerksamkeit auf sich ziehen, w\u00e4hrend der versteckte Peek-a-Boo-Bodysuit daf\u00fcr sorgt, dass Sie sich in diesem Stil sicher f\u00fchlen, um bequem die Nacht durchzutanzen.","og_url":"https:\/\/www.koonings.com\/de\/product\/enzoani-blue-collection-stacey\/","og_site_name":"Koonings","article_publisher":"https:\/\/www.facebook.com\/kooningstheweddingpalace","og_image":[{"width":1035,"height":1380,"url":"https:\/\/www.koonings.com\/wp-content\/uploads\/2024\/11\/41153_c6401cb1e3ad074d5845c5d33a8f7f316da1f2f884585b6a3745d512e495a300e79244db.jpeg","type":"image\/jpeg"}],"twitter_card":"summary_large_image","schema":{"@context":"https:\/\/schema.org","@graph":[{"@type":"WebPage","@id":"https:\/\/www.koonings.com\/de\/product\/enzoani-blue-collection-stacey\/","url":"https:\/\/www.koonings.com\/de\/product\/enzoani-blue-collection-stacey\/","name":"Enzoani Blue collection Stacey | Koonings","isPartOf":{"@id":"https:\/\/www.koonings.com\/de\/#website"},"primaryImageOfPage":{"@id":"https:\/\/www.koonings.com\/de\/product\/enzoani-blue-collection-stacey\/#primaryimage"},"image":{"@id":"https:\/\/www.koonings.com\/de\/product\/enzoani-blue-collection-stacey\/#primaryimage"},"thumbnailUrl":"https:\/\/www.koonings.com\/wp-content\/uploads\/2024\/11\/41153_c6401cb1e3ad074d5845c5d33a8f7f316da1f2f884585b6a3745d512e495a300e79244db.jpeg","datePublished":"2026-04-28T16:26:16+00:00","description":"Umarmen Sie die schlichte Eleganz in diesem h\u00fcbschen A-Linien-Kleid mit floraler Spitze, einem perlenbesetzten, herzf\u00f6rmigen Ausschnitt und einem halbtransparenten Mieder, das einen zus\u00e4tzlichen Hauch von Haut zeigt, f\u00fcr einen Look, der raffiniert, sexy und dezent in einem ist. Der dramatische hohe Schlitz wird die Aufmerksamkeit auf sich ziehen, w\u00e4hrend der versteckte Peek-a-Boo-Bodysuit daf\u00fcr sorgt, dass Sie sich in diesem Stil sicher f\u00fchlen, um bequem die Nacht durchzutanzen.","breadcrumb":{"@id":"https:\/\/www.koonings.com\/de\/product\/enzoani-blue-collection-stacey\/#breadcrumb"},"inLanguage":"de","potentialAction":[{"@type":"ReadAction","target":["https:\/\/www.koonings.com\/de\/product\/enzoani-blue-collection-stacey\/"]}]},{"@type":"ImageObject","inLanguage":"de","@id":"https:\/\/www.koonings.com\/de\/product\/enzoani-blue-collection-stacey\/#primaryimage","url":"https:\/\/www.koonings.com\/wp-content\/uploads\/2024\/11\/41153_c6401cb1e3ad074d5845c5d33a8f7f316da1f2f884585b6a3745d512e495a300e79244db.jpeg","contentUrl":"https:\/\/www.koonings.com\/wp-content\/uploads\/2024\/11\/41153_c6401cb1e3ad074d5845c5d33a8f7f316da1f2f884585b6a3745d512e495a300e79244db.jpeg","width":1035,"height":1380},{"@type":"BreadcrumbList","@id":"https:\/\/www.koonings.com\/de\/product\/enzoani-blue-collection-stacey\/#breadcrumb","itemListElement":[{"@type":"ListItem","position":1,"name":"Home","item":"https:\/\/www.koonings.com\/de\/"},{"@type":"ListItem","position":2,"name":"Enzoani Blue collection Stacey"}]},{"@type":"WebSite","@id":"https:\/\/www.koonings.com\/de\/#website","url":"https:\/\/www.koonings.com\/de\/","name":"Koonings","description":"De grootste bruidsmodewinkel ter wereld","publisher":{"@id":"https:\/\/www.koonings.com\/de\/#organization"},"potentialAction":[{"@type":"SearchAction","target":{"@type":"EntryPoint","urlTemplate":"https:\/\/www.koonings.com\/de\/?s={search_term_string}"},"query-input":{"@type":"PropertyValueSpecification","valueRequired":true,"valueName":"search_term_string"}}],"inLanguage":"de"},{"@type":"Organization","@id":"https:\/\/www.koonings.com\/de\/#organization","name":"Koonings","url":"https:\/\/www.koonings.com\/de\/","logo":{"@type":"ImageObject","inLanguage":"de","@id":"https:\/\/www.koonings.com\/de\/#\/schema\/logo\/image\/","url":"https:\/\/www.koonings.com\/wp-content\/uploads\/2024\/07\/logo.png","contentUrl":"https:\/\/www.koonings.com\/wp-content\/uploads\/2024\/07\/logo.png","width":600,"height":428,"caption":"Koonings"},"image":{"@id":"https:\/\/www.koonings.com\/de\/#\/schema\/logo\/image\/"},"sameAs":["https:\/\/www.facebook.com\/kooningstheweddingpalace","https:\/\/www.instagram.com\/kooningstheweddingpalace","https:\/\/www.pinterest.com\/koonings","https:\/\/www.youtube.com\/kooningstheweddingpalace"]}]}},"_links":{"self":[{"href":"https:\/\/www.koonings.com\/de\/wp-json\/wp\/v2\/product\/59001","targetHints":{"allow":["GET"]}}],"collection":[{"href":"https:\/\/www.koonings.com\/de\/wp-json\/wp\/v2\/product"}],"about":[{"href":"https:\/\/www.koonings.com\/de\/wp-json\/wp\/v2\/types\/product"}],"wp:featuredmedia":[{"embeddable":true,"href":"https:\/\/www.koonings.com\/de\/wp-json\/wp\/v2\/media\/50585"}],"wp:attachment":[{"href":"https:\/\/www.koonings.com\/de\/wp-json\/wp\/v2\/media?parent=59001"}],"wp:term":[{"taxonomy":"productdetails","embeddable":true,"href":"https:\/\/www.koonings.com\/de\/wp-json\/wp\/v2\/productdetails?post=59001"},{"taxonomy":"productneck","embeddable":true,"href":"https:\/\/www.koonings.com\/de\/wp-json\/wp\/v2\/productneck?post=59001"},{"taxonomy":"productcolor","embeddable":true,"href":"https:\/\/www.koonings.com\/de\/wp-json\/wp\/v2\/productcolor?post=59001"},{"taxonomy":"maat","embeddable":true,"href":"https:\/\/www.koonings.com\/de\/wp-json\/wp\/v2\/maat?post=59001"},{"taxonomy":"productsupplier","embeddable":true,"href":"https:\/\/www.koonings.com\/de\/wp-json\/wp\/v2\/productsupplier?post=59001"},{"taxonomy":"productsleeve","embeddable":true,"href":"https:\/\/www.koonings.com\/de\/wp-json\/wp\/v2\/productsleeve?post=59001"},{"taxonomy":"productcategory","embeddable":true,"href":"https:\/\/www.koonings.com\/de\/wp-json\/wp\/v2\/productcategory?post=59001"},{"taxonomy":"productsilhouette","embeddable":true,"href":"https:\/\/www.koonings.com\/de\/wp-json\/wp\/v2\/productsilhouette?post=59001"},{"taxonomy":"productstyle","embeddable":true,"href":"https:\/\/www.koonings.com\/de\/wp-json\/wp\/v2\/productstyle?post=59001"}],"curies":[{"name":"wp","href":"https:\/\/api.w.org\/{rel}","templated":true}]}}