{"id":58999,"date":"2026-05-06T15:22:17","date_gmt":"2026-05-06T13:22:17","guid":{"rendered":"https:\/\/www.koonings.com\/product\/st-patrick-mette-st125by1\/"},"modified":"2026-02-16T14:39:54","modified_gmt":"2026-02-16T13:39:54","slug":"st-patrick-mette-st125by1","status":"publish","type":"product","link":"https:\/\/www.koonings.com\/de\/product\/st-patrick-mette-st125by1\/","title":{"rendered":"St. Patrick Mette ST125BY1"},"content":{"rendered":"<p>Das subtile und zarte METTE Kleid ist ideal f\u00fcr Br\u00e4ute, die f\u00fcr ihre Eleganz bekannt sind. Dieses Meerjungfrauenkleid aus Cr\u00eape hat einen Bootsausschnitt, einen tiefen, runden R\u00fccken, lange, taillierte \u00c4rmel und ein schmeichelhaftes Faltendetail, das an der Taille zusammenl\u00e4uft und dem Design eine besondere Note verleiht. <\/p>\n","protected":false},"featured_media":46668,"template":"","meta":{"_acf_changed":false,"ghostkit_customizer_options":"","ghostkit_custom_css":"","ghostkit_custom_js_head":"","ghostkit_custom_js_foot":"","ghostkit_typography":""},"productdetails":[],"productneck":[],"productcolor":[],"maat":[],"productsupplier":[415],"productsleeve":[],"productcategory":[18],"productsilhouette":[],"productstyle":[366],"class_list":["post-58999","product","type-product","status-publish","has-post-thumbnail","hentry","productsupplier-st-patrick","productcategory-trouwjurken","productstyle-366"],"acf":[],"yoast_head":"<!-- This site is optimized with the Yoast SEO plugin v27.3 - https:\/\/yoast.com\/product\/yoast-seo-wordpress\/ -->\n<title>St. Patrick Mette ST125BY1 | Koonings<\/title>\n<meta name=\"description\" content=\"Das subtile und zarte METTE Kleid ist ideal f\u00fcr Br\u00e4ute, die f\u00fcr ihre Eleganz bekannt sind. Dieses Meerjungfrauenkleid aus Cr\u00eape hat einen Bootsausschnitt, einen tiefen, runden R\u00fccken, lange, taillierte \u00c4rmel und ein schmeichelhaftes Faltendetail, das an der Taille zusammenl\u00e4uft und dem Design eine besondere Note verleiht.\" \/>\n<meta name=\"robots\" content=\"index, follow, max-snippet:-1, max-image-preview:large, max-video-preview:-1\" \/>\n<link rel=\"canonical\" href=\"https:\/\/www.koonings.com\/de\/product\/st-patrick-mette-st125by1\/\" \/>\n<meta property=\"og:locale\" content=\"de_DE\" \/>\n<meta property=\"og:type\" content=\"article\" \/>\n<meta property=\"og:title\" content=\"St. Patrick Mette ST125BY1 | Koonings\" \/>\n<meta property=\"og:description\" content=\"Das subtile und zarte METTE Kleid ist ideal f\u00fcr Br\u00e4ute, die f\u00fcr ihre Eleganz bekannt sind. Dieses Meerjungfrauenkleid aus Cr\u00eape hat einen Bootsausschnitt, einen tiefen, runden R\u00fccken, lange, taillierte \u00c4rmel und ein schmeichelhaftes Faltendetail, das an der Taille zusammenl\u00e4uft und dem Design eine besondere Note verleiht.\" \/>\n<meta property=\"og:url\" content=\"https:\/\/www.koonings.com\/de\/product\/st-patrick-mette-st125by1\/\" \/>\n<meta property=\"og:site_name\" content=\"Koonings\" \/>\n<meta property=\"article:publisher\" content=\"https:\/\/www.facebook.com\/kooningstheweddingpalace\" \/>\n<meta property=\"og:image\" content=\"https:\/\/www.koonings.com\/wp-content\/uploads\/2024\/11\/40759_b24d4d96b871de48006464a69c52434169ce3f86e5ae32b8503bef920404826dcd518fe0-scaled.jpeg\" \/>\n\t<meta property=\"og:image:width\" content=\"1812\" \/>\n\t<meta property=\"og:image:height\" content=\"2560\" \/>\n\t<meta property=\"og:image:type\" content=\"image\/jpeg\" \/>\n<meta name=\"twitter:card\" content=\"summary_large_image\" \/>\n<script type=\"application\/ld+json\" class=\"yoast-schema-graph\">{\"@context\":\"https:\\\/\\\/schema.org\",\"@graph\":[{\"@type\":\"WebPage\",\"@id\":\"https:\\\/\\\/www.koonings.com\\\/de\\\/product\\\/st-patrick-mette-st125by1\\\/\",\"url\":\"https:\\\/\\\/www.koonings.com\\\/de\\\/product\\\/st-patrick-mette-st125by1\\\/\",\"name\":\"St. Patrick Mette ST125BY1 | Koonings\",\"isPartOf\":{\"@id\":\"https:\\\/\\\/www.koonings.com\\\/de\\\/#website\"},\"primaryImageOfPage\":{\"@id\":\"https:\\\/\\\/www.koonings.com\\\/de\\\/product\\\/st-patrick-mette-st125by1\\\/#primaryimage\"},\"image\":{\"@id\":\"https:\\\/\\\/www.koonings.com\\\/de\\\/product\\\/st-patrick-mette-st125by1\\\/#primaryimage\"},\"thumbnailUrl\":\"https:\\\/\\\/www.koonings.com\\\/wp-content\\\/uploads\\\/2024\\\/11\\\/40759_b24d4d96b871de48006464a69c52434169ce3f86e5ae32b8503bef920404826dcd518fe0-scaled.jpeg\",\"datePublished\":\"2026-05-06T13:22:17+00:00\",\"description\":\"Das subtile und zarte METTE Kleid ist ideal f\u00fcr Br\u00e4ute, die f\u00fcr ihre Eleganz bekannt sind. Dieses Meerjungfrauenkleid aus Cr\u00eape hat einen Bootsausschnitt, einen tiefen, runden R\u00fccken, lange, taillierte \u00c4rmel und ein schmeichelhaftes Faltendetail, das an der Taille zusammenl\u00e4uft und dem Design eine besondere Note verleiht.\",\"breadcrumb\":{\"@id\":\"https:\\\/\\\/www.koonings.com\\\/de\\\/product\\\/st-patrick-mette-st125by1\\\/#breadcrumb\"},\"inLanguage\":\"de\",\"potentialAction\":[{\"@type\":\"ReadAction\",\"target\":[\"https:\\\/\\\/www.koonings.com\\\/de\\\/product\\\/st-patrick-mette-st125by1\\\/\"]}]},{\"@type\":\"ImageObject\",\"inLanguage\":\"de\",\"@id\":\"https:\\\/\\\/www.koonings.com\\\/de\\\/product\\\/st-patrick-mette-st125by1\\\/#primaryimage\",\"url\":\"https:\\\/\\\/www.koonings.com\\\/wp-content\\\/uploads\\\/2024\\\/11\\\/40759_b24d4d96b871de48006464a69c52434169ce3f86e5ae32b8503bef920404826dcd518fe0-scaled.jpeg\",\"contentUrl\":\"https:\\\/\\\/www.koonings.com\\\/wp-content\\\/uploads\\\/2024\\\/11\\\/40759_b24d4d96b871de48006464a69c52434169ce3f86e5ae32b8503bef920404826dcd518fe0-scaled.jpeg\",\"width\":1812,\"height\":2560},{\"@type\":\"BreadcrumbList\",\"@id\":\"https:\\\/\\\/www.koonings.com\\\/de\\\/product\\\/st-patrick-mette-st125by1\\\/#breadcrumb\",\"itemListElement\":[{\"@type\":\"ListItem\",\"position\":1,\"name\":\"Home\",\"item\":\"https:\\\/\\\/www.koonings.com\\\/de\\\/\"},{\"@type\":\"ListItem\",\"position\":2,\"name\":\"St. Patrick Mette ST125BY1\"}]},{\"@type\":\"WebSite\",\"@id\":\"https:\\\/\\\/www.koonings.com\\\/de\\\/#website\",\"url\":\"https:\\\/\\\/www.koonings.com\\\/de\\\/\",\"name\":\"Koonings\",\"description\":\"De grootste bruidsmodewinkel ter wereld\",\"publisher\":{\"@id\":\"https:\\\/\\\/www.koonings.com\\\/de\\\/#organization\"},\"potentialAction\":[{\"@type\":\"SearchAction\",\"target\":{\"@type\":\"EntryPoint\",\"urlTemplate\":\"https:\\\/\\\/www.koonings.com\\\/de\\\/?s={search_term_string}\"},\"query-input\":{\"@type\":\"PropertyValueSpecification\",\"valueRequired\":true,\"valueName\":\"search_term_string\"}}],\"inLanguage\":\"de\"},{\"@type\":\"Organization\",\"@id\":\"https:\\\/\\\/www.koonings.com\\\/de\\\/#organization\",\"name\":\"Koonings\",\"url\":\"https:\\\/\\\/www.koonings.com\\\/de\\\/\",\"logo\":{\"@type\":\"ImageObject\",\"inLanguage\":\"de\",\"@id\":\"https:\\\/\\\/www.koonings.com\\\/de\\\/#\\\/schema\\\/logo\\\/image\\\/\",\"url\":\"https:\\\/\\\/www.koonings.com\\\/wp-content\\\/uploads\\\/2024\\\/07\\\/logo.png\",\"contentUrl\":\"https:\\\/\\\/www.koonings.com\\\/wp-content\\\/uploads\\\/2024\\\/07\\\/logo.png\",\"width\":600,\"height\":428,\"caption\":\"Koonings\"},\"image\":{\"@id\":\"https:\\\/\\\/www.koonings.com\\\/de\\\/#\\\/schema\\\/logo\\\/image\\\/\"},\"sameAs\":[\"https:\\\/\\\/www.facebook.com\\\/kooningstheweddingpalace\",\"https:\\\/\\\/www.instagram.com\\\/kooningstheweddingpalace\",\"https:\\\/\\\/www.pinterest.com\\\/koonings\",\"https:\\\/\\\/www.youtube.com\\\/kooningstheweddingpalace\"]}]}<\/script>\n<!-- \/ Yoast SEO plugin. -->","yoast_head_json":{"title":"St. Patrick Mette ST125BY1 | Koonings","description":"Das subtile und zarte METTE Kleid ist ideal f\u00fcr Br\u00e4ute, die f\u00fcr ihre Eleganz bekannt sind. Dieses Meerjungfrauenkleid aus Cr\u00eape hat einen Bootsausschnitt, einen tiefen, runden R\u00fccken, lange, taillierte \u00c4rmel und ein schmeichelhaftes Faltendetail, das an der Taille zusammenl\u00e4uft und dem Design eine besondere Note verleiht.","robots":{"index":"index","follow":"follow","max-snippet":"max-snippet:-1","max-image-preview":"max-image-preview:large","max-video-preview":"max-video-preview:-1"},"canonical":"https:\/\/www.koonings.com\/de\/product\/st-patrick-mette-st125by1\/","og_locale":"de_DE","og_type":"article","og_title":"St. Patrick Mette ST125BY1 | Koonings","og_description":"Das subtile und zarte METTE Kleid ist ideal f\u00fcr Br\u00e4ute, die f\u00fcr ihre Eleganz bekannt sind. Dieses Meerjungfrauenkleid aus Cr\u00eape hat einen Bootsausschnitt, einen tiefen, runden R\u00fccken, lange, taillierte \u00c4rmel und ein schmeichelhaftes Faltendetail, das an der Taille zusammenl\u00e4uft und dem Design eine besondere Note verleiht.","og_url":"https:\/\/www.koonings.com\/de\/product\/st-patrick-mette-st125by1\/","og_site_name":"Koonings","article_publisher":"https:\/\/www.facebook.com\/kooningstheweddingpalace","og_image":[{"width":1812,"height":2560,"url":"https:\/\/www.koonings.com\/wp-content\/uploads\/2024\/11\/40759_b24d4d96b871de48006464a69c52434169ce3f86e5ae32b8503bef920404826dcd518fe0-scaled.jpeg","type":"image\/jpeg"}],"twitter_card":"summary_large_image","schema":{"@context":"https:\/\/schema.org","@graph":[{"@type":"WebPage","@id":"https:\/\/www.koonings.com\/de\/product\/st-patrick-mette-st125by1\/","url":"https:\/\/www.koonings.com\/de\/product\/st-patrick-mette-st125by1\/","name":"St. Patrick Mette ST125BY1 | Koonings","isPartOf":{"@id":"https:\/\/www.koonings.com\/de\/#website"},"primaryImageOfPage":{"@id":"https:\/\/www.koonings.com\/de\/product\/st-patrick-mette-st125by1\/#primaryimage"},"image":{"@id":"https:\/\/www.koonings.com\/de\/product\/st-patrick-mette-st125by1\/#primaryimage"},"thumbnailUrl":"https:\/\/www.koonings.com\/wp-content\/uploads\/2024\/11\/40759_b24d4d96b871de48006464a69c52434169ce3f86e5ae32b8503bef920404826dcd518fe0-scaled.jpeg","datePublished":"2026-05-06T13:22:17+00:00","description":"Das subtile und zarte METTE Kleid ist ideal f\u00fcr Br\u00e4ute, die f\u00fcr ihre Eleganz bekannt sind. Dieses Meerjungfrauenkleid aus Cr\u00eape hat einen Bootsausschnitt, einen tiefen, runden R\u00fccken, lange, taillierte \u00c4rmel und ein schmeichelhaftes Faltendetail, das an der Taille zusammenl\u00e4uft und dem Design eine besondere Note verleiht.","breadcrumb":{"@id":"https:\/\/www.koonings.com\/de\/product\/st-patrick-mette-st125by1\/#breadcrumb"},"inLanguage":"de","potentialAction":[{"@type":"ReadAction","target":["https:\/\/www.koonings.com\/de\/product\/st-patrick-mette-st125by1\/"]}]},{"@type":"ImageObject","inLanguage":"de","@id":"https:\/\/www.koonings.com\/de\/product\/st-patrick-mette-st125by1\/#primaryimage","url":"https:\/\/www.koonings.com\/wp-content\/uploads\/2024\/11\/40759_b24d4d96b871de48006464a69c52434169ce3f86e5ae32b8503bef920404826dcd518fe0-scaled.jpeg","contentUrl":"https:\/\/www.koonings.com\/wp-content\/uploads\/2024\/11\/40759_b24d4d96b871de48006464a69c52434169ce3f86e5ae32b8503bef920404826dcd518fe0-scaled.jpeg","width":1812,"height":2560},{"@type":"BreadcrumbList","@id":"https:\/\/www.koonings.com\/de\/product\/st-patrick-mette-st125by1\/#breadcrumb","itemListElement":[{"@type":"ListItem","position":1,"name":"Home","item":"https:\/\/www.koonings.com\/de\/"},{"@type":"ListItem","position":2,"name":"St. Patrick Mette ST125BY1"}]},{"@type":"WebSite","@id":"https:\/\/www.koonings.com\/de\/#website","url":"https:\/\/www.koonings.com\/de\/","name":"Koonings","description":"De grootste bruidsmodewinkel ter wereld","publisher":{"@id":"https:\/\/www.koonings.com\/de\/#organization"},"potentialAction":[{"@type":"SearchAction","target":{"@type":"EntryPoint","urlTemplate":"https:\/\/www.koonings.com\/de\/?s={search_term_string}"},"query-input":{"@type":"PropertyValueSpecification","valueRequired":true,"valueName":"search_term_string"}}],"inLanguage":"de"},{"@type":"Organization","@id":"https:\/\/www.koonings.com\/de\/#organization","name":"Koonings","url":"https:\/\/www.koonings.com\/de\/","logo":{"@type":"ImageObject","inLanguage":"de","@id":"https:\/\/www.koonings.com\/de\/#\/schema\/logo\/image\/","url":"https:\/\/www.koonings.com\/wp-content\/uploads\/2024\/07\/logo.png","contentUrl":"https:\/\/www.koonings.com\/wp-content\/uploads\/2024\/07\/logo.png","width":600,"height":428,"caption":"Koonings"},"image":{"@id":"https:\/\/www.koonings.com\/de\/#\/schema\/logo\/image\/"},"sameAs":["https:\/\/www.facebook.com\/kooningstheweddingpalace","https:\/\/www.instagram.com\/kooningstheweddingpalace","https:\/\/www.pinterest.com\/koonings","https:\/\/www.youtube.com\/kooningstheweddingpalace"]}]}},"_links":{"self":[{"href":"https:\/\/www.koonings.com\/de\/wp-json\/wp\/v2\/product\/58999","targetHints":{"allow":["GET"]}}],"collection":[{"href":"https:\/\/www.koonings.com\/de\/wp-json\/wp\/v2\/product"}],"about":[{"href":"https:\/\/www.koonings.com\/de\/wp-json\/wp\/v2\/types\/product"}],"wp:featuredmedia":[{"embeddable":true,"href":"https:\/\/www.koonings.com\/de\/wp-json\/wp\/v2\/media\/46668"}],"wp:attachment":[{"href":"https:\/\/www.koonings.com\/de\/wp-json\/wp\/v2\/media?parent=58999"}],"wp:term":[{"taxonomy":"productdetails","embeddable":true,"href":"https:\/\/www.koonings.com\/de\/wp-json\/wp\/v2\/productdetails?post=58999"},{"taxonomy":"productneck","embeddable":true,"href":"https:\/\/www.koonings.com\/de\/wp-json\/wp\/v2\/productneck?post=58999"},{"taxonomy":"productcolor","embeddable":true,"href":"https:\/\/www.koonings.com\/de\/wp-json\/wp\/v2\/productcolor?post=58999"},{"taxonomy":"maat","embeddable":true,"href":"https:\/\/www.koonings.com\/de\/wp-json\/wp\/v2\/maat?post=58999"},{"taxonomy":"productsupplier","embeddable":true,"href":"https:\/\/www.koonings.com\/de\/wp-json\/wp\/v2\/productsupplier?post=58999"},{"taxonomy":"productsleeve","embeddable":true,"href":"https:\/\/www.koonings.com\/de\/wp-json\/wp\/v2\/productsleeve?post=58999"},{"taxonomy":"productcategory","embeddable":true,"href":"https:\/\/www.koonings.com\/de\/wp-json\/wp\/v2\/productcategory?post=58999"},{"taxonomy":"productsilhouette","embeddable":true,"href":"https:\/\/www.koonings.com\/de\/wp-json\/wp\/v2\/productsilhouette?post=58999"},{"taxonomy":"productstyle","embeddable":true,"href":"https:\/\/www.koonings.com\/de\/wp-json\/wp\/v2\/productstyle?post=58999"}],"curies":[{"name":"wp","href":"https:\/\/api.w.org\/{rel}","templated":true}]}}