{"id":58994,"date":"2026-04-21T18:22:35","date_gmt":"2026-04-21T16:22:35","guid":{"rendered":"https:\/\/www.koonings.com\/product\/st-patrick-marlene-st125bw1\/"},"modified":"2025-06-05T13:11:15","modified_gmt":"2025-06-05T11:11:15","slug":"st-patrick-marlene-st125bw1","status":"publish","type":"product","link":"https:\/\/www.koonings.com\/de\/product\/st-patrick-marlene-st125bw1\/","title":{"rendered":"St. Patrick Marlene ST125BW1"},"content":{"rendered":"<p>Das ebenso elegante wie verf\u00fchrerische MARLENE Kleid hat ein strukturiertes Design, da es aus 100% Mikado gefertigt ist. Es verf\u00fcgt au\u00dferdem \u00fcber Details wie einen hochgeschlossenen Ausschnitt, der sich vorne \u00fcberkreuzt und mit drapierten Details verziert ist, die sich bis zum R\u00fccken erstrecken, sowie \u00fcber tief angesetzte \u00c4rmel und einen volumin\u00f6sen Prinzessinnenrock mit einem auff\u00e4lligen Schlitz vorne. <\/p>\n","protected":false},"featured_media":46731,"template":"","meta":{"_acf_changed":false,"ghostkit_customizer_options":"","ghostkit_custom_css":"","ghostkit_custom_js_head":"","ghostkit_custom_js_foot":"","ghostkit_typography":""},"productdetails":[],"productneck":[],"productcolor":[],"maat":[],"productsupplier":[415],"productsleeve":[],"productcategory":[18],"productsilhouette":[],"productstyle":[366],"class_list":["post-58994","product","type-product","status-publish","has-post-thumbnail","hentry","productsupplier-st-patrick","productcategory-trouwjurken","productstyle-366"],"acf":[],"yoast_head":"<!-- This site is optimized with the Yoast SEO plugin v27.3 - https:\/\/yoast.com\/product\/yoast-seo-wordpress\/ -->\n<title>St. Patrick Marlene ST125BW1 | Koonings<\/title>\n<meta name=\"description\" content=\"Das ebenso elegante wie verf\u00fchrerische MARLENE Kleid hat ein strukturiertes Design, da es aus 100% Mikado gefertigt ist. Es verf\u00fcgt au\u00dferdem \u00fcber Details wie einen hochgeschlossenen Ausschnitt, der sich vorne \u00fcberkreuzt und mit drapierten Details verziert ist, die sich bis zum R\u00fccken erstrecken, sowie \u00fcber tief angesetzte \u00c4rmel und einen volumin\u00f6sen Prinzessinnenrock mit einem auff\u00e4lligen Schlitz vorne.\" \/>\n<meta name=\"robots\" content=\"index, follow, max-snippet:-1, max-image-preview:large, max-video-preview:-1\" \/>\n<link rel=\"canonical\" href=\"https:\/\/www.koonings.com\/de\/product\/st-patrick-marlene-st125bw1\/\" \/>\n<meta property=\"og:locale\" content=\"de_DE\" \/>\n<meta property=\"og:type\" content=\"article\" \/>\n<meta property=\"og:title\" content=\"St. Patrick Marlene ST125BW1 | Koonings\" \/>\n<meta property=\"og:description\" content=\"Das ebenso elegante wie verf\u00fchrerische MARLENE Kleid hat ein strukturiertes Design, da es aus 100% Mikado gefertigt ist. Es verf\u00fcgt au\u00dferdem \u00fcber Details wie einen hochgeschlossenen Ausschnitt, der sich vorne \u00fcberkreuzt und mit drapierten Details verziert ist, die sich bis zum R\u00fccken erstrecken, sowie \u00fcber tief angesetzte \u00c4rmel und einen volumin\u00f6sen Prinzessinnenrock mit einem auff\u00e4lligen Schlitz vorne.\" \/>\n<meta property=\"og:url\" content=\"https:\/\/www.koonings.com\/de\/product\/st-patrick-marlene-st125bw1\/\" \/>\n<meta property=\"og:site_name\" content=\"Koonings\" \/>\n<meta property=\"article:publisher\" content=\"https:\/\/www.facebook.com\/kooningstheweddingpalace\" \/>\n<meta property=\"og:image\" content=\"https:\/\/www.koonings.com\/wp-content\/uploads\/2024\/11\/40762_4cf2610153b72342d4ac40e6758eb682bcab556f634bb38a68328fa5eeb5539293d84726-scaled.jpeg\" \/>\n\t<meta property=\"og:image:width\" content=\"1810\" \/>\n\t<meta property=\"og:image:height\" content=\"2560\" \/>\n\t<meta property=\"og:image:type\" content=\"image\/jpeg\" \/>\n<meta name=\"twitter:card\" content=\"summary_large_image\" \/>\n<script type=\"application\/ld+json\" class=\"yoast-schema-graph\">{\"@context\":\"https:\\\/\\\/schema.org\",\"@graph\":[{\"@type\":\"WebPage\",\"@id\":\"https:\\\/\\\/www.koonings.com\\\/de\\\/product\\\/st-patrick-marlene-st125bw1\\\/\",\"url\":\"https:\\\/\\\/www.koonings.com\\\/de\\\/product\\\/st-patrick-marlene-st125bw1\\\/\",\"name\":\"St. Patrick Marlene ST125BW1 | Koonings\",\"isPartOf\":{\"@id\":\"https:\\\/\\\/www.koonings.com\\\/de\\\/#website\"},\"primaryImageOfPage\":{\"@id\":\"https:\\\/\\\/www.koonings.com\\\/de\\\/product\\\/st-patrick-marlene-st125bw1\\\/#primaryimage\"},\"image\":{\"@id\":\"https:\\\/\\\/www.koonings.com\\\/de\\\/product\\\/st-patrick-marlene-st125bw1\\\/#primaryimage\"},\"thumbnailUrl\":\"https:\\\/\\\/www.koonings.com\\\/wp-content\\\/uploads\\\/2024\\\/11\\\/40762_4cf2610153b72342d4ac40e6758eb682bcab556f634bb38a68328fa5eeb5539293d84726-scaled.jpeg\",\"datePublished\":\"2026-04-21T16:22:35+00:00\",\"description\":\"Das ebenso elegante wie verf\u00fchrerische MARLENE Kleid hat ein strukturiertes Design, da es aus 100% Mikado gefertigt ist. Es verf\u00fcgt au\u00dferdem \u00fcber Details wie einen hochgeschlossenen Ausschnitt, der sich vorne \u00fcberkreuzt und mit drapierten Details verziert ist, die sich bis zum R\u00fccken erstrecken, sowie \u00fcber tief angesetzte \u00c4rmel und einen volumin\u00f6sen Prinzessinnenrock mit einem auff\u00e4lligen Schlitz vorne.\",\"breadcrumb\":{\"@id\":\"https:\\\/\\\/www.koonings.com\\\/de\\\/product\\\/st-patrick-marlene-st125bw1\\\/#breadcrumb\"},\"inLanguage\":\"de\",\"potentialAction\":[{\"@type\":\"ReadAction\",\"target\":[\"https:\\\/\\\/www.koonings.com\\\/de\\\/product\\\/st-patrick-marlene-st125bw1\\\/\"]}]},{\"@type\":\"ImageObject\",\"inLanguage\":\"de\",\"@id\":\"https:\\\/\\\/www.koonings.com\\\/de\\\/product\\\/st-patrick-marlene-st125bw1\\\/#primaryimage\",\"url\":\"https:\\\/\\\/www.koonings.com\\\/wp-content\\\/uploads\\\/2024\\\/11\\\/40762_4cf2610153b72342d4ac40e6758eb682bcab556f634bb38a68328fa5eeb5539293d84726-scaled.jpeg\",\"contentUrl\":\"https:\\\/\\\/www.koonings.com\\\/wp-content\\\/uploads\\\/2024\\\/11\\\/40762_4cf2610153b72342d4ac40e6758eb682bcab556f634bb38a68328fa5eeb5539293d84726-scaled.jpeg\",\"width\":1810,\"height\":2560},{\"@type\":\"BreadcrumbList\",\"@id\":\"https:\\\/\\\/www.koonings.com\\\/de\\\/product\\\/st-patrick-marlene-st125bw1\\\/#breadcrumb\",\"itemListElement\":[{\"@type\":\"ListItem\",\"position\":1,\"name\":\"Home\",\"item\":\"https:\\\/\\\/www.koonings.com\\\/de\\\/\"},{\"@type\":\"ListItem\",\"position\":2,\"name\":\"St. Patrick Marlene ST125BW1\"}]},{\"@type\":\"WebSite\",\"@id\":\"https:\\\/\\\/www.koonings.com\\\/de\\\/#website\",\"url\":\"https:\\\/\\\/www.koonings.com\\\/de\\\/\",\"name\":\"Koonings\",\"description\":\"De grootste bruidsmodewinkel ter wereld\",\"publisher\":{\"@id\":\"https:\\\/\\\/www.koonings.com\\\/de\\\/#organization\"},\"potentialAction\":[{\"@type\":\"SearchAction\",\"target\":{\"@type\":\"EntryPoint\",\"urlTemplate\":\"https:\\\/\\\/www.koonings.com\\\/de\\\/?s={search_term_string}\"},\"query-input\":{\"@type\":\"PropertyValueSpecification\",\"valueRequired\":true,\"valueName\":\"search_term_string\"}}],\"inLanguage\":\"de\"},{\"@type\":\"Organization\",\"@id\":\"https:\\\/\\\/www.koonings.com\\\/de\\\/#organization\",\"name\":\"Koonings\",\"url\":\"https:\\\/\\\/www.koonings.com\\\/de\\\/\",\"logo\":{\"@type\":\"ImageObject\",\"inLanguage\":\"de\",\"@id\":\"https:\\\/\\\/www.koonings.com\\\/de\\\/#\\\/schema\\\/logo\\\/image\\\/\",\"url\":\"https:\\\/\\\/www.koonings.com\\\/wp-content\\\/uploads\\\/2024\\\/07\\\/logo.png\",\"contentUrl\":\"https:\\\/\\\/www.koonings.com\\\/wp-content\\\/uploads\\\/2024\\\/07\\\/logo.png\",\"width\":600,\"height\":428,\"caption\":\"Koonings\"},\"image\":{\"@id\":\"https:\\\/\\\/www.koonings.com\\\/de\\\/#\\\/schema\\\/logo\\\/image\\\/\"},\"sameAs\":[\"https:\\\/\\\/www.facebook.com\\\/kooningstheweddingpalace\",\"https:\\\/\\\/www.instagram.com\\\/kooningstheweddingpalace\",\"https:\\\/\\\/www.pinterest.com\\\/koonings\",\"https:\\\/\\\/www.youtube.com\\\/kooningstheweddingpalace\"]}]}<\/script>\n<!-- \/ Yoast SEO plugin. -->","yoast_head_json":{"title":"St. Patrick Marlene ST125BW1 | Koonings","description":"Das ebenso elegante wie verf\u00fchrerische MARLENE Kleid hat ein strukturiertes Design, da es aus 100% Mikado gefertigt ist. Es verf\u00fcgt au\u00dferdem \u00fcber Details wie einen hochgeschlossenen Ausschnitt, der sich vorne \u00fcberkreuzt und mit drapierten Details verziert ist, die sich bis zum R\u00fccken erstrecken, sowie \u00fcber tief angesetzte \u00c4rmel und einen volumin\u00f6sen Prinzessinnenrock mit einem auff\u00e4lligen Schlitz vorne.","robots":{"index":"index","follow":"follow","max-snippet":"max-snippet:-1","max-image-preview":"max-image-preview:large","max-video-preview":"max-video-preview:-1"},"canonical":"https:\/\/www.koonings.com\/de\/product\/st-patrick-marlene-st125bw1\/","og_locale":"de_DE","og_type":"article","og_title":"St. Patrick Marlene ST125BW1 | Koonings","og_description":"Das ebenso elegante wie verf\u00fchrerische MARLENE Kleid hat ein strukturiertes Design, da es aus 100% Mikado gefertigt ist. Es verf\u00fcgt au\u00dferdem \u00fcber Details wie einen hochgeschlossenen Ausschnitt, der sich vorne \u00fcberkreuzt und mit drapierten Details verziert ist, die sich bis zum R\u00fccken erstrecken, sowie \u00fcber tief angesetzte \u00c4rmel und einen volumin\u00f6sen Prinzessinnenrock mit einem auff\u00e4lligen Schlitz vorne.","og_url":"https:\/\/www.koonings.com\/de\/product\/st-patrick-marlene-st125bw1\/","og_site_name":"Koonings","article_publisher":"https:\/\/www.facebook.com\/kooningstheweddingpalace","og_image":[{"width":1810,"height":2560,"url":"https:\/\/www.koonings.com\/wp-content\/uploads\/2024\/11\/40762_4cf2610153b72342d4ac40e6758eb682bcab556f634bb38a68328fa5eeb5539293d84726-scaled.jpeg","type":"image\/jpeg"}],"twitter_card":"summary_large_image","schema":{"@context":"https:\/\/schema.org","@graph":[{"@type":"WebPage","@id":"https:\/\/www.koonings.com\/de\/product\/st-patrick-marlene-st125bw1\/","url":"https:\/\/www.koonings.com\/de\/product\/st-patrick-marlene-st125bw1\/","name":"St. Patrick Marlene ST125BW1 | Koonings","isPartOf":{"@id":"https:\/\/www.koonings.com\/de\/#website"},"primaryImageOfPage":{"@id":"https:\/\/www.koonings.com\/de\/product\/st-patrick-marlene-st125bw1\/#primaryimage"},"image":{"@id":"https:\/\/www.koonings.com\/de\/product\/st-patrick-marlene-st125bw1\/#primaryimage"},"thumbnailUrl":"https:\/\/www.koonings.com\/wp-content\/uploads\/2024\/11\/40762_4cf2610153b72342d4ac40e6758eb682bcab556f634bb38a68328fa5eeb5539293d84726-scaled.jpeg","datePublished":"2026-04-21T16:22:35+00:00","description":"Das ebenso elegante wie verf\u00fchrerische MARLENE Kleid hat ein strukturiertes Design, da es aus 100% Mikado gefertigt ist. Es verf\u00fcgt au\u00dferdem \u00fcber Details wie einen hochgeschlossenen Ausschnitt, der sich vorne \u00fcberkreuzt und mit drapierten Details verziert ist, die sich bis zum R\u00fccken erstrecken, sowie \u00fcber tief angesetzte \u00c4rmel und einen volumin\u00f6sen Prinzessinnenrock mit einem auff\u00e4lligen Schlitz vorne.","breadcrumb":{"@id":"https:\/\/www.koonings.com\/de\/product\/st-patrick-marlene-st125bw1\/#breadcrumb"},"inLanguage":"de","potentialAction":[{"@type":"ReadAction","target":["https:\/\/www.koonings.com\/de\/product\/st-patrick-marlene-st125bw1\/"]}]},{"@type":"ImageObject","inLanguage":"de","@id":"https:\/\/www.koonings.com\/de\/product\/st-patrick-marlene-st125bw1\/#primaryimage","url":"https:\/\/www.koonings.com\/wp-content\/uploads\/2024\/11\/40762_4cf2610153b72342d4ac40e6758eb682bcab556f634bb38a68328fa5eeb5539293d84726-scaled.jpeg","contentUrl":"https:\/\/www.koonings.com\/wp-content\/uploads\/2024\/11\/40762_4cf2610153b72342d4ac40e6758eb682bcab556f634bb38a68328fa5eeb5539293d84726-scaled.jpeg","width":1810,"height":2560},{"@type":"BreadcrumbList","@id":"https:\/\/www.koonings.com\/de\/product\/st-patrick-marlene-st125bw1\/#breadcrumb","itemListElement":[{"@type":"ListItem","position":1,"name":"Home","item":"https:\/\/www.koonings.com\/de\/"},{"@type":"ListItem","position":2,"name":"St. Patrick Marlene ST125BW1"}]},{"@type":"WebSite","@id":"https:\/\/www.koonings.com\/de\/#website","url":"https:\/\/www.koonings.com\/de\/","name":"Koonings","description":"De grootste bruidsmodewinkel ter wereld","publisher":{"@id":"https:\/\/www.koonings.com\/de\/#organization"},"potentialAction":[{"@type":"SearchAction","target":{"@type":"EntryPoint","urlTemplate":"https:\/\/www.koonings.com\/de\/?s={search_term_string}"},"query-input":{"@type":"PropertyValueSpecification","valueRequired":true,"valueName":"search_term_string"}}],"inLanguage":"de"},{"@type":"Organization","@id":"https:\/\/www.koonings.com\/de\/#organization","name":"Koonings","url":"https:\/\/www.koonings.com\/de\/","logo":{"@type":"ImageObject","inLanguage":"de","@id":"https:\/\/www.koonings.com\/de\/#\/schema\/logo\/image\/","url":"https:\/\/www.koonings.com\/wp-content\/uploads\/2024\/07\/logo.png","contentUrl":"https:\/\/www.koonings.com\/wp-content\/uploads\/2024\/07\/logo.png","width":600,"height":428,"caption":"Koonings"},"image":{"@id":"https:\/\/www.koonings.com\/de\/#\/schema\/logo\/image\/"},"sameAs":["https:\/\/www.facebook.com\/kooningstheweddingpalace","https:\/\/www.instagram.com\/kooningstheweddingpalace","https:\/\/www.pinterest.com\/koonings","https:\/\/www.youtube.com\/kooningstheweddingpalace"]}]}},"_links":{"self":[{"href":"https:\/\/www.koonings.com\/de\/wp-json\/wp\/v2\/product\/58994","targetHints":{"allow":["GET"]}}],"collection":[{"href":"https:\/\/www.koonings.com\/de\/wp-json\/wp\/v2\/product"}],"about":[{"href":"https:\/\/www.koonings.com\/de\/wp-json\/wp\/v2\/types\/product"}],"wp:featuredmedia":[{"embeddable":true,"href":"https:\/\/www.koonings.com\/de\/wp-json\/wp\/v2\/media\/46731"}],"wp:attachment":[{"href":"https:\/\/www.koonings.com\/de\/wp-json\/wp\/v2\/media?parent=58994"}],"wp:term":[{"taxonomy":"productdetails","embeddable":true,"href":"https:\/\/www.koonings.com\/de\/wp-json\/wp\/v2\/productdetails?post=58994"},{"taxonomy":"productneck","embeddable":true,"href":"https:\/\/www.koonings.com\/de\/wp-json\/wp\/v2\/productneck?post=58994"},{"taxonomy":"productcolor","embeddable":true,"href":"https:\/\/www.koonings.com\/de\/wp-json\/wp\/v2\/productcolor?post=58994"},{"taxonomy":"maat","embeddable":true,"href":"https:\/\/www.koonings.com\/de\/wp-json\/wp\/v2\/maat?post=58994"},{"taxonomy":"productsupplier","embeddable":true,"href":"https:\/\/www.koonings.com\/de\/wp-json\/wp\/v2\/productsupplier?post=58994"},{"taxonomy":"productsleeve","embeddable":true,"href":"https:\/\/www.koonings.com\/de\/wp-json\/wp\/v2\/productsleeve?post=58994"},{"taxonomy":"productcategory","embeddable":true,"href":"https:\/\/www.koonings.com\/de\/wp-json\/wp\/v2\/productcategory?post=58994"},{"taxonomy":"productsilhouette","embeddable":true,"href":"https:\/\/www.koonings.com\/de\/wp-json\/wp\/v2\/productsilhouette?post=58994"},{"taxonomy":"productstyle","embeddable":true,"href":"https:\/\/www.koonings.com\/de\/wp-json\/wp\/v2\/productstyle?post=58994"}],"curies":[{"name":"wp","href":"https:\/\/api.w.org\/{rel}","templated":true}]}}