{"id":58980,"date":"2025-12-15T00:36:11","date_gmt":"2025-12-14T23:36:11","guid":{"rendered":"https:\/\/www.koonings.com\/product\/pronovias-fashion-group-alby-pr125cp1\/"},"modified":"2026-02-03T18:43:03","modified_gmt":"2026-02-03T17:43:03","slug":"pronovias-fashion-group-alby-pr125cp1","status":"publish","type":"product","link":"https:\/\/www.koonings.com\/de\/product\/pronovias-fashion-group-alby-pr125cp1\/","title":{"rendered":"Pronovias Mode Gruppe Alby PR125CP1"},"content":{"rendered":"<p>Machen Sie einen gro\u00dfen Auftritt an Ihrem gro\u00dfen Tag mit diesem atemberaubenden Design von ALBY. Das vollst\u00e4ndig aus Jacquard gefertigte Kleid hat ein strukturiertes Finish, das aus einem tr\u00e4gerlosen, korsettartigen Mieder mit Kordelzugverschluss im R\u00fccken und einem V-Detail in der Taille besteht, aus dem ein unvergesslicher weiter Puffrock hervorgeht. <\/p>\n","protected":false},"featured_media":46811,"template":"","meta":{"_acf_changed":false,"ghostkit_customizer_options":"","ghostkit_custom_css":"","ghostkit_custom_js_head":"","ghostkit_custom_js_foot":"","ghostkit_typography":""},"productdetails":[],"productneck":[354],"productcolor":[392],"maat":[],"productsupplier":[430],"productsleeve":[],"productcategory":[18],"productsilhouette":[388],"productstyle":[365],"class_list":["post-58980","product","type-product","status-publish","has-post-thumbnail","hentry","productneck-354","productcolor-392","productsupplier-pronovias-fashion-group","productcategory-trouwjurken","productsilhouette-388","productstyle-365"],"acf":[],"yoast_head":"<!-- This site is optimized with the Yoast SEO plugin v27.3 - https:\/\/yoast.com\/product\/yoast-seo-wordpress\/ -->\n<title>Pronovias Mode Gruppe Alby PR125CP1 | Koonings<\/title>\n<meta name=\"description\" content=\"Machen Sie einen gro\u00dfen Auftritt an Ihrem gro\u00dfen Tag mit diesem atemberaubenden Design von ALBY. Das vollst\u00e4ndig aus Jacquard gefertigte Kleid hat ein strukturiertes Finish, das aus einem tr\u00e4gerlosen, korsettartigen Mieder mit Kordelzugverschluss im R\u00fccken und einem V-Detail in der Taille besteht, aus dem ein unvergesslicher weiter Puffrock hervorgeht.\" \/>\n<meta name=\"robots\" content=\"index, follow, max-snippet:-1, max-image-preview:large, max-video-preview:-1\" \/>\n<link rel=\"canonical\" href=\"https:\/\/www.koonings.com\/de\/product\/pronovias-fashion-group-alby-pr125cp1\/\" \/>\n<meta property=\"og:locale\" content=\"de_DE\" \/>\n<meta property=\"og:type\" content=\"article\" \/>\n<meta property=\"og:title\" content=\"Pronovias Mode Gruppe Alby PR125CP1 | Koonings\" \/>\n<meta property=\"og:description\" content=\"Machen Sie einen gro\u00dfen Auftritt an Ihrem gro\u00dfen Tag mit diesem atemberaubenden Design von ALBY. Das vollst\u00e4ndig aus Jacquard gefertigte Kleid hat ein strukturiertes Finish, das aus einem tr\u00e4gerlosen, korsettartigen Mieder mit Kordelzugverschluss im R\u00fccken und einem V-Detail in der Taille besteht, aus dem ein unvergesslicher weiter Puffrock hervorgeht.\" \/>\n<meta property=\"og:url\" content=\"https:\/\/www.koonings.com\/de\/product\/pronovias-fashion-group-alby-pr125cp1\/\" \/>\n<meta property=\"og:site_name\" content=\"Koonings\" \/>\n<meta property=\"article:publisher\" content=\"https:\/\/www.facebook.com\/kooningstheweddingpalace\" \/>\n<meta property=\"article:modified_time\" content=\"2026-02-03T17:43:03+00:00\" \/>\n<meta property=\"og:image\" content=\"https:\/\/www.koonings.com\/wp-content\/uploads\/2024\/11\/40767_98305bae4bf045e63a17f92228226bdcb815909b6d8d3ab03f2d34fbf513dae2838c32de-scaled.jpeg\" \/>\n\t<meta property=\"og:image:width\" content=\"1811\" \/>\n\t<meta property=\"og:image:height\" content=\"2560\" \/>\n\t<meta property=\"og:image:type\" content=\"image\/jpeg\" \/>\n<meta name=\"twitter:card\" content=\"summary_large_image\" \/>\n<script type=\"application\/ld+json\" class=\"yoast-schema-graph\">{\"@context\":\"https:\\\/\\\/schema.org\",\"@graph\":[{\"@type\":\"WebPage\",\"@id\":\"https:\\\/\\\/www.koonings.com\\\/de\\\/product\\\/pronovias-fashion-group-alby-pr125cp1\\\/\",\"url\":\"https:\\\/\\\/www.koonings.com\\\/de\\\/product\\\/pronovias-fashion-group-alby-pr125cp1\\\/\",\"name\":\"Pronovias Mode Gruppe Alby PR125CP1 | Koonings\",\"isPartOf\":{\"@id\":\"https:\\\/\\\/www.koonings.com\\\/de\\\/#website\"},\"primaryImageOfPage\":{\"@id\":\"https:\\\/\\\/www.koonings.com\\\/de\\\/product\\\/pronovias-fashion-group-alby-pr125cp1\\\/#primaryimage\"},\"image\":{\"@id\":\"https:\\\/\\\/www.koonings.com\\\/de\\\/product\\\/pronovias-fashion-group-alby-pr125cp1\\\/#primaryimage\"},\"thumbnailUrl\":\"https:\\\/\\\/www.koonings.com\\\/wp-content\\\/uploads\\\/2024\\\/11\\\/40767_98305bae4bf045e63a17f92228226bdcb815909b6d8d3ab03f2d34fbf513dae2838c32de-scaled.jpeg\",\"datePublished\":\"2025-12-14T23:36:11+00:00\",\"dateModified\":\"2026-02-03T17:43:03+00:00\",\"description\":\"Machen Sie einen gro\u00dfen Auftritt an Ihrem gro\u00dfen Tag mit diesem atemberaubenden Design von ALBY. Das vollst\u00e4ndig aus Jacquard gefertigte Kleid hat ein strukturiertes Finish, das aus einem tr\u00e4gerlosen, korsettartigen Mieder mit Kordelzugverschluss im R\u00fccken und einem V-Detail in der Taille besteht, aus dem ein unvergesslicher weiter Puffrock hervorgeht.\",\"breadcrumb\":{\"@id\":\"https:\\\/\\\/www.koonings.com\\\/de\\\/product\\\/pronovias-fashion-group-alby-pr125cp1\\\/#breadcrumb\"},\"inLanguage\":\"de\",\"potentialAction\":[{\"@type\":\"ReadAction\",\"target\":[\"https:\\\/\\\/www.koonings.com\\\/de\\\/product\\\/pronovias-fashion-group-alby-pr125cp1\\\/\"]}]},{\"@type\":\"ImageObject\",\"inLanguage\":\"de\",\"@id\":\"https:\\\/\\\/www.koonings.com\\\/de\\\/product\\\/pronovias-fashion-group-alby-pr125cp1\\\/#primaryimage\",\"url\":\"https:\\\/\\\/www.koonings.com\\\/wp-content\\\/uploads\\\/2024\\\/11\\\/40767_98305bae4bf045e63a17f92228226bdcb815909b6d8d3ab03f2d34fbf513dae2838c32de-scaled.jpeg\",\"contentUrl\":\"https:\\\/\\\/www.koonings.com\\\/wp-content\\\/uploads\\\/2024\\\/11\\\/40767_98305bae4bf045e63a17f92228226bdcb815909b6d8d3ab03f2d34fbf513dae2838c32de-scaled.jpeg\",\"width\":1811,\"height\":2560},{\"@type\":\"BreadcrumbList\",\"@id\":\"https:\\\/\\\/www.koonings.com\\\/de\\\/product\\\/pronovias-fashion-group-alby-pr125cp1\\\/#breadcrumb\",\"itemListElement\":[{\"@type\":\"ListItem\",\"position\":1,\"name\":\"Home\",\"item\":\"https:\\\/\\\/www.koonings.com\\\/de\\\/\"},{\"@type\":\"ListItem\",\"position\":2,\"name\":\"Pronovias Mode Gruppe Alby PR125CP1\"}]},{\"@type\":\"WebSite\",\"@id\":\"https:\\\/\\\/www.koonings.com\\\/de\\\/#website\",\"url\":\"https:\\\/\\\/www.koonings.com\\\/de\\\/\",\"name\":\"Koonings\",\"description\":\"De grootste bruidsmodewinkel ter wereld\",\"publisher\":{\"@id\":\"https:\\\/\\\/www.koonings.com\\\/de\\\/#organization\"},\"potentialAction\":[{\"@type\":\"SearchAction\",\"target\":{\"@type\":\"EntryPoint\",\"urlTemplate\":\"https:\\\/\\\/www.koonings.com\\\/de\\\/?s={search_term_string}\"},\"query-input\":{\"@type\":\"PropertyValueSpecification\",\"valueRequired\":true,\"valueName\":\"search_term_string\"}}],\"inLanguage\":\"de\"},{\"@type\":\"Organization\",\"@id\":\"https:\\\/\\\/www.koonings.com\\\/de\\\/#organization\",\"name\":\"Koonings\",\"url\":\"https:\\\/\\\/www.koonings.com\\\/de\\\/\",\"logo\":{\"@type\":\"ImageObject\",\"inLanguage\":\"de\",\"@id\":\"https:\\\/\\\/www.koonings.com\\\/de\\\/#\\\/schema\\\/logo\\\/image\\\/\",\"url\":\"https:\\\/\\\/www.koonings.com\\\/wp-content\\\/uploads\\\/2024\\\/07\\\/logo.png\",\"contentUrl\":\"https:\\\/\\\/www.koonings.com\\\/wp-content\\\/uploads\\\/2024\\\/07\\\/logo.png\",\"width\":600,\"height\":428,\"caption\":\"Koonings\"},\"image\":{\"@id\":\"https:\\\/\\\/www.koonings.com\\\/de\\\/#\\\/schema\\\/logo\\\/image\\\/\"},\"sameAs\":[\"https:\\\/\\\/www.facebook.com\\\/kooningstheweddingpalace\",\"https:\\\/\\\/www.instagram.com\\\/kooningstheweddingpalace\",\"https:\\\/\\\/www.pinterest.com\\\/koonings\",\"https:\\\/\\\/www.youtube.com\\\/kooningstheweddingpalace\"]}]}<\/script>\n<!-- \/ Yoast SEO plugin. -->","yoast_head_json":{"title":"Pronovias Mode Gruppe Alby PR125CP1 | Koonings","description":"Machen Sie einen gro\u00dfen Auftritt an Ihrem gro\u00dfen Tag mit diesem atemberaubenden Design von ALBY. Das vollst\u00e4ndig aus Jacquard gefertigte Kleid hat ein strukturiertes Finish, das aus einem tr\u00e4gerlosen, korsettartigen Mieder mit Kordelzugverschluss im R\u00fccken und einem V-Detail in der Taille besteht, aus dem ein unvergesslicher weiter Puffrock hervorgeht.","robots":{"index":"index","follow":"follow","max-snippet":"max-snippet:-1","max-image-preview":"max-image-preview:large","max-video-preview":"max-video-preview:-1"},"canonical":"https:\/\/www.koonings.com\/de\/product\/pronovias-fashion-group-alby-pr125cp1\/","og_locale":"de_DE","og_type":"article","og_title":"Pronovias Mode Gruppe Alby PR125CP1 | Koonings","og_description":"Machen Sie einen gro\u00dfen Auftritt an Ihrem gro\u00dfen Tag mit diesem atemberaubenden Design von ALBY. Das vollst\u00e4ndig aus Jacquard gefertigte Kleid hat ein strukturiertes Finish, das aus einem tr\u00e4gerlosen, korsettartigen Mieder mit Kordelzugverschluss im R\u00fccken und einem V-Detail in der Taille besteht, aus dem ein unvergesslicher weiter Puffrock hervorgeht.","og_url":"https:\/\/www.koonings.com\/de\/product\/pronovias-fashion-group-alby-pr125cp1\/","og_site_name":"Koonings","article_publisher":"https:\/\/www.facebook.com\/kooningstheweddingpalace","article_modified_time":"2026-02-03T17:43:03+00:00","og_image":[{"width":1811,"height":2560,"url":"https:\/\/www.koonings.com\/wp-content\/uploads\/2024\/11\/40767_98305bae4bf045e63a17f92228226bdcb815909b6d8d3ab03f2d34fbf513dae2838c32de-scaled.jpeg","type":"image\/jpeg"}],"twitter_card":"summary_large_image","schema":{"@context":"https:\/\/schema.org","@graph":[{"@type":"WebPage","@id":"https:\/\/www.koonings.com\/de\/product\/pronovias-fashion-group-alby-pr125cp1\/","url":"https:\/\/www.koonings.com\/de\/product\/pronovias-fashion-group-alby-pr125cp1\/","name":"Pronovias Mode Gruppe Alby PR125CP1 | Koonings","isPartOf":{"@id":"https:\/\/www.koonings.com\/de\/#website"},"primaryImageOfPage":{"@id":"https:\/\/www.koonings.com\/de\/product\/pronovias-fashion-group-alby-pr125cp1\/#primaryimage"},"image":{"@id":"https:\/\/www.koonings.com\/de\/product\/pronovias-fashion-group-alby-pr125cp1\/#primaryimage"},"thumbnailUrl":"https:\/\/www.koonings.com\/wp-content\/uploads\/2024\/11\/40767_98305bae4bf045e63a17f92228226bdcb815909b6d8d3ab03f2d34fbf513dae2838c32de-scaled.jpeg","datePublished":"2025-12-14T23:36:11+00:00","dateModified":"2026-02-03T17:43:03+00:00","description":"Machen Sie einen gro\u00dfen Auftritt an Ihrem gro\u00dfen Tag mit diesem atemberaubenden Design von ALBY. Das vollst\u00e4ndig aus Jacquard gefertigte Kleid hat ein strukturiertes Finish, das aus einem tr\u00e4gerlosen, korsettartigen Mieder mit Kordelzugverschluss im R\u00fccken und einem V-Detail in der Taille besteht, aus dem ein unvergesslicher weiter Puffrock hervorgeht.","breadcrumb":{"@id":"https:\/\/www.koonings.com\/de\/product\/pronovias-fashion-group-alby-pr125cp1\/#breadcrumb"},"inLanguage":"de","potentialAction":[{"@type":"ReadAction","target":["https:\/\/www.koonings.com\/de\/product\/pronovias-fashion-group-alby-pr125cp1\/"]}]},{"@type":"ImageObject","inLanguage":"de","@id":"https:\/\/www.koonings.com\/de\/product\/pronovias-fashion-group-alby-pr125cp1\/#primaryimage","url":"https:\/\/www.koonings.com\/wp-content\/uploads\/2024\/11\/40767_98305bae4bf045e63a17f92228226bdcb815909b6d8d3ab03f2d34fbf513dae2838c32de-scaled.jpeg","contentUrl":"https:\/\/www.koonings.com\/wp-content\/uploads\/2024\/11\/40767_98305bae4bf045e63a17f92228226bdcb815909b6d8d3ab03f2d34fbf513dae2838c32de-scaled.jpeg","width":1811,"height":2560},{"@type":"BreadcrumbList","@id":"https:\/\/www.koonings.com\/de\/product\/pronovias-fashion-group-alby-pr125cp1\/#breadcrumb","itemListElement":[{"@type":"ListItem","position":1,"name":"Home","item":"https:\/\/www.koonings.com\/de\/"},{"@type":"ListItem","position":2,"name":"Pronovias Mode Gruppe Alby PR125CP1"}]},{"@type":"WebSite","@id":"https:\/\/www.koonings.com\/de\/#website","url":"https:\/\/www.koonings.com\/de\/","name":"Koonings","description":"De grootste bruidsmodewinkel ter wereld","publisher":{"@id":"https:\/\/www.koonings.com\/de\/#organization"},"potentialAction":[{"@type":"SearchAction","target":{"@type":"EntryPoint","urlTemplate":"https:\/\/www.koonings.com\/de\/?s={search_term_string}"},"query-input":{"@type":"PropertyValueSpecification","valueRequired":true,"valueName":"search_term_string"}}],"inLanguage":"de"},{"@type":"Organization","@id":"https:\/\/www.koonings.com\/de\/#organization","name":"Koonings","url":"https:\/\/www.koonings.com\/de\/","logo":{"@type":"ImageObject","inLanguage":"de","@id":"https:\/\/www.koonings.com\/de\/#\/schema\/logo\/image\/","url":"https:\/\/www.koonings.com\/wp-content\/uploads\/2024\/07\/logo.png","contentUrl":"https:\/\/www.koonings.com\/wp-content\/uploads\/2024\/07\/logo.png","width":600,"height":428,"caption":"Koonings"},"image":{"@id":"https:\/\/www.koonings.com\/de\/#\/schema\/logo\/image\/"},"sameAs":["https:\/\/www.facebook.com\/kooningstheweddingpalace","https:\/\/www.instagram.com\/kooningstheweddingpalace","https:\/\/www.pinterest.com\/koonings","https:\/\/www.youtube.com\/kooningstheweddingpalace"]}]}},"_links":{"self":[{"href":"https:\/\/www.koonings.com\/de\/wp-json\/wp\/v2\/product\/58980","targetHints":{"allow":["GET"]}}],"collection":[{"href":"https:\/\/www.koonings.com\/de\/wp-json\/wp\/v2\/product"}],"about":[{"href":"https:\/\/www.koonings.com\/de\/wp-json\/wp\/v2\/types\/product"}],"wp:featuredmedia":[{"embeddable":true,"href":"https:\/\/www.koonings.com\/de\/wp-json\/wp\/v2\/media\/46811"}],"wp:attachment":[{"href":"https:\/\/www.koonings.com\/de\/wp-json\/wp\/v2\/media?parent=58980"}],"wp:term":[{"taxonomy":"productdetails","embeddable":true,"href":"https:\/\/www.koonings.com\/de\/wp-json\/wp\/v2\/productdetails?post=58980"},{"taxonomy":"productneck","embeddable":true,"href":"https:\/\/www.koonings.com\/de\/wp-json\/wp\/v2\/productneck?post=58980"},{"taxonomy":"productcolor","embeddable":true,"href":"https:\/\/www.koonings.com\/de\/wp-json\/wp\/v2\/productcolor?post=58980"},{"taxonomy":"maat","embeddable":true,"href":"https:\/\/www.koonings.com\/de\/wp-json\/wp\/v2\/maat?post=58980"},{"taxonomy":"productsupplier","embeddable":true,"href":"https:\/\/www.koonings.com\/de\/wp-json\/wp\/v2\/productsupplier?post=58980"},{"taxonomy":"productsleeve","embeddable":true,"href":"https:\/\/www.koonings.com\/de\/wp-json\/wp\/v2\/productsleeve?post=58980"},{"taxonomy":"productcategory","embeddable":true,"href":"https:\/\/www.koonings.com\/de\/wp-json\/wp\/v2\/productcategory?post=58980"},{"taxonomy":"productsilhouette","embeddable":true,"href":"https:\/\/www.koonings.com\/de\/wp-json\/wp\/v2\/productsilhouette?post=58980"},{"taxonomy":"productstyle","embeddable":true,"href":"https:\/\/www.koonings.com\/de\/wp-json\/wp\/v2\/productstyle?post=58980"}],"curies":[{"name":"wp","href":"https:\/\/api.w.org\/{rel}","templated":true}]}}