{"id":58974,"date":"2026-03-27T16:20:20","date_gmt":"2026-03-27T15:20:20","guid":{"rendered":"https:\/\/www.koonings.com\/product\/nicole-milano-genne-ni125bl1\/"},"modified":"2026-02-16T14:39:56","modified_gmt":"2026-02-16T13:39:56","slug":"nicole-milano-genne-ni125bl1","status":"publish","type":"product","link":"https:\/\/www.koonings.com\/de\/product\/nicole-milano-genne-ni125bl1\/","title":{"rendered":"Nicole Milano Genne NI125BL1"},"content":{"rendered":"<p>Die \u00fcberschw\u00e4ngliche Freude dieses Modells wird Sie \u00fcberzeugen. Es ist aus unwiderstehlichem Organza gefertigt, spielt mit seinem Prinzessinnenschnitt und schafft asymmetrische Volumina im Rock, mit einer Kathedrale drapiert. Das Mieder hat einen romantischen, herzf\u00f6rmigen Ausschnitt und wird in der Taille mit einer koketten Schleife gebunden. Verleihen Sie ihm mit den abnehmbaren transparenten \u00c4rmeln (nicht im Preis inbegriffen) einen modernen Touch.   <\/p>\n","protected":false},"featured_media":46840,"template":"","meta":{"_acf_changed":false,"ghostkit_customizer_options":"","ghostkit_custom_css":"","ghostkit_custom_js_head":"","ghostkit_custom_js_foot":"","ghostkit_typography":""},"productdetails":[],"productneck":[355,356],"productcolor":[392],"maat":[],"productsupplier":[436],"productsleeve":[357],"productcategory":[18],"productsilhouette":[388],"productstyle":[372],"class_list":["post-58974","product","type-product","status-publish","has-post-thumbnail","hentry","productneck-355","productneck-356","productcolor-392","productsupplier-nicole-milano","productsleeve-357","productcategory-trouwjurken","productsilhouette-388","productstyle-372"],"acf":[],"yoast_head":"<!-- This site is optimized with the Yoast SEO plugin v26.8 - https:\/\/yoast.com\/product\/yoast-seo-wordpress\/ -->\n<title>Nicole Milano Genne NI125BL1 | Koonings<\/title>\n<meta name=\"description\" content=\"Die \u00fcberschw\u00e4ngliche Freude dieses Modells wird Sie \u00fcberzeugen. Es ist aus unwiderstehlichem Organza gefertigt, spielt mit seinem Prinzessinnenschnitt und schafft asymmetrische Volumina im Rock, mit einer Kathedrale drapiert. Das Mieder hat einen romantischen, herzf\u00f6rmigen Ausschnitt und wird in der Taille mit einer koketten Schleife gebunden. Verleihen Sie ihm mit den abnehmbaren transparenten \u00c4rmeln (nicht im Preis inbegriffen) einen modernen Touch.\" \/>\n<meta name=\"robots\" content=\"index, follow, max-snippet:-1, max-image-preview:large, max-video-preview:-1\" \/>\n<link rel=\"canonical\" href=\"https:\/\/www.koonings.com\/de\/product\/nicole-milano-genne-ni125bl1\/\" \/>\n<meta property=\"og:locale\" content=\"de_DE\" \/>\n<meta property=\"og:type\" content=\"article\" \/>\n<meta property=\"og:title\" content=\"Nicole Milano Genne NI125BL1 | Koonings\" \/>\n<meta property=\"og:description\" content=\"Die \u00fcberschw\u00e4ngliche Freude dieses Modells wird Sie \u00fcberzeugen. Es ist aus unwiderstehlichem Organza gefertigt, spielt mit seinem Prinzessinnenschnitt und schafft asymmetrische Volumina im Rock, mit einer Kathedrale drapiert. Das Mieder hat einen romantischen, herzf\u00f6rmigen Ausschnitt und wird in der Taille mit einer koketten Schleife gebunden. Verleihen Sie ihm mit den abnehmbaren transparenten \u00c4rmeln (nicht im Preis inbegriffen) einen modernen Touch.\" \/>\n<meta property=\"og:url\" content=\"https:\/\/www.koonings.com\/de\/product\/nicole-milano-genne-ni125bl1\/\" \/>\n<meta property=\"og:site_name\" content=\"Koonings\" \/>\n<meta property=\"article:publisher\" content=\"https:\/\/www.facebook.com\/kooningstheweddingpalace\" \/>\n<meta property=\"og:image\" content=\"https:\/\/www.koonings.com\/wp-content\/uploads\/2024\/11\/40768_3e0b0d960d5512ebc173942fdfad504a4a6ef9f9ab884017e4ffc4fde2a2ff29cc2686e9-scaled.jpeg\" \/>\n\t<meta property=\"og:image:width\" content=\"1808\" \/>\n\t<meta property=\"og:image:height\" content=\"2560\" \/>\n\t<meta property=\"og:image:type\" content=\"image\/jpeg\" \/>\n<meta name=\"twitter:card\" content=\"summary_large_image\" \/>\n<script type=\"application\/ld+json\" class=\"yoast-schema-graph\">{\"@context\":\"https:\/\/schema.org\",\"@graph\":[{\"@type\":\"WebPage\",\"@id\":\"https:\/\/www.koonings.com\/de\/product\/nicole-milano-genne-ni125bl1\/\",\"url\":\"https:\/\/www.koonings.com\/de\/product\/nicole-milano-genne-ni125bl1\/\",\"name\":\"Nicole Milano Genne NI125BL1 | Koonings\",\"isPartOf\":{\"@id\":\"https:\/\/www.koonings.com\/de\/#website\"},\"primaryImageOfPage\":{\"@id\":\"https:\/\/www.koonings.com\/de\/product\/nicole-milano-genne-ni125bl1\/#primaryimage\"},\"image\":{\"@id\":\"https:\/\/www.koonings.com\/de\/product\/nicole-milano-genne-ni125bl1\/#primaryimage\"},\"thumbnailUrl\":\"https:\/\/www.koonings.com\/wp-content\/uploads\/2024\/11\/40768_3e0b0d960d5512ebc173942fdfad504a4a6ef9f9ab884017e4ffc4fde2a2ff29cc2686e9-scaled.jpeg\",\"datePublished\":\"2026-03-27T15:20:20+00:00\",\"description\":\"Die \u00fcberschw\u00e4ngliche Freude dieses Modells wird Sie \u00fcberzeugen. Es ist aus unwiderstehlichem Organza gefertigt, spielt mit seinem Prinzessinnenschnitt und schafft asymmetrische Volumina im Rock, mit einer Kathedrale drapiert. Das Mieder hat einen romantischen, herzf\u00f6rmigen Ausschnitt und wird in der Taille mit einer koketten Schleife gebunden. Verleihen Sie ihm mit den abnehmbaren transparenten \u00c4rmeln (nicht im Preis inbegriffen) einen modernen Touch.\",\"breadcrumb\":{\"@id\":\"https:\/\/www.koonings.com\/de\/product\/nicole-milano-genne-ni125bl1\/#breadcrumb\"},\"inLanguage\":\"de\",\"potentialAction\":[{\"@type\":\"ReadAction\",\"target\":[\"https:\/\/www.koonings.com\/de\/product\/nicole-milano-genne-ni125bl1\/\"]}]},{\"@type\":\"ImageObject\",\"inLanguage\":\"de\",\"@id\":\"https:\/\/www.koonings.com\/de\/product\/nicole-milano-genne-ni125bl1\/#primaryimage\",\"url\":\"https:\/\/www.koonings.com\/wp-content\/uploads\/2024\/11\/40768_3e0b0d960d5512ebc173942fdfad504a4a6ef9f9ab884017e4ffc4fde2a2ff29cc2686e9-scaled.jpeg\",\"contentUrl\":\"https:\/\/www.koonings.com\/wp-content\/uploads\/2024\/11\/40768_3e0b0d960d5512ebc173942fdfad504a4a6ef9f9ab884017e4ffc4fde2a2ff29cc2686e9-scaled.jpeg\",\"width\":1808,\"height\":2560},{\"@type\":\"BreadcrumbList\",\"@id\":\"https:\/\/www.koonings.com\/de\/product\/nicole-milano-genne-ni125bl1\/#breadcrumb\",\"itemListElement\":[{\"@type\":\"ListItem\",\"position\":1,\"name\":\"Home\",\"item\":\"https:\/\/www.koonings.com\/de\/\"},{\"@type\":\"ListItem\",\"position\":2,\"name\":\"Nicole Milano Genne NI125BL1\"}]},{\"@type\":\"WebSite\",\"@id\":\"https:\/\/www.koonings.com\/de\/#website\",\"url\":\"https:\/\/www.koonings.com\/de\/\",\"name\":\"Koonings\",\"description\":\"De grootste bruidsmodewinkel ter wereld\",\"publisher\":{\"@id\":\"https:\/\/www.koonings.com\/de\/#organization\"},\"potentialAction\":[{\"@type\":\"SearchAction\",\"target\":{\"@type\":\"EntryPoint\",\"urlTemplate\":\"https:\/\/www.koonings.com\/de\/?s={search_term_string}\"},\"query-input\":{\"@type\":\"PropertyValueSpecification\",\"valueRequired\":true,\"valueName\":\"search_term_string\"}}],\"inLanguage\":\"de\"},{\"@type\":\"Organization\",\"@id\":\"https:\/\/www.koonings.com\/de\/#organization\",\"name\":\"Koonings\",\"url\":\"https:\/\/www.koonings.com\/de\/\",\"logo\":{\"@type\":\"ImageObject\",\"inLanguage\":\"de\",\"@id\":\"https:\/\/www.koonings.com\/de\/#\/schema\/logo\/image\/\",\"url\":\"https:\/\/www.koonings.com\/wp-content\/uploads\/2024\/07\/logo.png\",\"contentUrl\":\"https:\/\/www.koonings.com\/wp-content\/uploads\/2024\/07\/logo.png\",\"width\":600,\"height\":428,\"caption\":\"Koonings\"},\"image\":{\"@id\":\"https:\/\/www.koonings.com\/de\/#\/schema\/logo\/image\/\"},\"sameAs\":[\"https:\/\/www.facebook.com\/kooningstheweddingpalace\",\"https:\/\/www.instagram.com\/kooningstheweddingpalace\",\"https:\/\/www.pinterest.com\/koonings\",\"https:\/\/www.youtube.com\/kooningstheweddingpalace\"]}]}<\/script>\n<!-- \/ Yoast SEO plugin. -->","yoast_head_json":{"title":"Nicole Milano Genne NI125BL1 | Koonings","description":"Die \u00fcberschw\u00e4ngliche Freude dieses Modells wird Sie \u00fcberzeugen. Es ist aus unwiderstehlichem Organza gefertigt, spielt mit seinem Prinzessinnenschnitt und schafft asymmetrische Volumina im Rock, mit einer Kathedrale drapiert. Das Mieder hat einen romantischen, herzf\u00f6rmigen Ausschnitt und wird in der Taille mit einer koketten Schleife gebunden. Verleihen Sie ihm mit den abnehmbaren transparenten \u00c4rmeln (nicht im Preis inbegriffen) einen modernen Touch.","robots":{"index":"index","follow":"follow","max-snippet":"max-snippet:-1","max-image-preview":"max-image-preview:large","max-video-preview":"max-video-preview:-1"},"canonical":"https:\/\/www.koonings.com\/de\/product\/nicole-milano-genne-ni125bl1\/","og_locale":"de_DE","og_type":"article","og_title":"Nicole Milano Genne NI125BL1 | Koonings","og_description":"Die \u00fcberschw\u00e4ngliche Freude dieses Modells wird Sie \u00fcberzeugen. Es ist aus unwiderstehlichem Organza gefertigt, spielt mit seinem Prinzessinnenschnitt und schafft asymmetrische Volumina im Rock, mit einer Kathedrale drapiert. Das Mieder hat einen romantischen, herzf\u00f6rmigen Ausschnitt und wird in der Taille mit einer koketten Schleife gebunden. Verleihen Sie ihm mit den abnehmbaren transparenten \u00c4rmeln (nicht im Preis inbegriffen) einen modernen Touch.","og_url":"https:\/\/www.koonings.com\/de\/product\/nicole-milano-genne-ni125bl1\/","og_site_name":"Koonings","article_publisher":"https:\/\/www.facebook.com\/kooningstheweddingpalace","og_image":[{"width":1808,"height":2560,"url":"https:\/\/www.koonings.com\/wp-content\/uploads\/2024\/11\/40768_3e0b0d960d5512ebc173942fdfad504a4a6ef9f9ab884017e4ffc4fde2a2ff29cc2686e9-scaled.jpeg","type":"image\/jpeg"}],"twitter_card":"summary_large_image","schema":{"@context":"https:\/\/schema.org","@graph":[{"@type":"WebPage","@id":"https:\/\/www.koonings.com\/de\/product\/nicole-milano-genne-ni125bl1\/","url":"https:\/\/www.koonings.com\/de\/product\/nicole-milano-genne-ni125bl1\/","name":"Nicole Milano Genne NI125BL1 | Koonings","isPartOf":{"@id":"https:\/\/www.koonings.com\/de\/#website"},"primaryImageOfPage":{"@id":"https:\/\/www.koonings.com\/de\/product\/nicole-milano-genne-ni125bl1\/#primaryimage"},"image":{"@id":"https:\/\/www.koonings.com\/de\/product\/nicole-milano-genne-ni125bl1\/#primaryimage"},"thumbnailUrl":"https:\/\/www.koonings.com\/wp-content\/uploads\/2024\/11\/40768_3e0b0d960d5512ebc173942fdfad504a4a6ef9f9ab884017e4ffc4fde2a2ff29cc2686e9-scaled.jpeg","datePublished":"2026-03-27T15:20:20+00:00","description":"Die \u00fcberschw\u00e4ngliche Freude dieses Modells wird Sie \u00fcberzeugen. Es ist aus unwiderstehlichem Organza gefertigt, spielt mit seinem Prinzessinnenschnitt und schafft asymmetrische Volumina im Rock, mit einer Kathedrale drapiert. Das Mieder hat einen romantischen, herzf\u00f6rmigen Ausschnitt und wird in der Taille mit einer koketten Schleife gebunden. Verleihen Sie ihm mit den abnehmbaren transparenten \u00c4rmeln (nicht im Preis inbegriffen) einen modernen Touch.","breadcrumb":{"@id":"https:\/\/www.koonings.com\/de\/product\/nicole-milano-genne-ni125bl1\/#breadcrumb"},"inLanguage":"de","potentialAction":[{"@type":"ReadAction","target":["https:\/\/www.koonings.com\/de\/product\/nicole-milano-genne-ni125bl1\/"]}]},{"@type":"ImageObject","inLanguage":"de","@id":"https:\/\/www.koonings.com\/de\/product\/nicole-milano-genne-ni125bl1\/#primaryimage","url":"https:\/\/www.koonings.com\/wp-content\/uploads\/2024\/11\/40768_3e0b0d960d5512ebc173942fdfad504a4a6ef9f9ab884017e4ffc4fde2a2ff29cc2686e9-scaled.jpeg","contentUrl":"https:\/\/www.koonings.com\/wp-content\/uploads\/2024\/11\/40768_3e0b0d960d5512ebc173942fdfad504a4a6ef9f9ab884017e4ffc4fde2a2ff29cc2686e9-scaled.jpeg","width":1808,"height":2560},{"@type":"BreadcrumbList","@id":"https:\/\/www.koonings.com\/de\/product\/nicole-milano-genne-ni125bl1\/#breadcrumb","itemListElement":[{"@type":"ListItem","position":1,"name":"Home","item":"https:\/\/www.koonings.com\/de\/"},{"@type":"ListItem","position":2,"name":"Nicole Milano Genne NI125BL1"}]},{"@type":"WebSite","@id":"https:\/\/www.koonings.com\/de\/#website","url":"https:\/\/www.koonings.com\/de\/","name":"Koonings","description":"De grootste bruidsmodewinkel ter wereld","publisher":{"@id":"https:\/\/www.koonings.com\/de\/#organization"},"potentialAction":[{"@type":"SearchAction","target":{"@type":"EntryPoint","urlTemplate":"https:\/\/www.koonings.com\/de\/?s={search_term_string}"},"query-input":{"@type":"PropertyValueSpecification","valueRequired":true,"valueName":"search_term_string"}}],"inLanguage":"de"},{"@type":"Organization","@id":"https:\/\/www.koonings.com\/de\/#organization","name":"Koonings","url":"https:\/\/www.koonings.com\/de\/","logo":{"@type":"ImageObject","inLanguage":"de","@id":"https:\/\/www.koonings.com\/de\/#\/schema\/logo\/image\/","url":"https:\/\/www.koonings.com\/wp-content\/uploads\/2024\/07\/logo.png","contentUrl":"https:\/\/www.koonings.com\/wp-content\/uploads\/2024\/07\/logo.png","width":600,"height":428,"caption":"Koonings"},"image":{"@id":"https:\/\/www.koonings.com\/de\/#\/schema\/logo\/image\/"},"sameAs":["https:\/\/www.facebook.com\/kooningstheweddingpalace","https:\/\/www.instagram.com\/kooningstheweddingpalace","https:\/\/www.pinterest.com\/koonings","https:\/\/www.youtube.com\/kooningstheweddingpalace"]}]}},"_links":{"self":[{"href":"https:\/\/www.koonings.com\/de\/wp-json\/wp\/v2\/product\/58974","targetHints":{"allow":["GET"]}}],"collection":[{"href":"https:\/\/www.koonings.com\/de\/wp-json\/wp\/v2\/product"}],"about":[{"href":"https:\/\/www.koonings.com\/de\/wp-json\/wp\/v2\/types\/product"}],"wp:featuredmedia":[{"embeddable":true,"href":"https:\/\/www.koonings.com\/de\/wp-json\/wp\/v2\/media\/46840"}],"wp:attachment":[{"href":"https:\/\/www.koonings.com\/de\/wp-json\/wp\/v2\/media?parent=58974"}],"wp:term":[{"taxonomy":"productdetails","embeddable":true,"href":"https:\/\/www.koonings.com\/de\/wp-json\/wp\/v2\/productdetails?post=58974"},{"taxonomy":"productneck","embeddable":true,"href":"https:\/\/www.koonings.com\/de\/wp-json\/wp\/v2\/productneck?post=58974"},{"taxonomy":"productcolor","embeddable":true,"href":"https:\/\/www.koonings.com\/de\/wp-json\/wp\/v2\/productcolor?post=58974"},{"taxonomy":"maat","embeddable":true,"href":"https:\/\/www.koonings.com\/de\/wp-json\/wp\/v2\/maat?post=58974"},{"taxonomy":"productsupplier","embeddable":true,"href":"https:\/\/www.koonings.com\/de\/wp-json\/wp\/v2\/productsupplier?post=58974"},{"taxonomy":"productsleeve","embeddable":true,"href":"https:\/\/www.koonings.com\/de\/wp-json\/wp\/v2\/productsleeve?post=58974"},{"taxonomy":"productcategory","embeddable":true,"href":"https:\/\/www.koonings.com\/de\/wp-json\/wp\/v2\/productcategory?post=58974"},{"taxonomy":"productsilhouette","embeddable":true,"href":"https:\/\/www.koonings.com\/de\/wp-json\/wp\/v2\/productsilhouette?post=58974"},{"taxonomy":"productstyle","embeddable":true,"href":"https:\/\/www.koonings.com\/de\/wp-json\/wp\/v2\/productstyle?post=58974"}],"curies":[{"name":"wp","href":"https:\/\/api.w.org\/{rel}","templated":true}]}}