{"id":58870,"date":"2026-04-21T18:24:27","date_gmt":"2026-04-21T16:24:27","guid":{"rendered":"https:\/\/www.koonings.com\/product\/demetrios-1306-sl82-sleeves\/"},"modified":"2025-06-05T13:10:14","modified_gmt":"2025-06-05T11:10:14","slug":"demetrios-1306-sl82-sleeves","status":"publish","type":"product","link":"https:\/\/www.koonings.com\/de\/product\/demetrios-1306-sl82-sleeves\/","title":{"rendered":"Demetrios 1306 + SL82 sleeves"},"content":{"rendered":"<p>Der elegante und \u00e4therische Stil von Design 1306 wird durch den tiefen V-Ausschnitt und den verf\u00fchrerischen Schlitz akzentuiert. Das Kleid setzt mit seiner sinnlichen Anziehungskraft ein subtiles und doch kraftvolles Statement. Kombinieren Sie dieses Kleid mit langen \u00c4rmeln (SL82) oder einer auff\u00e4lligen Perlenkette mit einer Organzabl\u00fcte (COL04). Das Kleid wird durch abnehmbare \u00c4rmel (SL82) erg\u00e4nzt (separat erh\u00e4ltlich).   <\/p>\n","protected":false},"featured_media":47449,"template":"","meta":{"_acf_changed":false,"ghostkit_customizer_options":"","ghostkit_custom_css":"","ghostkit_custom_js_head":"","ghostkit_custom_js_foot":"","ghostkit_typography":""},"productdetails":[376,378,381],"productneck":[354,356],"productcolor":[392],"maat":[],"productsupplier":[402],"productsleeve":[],"productcategory":[18],"productsilhouette":[389],"productstyle":[366],"class_list":["post-58870","product","type-product","status-publish","has-post-thumbnail","hentry","productdetails-376","productdetails-378","productdetails-381","productneck-354","productneck-356","productcolor-392","productsupplier-demetrios","productcategory-trouwjurken","productsilhouette-389","productstyle-366"],"acf":[],"yoast_head":"<!-- This site is optimized with the Yoast SEO plugin v27.3 - https:\/\/yoast.com\/product\/yoast-seo-wordpress\/ -->\n<title>Demetrios 1306 + SL82 sleeves | Koonings<\/title>\n<meta name=\"description\" content=\"Der elegante und \u00e4therische Stil von Design 1306 wird durch den tiefen V-Ausschnitt und den verf\u00fchrerischen Schlitz akzentuiert. Das Kleid setzt mit seiner sinnlichen Anziehungskraft ein subtiles und doch kraftvolles Statement. Kombinieren Sie dieses Kleid mit langen \u00c4rmeln (SL82) oder einer auff\u00e4lligen Perlenkette mit einer Organzabl\u00fcte (COL04). Das Kleid wird durch abnehmbare \u00c4rmel (SL82) erg\u00e4nzt (separat erh\u00e4ltlich).\" \/>\n<meta name=\"robots\" content=\"index, follow, max-snippet:-1, max-image-preview:large, max-video-preview:-1\" \/>\n<link rel=\"canonical\" href=\"https:\/\/www.koonings.com\/de\/product\/demetrios-1306-sl82-sleeves\/\" \/>\n<meta property=\"og:locale\" content=\"de_DE\" \/>\n<meta property=\"og:type\" content=\"article\" \/>\n<meta property=\"og:title\" content=\"Demetrios 1306 + SL82 sleeves | Koonings\" \/>\n<meta property=\"og:description\" content=\"Der elegante und \u00e4therische Stil von Design 1306 wird durch den tiefen V-Ausschnitt und den verf\u00fchrerischen Schlitz akzentuiert. Das Kleid setzt mit seiner sinnlichen Anziehungskraft ein subtiles und doch kraftvolles Statement. Kombinieren Sie dieses Kleid mit langen \u00c4rmeln (SL82) oder einer auff\u00e4lligen Perlenkette mit einer Organzabl\u00fcte (COL04). Das Kleid wird durch abnehmbare \u00c4rmel (SL82) erg\u00e4nzt (separat erh\u00e4ltlich).\" \/>\n<meta property=\"og:url\" content=\"https:\/\/www.koonings.com\/de\/product\/demetrios-1306-sl82-sleeves\/\" \/>\n<meta property=\"og:site_name\" content=\"Koonings\" \/>\n<meta property=\"article:publisher\" content=\"https:\/\/www.facebook.com\/kooningstheweddingpalace\" \/>\n<meta property=\"og:image\" content=\"https:\/\/www.koonings.com\/wp-content\/uploads\/2024\/11\/40903_bf8d5a272cde45e94dfb8e059c27285359a2018ed8a06597f640b0ddf143ca0d3410fc93-scaled.jpeg\" \/>\n\t<meta property=\"og:image:width\" content=\"1813\" \/>\n\t<meta property=\"og:image:height\" content=\"2560\" \/>\n\t<meta property=\"og:image:type\" content=\"image\/jpeg\" \/>\n<meta name=\"twitter:card\" content=\"summary_large_image\" \/>\n<script type=\"application\/ld+json\" class=\"yoast-schema-graph\">{\"@context\":\"https:\\\/\\\/schema.org\",\"@graph\":[{\"@type\":\"WebPage\",\"@id\":\"https:\\\/\\\/www.koonings.com\\\/de\\\/product\\\/demetrios-1306-sl82-sleeves\\\/\",\"url\":\"https:\\\/\\\/www.koonings.com\\\/de\\\/product\\\/demetrios-1306-sl82-sleeves\\\/\",\"name\":\"Demetrios 1306 + SL82 sleeves | Koonings\",\"isPartOf\":{\"@id\":\"https:\\\/\\\/www.koonings.com\\\/de\\\/#website\"},\"primaryImageOfPage\":{\"@id\":\"https:\\\/\\\/www.koonings.com\\\/de\\\/product\\\/demetrios-1306-sl82-sleeves\\\/#primaryimage\"},\"image\":{\"@id\":\"https:\\\/\\\/www.koonings.com\\\/de\\\/product\\\/demetrios-1306-sl82-sleeves\\\/#primaryimage\"},\"thumbnailUrl\":\"https:\\\/\\\/www.koonings.com\\\/wp-content\\\/uploads\\\/2024\\\/11\\\/40903_bf8d5a272cde45e94dfb8e059c27285359a2018ed8a06597f640b0ddf143ca0d3410fc93-scaled.jpeg\",\"datePublished\":\"2026-04-21T16:24:27+00:00\",\"description\":\"Der elegante und \u00e4therische Stil von Design 1306 wird durch den tiefen V-Ausschnitt und den verf\u00fchrerischen Schlitz akzentuiert. Das Kleid setzt mit seiner sinnlichen Anziehungskraft ein subtiles und doch kraftvolles Statement. Kombinieren Sie dieses Kleid mit langen \u00c4rmeln (SL82) oder einer auff\u00e4lligen Perlenkette mit einer Organzabl\u00fcte (COL04). Das Kleid wird durch abnehmbare \u00c4rmel (SL82) erg\u00e4nzt (separat erh\u00e4ltlich).\",\"breadcrumb\":{\"@id\":\"https:\\\/\\\/www.koonings.com\\\/de\\\/product\\\/demetrios-1306-sl82-sleeves\\\/#breadcrumb\"},\"inLanguage\":\"de\",\"potentialAction\":[{\"@type\":\"ReadAction\",\"target\":[\"https:\\\/\\\/www.koonings.com\\\/de\\\/product\\\/demetrios-1306-sl82-sleeves\\\/\"]}]},{\"@type\":\"ImageObject\",\"inLanguage\":\"de\",\"@id\":\"https:\\\/\\\/www.koonings.com\\\/de\\\/product\\\/demetrios-1306-sl82-sleeves\\\/#primaryimage\",\"url\":\"https:\\\/\\\/www.koonings.com\\\/wp-content\\\/uploads\\\/2024\\\/11\\\/40903_bf8d5a272cde45e94dfb8e059c27285359a2018ed8a06597f640b0ddf143ca0d3410fc93-scaled.jpeg\",\"contentUrl\":\"https:\\\/\\\/www.koonings.com\\\/wp-content\\\/uploads\\\/2024\\\/11\\\/40903_bf8d5a272cde45e94dfb8e059c27285359a2018ed8a06597f640b0ddf143ca0d3410fc93-scaled.jpeg\",\"width\":1813,\"height\":2560},{\"@type\":\"BreadcrumbList\",\"@id\":\"https:\\\/\\\/www.koonings.com\\\/de\\\/product\\\/demetrios-1306-sl82-sleeves\\\/#breadcrumb\",\"itemListElement\":[{\"@type\":\"ListItem\",\"position\":1,\"name\":\"Home\",\"item\":\"https:\\\/\\\/www.koonings.com\\\/de\\\/\"},{\"@type\":\"ListItem\",\"position\":2,\"name\":\"Demetrios 1306 + SL82 sleeves\"}]},{\"@type\":\"WebSite\",\"@id\":\"https:\\\/\\\/www.koonings.com\\\/de\\\/#website\",\"url\":\"https:\\\/\\\/www.koonings.com\\\/de\\\/\",\"name\":\"Koonings\",\"description\":\"De grootste bruidsmodewinkel ter wereld\",\"publisher\":{\"@id\":\"https:\\\/\\\/www.koonings.com\\\/de\\\/#organization\"},\"potentialAction\":[{\"@type\":\"SearchAction\",\"target\":{\"@type\":\"EntryPoint\",\"urlTemplate\":\"https:\\\/\\\/www.koonings.com\\\/de\\\/?s={search_term_string}\"},\"query-input\":{\"@type\":\"PropertyValueSpecification\",\"valueRequired\":true,\"valueName\":\"search_term_string\"}}],\"inLanguage\":\"de\"},{\"@type\":\"Organization\",\"@id\":\"https:\\\/\\\/www.koonings.com\\\/de\\\/#organization\",\"name\":\"Koonings\",\"url\":\"https:\\\/\\\/www.koonings.com\\\/de\\\/\",\"logo\":{\"@type\":\"ImageObject\",\"inLanguage\":\"de\",\"@id\":\"https:\\\/\\\/www.koonings.com\\\/de\\\/#\\\/schema\\\/logo\\\/image\\\/\",\"url\":\"https:\\\/\\\/www.koonings.com\\\/wp-content\\\/uploads\\\/2024\\\/07\\\/logo.png\",\"contentUrl\":\"https:\\\/\\\/www.koonings.com\\\/wp-content\\\/uploads\\\/2024\\\/07\\\/logo.png\",\"width\":600,\"height\":428,\"caption\":\"Koonings\"},\"image\":{\"@id\":\"https:\\\/\\\/www.koonings.com\\\/de\\\/#\\\/schema\\\/logo\\\/image\\\/\"},\"sameAs\":[\"https:\\\/\\\/www.facebook.com\\\/kooningstheweddingpalace\",\"https:\\\/\\\/www.instagram.com\\\/kooningstheweddingpalace\",\"https:\\\/\\\/www.pinterest.com\\\/koonings\",\"https:\\\/\\\/www.youtube.com\\\/kooningstheweddingpalace\"]}]}<\/script>\n<!-- \/ Yoast SEO plugin. -->","yoast_head_json":{"title":"Demetrios 1306 + SL82 sleeves | Koonings","description":"Der elegante und \u00e4therische Stil von Design 1306 wird durch den tiefen V-Ausschnitt und den verf\u00fchrerischen Schlitz akzentuiert. Das Kleid setzt mit seiner sinnlichen Anziehungskraft ein subtiles und doch kraftvolles Statement. Kombinieren Sie dieses Kleid mit langen \u00c4rmeln (SL82) oder einer auff\u00e4lligen Perlenkette mit einer Organzabl\u00fcte (COL04). Das Kleid wird durch abnehmbare \u00c4rmel (SL82) erg\u00e4nzt (separat erh\u00e4ltlich).","robots":{"index":"index","follow":"follow","max-snippet":"max-snippet:-1","max-image-preview":"max-image-preview:large","max-video-preview":"max-video-preview:-1"},"canonical":"https:\/\/www.koonings.com\/de\/product\/demetrios-1306-sl82-sleeves\/","og_locale":"de_DE","og_type":"article","og_title":"Demetrios 1306 + SL82 sleeves | Koonings","og_description":"Der elegante und \u00e4therische Stil von Design 1306 wird durch den tiefen V-Ausschnitt und den verf\u00fchrerischen Schlitz akzentuiert. Das Kleid setzt mit seiner sinnlichen Anziehungskraft ein subtiles und doch kraftvolles Statement. Kombinieren Sie dieses Kleid mit langen \u00c4rmeln (SL82) oder einer auff\u00e4lligen Perlenkette mit einer Organzabl\u00fcte (COL04). Das Kleid wird durch abnehmbare \u00c4rmel (SL82) erg\u00e4nzt (separat erh\u00e4ltlich).","og_url":"https:\/\/www.koonings.com\/de\/product\/demetrios-1306-sl82-sleeves\/","og_site_name":"Koonings","article_publisher":"https:\/\/www.facebook.com\/kooningstheweddingpalace","og_image":[{"width":1813,"height":2560,"url":"https:\/\/www.koonings.com\/wp-content\/uploads\/2024\/11\/40903_bf8d5a272cde45e94dfb8e059c27285359a2018ed8a06597f640b0ddf143ca0d3410fc93-scaled.jpeg","type":"image\/jpeg"}],"twitter_card":"summary_large_image","schema":{"@context":"https:\/\/schema.org","@graph":[{"@type":"WebPage","@id":"https:\/\/www.koonings.com\/de\/product\/demetrios-1306-sl82-sleeves\/","url":"https:\/\/www.koonings.com\/de\/product\/demetrios-1306-sl82-sleeves\/","name":"Demetrios 1306 + SL82 sleeves | Koonings","isPartOf":{"@id":"https:\/\/www.koonings.com\/de\/#website"},"primaryImageOfPage":{"@id":"https:\/\/www.koonings.com\/de\/product\/demetrios-1306-sl82-sleeves\/#primaryimage"},"image":{"@id":"https:\/\/www.koonings.com\/de\/product\/demetrios-1306-sl82-sleeves\/#primaryimage"},"thumbnailUrl":"https:\/\/www.koonings.com\/wp-content\/uploads\/2024\/11\/40903_bf8d5a272cde45e94dfb8e059c27285359a2018ed8a06597f640b0ddf143ca0d3410fc93-scaled.jpeg","datePublished":"2026-04-21T16:24:27+00:00","description":"Der elegante und \u00e4therische Stil von Design 1306 wird durch den tiefen V-Ausschnitt und den verf\u00fchrerischen Schlitz akzentuiert. Das Kleid setzt mit seiner sinnlichen Anziehungskraft ein subtiles und doch kraftvolles Statement. Kombinieren Sie dieses Kleid mit langen \u00c4rmeln (SL82) oder einer auff\u00e4lligen Perlenkette mit einer Organzabl\u00fcte (COL04). Das Kleid wird durch abnehmbare \u00c4rmel (SL82) erg\u00e4nzt (separat erh\u00e4ltlich).","breadcrumb":{"@id":"https:\/\/www.koonings.com\/de\/product\/demetrios-1306-sl82-sleeves\/#breadcrumb"},"inLanguage":"de","potentialAction":[{"@type":"ReadAction","target":["https:\/\/www.koonings.com\/de\/product\/demetrios-1306-sl82-sleeves\/"]}]},{"@type":"ImageObject","inLanguage":"de","@id":"https:\/\/www.koonings.com\/de\/product\/demetrios-1306-sl82-sleeves\/#primaryimage","url":"https:\/\/www.koonings.com\/wp-content\/uploads\/2024\/11\/40903_bf8d5a272cde45e94dfb8e059c27285359a2018ed8a06597f640b0ddf143ca0d3410fc93-scaled.jpeg","contentUrl":"https:\/\/www.koonings.com\/wp-content\/uploads\/2024\/11\/40903_bf8d5a272cde45e94dfb8e059c27285359a2018ed8a06597f640b0ddf143ca0d3410fc93-scaled.jpeg","width":1813,"height":2560},{"@type":"BreadcrumbList","@id":"https:\/\/www.koonings.com\/de\/product\/demetrios-1306-sl82-sleeves\/#breadcrumb","itemListElement":[{"@type":"ListItem","position":1,"name":"Home","item":"https:\/\/www.koonings.com\/de\/"},{"@type":"ListItem","position":2,"name":"Demetrios 1306 + SL82 sleeves"}]},{"@type":"WebSite","@id":"https:\/\/www.koonings.com\/de\/#website","url":"https:\/\/www.koonings.com\/de\/","name":"Koonings","description":"De grootste bruidsmodewinkel ter wereld","publisher":{"@id":"https:\/\/www.koonings.com\/de\/#organization"},"potentialAction":[{"@type":"SearchAction","target":{"@type":"EntryPoint","urlTemplate":"https:\/\/www.koonings.com\/de\/?s={search_term_string}"},"query-input":{"@type":"PropertyValueSpecification","valueRequired":true,"valueName":"search_term_string"}}],"inLanguage":"de"},{"@type":"Organization","@id":"https:\/\/www.koonings.com\/de\/#organization","name":"Koonings","url":"https:\/\/www.koonings.com\/de\/","logo":{"@type":"ImageObject","inLanguage":"de","@id":"https:\/\/www.koonings.com\/de\/#\/schema\/logo\/image\/","url":"https:\/\/www.koonings.com\/wp-content\/uploads\/2024\/07\/logo.png","contentUrl":"https:\/\/www.koonings.com\/wp-content\/uploads\/2024\/07\/logo.png","width":600,"height":428,"caption":"Koonings"},"image":{"@id":"https:\/\/www.koonings.com\/de\/#\/schema\/logo\/image\/"},"sameAs":["https:\/\/www.facebook.com\/kooningstheweddingpalace","https:\/\/www.instagram.com\/kooningstheweddingpalace","https:\/\/www.pinterest.com\/koonings","https:\/\/www.youtube.com\/kooningstheweddingpalace"]}]}},"_links":{"self":[{"href":"https:\/\/www.koonings.com\/de\/wp-json\/wp\/v2\/product\/58870","targetHints":{"allow":["GET"]}}],"collection":[{"href":"https:\/\/www.koonings.com\/de\/wp-json\/wp\/v2\/product"}],"about":[{"href":"https:\/\/www.koonings.com\/de\/wp-json\/wp\/v2\/types\/product"}],"wp:featuredmedia":[{"embeddable":true,"href":"https:\/\/www.koonings.com\/de\/wp-json\/wp\/v2\/media\/47449"}],"wp:attachment":[{"href":"https:\/\/www.koonings.com\/de\/wp-json\/wp\/v2\/media?parent=58870"}],"wp:term":[{"taxonomy":"productdetails","embeddable":true,"href":"https:\/\/www.koonings.com\/de\/wp-json\/wp\/v2\/productdetails?post=58870"},{"taxonomy":"productneck","embeddable":true,"href":"https:\/\/www.koonings.com\/de\/wp-json\/wp\/v2\/productneck?post=58870"},{"taxonomy":"productcolor","embeddable":true,"href":"https:\/\/www.koonings.com\/de\/wp-json\/wp\/v2\/productcolor?post=58870"},{"taxonomy":"maat","embeddable":true,"href":"https:\/\/www.koonings.com\/de\/wp-json\/wp\/v2\/maat?post=58870"},{"taxonomy":"productsupplier","embeddable":true,"href":"https:\/\/www.koonings.com\/de\/wp-json\/wp\/v2\/productsupplier?post=58870"},{"taxonomy":"productsleeve","embeddable":true,"href":"https:\/\/www.koonings.com\/de\/wp-json\/wp\/v2\/productsleeve?post=58870"},{"taxonomy":"productcategory","embeddable":true,"href":"https:\/\/www.koonings.com\/de\/wp-json\/wp\/v2\/productcategory?post=58870"},{"taxonomy":"productsilhouette","embeddable":true,"href":"https:\/\/www.koonings.com\/de\/wp-json\/wp\/v2\/productsilhouette?post=58870"},{"taxonomy":"productstyle","embeddable":true,"href":"https:\/\/www.koonings.com\/de\/wp-json\/wp\/v2\/productstyle?post=58870"}],"curies":[{"name":"wp","href":"https:\/\/api.w.org\/{rel}","templated":true}]}}