{"id":58841,"date":"2026-03-27T16:22:11","date_gmt":"2026-03-27T15:22:11","guid":{"rendered":"https:\/\/www.koonings.com\/product\/demetrios-destination-romance-dr397\/"},"modified":"2026-02-16T14:40:35","modified_gmt":"2026-02-16T13:40:35","slug":"demetrios-destination-romance-dr397","status":"publish","type":"product","link":"https:\/\/www.koonings.com\/de\/product\/demetrios-destination-romance-dr397\/","title":{"rendered":"Demetrios Reiseziel Romantik DR397"},"content":{"rendered":"<p>Die Spaghettitr\u00e4ger fallen dezent \u00fcber die Schultern und f\u00fchren zu einem atemberaubenden Mieder mit durchsichtigen Details und aufwendigen Perlenapplikationen aus Spitze. Das Kleid aus Cr\u00eape umschmeichelt Ihre Kurven mit einer schlanken Silhouette und strahlt m\u00fchelosen Luxus und k\u00fchle Raffinesse aus. <\/p>\n","protected":false},"featured_media":47599,"template":"","meta":{"_acf_changed":false,"ghostkit_customizer_options":"","ghostkit_custom_css":"","ghostkit_custom_js_head":"","ghostkit_custom_js_foot":"","ghostkit_typography":""},"productdetails":[],"productneck":[356],"productcolor":[392],"maat":[],"productsupplier":[404],"productsleeve":[359],"productcategory":[18],"productsilhouette":[389],"productstyle":[366,373],"class_list":["post-58841","product","type-product","status-publish","has-post-thumbnail","hentry","productneck-356","productcolor-392","productsupplier-demetrios-destination-romance","productsleeve-359","productcategory-trouwjurken","productsilhouette-389","productstyle-366","productstyle-373"],"acf":[],"yoast_head":"<!-- This site is optimized with the Yoast SEO plugin v26.8 - https:\/\/yoast.com\/product\/yoast-seo-wordpress\/ -->\n<title>Demetrios Reiseziel Romantik DR397 | Koonings<\/title>\n<meta name=\"description\" content=\"Die Spaghettitr\u00e4ger fallen dezent \u00fcber die Schultern und f\u00fchren zu einem atemberaubenden Mieder mit durchsichtigen Details und aufwendigen Perlenapplikationen aus Spitze. Das Kleid aus Cr\u00eape umschmeichelt Ihre Kurven mit einer schlanken Silhouette und strahlt m\u00fchelosen Luxus und k\u00fchle Raffinesse aus.\" \/>\n<meta name=\"robots\" content=\"index, follow, max-snippet:-1, max-image-preview:large, max-video-preview:-1\" \/>\n<link rel=\"canonical\" href=\"https:\/\/www.koonings.com\/de\/product\/demetrios-destination-romance-dr397\/\" \/>\n<meta property=\"og:locale\" content=\"de_DE\" \/>\n<meta property=\"og:type\" content=\"article\" \/>\n<meta property=\"og:title\" content=\"Demetrios Reiseziel Romantik DR397 | Koonings\" \/>\n<meta property=\"og:description\" content=\"Die Spaghettitr\u00e4ger fallen dezent \u00fcber die Schultern und f\u00fchren zu einem atemberaubenden Mieder mit durchsichtigen Details und aufwendigen Perlenapplikationen aus Spitze. Das Kleid aus Cr\u00eape umschmeichelt Ihre Kurven mit einer schlanken Silhouette und strahlt m\u00fchelosen Luxus und k\u00fchle Raffinesse aus.\" \/>\n<meta property=\"og:url\" content=\"https:\/\/www.koonings.com\/de\/product\/demetrios-destination-romance-dr397\/\" \/>\n<meta property=\"og:site_name\" content=\"Koonings\" \/>\n<meta property=\"article:publisher\" content=\"https:\/\/www.facebook.com\/kooningstheweddingpalace\" \/>\n<meta property=\"og:image\" content=\"https:\/\/www.koonings.com\/wp-content\/uploads\/2024\/11\/40913_4f204443611184cba715e72fcf840b63d81a855843d96709e5b127860b65d9a0b7531774-scaled.jpeg\" \/>\n\t<meta property=\"og:image:width\" content=\"1810\" \/>\n\t<meta property=\"og:image:height\" content=\"2560\" \/>\n\t<meta property=\"og:image:type\" content=\"image\/jpeg\" \/>\n<meta name=\"twitter:card\" content=\"summary_large_image\" \/>\n<script type=\"application\/ld+json\" class=\"yoast-schema-graph\">{\"@context\":\"https:\/\/schema.org\",\"@graph\":[{\"@type\":\"WebPage\",\"@id\":\"https:\/\/www.koonings.com\/de\/product\/demetrios-destination-romance-dr397\/\",\"url\":\"https:\/\/www.koonings.com\/de\/product\/demetrios-destination-romance-dr397\/\",\"name\":\"Demetrios Reiseziel Romantik DR397 | Koonings\",\"isPartOf\":{\"@id\":\"https:\/\/www.koonings.com\/de\/#website\"},\"primaryImageOfPage\":{\"@id\":\"https:\/\/www.koonings.com\/de\/product\/demetrios-destination-romance-dr397\/#primaryimage\"},\"image\":{\"@id\":\"https:\/\/www.koonings.com\/de\/product\/demetrios-destination-romance-dr397\/#primaryimage\"},\"thumbnailUrl\":\"https:\/\/www.koonings.com\/wp-content\/uploads\/2024\/11\/40913_4f204443611184cba715e72fcf840b63d81a855843d96709e5b127860b65d9a0b7531774-scaled.jpeg\",\"datePublished\":\"2026-03-27T15:22:11+00:00\",\"description\":\"Die Spaghettitr\u00e4ger fallen dezent \u00fcber die Schultern und f\u00fchren zu einem atemberaubenden Mieder mit durchsichtigen Details und aufwendigen Perlenapplikationen aus Spitze. Das Kleid aus Cr\u00eape umschmeichelt Ihre Kurven mit einer schlanken Silhouette und strahlt m\u00fchelosen Luxus und k\u00fchle Raffinesse aus.\",\"breadcrumb\":{\"@id\":\"https:\/\/www.koonings.com\/de\/product\/demetrios-destination-romance-dr397\/#breadcrumb\"},\"inLanguage\":\"de\",\"potentialAction\":[{\"@type\":\"ReadAction\",\"target\":[\"https:\/\/www.koonings.com\/de\/product\/demetrios-destination-romance-dr397\/\"]}]},{\"@type\":\"ImageObject\",\"inLanguage\":\"de\",\"@id\":\"https:\/\/www.koonings.com\/de\/product\/demetrios-destination-romance-dr397\/#primaryimage\",\"url\":\"https:\/\/www.koonings.com\/wp-content\/uploads\/2024\/11\/40913_4f204443611184cba715e72fcf840b63d81a855843d96709e5b127860b65d9a0b7531774-scaled.jpeg\",\"contentUrl\":\"https:\/\/www.koonings.com\/wp-content\/uploads\/2024\/11\/40913_4f204443611184cba715e72fcf840b63d81a855843d96709e5b127860b65d9a0b7531774-scaled.jpeg\",\"width\":1810,\"height\":2560},{\"@type\":\"BreadcrumbList\",\"@id\":\"https:\/\/www.koonings.com\/de\/product\/demetrios-destination-romance-dr397\/#breadcrumb\",\"itemListElement\":[{\"@type\":\"ListItem\",\"position\":1,\"name\":\"Home\",\"item\":\"https:\/\/www.koonings.com\/de\/\"},{\"@type\":\"ListItem\",\"position\":2,\"name\":\"Demetrios Reiseziel Romantik DR397\"}]},{\"@type\":\"WebSite\",\"@id\":\"https:\/\/www.koonings.com\/de\/#website\",\"url\":\"https:\/\/www.koonings.com\/de\/\",\"name\":\"Koonings\",\"description\":\"De grootste bruidsmodewinkel ter wereld\",\"publisher\":{\"@id\":\"https:\/\/www.koonings.com\/de\/#organization\"},\"potentialAction\":[{\"@type\":\"SearchAction\",\"target\":{\"@type\":\"EntryPoint\",\"urlTemplate\":\"https:\/\/www.koonings.com\/de\/?s={search_term_string}\"},\"query-input\":{\"@type\":\"PropertyValueSpecification\",\"valueRequired\":true,\"valueName\":\"search_term_string\"}}],\"inLanguage\":\"de\"},{\"@type\":\"Organization\",\"@id\":\"https:\/\/www.koonings.com\/de\/#organization\",\"name\":\"Koonings\",\"url\":\"https:\/\/www.koonings.com\/de\/\",\"logo\":{\"@type\":\"ImageObject\",\"inLanguage\":\"de\",\"@id\":\"https:\/\/www.koonings.com\/de\/#\/schema\/logo\/image\/\",\"url\":\"https:\/\/www.koonings.com\/wp-content\/uploads\/2024\/07\/logo.png\",\"contentUrl\":\"https:\/\/www.koonings.com\/wp-content\/uploads\/2024\/07\/logo.png\",\"width\":600,\"height\":428,\"caption\":\"Koonings\"},\"image\":{\"@id\":\"https:\/\/www.koonings.com\/de\/#\/schema\/logo\/image\/\"},\"sameAs\":[\"https:\/\/www.facebook.com\/kooningstheweddingpalace\",\"https:\/\/www.instagram.com\/kooningstheweddingpalace\",\"https:\/\/www.pinterest.com\/koonings\",\"https:\/\/www.youtube.com\/kooningstheweddingpalace\"]}]}<\/script>\n<!-- \/ Yoast SEO plugin. -->","yoast_head_json":{"title":"Demetrios Reiseziel Romantik DR397 | Koonings","description":"Die Spaghettitr\u00e4ger fallen dezent \u00fcber die Schultern und f\u00fchren zu einem atemberaubenden Mieder mit durchsichtigen Details und aufwendigen Perlenapplikationen aus Spitze. Das Kleid aus Cr\u00eape umschmeichelt Ihre Kurven mit einer schlanken Silhouette und strahlt m\u00fchelosen Luxus und k\u00fchle Raffinesse aus.","robots":{"index":"index","follow":"follow","max-snippet":"max-snippet:-1","max-image-preview":"max-image-preview:large","max-video-preview":"max-video-preview:-1"},"canonical":"https:\/\/www.koonings.com\/de\/product\/demetrios-destination-romance-dr397\/","og_locale":"de_DE","og_type":"article","og_title":"Demetrios Reiseziel Romantik DR397 | Koonings","og_description":"Die Spaghettitr\u00e4ger fallen dezent \u00fcber die Schultern und f\u00fchren zu einem atemberaubenden Mieder mit durchsichtigen Details und aufwendigen Perlenapplikationen aus Spitze. Das Kleid aus Cr\u00eape umschmeichelt Ihre Kurven mit einer schlanken Silhouette und strahlt m\u00fchelosen Luxus und k\u00fchle Raffinesse aus.","og_url":"https:\/\/www.koonings.com\/de\/product\/demetrios-destination-romance-dr397\/","og_site_name":"Koonings","article_publisher":"https:\/\/www.facebook.com\/kooningstheweddingpalace","og_image":[{"width":1810,"height":2560,"url":"https:\/\/www.koonings.com\/wp-content\/uploads\/2024\/11\/40913_4f204443611184cba715e72fcf840b63d81a855843d96709e5b127860b65d9a0b7531774-scaled.jpeg","type":"image\/jpeg"}],"twitter_card":"summary_large_image","schema":{"@context":"https:\/\/schema.org","@graph":[{"@type":"WebPage","@id":"https:\/\/www.koonings.com\/de\/product\/demetrios-destination-romance-dr397\/","url":"https:\/\/www.koonings.com\/de\/product\/demetrios-destination-romance-dr397\/","name":"Demetrios Reiseziel Romantik DR397 | Koonings","isPartOf":{"@id":"https:\/\/www.koonings.com\/de\/#website"},"primaryImageOfPage":{"@id":"https:\/\/www.koonings.com\/de\/product\/demetrios-destination-romance-dr397\/#primaryimage"},"image":{"@id":"https:\/\/www.koonings.com\/de\/product\/demetrios-destination-romance-dr397\/#primaryimage"},"thumbnailUrl":"https:\/\/www.koonings.com\/wp-content\/uploads\/2024\/11\/40913_4f204443611184cba715e72fcf840b63d81a855843d96709e5b127860b65d9a0b7531774-scaled.jpeg","datePublished":"2026-03-27T15:22:11+00:00","description":"Die Spaghettitr\u00e4ger fallen dezent \u00fcber die Schultern und f\u00fchren zu einem atemberaubenden Mieder mit durchsichtigen Details und aufwendigen Perlenapplikationen aus Spitze. Das Kleid aus Cr\u00eape umschmeichelt Ihre Kurven mit einer schlanken Silhouette und strahlt m\u00fchelosen Luxus und k\u00fchle Raffinesse aus.","breadcrumb":{"@id":"https:\/\/www.koonings.com\/de\/product\/demetrios-destination-romance-dr397\/#breadcrumb"},"inLanguage":"de","potentialAction":[{"@type":"ReadAction","target":["https:\/\/www.koonings.com\/de\/product\/demetrios-destination-romance-dr397\/"]}]},{"@type":"ImageObject","inLanguage":"de","@id":"https:\/\/www.koonings.com\/de\/product\/demetrios-destination-romance-dr397\/#primaryimage","url":"https:\/\/www.koonings.com\/wp-content\/uploads\/2024\/11\/40913_4f204443611184cba715e72fcf840b63d81a855843d96709e5b127860b65d9a0b7531774-scaled.jpeg","contentUrl":"https:\/\/www.koonings.com\/wp-content\/uploads\/2024\/11\/40913_4f204443611184cba715e72fcf840b63d81a855843d96709e5b127860b65d9a0b7531774-scaled.jpeg","width":1810,"height":2560},{"@type":"BreadcrumbList","@id":"https:\/\/www.koonings.com\/de\/product\/demetrios-destination-romance-dr397\/#breadcrumb","itemListElement":[{"@type":"ListItem","position":1,"name":"Home","item":"https:\/\/www.koonings.com\/de\/"},{"@type":"ListItem","position":2,"name":"Demetrios Reiseziel Romantik DR397"}]},{"@type":"WebSite","@id":"https:\/\/www.koonings.com\/de\/#website","url":"https:\/\/www.koonings.com\/de\/","name":"Koonings","description":"De grootste bruidsmodewinkel ter wereld","publisher":{"@id":"https:\/\/www.koonings.com\/de\/#organization"},"potentialAction":[{"@type":"SearchAction","target":{"@type":"EntryPoint","urlTemplate":"https:\/\/www.koonings.com\/de\/?s={search_term_string}"},"query-input":{"@type":"PropertyValueSpecification","valueRequired":true,"valueName":"search_term_string"}}],"inLanguage":"de"},{"@type":"Organization","@id":"https:\/\/www.koonings.com\/de\/#organization","name":"Koonings","url":"https:\/\/www.koonings.com\/de\/","logo":{"@type":"ImageObject","inLanguage":"de","@id":"https:\/\/www.koonings.com\/de\/#\/schema\/logo\/image\/","url":"https:\/\/www.koonings.com\/wp-content\/uploads\/2024\/07\/logo.png","contentUrl":"https:\/\/www.koonings.com\/wp-content\/uploads\/2024\/07\/logo.png","width":600,"height":428,"caption":"Koonings"},"image":{"@id":"https:\/\/www.koonings.com\/de\/#\/schema\/logo\/image\/"},"sameAs":["https:\/\/www.facebook.com\/kooningstheweddingpalace","https:\/\/www.instagram.com\/kooningstheweddingpalace","https:\/\/www.pinterest.com\/koonings","https:\/\/www.youtube.com\/kooningstheweddingpalace"]}]}},"_links":{"self":[{"href":"https:\/\/www.koonings.com\/de\/wp-json\/wp\/v2\/product\/58841","targetHints":{"allow":["GET"]}}],"collection":[{"href":"https:\/\/www.koonings.com\/de\/wp-json\/wp\/v2\/product"}],"about":[{"href":"https:\/\/www.koonings.com\/de\/wp-json\/wp\/v2\/types\/product"}],"wp:featuredmedia":[{"embeddable":true,"href":"https:\/\/www.koonings.com\/de\/wp-json\/wp\/v2\/media\/47599"}],"wp:attachment":[{"href":"https:\/\/www.koonings.com\/de\/wp-json\/wp\/v2\/media?parent=58841"}],"wp:term":[{"taxonomy":"productdetails","embeddable":true,"href":"https:\/\/www.koonings.com\/de\/wp-json\/wp\/v2\/productdetails?post=58841"},{"taxonomy":"productneck","embeddable":true,"href":"https:\/\/www.koonings.com\/de\/wp-json\/wp\/v2\/productneck?post=58841"},{"taxonomy":"productcolor","embeddable":true,"href":"https:\/\/www.koonings.com\/de\/wp-json\/wp\/v2\/productcolor?post=58841"},{"taxonomy":"maat","embeddable":true,"href":"https:\/\/www.koonings.com\/de\/wp-json\/wp\/v2\/maat?post=58841"},{"taxonomy":"productsupplier","embeddable":true,"href":"https:\/\/www.koonings.com\/de\/wp-json\/wp\/v2\/productsupplier?post=58841"},{"taxonomy":"productsleeve","embeddable":true,"href":"https:\/\/www.koonings.com\/de\/wp-json\/wp\/v2\/productsleeve?post=58841"},{"taxonomy":"productcategory","embeddable":true,"href":"https:\/\/www.koonings.com\/de\/wp-json\/wp\/v2\/productcategory?post=58841"},{"taxonomy":"productsilhouette","embeddable":true,"href":"https:\/\/www.koonings.com\/de\/wp-json\/wp\/v2\/productsilhouette?post=58841"},{"taxonomy":"productstyle","embeddable":true,"href":"https:\/\/www.koonings.com\/de\/wp-json\/wp\/v2\/productstyle?post=58841"}],"curies":[{"name":"wp","href":"https:\/\/api.w.org\/{rel}","templated":true}]}}