{"id":58835,"date":"2026-04-28T18:24:02","date_gmt":"2026-04-28T16:24:02","guid":{"rendered":"https:\/\/www.koonings.com\/product\/oreasposa-l1125\/"},"modified":"2025-06-05T13:13:45","modified_gmt":"2025-06-05T11:13:45","slug":"oreasposa-l1125","status":"publish","type":"product","link":"https:\/\/www.koonings.com\/de\/product\/oreasposa-l1125\/","title":{"rendered":"Oreasposa L1125"},"content":{"rendered":"<p>Dieses Kleid kombiniert anmutige Spitze und Cr\u00eape und zeichnet sich durch ein zierliches Mieder und einen bezaubernden tiefen R\u00fccken aus. Ein verf\u00fchrerischer Seitenschlitz verleiht dem leichten Rock einen Hauch von Glamour. <\/p>\n","protected":false},"featured_media":47642,"template":"","meta":{"_acf_changed":false,"ghostkit_customizer_options":"","ghostkit_custom_css":"","ghostkit_custom_js_head":"","ghostkit_custom_js_foot":"","ghostkit_typography":""},"productdetails":[383,378],"productneck":[356],"productcolor":[393,392],"maat":[],"productsupplier":[401],"productsleeve":[359],"productcategory":[18],"productsilhouette":[389],"productstyle":[369,370],"class_list":["post-58835","product","type-product","status-publish","has-post-thumbnail","hentry","productdetails-383","productdetails-378","productneck-356","productcolor-393","productcolor-392","productsupplier-oreasposa","productsleeve-359","productcategory-trouwjurken","productsilhouette-389","productstyle-369","productstyle-370"],"acf":[],"yoast_head":"<!-- This site is optimized with the Yoast SEO plugin v27.3 - https:\/\/yoast.com\/product\/yoast-seo-wordpress\/ -->\n<title>Oreasposa L1125 | Koonings<\/title>\n<meta name=\"description\" content=\"Dieses Kleid kombiniert anmutige Spitze und Cr\u00eape und zeichnet sich durch ein zierliches Mieder und einen bezaubernden tiefen R\u00fccken aus. Ein verf\u00fchrerischer Seitenschlitz verleiht dem leichten Rock einen Hauch von Glamour.\" \/>\n<meta name=\"robots\" content=\"index, follow, max-snippet:-1, max-image-preview:large, max-video-preview:-1\" \/>\n<link rel=\"canonical\" href=\"https:\/\/www.koonings.com\/de\/product\/oreasposa-l1125\/\" \/>\n<meta property=\"og:locale\" content=\"de_DE\" \/>\n<meta property=\"og:type\" content=\"article\" \/>\n<meta property=\"og:title\" content=\"Oreasposa L1125 | Koonings\" \/>\n<meta property=\"og:description\" content=\"Dieses Kleid kombiniert anmutige Spitze und Cr\u00eape und zeichnet sich durch ein zierliches Mieder und einen bezaubernden tiefen R\u00fccken aus. Ein verf\u00fchrerischer Seitenschlitz verleiht dem leichten Rock einen Hauch von Glamour.\" \/>\n<meta property=\"og:url\" content=\"https:\/\/www.koonings.com\/de\/product\/oreasposa-l1125\/\" \/>\n<meta property=\"og:site_name\" content=\"Koonings\" \/>\n<meta property=\"article:publisher\" content=\"https:\/\/www.facebook.com\/kooningstheweddingpalace\" \/>\n<meta property=\"og:image\" content=\"https:\/\/www.koonings.com\/wp-content\/uploads\/2024\/11\/40917_038bb0f197473668b38408b9b41ffda9db14130dcd91349cfac02cdbde4f8e7024140367-scaled.jpeg\" \/>\n\t<meta property=\"og:image:width\" content=\"1808\" \/>\n\t<meta property=\"og:image:height\" content=\"2560\" \/>\n\t<meta property=\"og:image:type\" content=\"image\/jpeg\" \/>\n<meta name=\"twitter:card\" content=\"summary_large_image\" \/>\n<script type=\"application\/ld+json\" class=\"yoast-schema-graph\">{\"@context\":\"https:\\\/\\\/schema.org\",\"@graph\":[{\"@type\":\"WebPage\",\"@id\":\"https:\\\/\\\/www.koonings.com\\\/de\\\/product\\\/oreasposa-l1125\\\/\",\"url\":\"https:\\\/\\\/www.koonings.com\\\/de\\\/product\\\/oreasposa-l1125\\\/\",\"name\":\"Oreasposa L1125 | Koonings\",\"isPartOf\":{\"@id\":\"https:\\\/\\\/www.koonings.com\\\/de\\\/#website\"},\"primaryImageOfPage\":{\"@id\":\"https:\\\/\\\/www.koonings.com\\\/de\\\/product\\\/oreasposa-l1125\\\/#primaryimage\"},\"image\":{\"@id\":\"https:\\\/\\\/www.koonings.com\\\/de\\\/product\\\/oreasposa-l1125\\\/#primaryimage\"},\"thumbnailUrl\":\"https:\\\/\\\/www.koonings.com\\\/wp-content\\\/uploads\\\/2024\\\/11\\\/40917_038bb0f197473668b38408b9b41ffda9db14130dcd91349cfac02cdbde4f8e7024140367-scaled.jpeg\",\"datePublished\":\"2026-04-28T16:24:02+00:00\",\"description\":\"Dieses Kleid kombiniert anmutige Spitze und Cr\u00eape und zeichnet sich durch ein zierliches Mieder und einen bezaubernden tiefen R\u00fccken aus. Ein verf\u00fchrerischer Seitenschlitz verleiht dem leichten Rock einen Hauch von Glamour.\",\"breadcrumb\":{\"@id\":\"https:\\\/\\\/www.koonings.com\\\/de\\\/product\\\/oreasposa-l1125\\\/#breadcrumb\"},\"inLanguage\":\"de\",\"potentialAction\":[{\"@type\":\"ReadAction\",\"target\":[\"https:\\\/\\\/www.koonings.com\\\/de\\\/product\\\/oreasposa-l1125\\\/\"]}]},{\"@type\":\"ImageObject\",\"inLanguage\":\"de\",\"@id\":\"https:\\\/\\\/www.koonings.com\\\/de\\\/product\\\/oreasposa-l1125\\\/#primaryimage\",\"url\":\"https:\\\/\\\/www.koonings.com\\\/wp-content\\\/uploads\\\/2024\\\/11\\\/40917_038bb0f197473668b38408b9b41ffda9db14130dcd91349cfac02cdbde4f8e7024140367-scaled.jpeg\",\"contentUrl\":\"https:\\\/\\\/www.koonings.com\\\/wp-content\\\/uploads\\\/2024\\\/11\\\/40917_038bb0f197473668b38408b9b41ffda9db14130dcd91349cfac02cdbde4f8e7024140367-scaled.jpeg\",\"width\":1808,\"height\":2560},{\"@type\":\"BreadcrumbList\",\"@id\":\"https:\\\/\\\/www.koonings.com\\\/de\\\/product\\\/oreasposa-l1125\\\/#breadcrumb\",\"itemListElement\":[{\"@type\":\"ListItem\",\"position\":1,\"name\":\"Home\",\"item\":\"https:\\\/\\\/www.koonings.com\\\/de\\\/\"},{\"@type\":\"ListItem\",\"position\":2,\"name\":\"Oreasposa L1125\"}]},{\"@type\":\"WebSite\",\"@id\":\"https:\\\/\\\/www.koonings.com\\\/de\\\/#website\",\"url\":\"https:\\\/\\\/www.koonings.com\\\/de\\\/\",\"name\":\"Koonings\",\"description\":\"De grootste bruidsmodewinkel ter wereld\",\"publisher\":{\"@id\":\"https:\\\/\\\/www.koonings.com\\\/de\\\/#organization\"},\"potentialAction\":[{\"@type\":\"SearchAction\",\"target\":{\"@type\":\"EntryPoint\",\"urlTemplate\":\"https:\\\/\\\/www.koonings.com\\\/de\\\/?s={search_term_string}\"},\"query-input\":{\"@type\":\"PropertyValueSpecification\",\"valueRequired\":true,\"valueName\":\"search_term_string\"}}],\"inLanguage\":\"de\"},{\"@type\":\"Organization\",\"@id\":\"https:\\\/\\\/www.koonings.com\\\/de\\\/#organization\",\"name\":\"Koonings\",\"url\":\"https:\\\/\\\/www.koonings.com\\\/de\\\/\",\"logo\":{\"@type\":\"ImageObject\",\"inLanguage\":\"de\",\"@id\":\"https:\\\/\\\/www.koonings.com\\\/de\\\/#\\\/schema\\\/logo\\\/image\\\/\",\"url\":\"https:\\\/\\\/www.koonings.com\\\/wp-content\\\/uploads\\\/2024\\\/07\\\/logo.png\",\"contentUrl\":\"https:\\\/\\\/www.koonings.com\\\/wp-content\\\/uploads\\\/2024\\\/07\\\/logo.png\",\"width\":600,\"height\":428,\"caption\":\"Koonings\"},\"image\":{\"@id\":\"https:\\\/\\\/www.koonings.com\\\/de\\\/#\\\/schema\\\/logo\\\/image\\\/\"},\"sameAs\":[\"https:\\\/\\\/www.facebook.com\\\/kooningstheweddingpalace\",\"https:\\\/\\\/www.instagram.com\\\/kooningstheweddingpalace\",\"https:\\\/\\\/www.pinterest.com\\\/koonings\",\"https:\\\/\\\/www.youtube.com\\\/kooningstheweddingpalace\"]}]}<\/script>\n<!-- \/ Yoast SEO plugin. -->","yoast_head_json":{"title":"Oreasposa L1125 | Koonings","description":"Dieses Kleid kombiniert anmutige Spitze und Cr\u00eape und zeichnet sich durch ein zierliches Mieder und einen bezaubernden tiefen R\u00fccken aus. Ein verf\u00fchrerischer Seitenschlitz verleiht dem leichten Rock einen Hauch von Glamour.","robots":{"index":"index","follow":"follow","max-snippet":"max-snippet:-1","max-image-preview":"max-image-preview:large","max-video-preview":"max-video-preview:-1"},"canonical":"https:\/\/www.koonings.com\/de\/product\/oreasposa-l1125\/","og_locale":"de_DE","og_type":"article","og_title":"Oreasposa L1125 | Koonings","og_description":"Dieses Kleid kombiniert anmutige Spitze und Cr\u00eape und zeichnet sich durch ein zierliches Mieder und einen bezaubernden tiefen R\u00fccken aus. Ein verf\u00fchrerischer Seitenschlitz verleiht dem leichten Rock einen Hauch von Glamour.","og_url":"https:\/\/www.koonings.com\/de\/product\/oreasposa-l1125\/","og_site_name":"Koonings","article_publisher":"https:\/\/www.facebook.com\/kooningstheweddingpalace","og_image":[{"width":1808,"height":2560,"url":"https:\/\/www.koonings.com\/wp-content\/uploads\/2024\/11\/40917_038bb0f197473668b38408b9b41ffda9db14130dcd91349cfac02cdbde4f8e7024140367-scaled.jpeg","type":"image\/jpeg"}],"twitter_card":"summary_large_image","schema":{"@context":"https:\/\/schema.org","@graph":[{"@type":"WebPage","@id":"https:\/\/www.koonings.com\/de\/product\/oreasposa-l1125\/","url":"https:\/\/www.koonings.com\/de\/product\/oreasposa-l1125\/","name":"Oreasposa L1125 | Koonings","isPartOf":{"@id":"https:\/\/www.koonings.com\/de\/#website"},"primaryImageOfPage":{"@id":"https:\/\/www.koonings.com\/de\/product\/oreasposa-l1125\/#primaryimage"},"image":{"@id":"https:\/\/www.koonings.com\/de\/product\/oreasposa-l1125\/#primaryimage"},"thumbnailUrl":"https:\/\/www.koonings.com\/wp-content\/uploads\/2024\/11\/40917_038bb0f197473668b38408b9b41ffda9db14130dcd91349cfac02cdbde4f8e7024140367-scaled.jpeg","datePublished":"2026-04-28T16:24:02+00:00","description":"Dieses Kleid kombiniert anmutige Spitze und Cr\u00eape und zeichnet sich durch ein zierliches Mieder und einen bezaubernden tiefen R\u00fccken aus. Ein verf\u00fchrerischer Seitenschlitz verleiht dem leichten Rock einen Hauch von Glamour.","breadcrumb":{"@id":"https:\/\/www.koonings.com\/de\/product\/oreasposa-l1125\/#breadcrumb"},"inLanguage":"de","potentialAction":[{"@type":"ReadAction","target":["https:\/\/www.koonings.com\/de\/product\/oreasposa-l1125\/"]}]},{"@type":"ImageObject","inLanguage":"de","@id":"https:\/\/www.koonings.com\/de\/product\/oreasposa-l1125\/#primaryimage","url":"https:\/\/www.koonings.com\/wp-content\/uploads\/2024\/11\/40917_038bb0f197473668b38408b9b41ffda9db14130dcd91349cfac02cdbde4f8e7024140367-scaled.jpeg","contentUrl":"https:\/\/www.koonings.com\/wp-content\/uploads\/2024\/11\/40917_038bb0f197473668b38408b9b41ffda9db14130dcd91349cfac02cdbde4f8e7024140367-scaled.jpeg","width":1808,"height":2560},{"@type":"BreadcrumbList","@id":"https:\/\/www.koonings.com\/de\/product\/oreasposa-l1125\/#breadcrumb","itemListElement":[{"@type":"ListItem","position":1,"name":"Home","item":"https:\/\/www.koonings.com\/de\/"},{"@type":"ListItem","position":2,"name":"Oreasposa L1125"}]},{"@type":"WebSite","@id":"https:\/\/www.koonings.com\/de\/#website","url":"https:\/\/www.koonings.com\/de\/","name":"Koonings","description":"De grootste bruidsmodewinkel ter wereld","publisher":{"@id":"https:\/\/www.koonings.com\/de\/#organization"},"potentialAction":[{"@type":"SearchAction","target":{"@type":"EntryPoint","urlTemplate":"https:\/\/www.koonings.com\/de\/?s={search_term_string}"},"query-input":{"@type":"PropertyValueSpecification","valueRequired":true,"valueName":"search_term_string"}}],"inLanguage":"de"},{"@type":"Organization","@id":"https:\/\/www.koonings.com\/de\/#organization","name":"Koonings","url":"https:\/\/www.koonings.com\/de\/","logo":{"@type":"ImageObject","inLanguage":"de","@id":"https:\/\/www.koonings.com\/de\/#\/schema\/logo\/image\/","url":"https:\/\/www.koonings.com\/wp-content\/uploads\/2024\/07\/logo.png","contentUrl":"https:\/\/www.koonings.com\/wp-content\/uploads\/2024\/07\/logo.png","width":600,"height":428,"caption":"Koonings"},"image":{"@id":"https:\/\/www.koonings.com\/de\/#\/schema\/logo\/image\/"},"sameAs":["https:\/\/www.facebook.com\/kooningstheweddingpalace","https:\/\/www.instagram.com\/kooningstheweddingpalace","https:\/\/www.pinterest.com\/koonings","https:\/\/www.youtube.com\/kooningstheweddingpalace"]}]}},"_links":{"self":[{"href":"https:\/\/www.koonings.com\/de\/wp-json\/wp\/v2\/product\/58835","targetHints":{"allow":["GET"]}}],"collection":[{"href":"https:\/\/www.koonings.com\/de\/wp-json\/wp\/v2\/product"}],"about":[{"href":"https:\/\/www.koonings.com\/de\/wp-json\/wp\/v2\/types\/product"}],"wp:featuredmedia":[{"embeddable":true,"href":"https:\/\/www.koonings.com\/de\/wp-json\/wp\/v2\/media\/47642"}],"wp:attachment":[{"href":"https:\/\/www.koonings.com\/de\/wp-json\/wp\/v2\/media?parent=58835"}],"wp:term":[{"taxonomy":"productdetails","embeddable":true,"href":"https:\/\/www.koonings.com\/de\/wp-json\/wp\/v2\/productdetails?post=58835"},{"taxonomy":"productneck","embeddable":true,"href":"https:\/\/www.koonings.com\/de\/wp-json\/wp\/v2\/productneck?post=58835"},{"taxonomy":"productcolor","embeddable":true,"href":"https:\/\/www.koonings.com\/de\/wp-json\/wp\/v2\/productcolor?post=58835"},{"taxonomy":"maat","embeddable":true,"href":"https:\/\/www.koonings.com\/de\/wp-json\/wp\/v2\/maat?post=58835"},{"taxonomy":"productsupplier","embeddable":true,"href":"https:\/\/www.koonings.com\/de\/wp-json\/wp\/v2\/productsupplier?post=58835"},{"taxonomy":"productsleeve","embeddable":true,"href":"https:\/\/www.koonings.com\/de\/wp-json\/wp\/v2\/productsleeve?post=58835"},{"taxonomy":"productcategory","embeddable":true,"href":"https:\/\/www.koonings.com\/de\/wp-json\/wp\/v2\/productcategory?post=58835"},{"taxonomy":"productsilhouette","embeddable":true,"href":"https:\/\/www.koonings.com\/de\/wp-json\/wp\/v2\/productsilhouette?post=58835"},{"taxonomy":"productstyle","embeddable":true,"href":"https:\/\/www.koonings.com\/de\/wp-json\/wp\/v2\/productstyle?post=58835"}],"curies":[{"name":"wp","href":"https:\/\/api.w.org\/{rel}","templated":true}]}}