{"id":58824,"date":"2026-03-27T16:22:13","date_gmt":"2026-03-27T15:22:13","guid":{"rendered":"https:\/\/www.koonings.com\/product\/demetrios-destination-romance-dr396\/"},"modified":"2025-06-05T13:13:53","modified_gmt":"2025-06-05T11:13:53","slug":"demetrios-destination-romance-dr396","status":"publish","type":"product","link":"https:\/\/www.koonings.com\/de\/product\/demetrios-destination-romance-dr396\/","title":{"rendered":"Demetrios Destination Romance DR396"},"content":{"rendered":"<p>Dieses Kleid aus Cr\u00eape strahlt mit seiner zarten Perlenspitze Anmut und Raffinesse aus. Der V-Ausschnitt und die dicken Tr\u00e4ger bieten sowohl Halt als auch Stil, w\u00e4hrend der offene R\u00fccken der taillierten Silhouette einen modernen Twist verleiht. Der vorgeformte Taillenbund l\u00e4sst sich an den richtigen Stellen schlie\u00dfen und sorgt so f\u00fcr einen schmeichelhaften Effekt.  <\/p>\n","protected":false},"featured_media":47668,"template":"","meta":{"_acf_changed":false,"ghostkit_customizer_options":"","ghostkit_custom_css":"","ghostkit_custom_js_head":"","ghostkit_custom_js_foot":"","ghostkit_typography":""},"productdetails":[],"productneck":[356],"productcolor":[392],"maat":[],"productsupplier":[404],"productsleeve":[359],"productcategory":[18],"productsilhouette":[389],"productstyle":[366,370],"class_list":["post-58824","product","type-product","status-publish","has-post-thumbnail","hentry","productneck-356","productcolor-392","productsupplier-demetrios-destination-romance","productsleeve-359","productcategory-trouwjurken","productsilhouette-389","productstyle-366","productstyle-370"],"acf":[],"yoast_head":"<!-- This site is optimized with the Yoast SEO plugin v26.8 - https:\/\/yoast.com\/product\/yoast-seo-wordpress\/ -->\n<title>Demetrios Destination Romance DR396 | Koonings<\/title>\n<meta name=\"description\" content=\"Dieses Kleid aus Cr\u00eape strahlt mit seiner zarten Perlenspitze Anmut und Raffinesse aus. Der V-Ausschnitt und die dicken Tr\u00e4ger bieten sowohl Halt als auch Stil, w\u00e4hrend der offene R\u00fccken der taillierten Silhouette einen modernen Twist verleiht. Der vorgeformte Taillenbund l\u00e4sst sich an den richtigen Stellen schlie\u00dfen und sorgt so f\u00fcr einen schmeichelhaften Effekt.\" \/>\n<meta name=\"robots\" content=\"index, follow, max-snippet:-1, max-image-preview:large, max-video-preview:-1\" \/>\n<link rel=\"canonical\" href=\"https:\/\/www.koonings.com\/de\/product\/demetrios-destination-romance-dr396\/\" \/>\n<meta property=\"og:locale\" content=\"de_DE\" \/>\n<meta property=\"og:type\" content=\"article\" \/>\n<meta property=\"og:title\" content=\"Demetrios Destination Romance DR396 | Koonings\" \/>\n<meta property=\"og:description\" content=\"Dieses Kleid aus Cr\u00eape strahlt mit seiner zarten Perlenspitze Anmut und Raffinesse aus. Der V-Ausschnitt und die dicken Tr\u00e4ger bieten sowohl Halt als auch Stil, w\u00e4hrend der offene R\u00fccken der taillierten Silhouette einen modernen Twist verleiht. Der vorgeformte Taillenbund l\u00e4sst sich an den richtigen Stellen schlie\u00dfen und sorgt so f\u00fcr einen schmeichelhaften Effekt.\" \/>\n<meta property=\"og:url\" content=\"https:\/\/www.koonings.com\/de\/product\/demetrios-destination-romance-dr396\/\" \/>\n<meta property=\"og:site_name\" content=\"Koonings\" \/>\n<meta property=\"article:publisher\" content=\"https:\/\/www.facebook.com\/kooningstheweddingpalace\" \/>\n<meta property=\"og:image\" content=\"https:\/\/www.koonings.com\/wp-content\/uploads\/2024\/11\/40919_793e647ab435fbbb8660e63eb1c478d52e1fceac04f0ca414e180f6b308cd43ce3824019-scaled.jpeg\" \/>\n\t<meta property=\"og:image:width\" content=\"1809\" \/>\n\t<meta property=\"og:image:height\" content=\"2560\" \/>\n\t<meta property=\"og:image:type\" content=\"image\/jpeg\" \/>\n<meta name=\"twitter:card\" content=\"summary_large_image\" \/>\n<script type=\"application\/ld+json\" class=\"yoast-schema-graph\">{\"@context\":\"https:\/\/schema.org\",\"@graph\":[{\"@type\":\"WebPage\",\"@id\":\"https:\/\/www.koonings.com\/de\/product\/demetrios-destination-romance-dr396\/\",\"url\":\"https:\/\/www.koonings.com\/de\/product\/demetrios-destination-romance-dr396\/\",\"name\":\"Demetrios Destination Romance DR396 | Koonings\",\"isPartOf\":{\"@id\":\"https:\/\/www.koonings.com\/de\/#website\"},\"primaryImageOfPage\":{\"@id\":\"https:\/\/www.koonings.com\/de\/product\/demetrios-destination-romance-dr396\/#primaryimage\"},\"image\":{\"@id\":\"https:\/\/www.koonings.com\/de\/product\/demetrios-destination-romance-dr396\/#primaryimage\"},\"thumbnailUrl\":\"https:\/\/www.koonings.com\/wp-content\/uploads\/2024\/11\/40919_793e647ab435fbbb8660e63eb1c478d52e1fceac04f0ca414e180f6b308cd43ce3824019-scaled.jpeg\",\"datePublished\":\"2026-03-27T15:22:13+00:00\",\"description\":\"Dieses Kleid aus Cr\u00eape strahlt mit seiner zarten Perlenspitze Anmut und Raffinesse aus. Der V-Ausschnitt und die dicken Tr\u00e4ger bieten sowohl Halt als auch Stil, w\u00e4hrend der offene R\u00fccken der taillierten Silhouette einen modernen Twist verleiht. Der vorgeformte Taillenbund l\u00e4sst sich an den richtigen Stellen schlie\u00dfen und sorgt so f\u00fcr einen schmeichelhaften Effekt.\",\"breadcrumb\":{\"@id\":\"https:\/\/www.koonings.com\/de\/product\/demetrios-destination-romance-dr396\/#breadcrumb\"},\"inLanguage\":\"de\",\"potentialAction\":[{\"@type\":\"ReadAction\",\"target\":[\"https:\/\/www.koonings.com\/de\/product\/demetrios-destination-romance-dr396\/\"]}]},{\"@type\":\"ImageObject\",\"inLanguage\":\"de\",\"@id\":\"https:\/\/www.koonings.com\/de\/product\/demetrios-destination-romance-dr396\/#primaryimage\",\"url\":\"https:\/\/www.koonings.com\/wp-content\/uploads\/2024\/11\/40919_793e647ab435fbbb8660e63eb1c478d52e1fceac04f0ca414e180f6b308cd43ce3824019-scaled.jpeg\",\"contentUrl\":\"https:\/\/www.koonings.com\/wp-content\/uploads\/2024\/11\/40919_793e647ab435fbbb8660e63eb1c478d52e1fceac04f0ca414e180f6b308cd43ce3824019-scaled.jpeg\",\"width\":1809,\"height\":2560},{\"@type\":\"BreadcrumbList\",\"@id\":\"https:\/\/www.koonings.com\/de\/product\/demetrios-destination-romance-dr396\/#breadcrumb\",\"itemListElement\":[{\"@type\":\"ListItem\",\"position\":1,\"name\":\"Home\",\"item\":\"https:\/\/www.koonings.com\/de\/\"},{\"@type\":\"ListItem\",\"position\":2,\"name\":\"Demetrios Destination Romance DR396\"}]},{\"@type\":\"WebSite\",\"@id\":\"https:\/\/www.koonings.com\/de\/#website\",\"url\":\"https:\/\/www.koonings.com\/de\/\",\"name\":\"Koonings\",\"description\":\"De grootste bruidsmodewinkel ter wereld\",\"publisher\":{\"@id\":\"https:\/\/www.koonings.com\/de\/#organization\"},\"potentialAction\":[{\"@type\":\"SearchAction\",\"target\":{\"@type\":\"EntryPoint\",\"urlTemplate\":\"https:\/\/www.koonings.com\/de\/?s={search_term_string}\"},\"query-input\":{\"@type\":\"PropertyValueSpecification\",\"valueRequired\":true,\"valueName\":\"search_term_string\"}}],\"inLanguage\":\"de\"},{\"@type\":\"Organization\",\"@id\":\"https:\/\/www.koonings.com\/de\/#organization\",\"name\":\"Koonings\",\"url\":\"https:\/\/www.koonings.com\/de\/\",\"logo\":{\"@type\":\"ImageObject\",\"inLanguage\":\"de\",\"@id\":\"https:\/\/www.koonings.com\/de\/#\/schema\/logo\/image\/\",\"url\":\"https:\/\/www.koonings.com\/wp-content\/uploads\/2024\/07\/logo.png\",\"contentUrl\":\"https:\/\/www.koonings.com\/wp-content\/uploads\/2024\/07\/logo.png\",\"width\":600,\"height\":428,\"caption\":\"Koonings\"},\"image\":{\"@id\":\"https:\/\/www.koonings.com\/de\/#\/schema\/logo\/image\/\"},\"sameAs\":[\"https:\/\/www.facebook.com\/kooningstheweddingpalace\",\"https:\/\/www.instagram.com\/kooningstheweddingpalace\",\"https:\/\/www.pinterest.com\/koonings\",\"https:\/\/www.youtube.com\/kooningstheweddingpalace\"]}]}<\/script>\n<!-- \/ Yoast SEO plugin. -->","yoast_head_json":{"title":"Demetrios Destination Romance DR396 | Koonings","description":"Dieses Kleid aus Cr\u00eape strahlt mit seiner zarten Perlenspitze Anmut und Raffinesse aus. Der V-Ausschnitt und die dicken Tr\u00e4ger bieten sowohl Halt als auch Stil, w\u00e4hrend der offene R\u00fccken der taillierten Silhouette einen modernen Twist verleiht. Der vorgeformte Taillenbund l\u00e4sst sich an den richtigen Stellen schlie\u00dfen und sorgt so f\u00fcr einen schmeichelhaften Effekt.","robots":{"index":"index","follow":"follow","max-snippet":"max-snippet:-1","max-image-preview":"max-image-preview:large","max-video-preview":"max-video-preview:-1"},"canonical":"https:\/\/www.koonings.com\/de\/product\/demetrios-destination-romance-dr396\/","og_locale":"de_DE","og_type":"article","og_title":"Demetrios Destination Romance DR396 | Koonings","og_description":"Dieses Kleid aus Cr\u00eape strahlt mit seiner zarten Perlenspitze Anmut und Raffinesse aus. Der V-Ausschnitt und die dicken Tr\u00e4ger bieten sowohl Halt als auch Stil, w\u00e4hrend der offene R\u00fccken der taillierten Silhouette einen modernen Twist verleiht. Der vorgeformte Taillenbund l\u00e4sst sich an den richtigen Stellen schlie\u00dfen und sorgt so f\u00fcr einen schmeichelhaften Effekt.","og_url":"https:\/\/www.koonings.com\/de\/product\/demetrios-destination-romance-dr396\/","og_site_name":"Koonings","article_publisher":"https:\/\/www.facebook.com\/kooningstheweddingpalace","og_image":[{"width":1809,"height":2560,"url":"https:\/\/www.koonings.com\/wp-content\/uploads\/2024\/11\/40919_793e647ab435fbbb8660e63eb1c478d52e1fceac04f0ca414e180f6b308cd43ce3824019-scaled.jpeg","type":"image\/jpeg"}],"twitter_card":"summary_large_image","schema":{"@context":"https:\/\/schema.org","@graph":[{"@type":"WebPage","@id":"https:\/\/www.koonings.com\/de\/product\/demetrios-destination-romance-dr396\/","url":"https:\/\/www.koonings.com\/de\/product\/demetrios-destination-romance-dr396\/","name":"Demetrios Destination Romance DR396 | Koonings","isPartOf":{"@id":"https:\/\/www.koonings.com\/de\/#website"},"primaryImageOfPage":{"@id":"https:\/\/www.koonings.com\/de\/product\/demetrios-destination-romance-dr396\/#primaryimage"},"image":{"@id":"https:\/\/www.koonings.com\/de\/product\/demetrios-destination-romance-dr396\/#primaryimage"},"thumbnailUrl":"https:\/\/www.koonings.com\/wp-content\/uploads\/2024\/11\/40919_793e647ab435fbbb8660e63eb1c478d52e1fceac04f0ca414e180f6b308cd43ce3824019-scaled.jpeg","datePublished":"2026-03-27T15:22:13+00:00","description":"Dieses Kleid aus Cr\u00eape strahlt mit seiner zarten Perlenspitze Anmut und Raffinesse aus. Der V-Ausschnitt und die dicken Tr\u00e4ger bieten sowohl Halt als auch Stil, w\u00e4hrend der offene R\u00fccken der taillierten Silhouette einen modernen Twist verleiht. Der vorgeformte Taillenbund l\u00e4sst sich an den richtigen Stellen schlie\u00dfen und sorgt so f\u00fcr einen schmeichelhaften Effekt.","breadcrumb":{"@id":"https:\/\/www.koonings.com\/de\/product\/demetrios-destination-romance-dr396\/#breadcrumb"},"inLanguage":"de","potentialAction":[{"@type":"ReadAction","target":["https:\/\/www.koonings.com\/de\/product\/demetrios-destination-romance-dr396\/"]}]},{"@type":"ImageObject","inLanguage":"de","@id":"https:\/\/www.koonings.com\/de\/product\/demetrios-destination-romance-dr396\/#primaryimage","url":"https:\/\/www.koonings.com\/wp-content\/uploads\/2024\/11\/40919_793e647ab435fbbb8660e63eb1c478d52e1fceac04f0ca414e180f6b308cd43ce3824019-scaled.jpeg","contentUrl":"https:\/\/www.koonings.com\/wp-content\/uploads\/2024\/11\/40919_793e647ab435fbbb8660e63eb1c478d52e1fceac04f0ca414e180f6b308cd43ce3824019-scaled.jpeg","width":1809,"height":2560},{"@type":"BreadcrumbList","@id":"https:\/\/www.koonings.com\/de\/product\/demetrios-destination-romance-dr396\/#breadcrumb","itemListElement":[{"@type":"ListItem","position":1,"name":"Home","item":"https:\/\/www.koonings.com\/de\/"},{"@type":"ListItem","position":2,"name":"Demetrios Destination Romance DR396"}]},{"@type":"WebSite","@id":"https:\/\/www.koonings.com\/de\/#website","url":"https:\/\/www.koonings.com\/de\/","name":"Koonings","description":"De grootste bruidsmodewinkel ter wereld","publisher":{"@id":"https:\/\/www.koonings.com\/de\/#organization"},"potentialAction":[{"@type":"SearchAction","target":{"@type":"EntryPoint","urlTemplate":"https:\/\/www.koonings.com\/de\/?s={search_term_string}"},"query-input":{"@type":"PropertyValueSpecification","valueRequired":true,"valueName":"search_term_string"}}],"inLanguage":"de"},{"@type":"Organization","@id":"https:\/\/www.koonings.com\/de\/#organization","name":"Koonings","url":"https:\/\/www.koonings.com\/de\/","logo":{"@type":"ImageObject","inLanguage":"de","@id":"https:\/\/www.koonings.com\/de\/#\/schema\/logo\/image\/","url":"https:\/\/www.koonings.com\/wp-content\/uploads\/2024\/07\/logo.png","contentUrl":"https:\/\/www.koonings.com\/wp-content\/uploads\/2024\/07\/logo.png","width":600,"height":428,"caption":"Koonings"},"image":{"@id":"https:\/\/www.koonings.com\/de\/#\/schema\/logo\/image\/"},"sameAs":["https:\/\/www.facebook.com\/kooningstheweddingpalace","https:\/\/www.instagram.com\/kooningstheweddingpalace","https:\/\/www.pinterest.com\/koonings","https:\/\/www.youtube.com\/kooningstheweddingpalace"]}]}},"_links":{"self":[{"href":"https:\/\/www.koonings.com\/de\/wp-json\/wp\/v2\/product\/58824","targetHints":{"allow":["GET"]}}],"collection":[{"href":"https:\/\/www.koonings.com\/de\/wp-json\/wp\/v2\/product"}],"about":[{"href":"https:\/\/www.koonings.com\/de\/wp-json\/wp\/v2\/types\/product"}],"wp:featuredmedia":[{"embeddable":true,"href":"https:\/\/www.koonings.com\/de\/wp-json\/wp\/v2\/media\/47668"}],"wp:attachment":[{"href":"https:\/\/www.koonings.com\/de\/wp-json\/wp\/v2\/media?parent=58824"}],"wp:term":[{"taxonomy":"productdetails","embeddable":true,"href":"https:\/\/www.koonings.com\/de\/wp-json\/wp\/v2\/productdetails?post=58824"},{"taxonomy":"productneck","embeddable":true,"href":"https:\/\/www.koonings.com\/de\/wp-json\/wp\/v2\/productneck?post=58824"},{"taxonomy":"productcolor","embeddable":true,"href":"https:\/\/www.koonings.com\/de\/wp-json\/wp\/v2\/productcolor?post=58824"},{"taxonomy":"maat","embeddable":true,"href":"https:\/\/www.koonings.com\/de\/wp-json\/wp\/v2\/maat?post=58824"},{"taxonomy":"productsupplier","embeddable":true,"href":"https:\/\/www.koonings.com\/de\/wp-json\/wp\/v2\/productsupplier?post=58824"},{"taxonomy":"productsleeve","embeddable":true,"href":"https:\/\/www.koonings.com\/de\/wp-json\/wp\/v2\/productsleeve?post=58824"},{"taxonomy":"productcategory","embeddable":true,"href":"https:\/\/www.koonings.com\/de\/wp-json\/wp\/v2\/productcategory?post=58824"},{"taxonomy":"productsilhouette","embeddable":true,"href":"https:\/\/www.koonings.com\/de\/wp-json\/wp\/v2\/productsilhouette?post=58824"},{"taxonomy":"productstyle","embeddable":true,"href":"https:\/\/www.koonings.com\/de\/wp-json\/wp\/v2\/productstyle?post=58824"}],"curies":[{"name":"wp","href":"https:\/\/api.w.org\/{rel}","templated":true}]}}