{"id":58784,"date":"2026-04-10T16:24:45","date_gmt":"2026-04-10T14:24:45","guid":{"rendered":"https:\/\/www.koonings.com\/product\/demetrios-1265\/"},"modified":"2025-06-05T13:16:20","modified_gmt":"2025-06-05T11:16:20","slug":"demetrios-1265","status":"publish","type":"product","link":"https:\/\/www.koonings.com\/de\/product\/demetrios-1265\/","title":{"rendered":"Demetrios 1265"},"content":{"rendered":"<p>Wundersch\u00f6ner V-Ausschnitt aus Spitze, perfekt f\u00fcr die Braut, die luxuri\u00f6s und modern ist. Das Design zeichnet sich durch perlenbesetzte Spitzenapplikationen aus, die vom Oberteil bis zu den Kappen\u00e4rmeln kunstvoll gestaltet sind. Eine schmeichelhafte a-f\u00f6rmige Silhouette ist das i-T\u00fcpfelchen auf einem fabelhaften Kleid.  <\/p>\n","protected":false},"featured_media":47882,"template":"","meta":{"_acf_changed":false,"ghostkit_customizer_options":"","ghostkit_custom_css":"","ghostkit_custom_js_head":"","ghostkit_custom_js_foot":"","ghostkit_typography":""},"productdetails":[379,380,376,383,381],"productneck":[356],"productcolor":[393,392],"maat":[],"productsupplier":[402],"productsleeve":[],"productcategory":[18],"productsilhouette":[384],"productstyle":[366],"class_list":["post-58784","product","type-product","status-publish","has-post-thumbnail","hentry","productdetails-379","productdetails-380","productdetails-376","productdetails-383","productdetails-381","productneck-356","productcolor-393","productcolor-392","productsupplier-demetrios","productcategory-trouwjurken","productsilhouette-384","productstyle-366"],"acf":[],"yoast_head":"<!-- This site is optimized with the Yoast SEO plugin v27.3 - https:\/\/yoast.com\/product\/yoast-seo-wordpress\/ -->\n<title>Demetrios 1265 | Koonings<\/title>\n<meta name=\"description\" content=\"Wundersch\u00f6ner V-Ausschnitt aus Spitze, perfekt f\u00fcr die Braut, die luxuri\u00f6s und modern ist. Das Design zeichnet sich durch perlenbesetzte Spitzenapplikationen aus, die vom Oberteil bis zu den Kappen\u00e4rmeln kunstvoll gestaltet sind. Eine schmeichelhafte a-f\u00f6rmige Silhouette ist das i-T\u00fcpfelchen auf einem fabelhaften Kleid.\" \/>\n<meta name=\"robots\" content=\"index, follow, max-snippet:-1, max-image-preview:large, max-video-preview:-1\" \/>\n<link rel=\"canonical\" href=\"https:\/\/www.koonings.com\/de\/product\/demetrios-1265\/\" \/>\n<meta property=\"og:locale\" content=\"de_DE\" \/>\n<meta property=\"og:type\" content=\"article\" \/>\n<meta property=\"og:title\" content=\"Demetrios 1265 | Koonings\" \/>\n<meta property=\"og:description\" content=\"Wundersch\u00f6ner V-Ausschnitt aus Spitze, perfekt f\u00fcr die Braut, die luxuri\u00f6s und modern ist. Das Design zeichnet sich durch perlenbesetzte Spitzenapplikationen aus, die vom Oberteil bis zu den Kappen\u00e4rmeln kunstvoll gestaltet sind. Eine schmeichelhafte a-f\u00f6rmige Silhouette ist das i-T\u00fcpfelchen auf einem fabelhaften Kleid.\" \/>\n<meta property=\"og:url\" content=\"https:\/\/www.koonings.com\/de\/product\/demetrios-1265\/\" \/>\n<meta property=\"og:site_name\" content=\"Koonings\" \/>\n<meta property=\"article:publisher\" content=\"https:\/\/www.facebook.com\/kooningstheweddingpalace\" \/>\n<meta property=\"og:image\" content=\"https:\/\/www.koonings.com\/wp-content\/uploads\/2024\/11\/40938_a40cd7aec20ff6a46244e72dc7dc5663e255f304778f0774de6c08bf3859ef05dc48c261-scaled.jpeg\" \/>\n\t<meta property=\"og:image:width\" content=\"1810\" \/>\n\t<meta property=\"og:image:height\" content=\"2560\" \/>\n\t<meta property=\"og:image:type\" content=\"image\/jpeg\" \/>\n<meta name=\"twitter:card\" content=\"summary_large_image\" \/>\n<script type=\"application\/ld+json\" class=\"yoast-schema-graph\">{\"@context\":\"https:\\\/\\\/schema.org\",\"@graph\":[{\"@type\":\"WebPage\",\"@id\":\"https:\\\/\\\/www.koonings.com\\\/de\\\/product\\\/demetrios-1265\\\/\",\"url\":\"https:\\\/\\\/www.koonings.com\\\/de\\\/product\\\/demetrios-1265\\\/\",\"name\":\"Demetrios 1265 | Koonings\",\"isPartOf\":{\"@id\":\"https:\\\/\\\/www.koonings.com\\\/de\\\/#website\"},\"primaryImageOfPage\":{\"@id\":\"https:\\\/\\\/www.koonings.com\\\/de\\\/product\\\/demetrios-1265\\\/#primaryimage\"},\"image\":{\"@id\":\"https:\\\/\\\/www.koonings.com\\\/de\\\/product\\\/demetrios-1265\\\/#primaryimage\"},\"thumbnailUrl\":\"https:\\\/\\\/www.koonings.com\\\/wp-content\\\/uploads\\\/2024\\\/11\\\/40938_a40cd7aec20ff6a46244e72dc7dc5663e255f304778f0774de6c08bf3859ef05dc48c261-scaled.jpeg\",\"datePublished\":\"2026-04-10T14:24:45+00:00\",\"description\":\"Wundersch\u00f6ner V-Ausschnitt aus Spitze, perfekt f\u00fcr die Braut, die luxuri\u00f6s und modern ist. Das Design zeichnet sich durch perlenbesetzte Spitzenapplikationen aus, die vom Oberteil bis zu den Kappen\u00e4rmeln kunstvoll gestaltet sind. Eine schmeichelhafte a-f\u00f6rmige Silhouette ist das i-T\u00fcpfelchen auf einem fabelhaften Kleid.\",\"breadcrumb\":{\"@id\":\"https:\\\/\\\/www.koonings.com\\\/de\\\/product\\\/demetrios-1265\\\/#breadcrumb\"},\"inLanguage\":\"de\",\"potentialAction\":[{\"@type\":\"ReadAction\",\"target\":[\"https:\\\/\\\/www.koonings.com\\\/de\\\/product\\\/demetrios-1265\\\/\"]}]},{\"@type\":\"ImageObject\",\"inLanguage\":\"de\",\"@id\":\"https:\\\/\\\/www.koonings.com\\\/de\\\/product\\\/demetrios-1265\\\/#primaryimage\",\"url\":\"https:\\\/\\\/www.koonings.com\\\/wp-content\\\/uploads\\\/2024\\\/11\\\/40938_a40cd7aec20ff6a46244e72dc7dc5663e255f304778f0774de6c08bf3859ef05dc48c261-scaled.jpeg\",\"contentUrl\":\"https:\\\/\\\/www.koonings.com\\\/wp-content\\\/uploads\\\/2024\\\/11\\\/40938_a40cd7aec20ff6a46244e72dc7dc5663e255f304778f0774de6c08bf3859ef05dc48c261-scaled.jpeg\",\"width\":1810,\"height\":2560},{\"@type\":\"BreadcrumbList\",\"@id\":\"https:\\\/\\\/www.koonings.com\\\/de\\\/product\\\/demetrios-1265\\\/#breadcrumb\",\"itemListElement\":[{\"@type\":\"ListItem\",\"position\":1,\"name\":\"Home\",\"item\":\"https:\\\/\\\/www.koonings.com\\\/de\\\/\"},{\"@type\":\"ListItem\",\"position\":2,\"name\":\"Demetrios 1265\"}]},{\"@type\":\"WebSite\",\"@id\":\"https:\\\/\\\/www.koonings.com\\\/de\\\/#website\",\"url\":\"https:\\\/\\\/www.koonings.com\\\/de\\\/\",\"name\":\"Koonings\",\"description\":\"De grootste bruidsmodewinkel ter wereld\",\"publisher\":{\"@id\":\"https:\\\/\\\/www.koonings.com\\\/de\\\/#organization\"},\"potentialAction\":[{\"@type\":\"SearchAction\",\"target\":{\"@type\":\"EntryPoint\",\"urlTemplate\":\"https:\\\/\\\/www.koonings.com\\\/de\\\/?s={search_term_string}\"},\"query-input\":{\"@type\":\"PropertyValueSpecification\",\"valueRequired\":true,\"valueName\":\"search_term_string\"}}],\"inLanguage\":\"de\"},{\"@type\":\"Organization\",\"@id\":\"https:\\\/\\\/www.koonings.com\\\/de\\\/#organization\",\"name\":\"Koonings\",\"url\":\"https:\\\/\\\/www.koonings.com\\\/de\\\/\",\"logo\":{\"@type\":\"ImageObject\",\"inLanguage\":\"de\",\"@id\":\"https:\\\/\\\/www.koonings.com\\\/de\\\/#\\\/schema\\\/logo\\\/image\\\/\",\"url\":\"https:\\\/\\\/www.koonings.com\\\/wp-content\\\/uploads\\\/2024\\\/07\\\/logo.png\",\"contentUrl\":\"https:\\\/\\\/www.koonings.com\\\/wp-content\\\/uploads\\\/2024\\\/07\\\/logo.png\",\"width\":600,\"height\":428,\"caption\":\"Koonings\"},\"image\":{\"@id\":\"https:\\\/\\\/www.koonings.com\\\/de\\\/#\\\/schema\\\/logo\\\/image\\\/\"},\"sameAs\":[\"https:\\\/\\\/www.facebook.com\\\/kooningstheweddingpalace\",\"https:\\\/\\\/www.instagram.com\\\/kooningstheweddingpalace\",\"https:\\\/\\\/www.pinterest.com\\\/koonings\",\"https:\\\/\\\/www.youtube.com\\\/kooningstheweddingpalace\"]}]}<\/script>\n<!-- \/ Yoast SEO plugin. -->","yoast_head_json":{"title":"Demetrios 1265 | Koonings","description":"Wundersch\u00f6ner V-Ausschnitt aus Spitze, perfekt f\u00fcr die Braut, die luxuri\u00f6s und modern ist. Das Design zeichnet sich durch perlenbesetzte Spitzenapplikationen aus, die vom Oberteil bis zu den Kappen\u00e4rmeln kunstvoll gestaltet sind. Eine schmeichelhafte a-f\u00f6rmige Silhouette ist das i-T\u00fcpfelchen auf einem fabelhaften Kleid.","robots":{"index":"index","follow":"follow","max-snippet":"max-snippet:-1","max-image-preview":"max-image-preview:large","max-video-preview":"max-video-preview:-1"},"canonical":"https:\/\/www.koonings.com\/de\/product\/demetrios-1265\/","og_locale":"de_DE","og_type":"article","og_title":"Demetrios 1265 | Koonings","og_description":"Wundersch\u00f6ner V-Ausschnitt aus Spitze, perfekt f\u00fcr die Braut, die luxuri\u00f6s und modern ist. Das Design zeichnet sich durch perlenbesetzte Spitzenapplikationen aus, die vom Oberteil bis zu den Kappen\u00e4rmeln kunstvoll gestaltet sind. Eine schmeichelhafte a-f\u00f6rmige Silhouette ist das i-T\u00fcpfelchen auf einem fabelhaften Kleid.","og_url":"https:\/\/www.koonings.com\/de\/product\/demetrios-1265\/","og_site_name":"Koonings","article_publisher":"https:\/\/www.facebook.com\/kooningstheweddingpalace","og_image":[{"width":1810,"height":2560,"url":"https:\/\/www.koonings.com\/wp-content\/uploads\/2024\/11\/40938_a40cd7aec20ff6a46244e72dc7dc5663e255f304778f0774de6c08bf3859ef05dc48c261-scaled.jpeg","type":"image\/jpeg"}],"twitter_card":"summary_large_image","schema":{"@context":"https:\/\/schema.org","@graph":[{"@type":"WebPage","@id":"https:\/\/www.koonings.com\/de\/product\/demetrios-1265\/","url":"https:\/\/www.koonings.com\/de\/product\/demetrios-1265\/","name":"Demetrios 1265 | Koonings","isPartOf":{"@id":"https:\/\/www.koonings.com\/de\/#website"},"primaryImageOfPage":{"@id":"https:\/\/www.koonings.com\/de\/product\/demetrios-1265\/#primaryimage"},"image":{"@id":"https:\/\/www.koonings.com\/de\/product\/demetrios-1265\/#primaryimage"},"thumbnailUrl":"https:\/\/www.koonings.com\/wp-content\/uploads\/2024\/11\/40938_a40cd7aec20ff6a46244e72dc7dc5663e255f304778f0774de6c08bf3859ef05dc48c261-scaled.jpeg","datePublished":"2026-04-10T14:24:45+00:00","description":"Wundersch\u00f6ner V-Ausschnitt aus Spitze, perfekt f\u00fcr die Braut, die luxuri\u00f6s und modern ist. Das Design zeichnet sich durch perlenbesetzte Spitzenapplikationen aus, die vom Oberteil bis zu den Kappen\u00e4rmeln kunstvoll gestaltet sind. Eine schmeichelhafte a-f\u00f6rmige Silhouette ist das i-T\u00fcpfelchen auf einem fabelhaften Kleid.","breadcrumb":{"@id":"https:\/\/www.koonings.com\/de\/product\/demetrios-1265\/#breadcrumb"},"inLanguage":"de","potentialAction":[{"@type":"ReadAction","target":["https:\/\/www.koonings.com\/de\/product\/demetrios-1265\/"]}]},{"@type":"ImageObject","inLanguage":"de","@id":"https:\/\/www.koonings.com\/de\/product\/demetrios-1265\/#primaryimage","url":"https:\/\/www.koonings.com\/wp-content\/uploads\/2024\/11\/40938_a40cd7aec20ff6a46244e72dc7dc5663e255f304778f0774de6c08bf3859ef05dc48c261-scaled.jpeg","contentUrl":"https:\/\/www.koonings.com\/wp-content\/uploads\/2024\/11\/40938_a40cd7aec20ff6a46244e72dc7dc5663e255f304778f0774de6c08bf3859ef05dc48c261-scaled.jpeg","width":1810,"height":2560},{"@type":"BreadcrumbList","@id":"https:\/\/www.koonings.com\/de\/product\/demetrios-1265\/#breadcrumb","itemListElement":[{"@type":"ListItem","position":1,"name":"Home","item":"https:\/\/www.koonings.com\/de\/"},{"@type":"ListItem","position":2,"name":"Demetrios 1265"}]},{"@type":"WebSite","@id":"https:\/\/www.koonings.com\/de\/#website","url":"https:\/\/www.koonings.com\/de\/","name":"Koonings","description":"De grootste bruidsmodewinkel ter wereld","publisher":{"@id":"https:\/\/www.koonings.com\/de\/#organization"},"potentialAction":[{"@type":"SearchAction","target":{"@type":"EntryPoint","urlTemplate":"https:\/\/www.koonings.com\/de\/?s={search_term_string}"},"query-input":{"@type":"PropertyValueSpecification","valueRequired":true,"valueName":"search_term_string"}}],"inLanguage":"de"},{"@type":"Organization","@id":"https:\/\/www.koonings.com\/de\/#organization","name":"Koonings","url":"https:\/\/www.koonings.com\/de\/","logo":{"@type":"ImageObject","inLanguage":"de","@id":"https:\/\/www.koonings.com\/de\/#\/schema\/logo\/image\/","url":"https:\/\/www.koonings.com\/wp-content\/uploads\/2024\/07\/logo.png","contentUrl":"https:\/\/www.koonings.com\/wp-content\/uploads\/2024\/07\/logo.png","width":600,"height":428,"caption":"Koonings"},"image":{"@id":"https:\/\/www.koonings.com\/de\/#\/schema\/logo\/image\/"},"sameAs":["https:\/\/www.facebook.com\/kooningstheweddingpalace","https:\/\/www.instagram.com\/kooningstheweddingpalace","https:\/\/www.pinterest.com\/koonings","https:\/\/www.youtube.com\/kooningstheweddingpalace"]}]}},"_links":{"self":[{"href":"https:\/\/www.koonings.com\/de\/wp-json\/wp\/v2\/product\/58784","targetHints":{"allow":["GET"]}}],"collection":[{"href":"https:\/\/www.koonings.com\/de\/wp-json\/wp\/v2\/product"}],"about":[{"href":"https:\/\/www.koonings.com\/de\/wp-json\/wp\/v2\/types\/product"}],"wp:featuredmedia":[{"embeddable":true,"href":"https:\/\/www.koonings.com\/de\/wp-json\/wp\/v2\/media\/47882"}],"wp:attachment":[{"href":"https:\/\/www.koonings.com\/de\/wp-json\/wp\/v2\/media?parent=58784"}],"wp:term":[{"taxonomy":"productdetails","embeddable":true,"href":"https:\/\/www.koonings.com\/de\/wp-json\/wp\/v2\/productdetails?post=58784"},{"taxonomy":"productneck","embeddable":true,"href":"https:\/\/www.koonings.com\/de\/wp-json\/wp\/v2\/productneck?post=58784"},{"taxonomy":"productcolor","embeddable":true,"href":"https:\/\/www.koonings.com\/de\/wp-json\/wp\/v2\/productcolor?post=58784"},{"taxonomy":"maat","embeddable":true,"href":"https:\/\/www.koonings.com\/de\/wp-json\/wp\/v2\/maat?post=58784"},{"taxonomy":"productsupplier","embeddable":true,"href":"https:\/\/www.koonings.com\/de\/wp-json\/wp\/v2\/productsupplier?post=58784"},{"taxonomy":"productsleeve","embeddable":true,"href":"https:\/\/www.koonings.com\/de\/wp-json\/wp\/v2\/productsleeve?post=58784"},{"taxonomy":"productcategory","embeddable":true,"href":"https:\/\/www.koonings.com\/de\/wp-json\/wp\/v2\/productcategory?post=58784"},{"taxonomy":"productsilhouette","embeddable":true,"href":"https:\/\/www.koonings.com\/de\/wp-json\/wp\/v2\/productsilhouette?post=58784"},{"taxonomy":"productstyle","embeddable":true,"href":"https:\/\/www.koonings.com\/de\/wp-json\/wp\/v2\/productstyle?post=58784"}],"curies":[{"name":"wp","href":"https:\/\/api.w.org\/{rel}","templated":true}]}}