{"id":58763,"date":"2025-12-15T00:38:21","date_gmt":"2025-12-14T23:38:21","guid":{"rendered":"https:\/\/www.koonings.com\/product\/nicole-milano-collection-couture-jalal-nc125az2\/"},"modified":"2026-02-03T18:45:57","modified_gmt":"2026-02-03T17:45:57","slug":"nicole-milano-collection-couture-jalal-nc125az2","status":"publish","type":"product","link":"https:\/\/www.koonings.com\/de\/product\/nicole-milano-collection-couture-jalal-nc125az2\/","title":{"rendered":"Nicole Milano Kollektion Couture Jalal NC125AZ2"},"content":{"rendered":"<p>Erleben Sie wahre Liebe auf den ersten Blick mit diesem Prinzessinnenkleid. Es ist mit luxuri\u00f6ser Spitzenstickerei und Perlenapplikationen verziert und hat ein \u00e4rmelloses Mieder mit einem herzf\u00f6rmigen Ausschnitt. Es hat lange abnehmbare \u00c4rmel mit einem umh\u00fcllenden Effekt. Der T\u00fcllrock ist mit floralen Ornamenten bestickt und entfaltet sich in einer Kathedralen-Drapierung.   <\/p>\n","protected":false},"featured_media":48041,"template":"","meta":{"_acf_changed":false,"ghostkit_customizer_options":"","ghostkit_custom_css":"","ghostkit_custom_js_head":"","ghostkit_custom_js_foot":"","ghostkit_typography":""},"productdetails":[381],"productneck":[356],"productcolor":[392],"maat":[],"productsupplier":[447],"productsleeve":[362],"productcategory":[18],"productsilhouette":[388],"productstyle":[372],"class_list":["post-58763","product","type-product","status-publish","has-post-thumbnail","hentry","productdetails-381","productneck-356","productcolor-392","productsupplier-nicole-milano-collection-couture","productsleeve-362","productcategory-trouwjurken","productsilhouette-388","productstyle-372"],"acf":[],"yoast_head":"<!-- This site is optimized with the Yoast SEO plugin v27.3 - https:\/\/yoast.com\/product\/yoast-seo-wordpress\/ -->\n<title>Nicole Milano Kollektion Couture Jalal NC125AZ2 | Koonings<\/title>\n<meta name=\"description\" content=\"Erleben Sie wahre Liebe auf den ersten Blick mit diesem Prinzessinnenkleid. Es ist mit luxuri\u00f6ser Spitzenstickerei und Perlenapplikationen verziert und hat ein \u00e4rmelloses Mieder mit einem herzf\u00f6rmigen Ausschnitt. Es hat lange abnehmbare \u00c4rmel mit einem umh\u00fcllenden Effekt. Der T\u00fcllrock ist mit floralen Ornamenten bestickt und entfaltet sich in einer Kathedralen-Drapierung.\" \/>\n<meta name=\"robots\" content=\"index, follow, max-snippet:-1, max-image-preview:large, max-video-preview:-1\" \/>\n<link rel=\"canonical\" href=\"https:\/\/www.koonings.com\/de\/product\/nicole-milano-collection-couture-jalal-nc125az2\/\" \/>\n<meta property=\"og:locale\" content=\"de_DE\" \/>\n<meta property=\"og:type\" content=\"article\" \/>\n<meta property=\"og:title\" content=\"Nicole Milano Kollektion Couture Jalal NC125AZ2 | Koonings\" \/>\n<meta property=\"og:description\" content=\"Erleben Sie wahre Liebe auf den ersten Blick mit diesem Prinzessinnenkleid. Es ist mit luxuri\u00f6ser Spitzenstickerei und Perlenapplikationen verziert und hat ein \u00e4rmelloses Mieder mit einem herzf\u00f6rmigen Ausschnitt. Es hat lange abnehmbare \u00c4rmel mit einem umh\u00fcllenden Effekt. Der T\u00fcllrock ist mit floralen Ornamenten bestickt und entfaltet sich in einer Kathedralen-Drapierung.\" \/>\n<meta property=\"og:url\" content=\"https:\/\/www.koonings.com\/de\/product\/nicole-milano-collection-couture-jalal-nc125az2\/\" \/>\n<meta property=\"og:site_name\" content=\"Koonings\" \/>\n<meta property=\"article:publisher\" content=\"https:\/\/www.facebook.com\/kooningstheweddingpalace\" \/>\n<meta property=\"article:modified_time\" content=\"2026-02-03T17:45:57+00:00\" \/>\n<meta property=\"og:image\" content=\"https:\/\/www.koonings.com\/wp-content\/uploads\/2024\/11\/40945_5f96aaacde0f146579d2c8ad1d621fae7ce6bac356a4b714ddc4fc32f07304601add247d-scaled.jpeg\" \/>\n\t<meta property=\"og:image:width\" content=\"1810\" \/>\n\t<meta property=\"og:image:height\" content=\"2560\" \/>\n\t<meta property=\"og:image:type\" content=\"image\/jpeg\" \/>\n<meta name=\"twitter:card\" content=\"summary_large_image\" \/>\n<script type=\"application\/ld+json\" class=\"yoast-schema-graph\">{\"@context\":\"https:\\\/\\\/schema.org\",\"@graph\":[{\"@type\":\"WebPage\",\"@id\":\"https:\\\/\\\/www.koonings.com\\\/de\\\/product\\\/nicole-milano-collection-couture-jalal-nc125az2\\\/\",\"url\":\"https:\\\/\\\/www.koonings.com\\\/de\\\/product\\\/nicole-milano-collection-couture-jalal-nc125az2\\\/\",\"name\":\"Nicole Milano Kollektion Couture Jalal NC125AZ2 | Koonings\",\"isPartOf\":{\"@id\":\"https:\\\/\\\/www.koonings.com\\\/de\\\/#website\"},\"primaryImageOfPage\":{\"@id\":\"https:\\\/\\\/www.koonings.com\\\/de\\\/product\\\/nicole-milano-collection-couture-jalal-nc125az2\\\/#primaryimage\"},\"image\":{\"@id\":\"https:\\\/\\\/www.koonings.com\\\/de\\\/product\\\/nicole-milano-collection-couture-jalal-nc125az2\\\/#primaryimage\"},\"thumbnailUrl\":\"https:\\\/\\\/www.koonings.com\\\/wp-content\\\/uploads\\\/2024\\\/11\\\/40945_5f96aaacde0f146579d2c8ad1d621fae7ce6bac356a4b714ddc4fc32f07304601add247d-scaled.jpeg\",\"datePublished\":\"2025-12-14T23:38:21+00:00\",\"dateModified\":\"2026-02-03T17:45:57+00:00\",\"description\":\"Erleben Sie wahre Liebe auf den ersten Blick mit diesem Prinzessinnenkleid. Es ist mit luxuri\u00f6ser Spitzenstickerei und Perlenapplikationen verziert und hat ein \u00e4rmelloses Mieder mit einem herzf\u00f6rmigen Ausschnitt. Es hat lange abnehmbare \u00c4rmel mit einem umh\u00fcllenden Effekt. Der T\u00fcllrock ist mit floralen Ornamenten bestickt und entfaltet sich in einer Kathedralen-Drapierung.\",\"breadcrumb\":{\"@id\":\"https:\\\/\\\/www.koonings.com\\\/de\\\/product\\\/nicole-milano-collection-couture-jalal-nc125az2\\\/#breadcrumb\"},\"inLanguage\":\"de\",\"potentialAction\":[{\"@type\":\"ReadAction\",\"target\":[\"https:\\\/\\\/www.koonings.com\\\/de\\\/product\\\/nicole-milano-collection-couture-jalal-nc125az2\\\/\"]}]},{\"@type\":\"ImageObject\",\"inLanguage\":\"de\",\"@id\":\"https:\\\/\\\/www.koonings.com\\\/de\\\/product\\\/nicole-milano-collection-couture-jalal-nc125az2\\\/#primaryimage\",\"url\":\"https:\\\/\\\/www.koonings.com\\\/wp-content\\\/uploads\\\/2024\\\/11\\\/40945_5f96aaacde0f146579d2c8ad1d621fae7ce6bac356a4b714ddc4fc32f07304601add247d-scaled.jpeg\",\"contentUrl\":\"https:\\\/\\\/www.koonings.com\\\/wp-content\\\/uploads\\\/2024\\\/11\\\/40945_5f96aaacde0f146579d2c8ad1d621fae7ce6bac356a4b714ddc4fc32f07304601add247d-scaled.jpeg\",\"width\":1810,\"height\":2560},{\"@type\":\"BreadcrumbList\",\"@id\":\"https:\\\/\\\/www.koonings.com\\\/de\\\/product\\\/nicole-milano-collection-couture-jalal-nc125az2\\\/#breadcrumb\",\"itemListElement\":[{\"@type\":\"ListItem\",\"position\":1,\"name\":\"Home\",\"item\":\"https:\\\/\\\/www.koonings.com\\\/de\\\/\"},{\"@type\":\"ListItem\",\"position\":2,\"name\":\"Nicole Milano Kollektion Couture Jalal NC125AZ2\"}]},{\"@type\":\"WebSite\",\"@id\":\"https:\\\/\\\/www.koonings.com\\\/de\\\/#website\",\"url\":\"https:\\\/\\\/www.koonings.com\\\/de\\\/\",\"name\":\"Koonings\",\"description\":\"De grootste bruidsmodewinkel ter wereld\",\"publisher\":{\"@id\":\"https:\\\/\\\/www.koonings.com\\\/de\\\/#organization\"},\"potentialAction\":[{\"@type\":\"SearchAction\",\"target\":{\"@type\":\"EntryPoint\",\"urlTemplate\":\"https:\\\/\\\/www.koonings.com\\\/de\\\/?s={search_term_string}\"},\"query-input\":{\"@type\":\"PropertyValueSpecification\",\"valueRequired\":true,\"valueName\":\"search_term_string\"}}],\"inLanguage\":\"de\"},{\"@type\":\"Organization\",\"@id\":\"https:\\\/\\\/www.koonings.com\\\/de\\\/#organization\",\"name\":\"Koonings\",\"url\":\"https:\\\/\\\/www.koonings.com\\\/de\\\/\",\"logo\":{\"@type\":\"ImageObject\",\"inLanguage\":\"de\",\"@id\":\"https:\\\/\\\/www.koonings.com\\\/de\\\/#\\\/schema\\\/logo\\\/image\\\/\",\"url\":\"https:\\\/\\\/www.koonings.com\\\/wp-content\\\/uploads\\\/2024\\\/07\\\/logo.png\",\"contentUrl\":\"https:\\\/\\\/www.koonings.com\\\/wp-content\\\/uploads\\\/2024\\\/07\\\/logo.png\",\"width\":600,\"height\":428,\"caption\":\"Koonings\"},\"image\":{\"@id\":\"https:\\\/\\\/www.koonings.com\\\/de\\\/#\\\/schema\\\/logo\\\/image\\\/\"},\"sameAs\":[\"https:\\\/\\\/www.facebook.com\\\/kooningstheweddingpalace\",\"https:\\\/\\\/www.instagram.com\\\/kooningstheweddingpalace\",\"https:\\\/\\\/www.pinterest.com\\\/koonings\",\"https:\\\/\\\/www.youtube.com\\\/kooningstheweddingpalace\"]}]}<\/script>\n<!-- \/ Yoast SEO plugin. -->","yoast_head_json":{"title":"Nicole Milano Kollektion Couture Jalal NC125AZ2 | Koonings","description":"Erleben Sie wahre Liebe auf den ersten Blick mit diesem Prinzessinnenkleid. Es ist mit luxuri\u00f6ser Spitzenstickerei und Perlenapplikationen verziert und hat ein \u00e4rmelloses Mieder mit einem herzf\u00f6rmigen Ausschnitt. Es hat lange abnehmbare \u00c4rmel mit einem umh\u00fcllenden Effekt. Der T\u00fcllrock ist mit floralen Ornamenten bestickt und entfaltet sich in einer Kathedralen-Drapierung.","robots":{"index":"index","follow":"follow","max-snippet":"max-snippet:-1","max-image-preview":"max-image-preview:large","max-video-preview":"max-video-preview:-1"},"canonical":"https:\/\/www.koonings.com\/de\/product\/nicole-milano-collection-couture-jalal-nc125az2\/","og_locale":"de_DE","og_type":"article","og_title":"Nicole Milano Kollektion Couture Jalal NC125AZ2 | Koonings","og_description":"Erleben Sie wahre Liebe auf den ersten Blick mit diesem Prinzessinnenkleid. Es ist mit luxuri\u00f6ser Spitzenstickerei und Perlenapplikationen verziert und hat ein \u00e4rmelloses Mieder mit einem herzf\u00f6rmigen Ausschnitt. Es hat lange abnehmbare \u00c4rmel mit einem umh\u00fcllenden Effekt. Der T\u00fcllrock ist mit floralen Ornamenten bestickt und entfaltet sich in einer Kathedralen-Drapierung.","og_url":"https:\/\/www.koonings.com\/de\/product\/nicole-milano-collection-couture-jalal-nc125az2\/","og_site_name":"Koonings","article_publisher":"https:\/\/www.facebook.com\/kooningstheweddingpalace","article_modified_time":"2026-02-03T17:45:57+00:00","og_image":[{"width":1810,"height":2560,"url":"https:\/\/www.koonings.com\/wp-content\/uploads\/2024\/11\/40945_5f96aaacde0f146579d2c8ad1d621fae7ce6bac356a4b714ddc4fc32f07304601add247d-scaled.jpeg","type":"image\/jpeg"}],"twitter_card":"summary_large_image","schema":{"@context":"https:\/\/schema.org","@graph":[{"@type":"WebPage","@id":"https:\/\/www.koonings.com\/de\/product\/nicole-milano-collection-couture-jalal-nc125az2\/","url":"https:\/\/www.koonings.com\/de\/product\/nicole-milano-collection-couture-jalal-nc125az2\/","name":"Nicole Milano Kollektion Couture Jalal NC125AZ2 | Koonings","isPartOf":{"@id":"https:\/\/www.koonings.com\/de\/#website"},"primaryImageOfPage":{"@id":"https:\/\/www.koonings.com\/de\/product\/nicole-milano-collection-couture-jalal-nc125az2\/#primaryimage"},"image":{"@id":"https:\/\/www.koonings.com\/de\/product\/nicole-milano-collection-couture-jalal-nc125az2\/#primaryimage"},"thumbnailUrl":"https:\/\/www.koonings.com\/wp-content\/uploads\/2024\/11\/40945_5f96aaacde0f146579d2c8ad1d621fae7ce6bac356a4b714ddc4fc32f07304601add247d-scaled.jpeg","datePublished":"2025-12-14T23:38:21+00:00","dateModified":"2026-02-03T17:45:57+00:00","description":"Erleben Sie wahre Liebe auf den ersten Blick mit diesem Prinzessinnenkleid. Es ist mit luxuri\u00f6ser Spitzenstickerei und Perlenapplikationen verziert und hat ein \u00e4rmelloses Mieder mit einem herzf\u00f6rmigen Ausschnitt. Es hat lange abnehmbare \u00c4rmel mit einem umh\u00fcllenden Effekt. Der T\u00fcllrock ist mit floralen Ornamenten bestickt und entfaltet sich in einer Kathedralen-Drapierung.","breadcrumb":{"@id":"https:\/\/www.koonings.com\/de\/product\/nicole-milano-collection-couture-jalal-nc125az2\/#breadcrumb"},"inLanguage":"de","potentialAction":[{"@type":"ReadAction","target":["https:\/\/www.koonings.com\/de\/product\/nicole-milano-collection-couture-jalal-nc125az2\/"]}]},{"@type":"ImageObject","inLanguage":"de","@id":"https:\/\/www.koonings.com\/de\/product\/nicole-milano-collection-couture-jalal-nc125az2\/#primaryimage","url":"https:\/\/www.koonings.com\/wp-content\/uploads\/2024\/11\/40945_5f96aaacde0f146579d2c8ad1d621fae7ce6bac356a4b714ddc4fc32f07304601add247d-scaled.jpeg","contentUrl":"https:\/\/www.koonings.com\/wp-content\/uploads\/2024\/11\/40945_5f96aaacde0f146579d2c8ad1d621fae7ce6bac356a4b714ddc4fc32f07304601add247d-scaled.jpeg","width":1810,"height":2560},{"@type":"BreadcrumbList","@id":"https:\/\/www.koonings.com\/de\/product\/nicole-milano-collection-couture-jalal-nc125az2\/#breadcrumb","itemListElement":[{"@type":"ListItem","position":1,"name":"Home","item":"https:\/\/www.koonings.com\/de\/"},{"@type":"ListItem","position":2,"name":"Nicole Milano Kollektion Couture Jalal NC125AZ2"}]},{"@type":"WebSite","@id":"https:\/\/www.koonings.com\/de\/#website","url":"https:\/\/www.koonings.com\/de\/","name":"Koonings","description":"De grootste bruidsmodewinkel ter wereld","publisher":{"@id":"https:\/\/www.koonings.com\/de\/#organization"},"potentialAction":[{"@type":"SearchAction","target":{"@type":"EntryPoint","urlTemplate":"https:\/\/www.koonings.com\/de\/?s={search_term_string}"},"query-input":{"@type":"PropertyValueSpecification","valueRequired":true,"valueName":"search_term_string"}}],"inLanguage":"de"},{"@type":"Organization","@id":"https:\/\/www.koonings.com\/de\/#organization","name":"Koonings","url":"https:\/\/www.koonings.com\/de\/","logo":{"@type":"ImageObject","inLanguage":"de","@id":"https:\/\/www.koonings.com\/de\/#\/schema\/logo\/image\/","url":"https:\/\/www.koonings.com\/wp-content\/uploads\/2024\/07\/logo.png","contentUrl":"https:\/\/www.koonings.com\/wp-content\/uploads\/2024\/07\/logo.png","width":600,"height":428,"caption":"Koonings"},"image":{"@id":"https:\/\/www.koonings.com\/de\/#\/schema\/logo\/image\/"},"sameAs":["https:\/\/www.facebook.com\/kooningstheweddingpalace","https:\/\/www.instagram.com\/kooningstheweddingpalace","https:\/\/www.pinterest.com\/koonings","https:\/\/www.youtube.com\/kooningstheweddingpalace"]}]}},"_links":{"self":[{"href":"https:\/\/www.koonings.com\/de\/wp-json\/wp\/v2\/product\/58763","targetHints":{"allow":["GET"]}}],"collection":[{"href":"https:\/\/www.koonings.com\/de\/wp-json\/wp\/v2\/product"}],"about":[{"href":"https:\/\/www.koonings.com\/de\/wp-json\/wp\/v2\/types\/product"}],"wp:featuredmedia":[{"embeddable":true,"href":"https:\/\/www.koonings.com\/de\/wp-json\/wp\/v2\/media\/48041"}],"wp:attachment":[{"href":"https:\/\/www.koonings.com\/de\/wp-json\/wp\/v2\/media?parent=58763"}],"wp:term":[{"taxonomy":"productdetails","embeddable":true,"href":"https:\/\/www.koonings.com\/de\/wp-json\/wp\/v2\/productdetails?post=58763"},{"taxonomy":"productneck","embeddable":true,"href":"https:\/\/www.koonings.com\/de\/wp-json\/wp\/v2\/productneck?post=58763"},{"taxonomy":"productcolor","embeddable":true,"href":"https:\/\/www.koonings.com\/de\/wp-json\/wp\/v2\/productcolor?post=58763"},{"taxonomy":"maat","embeddable":true,"href":"https:\/\/www.koonings.com\/de\/wp-json\/wp\/v2\/maat?post=58763"},{"taxonomy":"productsupplier","embeddable":true,"href":"https:\/\/www.koonings.com\/de\/wp-json\/wp\/v2\/productsupplier?post=58763"},{"taxonomy":"productsleeve","embeddable":true,"href":"https:\/\/www.koonings.com\/de\/wp-json\/wp\/v2\/productsleeve?post=58763"},{"taxonomy":"productcategory","embeddable":true,"href":"https:\/\/www.koonings.com\/de\/wp-json\/wp\/v2\/productcategory?post=58763"},{"taxonomy":"productsilhouette","embeddable":true,"href":"https:\/\/www.koonings.com\/de\/wp-json\/wp\/v2\/productsilhouette?post=58763"},{"taxonomy":"productstyle","embeddable":true,"href":"https:\/\/www.koonings.com\/de\/wp-json\/wp\/v2\/productstyle?post=58763"}],"curies":[{"name":"wp","href":"https:\/\/api.w.org\/{rel}","templated":true}]}}