{"id":58746,"date":"2025-12-15T00:38:24","date_gmt":"2025-12-14T23:38:24","guid":{"rendered":"https:\/\/www.koonings.com\/product\/nicole-milano-merne-ni125br1\/"},"modified":"2026-02-03T18:46:16","modified_gmt":"2026-02-03T17:46:16","slug":"nicole-milano-merne-ni125br1","status":"publish","type":"product","link":"https:\/\/www.koonings.com\/de\/product\/nicole-milano-merne-ni125br1\/","title":{"rendered":"Nicole Milano Merne NI125BR1"},"content":{"rendered":"<p>Fesselnder langer Meerjungfrauen-Stil, der Ihre Figur mit der weichen Leichtigkeit von Satin umschmeichelt. Falten definieren das Mieder, das sich vom herzf\u00f6rmigen Ausschnitt bis zur Taille erstreckt und in die langen \u00c4rmel \u00fcbergeht, die im R\u00fccken wie ein Schal zusammengebunden sind. Der R\u00fccken hat einen runden Ausschnitt mit einer handwerklich inspirierten Blumenstickerei auf durchsichtigem Stoff mit Kn\u00f6pfen.  <\/p>\n","protected":false},"featured_media":48192,"template":"","meta":{"_acf_changed":false,"ghostkit_customizer_options":"","ghostkit_custom_css":"","ghostkit_custom_js_head":"","ghostkit_custom_js_foot":"","ghostkit_typography":""},"productdetails":[378],"productneck":[352],"productcolor":[392],"maat":[],"productsupplier":[436],"productsleeve":[362],"productcategory":[18],"productsilhouette":[387,389],"productstyle":[370],"class_list":["post-58746","product","type-product","status-publish","has-post-thumbnail","hentry","productdetails-378","productneck-352","productcolor-392","productsupplier-nicole-milano","productsleeve-362","productcategory-trouwjurken","productsilhouette-387","productsilhouette-389","productstyle-370"],"acf":[],"yoast_head":"<!-- This site is optimized with the Yoast SEO plugin v27.3 - https:\/\/yoast.com\/product\/yoast-seo-wordpress\/ -->\n<title>Nicole Milano Merne NI125BR1 | Koonings<\/title>\n<meta name=\"description\" content=\"Fesselnder langer Meerjungfrauen-Stil, der Ihre Figur mit der weichen Leichtigkeit von Satin umschmeichelt. Falten definieren das Mieder, das sich vom herzf\u00f6rmigen Ausschnitt bis zur Taille erstreckt und in die langen \u00c4rmel \u00fcbergeht, die im R\u00fccken wie ein Schal zusammengebunden sind. Der R\u00fccken hat einen runden Ausschnitt mit einer handwerklich inspirierten Blumenstickerei auf durchsichtigem Stoff mit Kn\u00f6pfen.\" \/>\n<meta name=\"robots\" content=\"index, follow, max-snippet:-1, max-image-preview:large, max-video-preview:-1\" \/>\n<link rel=\"canonical\" href=\"https:\/\/www.koonings.com\/de\/product\/nicole-milano-merne-ni125br1\/\" \/>\n<meta property=\"og:locale\" content=\"de_DE\" \/>\n<meta property=\"og:type\" content=\"article\" \/>\n<meta property=\"og:title\" content=\"Nicole Milano Merne NI125BR1 | Koonings\" \/>\n<meta property=\"og:description\" content=\"Fesselnder langer Meerjungfrauen-Stil, der Ihre Figur mit der weichen Leichtigkeit von Satin umschmeichelt. Falten definieren das Mieder, das sich vom herzf\u00f6rmigen Ausschnitt bis zur Taille erstreckt und in die langen \u00c4rmel \u00fcbergeht, die im R\u00fccken wie ein Schal zusammengebunden sind. Der R\u00fccken hat einen runden Ausschnitt mit einer handwerklich inspirierten Blumenstickerei auf durchsichtigem Stoff mit Kn\u00f6pfen.\" \/>\n<meta property=\"og:url\" content=\"https:\/\/www.koonings.com\/de\/product\/nicole-milano-merne-ni125br1\/\" \/>\n<meta property=\"og:site_name\" content=\"Koonings\" \/>\n<meta property=\"article:publisher\" content=\"https:\/\/www.facebook.com\/kooningstheweddingpalace\" \/>\n<meta property=\"article:modified_time\" content=\"2026-02-03T17:46:16+00:00\" \/>\n<meta property=\"og:image\" content=\"https:\/\/www.koonings.com\/wp-content\/uploads\/2024\/11\/40952_b7f8969150d676cee033b402705b5b67e7e10b96a525aad4ef140f4fba4aa4c3a10675ef-scaled.jpeg\" \/>\n\t<meta property=\"og:image:width\" content=\"1808\" \/>\n\t<meta property=\"og:image:height\" content=\"2560\" \/>\n\t<meta property=\"og:image:type\" content=\"image\/jpeg\" \/>\n<meta name=\"twitter:card\" content=\"summary_large_image\" \/>\n<script type=\"application\/ld+json\" class=\"yoast-schema-graph\">{\"@context\":\"https:\\\/\\\/schema.org\",\"@graph\":[{\"@type\":\"WebPage\",\"@id\":\"https:\\\/\\\/www.koonings.com\\\/de\\\/product\\\/nicole-milano-merne-ni125br1\\\/\",\"url\":\"https:\\\/\\\/www.koonings.com\\\/de\\\/product\\\/nicole-milano-merne-ni125br1\\\/\",\"name\":\"Nicole Milano Merne NI125BR1 | Koonings\",\"isPartOf\":{\"@id\":\"https:\\\/\\\/www.koonings.com\\\/de\\\/#website\"},\"primaryImageOfPage\":{\"@id\":\"https:\\\/\\\/www.koonings.com\\\/de\\\/product\\\/nicole-milano-merne-ni125br1\\\/#primaryimage\"},\"image\":{\"@id\":\"https:\\\/\\\/www.koonings.com\\\/de\\\/product\\\/nicole-milano-merne-ni125br1\\\/#primaryimage\"},\"thumbnailUrl\":\"https:\\\/\\\/www.koonings.com\\\/wp-content\\\/uploads\\\/2024\\\/11\\\/40952_b7f8969150d676cee033b402705b5b67e7e10b96a525aad4ef140f4fba4aa4c3a10675ef-scaled.jpeg\",\"datePublished\":\"2025-12-14T23:38:24+00:00\",\"dateModified\":\"2026-02-03T17:46:16+00:00\",\"description\":\"Fesselnder langer Meerjungfrauen-Stil, der Ihre Figur mit der weichen Leichtigkeit von Satin umschmeichelt. Falten definieren das Mieder, das sich vom herzf\u00f6rmigen Ausschnitt bis zur Taille erstreckt und in die langen \u00c4rmel \u00fcbergeht, die im R\u00fccken wie ein Schal zusammengebunden sind. Der R\u00fccken hat einen runden Ausschnitt mit einer handwerklich inspirierten Blumenstickerei auf durchsichtigem Stoff mit Kn\u00f6pfen.\",\"breadcrumb\":{\"@id\":\"https:\\\/\\\/www.koonings.com\\\/de\\\/product\\\/nicole-milano-merne-ni125br1\\\/#breadcrumb\"},\"inLanguage\":\"de\",\"potentialAction\":[{\"@type\":\"ReadAction\",\"target\":[\"https:\\\/\\\/www.koonings.com\\\/de\\\/product\\\/nicole-milano-merne-ni125br1\\\/\"]}]},{\"@type\":\"ImageObject\",\"inLanguage\":\"de\",\"@id\":\"https:\\\/\\\/www.koonings.com\\\/de\\\/product\\\/nicole-milano-merne-ni125br1\\\/#primaryimage\",\"url\":\"https:\\\/\\\/www.koonings.com\\\/wp-content\\\/uploads\\\/2024\\\/11\\\/40952_b7f8969150d676cee033b402705b5b67e7e10b96a525aad4ef140f4fba4aa4c3a10675ef-scaled.jpeg\",\"contentUrl\":\"https:\\\/\\\/www.koonings.com\\\/wp-content\\\/uploads\\\/2024\\\/11\\\/40952_b7f8969150d676cee033b402705b5b67e7e10b96a525aad4ef140f4fba4aa4c3a10675ef-scaled.jpeg\",\"width\":1808,\"height\":2560},{\"@type\":\"BreadcrumbList\",\"@id\":\"https:\\\/\\\/www.koonings.com\\\/de\\\/product\\\/nicole-milano-merne-ni125br1\\\/#breadcrumb\",\"itemListElement\":[{\"@type\":\"ListItem\",\"position\":1,\"name\":\"Home\",\"item\":\"https:\\\/\\\/www.koonings.com\\\/de\\\/\"},{\"@type\":\"ListItem\",\"position\":2,\"name\":\"Nicole Milano Merne NI125BR1\"}]},{\"@type\":\"WebSite\",\"@id\":\"https:\\\/\\\/www.koonings.com\\\/de\\\/#website\",\"url\":\"https:\\\/\\\/www.koonings.com\\\/de\\\/\",\"name\":\"Koonings\",\"description\":\"De grootste bruidsmodewinkel ter wereld\",\"publisher\":{\"@id\":\"https:\\\/\\\/www.koonings.com\\\/de\\\/#organization\"},\"potentialAction\":[{\"@type\":\"SearchAction\",\"target\":{\"@type\":\"EntryPoint\",\"urlTemplate\":\"https:\\\/\\\/www.koonings.com\\\/de\\\/?s={search_term_string}\"},\"query-input\":{\"@type\":\"PropertyValueSpecification\",\"valueRequired\":true,\"valueName\":\"search_term_string\"}}],\"inLanguage\":\"de\"},{\"@type\":\"Organization\",\"@id\":\"https:\\\/\\\/www.koonings.com\\\/de\\\/#organization\",\"name\":\"Koonings\",\"url\":\"https:\\\/\\\/www.koonings.com\\\/de\\\/\",\"logo\":{\"@type\":\"ImageObject\",\"inLanguage\":\"de\",\"@id\":\"https:\\\/\\\/www.koonings.com\\\/de\\\/#\\\/schema\\\/logo\\\/image\\\/\",\"url\":\"https:\\\/\\\/www.koonings.com\\\/wp-content\\\/uploads\\\/2024\\\/07\\\/logo.png\",\"contentUrl\":\"https:\\\/\\\/www.koonings.com\\\/wp-content\\\/uploads\\\/2024\\\/07\\\/logo.png\",\"width\":600,\"height\":428,\"caption\":\"Koonings\"},\"image\":{\"@id\":\"https:\\\/\\\/www.koonings.com\\\/de\\\/#\\\/schema\\\/logo\\\/image\\\/\"},\"sameAs\":[\"https:\\\/\\\/www.facebook.com\\\/kooningstheweddingpalace\",\"https:\\\/\\\/www.instagram.com\\\/kooningstheweddingpalace\",\"https:\\\/\\\/www.pinterest.com\\\/koonings\",\"https:\\\/\\\/www.youtube.com\\\/kooningstheweddingpalace\"]}]}<\/script>\n<!-- \/ Yoast SEO plugin. -->","yoast_head_json":{"title":"Nicole Milano Merne NI125BR1 | Koonings","description":"Fesselnder langer Meerjungfrauen-Stil, der Ihre Figur mit der weichen Leichtigkeit von Satin umschmeichelt. Falten definieren das Mieder, das sich vom herzf\u00f6rmigen Ausschnitt bis zur Taille erstreckt und in die langen \u00c4rmel \u00fcbergeht, die im R\u00fccken wie ein Schal zusammengebunden sind. Der R\u00fccken hat einen runden Ausschnitt mit einer handwerklich inspirierten Blumenstickerei auf durchsichtigem Stoff mit Kn\u00f6pfen.","robots":{"index":"index","follow":"follow","max-snippet":"max-snippet:-1","max-image-preview":"max-image-preview:large","max-video-preview":"max-video-preview:-1"},"canonical":"https:\/\/www.koonings.com\/de\/product\/nicole-milano-merne-ni125br1\/","og_locale":"de_DE","og_type":"article","og_title":"Nicole Milano Merne NI125BR1 | Koonings","og_description":"Fesselnder langer Meerjungfrauen-Stil, der Ihre Figur mit der weichen Leichtigkeit von Satin umschmeichelt. Falten definieren das Mieder, das sich vom herzf\u00f6rmigen Ausschnitt bis zur Taille erstreckt und in die langen \u00c4rmel \u00fcbergeht, die im R\u00fccken wie ein Schal zusammengebunden sind. Der R\u00fccken hat einen runden Ausschnitt mit einer handwerklich inspirierten Blumenstickerei auf durchsichtigem Stoff mit Kn\u00f6pfen.","og_url":"https:\/\/www.koonings.com\/de\/product\/nicole-milano-merne-ni125br1\/","og_site_name":"Koonings","article_publisher":"https:\/\/www.facebook.com\/kooningstheweddingpalace","article_modified_time":"2026-02-03T17:46:16+00:00","og_image":[{"width":1808,"height":2560,"url":"https:\/\/www.koonings.com\/wp-content\/uploads\/2024\/11\/40952_b7f8969150d676cee033b402705b5b67e7e10b96a525aad4ef140f4fba4aa4c3a10675ef-scaled.jpeg","type":"image\/jpeg"}],"twitter_card":"summary_large_image","schema":{"@context":"https:\/\/schema.org","@graph":[{"@type":"WebPage","@id":"https:\/\/www.koonings.com\/de\/product\/nicole-milano-merne-ni125br1\/","url":"https:\/\/www.koonings.com\/de\/product\/nicole-milano-merne-ni125br1\/","name":"Nicole Milano Merne NI125BR1 | Koonings","isPartOf":{"@id":"https:\/\/www.koonings.com\/de\/#website"},"primaryImageOfPage":{"@id":"https:\/\/www.koonings.com\/de\/product\/nicole-milano-merne-ni125br1\/#primaryimage"},"image":{"@id":"https:\/\/www.koonings.com\/de\/product\/nicole-milano-merne-ni125br1\/#primaryimage"},"thumbnailUrl":"https:\/\/www.koonings.com\/wp-content\/uploads\/2024\/11\/40952_b7f8969150d676cee033b402705b5b67e7e10b96a525aad4ef140f4fba4aa4c3a10675ef-scaled.jpeg","datePublished":"2025-12-14T23:38:24+00:00","dateModified":"2026-02-03T17:46:16+00:00","description":"Fesselnder langer Meerjungfrauen-Stil, der Ihre Figur mit der weichen Leichtigkeit von Satin umschmeichelt. Falten definieren das Mieder, das sich vom herzf\u00f6rmigen Ausschnitt bis zur Taille erstreckt und in die langen \u00c4rmel \u00fcbergeht, die im R\u00fccken wie ein Schal zusammengebunden sind. Der R\u00fccken hat einen runden Ausschnitt mit einer handwerklich inspirierten Blumenstickerei auf durchsichtigem Stoff mit Kn\u00f6pfen.","breadcrumb":{"@id":"https:\/\/www.koonings.com\/de\/product\/nicole-milano-merne-ni125br1\/#breadcrumb"},"inLanguage":"de","potentialAction":[{"@type":"ReadAction","target":["https:\/\/www.koonings.com\/de\/product\/nicole-milano-merne-ni125br1\/"]}]},{"@type":"ImageObject","inLanguage":"de","@id":"https:\/\/www.koonings.com\/de\/product\/nicole-milano-merne-ni125br1\/#primaryimage","url":"https:\/\/www.koonings.com\/wp-content\/uploads\/2024\/11\/40952_b7f8969150d676cee033b402705b5b67e7e10b96a525aad4ef140f4fba4aa4c3a10675ef-scaled.jpeg","contentUrl":"https:\/\/www.koonings.com\/wp-content\/uploads\/2024\/11\/40952_b7f8969150d676cee033b402705b5b67e7e10b96a525aad4ef140f4fba4aa4c3a10675ef-scaled.jpeg","width":1808,"height":2560},{"@type":"BreadcrumbList","@id":"https:\/\/www.koonings.com\/de\/product\/nicole-milano-merne-ni125br1\/#breadcrumb","itemListElement":[{"@type":"ListItem","position":1,"name":"Home","item":"https:\/\/www.koonings.com\/de\/"},{"@type":"ListItem","position":2,"name":"Nicole Milano Merne NI125BR1"}]},{"@type":"WebSite","@id":"https:\/\/www.koonings.com\/de\/#website","url":"https:\/\/www.koonings.com\/de\/","name":"Koonings","description":"De grootste bruidsmodewinkel ter wereld","publisher":{"@id":"https:\/\/www.koonings.com\/de\/#organization"},"potentialAction":[{"@type":"SearchAction","target":{"@type":"EntryPoint","urlTemplate":"https:\/\/www.koonings.com\/de\/?s={search_term_string}"},"query-input":{"@type":"PropertyValueSpecification","valueRequired":true,"valueName":"search_term_string"}}],"inLanguage":"de"},{"@type":"Organization","@id":"https:\/\/www.koonings.com\/de\/#organization","name":"Koonings","url":"https:\/\/www.koonings.com\/de\/","logo":{"@type":"ImageObject","inLanguage":"de","@id":"https:\/\/www.koonings.com\/de\/#\/schema\/logo\/image\/","url":"https:\/\/www.koonings.com\/wp-content\/uploads\/2024\/07\/logo.png","contentUrl":"https:\/\/www.koonings.com\/wp-content\/uploads\/2024\/07\/logo.png","width":600,"height":428,"caption":"Koonings"},"image":{"@id":"https:\/\/www.koonings.com\/de\/#\/schema\/logo\/image\/"},"sameAs":["https:\/\/www.facebook.com\/kooningstheweddingpalace","https:\/\/www.instagram.com\/kooningstheweddingpalace","https:\/\/www.pinterest.com\/koonings","https:\/\/www.youtube.com\/kooningstheweddingpalace"]}]}},"_links":{"self":[{"href":"https:\/\/www.koonings.com\/de\/wp-json\/wp\/v2\/product\/58746","targetHints":{"allow":["GET"]}}],"collection":[{"href":"https:\/\/www.koonings.com\/de\/wp-json\/wp\/v2\/product"}],"about":[{"href":"https:\/\/www.koonings.com\/de\/wp-json\/wp\/v2\/types\/product"}],"wp:featuredmedia":[{"embeddable":true,"href":"https:\/\/www.koonings.com\/de\/wp-json\/wp\/v2\/media\/48192"}],"wp:attachment":[{"href":"https:\/\/www.koonings.com\/de\/wp-json\/wp\/v2\/media?parent=58746"}],"wp:term":[{"taxonomy":"productdetails","embeddable":true,"href":"https:\/\/www.koonings.com\/de\/wp-json\/wp\/v2\/productdetails?post=58746"},{"taxonomy":"productneck","embeddable":true,"href":"https:\/\/www.koonings.com\/de\/wp-json\/wp\/v2\/productneck?post=58746"},{"taxonomy":"productcolor","embeddable":true,"href":"https:\/\/www.koonings.com\/de\/wp-json\/wp\/v2\/productcolor?post=58746"},{"taxonomy":"maat","embeddable":true,"href":"https:\/\/www.koonings.com\/de\/wp-json\/wp\/v2\/maat?post=58746"},{"taxonomy":"productsupplier","embeddable":true,"href":"https:\/\/www.koonings.com\/de\/wp-json\/wp\/v2\/productsupplier?post=58746"},{"taxonomy":"productsleeve","embeddable":true,"href":"https:\/\/www.koonings.com\/de\/wp-json\/wp\/v2\/productsleeve?post=58746"},{"taxonomy":"productcategory","embeddable":true,"href":"https:\/\/www.koonings.com\/de\/wp-json\/wp\/v2\/productcategory?post=58746"},{"taxonomy":"productsilhouette","embeddable":true,"href":"https:\/\/www.koonings.com\/de\/wp-json\/wp\/v2\/productsilhouette?post=58746"},{"taxonomy":"productstyle","embeddable":true,"href":"https:\/\/www.koonings.com\/de\/wp-json\/wp\/v2\/productstyle?post=58746"}],"curies":[{"name":"wp","href":"https:\/\/api.w.org\/{rel}","templated":true}]}}