{"id":58718,"date":"2026-04-10T16:26:07","date_gmt":"2026-04-10T14:26:07","guid":{"rendered":"https:\/\/www.koonings.com\/product\/ladybird-azlin-lb125bh1\/"},"modified":"2026-02-16T14:41:14","modified_gmt":"2026-02-16T13:41:14","slug":"ladybird-azlin-lb125bh1","status":"publish","type":"product","link":"https:\/\/www.koonings.com\/de\/product\/ladybird-azlin-lb125bh1\/","title":{"rendered":"Marienk\u00e4fer Azlin LB125BH1"},"content":{"rendered":"<p>Entscheiden Sie sich f\u00fcr dieses lange Prinzessinnenkleid aus T\u00fcll. Das Mieder hat einen herzf\u00f6rmigen Ausschnitt, der Ihre Silhouette betont, und ist vollst\u00e4ndig mit Spitze mit Strassdetails besetzt. Es hat originelle Puff\u00e4rmel aus T\u00fcll und einen abgerundeten R\u00fccken.  <\/p>\n","protected":false},"featured_media":48444,"template":"","meta":{"_acf_changed":false,"ghostkit_customizer_options":"","ghostkit_custom_css":"","ghostkit_custom_js_head":"","ghostkit_custom_js_foot":"","ghostkit_typography":""},"productdetails":[379,381],"productneck":[354],"productcolor":[393,392],"maat":[],"productsupplier":[437],"productsleeve":[362],"productcategory":[18],"productsilhouette":[388],"productstyle":[372],"class_list":["post-58718","product","type-product","status-publish","has-post-thumbnail","hentry","productdetails-379","productdetails-381","productneck-354","productcolor-393","productcolor-392","productsupplier-ladybird","productsleeve-362","productcategory-trouwjurken","productsilhouette-388","productstyle-372"],"acf":[],"yoast_head":"<!-- This site is optimized with the Yoast SEO plugin v27.3 - https:\/\/yoast.com\/product\/yoast-seo-wordpress\/ -->\n<title>Marienk\u00e4fer Azlin LB125BH1 | Koonings<\/title>\n<meta name=\"description\" content=\"Entscheiden Sie sich f\u00fcr dieses lange Prinzessinnenkleid aus T\u00fcll. Das Mieder hat einen herzf\u00f6rmigen Ausschnitt, der Ihre Silhouette betont, und ist vollst\u00e4ndig mit Spitze mit Strassdetails besetzt. Es hat originelle Puff\u00e4rmel aus T\u00fcll und einen abgerundeten R\u00fccken.\" \/>\n<meta name=\"robots\" content=\"index, follow, max-snippet:-1, max-image-preview:large, max-video-preview:-1\" \/>\n<link rel=\"canonical\" href=\"https:\/\/www.koonings.com\/de\/product\/ladybird-azlin-lb125bh1\/\" \/>\n<meta property=\"og:locale\" content=\"de_DE\" \/>\n<meta property=\"og:type\" content=\"article\" \/>\n<meta property=\"og:title\" content=\"Marienk\u00e4fer Azlin LB125BH1 | Koonings\" \/>\n<meta property=\"og:description\" content=\"Entscheiden Sie sich f\u00fcr dieses lange Prinzessinnenkleid aus T\u00fcll. Das Mieder hat einen herzf\u00f6rmigen Ausschnitt, der Ihre Silhouette betont, und ist vollst\u00e4ndig mit Spitze mit Strassdetails besetzt. Es hat originelle Puff\u00e4rmel aus T\u00fcll und einen abgerundeten R\u00fccken.\" \/>\n<meta property=\"og:url\" content=\"https:\/\/www.koonings.com\/de\/product\/ladybird-azlin-lb125bh1\/\" \/>\n<meta property=\"og:site_name\" content=\"Koonings\" \/>\n<meta property=\"article:publisher\" content=\"https:\/\/www.facebook.com\/kooningstheweddingpalace\" \/>\n<meta property=\"og:image\" content=\"https:\/\/www.koonings.com\/wp-content\/uploads\/2024\/11\/40988_ed0816152f2879ae94f5a67a61fbe09199e5667cf359a4c0160a78ce4e2bf1281ecff579-scaled.jpeg\" \/>\n\t<meta property=\"og:image:width\" content=\"1811\" \/>\n\t<meta property=\"og:image:height\" content=\"2560\" \/>\n\t<meta property=\"og:image:type\" content=\"image\/jpeg\" \/>\n<meta name=\"twitter:card\" content=\"summary_large_image\" \/>\n<script type=\"application\/ld+json\" class=\"yoast-schema-graph\">{\"@context\":\"https:\\\/\\\/schema.org\",\"@graph\":[{\"@type\":\"WebPage\",\"@id\":\"https:\\\/\\\/www.koonings.com\\\/de\\\/product\\\/ladybird-azlin-lb125bh1\\\/\",\"url\":\"https:\\\/\\\/www.koonings.com\\\/de\\\/product\\\/ladybird-azlin-lb125bh1\\\/\",\"name\":\"Marienk\u00e4fer Azlin LB125BH1 | Koonings\",\"isPartOf\":{\"@id\":\"https:\\\/\\\/www.koonings.com\\\/de\\\/#website\"},\"primaryImageOfPage\":{\"@id\":\"https:\\\/\\\/www.koonings.com\\\/de\\\/product\\\/ladybird-azlin-lb125bh1\\\/#primaryimage\"},\"image\":{\"@id\":\"https:\\\/\\\/www.koonings.com\\\/de\\\/product\\\/ladybird-azlin-lb125bh1\\\/#primaryimage\"},\"thumbnailUrl\":\"https:\\\/\\\/www.koonings.com\\\/wp-content\\\/uploads\\\/2024\\\/11\\\/40988_ed0816152f2879ae94f5a67a61fbe09199e5667cf359a4c0160a78ce4e2bf1281ecff579-scaled.jpeg\",\"datePublished\":\"2026-04-10T14:26:07+00:00\",\"description\":\"Entscheiden Sie sich f\u00fcr dieses lange Prinzessinnenkleid aus T\u00fcll. Das Mieder hat einen herzf\u00f6rmigen Ausschnitt, der Ihre Silhouette betont, und ist vollst\u00e4ndig mit Spitze mit Strassdetails besetzt. Es hat originelle Puff\u00e4rmel aus T\u00fcll und einen abgerundeten R\u00fccken.\",\"breadcrumb\":{\"@id\":\"https:\\\/\\\/www.koonings.com\\\/de\\\/product\\\/ladybird-azlin-lb125bh1\\\/#breadcrumb\"},\"inLanguage\":\"de\",\"potentialAction\":[{\"@type\":\"ReadAction\",\"target\":[\"https:\\\/\\\/www.koonings.com\\\/de\\\/product\\\/ladybird-azlin-lb125bh1\\\/\"]}]},{\"@type\":\"ImageObject\",\"inLanguage\":\"de\",\"@id\":\"https:\\\/\\\/www.koonings.com\\\/de\\\/product\\\/ladybird-azlin-lb125bh1\\\/#primaryimage\",\"url\":\"https:\\\/\\\/www.koonings.com\\\/wp-content\\\/uploads\\\/2024\\\/11\\\/40988_ed0816152f2879ae94f5a67a61fbe09199e5667cf359a4c0160a78ce4e2bf1281ecff579-scaled.jpeg\",\"contentUrl\":\"https:\\\/\\\/www.koonings.com\\\/wp-content\\\/uploads\\\/2024\\\/11\\\/40988_ed0816152f2879ae94f5a67a61fbe09199e5667cf359a4c0160a78ce4e2bf1281ecff579-scaled.jpeg\",\"width\":1811,\"height\":2560},{\"@type\":\"BreadcrumbList\",\"@id\":\"https:\\\/\\\/www.koonings.com\\\/de\\\/product\\\/ladybird-azlin-lb125bh1\\\/#breadcrumb\",\"itemListElement\":[{\"@type\":\"ListItem\",\"position\":1,\"name\":\"Home\",\"item\":\"https:\\\/\\\/www.koonings.com\\\/de\\\/\"},{\"@type\":\"ListItem\",\"position\":2,\"name\":\"Marienk\u00e4fer Azlin LB125BH1\"}]},{\"@type\":\"WebSite\",\"@id\":\"https:\\\/\\\/www.koonings.com\\\/de\\\/#website\",\"url\":\"https:\\\/\\\/www.koonings.com\\\/de\\\/\",\"name\":\"Koonings\",\"description\":\"De grootste bruidsmodewinkel ter wereld\",\"publisher\":{\"@id\":\"https:\\\/\\\/www.koonings.com\\\/de\\\/#organization\"},\"potentialAction\":[{\"@type\":\"SearchAction\",\"target\":{\"@type\":\"EntryPoint\",\"urlTemplate\":\"https:\\\/\\\/www.koonings.com\\\/de\\\/?s={search_term_string}\"},\"query-input\":{\"@type\":\"PropertyValueSpecification\",\"valueRequired\":true,\"valueName\":\"search_term_string\"}}],\"inLanguage\":\"de\"},{\"@type\":\"Organization\",\"@id\":\"https:\\\/\\\/www.koonings.com\\\/de\\\/#organization\",\"name\":\"Koonings\",\"url\":\"https:\\\/\\\/www.koonings.com\\\/de\\\/\",\"logo\":{\"@type\":\"ImageObject\",\"inLanguage\":\"de\",\"@id\":\"https:\\\/\\\/www.koonings.com\\\/de\\\/#\\\/schema\\\/logo\\\/image\\\/\",\"url\":\"https:\\\/\\\/www.koonings.com\\\/wp-content\\\/uploads\\\/2024\\\/07\\\/logo.png\",\"contentUrl\":\"https:\\\/\\\/www.koonings.com\\\/wp-content\\\/uploads\\\/2024\\\/07\\\/logo.png\",\"width\":600,\"height\":428,\"caption\":\"Koonings\"},\"image\":{\"@id\":\"https:\\\/\\\/www.koonings.com\\\/de\\\/#\\\/schema\\\/logo\\\/image\\\/\"},\"sameAs\":[\"https:\\\/\\\/www.facebook.com\\\/kooningstheweddingpalace\",\"https:\\\/\\\/www.instagram.com\\\/kooningstheweddingpalace\",\"https:\\\/\\\/www.pinterest.com\\\/koonings\",\"https:\\\/\\\/www.youtube.com\\\/kooningstheweddingpalace\"]}]}<\/script>\n<!-- \/ Yoast SEO plugin. -->","yoast_head_json":{"title":"Marienk\u00e4fer Azlin LB125BH1 | Koonings","description":"Entscheiden Sie sich f\u00fcr dieses lange Prinzessinnenkleid aus T\u00fcll. Das Mieder hat einen herzf\u00f6rmigen Ausschnitt, der Ihre Silhouette betont, und ist vollst\u00e4ndig mit Spitze mit Strassdetails besetzt. Es hat originelle Puff\u00e4rmel aus T\u00fcll und einen abgerundeten R\u00fccken.","robots":{"index":"index","follow":"follow","max-snippet":"max-snippet:-1","max-image-preview":"max-image-preview:large","max-video-preview":"max-video-preview:-1"},"canonical":"https:\/\/www.koonings.com\/de\/product\/ladybird-azlin-lb125bh1\/","og_locale":"de_DE","og_type":"article","og_title":"Marienk\u00e4fer Azlin LB125BH1 | Koonings","og_description":"Entscheiden Sie sich f\u00fcr dieses lange Prinzessinnenkleid aus T\u00fcll. Das Mieder hat einen herzf\u00f6rmigen Ausschnitt, der Ihre Silhouette betont, und ist vollst\u00e4ndig mit Spitze mit Strassdetails besetzt. Es hat originelle Puff\u00e4rmel aus T\u00fcll und einen abgerundeten R\u00fccken.","og_url":"https:\/\/www.koonings.com\/de\/product\/ladybird-azlin-lb125bh1\/","og_site_name":"Koonings","article_publisher":"https:\/\/www.facebook.com\/kooningstheweddingpalace","og_image":[{"width":1811,"height":2560,"url":"https:\/\/www.koonings.com\/wp-content\/uploads\/2024\/11\/40988_ed0816152f2879ae94f5a67a61fbe09199e5667cf359a4c0160a78ce4e2bf1281ecff579-scaled.jpeg","type":"image\/jpeg"}],"twitter_card":"summary_large_image","schema":{"@context":"https:\/\/schema.org","@graph":[{"@type":"WebPage","@id":"https:\/\/www.koonings.com\/de\/product\/ladybird-azlin-lb125bh1\/","url":"https:\/\/www.koonings.com\/de\/product\/ladybird-azlin-lb125bh1\/","name":"Marienk\u00e4fer Azlin LB125BH1 | Koonings","isPartOf":{"@id":"https:\/\/www.koonings.com\/de\/#website"},"primaryImageOfPage":{"@id":"https:\/\/www.koonings.com\/de\/product\/ladybird-azlin-lb125bh1\/#primaryimage"},"image":{"@id":"https:\/\/www.koonings.com\/de\/product\/ladybird-azlin-lb125bh1\/#primaryimage"},"thumbnailUrl":"https:\/\/www.koonings.com\/wp-content\/uploads\/2024\/11\/40988_ed0816152f2879ae94f5a67a61fbe09199e5667cf359a4c0160a78ce4e2bf1281ecff579-scaled.jpeg","datePublished":"2026-04-10T14:26:07+00:00","description":"Entscheiden Sie sich f\u00fcr dieses lange Prinzessinnenkleid aus T\u00fcll. Das Mieder hat einen herzf\u00f6rmigen Ausschnitt, der Ihre Silhouette betont, und ist vollst\u00e4ndig mit Spitze mit Strassdetails besetzt. Es hat originelle Puff\u00e4rmel aus T\u00fcll und einen abgerundeten R\u00fccken.","breadcrumb":{"@id":"https:\/\/www.koonings.com\/de\/product\/ladybird-azlin-lb125bh1\/#breadcrumb"},"inLanguage":"de","potentialAction":[{"@type":"ReadAction","target":["https:\/\/www.koonings.com\/de\/product\/ladybird-azlin-lb125bh1\/"]}]},{"@type":"ImageObject","inLanguage":"de","@id":"https:\/\/www.koonings.com\/de\/product\/ladybird-azlin-lb125bh1\/#primaryimage","url":"https:\/\/www.koonings.com\/wp-content\/uploads\/2024\/11\/40988_ed0816152f2879ae94f5a67a61fbe09199e5667cf359a4c0160a78ce4e2bf1281ecff579-scaled.jpeg","contentUrl":"https:\/\/www.koonings.com\/wp-content\/uploads\/2024\/11\/40988_ed0816152f2879ae94f5a67a61fbe09199e5667cf359a4c0160a78ce4e2bf1281ecff579-scaled.jpeg","width":1811,"height":2560},{"@type":"BreadcrumbList","@id":"https:\/\/www.koonings.com\/de\/product\/ladybird-azlin-lb125bh1\/#breadcrumb","itemListElement":[{"@type":"ListItem","position":1,"name":"Home","item":"https:\/\/www.koonings.com\/de\/"},{"@type":"ListItem","position":2,"name":"Marienk\u00e4fer Azlin LB125BH1"}]},{"@type":"WebSite","@id":"https:\/\/www.koonings.com\/de\/#website","url":"https:\/\/www.koonings.com\/de\/","name":"Koonings","description":"De grootste bruidsmodewinkel ter wereld","publisher":{"@id":"https:\/\/www.koonings.com\/de\/#organization"},"potentialAction":[{"@type":"SearchAction","target":{"@type":"EntryPoint","urlTemplate":"https:\/\/www.koonings.com\/de\/?s={search_term_string}"},"query-input":{"@type":"PropertyValueSpecification","valueRequired":true,"valueName":"search_term_string"}}],"inLanguage":"de"},{"@type":"Organization","@id":"https:\/\/www.koonings.com\/de\/#organization","name":"Koonings","url":"https:\/\/www.koonings.com\/de\/","logo":{"@type":"ImageObject","inLanguage":"de","@id":"https:\/\/www.koonings.com\/de\/#\/schema\/logo\/image\/","url":"https:\/\/www.koonings.com\/wp-content\/uploads\/2024\/07\/logo.png","contentUrl":"https:\/\/www.koonings.com\/wp-content\/uploads\/2024\/07\/logo.png","width":600,"height":428,"caption":"Koonings"},"image":{"@id":"https:\/\/www.koonings.com\/de\/#\/schema\/logo\/image\/"},"sameAs":["https:\/\/www.facebook.com\/kooningstheweddingpalace","https:\/\/www.instagram.com\/kooningstheweddingpalace","https:\/\/www.pinterest.com\/koonings","https:\/\/www.youtube.com\/kooningstheweddingpalace"]}]}},"_links":{"self":[{"href":"https:\/\/www.koonings.com\/de\/wp-json\/wp\/v2\/product\/58718","targetHints":{"allow":["GET"]}}],"collection":[{"href":"https:\/\/www.koonings.com\/de\/wp-json\/wp\/v2\/product"}],"about":[{"href":"https:\/\/www.koonings.com\/de\/wp-json\/wp\/v2\/types\/product"}],"wp:featuredmedia":[{"embeddable":true,"href":"https:\/\/www.koonings.com\/de\/wp-json\/wp\/v2\/media\/48444"}],"wp:attachment":[{"href":"https:\/\/www.koonings.com\/de\/wp-json\/wp\/v2\/media?parent=58718"}],"wp:term":[{"taxonomy":"productdetails","embeddable":true,"href":"https:\/\/www.koonings.com\/de\/wp-json\/wp\/v2\/productdetails?post=58718"},{"taxonomy":"productneck","embeddable":true,"href":"https:\/\/www.koonings.com\/de\/wp-json\/wp\/v2\/productneck?post=58718"},{"taxonomy":"productcolor","embeddable":true,"href":"https:\/\/www.koonings.com\/de\/wp-json\/wp\/v2\/productcolor?post=58718"},{"taxonomy":"maat","embeddable":true,"href":"https:\/\/www.koonings.com\/de\/wp-json\/wp\/v2\/maat?post=58718"},{"taxonomy":"productsupplier","embeddable":true,"href":"https:\/\/www.koonings.com\/de\/wp-json\/wp\/v2\/productsupplier?post=58718"},{"taxonomy":"productsleeve","embeddable":true,"href":"https:\/\/www.koonings.com\/de\/wp-json\/wp\/v2\/productsleeve?post=58718"},{"taxonomy":"productcategory","embeddable":true,"href":"https:\/\/www.koonings.com\/de\/wp-json\/wp\/v2\/productcategory?post=58718"},{"taxonomy":"productsilhouette","embeddable":true,"href":"https:\/\/www.koonings.com\/de\/wp-json\/wp\/v2\/productsilhouette?post=58718"},{"taxonomy":"productstyle","embeddable":true,"href":"https:\/\/www.koonings.com\/de\/wp-json\/wp\/v2\/productstyle?post=58718"}],"curies":[{"name":"wp","href":"https:\/\/api.w.org\/{rel}","templated":true}]}}