{"id":58650,"date":"2026-04-28T18:18:53","date_gmt":"2026-04-28T16:18:53","guid":{"rendered":"https:\/\/www.koonings.com\/product\/randy-fenoli-gianna\/"},"modified":"2025-06-05T13:18:00","modified_gmt":"2025-06-05T11:18:00","slug":"randy-fenoli-gianna","status":"publish","type":"product","link":"https:\/\/www.koonings.com\/de\/product\/randy-fenoli-gianna\/","title":{"rendered":"Randy Fenoli Gianna"},"content":{"rendered":"<p>Gianna ist ein wundersch\u00f6nes Trompetenkleid mit sch\u00f6nen Details. Das Mieder hat einen runden Ausschnitt mit zierlichen Perlenriemen. T\u00fcllfalten quer \u00fcber das Mieder betonen die Taille. Entlang der Taille verl\u00e4uft ein zarter Perleng\u00fcrtel. \u00dcberall auf dem Kleid sind verstreute Perlen zu sehen, die auf strukturiertem Glitzert\u00fcll ruhen. Gianna ist das perfekte Kleid f\u00fcr eine trendige Braut!     <\/p>\n","protected":false},"featured_media":44991,"template":"","meta":{"_acf_changed":false,"ghostkit_customizer_options":"","ghostkit_custom_css":"","ghostkit_custom_js_head":"","ghostkit_custom_js_foot":"","ghostkit_typography":""},"productdetails":[],"productneck":[352],"productcolor":[392],"maat":[],"productsupplier":[422],"productsleeve":[359],"productcategory":[18],"productsilhouette":[390],"productstyle":[366],"class_list":["post-58650","product","type-product","status-publish","has-post-thumbnail","hentry","productneck-352","productcolor-392","productsupplier-randy-fenoli","productsleeve-359","productcategory-trouwjurken","productsilhouette-390","productstyle-366"],"acf":[],"yoast_head":"<!-- This site is optimized with the Yoast SEO plugin v27.3 - https:\/\/yoast.com\/product\/yoast-seo-wordpress\/ -->\n<title>Randy Fenoli Gianna | Koonings<\/title>\n<meta name=\"description\" content=\"Gianna ist ein wundersch\u00f6nes Trompetenkleid mit sch\u00f6nen Details. Das Mieder hat einen runden Ausschnitt mit zierlichen Perlenriemen. T\u00fcllfalten quer \u00fcber das Mieder betonen die Taille. Entlang der Taille verl\u00e4uft ein zarter Perleng\u00fcrtel. \u00dcberall auf dem Kleid sind verstreute Perlen zu sehen, die auf strukturiertem Glitzert\u00fcll ruhen. Gianna ist das perfekte Kleid f\u00fcr eine trendige Braut!\" \/>\n<meta name=\"robots\" content=\"index, follow, max-snippet:-1, max-image-preview:large, max-video-preview:-1\" \/>\n<link rel=\"canonical\" href=\"https:\/\/www.koonings.com\/de\/product\/randy-fenoli-gianna\/\" \/>\n<meta property=\"og:locale\" content=\"de_DE\" \/>\n<meta property=\"og:type\" content=\"article\" \/>\n<meta property=\"og:title\" content=\"Randy Fenoli Gianna | Koonings\" \/>\n<meta property=\"og:description\" content=\"Gianna ist ein wundersch\u00f6nes Trompetenkleid mit sch\u00f6nen Details. Das Mieder hat einen runden Ausschnitt mit zierlichen Perlenriemen. T\u00fcllfalten quer \u00fcber das Mieder betonen die Taille. Entlang der Taille verl\u00e4uft ein zarter Perleng\u00fcrtel. \u00dcberall auf dem Kleid sind verstreute Perlen zu sehen, die auf strukturiertem Glitzert\u00fcll ruhen. Gianna ist das perfekte Kleid f\u00fcr eine trendige Braut!\" \/>\n<meta property=\"og:url\" content=\"https:\/\/www.koonings.com\/de\/product\/randy-fenoli-gianna\/\" \/>\n<meta property=\"og:site_name\" content=\"Koonings\" \/>\n<meta property=\"article:publisher\" content=\"https:\/\/www.facebook.com\/kooningstheweddingpalace\" \/>\n<meta property=\"og:image\" content=\"https:\/\/www.koonings.com\/wp-content\/uploads\/2024\/11\/40569_01010eaedbe2825b2afafb315eff05725e9be67665eb08e57cabbd8824682a269904e8fb.jpeg\" \/>\n\t<meta property=\"og:image:width\" content=\"1497\" \/>\n\t<meta property=\"og:image:height\" content=\"2119\" \/>\n\t<meta property=\"og:image:type\" content=\"image\/jpeg\" \/>\n<meta name=\"twitter:card\" content=\"summary_large_image\" \/>\n<script type=\"application\/ld+json\" class=\"yoast-schema-graph\">{\"@context\":\"https:\\\/\\\/schema.org\",\"@graph\":[{\"@type\":\"WebPage\",\"@id\":\"https:\\\/\\\/www.koonings.com\\\/de\\\/product\\\/randy-fenoli-gianna\\\/\",\"url\":\"https:\\\/\\\/www.koonings.com\\\/de\\\/product\\\/randy-fenoli-gianna\\\/\",\"name\":\"Randy Fenoli Gianna | Koonings\",\"isPartOf\":{\"@id\":\"https:\\\/\\\/www.koonings.com\\\/de\\\/#website\"},\"primaryImageOfPage\":{\"@id\":\"https:\\\/\\\/www.koonings.com\\\/de\\\/product\\\/randy-fenoli-gianna\\\/#primaryimage\"},\"image\":{\"@id\":\"https:\\\/\\\/www.koonings.com\\\/de\\\/product\\\/randy-fenoli-gianna\\\/#primaryimage\"},\"thumbnailUrl\":\"https:\\\/\\\/www.koonings.com\\\/wp-content\\\/uploads\\\/2024\\\/11\\\/40569_01010eaedbe2825b2afafb315eff05725e9be67665eb08e57cabbd8824682a269904e8fb.jpeg\",\"datePublished\":\"2026-04-28T16:18:53+00:00\",\"description\":\"Gianna ist ein wundersch\u00f6nes Trompetenkleid mit sch\u00f6nen Details. Das Mieder hat einen runden Ausschnitt mit zierlichen Perlenriemen. T\u00fcllfalten quer \u00fcber das Mieder betonen die Taille. Entlang der Taille verl\u00e4uft ein zarter Perleng\u00fcrtel. \u00dcberall auf dem Kleid sind verstreute Perlen zu sehen, die auf strukturiertem Glitzert\u00fcll ruhen. Gianna ist das perfekte Kleid f\u00fcr eine trendige Braut!\",\"breadcrumb\":{\"@id\":\"https:\\\/\\\/www.koonings.com\\\/de\\\/product\\\/randy-fenoli-gianna\\\/#breadcrumb\"},\"inLanguage\":\"de\",\"potentialAction\":[{\"@type\":\"ReadAction\",\"target\":[\"https:\\\/\\\/www.koonings.com\\\/de\\\/product\\\/randy-fenoli-gianna\\\/\"]}]},{\"@type\":\"ImageObject\",\"inLanguage\":\"de\",\"@id\":\"https:\\\/\\\/www.koonings.com\\\/de\\\/product\\\/randy-fenoli-gianna\\\/#primaryimage\",\"url\":\"https:\\\/\\\/www.koonings.com\\\/wp-content\\\/uploads\\\/2024\\\/11\\\/40569_01010eaedbe2825b2afafb315eff05725e9be67665eb08e57cabbd8824682a269904e8fb.jpeg\",\"contentUrl\":\"https:\\\/\\\/www.koonings.com\\\/wp-content\\\/uploads\\\/2024\\\/11\\\/40569_01010eaedbe2825b2afafb315eff05725e9be67665eb08e57cabbd8824682a269904e8fb.jpeg\",\"width\":1497,\"height\":2119},{\"@type\":\"BreadcrumbList\",\"@id\":\"https:\\\/\\\/www.koonings.com\\\/de\\\/product\\\/randy-fenoli-gianna\\\/#breadcrumb\",\"itemListElement\":[{\"@type\":\"ListItem\",\"position\":1,\"name\":\"Home\",\"item\":\"https:\\\/\\\/www.koonings.com\\\/de\\\/\"},{\"@type\":\"ListItem\",\"position\":2,\"name\":\"Randy Fenoli Gianna\"}]},{\"@type\":\"WebSite\",\"@id\":\"https:\\\/\\\/www.koonings.com\\\/de\\\/#website\",\"url\":\"https:\\\/\\\/www.koonings.com\\\/de\\\/\",\"name\":\"Koonings\",\"description\":\"De grootste bruidsmodewinkel ter wereld\",\"publisher\":{\"@id\":\"https:\\\/\\\/www.koonings.com\\\/de\\\/#organization\"},\"potentialAction\":[{\"@type\":\"SearchAction\",\"target\":{\"@type\":\"EntryPoint\",\"urlTemplate\":\"https:\\\/\\\/www.koonings.com\\\/de\\\/?s={search_term_string}\"},\"query-input\":{\"@type\":\"PropertyValueSpecification\",\"valueRequired\":true,\"valueName\":\"search_term_string\"}}],\"inLanguage\":\"de\"},{\"@type\":\"Organization\",\"@id\":\"https:\\\/\\\/www.koonings.com\\\/de\\\/#organization\",\"name\":\"Koonings\",\"url\":\"https:\\\/\\\/www.koonings.com\\\/de\\\/\",\"logo\":{\"@type\":\"ImageObject\",\"inLanguage\":\"de\",\"@id\":\"https:\\\/\\\/www.koonings.com\\\/de\\\/#\\\/schema\\\/logo\\\/image\\\/\",\"url\":\"https:\\\/\\\/www.koonings.com\\\/wp-content\\\/uploads\\\/2024\\\/07\\\/logo.png\",\"contentUrl\":\"https:\\\/\\\/www.koonings.com\\\/wp-content\\\/uploads\\\/2024\\\/07\\\/logo.png\",\"width\":600,\"height\":428,\"caption\":\"Koonings\"},\"image\":{\"@id\":\"https:\\\/\\\/www.koonings.com\\\/de\\\/#\\\/schema\\\/logo\\\/image\\\/\"},\"sameAs\":[\"https:\\\/\\\/www.facebook.com\\\/kooningstheweddingpalace\",\"https:\\\/\\\/www.instagram.com\\\/kooningstheweddingpalace\",\"https:\\\/\\\/www.pinterest.com\\\/koonings\",\"https:\\\/\\\/www.youtube.com\\\/kooningstheweddingpalace\"]}]}<\/script>\n<!-- \/ Yoast SEO plugin. -->","yoast_head_json":{"title":"Randy Fenoli Gianna | Koonings","description":"Gianna ist ein wundersch\u00f6nes Trompetenkleid mit sch\u00f6nen Details. Das Mieder hat einen runden Ausschnitt mit zierlichen Perlenriemen. T\u00fcllfalten quer \u00fcber das Mieder betonen die Taille. Entlang der Taille verl\u00e4uft ein zarter Perleng\u00fcrtel. \u00dcberall auf dem Kleid sind verstreute Perlen zu sehen, die auf strukturiertem Glitzert\u00fcll ruhen. Gianna ist das perfekte Kleid f\u00fcr eine trendige Braut!","robots":{"index":"index","follow":"follow","max-snippet":"max-snippet:-1","max-image-preview":"max-image-preview:large","max-video-preview":"max-video-preview:-1"},"canonical":"https:\/\/www.koonings.com\/de\/product\/randy-fenoli-gianna\/","og_locale":"de_DE","og_type":"article","og_title":"Randy Fenoli Gianna | Koonings","og_description":"Gianna ist ein wundersch\u00f6nes Trompetenkleid mit sch\u00f6nen Details. Das Mieder hat einen runden Ausschnitt mit zierlichen Perlenriemen. T\u00fcllfalten quer \u00fcber das Mieder betonen die Taille. Entlang der Taille verl\u00e4uft ein zarter Perleng\u00fcrtel. \u00dcberall auf dem Kleid sind verstreute Perlen zu sehen, die auf strukturiertem Glitzert\u00fcll ruhen. Gianna ist das perfekte Kleid f\u00fcr eine trendige Braut!","og_url":"https:\/\/www.koonings.com\/de\/product\/randy-fenoli-gianna\/","og_site_name":"Koonings","article_publisher":"https:\/\/www.facebook.com\/kooningstheweddingpalace","og_image":[{"width":1497,"height":2119,"url":"https:\/\/www.koonings.com\/wp-content\/uploads\/2024\/11\/40569_01010eaedbe2825b2afafb315eff05725e9be67665eb08e57cabbd8824682a269904e8fb.jpeg","type":"image\/jpeg"}],"twitter_card":"summary_large_image","schema":{"@context":"https:\/\/schema.org","@graph":[{"@type":"WebPage","@id":"https:\/\/www.koonings.com\/de\/product\/randy-fenoli-gianna\/","url":"https:\/\/www.koonings.com\/de\/product\/randy-fenoli-gianna\/","name":"Randy Fenoli Gianna | Koonings","isPartOf":{"@id":"https:\/\/www.koonings.com\/de\/#website"},"primaryImageOfPage":{"@id":"https:\/\/www.koonings.com\/de\/product\/randy-fenoli-gianna\/#primaryimage"},"image":{"@id":"https:\/\/www.koonings.com\/de\/product\/randy-fenoli-gianna\/#primaryimage"},"thumbnailUrl":"https:\/\/www.koonings.com\/wp-content\/uploads\/2024\/11\/40569_01010eaedbe2825b2afafb315eff05725e9be67665eb08e57cabbd8824682a269904e8fb.jpeg","datePublished":"2026-04-28T16:18:53+00:00","description":"Gianna ist ein wundersch\u00f6nes Trompetenkleid mit sch\u00f6nen Details. Das Mieder hat einen runden Ausschnitt mit zierlichen Perlenriemen. T\u00fcllfalten quer \u00fcber das Mieder betonen die Taille. Entlang der Taille verl\u00e4uft ein zarter Perleng\u00fcrtel. \u00dcberall auf dem Kleid sind verstreute Perlen zu sehen, die auf strukturiertem Glitzert\u00fcll ruhen. Gianna ist das perfekte Kleid f\u00fcr eine trendige Braut!","breadcrumb":{"@id":"https:\/\/www.koonings.com\/de\/product\/randy-fenoli-gianna\/#breadcrumb"},"inLanguage":"de","potentialAction":[{"@type":"ReadAction","target":["https:\/\/www.koonings.com\/de\/product\/randy-fenoli-gianna\/"]}]},{"@type":"ImageObject","inLanguage":"de","@id":"https:\/\/www.koonings.com\/de\/product\/randy-fenoli-gianna\/#primaryimage","url":"https:\/\/www.koonings.com\/wp-content\/uploads\/2024\/11\/40569_01010eaedbe2825b2afafb315eff05725e9be67665eb08e57cabbd8824682a269904e8fb.jpeg","contentUrl":"https:\/\/www.koonings.com\/wp-content\/uploads\/2024\/11\/40569_01010eaedbe2825b2afafb315eff05725e9be67665eb08e57cabbd8824682a269904e8fb.jpeg","width":1497,"height":2119},{"@type":"BreadcrumbList","@id":"https:\/\/www.koonings.com\/de\/product\/randy-fenoli-gianna\/#breadcrumb","itemListElement":[{"@type":"ListItem","position":1,"name":"Home","item":"https:\/\/www.koonings.com\/de\/"},{"@type":"ListItem","position":2,"name":"Randy Fenoli Gianna"}]},{"@type":"WebSite","@id":"https:\/\/www.koonings.com\/de\/#website","url":"https:\/\/www.koonings.com\/de\/","name":"Koonings","description":"De grootste bruidsmodewinkel ter wereld","publisher":{"@id":"https:\/\/www.koonings.com\/de\/#organization"},"potentialAction":[{"@type":"SearchAction","target":{"@type":"EntryPoint","urlTemplate":"https:\/\/www.koonings.com\/de\/?s={search_term_string}"},"query-input":{"@type":"PropertyValueSpecification","valueRequired":true,"valueName":"search_term_string"}}],"inLanguage":"de"},{"@type":"Organization","@id":"https:\/\/www.koonings.com\/de\/#organization","name":"Koonings","url":"https:\/\/www.koonings.com\/de\/","logo":{"@type":"ImageObject","inLanguage":"de","@id":"https:\/\/www.koonings.com\/de\/#\/schema\/logo\/image\/","url":"https:\/\/www.koonings.com\/wp-content\/uploads\/2024\/07\/logo.png","contentUrl":"https:\/\/www.koonings.com\/wp-content\/uploads\/2024\/07\/logo.png","width":600,"height":428,"caption":"Koonings"},"image":{"@id":"https:\/\/www.koonings.com\/de\/#\/schema\/logo\/image\/"},"sameAs":["https:\/\/www.facebook.com\/kooningstheweddingpalace","https:\/\/www.instagram.com\/kooningstheweddingpalace","https:\/\/www.pinterest.com\/koonings","https:\/\/www.youtube.com\/kooningstheweddingpalace"]}]}},"_links":{"self":[{"href":"https:\/\/www.koonings.com\/de\/wp-json\/wp\/v2\/product\/58650","targetHints":{"allow":["GET"]}}],"collection":[{"href":"https:\/\/www.koonings.com\/de\/wp-json\/wp\/v2\/product"}],"about":[{"href":"https:\/\/www.koonings.com\/de\/wp-json\/wp\/v2\/types\/product"}],"wp:featuredmedia":[{"embeddable":true,"href":"https:\/\/www.koonings.com\/de\/wp-json\/wp\/v2\/media\/44991"}],"wp:attachment":[{"href":"https:\/\/www.koonings.com\/de\/wp-json\/wp\/v2\/media?parent=58650"}],"wp:term":[{"taxonomy":"productdetails","embeddable":true,"href":"https:\/\/www.koonings.com\/de\/wp-json\/wp\/v2\/productdetails?post=58650"},{"taxonomy":"productneck","embeddable":true,"href":"https:\/\/www.koonings.com\/de\/wp-json\/wp\/v2\/productneck?post=58650"},{"taxonomy":"productcolor","embeddable":true,"href":"https:\/\/www.koonings.com\/de\/wp-json\/wp\/v2\/productcolor?post=58650"},{"taxonomy":"maat","embeddable":true,"href":"https:\/\/www.koonings.com\/de\/wp-json\/wp\/v2\/maat?post=58650"},{"taxonomy":"productsupplier","embeddable":true,"href":"https:\/\/www.koonings.com\/de\/wp-json\/wp\/v2\/productsupplier?post=58650"},{"taxonomy":"productsleeve","embeddable":true,"href":"https:\/\/www.koonings.com\/de\/wp-json\/wp\/v2\/productsleeve?post=58650"},{"taxonomy":"productcategory","embeddable":true,"href":"https:\/\/www.koonings.com\/de\/wp-json\/wp\/v2\/productcategory?post=58650"},{"taxonomy":"productsilhouette","embeddable":true,"href":"https:\/\/www.koonings.com\/de\/wp-json\/wp\/v2\/productsilhouette?post=58650"},{"taxonomy":"productstyle","embeddable":true,"href":"https:\/\/www.koonings.com\/de\/wp-json\/wp\/v2\/productstyle?post=58650"}],"curies":[{"name":"wp","href":"https:\/\/api.w.org\/{rel}","templated":true}]}}