{"id":58631,"date":"2026-04-28T18:18:55","date_gmt":"2026-04-28T16:18:55","guid":{"rendered":"https:\/\/www.koonings.com\/product\/le-papillon-by-modeca-etienne\/"},"modified":"2025-06-05T13:18:03","modified_gmt":"2025-06-05T11:18:03","slug":"le-papillon-by-modeca-etienne","status":"publish","type":"product","link":"https:\/\/www.koonings.com\/de\/product\/le-papillon-by-modeca-etienne\/","title":{"rendered":"Le Papillon by Modeca Etienne"},"content":{"rendered":"<p>Alle Augen werden auf Sie gerichtet sein in dem atemberaubenden tr\u00e4gerlosen Etienne Ballkleid. Der herzf\u00f6rmige Ausschnitt bringt Ihr Dekollet\u00e9 wundersch\u00f6n zur Geltung und verleiht der Silhouette einen Hauch von Romantik. Zarte Paillettenspitze ziert das Mieder und der ger\u00fcschte T\u00fcllrock verleiht diesem Look eine fr\u00f6hliche Ausstrahlung.  <\/p>\n","protected":false},"featured_media":45076,"template":"","meta":{"_acf_changed":false,"ghostkit_customizer_options":"","ghostkit_custom_css":"","ghostkit_custom_js_head":"","ghostkit_custom_js_foot":"","ghostkit_typography":""},"productdetails":[381],"productneck":[354,355],"productcolor":[393,392],"maat":[],"productsupplier":[411],"productsleeve":[],"productcategory":[18],"productsilhouette":[388],"productstyle":[366],"class_list":["post-58631","product","type-product","status-publish","has-post-thumbnail","hentry","productdetails-381","productneck-354","productneck-355","productcolor-393","productcolor-392","productsupplier-le-papillon-by-modeca","productcategory-trouwjurken","productsilhouette-388","productstyle-366"],"acf":[],"yoast_head":"<!-- This site is optimized with the Yoast SEO plugin v27.3 - https:\/\/yoast.com\/product\/yoast-seo-wordpress\/ -->\n<title>Le Papillon by Modeca Etienne | Koonings<\/title>\n<meta name=\"description\" content=\"Alle Augen werden auf Sie gerichtet sein in dem atemberaubenden tr\u00e4gerlosen Etienne Ballkleid. Der herzf\u00f6rmige Ausschnitt bringt Ihr Dekollet\u00e9 wundersch\u00f6n zur Geltung und verleiht der Silhouette einen Hauch von Romantik. Zarte Paillettenspitze ziert das Mieder und der ger\u00fcschte T\u00fcllrock verleiht diesem Look eine fr\u00f6hliche Ausstrahlung.\" \/>\n<meta name=\"robots\" content=\"index, follow, max-snippet:-1, max-image-preview:large, max-video-preview:-1\" \/>\n<link rel=\"canonical\" href=\"https:\/\/www.koonings.com\/de\/product\/le-papillon-by-modeca-etienne\/\" \/>\n<meta property=\"og:locale\" content=\"de_DE\" \/>\n<meta property=\"og:type\" content=\"article\" \/>\n<meta property=\"og:title\" content=\"Le Papillon by Modeca Etienne | Koonings\" \/>\n<meta property=\"og:description\" content=\"Alle Augen werden auf Sie gerichtet sein in dem atemberaubenden tr\u00e4gerlosen Etienne Ballkleid. Der herzf\u00f6rmige Ausschnitt bringt Ihr Dekollet\u00e9 wundersch\u00f6n zur Geltung und verleiht der Silhouette einen Hauch von Romantik. Zarte Paillettenspitze ziert das Mieder und der ger\u00fcschte T\u00fcllrock verleiht diesem Look eine fr\u00f6hliche Ausstrahlung.\" \/>\n<meta property=\"og:url\" content=\"https:\/\/www.koonings.com\/de\/product\/le-papillon-by-modeca-etienne\/\" \/>\n<meta property=\"og:site_name\" content=\"Koonings\" \/>\n<meta property=\"article:publisher\" content=\"https:\/\/www.facebook.com\/kooningstheweddingpalace\" \/>\n<meta property=\"og:image\" content=\"https:\/\/www.koonings.com\/wp-content\/uploads\/2024\/11\/40574_ae536f4e583b8e87b58910b932db370b167790a852269fe422e3a52e9d9a46d414275875.jpeg\" \/>\n\t<meta property=\"og:image:width\" content=\"493\" \/>\n\t<meta property=\"og:image:height\" content=\"697\" \/>\n\t<meta property=\"og:image:type\" content=\"image\/jpeg\" \/>\n<meta name=\"twitter:card\" content=\"summary_large_image\" \/>\n<script type=\"application\/ld+json\" class=\"yoast-schema-graph\">{\"@context\":\"https:\\\/\\\/schema.org\",\"@graph\":[{\"@type\":\"WebPage\",\"@id\":\"https:\\\/\\\/www.koonings.com\\\/de\\\/product\\\/le-papillon-by-modeca-etienne\\\/\",\"url\":\"https:\\\/\\\/www.koonings.com\\\/de\\\/product\\\/le-papillon-by-modeca-etienne\\\/\",\"name\":\"Le Papillon by Modeca Etienne | Koonings\",\"isPartOf\":{\"@id\":\"https:\\\/\\\/www.koonings.com\\\/de\\\/#website\"},\"primaryImageOfPage\":{\"@id\":\"https:\\\/\\\/www.koonings.com\\\/de\\\/product\\\/le-papillon-by-modeca-etienne\\\/#primaryimage\"},\"image\":{\"@id\":\"https:\\\/\\\/www.koonings.com\\\/de\\\/product\\\/le-papillon-by-modeca-etienne\\\/#primaryimage\"},\"thumbnailUrl\":\"https:\\\/\\\/www.koonings.com\\\/wp-content\\\/uploads\\\/2024\\\/11\\\/40574_ae536f4e583b8e87b58910b932db370b167790a852269fe422e3a52e9d9a46d414275875.jpeg\",\"datePublished\":\"2026-04-28T16:18:55+00:00\",\"description\":\"Alle Augen werden auf Sie gerichtet sein in dem atemberaubenden tr\u00e4gerlosen Etienne Ballkleid. Der herzf\u00f6rmige Ausschnitt bringt Ihr Dekollet\u00e9 wundersch\u00f6n zur Geltung und verleiht der Silhouette einen Hauch von Romantik. Zarte Paillettenspitze ziert das Mieder und der ger\u00fcschte T\u00fcllrock verleiht diesem Look eine fr\u00f6hliche Ausstrahlung.\",\"breadcrumb\":{\"@id\":\"https:\\\/\\\/www.koonings.com\\\/de\\\/product\\\/le-papillon-by-modeca-etienne\\\/#breadcrumb\"},\"inLanguage\":\"de\",\"potentialAction\":[{\"@type\":\"ReadAction\",\"target\":[\"https:\\\/\\\/www.koonings.com\\\/de\\\/product\\\/le-papillon-by-modeca-etienne\\\/\"]}]},{\"@type\":\"ImageObject\",\"inLanguage\":\"de\",\"@id\":\"https:\\\/\\\/www.koonings.com\\\/de\\\/product\\\/le-papillon-by-modeca-etienne\\\/#primaryimage\",\"url\":\"https:\\\/\\\/www.koonings.com\\\/wp-content\\\/uploads\\\/2024\\\/11\\\/40574_ae536f4e583b8e87b58910b932db370b167790a852269fe422e3a52e9d9a46d414275875.jpeg\",\"contentUrl\":\"https:\\\/\\\/www.koonings.com\\\/wp-content\\\/uploads\\\/2024\\\/11\\\/40574_ae536f4e583b8e87b58910b932db370b167790a852269fe422e3a52e9d9a46d414275875.jpeg\",\"width\":493,\"height\":697},{\"@type\":\"BreadcrumbList\",\"@id\":\"https:\\\/\\\/www.koonings.com\\\/de\\\/product\\\/le-papillon-by-modeca-etienne\\\/#breadcrumb\",\"itemListElement\":[{\"@type\":\"ListItem\",\"position\":1,\"name\":\"Home\",\"item\":\"https:\\\/\\\/www.koonings.com\\\/de\\\/\"},{\"@type\":\"ListItem\",\"position\":2,\"name\":\"Le Papillon by Modeca Etienne\"}]},{\"@type\":\"WebSite\",\"@id\":\"https:\\\/\\\/www.koonings.com\\\/de\\\/#website\",\"url\":\"https:\\\/\\\/www.koonings.com\\\/de\\\/\",\"name\":\"Koonings\",\"description\":\"De grootste bruidsmodewinkel ter wereld\",\"publisher\":{\"@id\":\"https:\\\/\\\/www.koonings.com\\\/de\\\/#organization\"},\"potentialAction\":[{\"@type\":\"SearchAction\",\"target\":{\"@type\":\"EntryPoint\",\"urlTemplate\":\"https:\\\/\\\/www.koonings.com\\\/de\\\/?s={search_term_string}\"},\"query-input\":{\"@type\":\"PropertyValueSpecification\",\"valueRequired\":true,\"valueName\":\"search_term_string\"}}],\"inLanguage\":\"de\"},{\"@type\":\"Organization\",\"@id\":\"https:\\\/\\\/www.koonings.com\\\/de\\\/#organization\",\"name\":\"Koonings\",\"url\":\"https:\\\/\\\/www.koonings.com\\\/de\\\/\",\"logo\":{\"@type\":\"ImageObject\",\"inLanguage\":\"de\",\"@id\":\"https:\\\/\\\/www.koonings.com\\\/de\\\/#\\\/schema\\\/logo\\\/image\\\/\",\"url\":\"https:\\\/\\\/www.koonings.com\\\/wp-content\\\/uploads\\\/2024\\\/07\\\/logo.png\",\"contentUrl\":\"https:\\\/\\\/www.koonings.com\\\/wp-content\\\/uploads\\\/2024\\\/07\\\/logo.png\",\"width\":600,\"height\":428,\"caption\":\"Koonings\"},\"image\":{\"@id\":\"https:\\\/\\\/www.koonings.com\\\/de\\\/#\\\/schema\\\/logo\\\/image\\\/\"},\"sameAs\":[\"https:\\\/\\\/www.facebook.com\\\/kooningstheweddingpalace\",\"https:\\\/\\\/www.instagram.com\\\/kooningstheweddingpalace\",\"https:\\\/\\\/www.pinterest.com\\\/koonings\",\"https:\\\/\\\/www.youtube.com\\\/kooningstheweddingpalace\"]}]}<\/script>\n<!-- \/ Yoast SEO plugin. -->","yoast_head_json":{"title":"Le Papillon by Modeca Etienne | Koonings","description":"Alle Augen werden auf Sie gerichtet sein in dem atemberaubenden tr\u00e4gerlosen Etienne Ballkleid. Der herzf\u00f6rmige Ausschnitt bringt Ihr Dekollet\u00e9 wundersch\u00f6n zur Geltung und verleiht der Silhouette einen Hauch von Romantik. Zarte Paillettenspitze ziert das Mieder und der ger\u00fcschte T\u00fcllrock verleiht diesem Look eine fr\u00f6hliche Ausstrahlung.","robots":{"index":"index","follow":"follow","max-snippet":"max-snippet:-1","max-image-preview":"max-image-preview:large","max-video-preview":"max-video-preview:-1"},"canonical":"https:\/\/www.koonings.com\/de\/product\/le-papillon-by-modeca-etienne\/","og_locale":"de_DE","og_type":"article","og_title":"Le Papillon by Modeca Etienne | Koonings","og_description":"Alle Augen werden auf Sie gerichtet sein in dem atemberaubenden tr\u00e4gerlosen Etienne Ballkleid. Der herzf\u00f6rmige Ausschnitt bringt Ihr Dekollet\u00e9 wundersch\u00f6n zur Geltung und verleiht der Silhouette einen Hauch von Romantik. Zarte Paillettenspitze ziert das Mieder und der ger\u00fcschte T\u00fcllrock verleiht diesem Look eine fr\u00f6hliche Ausstrahlung.","og_url":"https:\/\/www.koonings.com\/de\/product\/le-papillon-by-modeca-etienne\/","og_site_name":"Koonings","article_publisher":"https:\/\/www.facebook.com\/kooningstheweddingpalace","og_image":[{"width":493,"height":697,"url":"https:\/\/www.koonings.com\/wp-content\/uploads\/2024\/11\/40574_ae536f4e583b8e87b58910b932db370b167790a852269fe422e3a52e9d9a46d414275875.jpeg","type":"image\/jpeg"}],"twitter_card":"summary_large_image","schema":{"@context":"https:\/\/schema.org","@graph":[{"@type":"WebPage","@id":"https:\/\/www.koonings.com\/de\/product\/le-papillon-by-modeca-etienne\/","url":"https:\/\/www.koonings.com\/de\/product\/le-papillon-by-modeca-etienne\/","name":"Le Papillon by Modeca Etienne | Koonings","isPartOf":{"@id":"https:\/\/www.koonings.com\/de\/#website"},"primaryImageOfPage":{"@id":"https:\/\/www.koonings.com\/de\/product\/le-papillon-by-modeca-etienne\/#primaryimage"},"image":{"@id":"https:\/\/www.koonings.com\/de\/product\/le-papillon-by-modeca-etienne\/#primaryimage"},"thumbnailUrl":"https:\/\/www.koonings.com\/wp-content\/uploads\/2024\/11\/40574_ae536f4e583b8e87b58910b932db370b167790a852269fe422e3a52e9d9a46d414275875.jpeg","datePublished":"2026-04-28T16:18:55+00:00","description":"Alle Augen werden auf Sie gerichtet sein in dem atemberaubenden tr\u00e4gerlosen Etienne Ballkleid. Der herzf\u00f6rmige Ausschnitt bringt Ihr Dekollet\u00e9 wundersch\u00f6n zur Geltung und verleiht der Silhouette einen Hauch von Romantik. Zarte Paillettenspitze ziert das Mieder und der ger\u00fcschte T\u00fcllrock verleiht diesem Look eine fr\u00f6hliche Ausstrahlung.","breadcrumb":{"@id":"https:\/\/www.koonings.com\/de\/product\/le-papillon-by-modeca-etienne\/#breadcrumb"},"inLanguage":"de","potentialAction":[{"@type":"ReadAction","target":["https:\/\/www.koonings.com\/de\/product\/le-papillon-by-modeca-etienne\/"]}]},{"@type":"ImageObject","inLanguage":"de","@id":"https:\/\/www.koonings.com\/de\/product\/le-papillon-by-modeca-etienne\/#primaryimage","url":"https:\/\/www.koonings.com\/wp-content\/uploads\/2024\/11\/40574_ae536f4e583b8e87b58910b932db370b167790a852269fe422e3a52e9d9a46d414275875.jpeg","contentUrl":"https:\/\/www.koonings.com\/wp-content\/uploads\/2024\/11\/40574_ae536f4e583b8e87b58910b932db370b167790a852269fe422e3a52e9d9a46d414275875.jpeg","width":493,"height":697},{"@type":"BreadcrumbList","@id":"https:\/\/www.koonings.com\/de\/product\/le-papillon-by-modeca-etienne\/#breadcrumb","itemListElement":[{"@type":"ListItem","position":1,"name":"Home","item":"https:\/\/www.koonings.com\/de\/"},{"@type":"ListItem","position":2,"name":"Le Papillon by Modeca Etienne"}]},{"@type":"WebSite","@id":"https:\/\/www.koonings.com\/de\/#website","url":"https:\/\/www.koonings.com\/de\/","name":"Koonings","description":"De grootste bruidsmodewinkel ter wereld","publisher":{"@id":"https:\/\/www.koonings.com\/de\/#organization"},"potentialAction":[{"@type":"SearchAction","target":{"@type":"EntryPoint","urlTemplate":"https:\/\/www.koonings.com\/de\/?s={search_term_string}"},"query-input":{"@type":"PropertyValueSpecification","valueRequired":true,"valueName":"search_term_string"}}],"inLanguage":"de"},{"@type":"Organization","@id":"https:\/\/www.koonings.com\/de\/#organization","name":"Koonings","url":"https:\/\/www.koonings.com\/de\/","logo":{"@type":"ImageObject","inLanguage":"de","@id":"https:\/\/www.koonings.com\/de\/#\/schema\/logo\/image\/","url":"https:\/\/www.koonings.com\/wp-content\/uploads\/2024\/07\/logo.png","contentUrl":"https:\/\/www.koonings.com\/wp-content\/uploads\/2024\/07\/logo.png","width":600,"height":428,"caption":"Koonings"},"image":{"@id":"https:\/\/www.koonings.com\/de\/#\/schema\/logo\/image\/"},"sameAs":["https:\/\/www.facebook.com\/kooningstheweddingpalace","https:\/\/www.instagram.com\/kooningstheweddingpalace","https:\/\/www.pinterest.com\/koonings","https:\/\/www.youtube.com\/kooningstheweddingpalace"]}]}},"_links":{"self":[{"href":"https:\/\/www.koonings.com\/de\/wp-json\/wp\/v2\/product\/58631","targetHints":{"allow":["GET"]}}],"collection":[{"href":"https:\/\/www.koonings.com\/de\/wp-json\/wp\/v2\/product"}],"about":[{"href":"https:\/\/www.koonings.com\/de\/wp-json\/wp\/v2\/types\/product"}],"wp:featuredmedia":[{"embeddable":true,"href":"https:\/\/www.koonings.com\/de\/wp-json\/wp\/v2\/media\/45076"}],"wp:attachment":[{"href":"https:\/\/www.koonings.com\/de\/wp-json\/wp\/v2\/media?parent=58631"}],"wp:term":[{"taxonomy":"productdetails","embeddable":true,"href":"https:\/\/www.koonings.com\/de\/wp-json\/wp\/v2\/productdetails?post=58631"},{"taxonomy":"productneck","embeddable":true,"href":"https:\/\/www.koonings.com\/de\/wp-json\/wp\/v2\/productneck?post=58631"},{"taxonomy":"productcolor","embeddable":true,"href":"https:\/\/www.koonings.com\/de\/wp-json\/wp\/v2\/productcolor?post=58631"},{"taxonomy":"maat","embeddable":true,"href":"https:\/\/www.koonings.com\/de\/wp-json\/wp\/v2\/maat?post=58631"},{"taxonomy":"productsupplier","embeddable":true,"href":"https:\/\/www.koonings.com\/de\/wp-json\/wp\/v2\/productsupplier?post=58631"},{"taxonomy":"productsleeve","embeddable":true,"href":"https:\/\/www.koonings.com\/de\/wp-json\/wp\/v2\/productsleeve?post=58631"},{"taxonomy":"productcategory","embeddable":true,"href":"https:\/\/www.koonings.com\/de\/wp-json\/wp\/v2\/productcategory?post=58631"},{"taxonomy":"productsilhouette","embeddable":true,"href":"https:\/\/www.koonings.com\/de\/wp-json\/wp\/v2\/productsilhouette?post=58631"},{"taxonomy":"productstyle","embeddable":true,"href":"https:\/\/www.koonings.com\/de\/wp-json\/wp\/v2\/productstyle?post=58631"}],"curies":[{"name":"wp","href":"https:\/\/api.w.org\/{rel}","templated":true}]}}