{"id":58630,"date":"2026-05-06T15:20:12","date_gmt":"2026-05-06T13:20:12","guid":{"rendered":"https:\/\/www.koonings.com\/product\/modeca-dille\/"},"modified":"2025-06-05T13:18:02","modified_gmt":"2025-06-05T11:18:02","slug":"modeca-dille","status":"publish","type":"product","link":"https:\/\/www.koonings.com\/de\/product\/modeca-dille\/","title":{"rendered":"Modeca Dille"},"content":{"rendered":"<p>Dill ist ein beeindruckendes Ballkleid, das Ihnen an Ihrem besonderen Tag die Show stehlen wird. Das bezaubernde Spitzenmieder hat einen gewagten tiefen Ausschnitt mit herzf\u00f6rmigem Dekollet\u00e9 und ein vertr\u00e4umter Organzarock mit R\u00fcschen verleiht diesem Look ein fr\u00f6hliches Flair. Die abnehmbaren Schultertr\u00e4ger sorgen f\u00fcr einen vielseitigen Touch und erm\u00f6glichen es Ihnen, Ihren Look an Ihrem besonderen Tag zu ver\u00e4ndern.  <\/p>\n","protected":false},"featured_media":45110,"template":"","meta":{"_acf_changed":false,"ghostkit_customizer_options":"","ghostkit_custom_css":"","ghostkit_custom_js_head":"","ghostkit_custom_js_foot":"","ghostkit_typography":""},"productdetails":[381],"productneck":[354,356],"productcolor":[393,392],"maat":[],"productsupplier":[434],"productsleeve":[],"productcategory":[18],"productsilhouette":[388],"productstyle":[372,366],"class_list":["post-58630","product","type-product","status-publish","has-post-thumbnail","hentry","productdetails-381","productneck-354","productneck-356","productcolor-393","productcolor-392","productsupplier-modeca","productcategory-trouwjurken","productsilhouette-388","productstyle-372","productstyle-366"],"acf":[],"yoast_head":"<!-- This site is optimized with the Yoast SEO plugin v27.3 - https:\/\/yoast.com\/product\/yoast-seo-wordpress\/ -->\n<title>Modeca Dille | Koonings<\/title>\n<meta name=\"description\" content=\"Dill ist ein beeindruckendes Ballkleid, das Ihnen an Ihrem besonderen Tag die Show stehlen wird. Das bezaubernde Spitzenmieder hat einen gewagten tiefen Ausschnitt mit herzf\u00f6rmigem Dekollet\u00e9 und ein vertr\u00e4umter Organzarock mit R\u00fcschen verleiht diesem Look ein fr\u00f6hliches Flair. Die abnehmbaren Schultertr\u00e4ger sorgen f\u00fcr einen vielseitigen Touch und erm\u00f6glichen es Ihnen, Ihren Look an Ihrem besonderen Tag zu ver\u00e4ndern.\" \/>\n<meta name=\"robots\" content=\"index, follow, max-snippet:-1, max-image-preview:large, max-video-preview:-1\" \/>\n<link rel=\"canonical\" href=\"https:\/\/www.koonings.com\/de\/product\/modeca-dille\/\" \/>\n<meta property=\"og:locale\" content=\"de_DE\" \/>\n<meta property=\"og:type\" content=\"article\" \/>\n<meta property=\"og:title\" content=\"Modeca Dille | Koonings\" \/>\n<meta property=\"og:description\" content=\"Dill ist ein beeindruckendes Ballkleid, das Ihnen an Ihrem besonderen Tag die Show stehlen wird. Das bezaubernde Spitzenmieder hat einen gewagten tiefen Ausschnitt mit herzf\u00f6rmigem Dekollet\u00e9 und ein vertr\u00e4umter Organzarock mit R\u00fcschen verleiht diesem Look ein fr\u00f6hliches Flair. Die abnehmbaren Schultertr\u00e4ger sorgen f\u00fcr einen vielseitigen Touch und erm\u00f6glichen es Ihnen, Ihren Look an Ihrem besonderen Tag zu ver\u00e4ndern.\" \/>\n<meta property=\"og:url\" content=\"https:\/\/www.koonings.com\/de\/product\/modeca-dille\/\" \/>\n<meta property=\"og:site_name\" content=\"Koonings\" \/>\n<meta property=\"article:publisher\" content=\"https:\/\/www.facebook.com\/kooningstheweddingpalace\" \/>\n<meta property=\"og:image\" content=\"https:\/\/www.koonings.com\/wp-content\/uploads\/2024\/11\/40576_cbe243f8ca4b5b714f2a475034b4bc44d6b73cfd8c70a7fb331825363aebcc5b07dd80d8.jpeg\" \/>\n\t<meta property=\"og:image:width\" content=\"793\" \/>\n\t<meta property=\"og:image:height\" content=\"1123\" \/>\n\t<meta property=\"og:image:type\" content=\"image\/jpeg\" \/>\n<meta name=\"twitter:card\" content=\"summary_large_image\" \/>\n<script type=\"application\/ld+json\" class=\"yoast-schema-graph\">{\"@context\":\"https:\\\/\\\/schema.org\",\"@graph\":[{\"@type\":\"WebPage\",\"@id\":\"https:\\\/\\\/www.koonings.com\\\/de\\\/product\\\/modeca-dille\\\/\",\"url\":\"https:\\\/\\\/www.koonings.com\\\/de\\\/product\\\/modeca-dille\\\/\",\"name\":\"Modeca Dille | Koonings\",\"isPartOf\":{\"@id\":\"https:\\\/\\\/www.koonings.com\\\/de\\\/#website\"},\"primaryImageOfPage\":{\"@id\":\"https:\\\/\\\/www.koonings.com\\\/de\\\/product\\\/modeca-dille\\\/#primaryimage\"},\"image\":{\"@id\":\"https:\\\/\\\/www.koonings.com\\\/de\\\/product\\\/modeca-dille\\\/#primaryimage\"},\"thumbnailUrl\":\"https:\\\/\\\/www.koonings.com\\\/wp-content\\\/uploads\\\/2024\\\/11\\\/40576_cbe243f8ca4b5b714f2a475034b4bc44d6b73cfd8c70a7fb331825363aebcc5b07dd80d8.jpeg\",\"datePublished\":\"2026-05-06T13:20:12+00:00\",\"description\":\"Dill ist ein beeindruckendes Ballkleid, das Ihnen an Ihrem besonderen Tag die Show stehlen wird. Das bezaubernde Spitzenmieder hat einen gewagten tiefen Ausschnitt mit herzf\u00f6rmigem Dekollet\u00e9 und ein vertr\u00e4umter Organzarock mit R\u00fcschen verleiht diesem Look ein fr\u00f6hliches Flair. Die abnehmbaren Schultertr\u00e4ger sorgen f\u00fcr einen vielseitigen Touch und erm\u00f6glichen es Ihnen, Ihren Look an Ihrem besonderen Tag zu ver\u00e4ndern.\",\"breadcrumb\":{\"@id\":\"https:\\\/\\\/www.koonings.com\\\/de\\\/product\\\/modeca-dille\\\/#breadcrumb\"},\"inLanguage\":\"de\",\"potentialAction\":[{\"@type\":\"ReadAction\",\"target\":[\"https:\\\/\\\/www.koonings.com\\\/de\\\/product\\\/modeca-dille\\\/\"]}]},{\"@type\":\"ImageObject\",\"inLanguage\":\"de\",\"@id\":\"https:\\\/\\\/www.koonings.com\\\/de\\\/product\\\/modeca-dille\\\/#primaryimage\",\"url\":\"https:\\\/\\\/www.koonings.com\\\/wp-content\\\/uploads\\\/2024\\\/11\\\/40576_cbe243f8ca4b5b714f2a475034b4bc44d6b73cfd8c70a7fb331825363aebcc5b07dd80d8.jpeg\",\"contentUrl\":\"https:\\\/\\\/www.koonings.com\\\/wp-content\\\/uploads\\\/2024\\\/11\\\/40576_cbe243f8ca4b5b714f2a475034b4bc44d6b73cfd8c70a7fb331825363aebcc5b07dd80d8.jpeg\",\"width\":793,\"height\":1123},{\"@type\":\"BreadcrumbList\",\"@id\":\"https:\\\/\\\/www.koonings.com\\\/de\\\/product\\\/modeca-dille\\\/#breadcrumb\",\"itemListElement\":[{\"@type\":\"ListItem\",\"position\":1,\"name\":\"Home\",\"item\":\"https:\\\/\\\/www.koonings.com\\\/de\\\/\"},{\"@type\":\"ListItem\",\"position\":2,\"name\":\"Modeca Dille\"}]},{\"@type\":\"WebSite\",\"@id\":\"https:\\\/\\\/www.koonings.com\\\/de\\\/#website\",\"url\":\"https:\\\/\\\/www.koonings.com\\\/de\\\/\",\"name\":\"Koonings\",\"description\":\"De grootste bruidsmodewinkel ter wereld\",\"publisher\":{\"@id\":\"https:\\\/\\\/www.koonings.com\\\/de\\\/#organization\"},\"potentialAction\":[{\"@type\":\"SearchAction\",\"target\":{\"@type\":\"EntryPoint\",\"urlTemplate\":\"https:\\\/\\\/www.koonings.com\\\/de\\\/?s={search_term_string}\"},\"query-input\":{\"@type\":\"PropertyValueSpecification\",\"valueRequired\":true,\"valueName\":\"search_term_string\"}}],\"inLanguage\":\"de\"},{\"@type\":\"Organization\",\"@id\":\"https:\\\/\\\/www.koonings.com\\\/de\\\/#organization\",\"name\":\"Koonings\",\"url\":\"https:\\\/\\\/www.koonings.com\\\/de\\\/\",\"logo\":{\"@type\":\"ImageObject\",\"inLanguage\":\"de\",\"@id\":\"https:\\\/\\\/www.koonings.com\\\/de\\\/#\\\/schema\\\/logo\\\/image\\\/\",\"url\":\"https:\\\/\\\/www.koonings.com\\\/wp-content\\\/uploads\\\/2024\\\/07\\\/logo.png\",\"contentUrl\":\"https:\\\/\\\/www.koonings.com\\\/wp-content\\\/uploads\\\/2024\\\/07\\\/logo.png\",\"width\":600,\"height\":428,\"caption\":\"Koonings\"},\"image\":{\"@id\":\"https:\\\/\\\/www.koonings.com\\\/de\\\/#\\\/schema\\\/logo\\\/image\\\/\"},\"sameAs\":[\"https:\\\/\\\/www.facebook.com\\\/kooningstheweddingpalace\",\"https:\\\/\\\/www.instagram.com\\\/kooningstheweddingpalace\",\"https:\\\/\\\/www.pinterest.com\\\/koonings\",\"https:\\\/\\\/www.youtube.com\\\/kooningstheweddingpalace\"]}]}<\/script>\n<!-- \/ Yoast SEO plugin. -->","yoast_head_json":{"title":"Modeca Dille | Koonings","description":"Dill ist ein beeindruckendes Ballkleid, das Ihnen an Ihrem besonderen Tag die Show stehlen wird. Das bezaubernde Spitzenmieder hat einen gewagten tiefen Ausschnitt mit herzf\u00f6rmigem Dekollet\u00e9 und ein vertr\u00e4umter Organzarock mit R\u00fcschen verleiht diesem Look ein fr\u00f6hliches Flair. Die abnehmbaren Schultertr\u00e4ger sorgen f\u00fcr einen vielseitigen Touch und erm\u00f6glichen es Ihnen, Ihren Look an Ihrem besonderen Tag zu ver\u00e4ndern.","robots":{"index":"index","follow":"follow","max-snippet":"max-snippet:-1","max-image-preview":"max-image-preview:large","max-video-preview":"max-video-preview:-1"},"canonical":"https:\/\/www.koonings.com\/de\/product\/modeca-dille\/","og_locale":"de_DE","og_type":"article","og_title":"Modeca Dille | Koonings","og_description":"Dill ist ein beeindruckendes Ballkleid, das Ihnen an Ihrem besonderen Tag die Show stehlen wird. Das bezaubernde Spitzenmieder hat einen gewagten tiefen Ausschnitt mit herzf\u00f6rmigem Dekollet\u00e9 und ein vertr\u00e4umter Organzarock mit R\u00fcschen verleiht diesem Look ein fr\u00f6hliches Flair. Die abnehmbaren Schultertr\u00e4ger sorgen f\u00fcr einen vielseitigen Touch und erm\u00f6glichen es Ihnen, Ihren Look an Ihrem besonderen Tag zu ver\u00e4ndern.","og_url":"https:\/\/www.koonings.com\/de\/product\/modeca-dille\/","og_site_name":"Koonings","article_publisher":"https:\/\/www.facebook.com\/kooningstheweddingpalace","og_image":[{"width":793,"height":1123,"url":"https:\/\/www.koonings.com\/wp-content\/uploads\/2024\/11\/40576_cbe243f8ca4b5b714f2a475034b4bc44d6b73cfd8c70a7fb331825363aebcc5b07dd80d8.jpeg","type":"image\/jpeg"}],"twitter_card":"summary_large_image","schema":{"@context":"https:\/\/schema.org","@graph":[{"@type":"WebPage","@id":"https:\/\/www.koonings.com\/de\/product\/modeca-dille\/","url":"https:\/\/www.koonings.com\/de\/product\/modeca-dille\/","name":"Modeca Dille | Koonings","isPartOf":{"@id":"https:\/\/www.koonings.com\/de\/#website"},"primaryImageOfPage":{"@id":"https:\/\/www.koonings.com\/de\/product\/modeca-dille\/#primaryimage"},"image":{"@id":"https:\/\/www.koonings.com\/de\/product\/modeca-dille\/#primaryimage"},"thumbnailUrl":"https:\/\/www.koonings.com\/wp-content\/uploads\/2024\/11\/40576_cbe243f8ca4b5b714f2a475034b4bc44d6b73cfd8c70a7fb331825363aebcc5b07dd80d8.jpeg","datePublished":"2026-05-06T13:20:12+00:00","description":"Dill ist ein beeindruckendes Ballkleid, das Ihnen an Ihrem besonderen Tag die Show stehlen wird. Das bezaubernde Spitzenmieder hat einen gewagten tiefen Ausschnitt mit herzf\u00f6rmigem Dekollet\u00e9 und ein vertr\u00e4umter Organzarock mit R\u00fcschen verleiht diesem Look ein fr\u00f6hliches Flair. Die abnehmbaren Schultertr\u00e4ger sorgen f\u00fcr einen vielseitigen Touch und erm\u00f6glichen es Ihnen, Ihren Look an Ihrem besonderen Tag zu ver\u00e4ndern.","breadcrumb":{"@id":"https:\/\/www.koonings.com\/de\/product\/modeca-dille\/#breadcrumb"},"inLanguage":"de","potentialAction":[{"@type":"ReadAction","target":["https:\/\/www.koonings.com\/de\/product\/modeca-dille\/"]}]},{"@type":"ImageObject","inLanguage":"de","@id":"https:\/\/www.koonings.com\/de\/product\/modeca-dille\/#primaryimage","url":"https:\/\/www.koonings.com\/wp-content\/uploads\/2024\/11\/40576_cbe243f8ca4b5b714f2a475034b4bc44d6b73cfd8c70a7fb331825363aebcc5b07dd80d8.jpeg","contentUrl":"https:\/\/www.koonings.com\/wp-content\/uploads\/2024\/11\/40576_cbe243f8ca4b5b714f2a475034b4bc44d6b73cfd8c70a7fb331825363aebcc5b07dd80d8.jpeg","width":793,"height":1123},{"@type":"BreadcrumbList","@id":"https:\/\/www.koonings.com\/de\/product\/modeca-dille\/#breadcrumb","itemListElement":[{"@type":"ListItem","position":1,"name":"Home","item":"https:\/\/www.koonings.com\/de\/"},{"@type":"ListItem","position":2,"name":"Modeca Dille"}]},{"@type":"WebSite","@id":"https:\/\/www.koonings.com\/de\/#website","url":"https:\/\/www.koonings.com\/de\/","name":"Koonings","description":"De grootste bruidsmodewinkel ter wereld","publisher":{"@id":"https:\/\/www.koonings.com\/de\/#organization"},"potentialAction":[{"@type":"SearchAction","target":{"@type":"EntryPoint","urlTemplate":"https:\/\/www.koonings.com\/de\/?s={search_term_string}"},"query-input":{"@type":"PropertyValueSpecification","valueRequired":true,"valueName":"search_term_string"}}],"inLanguage":"de"},{"@type":"Organization","@id":"https:\/\/www.koonings.com\/de\/#organization","name":"Koonings","url":"https:\/\/www.koonings.com\/de\/","logo":{"@type":"ImageObject","inLanguage":"de","@id":"https:\/\/www.koonings.com\/de\/#\/schema\/logo\/image\/","url":"https:\/\/www.koonings.com\/wp-content\/uploads\/2024\/07\/logo.png","contentUrl":"https:\/\/www.koonings.com\/wp-content\/uploads\/2024\/07\/logo.png","width":600,"height":428,"caption":"Koonings"},"image":{"@id":"https:\/\/www.koonings.com\/de\/#\/schema\/logo\/image\/"},"sameAs":["https:\/\/www.facebook.com\/kooningstheweddingpalace","https:\/\/www.instagram.com\/kooningstheweddingpalace","https:\/\/www.pinterest.com\/koonings","https:\/\/www.youtube.com\/kooningstheweddingpalace"]}]}},"_links":{"self":[{"href":"https:\/\/www.koonings.com\/de\/wp-json\/wp\/v2\/product\/58630","targetHints":{"allow":["GET"]}}],"collection":[{"href":"https:\/\/www.koonings.com\/de\/wp-json\/wp\/v2\/product"}],"about":[{"href":"https:\/\/www.koonings.com\/de\/wp-json\/wp\/v2\/types\/product"}],"wp:featuredmedia":[{"embeddable":true,"href":"https:\/\/www.koonings.com\/de\/wp-json\/wp\/v2\/media\/45110"}],"wp:attachment":[{"href":"https:\/\/www.koonings.com\/de\/wp-json\/wp\/v2\/media?parent=58630"}],"wp:term":[{"taxonomy":"productdetails","embeddable":true,"href":"https:\/\/www.koonings.com\/de\/wp-json\/wp\/v2\/productdetails?post=58630"},{"taxonomy":"productneck","embeddable":true,"href":"https:\/\/www.koonings.com\/de\/wp-json\/wp\/v2\/productneck?post=58630"},{"taxonomy":"productcolor","embeddable":true,"href":"https:\/\/www.koonings.com\/de\/wp-json\/wp\/v2\/productcolor?post=58630"},{"taxonomy":"maat","embeddable":true,"href":"https:\/\/www.koonings.com\/de\/wp-json\/wp\/v2\/maat?post=58630"},{"taxonomy":"productsupplier","embeddable":true,"href":"https:\/\/www.koonings.com\/de\/wp-json\/wp\/v2\/productsupplier?post=58630"},{"taxonomy":"productsleeve","embeddable":true,"href":"https:\/\/www.koonings.com\/de\/wp-json\/wp\/v2\/productsleeve?post=58630"},{"taxonomy":"productcategory","embeddable":true,"href":"https:\/\/www.koonings.com\/de\/wp-json\/wp\/v2\/productcategory?post=58630"},{"taxonomy":"productsilhouette","embeddable":true,"href":"https:\/\/www.koonings.com\/de\/wp-json\/wp\/v2\/productsilhouette?post=58630"},{"taxonomy":"productstyle","embeddable":true,"href":"https:\/\/www.koonings.com\/de\/wp-json\/wp\/v2\/productstyle?post=58630"}],"curies":[{"name":"wp","href":"https:\/\/api.w.org\/{rel}","templated":true}]}}