{"id":58603,"date":"2026-04-28T18:18:59","date_gmt":"2026-04-28T16:18:59","guid":{"rendered":"https:\/\/www.koonings.com\/product\/modeca-dawn\/"},"modified":"2026-02-16T14:39:28","modified_gmt":"2026-02-16T13:39:28","slug":"modeca-dawn","status":"publish","type":"product","link":"https:\/\/www.koonings.com\/de\/product\/modeca-dawn\/","title":{"rendered":"Modeca D\u00e4mmerung"},"content":{"rendered":"<p>Dawn ist ein vertr\u00e4umtes und \u00e4therisches Kleid in A-Linie mit einem bezaubernden Illusionsmieder, das mit aufw\u00e4ndiger Spitze mit Blumenmotiven verziert ist. Der runde Ausschnitt und die Spitzentr\u00e4ger verstr\u00f6men eine Aura zeitloser Romantik, und der glitzernde T\u00fcllrock verleiht Ihrem Brautlook einen Hauch von Magie. Dieses Kleid ist auch mit einfarbigem T\u00fcll erh\u00e4ltlich &#8211; Dawn-A.  <\/p>\n","protected":false},"featured_media":45204,"template":"","meta":{"_acf_changed":false,"ghostkit_customizer_options":"","ghostkit_custom_css":"","ghostkit_custom_js_head":"","ghostkit_custom_js_foot":"","ghostkit_typography":""},"productdetails":[376,381],"productneck":[352],"productcolor":[393,392],"maat":[],"productsupplier":[434],"productsleeve":[359],"productcategory":[18],"productsilhouette":[384],"productstyle":[370],"class_list":["post-58603","product","type-product","status-publish","has-post-thumbnail","hentry","productdetails-376","productdetails-381","productneck-352","productcolor-393","productcolor-392","productsupplier-modeca","productsleeve-359","productcategory-trouwjurken","productsilhouette-384","productstyle-370"],"acf":[],"yoast_head":"<!-- This site is optimized with the Yoast SEO plugin v27.3 - https:\/\/yoast.com\/product\/yoast-seo-wordpress\/ -->\n<title>Modeca D\u00e4mmerung | Koonings<\/title>\n<meta name=\"description\" content=\"Dawn ist ein vertr\u00e4umtes und \u00e4therisches Kleid in A-Linie mit einem bezaubernden Illusionsmieder, das mit aufw\u00e4ndiger Spitze mit Blumenmotiven verziert ist. Der runde Ausschnitt und die Spitzentr\u00e4ger verstr\u00f6men eine Aura zeitloser Romantik, und der glitzernde T\u00fcllrock verleiht Ihrem Brautlook einen Hauch von Magie. Dieses Kleid ist auch mit einfarbigem T\u00fcll erh\u00e4ltlich - Dawn-A.\" \/>\n<meta name=\"robots\" content=\"index, follow, max-snippet:-1, max-image-preview:large, max-video-preview:-1\" \/>\n<link rel=\"canonical\" href=\"https:\/\/www.koonings.com\/de\/product\/modeca-dawn\/\" \/>\n<meta property=\"og:locale\" content=\"de_DE\" \/>\n<meta property=\"og:type\" content=\"article\" \/>\n<meta property=\"og:title\" content=\"Modeca D\u00e4mmerung | Koonings\" \/>\n<meta property=\"og:description\" content=\"Dawn ist ein vertr\u00e4umtes und \u00e4therisches Kleid in A-Linie mit einem bezaubernden Illusionsmieder, das mit aufw\u00e4ndiger Spitze mit Blumenmotiven verziert ist. Der runde Ausschnitt und die Spitzentr\u00e4ger verstr\u00f6men eine Aura zeitloser Romantik, und der glitzernde T\u00fcllrock verleiht Ihrem Brautlook einen Hauch von Magie. Dieses Kleid ist auch mit einfarbigem T\u00fcll erh\u00e4ltlich - Dawn-A.\" \/>\n<meta property=\"og:url\" content=\"https:\/\/www.koonings.com\/de\/product\/modeca-dawn\/\" \/>\n<meta property=\"og:site_name\" content=\"Koonings\" \/>\n<meta property=\"article:publisher\" content=\"https:\/\/www.facebook.com\/kooningstheweddingpalace\" \/>\n<meta property=\"og:image\" content=\"https:\/\/www.koonings.com\/wp-content\/uploads\/2024\/11\/40582_79f76af5445aee20c319fc702970fd15f486d5007c5da26df2be4c8679f0c3d4d3a7ae4b.jpeg\" \/>\n\t<meta property=\"og:image:width\" content=\"951\" \/>\n\t<meta property=\"og:image:height\" content=\"1346\" \/>\n\t<meta property=\"og:image:type\" content=\"image\/jpeg\" \/>\n<meta name=\"twitter:card\" content=\"summary_large_image\" \/>\n<script type=\"application\/ld+json\" class=\"yoast-schema-graph\">{\"@context\":\"https:\\\/\\\/schema.org\",\"@graph\":[{\"@type\":\"WebPage\",\"@id\":\"https:\\\/\\\/www.koonings.com\\\/de\\\/product\\\/modeca-dawn\\\/\",\"url\":\"https:\\\/\\\/www.koonings.com\\\/de\\\/product\\\/modeca-dawn\\\/\",\"name\":\"Modeca D\u00e4mmerung | Koonings\",\"isPartOf\":{\"@id\":\"https:\\\/\\\/www.koonings.com\\\/de\\\/#website\"},\"primaryImageOfPage\":{\"@id\":\"https:\\\/\\\/www.koonings.com\\\/de\\\/product\\\/modeca-dawn\\\/#primaryimage\"},\"image\":{\"@id\":\"https:\\\/\\\/www.koonings.com\\\/de\\\/product\\\/modeca-dawn\\\/#primaryimage\"},\"thumbnailUrl\":\"https:\\\/\\\/www.koonings.com\\\/wp-content\\\/uploads\\\/2024\\\/11\\\/40582_79f76af5445aee20c319fc702970fd15f486d5007c5da26df2be4c8679f0c3d4d3a7ae4b.jpeg\",\"datePublished\":\"2026-04-28T16:18:59+00:00\",\"description\":\"Dawn ist ein vertr\u00e4umtes und \u00e4therisches Kleid in A-Linie mit einem bezaubernden Illusionsmieder, das mit aufw\u00e4ndiger Spitze mit Blumenmotiven verziert ist. Der runde Ausschnitt und die Spitzentr\u00e4ger verstr\u00f6men eine Aura zeitloser Romantik, und der glitzernde T\u00fcllrock verleiht Ihrem Brautlook einen Hauch von Magie. Dieses Kleid ist auch mit einfarbigem T\u00fcll erh\u00e4ltlich - Dawn-A.\",\"breadcrumb\":{\"@id\":\"https:\\\/\\\/www.koonings.com\\\/de\\\/product\\\/modeca-dawn\\\/#breadcrumb\"},\"inLanguage\":\"de\",\"potentialAction\":[{\"@type\":\"ReadAction\",\"target\":[\"https:\\\/\\\/www.koonings.com\\\/de\\\/product\\\/modeca-dawn\\\/\"]}]},{\"@type\":\"ImageObject\",\"inLanguage\":\"de\",\"@id\":\"https:\\\/\\\/www.koonings.com\\\/de\\\/product\\\/modeca-dawn\\\/#primaryimage\",\"url\":\"https:\\\/\\\/www.koonings.com\\\/wp-content\\\/uploads\\\/2024\\\/11\\\/40582_79f76af5445aee20c319fc702970fd15f486d5007c5da26df2be4c8679f0c3d4d3a7ae4b.jpeg\",\"contentUrl\":\"https:\\\/\\\/www.koonings.com\\\/wp-content\\\/uploads\\\/2024\\\/11\\\/40582_79f76af5445aee20c319fc702970fd15f486d5007c5da26df2be4c8679f0c3d4d3a7ae4b.jpeg\",\"width\":951,\"height\":1346},{\"@type\":\"BreadcrumbList\",\"@id\":\"https:\\\/\\\/www.koonings.com\\\/de\\\/product\\\/modeca-dawn\\\/#breadcrumb\",\"itemListElement\":[{\"@type\":\"ListItem\",\"position\":1,\"name\":\"Home\",\"item\":\"https:\\\/\\\/www.koonings.com\\\/de\\\/\"},{\"@type\":\"ListItem\",\"position\":2,\"name\":\"Modeca D\u00e4mmerung\"}]},{\"@type\":\"WebSite\",\"@id\":\"https:\\\/\\\/www.koonings.com\\\/de\\\/#website\",\"url\":\"https:\\\/\\\/www.koonings.com\\\/de\\\/\",\"name\":\"Koonings\",\"description\":\"De grootste bruidsmodewinkel ter wereld\",\"publisher\":{\"@id\":\"https:\\\/\\\/www.koonings.com\\\/de\\\/#organization\"},\"potentialAction\":[{\"@type\":\"SearchAction\",\"target\":{\"@type\":\"EntryPoint\",\"urlTemplate\":\"https:\\\/\\\/www.koonings.com\\\/de\\\/?s={search_term_string}\"},\"query-input\":{\"@type\":\"PropertyValueSpecification\",\"valueRequired\":true,\"valueName\":\"search_term_string\"}}],\"inLanguage\":\"de\"},{\"@type\":\"Organization\",\"@id\":\"https:\\\/\\\/www.koonings.com\\\/de\\\/#organization\",\"name\":\"Koonings\",\"url\":\"https:\\\/\\\/www.koonings.com\\\/de\\\/\",\"logo\":{\"@type\":\"ImageObject\",\"inLanguage\":\"de\",\"@id\":\"https:\\\/\\\/www.koonings.com\\\/de\\\/#\\\/schema\\\/logo\\\/image\\\/\",\"url\":\"https:\\\/\\\/www.koonings.com\\\/wp-content\\\/uploads\\\/2024\\\/07\\\/logo.png\",\"contentUrl\":\"https:\\\/\\\/www.koonings.com\\\/wp-content\\\/uploads\\\/2024\\\/07\\\/logo.png\",\"width\":600,\"height\":428,\"caption\":\"Koonings\"},\"image\":{\"@id\":\"https:\\\/\\\/www.koonings.com\\\/de\\\/#\\\/schema\\\/logo\\\/image\\\/\"},\"sameAs\":[\"https:\\\/\\\/www.facebook.com\\\/kooningstheweddingpalace\",\"https:\\\/\\\/www.instagram.com\\\/kooningstheweddingpalace\",\"https:\\\/\\\/www.pinterest.com\\\/koonings\",\"https:\\\/\\\/www.youtube.com\\\/kooningstheweddingpalace\"]}]}<\/script>\n<!-- \/ Yoast SEO plugin. -->","yoast_head_json":{"title":"Modeca D\u00e4mmerung | Koonings","description":"Dawn ist ein vertr\u00e4umtes und \u00e4therisches Kleid in A-Linie mit einem bezaubernden Illusionsmieder, das mit aufw\u00e4ndiger Spitze mit Blumenmotiven verziert ist. Der runde Ausschnitt und die Spitzentr\u00e4ger verstr\u00f6men eine Aura zeitloser Romantik, und der glitzernde T\u00fcllrock verleiht Ihrem Brautlook einen Hauch von Magie. Dieses Kleid ist auch mit einfarbigem T\u00fcll erh\u00e4ltlich - Dawn-A.","robots":{"index":"index","follow":"follow","max-snippet":"max-snippet:-1","max-image-preview":"max-image-preview:large","max-video-preview":"max-video-preview:-1"},"canonical":"https:\/\/www.koonings.com\/de\/product\/modeca-dawn\/","og_locale":"de_DE","og_type":"article","og_title":"Modeca D\u00e4mmerung | Koonings","og_description":"Dawn ist ein vertr\u00e4umtes und \u00e4therisches Kleid in A-Linie mit einem bezaubernden Illusionsmieder, das mit aufw\u00e4ndiger Spitze mit Blumenmotiven verziert ist. Der runde Ausschnitt und die Spitzentr\u00e4ger verstr\u00f6men eine Aura zeitloser Romantik, und der glitzernde T\u00fcllrock verleiht Ihrem Brautlook einen Hauch von Magie. Dieses Kleid ist auch mit einfarbigem T\u00fcll erh\u00e4ltlich - Dawn-A.","og_url":"https:\/\/www.koonings.com\/de\/product\/modeca-dawn\/","og_site_name":"Koonings","article_publisher":"https:\/\/www.facebook.com\/kooningstheweddingpalace","og_image":[{"width":951,"height":1346,"url":"https:\/\/www.koonings.com\/wp-content\/uploads\/2024\/11\/40582_79f76af5445aee20c319fc702970fd15f486d5007c5da26df2be4c8679f0c3d4d3a7ae4b.jpeg","type":"image\/jpeg"}],"twitter_card":"summary_large_image","schema":{"@context":"https:\/\/schema.org","@graph":[{"@type":"WebPage","@id":"https:\/\/www.koonings.com\/de\/product\/modeca-dawn\/","url":"https:\/\/www.koonings.com\/de\/product\/modeca-dawn\/","name":"Modeca D\u00e4mmerung | Koonings","isPartOf":{"@id":"https:\/\/www.koonings.com\/de\/#website"},"primaryImageOfPage":{"@id":"https:\/\/www.koonings.com\/de\/product\/modeca-dawn\/#primaryimage"},"image":{"@id":"https:\/\/www.koonings.com\/de\/product\/modeca-dawn\/#primaryimage"},"thumbnailUrl":"https:\/\/www.koonings.com\/wp-content\/uploads\/2024\/11\/40582_79f76af5445aee20c319fc702970fd15f486d5007c5da26df2be4c8679f0c3d4d3a7ae4b.jpeg","datePublished":"2026-04-28T16:18:59+00:00","description":"Dawn ist ein vertr\u00e4umtes und \u00e4therisches Kleid in A-Linie mit einem bezaubernden Illusionsmieder, das mit aufw\u00e4ndiger Spitze mit Blumenmotiven verziert ist. Der runde Ausschnitt und die Spitzentr\u00e4ger verstr\u00f6men eine Aura zeitloser Romantik, und der glitzernde T\u00fcllrock verleiht Ihrem Brautlook einen Hauch von Magie. Dieses Kleid ist auch mit einfarbigem T\u00fcll erh\u00e4ltlich - Dawn-A.","breadcrumb":{"@id":"https:\/\/www.koonings.com\/de\/product\/modeca-dawn\/#breadcrumb"},"inLanguage":"de","potentialAction":[{"@type":"ReadAction","target":["https:\/\/www.koonings.com\/de\/product\/modeca-dawn\/"]}]},{"@type":"ImageObject","inLanguage":"de","@id":"https:\/\/www.koonings.com\/de\/product\/modeca-dawn\/#primaryimage","url":"https:\/\/www.koonings.com\/wp-content\/uploads\/2024\/11\/40582_79f76af5445aee20c319fc702970fd15f486d5007c5da26df2be4c8679f0c3d4d3a7ae4b.jpeg","contentUrl":"https:\/\/www.koonings.com\/wp-content\/uploads\/2024\/11\/40582_79f76af5445aee20c319fc702970fd15f486d5007c5da26df2be4c8679f0c3d4d3a7ae4b.jpeg","width":951,"height":1346},{"@type":"BreadcrumbList","@id":"https:\/\/www.koonings.com\/de\/product\/modeca-dawn\/#breadcrumb","itemListElement":[{"@type":"ListItem","position":1,"name":"Home","item":"https:\/\/www.koonings.com\/de\/"},{"@type":"ListItem","position":2,"name":"Modeca D\u00e4mmerung"}]},{"@type":"WebSite","@id":"https:\/\/www.koonings.com\/de\/#website","url":"https:\/\/www.koonings.com\/de\/","name":"Koonings","description":"De grootste bruidsmodewinkel ter wereld","publisher":{"@id":"https:\/\/www.koonings.com\/de\/#organization"},"potentialAction":[{"@type":"SearchAction","target":{"@type":"EntryPoint","urlTemplate":"https:\/\/www.koonings.com\/de\/?s={search_term_string}"},"query-input":{"@type":"PropertyValueSpecification","valueRequired":true,"valueName":"search_term_string"}}],"inLanguage":"de"},{"@type":"Organization","@id":"https:\/\/www.koonings.com\/de\/#organization","name":"Koonings","url":"https:\/\/www.koonings.com\/de\/","logo":{"@type":"ImageObject","inLanguage":"de","@id":"https:\/\/www.koonings.com\/de\/#\/schema\/logo\/image\/","url":"https:\/\/www.koonings.com\/wp-content\/uploads\/2024\/07\/logo.png","contentUrl":"https:\/\/www.koonings.com\/wp-content\/uploads\/2024\/07\/logo.png","width":600,"height":428,"caption":"Koonings"},"image":{"@id":"https:\/\/www.koonings.com\/de\/#\/schema\/logo\/image\/"},"sameAs":["https:\/\/www.facebook.com\/kooningstheweddingpalace","https:\/\/www.instagram.com\/kooningstheweddingpalace","https:\/\/www.pinterest.com\/koonings","https:\/\/www.youtube.com\/kooningstheweddingpalace"]}]}},"_links":{"self":[{"href":"https:\/\/www.koonings.com\/de\/wp-json\/wp\/v2\/product\/58603","targetHints":{"allow":["GET"]}}],"collection":[{"href":"https:\/\/www.koonings.com\/de\/wp-json\/wp\/v2\/product"}],"about":[{"href":"https:\/\/www.koonings.com\/de\/wp-json\/wp\/v2\/types\/product"}],"wp:featuredmedia":[{"embeddable":true,"href":"https:\/\/www.koonings.com\/de\/wp-json\/wp\/v2\/media\/45204"}],"wp:attachment":[{"href":"https:\/\/www.koonings.com\/de\/wp-json\/wp\/v2\/media?parent=58603"}],"wp:term":[{"taxonomy":"productdetails","embeddable":true,"href":"https:\/\/www.koonings.com\/de\/wp-json\/wp\/v2\/productdetails?post=58603"},{"taxonomy":"productneck","embeddable":true,"href":"https:\/\/www.koonings.com\/de\/wp-json\/wp\/v2\/productneck?post=58603"},{"taxonomy":"productcolor","embeddable":true,"href":"https:\/\/www.koonings.com\/de\/wp-json\/wp\/v2\/productcolor?post=58603"},{"taxonomy":"maat","embeddable":true,"href":"https:\/\/www.koonings.com\/de\/wp-json\/wp\/v2\/maat?post=58603"},{"taxonomy":"productsupplier","embeddable":true,"href":"https:\/\/www.koonings.com\/de\/wp-json\/wp\/v2\/productsupplier?post=58603"},{"taxonomy":"productsleeve","embeddable":true,"href":"https:\/\/www.koonings.com\/de\/wp-json\/wp\/v2\/productsleeve?post=58603"},{"taxonomy":"productcategory","embeddable":true,"href":"https:\/\/www.koonings.com\/de\/wp-json\/wp\/v2\/productcategory?post=58603"},{"taxonomy":"productsilhouette","embeddable":true,"href":"https:\/\/www.koonings.com\/de\/wp-json\/wp\/v2\/productsilhouette?post=58603"},{"taxonomy":"productstyle","embeddable":true,"href":"https:\/\/www.koonings.com\/de\/wp-json\/wp\/v2\/productstyle?post=58603"}],"curies":[{"name":"wp","href":"https:\/\/api.w.org\/{rel}","templated":true}]}}