{"id":58597,"date":"2026-05-16T20:26:35","date_gmt":"2026-05-16T18:26:35","guid":{"rendered":"https:\/\/www.koonings.com\/product\/modeca-curves-elmas-c\/"},"modified":"2025-06-05T13:25:43","modified_gmt":"2025-06-05T11:25:43","slug":"modeca-curves-elmas-c","status":"publish","type":"product","link":"https:\/\/www.koonings.com\/de\/product\/modeca-curves-elmas-c\/","title":{"rendered":"Modeca Curves Elmas-C"},"content":{"rendered":"<p>Erh\u00f6hen Sie die Eleganz Ihrer Braut mit dem atemberaubenden Elmas-C Kleid, das speziell f\u00fcr kurvige Br\u00e4ute entworfen wurde. Dieses Meisterwerk in A-Linie wurde entworfen, um jede Kurve zu betonen und zu feiern. Es hat ein bezauberndes Mieder aus Illusionsspitze, das mit zarter Paillettenspitze verziert ist. F\u00fcr zus\u00e4tzliche Vielseitigkeit und Komfort verf\u00fcgt Elmas-C \u00fcber abnehmbare 3\/4-\u00c4rmel, so dass Sie m\u00fchelos von der Zeremonie zum Empfang wechseln und dabei Ihren einzigartigen Stil beibehalten k\u00f6nnen. Der glitzernde T\u00fcllrock rundet diesen Look ab. Dieses Kleid ist auch mit einfarbigem T\u00fcll erh\u00e4ltlich &#8211; Elmas-CA.    <\/p>\n","protected":false},"featured_media":45247,"template":"","meta":{"_acf_changed":false,"ghostkit_customizer_options":"","ghostkit_custom_css":"","ghostkit_custom_js_head":"","ghostkit_custom_js_foot":"","ghostkit_typography":""},"productdetails":[381],"productneck":[356],"productcolor":[393,392],"maat":[375],"productsupplier":[439],"productsleeve":[361],"productcategory":[18],"productsilhouette":[384],"productstyle":[366],"class_list":["post-58597","product","type-product","status-publish","has-post-thumbnail","hentry","productdetails-381","productneck-356","productcolor-393","productcolor-392","maat-375","productsupplier-modeca-curves","productsleeve-361","productcategory-trouwjurken","productsilhouette-384","productstyle-366"],"acf":[],"yoast_head":"<!-- This site is optimized with the Yoast SEO plugin v27.3 - https:\/\/yoast.com\/product\/yoast-seo-wordpress\/ -->\n<title>Modeca Curves Elmas-C | Koonings<\/title>\n<meta name=\"description\" content=\"Erh\u00f6hen Sie die Eleganz Ihrer Braut mit dem atemberaubenden Elmas-C Kleid, das speziell f\u00fcr kurvige Br\u00e4ute entworfen wurde. Dieses Meisterwerk in A-Linie wurde entworfen, um jede Kurve zu betonen und zu feiern. Es hat ein bezauberndes Mieder aus Illusionsspitze, das mit zarter Paillettenspitze verziert ist. F\u00fcr zus\u00e4tzliche Vielseitigkeit und Komfort verf\u00fcgt Elmas-C \u00fcber abnehmbare 3\/4-\u00c4rmel, so dass Sie m\u00fchelos von der Zeremonie zum Empfang wechseln und dabei Ihren einzigartigen Stil beibehalten k\u00f6nnen. Der glitzernde T\u00fcllrock rundet diesen Look ab. Dieses Kleid ist auch mit einfarbigem T\u00fcll erh\u00e4ltlich - Elmas-CA.\" \/>\n<meta name=\"robots\" content=\"index, follow, max-snippet:-1, max-image-preview:large, max-video-preview:-1\" \/>\n<link rel=\"canonical\" href=\"https:\/\/www.koonings.com\/de\/product\/modeca-curves-elmas-c\/\" \/>\n<meta property=\"og:locale\" content=\"de_DE\" \/>\n<meta property=\"og:type\" content=\"article\" \/>\n<meta property=\"og:title\" content=\"Modeca Curves Elmas-C | Koonings\" \/>\n<meta property=\"og:description\" content=\"Erh\u00f6hen Sie die Eleganz Ihrer Braut mit dem atemberaubenden Elmas-C Kleid, das speziell f\u00fcr kurvige Br\u00e4ute entworfen wurde. Dieses Meisterwerk in A-Linie wurde entworfen, um jede Kurve zu betonen und zu feiern. Es hat ein bezauberndes Mieder aus Illusionsspitze, das mit zarter Paillettenspitze verziert ist. F\u00fcr zus\u00e4tzliche Vielseitigkeit und Komfort verf\u00fcgt Elmas-C \u00fcber abnehmbare 3\/4-\u00c4rmel, so dass Sie m\u00fchelos von der Zeremonie zum Empfang wechseln und dabei Ihren einzigartigen Stil beibehalten k\u00f6nnen. Der glitzernde T\u00fcllrock rundet diesen Look ab. Dieses Kleid ist auch mit einfarbigem T\u00fcll erh\u00e4ltlich - Elmas-CA.\" \/>\n<meta property=\"og:url\" content=\"https:\/\/www.koonings.com\/de\/product\/modeca-curves-elmas-c\/\" \/>\n<meta property=\"og:site_name\" content=\"Koonings\" \/>\n<meta property=\"article:publisher\" content=\"https:\/\/www.facebook.com\/kooningstheweddingpalace\" \/>\n<meta property=\"og:image\" content=\"https:\/\/www.koonings.com\/wp-content\/uploads\/2024\/11\/40585_5309b4031771f494036af2421c9b5fcc61afd6e26aeedc11a1fc072eb0b41e78a3efd078.jpeg\" \/>\n\t<meta property=\"og:image:width\" content=\"636\" \/>\n\t<meta property=\"og:image:height\" content=\"900\" \/>\n\t<meta property=\"og:image:type\" content=\"image\/jpeg\" \/>\n<meta name=\"twitter:card\" content=\"summary_large_image\" \/>\n<meta name=\"twitter:label1\" content=\"Gesch\u00e4tzte Lesezeit\" \/>\n\t<meta name=\"twitter:data1\" content=\"1\u00a0Minute\" \/>\n<script type=\"application\/ld+json\" class=\"yoast-schema-graph\">{\"@context\":\"https:\\\/\\\/schema.org\",\"@graph\":[{\"@type\":\"WebPage\",\"@id\":\"https:\\\/\\\/www.koonings.com\\\/de\\\/product\\\/modeca-curves-elmas-c\\\/\",\"url\":\"https:\\\/\\\/www.koonings.com\\\/de\\\/product\\\/modeca-curves-elmas-c\\\/\",\"name\":\"Modeca Curves Elmas-C | Koonings\",\"isPartOf\":{\"@id\":\"https:\\\/\\\/www.koonings.com\\\/de\\\/#website\"},\"primaryImageOfPage\":{\"@id\":\"https:\\\/\\\/www.koonings.com\\\/de\\\/product\\\/modeca-curves-elmas-c\\\/#primaryimage\"},\"image\":{\"@id\":\"https:\\\/\\\/www.koonings.com\\\/de\\\/product\\\/modeca-curves-elmas-c\\\/#primaryimage\"},\"thumbnailUrl\":\"https:\\\/\\\/www.koonings.com\\\/wp-content\\\/uploads\\\/2024\\\/11\\\/40585_5309b4031771f494036af2421c9b5fcc61afd6e26aeedc11a1fc072eb0b41e78a3efd078.jpeg\",\"datePublished\":\"2026-05-16T18:26:35+00:00\",\"description\":\"Erh\u00f6hen Sie die Eleganz Ihrer Braut mit dem atemberaubenden Elmas-C Kleid, das speziell f\u00fcr kurvige Br\u00e4ute entworfen wurde. Dieses Meisterwerk in A-Linie wurde entworfen, um jede Kurve zu betonen und zu feiern. Es hat ein bezauberndes Mieder aus Illusionsspitze, das mit zarter Paillettenspitze verziert ist. F\u00fcr zus\u00e4tzliche Vielseitigkeit und Komfort verf\u00fcgt Elmas-C \u00fcber abnehmbare 3\\\/4-\u00c4rmel, so dass Sie m\u00fchelos von der Zeremonie zum Empfang wechseln und dabei Ihren einzigartigen Stil beibehalten k\u00f6nnen. Der glitzernde T\u00fcllrock rundet diesen Look ab. Dieses Kleid ist auch mit einfarbigem T\u00fcll erh\u00e4ltlich - Elmas-CA.\",\"breadcrumb\":{\"@id\":\"https:\\\/\\\/www.koonings.com\\\/de\\\/product\\\/modeca-curves-elmas-c\\\/#breadcrumb\"},\"inLanguage\":\"de\",\"potentialAction\":[{\"@type\":\"ReadAction\",\"target\":[\"https:\\\/\\\/www.koonings.com\\\/de\\\/product\\\/modeca-curves-elmas-c\\\/\"]}]},{\"@type\":\"ImageObject\",\"inLanguage\":\"de\",\"@id\":\"https:\\\/\\\/www.koonings.com\\\/de\\\/product\\\/modeca-curves-elmas-c\\\/#primaryimage\",\"url\":\"https:\\\/\\\/www.koonings.com\\\/wp-content\\\/uploads\\\/2024\\\/11\\\/40585_5309b4031771f494036af2421c9b5fcc61afd6e26aeedc11a1fc072eb0b41e78a3efd078.jpeg\",\"contentUrl\":\"https:\\\/\\\/www.koonings.com\\\/wp-content\\\/uploads\\\/2024\\\/11\\\/40585_5309b4031771f494036af2421c9b5fcc61afd6e26aeedc11a1fc072eb0b41e78a3efd078.jpeg\",\"width\":636,\"height\":900},{\"@type\":\"BreadcrumbList\",\"@id\":\"https:\\\/\\\/www.koonings.com\\\/de\\\/product\\\/modeca-curves-elmas-c\\\/#breadcrumb\",\"itemListElement\":[{\"@type\":\"ListItem\",\"position\":1,\"name\":\"Home\",\"item\":\"https:\\\/\\\/www.koonings.com\\\/de\\\/\"},{\"@type\":\"ListItem\",\"position\":2,\"name\":\"Modeca Curves Elmas-C\"}]},{\"@type\":\"WebSite\",\"@id\":\"https:\\\/\\\/www.koonings.com\\\/de\\\/#website\",\"url\":\"https:\\\/\\\/www.koonings.com\\\/de\\\/\",\"name\":\"Koonings\",\"description\":\"De grootste bruidsmodewinkel ter wereld\",\"publisher\":{\"@id\":\"https:\\\/\\\/www.koonings.com\\\/de\\\/#organization\"},\"potentialAction\":[{\"@type\":\"SearchAction\",\"target\":{\"@type\":\"EntryPoint\",\"urlTemplate\":\"https:\\\/\\\/www.koonings.com\\\/de\\\/?s={search_term_string}\"},\"query-input\":{\"@type\":\"PropertyValueSpecification\",\"valueRequired\":true,\"valueName\":\"search_term_string\"}}],\"inLanguage\":\"de\"},{\"@type\":\"Organization\",\"@id\":\"https:\\\/\\\/www.koonings.com\\\/de\\\/#organization\",\"name\":\"Koonings\",\"url\":\"https:\\\/\\\/www.koonings.com\\\/de\\\/\",\"logo\":{\"@type\":\"ImageObject\",\"inLanguage\":\"de\",\"@id\":\"https:\\\/\\\/www.koonings.com\\\/de\\\/#\\\/schema\\\/logo\\\/image\\\/\",\"url\":\"https:\\\/\\\/www.koonings.com\\\/wp-content\\\/uploads\\\/2024\\\/07\\\/logo.png\",\"contentUrl\":\"https:\\\/\\\/www.koonings.com\\\/wp-content\\\/uploads\\\/2024\\\/07\\\/logo.png\",\"width\":600,\"height\":428,\"caption\":\"Koonings\"},\"image\":{\"@id\":\"https:\\\/\\\/www.koonings.com\\\/de\\\/#\\\/schema\\\/logo\\\/image\\\/\"},\"sameAs\":[\"https:\\\/\\\/www.facebook.com\\\/kooningstheweddingpalace\",\"https:\\\/\\\/www.instagram.com\\\/kooningstheweddingpalace\",\"https:\\\/\\\/www.pinterest.com\\\/koonings\",\"https:\\\/\\\/www.youtube.com\\\/kooningstheweddingpalace\"]}]}<\/script>\n<!-- \/ Yoast SEO plugin. -->","yoast_head_json":{"title":"Modeca Curves Elmas-C | Koonings","description":"Erh\u00f6hen Sie die Eleganz Ihrer Braut mit dem atemberaubenden Elmas-C Kleid, das speziell f\u00fcr kurvige Br\u00e4ute entworfen wurde. Dieses Meisterwerk in A-Linie wurde entworfen, um jede Kurve zu betonen und zu feiern. Es hat ein bezauberndes Mieder aus Illusionsspitze, das mit zarter Paillettenspitze verziert ist. F\u00fcr zus\u00e4tzliche Vielseitigkeit und Komfort verf\u00fcgt Elmas-C \u00fcber abnehmbare 3\/4-\u00c4rmel, so dass Sie m\u00fchelos von der Zeremonie zum Empfang wechseln und dabei Ihren einzigartigen Stil beibehalten k\u00f6nnen. Der glitzernde T\u00fcllrock rundet diesen Look ab. Dieses Kleid ist auch mit einfarbigem T\u00fcll erh\u00e4ltlich - Elmas-CA.","robots":{"index":"index","follow":"follow","max-snippet":"max-snippet:-1","max-image-preview":"max-image-preview:large","max-video-preview":"max-video-preview:-1"},"canonical":"https:\/\/www.koonings.com\/de\/product\/modeca-curves-elmas-c\/","og_locale":"de_DE","og_type":"article","og_title":"Modeca Curves Elmas-C | Koonings","og_description":"Erh\u00f6hen Sie die Eleganz Ihrer Braut mit dem atemberaubenden Elmas-C Kleid, das speziell f\u00fcr kurvige Br\u00e4ute entworfen wurde. Dieses Meisterwerk in A-Linie wurde entworfen, um jede Kurve zu betonen und zu feiern. Es hat ein bezauberndes Mieder aus Illusionsspitze, das mit zarter Paillettenspitze verziert ist. F\u00fcr zus\u00e4tzliche Vielseitigkeit und Komfort verf\u00fcgt Elmas-C \u00fcber abnehmbare 3\/4-\u00c4rmel, so dass Sie m\u00fchelos von der Zeremonie zum Empfang wechseln und dabei Ihren einzigartigen Stil beibehalten k\u00f6nnen. Der glitzernde T\u00fcllrock rundet diesen Look ab. Dieses Kleid ist auch mit einfarbigem T\u00fcll erh\u00e4ltlich - Elmas-CA.","og_url":"https:\/\/www.koonings.com\/de\/product\/modeca-curves-elmas-c\/","og_site_name":"Koonings","article_publisher":"https:\/\/www.facebook.com\/kooningstheweddingpalace","og_image":[{"width":636,"height":900,"url":"https:\/\/www.koonings.com\/wp-content\/uploads\/2024\/11\/40585_5309b4031771f494036af2421c9b5fcc61afd6e26aeedc11a1fc072eb0b41e78a3efd078.jpeg","type":"image\/jpeg"}],"twitter_card":"summary_large_image","twitter_misc":{"Gesch\u00e4tzte Lesezeit":"1\u00a0Minute"},"schema":{"@context":"https:\/\/schema.org","@graph":[{"@type":"WebPage","@id":"https:\/\/www.koonings.com\/de\/product\/modeca-curves-elmas-c\/","url":"https:\/\/www.koonings.com\/de\/product\/modeca-curves-elmas-c\/","name":"Modeca Curves Elmas-C | Koonings","isPartOf":{"@id":"https:\/\/www.koonings.com\/de\/#website"},"primaryImageOfPage":{"@id":"https:\/\/www.koonings.com\/de\/product\/modeca-curves-elmas-c\/#primaryimage"},"image":{"@id":"https:\/\/www.koonings.com\/de\/product\/modeca-curves-elmas-c\/#primaryimage"},"thumbnailUrl":"https:\/\/www.koonings.com\/wp-content\/uploads\/2024\/11\/40585_5309b4031771f494036af2421c9b5fcc61afd6e26aeedc11a1fc072eb0b41e78a3efd078.jpeg","datePublished":"2026-05-16T18:26:35+00:00","description":"Erh\u00f6hen Sie die Eleganz Ihrer Braut mit dem atemberaubenden Elmas-C Kleid, das speziell f\u00fcr kurvige Br\u00e4ute entworfen wurde. Dieses Meisterwerk in A-Linie wurde entworfen, um jede Kurve zu betonen und zu feiern. Es hat ein bezauberndes Mieder aus Illusionsspitze, das mit zarter Paillettenspitze verziert ist. F\u00fcr zus\u00e4tzliche Vielseitigkeit und Komfort verf\u00fcgt Elmas-C \u00fcber abnehmbare 3\/4-\u00c4rmel, so dass Sie m\u00fchelos von der Zeremonie zum Empfang wechseln und dabei Ihren einzigartigen Stil beibehalten k\u00f6nnen. Der glitzernde T\u00fcllrock rundet diesen Look ab. Dieses Kleid ist auch mit einfarbigem T\u00fcll erh\u00e4ltlich - Elmas-CA.","breadcrumb":{"@id":"https:\/\/www.koonings.com\/de\/product\/modeca-curves-elmas-c\/#breadcrumb"},"inLanguage":"de","potentialAction":[{"@type":"ReadAction","target":["https:\/\/www.koonings.com\/de\/product\/modeca-curves-elmas-c\/"]}]},{"@type":"ImageObject","inLanguage":"de","@id":"https:\/\/www.koonings.com\/de\/product\/modeca-curves-elmas-c\/#primaryimage","url":"https:\/\/www.koonings.com\/wp-content\/uploads\/2024\/11\/40585_5309b4031771f494036af2421c9b5fcc61afd6e26aeedc11a1fc072eb0b41e78a3efd078.jpeg","contentUrl":"https:\/\/www.koonings.com\/wp-content\/uploads\/2024\/11\/40585_5309b4031771f494036af2421c9b5fcc61afd6e26aeedc11a1fc072eb0b41e78a3efd078.jpeg","width":636,"height":900},{"@type":"BreadcrumbList","@id":"https:\/\/www.koonings.com\/de\/product\/modeca-curves-elmas-c\/#breadcrumb","itemListElement":[{"@type":"ListItem","position":1,"name":"Home","item":"https:\/\/www.koonings.com\/de\/"},{"@type":"ListItem","position":2,"name":"Modeca Curves Elmas-C"}]},{"@type":"WebSite","@id":"https:\/\/www.koonings.com\/de\/#website","url":"https:\/\/www.koonings.com\/de\/","name":"Koonings","description":"De grootste bruidsmodewinkel ter wereld","publisher":{"@id":"https:\/\/www.koonings.com\/de\/#organization"},"potentialAction":[{"@type":"SearchAction","target":{"@type":"EntryPoint","urlTemplate":"https:\/\/www.koonings.com\/de\/?s={search_term_string}"},"query-input":{"@type":"PropertyValueSpecification","valueRequired":true,"valueName":"search_term_string"}}],"inLanguage":"de"},{"@type":"Organization","@id":"https:\/\/www.koonings.com\/de\/#organization","name":"Koonings","url":"https:\/\/www.koonings.com\/de\/","logo":{"@type":"ImageObject","inLanguage":"de","@id":"https:\/\/www.koonings.com\/de\/#\/schema\/logo\/image\/","url":"https:\/\/www.koonings.com\/wp-content\/uploads\/2024\/07\/logo.png","contentUrl":"https:\/\/www.koonings.com\/wp-content\/uploads\/2024\/07\/logo.png","width":600,"height":428,"caption":"Koonings"},"image":{"@id":"https:\/\/www.koonings.com\/de\/#\/schema\/logo\/image\/"},"sameAs":["https:\/\/www.facebook.com\/kooningstheweddingpalace","https:\/\/www.instagram.com\/kooningstheweddingpalace","https:\/\/www.pinterest.com\/koonings","https:\/\/www.youtube.com\/kooningstheweddingpalace"]}]}},"_links":{"self":[{"href":"https:\/\/www.koonings.com\/de\/wp-json\/wp\/v2\/product\/58597","targetHints":{"allow":["GET"]}}],"collection":[{"href":"https:\/\/www.koonings.com\/de\/wp-json\/wp\/v2\/product"}],"about":[{"href":"https:\/\/www.koonings.com\/de\/wp-json\/wp\/v2\/types\/product"}],"wp:featuredmedia":[{"embeddable":true,"href":"https:\/\/www.koonings.com\/de\/wp-json\/wp\/v2\/media\/45247"}],"wp:attachment":[{"href":"https:\/\/www.koonings.com\/de\/wp-json\/wp\/v2\/media?parent=58597"}],"wp:term":[{"taxonomy":"productdetails","embeddable":true,"href":"https:\/\/www.koonings.com\/de\/wp-json\/wp\/v2\/productdetails?post=58597"},{"taxonomy":"productneck","embeddable":true,"href":"https:\/\/www.koonings.com\/de\/wp-json\/wp\/v2\/productneck?post=58597"},{"taxonomy":"productcolor","embeddable":true,"href":"https:\/\/www.koonings.com\/de\/wp-json\/wp\/v2\/productcolor?post=58597"},{"taxonomy":"maat","embeddable":true,"href":"https:\/\/www.koonings.com\/de\/wp-json\/wp\/v2\/maat?post=58597"},{"taxonomy":"productsupplier","embeddable":true,"href":"https:\/\/www.koonings.com\/de\/wp-json\/wp\/v2\/productsupplier?post=58597"},{"taxonomy":"productsleeve","embeddable":true,"href":"https:\/\/www.koonings.com\/de\/wp-json\/wp\/v2\/productsleeve?post=58597"},{"taxonomy":"productcategory","embeddable":true,"href":"https:\/\/www.koonings.com\/de\/wp-json\/wp\/v2\/productcategory?post=58597"},{"taxonomy":"productsilhouette","embeddable":true,"href":"https:\/\/www.koonings.com\/de\/wp-json\/wp\/v2\/productsilhouette?post=58597"},{"taxonomy":"productstyle","embeddable":true,"href":"https:\/\/www.koonings.com\/de\/wp-json\/wp\/v2\/productstyle?post=58597"}],"curies":[{"name":"wp","href":"https:\/\/api.w.org\/{rel}","templated":true}]}}