{"id":58585,"date":"2025-12-15T00:31:01","date_gmt":"2025-12-14T23:31:01","guid":{"rendered":"https:\/\/www.koonings.com\/product\/libelle-kenzo\/"},"modified":"2026-02-03T18:39:10","modified_gmt":"2026-02-03T17:39:10","slug":"libelle-kenzo","status":"publish","type":"product","link":"https:\/\/www.koonings.com\/de\/product\/libelle-kenzo\/","title":{"rendered":"Libelle Kenzo"},"content":{"rendered":"<p>Lernen Sie Kenzo kennen, ein schickes und vielseitiges kurzes Kleid, mit dem Sie ein Statement setzen k\u00f6nnen. Kenzo ist aus luxuri\u00f6sem Cr\u00eape-Stoff gefertigt und verf\u00fcgt \u00fcber schulterfreie Tr\u00e4ger, die schlichte Eleganz ausstrahlen. Das Besondere an Kenzo ist jedoch der abnehmbare Rock, der es der Braut erm\u00f6glicht, m\u00fchelos von der Zeremonie zum Empfang \u00fcberzugehen. Dieses Kleid ist auch ohne den abnehmbaren Rock erh\u00e4ltlich &#8211;   <\/p>\n","protected":false},"featured_media":45344,"template":"","meta":{"_acf_changed":false,"ghostkit_customizer_options":"","ghostkit_custom_css":"","ghostkit_custom_js_head":"","ghostkit_custom_js_foot":"","ghostkit_typography":""},"productdetails":[],"productneck":[354],"productcolor":[392],"maat":[],"productsupplier":[428],"productsleeve":[359],"productcategory":[18],"productsilhouette":[386],"productstyle":[371,370,373],"class_list":["post-58585","product","type-product","status-publish","has-post-thumbnail","hentry","productneck-354","productcolor-392","productsupplier-libelle","productsleeve-359","productcategory-trouwjurken","productsilhouette-386","productstyle-371","productstyle-370","productstyle-373"],"acf":[],"yoast_head":"<!-- This site is optimized with the Yoast SEO plugin v27.3 - https:\/\/yoast.com\/product\/yoast-seo-wordpress\/ -->\n<title>Libelle Kenzo | Koonings<\/title>\n<meta name=\"description\" content=\"Lernen Sie Kenzo kennen, ein schickes und vielseitiges kurzes Kleid, mit dem Sie ein Statement setzen k\u00f6nnen. Kenzo ist aus luxuri\u00f6sem Cr\u00eape-Stoff gefertigt und verf\u00fcgt \u00fcber schulterfreie Tr\u00e4ger, die schlichte Eleganz ausstrahlen. Das Besondere an Kenzo ist jedoch der abnehmbare Rock, der es der Braut erm\u00f6glicht, m\u00fchelos von der Zeremonie zum Empfang zu wechseln. Dieses Kleid ist auch ohne den abnehmbaren Rock erh\u00e4ltlich -\" \/>\n<meta name=\"robots\" content=\"index, follow, max-snippet:-1, max-image-preview:large, max-video-preview:-1\" \/>\n<link rel=\"canonical\" href=\"https:\/\/www.koonings.com\/de\/product\/libelle-kenzo\/\" \/>\n<meta property=\"og:locale\" content=\"de_DE\" \/>\n<meta property=\"og:type\" content=\"article\" \/>\n<meta property=\"og:title\" content=\"Libelle Kenzo | Koonings\" \/>\n<meta property=\"og:description\" content=\"Lernen Sie Kenzo kennen, ein schickes und vielseitiges kurzes Kleid, mit dem Sie ein Statement setzen k\u00f6nnen. Kenzo ist aus luxuri\u00f6sem Cr\u00eape-Stoff gefertigt und verf\u00fcgt \u00fcber schulterfreie Tr\u00e4ger, die schlichte Eleganz ausstrahlen. Das Besondere an Kenzo ist jedoch der abnehmbare Rock, der es der Braut erm\u00f6glicht, m\u00fchelos von der Zeremonie zum Empfang zu wechseln. Dieses Kleid ist auch ohne den abnehmbaren Rock erh\u00e4ltlich -\" \/>\n<meta property=\"og:url\" content=\"https:\/\/www.koonings.com\/de\/product\/libelle-kenzo\/\" \/>\n<meta property=\"og:site_name\" content=\"Koonings\" \/>\n<meta property=\"article:publisher\" content=\"https:\/\/www.facebook.com\/kooningstheweddingpalace\" \/>\n<meta property=\"article:modified_time\" content=\"2026-02-03T17:39:10+00:00\" \/>\n<meta property=\"og:image\" content=\"https:\/\/www.koonings.com\/wp-content\/uploads\/2024\/11\/40590_0e529290b42b096a1b68ac06d13e7bd57bb6e42b2ac508b1d486ed3b3fd4f78b23de6166.jpeg\" \/>\n\t<meta property=\"og:image:width\" content=\"1677\" \/>\n\t<meta property=\"og:image:height\" content=\"2370\" \/>\n\t<meta property=\"og:image:type\" content=\"image\/jpeg\" \/>\n<meta name=\"twitter:card\" content=\"summary_large_image\" \/>\n<script type=\"application\/ld+json\" class=\"yoast-schema-graph\">{\"@context\":\"https:\\\/\\\/schema.org\",\"@graph\":[{\"@type\":\"WebPage\",\"@id\":\"https:\\\/\\\/www.koonings.com\\\/de\\\/product\\\/libelle-kenzo\\\/\",\"url\":\"https:\\\/\\\/www.koonings.com\\\/de\\\/product\\\/libelle-kenzo\\\/\",\"name\":\"Libelle Kenzo | Koonings\",\"isPartOf\":{\"@id\":\"https:\\\/\\\/www.koonings.com\\\/de\\\/#website\"},\"primaryImageOfPage\":{\"@id\":\"https:\\\/\\\/www.koonings.com\\\/de\\\/product\\\/libelle-kenzo\\\/#primaryimage\"},\"image\":{\"@id\":\"https:\\\/\\\/www.koonings.com\\\/de\\\/product\\\/libelle-kenzo\\\/#primaryimage\"},\"thumbnailUrl\":\"https:\\\/\\\/www.koonings.com\\\/wp-content\\\/uploads\\\/2024\\\/11\\\/40590_0e529290b42b096a1b68ac06d13e7bd57bb6e42b2ac508b1d486ed3b3fd4f78b23de6166.jpeg\",\"datePublished\":\"2025-12-14T23:31:01+00:00\",\"dateModified\":\"2026-02-03T17:39:10+00:00\",\"description\":\"Lernen Sie Kenzo kennen, ein schickes und vielseitiges kurzes Kleid, mit dem Sie ein Statement setzen k\u00f6nnen. Kenzo ist aus luxuri\u00f6sem Cr\u00eape-Stoff gefertigt und verf\u00fcgt \u00fcber schulterfreie Tr\u00e4ger, die schlichte Eleganz ausstrahlen. Das Besondere an Kenzo ist jedoch der abnehmbare Rock, der es der Braut erm\u00f6glicht, m\u00fchelos von der Zeremonie zum Empfang zu wechseln. Dieses Kleid ist auch ohne den abnehmbaren Rock erh\u00e4ltlich -\",\"breadcrumb\":{\"@id\":\"https:\\\/\\\/www.koonings.com\\\/de\\\/product\\\/libelle-kenzo\\\/#breadcrumb\"},\"inLanguage\":\"de\",\"potentialAction\":[{\"@type\":\"ReadAction\",\"target\":[\"https:\\\/\\\/www.koonings.com\\\/de\\\/product\\\/libelle-kenzo\\\/\"]}]},{\"@type\":\"ImageObject\",\"inLanguage\":\"de\",\"@id\":\"https:\\\/\\\/www.koonings.com\\\/de\\\/product\\\/libelle-kenzo\\\/#primaryimage\",\"url\":\"https:\\\/\\\/www.koonings.com\\\/wp-content\\\/uploads\\\/2024\\\/11\\\/40590_0e529290b42b096a1b68ac06d13e7bd57bb6e42b2ac508b1d486ed3b3fd4f78b23de6166.jpeg\",\"contentUrl\":\"https:\\\/\\\/www.koonings.com\\\/wp-content\\\/uploads\\\/2024\\\/11\\\/40590_0e529290b42b096a1b68ac06d13e7bd57bb6e42b2ac508b1d486ed3b3fd4f78b23de6166.jpeg\",\"width\":1677,\"height\":2370},{\"@type\":\"BreadcrumbList\",\"@id\":\"https:\\\/\\\/www.koonings.com\\\/de\\\/product\\\/libelle-kenzo\\\/#breadcrumb\",\"itemListElement\":[{\"@type\":\"ListItem\",\"position\":1,\"name\":\"Home\",\"item\":\"https:\\\/\\\/www.koonings.com\\\/de\\\/\"},{\"@type\":\"ListItem\",\"position\":2,\"name\":\"Libelle Kenzo\"}]},{\"@type\":\"WebSite\",\"@id\":\"https:\\\/\\\/www.koonings.com\\\/de\\\/#website\",\"url\":\"https:\\\/\\\/www.koonings.com\\\/de\\\/\",\"name\":\"Koonings\",\"description\":\"De grootste bruidsmodewinkel ter wereld\",\"publisher\":{\"@id\":\"https:\\\/\\\/www.koonings.com\\\/de\\\/#organization\"},\"potentialAction\":[{\"@type\":\"SearchAction\",\"target\":{\"@type\":\"EntryPoint\",\"urlTemplate\":\"https:\\\/\\\/www.koonings.com\\\/de\\\/?s={search_term_string}\"},\"query-input\":{\"@type\":\"PropertyValueSpecification\",\"valueRequired\":true,\"valueName\":\"search_term_string\"}}],\"inLanguage\":\"de\"},{\"@type\":\"Organization\",\"@id\":\"https:\\\/\\\/www.koonings.com\\\/de\\\/#organization\",\"name\":\"Koonings\",\"url\":\"https:\\\/\\\/www.koonings.com\\\/de\\\/\",\"logo\":{\"@type\":\"ImageObject\",\"inLanguage\":\"de\",\"@id\":\"https:\\\/\\\/www.koonings.com\\\/de\\\/#\\\/schema\\\/logo\\\/image\\\/\",\"url\":\"https:\\\/\\\/www.koonings.com\\\/wp-content\\\/uploads\\\/2024\\\/07\\\/logo.png\",\"contentUrl\":\"https:\\\/\\\/www.koonings.com\\\/wp-content\\\/uploads\\\/2024\\\/07\\\/logo.png\",\"width\":600,\"height\":428,\"caption\":\"Koonings\"},\"image\":{\"@id\":\"https:\\\/\\\/www.koonings.com\\\/de\\\/#\\\/schema\\\/logo\\\/image\\\/\"},\"sameAs\":[\"https:\\\/\\\/www.facebook.com\\\/kooningstheweddingpalace\",\"https:\\\/\\\/www.instagram.com\\\/kooningstheweddingpalace\",\"https:\\\/\\\/www.pinterest.com\\\/koonings\",\"https:\\\/\\\/www.youtube.com\\\/kooningstheweddingpalace\"]}]}<\/script>\n<!-- \/ Yoast SEO plugin. -->","yoast_head_json":{"title":"Libelle Kenzo | Koonings","description":"Lernen Sie Kenzo kennen, ein schickes und vielseitiges kurzes Kleid, mit dem Sie ein Statement setzen k\u00f6nnen. Kenzo ist aus luxuri\u00f6sem Cr\u00eape-Stoff gefertigt und verf\u00fcgt \u00fcber schulterfreie Tr\u00e4ger, die schlichte Eleganz ausstrahlen. Das Besondere an Kenzo ist jedoch der abnehmbare Rock, der es der Braut erm\u00f6glicht, m\u00fchelos von der Zeremonie zum Empfang zu wechseln. Dieses Kleid ist auch ohne den abnehmbaren Rock erh\u00e4ltlich -","robots":{"index":"index","follow":"follow","max-snippet":"max-snippet:-1","max-image-preview":"max-image-preview:large","max-video-preview":"max-video-preview:-1"},"canonical":"https:\/\/www.koonings.com\/de\/product\/libelle-kenzo\/","og_locale":"de_DE","og_type":"article","og_title":"Libelle Kenzo | Koonings","og_description":"Lernen Sie Kenzo kennen, ein schickes und vielseitiges kurzes Kleid, mit dem Sie ein Statement setzen k\u00f6nnen. Kenzo ist aus luxuri\u00f6sem Cr\u00eape-Stoff gefertigt und verf\u00fcgt \u00fcber schulterfreie Tr\u00e4ger, die schlichte Eleganz ausstrahlen. Das Besondere an Kenzo ist jedoch der abnehmbare Rock, der es der Braut erm\u00f6glicht, m\u00fchelos von der Zeremonie zum Empfang zu wechseln. Dieses Kleid ist auch ohne den abnehmbaren Rock erh\u00e4ltlich -","og_url":"https:\/\/www.koonings.com\/de\/product\/libelle-kenzo\/","og_site_name":"Koonings","article_publisher":"https:\/\/www.facebook.com\/kooningstheweddingpalace","article_modified_time":"2026-02-03T17:39:10+00:00","og_image":[{"width":1677,"height":2370,"url":"https:\/\/www.koonings.com\/wp-content\/uploads\/2024\/11\/40590_0e529290b42b096a1b68ac06d13e7bd57bb6e42b2ac508b1d486ed3b3fd4f78b23de6166.jpeg","type":"image\/jpeg"}],"twitter_card":"summary_large_image","schema":{"@context":"https:\/\/schema.org","@graph":[{"@type":"WebPage","@id":"https:\/\/www.koonings.com\/de\/product\/libelle-kenzo\/","url":"https:\/\/www.koonings.com\/de\/product\/libelle-kenzo\/","name":"Libelle Kenzo | Koonings","isPartOf":{"@id":"https:\/\/www.koonings.com\/de\/#website"},"primaryImageOfPage":{"@id":"https:\/\/www.koonings.com\/de\/product\/libelle-kenzo\/#primaryimage"},"image":{"@id":"https:\/\/www.koonings.com\/de\/product\/libelle-kenzo\/#primaryimage"},"thumbnailUrl":"https:\/\/www.koonings.com\/wp-content\/uploads\/2024\/11\/40590_0e529290b42b096a1b68ac06d13e7bd57bb6e42b2ac508b1d486ed3b3fd4f78b23de6166.jpeg","datePublished":"2025-12-14T23:31:01+00:00","dateModified":"2026-02-03T17:39:10+00:00","description":"Lernen Sie Kenzo kennen, ein schickes und vielseitiges kurzes Kleid, mit dem Sie ein Statement setzen k\u00f6nnen. Kenzo ist aus luxuri\u00f6sem Cr\u00eape-Stoff gefertigt und verf\u00fcgt \u00fcber schulterfreie Tr\u00e4ger, die schlichte Eleganz ausstrahlen. Das Besondere an Kenzo ist jedoch der abnehmbare Rock, der es der Braut erm\u00f6glicht, m\u00fchelos von der Zeremonie zum Empfang zu wechseln. Dieses Kleid ist auch ohne den abnehmbaren Rock erh\u00e4ltlich -","breadcrumb":{"@id":"https:\/\/www.koonings.com\/de\/product\/libelle-kenzo\/#breadcrumb"},"inLanguage":"de","potentialAction":[{"@type":"ReadAction","target":["https:\/\/www.koonings.com\/de\/product\/libelle-kenzo\/"]}]},{"@type":"ImageObject","inLanguage":"de","@id":"https:\/\/www.koonings.com\/de\/product\/libelle-kenzo\/#primaryimage","url":"https:\/\/www.koonings.com\/wp-content\/uploads\/2024\/11\/40590_0e529290b42b096a1b68ac06d13e7bd57bb6e42b2ac508b1d486ed3b3fd4f78b23de6166.jpeg","contentUrl":"https:\/\/www.koonings.com\/wp-content\/uploads\/2024\/11\/40590_0e529290b42b096a1b68ac06d13e7bd57bb6e42b2ac508b1d486ed3b3fd4f78b23de6166.jpeg","width":1677,"height":2370},{"@type":"BreadcrumbList","@id":"https:\/\/www.koonings.com\/de\/product\/libelle-kenzo\/#breadcrumb","itemListElement":[{"@type":"ListItem","position":1,"name":"Home","item":"https:\/\/www.koonings.com\/de\/"},{"@type":"ListItem","position":2,"name":"Libelle Kenzo"}]},{"@type":"WebSite","@id":"https:\/\/www.koonings.com\/de\/#website","url":"https:\/\/www.koonings.com\/de\/","name":"Koonings","description":"De grootste bruidsmodewinkel ter wereld","publisher":{"@id":"https:\/\/www.koonings.com\/de\/#organization"},"potentialAction":[{"@type":"SearchAction","target":{"@type":"EntryPoint","urlTemplate":"https:\/\/www.koonings.com\/de\/?s={search_term_string}"},"query-input":{"@type":"PropertyValueSpecification","valueRequired":true,"valueName":"search_term_string"}}],"inLanguage":"de"},{"@type":"Organization","@id":"https:\/\/www.koonings.com\/de\/#organization","name":"Koonings","url":"https:\/\/www.koonings.com\/de\/","logo":{"@type":"ImageObject","inLanguage":"de","@id":"https:\/\/www.koonings.com\/de\/#\/schema\/logo\/image\/","url":"https:\/\/www.koonings.com\/wp-content\/uploads\/2024\/07\/logo.png","contentUrl":"https:\/\/www.koonings.com\/wp-content\/uploads\/2024\/07\/logo.png","width":600,"height":428,"caption":"Koonings"},"image":{"@id":"https:\/\/www.koonings.com\/de\/#\/schema\/logo\/image\/"},"sameAs":["https:\/\/www.facebook.com\/kooningstheweddingpalace","https:\/\/www.instagram.com\/kooningstheweddingpalace","https:\/\/www.pinterest.com\/koonings","https:\/\/www.youtube.com\/kooningstheweddingpalace"]}]}},"_links":{"self":[{"href":"https:\/\/www.koonings.com\/de\/wp-json\/wp\/v2\/product\/58585","targetHints":{"allow":["GET"]}}],"collection":[{"href":"https:\/\/www.koonings.com\/de\/wp-json\/wp\/v2\/product"}],"about":[{"href":"https:\/\/www.koonings.com\/de\/wp-json\/wp\/v2\/types\/product"}],"wp:featuredmedia":[{"embeddable":true,"href":"https:\/\/www.koonings.com\/de\/wp-json\/wp\/v2\/media\/45344"}],"wp:attachment":[{"href":"https:\/\/www.koonings.com\/de\/wp-json\/wp\/v2\/media?parent=58585"}],"wp:term":[{"taxonomy":"productdetails","embeddable":true,"href":"https:\/\/www.koonings.com\/de\/wp-json\/wp\/v2\/productdetails?post=58585"},{"taxonomy":"productneck","embeddable":true,"href":"https:\/\/www.koonings.com\/de\/wp-json\/wp\/v2\/productneck?post=58585"},{"taxonomy":"productcolor","embeddable":true,"href":"https:\/\/www.koonings.com\/de\/wp-json\/wp\/v2\/productcolor?post=58585"},{"taxonomy":"maat","embeddable":true,"href":"https:\/\/www.koonings.com\/de\/wp-json\/wp\/v2\/maat?post=58585"},{"taxonomy":"productsupplier","embeddable":true,"href":"https:\/\/www.koonings.com\/de\/wp-json\/wp\/v2\/productsupplier?post=58585"},{"taxonomy":"productsleeve","embeddable":true,"href":"https:\/\/www.koonings.com\/de\/wp-json\/wp\/v2\/productsleeve?post=58585"},{"taxonomy":"productcategory","embeddable":true,"href":"https:\/\/www.koonings.com\/de\/wp-json\/wp\/v2\/productcategory?post=58585"},{"taxonomy":"productsilhouette","embeddable":true,"href":"https:\/\/www.koonings.com\/de\/wp-json\/wp\/v2\/productsilhouette?post=58585"},{"taxonomy":"productstyle","embeddable":true,"href":"https:\/\/www.koonings.com\/de\/wp-json\/wp\/v2\/productstyle?post=58585"}],"curies":[{"name":"wp","href":"https:\/\/api.w.org\/{rel}","templated":true}]}}