{"id":58582,"date":"2026-05-06T15:20:16","date_gmt":"2026-05-06T13:20:16","guid":{"rendered":"https:\/\/www.koonings.com\/product\/libelle-kensley\/"},"modified":"2025-06-05T13:07:54","modified_gmt":"2025-06-05T11:07:54","slug":"libelle-kensley","status":"publish","type":"product","link":"https:\/\/www.koonings.com\/de\/product\/libelle-kensley\/","title":{"rendered":"Libelle Kensley"},"content":{"rendered":"<p>Kensley ist ein bezauberndes kurzes Kleid, mit dem Sie ein Statement setzen k\u00f6nnen. Der k\u00fchne tiefe Ausschnitt sorgt f\u00fcr einen Hauch von Verf\u00fchrung, w\u00e4hrend der schimmernde Glitzert\u00fcll f\u00fcr einen strahlenden und glamour\u00f6sen Look sorgt. Ein zartes 3D-Blumendetail akzentuiert die Taille und verleiht diesem modernen Ensemble einen subtilen, aber bezaubernden Hauch von Eleganz.  <\/p>\n","protected":false},"featured_media":45331,"template":"","meta":{"_acf_changed":false,"ghostkit_customizer_options":"","ghostkit_custom_css":"","ghostkit_custom_js_head":"","ghostkit_custom_js_foot":"","ghostkit_typography":""},"productdetails":[],"productneck":[356],"productcolor":[393,392],"maat":[],"productsupplier":[428],"productsleeve":[359],"productcategory":[18],"productsilhouette":[386],"productstyle":[371,366,370,373],"class_list":["post-58582","product","type-product","status-publish","has-post-thumbnail","hentry","productneck-356","productcolor-393","productcolor-392","productsupplier-libelle","productsleeve-359","productcategory-trouwjurken","productsilhouette-386","productstyle-371","productstyle-366","productstyle-370","productstyle-373"],"acf":[],"yoast_head":"<!-- This site is optimized with the Yoast SEO plugin v27.3 - https:\/\/yoast.com\/product\/yoast-seo-wordpress\/ -->\n<title>Libelle Kensley | Koonings<\/title>\n<meta name=\"description\" content=\"Kensley ist ein bezauberndes kurzes Kleid, mit dem Sie ein Statement setzen k\u00f6nnen. Der k\u00fchne tiefe Ausschnitt sorgt f\u00fcr einen Hauch von Verf\u00fchrung, w\u00e4hrend der schimmernde Glitzert\u00fcll f\u00fcr einen strahlenden und glamour\u00f6sen Look sorgt. Ein zartes 3D-Blumendetail akzentuiert die Taille und verleiht diesem modernen Ensemble einen subtilen, aber bezaubernden Hauch von Eleganz.\" \/>\n<meta name=\"robots\" content=\"index, follow, max-snippet:-1, max-image-preview:large, max-video-preview:-1\" \/>\n<link rel=\"canonical\" href=\"https:\/\/www.koonings.com\/de\/product\/libelle-kensley\/\" \/>\n<meta property=\"og:locale\" content=\"de_DE\" \/>\n<meta property=\"og:type\" content=\"article\" \/>\n<meta property=\"og:title\" content=\"Libelle Kensley | Koonings\" \/>\n<meta property=\"og:description\" content=\"Kensley ist ein bezauberndes kurzes Kleid, mit dem Sie ein Statement setzen k\u00f6nnen. Der k\u00fchne tiefe Ausschnitt sorgt f\u00fcr einen Hauch von Verf\u00fchrung, w\u00e4hrend der schimmernde Glitzert\u00fcll f\u00fcr einen strahlenden und glamour\u00f6sen Look sorgt. Ein zartes 3D-Blumendetail akzentuiert die Taille und verleiht diesem modernen Ensemble einen subtilen, aber bezaubernden Hauch von Eleganz.\" \/>\n<meta property=\"og:url\" content=\"https:\/\/www.koonings.com\/de\/product\/libelle-kensley\/\" \/>\n<meta property=\"og:site_name\" content=\"Koonings\" \/>\n<meta property=\"article:publisher\" content=\"https:\/\/www.facebook.com\/kooningstheweddingpalace\" \/>\n<meta property=\"og:image\" content=\"https:\/\/www.koonings.com\/wp-content\/uploads\/2024\/11\/40589_8f091e7583db389a5531288175cbd4f98d3d96b5a1c94cdda611b06805016624844d7b62.jpeg\" \/>\n\t<meta property=\"og:image:width\" content=\"983\" \/>\n\t<meta property=\"og:image:height\" content=\"1391\" \/>\n\t<meta property=\"og:image:type\" content=\"image\/jpeg\" \/>\n<meta name=\"twitter:card\" content=\"summary_large_image\" \/>\n<script type=\"application\/ld+json\" class=\"yoast-schema-graph\">{\"@context\":\"https:\\\/\\\/schema.org\",\"@graph\":[{\"@type\":\"WebPage\",\"@id\":\"https:\\\/\\\/www.koonings.com\\\/de\\\/product\\\/libelle-kensley\\\/\",\"url\":\"https:\\\/\\\/www.koonings.com\\\/de\\\/product\\\/libelle-kensley\\\/\",\"name\":\"Libelle Kensley | Koonings\",\"isPartOf\":{\"@id\":\"https:\\\/\\\/www.koonings.com\\\/de\\\/#website\"},\"primaryImageOfPage\":{\"@id\":\"https:\\\/\\\/www.koonings.com\\\/de\\\/product\\\/libelle-kensley\\\/#primaryimage\"},\"image\":{\"@id\":\"https:\\\/\\\/www.koonings.com\\\/de\\\/product\\\/libelle-kensley\\\/#primaryimage\"},\"thumbnailUrl\":\"https:\\\/\\\/www.koonings.com\\\/wp-content\\\/uploads\\\/2024\\\/11\\\/40589_8f091e7583db389a5531288175cbd4f98d3d96b5a1c94cdda611b06805016624844d7b62.jpeg\",\"datePublished\":\"2026-05-06T13:20:16+00:00\",\"description\":\"Kensley ist ein bezauberndes kurzes Kleid, mit dem Sie ein Statement setzen k\u00f6nnen. Der k\u00fchne tiefe Ausschnitt sorgt f\u00fcr einen Hauch von Verf\u00fchrung, w\u00e4hrend der schimmernde Glitzert\u00fcll f\u00fcr einen strahlenden und glamour\u00f6sen Look sorgt. Ein zartes 3D-Blumendetail akzentuiert die Taille und verleiht diesem modernen Ensemble einen subtilen, aber bezaubernden Hauch von Eleganz.\",\"breadcrumb\":{\"@id\":\"https:\\\/\\\/www.koonings.com\\\/de\\\/product\\\/libelle-kensley\\\/#breadcrumb\"},\"inLanguage\":\"de\",\"potentialAction\":[{\"@type\":\"ReadAction\",\"target\":[\"https:\\\/\\\/www.koonings.com\\\/de\\\/product\\\/libelle-kensley\\\/\"]}]},{\"@type\":\"ImageObject\",\"inLanguage\":\"de\",\"@id\":\"https:\\\/\\\/www.koonings.com\\\/de\\\/product\\\/libelle-kensley\\\/#primaryimage\",\"url\":\"https:\\\/\\\/www.koonings.com\\\/wp-content\\\/uploads\\\/2024\\\/11\\\/40589_8f091e7583db389a5531288175cbd4f98d3d96b5a1c94cdda611b06805016624844d7b62.jpeg\",\"contentUrl\":\"https:\\\/\\\/www.koonings.com\\\/wp-content\\\/uploads\\\/2024\\\/11\\\/40589_8f091e7583db389a5531288175cbd4f98d3d96b5a1c94cdda611b06805016624844d7b62.jpeg\",\"width\":983,\"height\":1391},{\"@type\":\"BreadcrumbList\",\"@id\":\"https:\\\/\\\/www.koonings.com\\\/de\\\/product\\\/libelle-kensley\\\/#breadcrumb\",\"itemListElement\":[{\"@type\":\"ListItem\",\"position\":1,\"name\":\"Home\",\"item\":\"https:\\\/\\\/www.koonings.com\\\/de\\\/\"},{\"@type\":\"ListItem\",\"position\":2,\"name\":\"Libelle Kensley\"}]},{\"@type\":\"WebSite\",\"@id\":\"https:\\\/\\\/www.koonings.com\\\/de\\\/#website\",\"url\":\"https:\\\/\\\/www.koonings.com\\\/de\\\/\",\"name\":\"Koonings\",\"description\":\"De grootste bruidsmodewinkel ter wereld\",\"publisher\":{\"@id\":\"https:\\\/\\\/www.koonings.com\\\/de\\\/#organization\"},\"potentialAction\":[{\"@type\":\"SearchAction\",\"target\":{\"@type\":\"EntryPoint\",\"urlTemplate\":\"https:\\\/\\\/www.koonings.com\\\/de\\\/?s={search_term_string}\"},\"query-input\":{\"@type\":\"PropertyValueSpecification\",\"valueRequired\":true,\"valueName\":\"search_term_string\"}}],\"inLanguage\":\"de\"},{\"@type\":\"Organization\",\"@id\":\"https:\\\/\\\/www.koonings.com\\\/de\\\/#organization\",\"name\":\"Koonings\",\"url\":\"https:\\\/\\\/www.koonings.com\\\/de\\\/\",\"logo\":{\"@type\":\"ImageObject\",\"inLanguage\":\"de\",\"@id\":\"https:\\\/\\\/www.koonings.com\\\/de\\\/#\\\/schema\\\/logo\\\/image\\\/\",\"url\":\"https:\\\/\\\/www.koonings.com\\\/wp-content\\\/uploads\\\/2024\\\/07\\\/logo.png\",\"contentUrl\":\"https:\\\/\\\/www.koonings.com\\\/wp-content\\\/uploads\\\/2024\\\/07\\\/logo.png\",\"width\":600,\"height\":428,\"caption\":\"Koonings\"},\"image\":{\"@id\":\"https:\\\/\\\/www.koonings.com\\\/de\\\/#\\\/schema\\\/logo\\\/image\\\/\"},\"sameAs\":[\"https:\\\/\\\/www.facebook.com\\\/kooningstheweddingpalace\",\"https:\\\/\\\/www.instagram.com\\\/kooningstheweddingpalace\",\"https:\\\/\\\/www.pinterest.com\\\/koonings\",\"https:\\\/\\\/www.youtube.com\\\/kooningstheweddingpalace\"]}]}<\/script>\n<!-- \/ Yoast SEO plugin. -->","yoast_head_json":{"title":"Libelle Kensley | Koonings","description":"Kensley ist ein bezauberndes kurzes Kleid, mit dem Sie ein Statement setzen k\u00f6nnen. Der k\u00fchne tiefe Ausschnitt sorgt f\u00fcr einen Hauch von Verf\u00fchrung, w\u00e4hrend der schimmernde Glitzert\u00fcll f\u00fcr einen strahlenden und glamour\u00f6sen Look sorgt. Ein zartes 3D-Blumendetail akzentuiert die Taille und verleiht diesem modernen Ensemble einen subtilen, aber bezaubernden Hauch von Eleganz.","robots":{"index":"index","follow":"follow","max-snippet":"max-snippet:-1","max-image-preview":"max-image-preview:large","max-video-preview":"max-video-preview:-1"},"canonical":"https:\/\/www.koonings.com\/de\/product\/libelle-kensley\/","og_locale":"de_DE","og_type":"article","og_title":"Libelle Kensley | Koonings","og_description":"Kensley ist ein bezauberndes kurzes Kleid, mit dem Sie ein Statement setzen k\u00f6nnen. Der k\u00fchne tiefe Ausschnitt sorgt f\u00fcr einen Hauch von Verf\u00fchrung, w\u00e4hrend der schimmernde Glitzert\u00fcll f\u00fcr einen strahlenden und glamour\u00f6sen Look sorgt. Ein zartes 3D-Blumendetail akzentuiert die Taille und verleiht diesem modernen Ensemble einen subtilen, aber bezaubernden Hauch von Eleganz.","og_url":"https:\/\/www.koonings.com\/de\/product\/libelle-kensley\/","og_site_name":"Koonings","article_publisher":"https:\/\/www.facebook.com\/kooningstheweddingpalace","og_image":[{"width":983,"height":1391,"url":"https:\/\/www.koonings.com\/wp-content\/uploads\/2024\/11\/40589_8f091e7583db389a5531288175cbd4f98d3d96b5a1c94cdda611b06805016624844d7b62.jpeg","type":"image\/jpeg"}],"twitter_card":"summary_large_image","schema":{"@context":"https:\/\/schema.org","@graph":[{"@type":"WebPage","@id":"https:\/\/www.koonings.com\/de\/product\/libelle-kensley\/","url":"https:\/\/www.koonings.com\/de\/product\/libelle-kensley\/","name":"Libelle Kensley | Koonings","isPartOf":{"@id":"https:\/\/www.koonings.com\/de\/#website"},"primaryImageOfPage":{"@id":"https:\/\/www.koonings.com\/de\/product\/libelle-kensley\/#primaryimage"},"image":{"@id":"https:\/\/www.koonings.com\/de\/product\/libelle-kensley\/#primaryimage"},"thumbnailUrl":"https:\/\/www.koonings.com\/wp-content\/uploads\/2024\/11\/40589_8f091e7583db389a5531288175cbd4f98d3d96b5a1c94cdda611b06805016624844d7b62.jpeg","datePublished":"2026-05-06T13:20:16+00:00","description":"Kensley ist ein bezauberndes kurzes Kleid, mit dem Sie ein Statement setzen k\u00f6nnen. Der k\u00fchne tiefe Ausschnitt sorgt f\u00fcr einen Hauch von Verf\u00fchrung, w\u00e4hrend der schimmernde Glitzert\u00fcll f\u00fcr einen strahlenden und glamour\u00f6sen Look sorgt. Ein zartes 3D-Blumendetail akzentuiert die Taille und verleiht diesem modernen Ensemble einen subtilen, aber bezaubernden Hauch von Eleganz.","breadcrumb":{"@id":"https:\/\/www.koonings.com\/de\/product\/libelle-kensley\/#breadcrumb"},"inLanguage":"de","potentialAction":[{"@type":"ReadAction","target":["https:\/\/www.koonings.com\/de\/product\/libelle-kensley\/"]}]},{"@type":"ImageObject","inLanguage":"de","@id":"https:\/\/www.koonings.com\/de\/product\/libelle-kensley\/#primaryimage","url":"https:\/\/www.koonings.com\/wp-content\/uploads\/2024\/11\/40589_8f091e7583db389a5531288175cbd4f98d3d96b5a1c94cdda611b06805016624844d7b62.jpeg","contentUrl":"https:\/\/www.koonings.com\/wp-content\/uploads\/2024\/11\/40589_8f091e7583db389a5531288175cbd4f98d3d96b5a1c94cdda611b06805016624844d7b62.jpeg","width":983,"height":1391},{"@type":"BreadcrumbList","@id":"https:\/\/www.koonings.com\/de\/product\/libelle-kensley\/#breadcrumb","itemListElement":[{"@type":"ListItem","position":1,"name":"Home","item":"https:\/\/www.koonings.com\/de\/"},{"@type":"ListItem","position":2,"name":"Libelle Kensley"}]},{"@type":"WebSite","@id":"https:\/\/www.koonings.com\/de\/#website","url":"https:\/\/www.koonings.com\/de\/","name":"Koonings","description":"De grootste bruidsmodewinkel ter wereld","publisher":{"@id":"https:\/\/www.koonings.com\/de\/#organization"},"potentialAction":[{"@type":"SearchAction","target":{"@type":"EntryPoint","urlTemplate":"https:\/\/www.koonings.com\/de\/?s={search_term_string}"},"query-input":{"@type":"PropertyValueSpecification","valueRequired":true,"valueName":"search_term_string"}}],"inLanguage":"de"},{"@type":"Organization","@id":"https:\/\/www.koonings.com\/de\/#organization","name":"Koonings","url":"https:\/\/www.koonings.com\/de\/","logo":{"@type":"ImageObject","inLanguage":"de","@id":"https:\/\/www.koonings.com\/de\/#\/schema\/logo\/image\/","url":"https:\/\/www.koonings.com\/wp-content\/uploads\/2024\/07\/logo.png","contentUrl":"https:\/\/www.koonings.com\/wp-content\/uploads\/2024\/07\/logo.png","width":600,"height":428,"caption":"Koonings"},"image":{"@id":"https:\/\/www.koonings.com\/de\/#\/schema\/logo\/image\/"},"sameAs":["https:\/\/www.facebook.com\/kooningstheweddingpalace","https:\/\/www.instagram.com\/kooningstheweddingpalace","https:\/\/www.pinterest.com\/koonings","https:\/\/www.youtube.com\/kooningstheweddingpalace"]}]}},"_links":{"self":[{"href":"https:\/\/www.koonings.com\/de\/wp-json\/wp\/v2\/product\/58582","targetHints":{"allow":["GET"]}}],"collection":[{"href":"https:\/\/www.koonings.com\/de\/wp-json\/wp\/v2\/product"}],"about":[{"href":"https:\/\/www.koonings.com\/de\/wp-json\/wp\/v2\/types\/product"}],"wp:featuredmedia":[{"embeddable":true,"href":"https:\/\/www.koonings.com\/de\/wp-json\/wp\/v2\/media\/45331"}],"wp:attachment":[{"href":"https:\/\/www.koonings.com\/de\/wp-json\/wp\/v2\/media?parent=58582"}],"wp:term":[{"taxonomy":"productdetails","embeddable":true,"href":"https:\/\/www.koonings.com\/de\/wp-json\/wp\/v2\/productdetails?post=58582"},{"taxonomy":"productneck","embeddable":true,"href":"https:\/\/www.koonings.com\/de\/wp-json\/wp\/v2\/productneck?post=58582"},{"taxonomy":"productcolor","embeddable":true,"href":"https:\/\/www.koonings.com\/de\/wp-json\/wp\/v2\/productcolor?post=58582"},{"taxonomy":"maat","embeddable":true,"href":"https:\/\/www.koonings.com\/de\/wp-json\/wp\/v2\/maat?post=58582"},{"taxonomy":"productsupplier","embeddable":true,"href":"https:\/\/www.koonings.com\/de\/wp-json\/wp\/v2\/productsupplier?post=58582"},{"taxonomy":"productsleeve","embeddable":true,"href":"https:\/\/www.koonings.com\/de\/wp-json\/wp\/v2\/productsleeve?post=58582"},{"taxonomy":"productcategory","embeddable":true,"href":"https:\/\/www.koonings.com\/de\/wp-json\/wp\/v2\/productcategory?post=58582"},{"taxonomy":"productsilhouette","embeddable":true,"href":"https:\/\/www.koonings.com\/de\/wp-json\/wp\/v2\/productsilhouette?post=58582"},{"taxonomy":"productstyle","embeddable":true,"href":"https:\/\/www.koonings.com\/de\/wp-json\/wp\/v2\/productstyle?post=58582"}],"curies":[{"name":"wp","href":"https:\/\/api.w.org\/{rel}","templated":true}]}}