{"id":58579,"date":"2026-04-14T16:20:42","date_gmt":"2026-04-14T14:20:42","guid":{"rendered":"https:\/\/www.koonings.com\/product\/libelle-karla\/"},"modified":"2025-06-05T13:08:26","modified_gmt":"2025-06-05T11:08:26","slug":"libelle-karla","status":"publish","type":"product","link":"https:\/\/www.koonings.com\/de\/product\/libelle-karla\/","title":{"rendered":"Libelle Kamden"},"content":{"rendered":"<p>Karla ist ein zeitloses Mikado-Ballkleid. Es hat einen schmeichelhaften V-Ausschnitt und einen V-R\u00fccken, w\u00e4hrend das Mieder mit aufw\u00e4ndiger 3D-Spitze verziert ist. Zarte \u00c4rmel aus Illusionsspitze verleihen diesem Brautkleid einen Hauch von Romantik und Raffinesse. Dieses Kleid ist auch mit Fl\u00fcgel\u00e4rmeln erh\u00e4ltlich &#8211; Karla-   <\/p>\n","protected":false},"featured_media":45415,"template":"","meta":{"_acf_changed":false,"ghostkit_customizer_options":"","ghostkit_custom_css":"","ghostkit_custom_js_head":"","ghostkit_custom_js_foot":"","ghostkit_typography":""},"productdetails":[],"productneck":[356],"productcolor":[392],"maat":[],"productsupplier":[428],"productsleeve":[362],"productcategory":[18],"productsilhouette":[384],"productstyle":[366],"class_list":["post-58579","product","type-product","status-publish","has-post-thumbnail","hentry","productneck-356","productcolor-392","productsupplier-libelle","productsleeve-362","productcategory-trouwjurken","productsilhouette-384","productstyle-366"],"acf":[],"yoast_head":"<!-- This site is optimized with the Yoast SEO plugin v27.3 - https:\/\/yoast.com\/product\/yoast-seo-wordpress\/ -->\n<title>Libelle Kamden | Koonings<\/title>\n<meta name=\"description\" content=\"Karla ist ein zeitloses Mikado-Ballkleid. Es hat einen schmeichelhaften V-Ausschnitt und einen V-R\u00fccken, w\u00e4hrend das Mieder mit aufw\u00e4ndiger 3D-Spitze verziert ist. Zarte \u00c4rmel aus Illusionsspitze verleihen diesem Brautkleid einen Hauch von Romantik und Raffinesse. Dieses Kleid ist auch mit Fl\u00fcgel\u00e4rmeln erh\u00e4ltlich - Karla-\" \/>\n<meta name=\"robots\" content=\"index, follow, max-snippet:-1, max-image-preview:large, max-video-preview:-1\" \/>\n<link rel=\"canonical\" href=\"https:\/\/www.koonings.com\/de\/product\/libelle-karla\/\" \/>\n<meta property=\"og:locale\" content=\"de_DE\" \/>\n<meta property=\"og:type\" content=\"article\" \/>\n<meta property=\"og:title\" content=\"Libelle Kamden | Koonings\" \/>\n<meta property=\"og:description\" content=\"Karla ist ein zeitloses Mikado-Ballkleid. Es hat einen schmeichelhaften V-Ausschnitt und einen V-R\u00fccken, w\u00e4hrend das Mieder mit aufw\u00e4ndiger 3D-Spitze verziert ist. Zarte \u00c4rmel aus Illusionsspitze verleihen diesem Brautkleid einen Hauch von Romantik und Raffinesse. Dieses Kleid ist auch mit Fl\u00fcgel\u00e4rmeln erh\u00e4ltlich - Karla-\" \/>\n<meta property=\"og:url\" content=\"https:\/\/www.koonings.com\/de\/product\/libelle-karla\/\" \/>\n<meta property=\"og:site_name\" content=\"Koonings\" \/>\n<meta property=\"article:publisher\" content=\"https:\/\/www.facebook.com\/kooningstheweddingpalace\" \/>\n<meta property=\"og:image\" content=\"https:\/\/www.koonings.com\/wp-content\/uploads\/2024\/11\/40593_a5a224d1e8f763559bfa39870dd7e96d0ac5fe4d641dc089e5f6ce71fc202fbba76343e6.jpeg\" \/>\n\t<meta property=\"og:image:width\" content=\"1480\" \/>\n\t<meta property=\"og:image:height\" content=\"2092\" \/>\n\t<meta property=\"og:image:type\" content=\"image\/jpeg\" \/>\n<meta name=\"twitter:card\" content=\"summary_large_image\" \/>\n<script type=\"application\/ld+json\" class=\"yoast-schema-graph\">{\"@context\":\"https:\\\/\\\/schema.org\",\"@graph\":[{\"@type\":\"WebPage\",\"@id\":\"https:\\\/\\\/www.koonings.com\\\/de\\\/product\\\/libelle-karla\\\/\",\"url\":\"https:\\\/\\\/www.koonings.com\\\/de\\\/product\\\/libelle-karla\\\/\",\"name\":\"Libelle Kamden | Koonings\",\"isPartOf\":{\"@id\":\"https:\\\/\\\/www.koonings.com\\\/de\\\/#website\"},\"primaryImageOfPage\":{\"@id\":\"https:\\\/\\\/www.koonings.com\\\/de\\\/product\\\/libelle-karla\\\/#primaryimage\"},\"image\":{\"@id\":\"https:\\\/\\\/www.koonings.com\\\/de\\\/product\\\/libelle-karla\\\/#primaryimage\"},\"thumbnailUrl\":\"https:\\\/\\\/www.koonings.com\\\/wp-content\\\/uploads\\\/2024\\\/11\\\/40593_a5a224d1e8f763559bfa39870dd7e96d0ac5fe4d641dc089e5f6ce71fc202fbba76343e6.jpeg\",\"datePublished\":\"2026-04-14T14:20:42+00:00\",\"description\":\"Karla ist ein zeitloses Mikado-Ballkleid. Es hat einen schmeichelhaften V-Ausschnitt und einen V-R\u00fccken, w\u00e4hrend das Mieder mit aufw\u00e4ndiger 3D-Spitze verziert ist. Zarte \u00c4rmel aus Illusionsspitze verleihen diesem Brautkleid einen Hauch von Romantik und Raffinesse. Dieses Kleid ist auch mit Fl\u00fcgel\u00e4rmeln erh\u00e4ltlich - Karla-\",\"breadcrumb\":{\"@id\":\"https:\\\/\\\/www.koonings.com\\\/de\\\/product\\\/libelle-karla\\\/#breadcrumb\"},\"inLanguage\":\"de\",\"potentialAction\":[{\"@type\":\"ReadAction\",\"target\":[\"https:\\\/\\\/www.koonings.com\\\/de\\\/product\\\/libelle-karla\\\/\"]}]},{\"@type\":\"ImageObject\",\"inLanguage\":\"de\",\"@id\":\"https:\\\/\\\/www.koonings.com\\\/de\\\/product\\\/libelle-karla\\\/#primaryimage\",\"url\":\"https:\\\/\\\/www.koonings.com\\\/wp-content\\\/uploads\\\/2024\\\/11\\\/40593_a5a224d1e8f763559bfa39870dd7e96d0ac5fe4d641dc089e5f6ce71fc202fbba76343e6.jpeg\",\"contentUrl\":\"https:\\\/\\\/www.koonings.com\\\/wp-content\\\/uploads\\\/2024\\\/11\\\/40593_a5a224d1e8f763559bfa39870dd7e96d0ac5fe4d641dc089e5f6ce71fc202fbba76343e6.jpeg\",\"width\":1480,\"height\":2092},{\"@type\":\"BreadcrumbList\",\"@id\":\"https:\\\/\\\/www.koonings.com\\\/de\\\/product\\\/libelle-karla\\\/#breadcrumb\",\"itemListElement\":[{\"@type\":\"ListItem\",\"position\":1,\"name\":\"Home\",\"item\":\"https:\\\/\\\/www.koonings.com\\\/de\\\/\"},{\"@type\":\"ListItem\",\"position\":2,\"name\":\"Libelle Kamden\"}]},{\"@type\":\"WebSite\",\"@id\":\"https:\\\/\\\/www.koonings.com\\\/de\\\/#website\",\"url\":\"https:\\\/\\\/www.koonings.com\\\/de\\\/\",\"name\":\"Koonings\",\"description\":\"De grootste bruidsmodewinkel ter wereld\",\"publisher\":{\"@id\":\"https:\\\/\\\/www.koonings.com\\\/de\\\/#organization\"},\"potentialAction\":[{\"@type\":\"SearchAction\",\"target\":{\"@type\":\"EntryPoint\",\"urlTemplate\":\"https:\\\/\\\/www.koonings.com\\\/de\\\/?s={search_term_string}\"},\"query-input\":{\"@type\":\"PropertyValueSpecification\",\"valueRequired\":true,\"valueName\":\"search_term_string\"}}],\"inLanguage\":\"de\"},{\"@type\":\"Organization\",\"@id\":\"https:\\\/\\\/www.koonings.com\\\/de\\\/#organization\",\"name\":\"Koonings\",\"url\":\"https:\\\/\\\/www.koonings.com\\\/de\\\/\",\"logo\":{\"@type\":\"ImageObject\",\"inLanguage\":\"de\",\"@id\":\"https:\\\/\\\/www.koonings.com\\\/de\\\/#\\\/schema\\\/logo\\\/image\\\/\",\"url\":\"https:\\\/\\\/www.koonings.com\\\/wp-content\\\/uploads\\\/2024\\\/07\\\/logo.png\",\"contentUrl\":\"https:\\\/\\\/www.koonings.com\\\/wp-content\\\/uploads\\\/2024\\\/07\\\/logo.png\",\"width\":600,\"height\":428,\"caption\":\"Koonings\"},\"image\":{\"@id\":\"https:\\\/\\\/www.koonings.com\\\/de\\\/#\\\/schema\\\/logo\\\/image\\\/\"},\"sameAs\":[\"https:\\\/\\\/www.facebook.com\\\/kooningstheweddingpalace\",\"https:\\\/\\\/www.instagram.com\\\/kooningstheweddingpalace\",\"https:\\\/\\\/www.pinterest.com\\\/koonings\",\"https:\\\/\\\/www.youtube.com\\\/kooningstheweddingpalace\"]}]}<\/script>\n<!-- \/ Yoast SEO plugin. -->","yoast_head_json":{"title":"Libelle Kamden | Koonings","description":"Karla ist ein zeitloses Mikado-Ballkleid. Es hat einen schmeichelhaften V-Ausschnitt und einen V-R\u00fccken, w\u00e4hrend das Mieder mit aufw\u00e4ndiger 3D-Spitze verziert ist. Zarte \u00c4rmel aus Illusionsspitze verleihen diesem Brautkleid einen Hauch von Romantik und Raffinesse. Dieses Kleid ist auch mit Fl\u00fcgel\u00e4rmeln erh\u00e4ltlich - Karla-","robots":{"index":"index","follow":"follow","max-snippet":"max-snippet:-1","max-image-preview":"max-image-preview:large","max-video-preview":"max-video-preview:-1"},"canonical":"https:\/\/www.koonings.com\/de\/product\/libelle-karla\/","og_locale":"de_DE","og_type":"article","og_title":"Libelle Kamden | Koonings","og_description":"Karla ist ein zeitloses Mikado-Ballkleid. Es hat einen schmeichelhaften V-Ausschnitt und einen V-R\u00fccken, w\u00e4hrend das Mieder mit aufw\u00e4ndiger 3D-Spitze verziert ist. Zarte \u00c4rmel aus Illusionsspitze verleihen diesem Brautkleid einen Hauch von Romantik und Raffinesse. Dieses Kleid ist auch mit Fl\u00fcgel\u00e4rmeln erh\u00e4ltlich - Karla-","og_url":"https:\/\/www.koonings.com\/de\/product\/libelle-karla\/","og_site_name":"Koonings","article_publisher":"https:\/\/www.facebook.com\/kooningstheweddingpalace","og_image":[{"width":1480,"height":2092,"url":"https:\/\/www.koonings.com\/wp-content\/uploads\/2024\/11\/40593_a5a224d1e8f763559bfa39870dd7e96d0ac5fe4d641dc089e5f6ce71fc202fbba76343e6.jpeg","type":"image\/jpeg"}],"twitter_card":"summary_large_image","schema":{"@context":"https:\/\/schema.org","@graph":[{"@type":"WebPage","@id":"https:\/\/www.koonings.com\/de\/product\/libelle-karla\/","url":"https:\/\/www.koonings.com\/de\/product\/libelle-karla\/","name":"Libelle Kamden | Koonings","isPartOf":{"@id":"https:\/\/www.koonings.com\/de\/#website"},"primaryImageOfPage":{"@id":"https:\/\/www.koonings.com\/de\/product\/libelle-karla\/#primaryimage"},"image":{"@id":"https:\/\/www.koonings.com\/de\/product\/libelle-karla\/#primaryimage"},"thumbnailUrl":"https:\/\/www.koonings.com\/wp-content\/uploads\/2024\/11\/40593_a5a224d1e8f763559bfa39870dd7e96d0ac5fe4d641dc089e5f6ce71fc202fbba76343e6.jpeg","datePublished":"2026-04-14T14:20:42+00:00","description":"Karla ist ein zeitloses Mikado-Ballkleid. Es hat einen schmeichelhaften V-Ausschnitt und einen V-R\u00fccken, w\u00e4hrend das Mieder mit aufw\u00e4ndiger 3D-Spitze verziert ist. Zarte \u00c4rmel aus Illusionsspitze verleihen diesem Brautkleid einen Hauch von Romantik und Raffinesse. Dieses Kleid ist auch mit Fl\u00fcgel\u00e4rmeln erh\u00e4ltlich - Karla-","breadcrumb":{"@id":"https:\/\/www.koonings.com\/de\/product\/libelle-karla\/#breadcrumb"},"inLanguage":"de","potentialAction":[{"@type":"ReadAction","target":["https:\/\/www.koonings.com\/de\/product\/libelle-karla\/"]}]},{"@type":"ImageObject","inLanguage":"de","@id":"https:\/\/www.koonings.com\/de\/product\/libelle-karla\/#primaryimage","url":"https:\/\/www.koonings.com\/wp-content\/uploads\/2024\/11\/40593_a5a224d1e8f763559bfa39870dd7e96d0ac5fe4d641dc089e5f6ce71fc202fbba76343e6.jpeg","contentUrl":"https:\/\/www.koonings.com\/wp-content\/uploads\/2024\/11\/40593_a5a224d1e8f763559bfa39870dd7e96d0ac5fe4d641dc089e5f6ce71fc202fbba76343e6.jpeg","width":1480,"height":2092},{"@type":"BreadcrumbList","@id":"https:\/\/www.koonings.com\/de\/product\/libelle-karla\/#breadcrumb","itemListElement":[{"@type":"ListItem","position":1,"name":"Home","item":"https:\/\/www.koonings.com\/de\/"},{"@type":"ListItem","position":2,"name":"Libelle Kamden"}]},{"@type":"WebSite","@id":"https:\/\/www.koonings.com\/de\/#website","url":"https:\/\/www.koonings.com\/de\/","name":"Koonings","description":"De grootste bruidsmodewinkel ter wereld","publisher":{"@id":"https:\/\/www.koonings.com\/de\/#organization"},"potentialAction":[{"@type":"SearchAction","target":{"@type":"EntryPoint","urlTemplate":"https:\/\/www.koonings.com\/de\/?s={search_term_string}"},"query-input":{"@type":"PropertyValueSpecification","valueRequired":true,"valueName":"search_term_string"}}],"inLanguage":"de"},{"@type":"Organization","@id":"https:\/\/www.koonings.com\/de\/#organization","name":"Koonings","url":"https:\/\/www.koonings.com\/de\/","logo":{"@type":"ImageObject","inLanguage":"de","@id":"https:\/\/www.koonings.com\/de\/#\/schema\/logo\/image\/","url":"https:\/\/www.koonings.com\/wp-content\/uploads\/2024\/07\/logo.png","contentUrl":"https:\/\/www.koonings.com\/wp-content\/uploads\/2024\/07\/logo.png","width":600,"height":428,"caption":"Koonings"},"image":{"@id":"https:\/\/www.koonings.com\/de\/#\/schema\/logo\/image\/"},"sameAs":["https:\/\/www.facebook.com\/kooningstheweddingpalace","https:\/\/www.instagram.com\/kooningstheweddingpalace","https:\/\/www.pinterest.com\/koonings","https:\/\/www.youtube.com\/kooningstheweddingpalace"]}]}},"_links":{"self":[{"href":"https:\/\/www.koonings.com\/de\/wp-json\/wp\/v2\/product\/58579","targetHints":{"allow":["GET"]}}],"collection":[{"href":"https:\/\/www.koonings.com\/de\/wp-json\/wp\/v2\/product"}],"about":[{"href":"https:\/\/www.koonings.com\/de\/wp-json\/wp\/v2\/types\/product"}],"wp:featuredmedia":[{"embeddable":true,"href":"https:\/\/www.koonings.com\/de\/wp-json\/wp\/v2\/media\/45415"}],"wp:attachment":[{"href":"https:\/\/www.koonings.com\/de\/wp-json\/wp\/v2\/media?parent=58579"}],"wp:term":[{"taxonomy":"productdetails","embeddable":true,"href":"https:\/\/www.koonings.com\/de\/wp-json\/wp\/v2\/productdetails?post=58579"},{"taxonomy":"productneck","embeddable":true,"href":"https:\/\/www.koonings.com\/de\/wp-json\/wp\/v2\/productneck?post=58579"},{"taxonomy":"productcolor","embeddable":true,"href":"https:\/\/www.koonings.com\/de\/wp-json\/wp\/v2\/productcolor?post=58579"},{"taxonomy":"maat","embeddable":true,"href":"https:\/\/www.koonings.com\/de\/wp-json\/wp\/v2\/maat?post=58579"},{"taxonomy":"productsupplier","embeddable":true,"href":"https:\/\/www.koonings.com\/de\/wp-json\/wp\/v2\/productsupplier?post=58579"},{"taxonomy":"productsleeve","embeddable":true,"href":"https:\/\/www.koonings.com\/de\/wp-json\/wp\/v2\/productsleeve?post=58579"},{"taxonomy":"productcategory","embeddable":true,"href":"https:\/\/www.koonings.com\/de\/wp-json\/wp\/v2\/productcategory?post=58579"},{"taxonomy":"productsilhouette","embeddable":true,"href":"https:\/\/www.koonings.com\/de\/wp-json\/wp\/v2\/productsilhouette?post=58579"},{"taxonomy":"productstyle","embeddable":true,"href":"https:\/\/www.koonings.com\/de\/wp-json\/wp\/v2\/productstyle?post=58579"}],"curies":[{"name":"wp","href":"https:\/\/api.w.org\/{rel}","templated":true}]}}