{"id":58573,"date":"2026-04-28T18:20:04","date_gmt":"2026-04-28T16:20:04","guid":{"rendered":"https:\/\/www.koonings.com\/product\/libelle-kabir\/"},"modified":"2025-06-05T13:08:06","modified_gmt":"2025-06-05T11:08:06","slug":"libelle-kabir","status":"publish","type":"product","link":"https:\/\/www.koonings.com\/de\/product\/libelle-kabir\/","title":{"rendered":"Libelle Kabir"},"content":{"rendered":"<p>Kabir ist ein bezauberndes Kleid aus Cr\u00eape mit einer eleganten Passform und Flare-Silhouette. Der hohe Ausschnitt sorgt f\u00fcr einen Hauch von Raffinesse, w\u00e4hrend die dezente Drapierung an der Taille eine schmeichelhafte Silhouette schafft, die Ihre Kurven an den richtigen Stellen betont. Ziehen Sie die Aufmerksamkeit auf sich, wenn Sie zum Altar schreiten. Das einzigartige Schl\u00fcsselloch-Detail im R\u00fccken verleiht diesem schicken und modernen Kleid einen Hauch von Verf\u00fchrung und Faszination.  <\/p>\n","protected":false},"featured_media":45436,"template":"","meta":{"_acf_changed":false,"ghostkit_customizer_options":"","ghostkit_custom_css":"","ghostkit_custom_js_head":"","ghostkit_custom_js_foot":"","ghostkit_typography":""},"productdetails":[],"productneck":[350],"productcolor":[392],"maat":[],"productsupplier":[428],"productsleeve":[],"productcategory":[18],"productsilhouette":[389],"productstyle":[365,371],"class_list":["post-58573","product","type-product","status-publish","has-post-thumbnail","hentry","productneck-350","productcolor-392","productsupplier-libelle","productcategory-trouwjurken","productsilhouette-389","productstyle-365","productstyle-371"],"acf":[],"yoast_head":"<!-- This site is optimized with the Yoast SEO plugin v27.3 - https:\/\/yoast.com\/product\/yoast-seo-wordpress\/ -->\n<title>Libelle Kabir | Koonings<\/title>\n<meta name=\"description\" content=\"Kabir ist ein bezauberndes Kleid aus Cr\u00eape mit einer eleganten Passform und Flare-Silhouette. Der hohe Ausschnitt sorgt f\u00fcr einen Hauch von Raffinesse, w\u00e4hrend die dezente Drapierung an der Taille eine schmeichelhafte Silhouette schafft, die Ihre Kurven an den richtigen Stellen betont. Ziehen Sie die Aufmerksamkeit auf sich, wenn Sie zum Altar schreiten. Das einzigartige Schl\u00fcsselloch-Detail im R\u00fccken verleiht diesem schicken und modernen Kleid einen Hauch von Verf\u00fchrung und Faszination.\" \/>\n<meta name=\"robots\" content=\"index, follow, max-snippet:-1, max-image-preview:large, max-video-preview:-1\" \/>\n<link rel=\"canonical\" href=\"https:\/\/www.koonings.com\/de\/product\/libelle-kabir\/\" \/>\n<meta property=\"og:locale\" content=\"de_DE\" \/>\n<meta property=\"og:type\" content=\"article\" \/>\n<meta property=\"og:title\" content=\"Libelle Kabir | Koonings\" \/>\n<meta property=\"og:description\" content=\"Kabir ist ein bezauberndes Kleid aus Cr\u00eape mit einer eleganten Passform und Flare-Silhouette. Der hohe Ausschnitt sorgt f\u00fcr einen Hauch von Raffinesse, w\u00e4hrend die dezente Drapierung an der Taille eine schmeichelhafte Silhouette schafft, die Ihre Kurven an den richtigen Stellen betont. Ziehen Sie die Aufmerksamkeit auf sich, wenn Sie zum Altar schreiten. Das einzigartige Schl\u00fcsselloch-Detail im R\u00fccken verleiht diesem schicken und modernen Kleid einen Hauch von Verf\u00fchrung und Faszination.\" \/>\n<meta property=\"og:url\" content=\"https:\/\/www.koonings.com\/de\/product\/libelle-kabir\/\" \/>\n<meta property=\"og:site_name\" content=\"Koonings\" \/>\n<meta property=\"article:publisher\" content=\"https:\/\/www.facebook.com\/kooningstheweddingpalace\" \/>\n<meta property=\"og:image\" content=\"https:\/\/www.koonings.com\/wp-content\/uploads\/2024\/11\/40594_af5d551a9bafbd0ce0ca2797492aceb8c0620c5b6f40f7b429cf9252733617e50693cd23.jpeg\" \/>\n\t<meta property=\"og:image:width\" content=\"1783\" \/>\n\t<meta property=\"og:image:height\" content=\"2504\" \/>\n\t<meta property=\"og:image:type\" content=\"image\/jpeg\" \/>\n<meta name=\"twitter:card\" content=\"summary_large_image\" \/>\n<script type=\"application\/ld+json\" class=\"yoast-schema-graph\">{\"@context\":\"https:\\\/\\\/schema.org\",\"@graph\":[{\"@type\":\"WebPage\",\"@id\":\"https:\\\/\\\/www.koonings.com\\\/de\\\/product\\\/libelle-kabir\\\/\",\"url\":\"https:\\\/\\\/www.koonings.com\\\/de\\\/product\\\/libelle-kabir\\\/\",\"name\":\"Libelle Kabir | Koonings\",\"isPartOf\":{\"@id\":\"https:\\\/\\\/www.koonings.com\\\/de\\\/#website\"},\"primaryImageOfPage\":{\"@id\":\"https:\\\/\\\/www.koonings.com\\\/de\\\/product\\\/libelle-kabir\\\/#primaryimage\"},\"image\":{\"@id\":\"https:\\\/\\\/www.koonings.com\\\/de\\\/product\\\/libelle-kabir\\\/#primaryimage\"},\"thumbnailUrl\":\"https:\\\/\\\/www.koonings.com\\\/wp-content\\\/uploads\\\/2024\\\/11\\\/40594_af5d551a9bafbd0ce0ca2797492aceb8c0620c5b6f40f7b429cf9252733617e50693cd23.jpeg\",\"datePublished\":\"2026-04-28T16:20:04+00:00\",\"description\":\"Kabir ist ein bezauberndes Kleid aus Cr\u00eape mit einer eleganten Passform und Flare-Silhouette. Der hohe Ausschnitt sorgt f\u00fcr einen Hauch von Raffinesse, w\u00e4hrend die dezente Drapierung an der Taille eine schmeichelhafte Silhouette schafft, die Ihre Kurven an den richtigen Stellen betont. Ziehen Sie die Aufmerksamkeit auf sich, wenn Sie zum Altar schreiten. Das einzigartige Schl\u00fcsselloch-Detail im R\u00fccken verleiht diesem schicken und modernen Kleid einen Hauch von Verf\u00fchrung und Faszination.\",\"breadcrumb\":{\"@id\":\"https:\\\/\\\/www.koonings.com\\\/de\\\/product\\\/libelle-kabir\\\/#breadcrumb\"},\"inLanguage\":\"de\",\"potentialAction\":[{\"@type\":\"ReadAction\",\"target\":[\"https:\\\/\\\/www.koonings.com\\\/de\\\/product\\\/libelle-kabir\\\/\"]}]},{\"@type\":\"ImageObject\",\"inLanguage\":\"de\",\"@id\":\"https:\\\/\\\/www.koonings.com\\\/de\\\/product\\\/libelle-kabir\\\/#primaryimage\",\"url\":\"https:\\\/\\\/www.koonings.com\\\/wp-content\\\/uploads\\\/2024\\\/11\\\/40594_af5d551a9bafbd0ce0ca2797492aceb8c0620c5b6f40f7b429cf9252733617e50693cd23.jpeg\",\"contentUrl\":\"https:\\\/\\\/www.koonings.com\\\/wp-content\\\/uploads\\\/2024\\\/11\\\/40594_af5d551a9bafbd0ce0ca2797492aceb8c0620c5b6f40f7b429cf9252733617e50693cd23.jpeg\",\"width\":1783,\"height\":2504},{\"@type\":\"BreadcrumbList\",\"@id\":\"https:\\\/\\\/www.koonings.com\\\/de\\\/product\\\/libelle-kabir\\\/#breadcrumb\",\"itemListElement\":[{\"@type\":\"ListItem\",\"position\":1,\"name\":\"Home\",\"item\":\"https:\\\/\\\/www.koonings.com\\\/de\\\/\"},{\"@type\":\"ListItem\",\"position\":2,\"name\":\"Libelle Kabir\"}]},{\"@type\":\"WebSite\",\"@id\":\"https:\\\/\\\/www.koonings.com\\\/de\\\/#website\",\"url\":\"https:\\\/\\\/www.koonings.com\\\/de\\\/\",\"name\":\"Koonings\",\"description\":\"De grootste bruidsmodewinkel ter wereld\",\"publisher\":{\"@id\":\"https:\\\/\\\/www.koonings.com\\\/de\\\/#organization\"},\"potentialAction\":[{\"@type\":\"SearchAction\",\"target\":{\"@type\":\"EntryPoint\",\"urlTemplate\":\"https:\\\/\\\/www.koonings.com\\\/de\\\/?s={search_term_string}\"},\"query-input\":{\"@type\":\"PropertyValueSpecification\",\"valueRequired\":true,\"valueName\":\"search_term_string\"}}],\"inLanguage\":\"de\"},{\"@type\":\"Organization\",\"@id\":\"https:\\\/\\\/www.koonings.com\\\/de\\\/#organization\",\"name\":\"Koonings\",\"url\":\"https:\\\/\\\/www.koonings.com\\\/de\\\/\",\"logo\":{\"@type\":\"ImageObject\",\"inLanguage\":\"de\",\"@id\":\"https:\\\/\\\/www.koonings.com\\\/de\\\/#\\\/schema\\\/logo\\\/image\\\/\",\"url\":\"https:\\\/\\\/www.koonings.com\\\/wp-content\\\/uploads\\\/2024\\\/07\\\/logo.png\",\"contentUrl\":\"https:\\\/\\\/www.koonings.com\\\/wp-content\\\/uploads\\\/2024\\\/07\\\/logo.png\",\"width\":600,\"height\":428,\"caption\":\"Koonings\"},\"image\":{\"@id\":\"https:\\\/\\\/www.koonings.com\\\/de\\\/#\\\/schema\\\/logo\\\/image\\\/\"},\"sameAs\":[\"https:\\\/\\\/www.facebook.com\\\/kooningstheweddingpalace\",\"https:\\\/\\\/www.instagram.com\\\/kooningstheweddingpalace\",\"https:\\\/\\\/www.pinterest.com\\\/koonings\",\"https:\\\/\\\/www.youtube.com\\\/kooningstheweddingpalace\"]}]}<\/script>\n<!-- \/ Yoast SEO plugin. -->","yoast_head_json":{"title":"Libelle Kabir | Koonings","description":"Kabir ist ein bezauberndes Kleid aus Cr\u00eape mit einer eleganten Passform und Flare-Silhouette. Der hohe Ausschnitt sorgt f\u00fcr einen Hauch von Raffinesse, w\u00e4hrend die dezente Drapierung an der Taille eine schmeichelhafte Silhouette schafft, die Ihre Kurven an den richtigen Stellen betont. Ziehen Sie die Aufmerksamkeit auf sich, wenn Sie zum Altar schreiten. Das einzigartige Schl\u00fcsselloch-Detail im R\u00fccken verleiht diesem schicken und modernen Kleid einen Hauch von Verf\u00fchrung und Faszination.","robots":{"index":"index","follow":"follow","max-snippet":"max-snippet:-1","max-image-preview":"max-image-preview:large","max-video-preview":"max-video-preview:-1"},"canonical":"https:\/\/www.koonings.com\/de\/product\/libelle-kabir\/","og_locale":"de_DE","og_type":"article","og_title":"Libelle Kabir | Koonings","og_description":"Kabir ist ein bezauberndes Kleid aus Cr\u00eape mit einer eleganten Passform und Flare-Silhouette. Der hohe Ausschnitt sorgt f\u00fcr einen Hauch von Raffinesse, w\u00e4hrend die dezente Drapierung an der Taille eine schmeichelhafte Silhouette schafft, die Ihre Kurven an den richtigen Stellen betont. Ziehen Sie die Aufmerksamkeit auf sich, wenn Sie zum Altar schreiten. Das einzigartige Schl\u00fcsselloch-Detail im R\u00fccken verleiht diesem schicken und modernen Kleid einen Hauch von Verf\u00fchrung und Faszination.","og_url":"https:\/\/www.koonings.com\/de\/product\/libelle-kabir\/","og_site_name":"Koonings","article_publisher":"https:\/\/www.facebook.com\/kooningstheweddingpalace","og_image":[{"width":1783,"height":2504,"url":"https:\/\/www.koonings.com\/wp-content\/uploads\/2024\/11\/40594_af5d551a9bafbd0ce0ca2797492aceb8c0620c5b6f40f7b429cf9252733617e50693cd23.jpeg","type":"image\/jpeg"}],"twitter_card":"summary_large_image","schema":{"@context":"https:\/\/schema.org","@graph":[{"@type":"WebPage","@id":"https:\/\/www.koonings.com\/de\/product\/libelle-kabir\/","url":"https:\/\/www.koonings.com\/de\/product\/libelle-kabir\/","name":"Libelle Kabir | Koonings","isPartOf":{"@id":"https:\/\/www.koonings.com\/de\/#website"},"primaryImageOfPage":{"@id":"https:\/\/www.koonings.com\/de\/product\/libelle-kabir\/#primaryimage"},"image":{"@id":"https:\/\/www.koonings.com\/de\/product\/libelle-kabir\/#primaryimage"},"thumbnailUrl":"https:\/\/www.koonings.com\/wp-content\/uploads\/2024\/11\/40594_af5d551a9bafbd0ce0ca2797492aceb8c0620c5b6f40f7b429cf9252733617e50693cd23.jpeg","datePublished":"2026-04-28T16:20:04+00:00","description":"Kabir ist ein bezauberndes Kleid aus Cr\u00eape mit einer eleganten Passform und Flare-Silhouette. Der hohe Ausschnitt sorgt f\u00fcr einen Hauch von Raffinesse, w\u00e4hrend die dezente Drapierung an der Taille eine schmeichelhafte Silhouette schafft, die Ihre Kurven an den richtigen Stellen betont. Ziehen Sie die Aufmerksamkeit auf sich, wenn Sie zum Altar schreiten. Das einzigartige Schl\u00fcsselloch-Detail im R\u00fccken verleiht diesem schicken und modernen Kleid einen Hauch von Verf\u00fchrung und Faszination.","breadcrumb":{"@id":"https:\/\/www.koonings.com\/de\/product\/libelle-kabir\/#breadcrumb"},"inLanguage":"de","potentialAction":[{"@type":"ReadAction","target":["https:\/\/www.koonings.com\/de\/product\/libelle-kabir\/"]}]},{"@type":"ImageObject","inLanguage":"de","@id":"https:\/\/www.koonings.com\/de\/product\/libelle-kabir\/#primaryimage","url":"https:\/\/www.koonings.com\/wp-content\/uploads\/2024\/11\/40594_af5d551a9bafbd0ce0ca2797492aceb8c0620c5b6f40f7b429cf9252733617e50693cd23.jpeg","contentUrl":"https:\/\/www.koonings.com\/wp-content\/uploads\/2024\/11\/40594_af5d551a9bafbd0ce0ca2797492aceb8c0620c5b6f40f7b429cf9252733617e50693cd23.jpeg","width":1783,"height":2504},{"@type":"BreadcrumbList","@id":"https:\/\/www.koonings.com\/de\/product\/libelle-kabir\/#breadcrumb","itemListElement":[{"@type":"ListItem","position":1,"name":"Home","item":"https:\/\/www.koonings.com\/de\/"},{"@type":"ListItem","position":2,"name":"Libelle Kabir"}]},{"@type":"WebSite","@id":"https:\/\/www.koonings.com\/de\/#website","url":"https:\/\/www.koonings.com\/de\/","name":"Koonings","description":"De grootste bruidsmodewinkel ter wereld","publisher":{"@id":"https:\/\/www.koonings.com\/de\/#organization"},"potentialAction":[{"@type":"SearchAction","target":{"@type":"EntryPoint","urlTemplate":"https:\/\/www.koonings.com\/de\/?s={search_term_string}"},"query-input":{"@type":"PropertyValueSpecification","valueRequired":true,"valueName":"search_term_string"}}],"inLanguage":"de"},{"@type":"Organization","@id":"https:\/\/www.koonings.com\/de\/#organization","name":"Koonings","url":"https:\/\/www.koonings.com\/de\/","logo":{"@type":"ImageObject","inLanguage":"de","@id":"https:\/\/www.koonings.com\/de\/#\/schema\/logo\/image\/","url":"https:\/\/www.koonings.com\/wp-content\/uploads\/2024\/07\/logo.png","contentUrl":"https:\/\/www.koonings.com\/wp-content\/uploads\/2024\/07\/logo.png","width":600,"height":428,"caption":"Koonings"},"image":{"@id":"https:\/\/www.koonings.com\/de\/#\/schema\/logo\/image\/"},"sameAs":["https:\/\/www.facebook.com\/kooningstheweddingpalace","https:\/\/www.instagram.com\/kooningstheweddingpalace","https:\/\/www.pinterest.com\/koonings","https:\/\/www.youtube.com\/kooningstheweddingpalace"]}]}},"_links":{"self":[{"href":"https:\/\/www.koonings.com\/de\/wp-json\/wp\/v2\/product\/58573","targetHints":{"allow":["GET"]}}],"collection":[{"href":"https:\/\/www.koonings.com\/de\/wp-json\/wp\/v2\/product"}],"about":[{"href":"https:\/\/www.koonings.com\/de\/wp-json\/wp\/v2\/types\/product"}],"wp:featuredmedia":[{"embeddable":true,"href":"https:\/\/www.koonings.com\/de\/wp-json\/wp\/v2\/media\/45436"}],"wp:attachment":[{"href":"https:\/\/www.koonings.com\/de\/wp-json\/wp\/v2\/media?parent=58573"}],"wp:term":[{"taxonomy":"productdetails","embeddable":true,"href":"https:\/\/www.koonings.com\/de\/wp-json\/wp\/v2\/productdetails?post=58573"},{"taxonomy":"productneck","embeddable":true,"href":"https:\/\/www.koonings.com\/de\/wp-json\/wp\/v2\/productneck?post=58573"},{"taxonomy":"productcolor","embeddable":true,"href":"https:\/\/www.koonings.com\/de\/wp-json\/wp\/v2\/productcolor?post=58573"},{"taxonomy":"maat","embeddable":true,"href":"https:\/\/www.koonings.com\/de\/wp-json\/wp\/v2\/maat?post=58573"},{"taxonomy":"productsupplier","embeddable":true,"href":"https:\/\/www.koonings.com\/de\/wp-json\/wp\/v2\/productsupplier?post=58573"},{"taxonomy":"productsleeve","embeddable":true,"href":"https:\/\/www.koonings.com\/de\/wp-json\/wp\/v2\/productsleeve?post=58573"},{"taxonomy":"productcategory","embeddable":true,"href":"https:\/\/www.koonings.com\/de\/wp-json\/wp\/v2\/productcategory?post=58573"},{"taxonomy":"productsilhouette","embeddable":true,"href":"https:\/\/www.koonings.com\/de\/wp-json\/wp\/v2\/productsilhouette?post=58573"},{"taxonomy":"productstyle","embeddable":true,"href":"https:\/\/www.koonings.com\/de\/wp-json\/wp\/v2\/productstyle?post=58573"}],"curies":[{"name":"wp","href":"https:\/\/api.w.org\/{rel}","templated":true}]}}