{"id":58566,"date":"2026-04-14T16:20:45","date_gmt":"2026-04-14T14:20:45","guid":{"rendered":"https:\/\/www.koonings.com\/product\/libelle-karter\/"},"modified":"2025-06-05T13:08:04","modified_gmt":"2025-06-05T11:08:04","slug":"libelle-karter","status":"publish","type":"product","link":"https:\/\/www.koonings.com\/de\/product\/libelle-karter\/","title":{"rendered":"Libelle Karter"},"content":{"rendered":"<p>Das mit viel Liebe zum Detail gefertigte Modell Karter ist der Inbegriff von zeitlosem Glamour und l\u00e4sst Sie m\u00fchelos schick aussehen. Der herzf\u00f6rmige Ausschnitt unterstreicht Ihre nat\u00fcrliche Sch\u00f6nheit, w\u00e4hrend die eng anliegende Silhouette Ihre Kurven mit Anmut und Eleganz umschmeichelt. Das Besondere an Karter ist der wundersch\u00f6ne feste G\u00fcrtel und die Jacke mit hohem Ausschnitt und zarten, durchsichtigen Spitzen\u00e4rmeln.  <\/p>\n","protected":false},"featured_media":45487,"template":"","meta":{"_acf_changed":false,"ghostkit_customizer_options":"","ghostkit_custom_css":"","ghostkit_custom_js_head":"","ghostkit_custom_js_foot":"","ghostkit_typography":""},"productdetails":[376],"productneck":[350,355],"productcolor":[392],"maat":[],"productsupplier":[428],"productsleeve":[362],"productcategory":[18],"productsilhouette":[389],"productstyle":[369],"class_list":["post-58566","product","type-product","status-publish","has-post-thumbnail","hentry","productdetails-376","productneck-350","productneck-355","productcolor-392","productsupplier-libelle","productsleeve-362","productcategory-trouwjurken","productsilhouette-389","productstyle-369"],"acf":[],"yoast_head":"<!-- This site is optimized with the Yoast SEO plugin v27.3 - https:\/\/yoast.com\/product\/yoast-seo-wordpress\/ -->\n<title>Libelle Karter | Koonings<\/title>\n<meta name=\"description\" content=\"Das mit viel Liebe zum Detail gefertigte Modell Karter ist der Inbegriff von zeitlosem Glamour und l\u00e4sst Sie m\u00fchelos schick aussehen. Der herzf\u00f6rmige Ausschnitt unterstreicht Ihre nat\u00fcrliche Sch\u00f6nheit, w\u00e4hrend die eng anliegende Silhouette Ihre Kurven mit Anmut und Eleganz umschmeichelt. Das Besondere an Karter ist der wundersch\u00f6ne feste G\u00fcrtel und die Jacke mit hohem Ausschnitt und zarten, durchsichtigen Spitzen\u00e4rmeln.\" \/>\n<meta name=\"robots\" content=\"index, follow, max-snippet:-1, max-image-preview:large, max-video-preview:-1\" \/>\n<link rel=\"canonical\" href=\"https:\/\/www.koonings.com\/de\/product\/libelle-karter\/\" \/>\n<meta property=\"og:locale\" content=\"de_DE\" \/>\n<meta property=\"og:type\" content=\"article\" \/>\n<meta property=\"og:title\" content=\"Libelle Karter | Koonings\" \/>\n<meta property=\"og:description\" content=\"Das mit viel Liebe zum Detail gefertigte Modell Karter ist der Inbegriff von zeitlosem Glamour und l\u00e4sst Sie m\u00fchelos schick aussehen. Der herzf\u00f6rmige Ausschnitt unterstreicht Ihre nat\u00fcrliche Sch\u00f6nheit, w\u00e4hrend die eng anliegende Silhouette Ihre Kurven mit Anmut und Eleganz umschmeichelt. Das Besondere an Karter ist der wundersch\u00f6ne feste G\u00fcrtel und die Jacke mit hohem Ausschnitt und zarten, durchsichtigen Spitzen\u00e4rmeln.\" \/>\n<meta property=\"og:url\" content=\"https:\/\/www.koonings.com\/de\/product\/libelle-karter\/\" \/>\n<meta property=\"og:site_name\" content=\"Koonings\" \/>\n<meta property=\"article:publisher\" content=\"https:\/\/www.facebook.com\/kooningstheweddingpalace\" \/>\n<meta property=\"og:image\" content=\"https:\/\/www.koonings.com\/wp-content\/uploads\/2024\/11\/40597_5a1be55857474210bdc12863d54e5f66c654180292fbe0e4568b96251b70a21765924b6b.jpeg\" \/>\n\t<meta property=\"og:image:width\" content=\"1470\" \/>\n\t<meta property=\"og:image:height\" content=\"2076\" \/>\n\t<meta property=\"og:image:type\" content=\"image\/jpeg\" \/>\n<meta name=\"twitter:card\" content=\"summary_large_image\" \/>\n<script type=\"application\/ld+json\" class=\"yoast-schema-graph\">{\"@context\":\"https:\\\/\\\/schema.org\",\"@graph\":[{\"@type\":\"WebPage\",\"@id\":\"https:\\\/\\\/www.koonings.com\\\/de\\\/product\\\/libelle-karter\\\/\",\"url\":\"https:\\\/\\\/www.koonings.com\\\/de\\\/product\\\/libelle-karter\\\/\",\"name\":\"Libelle Karter | Koonings\",\"isPartOf\":{\"@id\":\"https:\\\/\\\/www.koonings.com\\\/de\\\/#website\"},\"primaryImageOfPage\":{\"@id\":\"https:\\\/\\\/www.koonings.com\\\/de\\\/product\\\/libelle-karter\\\/#primaryimage\"},\"image\":{\"@id\":\"https:\\\/\\\/www.koonings.com\\\/de\\\/product\\\/libelle-karter\\\/#primaryimage\"},\"thumbnailUrl\":\"https:\\\/\\\/www.koonings.com\\\/wp-content\\\/uploads\\\/2024\\\/11\\\/40597_5a1be55857474210bdc12863d54e5f66c654180292fbe0e4568b96251b70a21765924b6b.jpeg\",\"datePublished\":\"2026-04-14T14:20:45+00:00\",\"description\":\"Das mit viel Liebe zum Detail gefertigte Modell Karter ist der Inbegriff von zeitlosem Glamour und l\u00e4sst Sie m\u00fchelos schick aussehen. Der herzf\u00f6rmige Ausschnitt unterstreicht Ihre nat\u00fcrliche Sch\u00f6nheit, w\u00e4hrend die eng anliegende Silhouette Ihre Kurven mit Anmut und Eleganz umschmeichelt. Das Besondere an Karter ist der wundersch\u00f6ne feste G\u00fcrtel und die Jacke mit hohem Ausschnitt und zarten, durchsichtigen Spitzen\u00e4rmeln.\",\"breadcrumb\":{\"@id\":\"https:\\\/\\\/www.koonings.com\\\/de\\\/product\\\/libelle-karter\\\/#breadcrumb\"},\"inLanguage\":\"de\",\"potentialAction\":[{\"@type\":\"ReadAction\",\"target\":[\"https:\\\/\\\/www.koonings.com\\\/de\\\/product\\\/libelle-karter\\\/\"]}]},{\"@type\":\"ImageObject\",\"inLanguage\":\"de\",\"@id\":\"https:\\\/\\\/www.koonings.com\\\/de\\\/product\\\/libelle-karter\\\/#primaryimage\",\"url\":\"https:\\\/\\\/www.koonings.com\\\/wp-content\\\/uploads\\\/2024\\\/11\\\/40597_5a1be55857474210bdc12863d54e5f66c654180292fbe0e4568b96251b70a21765924b6b.jpeg\",\"contentUrl\":\"https:\\\/\\\/www.koonings.com\\\/wp-content\\\/uploads\\\/2024\\\/11\\\/40597_5a1be55857474210bdc12863d54e5f66c654180292fbe0e4568b96251b70a21765924b6b.jpeg\",\"width\":1470,\"height\":2076},{\"@type\":\"BreadcrumbList\",\"@id\":\"https:\\\/\\\/www.koonings.com\\\/de\\\/product\\\/libelle-karter\\\/#breadcrumb\",\"itemListElement\":[{\"@type\":\"ListItem\",\"position\":1,\"name\":\"Home\",\"item\":\"https:\\\/\\\/www.koonings.com\\\/de\\\/\"},{\"@type\":\"ListItem\",\"position\":2,\"name\":\"Libelle Karter\"}]},{\"@type\":\"WebSite\",\"@id\":\"https:\\\/\\\/www.koonings.com\\\/de\\\/#website\",\"url\":\"https:\\\/\\\/www.koonings.com\\\/de\\\/\",\"name\":\"Koonings\",\"description\":\"De grootste bruidsmodewinkel ter wereld\",\"publisher\":{\"@id\":\"https:\\\/\\\/www.koonings.com\\\/de\\\/#organization\"},\"potentialAction\":[{\"@type\":\"SearchAction\",\"target\":{\"@type\":\"EntryPoint\",\"urlTemplate\":\"https:\\\/\\\/www.koonings.com\\\/de\\\/?s={search_term_string}\"},\"query-input\":{\"@type\":\"PropertyValueSpecification\",\"valueRequired\":true,\"valueName\":\"search_term_string\"}}],\"inLanguage\":\"de\"},{\"@type\":\"Organization\",\"@id\":\"https:\\\/\\\/www.koonings.com\\\/de\\\/#organization\",\"name\":\"Koonings\",\"url\":\"https:\\\/\\\/www.koonings.com\\\/de\\\/\",\"logo\":{\"@type\":\"ImageObject\",\"inLanguage\":\"de\",\"@id\":\"https:\\\/\\\/www.koonings.com\\\/de\\\/#\\\/schema\\\/logo\\\/image\\\/\",\"url\":\"https:\\\/\\\/www.koonings.com\\\/wp-content\\\/uploads\\\/2024\\\/07\\\/logo.png\",\"contentUrl\":\"https:\\\/\\\/www.koonings.com\\\/wp-content\\\/uploads\\\/2024\\\/07\\\/logo.png\",\"width\":600,\"height\":428,\"caption\":\"Koonings\"},\"image\":{\"@id\":\"https:\\\/\\\/www.koonings.com\\\/de\\\/#\\\/schema\\\/logo\\\/image\\\/\"},\"sameAs\":[\"https:\\\/\\\/www.facebook.com\\\/kooningstheweddingpalace\",\"https:\\\/\\\/www.instagram.com\\\/kooningstheweddingpalace\",\"https:\\\/\\\/www.pinterest.com\\\/koonings\",\"https:\\\/\\\/www.youtube.com\\\/kooningstheweddingpalace\"]}]}<\/script>\n<!-- \/ Yoast SEO plugin. -->","yoast_head_json":{"title":"Libelle Karter | Koonings","description":"Das mit viel Liebe zum Detail gefertigte Modell Karter ist der Inbegriff von zeitlosem Glamour und l\u00e4sst Sie m\u00fchelos schick aussehen. Der herzf\u00f6rmige Ausschnitt unterstreicht Ihre nat\u00fcrliche Sch\u00f6nheit, w\u00e4hrend die eng anliegende Silhouette Ihre Kurven mit Anmut und Eleganz umschmeichelt. Das Besondere an Karter ist der wundersch\u00f6ne feste G\u00fcrtel und die Jacke mit hohem Ausschnitt und zarten, durchsichtigen Spitzen\u00e4rmeln.","robots":{"index":"index","follow":"follow","max-snippet":"max-snippet:-1","max-image-preview":"max-image-preview:large","max-video-preview":"max-video-preview:-1"},"canonical":"https:\/\/www.koonings.com\/de\/product\/libelle-karter\/","og_locale":"de_DE","og_type":"article","og_title":"Libelle Karter | Koonings","og_description":"Das mit viel Liebe zum Detail gefertigte Modell Karter ist der Inbegriff von zeitlosem Glamour und l\u00e4sst Sie m\u00fchelos schick aussehen. Der herzf\u00f6rmige Ausschnitt unterstreicht Ihre nat\u00fcrliche Sch\u00f6nheit, w\u00e4hrend die eng anliegende Silhouette Ihre Kurven mit Anmut und Eleganz umschmeichelt. Das Besondere an Karter ist der wundersch\u00f6ne feste G\u00fcrtel und die Jacke mit hohem Ausschnitt und zarten, durchsichtigen Spitzen\u00e4rmeln.","og_url":"https:\/\/www.koonings.com\/de\/product\/libelle-karter\/","og_site_name":"Koonings","article_publisher":"https:\/\/www.facebook.com\/kooningstheweddingpalace","og_image":[{"width":1470,"height":2076,"url":"https:\/\/www.koonings.com\/wp-content\/uploads\/2024\/11\/40597_5a1be55857474210bdc12863d54e5f66c654180292fbe0e4568b96251b70a21765924b6b.jpeg","type":"image\/jpeg"}],"twitter_card":"summary_large_image","schema":{"@context":"https:\/\/schema.org","@graph":[{"@type":"WebPage","@id":"https:\/\/www.koonings.com\/de\/product\/libelle-karter\/","url":"https:\/\/www.koonings.com\/de\/product\/libelle-karter\/","name":"Libelle Karter | Koonings","isPartOf":{"@id":"https:\/\/www.koonings.com\/de\/#website"},"primaryImageOfPage":{"@id":"https:\/\/www.koonings.com\/de\/product\/libelle-karter\/#primaryimage"},"image":{"@id":"https:\/\/www.koonings.com\/de\/product\/libelle-karter\/#primaryimage"},"thumbnailUrl":"https:\/\/www.koonings.com\/wp-content\/uploads\/2024\/11\/40597_5a1be55857474210bdc12863d54e5f66c654180292fbe0e4568b96251b70a21765924b6b.jpeg","datePublished":"2026-04-14T14:20:45+00:00","description":"Das mit viel Liebe zum Detail gefertigte Modell Karter ist der Inbegriff von zeitlosem Glamour und l\u00e4sst Sie m\u00fchelos schick aussehen. Der herzf\u00f6rmige Ausschnitt unterstreicht Ihre nat\u00fcrliche Sch\u00f6nheit, w\u00e4hrend die eng anliegende Silhouette Ihre Kurven mit Anmut und Eleganz umschmeichelt. Das Besondere an Karter ist der wundersch\u00f6ne feste G\u00fcrtel und die Jacke mit hohem Ausschnitt und zarten, durchsichtigen Spitzen\u00e4rmeln.","breadcrumb":{"@id":"https:\/\/www.koonings.com\/de\/product\/libelle-karter\/#breadcrumb"},"inLanguage":"de","potentialAction":[{"@type":"ReadAction","target":["https:\/\/www.koonings.com\/de\/product\/libelle-karter\/"]}]},{"@type":"ImageObject","inLanguage":"de","@id":"https:\/\/www.koonings.com\/de\/product\/libelle-karter\/#primaryimage","url":"https:\/\/www.koonings.com\/wp-content\/uploads\/2024\/11\/40597_5a1be55857474210bdc12863d54e5f66c654180292fbe0e4568b96251b70a21765924b6b.jpeg","contentUrl":"https:\/\/www.koonings.com\/wp-content\/uploads\/2024\/11\/40597_5a1be55857474210bdc12863d54e5f66c654180292fbe0e4568b96251b70a21765924b6b.jpeg","width":1470,"height":2076},{"@type":"BreadcrumbList","@id":"https:\/\/www.koonings.com\/de\/product\/libelle-karter\/#breadcrumb","itemListElement":[{"@type":"ListItem","position":1,"name":"Home","item":"https:\/\/www.koonings.com\/de\/"},{"@type":"ListItem","position":2,"name":"Libelle Karter"}]},{"@type":"WebSite","@id":"https:\/\/www.koonings.com\/de\/#website","url":"https:\/\/www.koonings.com\/de\/","name":"Koonings","description":"De grootste bruidsmodewinkel ter wereld","publisher":{"@id":"https:\/\/www.koonings.com\/de\/#organization"},"potentialAction":[{"@type":"SearchAction","target":{"@type":"EntryPoint","urlTemplate":"https:\/\/www.koonings.com\/de\/?s={search_term_string}"},"query-input":{"@type":"PropertyValueSpecification","valueRequired":true,"valueName":"search_term_string"}}],"inLanguage":"de"},{"@type":"Organization","@id":"https:\/\/www.koonings.com\/de\/#organization","name":"Koonings","url":"https:\/\/www.koonings.com\/de\/","logo":{"@type":"ImageObject","inLanguage":"de","@id":"https:\/\/www.koonings.com\/de\/#\/schema\/logo\/image\/","url":"https:\/\/www.koonings.com\/wp-content\/uploads\/2024\/07\/logo.png","contentUrl":"https:\/\/www.koonings.com\/wp-content\/uploads\/2024\/07\/logo.png","width":600,"height":428,"caption":"Koonings"},"image":{"@id":"https:\/\/www.koonings.com\/de\/#\/schema\/logo\/image\/"},"sameAs":["https:\/\/www.facebook.com\/kooningstheweddingpalace","https:\/\/www.instagram.com\/kooningstheweddingpalace","https:\/\/www.pinterest.com\/koonings","https:\/\/www.youtube.com\/kooningstheweddingpalace"]}]}},"_links":{"self":[{"href":"https:\/\/www.koonings.com\/de\/wp-json\/wp\/v2\/product\/58566","targetHints":{"allow":["GET"]}}],"collection":[{"href":"https:\/\/www.koonings.com\/de\/wp-json\/wp\/v2\/product"}],"about":[{"href":"https:\/\/www.koonings.com\/de\/wp-json\/wp\/v2\/types\/product"}],"wp:featuredmedia":[{"embeddable":true,"href":"https:\/\/www.koonings.com\/de\/wp-json\/wp\/v2\/media\/45487"}],"wp:attachment":[{"href":"https:\/\/www.koonings.com\/de\/wp-json\/wp\/v2\/media?parent=58566"}],"wp:term":[{"taxonomy":"productdetails","embeddable":true,"href":"https:\/\/www.koonings.com\/de\/wp-json\/wp\/v2\/productdetails?post=58566"},{"taxonomy":"productneck","embeddable":true,"href":"https:\/\/www.koonings.com\/de\/wp-json\/wp\/v2\/productneck?post=58566"},{"taxonomy":"productcolor","embeddable":true,"href":"https:\/\/www.koonings.com\/de\/wp-json\/wp\/v2\/productcolor?post=58566"},{"taxonomy":"maat","embeddable":true,"href":"https:\/\/www.koonings.com\/de\/wp-json\/wp\/v2\/maat?post=58566"},{"taxonomy":"productsupplier","embeddable":true,"href":"https:\/\/www.koonings.com\/de\/wp-json\/wp\/v2\/productsupplier?post=58566"},{"taxonomy":"productsleeve","embeddable":true,"href":"https:\/\/www.koonings.com\/de\/wp-json\/wp\/v2\/productsleeve?post=58566"},{"taxonomy":"productcategory","embeddable":true,"href":"https:\/\/www.koonings.com\/de\/wp-json\/wp\/v2\/productcategory?post=58566"},{"taxonomy":"productsilhouette","embeddable":true,"href":"https:\/\/www.koonings.com\/de\/wp-json\/wp\/v2\/productsilhouette?post=58566"},{"taxonomy":"productstyle","embeddable":true,"href":"https:\/\/www.koonings.com\/de\/wp-json\/wp\/v2\/productstyle?post=58566"}],"curies":[{"name":"wp","href":"https:\/\/api.w.org\/{rel}","templated":true}]}}