{"id":58548,"date":"2026-05-06T15:20:22","date_gmt":"2026-05-06T13:20:22","guid":{"rendered":"https:\/\/www.koonings.com\/product\/marylise-megeve-dress-1\/"},"modified":"2025-06-05T13:08:12","modified_gmt":"2025-06-05T11:08:12","slug":"marylise-megeve-dress-1","status":"publish","type":"product","link":"https:\/\/www.koonings.com\/de\/product\/marylise-megeve-dress-1\/","title":{"rendered":"Marylise Megeve dress\/1"},"content":{"rendered":"<p>Meg\u00e8ve ist eine elegante Sch\u00f6nheit. Dieses leicht taillierte Kleid in A-Linie hat einen Rock aus Cr\u00eape mit einem sinnlichen hohen Schlitz vorne. Das Kleid hat einen V-Ausschnitt und Spaghetti-Tr\u00e4ger, die bis zu einem offenen R\u00fccken reichen. Das Oberteil ist aus elfenbeinfarbener Stickerei mit kleinen Blumenapplikationen gefertigt. Die Spitze des Oberteils ber\u00fchrt den Rock. Der abnehmbare Kragen von Meg\u00e8ve bietet Ihnen zwei Looks in einem! Dieses wundersch\u00f6ne Kleidungsst\u00fcck aus T\u00fcll mit Blumenstickereien hat einen hohen Ausschnitt und bedeckt die Schultern und die B\u00fcste.      <\/p>\n","protected":false},"featured_media":45584,"template":"","meta":{"_acf_changed":false,"ghostkit_customizer_options":"","ghostkit_custom_css":"","ghostkit_custom_js_head":"","ghostkit_custom_js_foot":"","ghostkit_typography":""},"productdetails":[],"productneck":[],"productcolor":[],"maat":[],"productsupplier":[410],"productsleeve":[],"productcategory":[18],"productsilhouette":[],"productstyle":[364],"class_list":["post-58548","product","type-product","status-publish","has-post-thumbnail","hentry","productsupplier-marylise","productcategory-trouwjurken","productstyle-364"],"acf":[],"yoast_head":"<!-- This site is optimized with the Yoast SEO plugin v27.3 - https:\/\/yoast.com\/product\/yoast-seo-wordpress\/ -->\n<title>Marylise Megeve dress\/1 | Koonings<\/title>\n<meta name=\"description\" content=\"Meg\u00e8ve ist eine elegante Sch\u00f6nheit. Dieses leicht taillierte Kleid in A-Linie hat einen Rock aus Cr\u00eape mit einem sinnlichen hohen Schlitz vorne. Das Kleid hat einen V-Ausschnitt und Spaghetti-Tr\u00e4ger, die bis zu einem offenen R\u00fccken reichen. Das Oberteil ist aus elfenbeinfarbener Stickerei mit kleinen Blumenapplikationen gefertigt. Die Spitze des Oberteils ber\u00fchrt den Rock. Der abnehmbare Kragen von Meg\u00e8ve bietet Ihnen zwei Looks in einem! Dieses wundersch\u00f6ne Kleidungsst\u00fcck aus T\u00fcll mit Blumenstickereien hat einen hohen Ausschnitt und bedeckt die Schultern und die B\u00fcste.\" \/>\n<meta name=\"robots\" content=\"index, follow, max-snippet:-1, max-image-preview:large, max-video-preview:-1\" \/>\n<link rel=\"canonical\" href=\"https:\/\/www.koonings.com\/de\/product\/marylise-megeve-dress-1\/\" \/>\n<meta property=\"og:locale\" content=\"de_DE\" \/>\n<meta property=\"og:type\" content=\"article\" \/>\n<meta property=\"og:title\" content=\"Marylise Megeve dress\/1 | Koonings\" \/>\n<meta property=\"og:description\" content=\"Meg\u00e8ve ist eine elegante Sch\u00f6nheit. Dieses leicht taillierte Kleid in A-Linie hat einen Rock aus Cr\u00eape mit einem sinnlichen hohen Schlitz vorne. Das Kleid hat einen V-Ausschnitt und Spaghetti-Tr\u00e4ger, die bis zu einem offenen R\u00fccken reichen. Das Oberteil ist aus elfenbeinfarbener Stickerei mit kleinen Blumenapplikationen gefertigt. Die Spitze des Oberteils ber\u00fchrt den Rock. Der abnehmbare Kragen von Meg\u00e8ve bietet Ihnen zwei Looks in einem! Dieses wundersch\u00f6ne Kleidungsst\u00fcck aus T\u00fcll mit Blumenstickereien hat einen hohen Ausschnitt und bedeckt die Schultern und die B\u00fcste.\" \/>\n<meta property=\"og:url\" content=\"https:\/\/www.koonings.com\/de\/product\/marylise-megeve-dress-1\/\" \/>\n<meta property=\"og:site_name\" content=\"Koonings\" \/>\n<meta property=\"article:publisher\" content=\"https:\/\/www.facebook.com\/kooningstheweddingpalace\" \/>\n<meta property=\"og:image\" content=\"https:\/\/www.koonings.com\/wp-content\/uploads\/2024\/11\/40603_8694e5b0dc516f335dc78debe79d647cef5b4ebdcfd56a4dba0d0a1dc11d157bd224f407-scaled.jpeg\" \/>\n\t<meta property=\"og:image:width\" content=\"1785\" \/>\n\t<meta property=\"og:image:height\" content=\"2560\" \/>\n\t<meta property=\"og:image:type\" content=\"image\/jpeg\" \/>\n<meta name=\"twitter:card\" content=\"summary_large_image\" \/>\n<script type=\"application\/ld+json\" class=\"yoast-schema-graph\">{\"@context\":\"https:\\\/\\\/schema.org\",\"@graph\":[{\"@type\":\"WebPage\",\"@id\":\"https:\\\/\\\/www.koonings.com\\\/de\\\/product\\\/marylise-megeve-dress-1\\\/\",\"url\":\"https:\\\/\\\/www.koonings.com\\\/de\\\/product\\\/marylise-megeve-dress-1\\\/\",\"name\":\"Marylise Megeve dress\\\/1 | Koonings\",\"isPartOf\":{\"@id\":\"https:\\\/\\\/www.koonings.com\\\/de\\\/#website\"},\"primaryImageOfPage\":{\"@id\":\"https:\\\/\\\/www.koonings.com\\\/de\\\/product\\\/marylise-megeve-dress-1\\\/#primaryimage\"},\"image\":{\"@id\":\"https:\\\/\\\/www.koonings.com\\\/de\\\/product\\\/marylise-megeve-dress-1\\\/#primaryimage\"},\"thumbnailUrl\":\"https:\\\/\\\/www.koonings.com\\\/wp-content\\\/uploads\\\/2024\\\/11\\\/40603_8694e5b0dc516f335dc78debe79d647cef5b4ebdcfd56a4dba0d0a1dc11d157bd224f407-scaled.jpeg\",\"datePublished\":\"2026-05-06T13:20:22+00:00\",\"description\":\"Meg\u00e8ve ist eine elegante Sch\u00f6nheit. Dieses leicht taillierte Kleid in A-Linie hat einen Rock aus Cr\u00eape mit einem sinnlichen hohen Schlitz vorne. Das Kleid hat einen V-Ausschnitt und Spaghetti-Tr\u00e4ger, die bis zu einem offenen R\u00fccken reichen. Das Oberteil ist aus elfenbeinfarbener Stickerei mit kleinen Blumenapplikationen gefertigt. Die Spitze des Oberteils ber\u00fchrt den Rock. Der abnehmbare Kragen von Meg\u00e8ve bietet Ihnen zwei Looks in einem! Dieses wundersch\u00f6ne Kleidungsst\u00fcck aus T\u00fcll mit Blumenstickereien hat einen hohen Ausschnitt und bedeckt die Schultern und die B\u00fcste.\",\"breadcrumb\":{\"@id\":\"https:\\\/\\\/www.koonings.com\\\/de\\\/product\\\/marylise-megeve-dress-1\\\/#breadcrumb\"},\"inLanguage\":\"de\",\"potentialAction\":[{\"@type\":\"ReadAction\",\"target\":[\"https:\\\/\\\/www.koonings.com\\\/de\\\/product\\\/marylise-megeve-dress-1\\\/\"]}]},{\"@type\":\"ImageObject\",\"inLanguage\":\"de\",\"@id\":\"https:\\\/\\\/www.koonings.com\\\/de\\\/product\\\/marylise-megeve-dress-1\\\/#primaryimage\",\"url\":\"https:\\\/\\\/www.koonings.com\\\/wp-content\\\/uploads\\\/2024\\\/11\\\/40603_8694e5b0dc516f335dc78debe79d647cef5b4ebdcfd56a4dba0d0a1dc11d157bd224f407-scaled.jpeg\",\"contentUrl\":\"https:\\\/\\\/www.koonings.com\\\/wp-content\\\/uploads\\\/2024\\\/11\\\/40603_8694e5b0dc516f335dc78debe79d647cef5b4ebdcfd56a4dba0d0a1dc11d157bd224f407-scaled.jpeg\",\"width\":1785,\"height\":2560},{\"@type\":\"BreadcrumbList\",\"@id\":\"https:\\\/\\\/www.koonings.com\\\/de\\\/product\\\/marylise-megeve-dress-1\\\/#breadcrumb\",\"itemListElement\":[{\"@type\":\"ListItem\",\"position\":1,\"name\":\"Home\",\"item\":\"https:\\\/\\\/www.koonings.com\\\/de\\\/\"},{\"@type\":\"ListItem\",\"position\":2,\"name\":\"Marylise Megeve dress\\\/1\"}]},{\"@type\":\"WebSite\",\"@id\":\"https:\\\/\\\/www.koonings.com\\\/de\\\/#website\",\"url\":\"https:\\\/\\\/www.koonings.com\\\/de\\\/\",\"name\":\"Koonings\",\"description\":\"De grootste bruidsmodewinkel ter wereld\",\"publisher\":{\"@id\":\"https:\\\/\\\/www.koonings.com\\\/de\\\/#organization\"},\"potentialAction\":[{\"@type\":\"SearchAction\",\"target\":{\"@type\":\"EntryPoint\",\"urlTemplate\":\"https:\\\/\\\/www.koonings.com\\\/de\\\/?s={search_term_string}\"},\"query-input\":{\"@type\":\"PropertyValueSpecification\",\"valueRequired\":true,\"valueName\":\"search_term_string\"}}],\"inLanguage\":\"de\"},{\"@type\":\"Organization\",\"@id\":\"https:\\\/\\\/www.koonings.com\\\/de\\\/#organization\",\"name\":\"Koonings\",\"url\":\"https:\\\/\\\/www.koonings.com\\\/de\\\/\",\"logo\":{\"@type\":\"ImageObject\",\"inLanguage\":\"de\",\"@id\":\"https:\\\/\\\/www.koonings.com\\\/de\\\/#\\\/schema\\\/logo\\\/image\\\/\",\"url\":\"https:\\\/\\\/www.koonings.com\\\/wp-content\\\/uploads\\\/2024\\\/07\\\/logo.png\",\"contentUrl\":\"https:\\\/\\\/www.koonings.com\\\/wp-content\\\/uploads\\\/2024\\\/07\\\/logo.png\",\"width\":600,\"height\":428,\"caption\":\"Koonings\"},\"image\":{\"@id\":\"https:\\\/\\\/www.koonings.com\\\/de\\\/#\\\/schema\\\/logo\\\/image\\\/\"},\"sameAs\":[\"https:\\\/\\\/www.facebook.com\\\/kooningstheweddingpalace\",\"https:\\\/\\\/www.instagram.com\\\/kooningstheweddingpalace\",\"https:\\\/\\\/www.pinterest.com\\\/koonings\",\"https:\\\/\\\/www.youtube.com\\\/kooningstheweddingpalace\"]}]}<\/script>\n<!-- \/ Yoast SEO plugin. -->","yoast_head_json":{"title":"Marylise Megeve dress\/1 | Koonings","description":"Meg\u00e8ve ist eine elegante Sch\u00f6nheit. Dieses leicht taillierte Kleid in A-Linie hat einen Rock aus Cr\u00eape mit einem sinnlichen hohen Schlitz vorne. Das Kleid hat einen V-Ausschnitt und Spaghetti-Tr\u00e4ger, die bis zu einem offenen R\u00fccken reichen. Das Oberteil ist aus elfenbeinfarbener Stickerei mit kleinen Blumenapplikationen gefertigt. Die Spitze des Oberteils ber\u00fchrt den Rock. Der abnehmbare Kragen von Meg\u00e8ve bietet Ihnen zwei Looks in einem! Dieses wundersch\u00f6ne Kleidungsst\u00fcck aus T\u00fcll mit Blumenstickereien hat einen hohen Ausschnitt und bedeckt die Schultern und die B\u00fcste.","robots":{"index":"index","follow":"follow","max-snippet":"max-snippet:-1","max-image-preview":"max-image-preview:large","max-video-preview":"max-video-preview:-1"},"canonical":"https:\/\/www.koonings.com\/de\/product\/marylise-megeve-dress-1\/","og_locale":"de_DE","og_type":"article","og_title":"Marylise Megeve dress\/1 | Koonings","og_description":"Meg\u00e8ve ist eine elegante Sch\u00f6nheit. Dieses leicht taillierte Kleid in A-Linie hat einen Rock aus Cr\u00eape mit einem sinnlichen hohen Schlitz vorne. Das Kleid hat einen V-Ausschnitt und Spaghetti-Tr\u00e4ger, die bis zu einem offenen R\u00fccken reichen. Das Oberteil ist aus elfenbeinfarbener Stickerei mit kleinen Blumenapplikationen gefertigt. Die Spitze des Oberteils ber\u00fchrt den Rock. Der abnehmbare Kragen von Meg\u00e8ve bietet Ihnen zwei Looks in einem! Dieses wundersch\u00f6ne Kleidungsst\u00fcck aus T\u00fcll mit Blumenstickereien hat einen hohen Ausschnitt und bedeckt die Schultern und die B\u00fcste.","og_url":"https:\/\/www.koonings.com\/de\/product\/marylise-megeve-dress-1\/","og_site_name":"Koonings","article_publisher":"https:\/\/www.facebook.com\/kooningstheweddingpalace","og_image":[{"width":1785,"height":2560,"url":"https:\/\/www.koonings.com\/wp-content\/uploads\/2024\/11\/40603_8694e5b0dc516f335dc78debe79d647cef5b4ebdcfd56a4dba0d0a1dc11d157bd224f407-scaled.jpeg","type":"image\/jpeg"}],"twitter_card":"summary_large_image","schema":{"@context":"https:\/\/schema.org","@graph":[{"@type":"WebPage","@id":"https:\/\/www.koonings.com\/de\/product\/marylise-megeve-dress-1\/","url":"https:\/\/www.koonings.com\/de\/product\/marylise-megeve-dress-1\/","name":"Marylise Megeve dress\/1 | Koonings","isPartOf":{"@id":"https:\/\/www.koonings.com\/de\/#website"},"primaryImageOfPage":{"@id":"https:\/\/www.koonings.com\/de\/product\/marylise-megeve-dress-1\/#primaryimage"},"image":{"@id":"https:\/\/www.koonings.com\/de\/product\/marylise-megeve-dress-1\/#primaryimage"},"thumbnailUrl":"https:\/\/www.koonings.com\/wp-content\/uploads\/2024\/11\/40603_8694e5b0dc516f335dc78debe79d647cef5b4ebdcfd56a4dba0d0a1dc11d157bd224f407-scaled.jpeg","datePublished":"2026-05-06T13:20:22+00:00","description":"Meg\u00e8ve ist eine elegante Sch\u00f6nheit. Dieses leicht taillierte Kleid in A-Linie hat einen Rock aus Cr\u00eape mit einem sinnlichen hohen Schlitz vorne. Das Kleid hat einen V-Ausschnitt und Spaghetti-Tr\u00e4ger, die bis zu einem offenen R\u00fccken reichen. Das Oberteil ist aus elfenbeinfarbener Stickerei mit kleinen Blumenapplikationen gefertigt. Die Spitze des Oberteils ber\u00fchrt den Rock. Der abnehmbare Kragen von Meg\u00e8ve bietet Ihnen zwei Looks in einem! Dieses wundersch\u00f6ne Kleidungsst\u00fcck aus T\u00fcll mit Blumenstickereien hat einen hohen Ausschnitt und bedeckt die Schultern und die B\u00fcste.","breadcrumb":{"@id":"https:\/\/www.koonings.com\/de\/product\/marylise-megeve-dress-1\/#breadcrumb"},"inLanguage":"de","potentialAction":[{"@type":"ReadAction","target":["https:\/\/www.koonings.com\/de\/product\/marylise-megeve-dress-1\/"]}]},{"@type":"ImageObject","inLanguage":"de","@id":"https:\/\/www.koonings.com\/de\/product\/marylise-megeve-dress-1\/#primaryimage","url":"https:\/\/www.koonings.com\/wp-content\/uploads\/2024\/11\/40603_8694e5b0dc516f335dc78debe79d647cef5b4ebdcfd56a4dba0d0a1dc11d157bd224f407-scaled.jpeg","contentUrl":"https:\/\/www.koonings.com\/wp-content\/uploads\/2024\/11\/40603_8694e5b0dc516f335dc78debe79d647cef5b4ebdcfd56a4dba0d0a1dc11d157bd224f407-scaled.jpeg","width":1785,"height":2560},{"@type":"BreadcrumbList","@id":"https:\/\/www.koonings.com\/de\/product\/marylise-megeve-dress-1\/#breadcrumb","itemListElement":[{"@type":"ListItem","position":1,"name":"Home","item":"https:\/\/www.koonings.com\/de\/"},{"@type":"ListItem","position":2,"name":"Marylise Megeve dress\/1"}]},{"@type":"WebSite","@id":"https:\/\/www.koonings.com\/de\/#website","url":"https:\/\/www.koonings.com\/de\/","name":"Koonings","description":"De grootste bruidsmodewinkel ter wereld","publisher":{"@id":"https:\/\/www.koonings.com\/de\/#organization"},"potentialAction":[{"@type":"SearchAction","target":{"@type":"EntryPoint","urlTemplate":"https:\/\/www.koonings.com\/de\/?s={search_term_string}"},"query-input":{"@type":"PropertyValueSpecification","valueRequired":true,"valueName":"search_term_string"}}],"inLanguage":"de"},{"@type":"Organization","@id":"https:\/\/www.koonings.com\/de\/#organization","name":"Koonings","url":"https:\/\/www.koonings.com\/de\/","logo":{"@type":"ImageObject","inLanguage":"de","@id":"https:\/\/www.koonings.com\/de\/#\/schema\/logo\/image\/","url":"https:\/\/www.koonings.com\/wp-content\/uploads\/2024\/07\/logo.png","contentUrl":"https:\/\/www.koonings.com\/wp-content\/uploads\/2024\/07\/logo.png","width":600,"height":428,"caption":"Koonings"},"image":{"@id":"https:\/\/www.koonings.com\/de\/#\/schema\/logo\/image\/"},"sameAs":["https:\/\/www.facebook.com\/kooningstheweddingpalace","https:\/\/www.instagram.com\/kooningstheweddingpalace","https:\/\/www.pinterest.com\/koonings","https:\/\/www.youtube.com\/kooningstheweddingpalace"]}]}},"_links":{"self":[{"href":"https:\/\/www.koonings.com\/de\/wp-json\/wp\/v2\/product\/58548","targetHints":{"allow":["GET"]}}],"collection":[{"href":"https:\/\/www.koonings.com\/de\/wp-json\/wp\/v2\/product"}],"about":[{"href":"https:\/\/www.koonings.com\/de\/wp-json\/wp\/v2\/types\/product"}],"wp:featuredmedia":[{"embeddable":true,"href":"https:\/\/www.koonings.com\/de\/wp-json\/wp\/v2\/media\/45584"}],"wp:attachment":[{"href":"https:\/\/www.koonings.com\/de\/wp-json\/wp\/v2\/media?parent=58548"}],"wp:term":[{"taxonomy":"productdetails","embeddable":true,"href":"https:\/\/www.koonings.com\/de\/wp-json\/wp\/v2\/productdetails?post=58548"},{"taxonomy":"productneck","embeddable":true,"href":"https:\/\/www.koonings.com\/de\/wp-json\/wp\/v2\/productneck?post=58548"},{"taxonomy":"productcolor","embeddable":true,"href":"https:\/\/www.koonings.com\/de\/wp-json\/wp\/v2\/productcolor?post=58548"},{"taxonomy":"maat","embeddable":true,"href":"https:\/\/www.koonings.com\/de\/wp-json\/wp\/v2\/maat?post=58548"},{"taxonomy":"productsupplier","embeddable":true,"href":"https:\/\/www.koonings.com\/de\/wp-json\/wp\/v2\/productsupplier?post=58548"},{"taxonomy":"productsleeve","embeddable":true,"href":"https:\/\/www.koonings.com\/de\/wp-json\/wp\/v2\/productsleeve?post=58548"},{"taxonomy":"productcategory","embeddable":true,"href":"https:\/\/www.koonings.com\/de\/wp-json\/wp\/v2\/productcategory?post=58548"},{"taxonomy":"productsilhouette","embeddable":true,"href":"https:\/\/www.koonings.com\/de\/wp-json\/wp\/v2\/productsilhouette?post=58548"},{"taxonomy":"productstyle","embeddable":true,"href":"https:\/\/www.koonings.com\/de\/wp-json\/wp\/v2\/productstyle?post=58548"}],"curies":[{"name":"wp","href":"https:\/\/api.w.org\/{rel}","templated":true}]}}