{"id":58489,"date":"2026-05-06T15:20:56","date_gmt":"2026-05-06T13:20:56","guid":{"rendered":"https:\/\/www.koonings.com\/product\/st-patrick-asunta-st125ag1\/"},"modified":"2025-06-05T13:12:08","modified_gmt":"2025-06-05T11:12:08","slug":"st-patrick-asunta-st125ag1","status":"publish","type":"product","link":"https:\/\/www.koonings.com\/de\/product\/st-patrick-asunta-st125ag1\/","title":{"rendered":"St. Patrick Asunta ST125AG1"},"content":{"rendered":"<p>Raffinesse in einem Kleid. ASUNTA hat einen Meerjungfrauenschnitt aus Cr\u00eape, der die Figur der Braut betont. Die langen \u00c4rmel mit Puff\u00e4rmeln an den Schultern, der tiefe herzf\u00f6rmige Ausschnitt oder die zarte Strassverzierung, die sich um die Taille legt, sind weitere Details, die zu seiner exquisiten Eleganz beitragen.  <\/p>\n","protected":false},"featured_media":46038,"template":"","meta":{"_acf_changed":false,"ghostkit_customizer_options":"","ghostkit_custom_css":"","ghostkit_custom_js_head":"","ghostkit_custom_js_foot":"","ghostkit_typography":""},"productdetails":[],"productneck":[],"productcolor":[],"maat":[],"productsupplier":[415],"productsleeve":[],"productcategory":[18],"productsilhouette":[],"productstyle":[366],"class_list":["post-58489","product","type-product","status-publish","has-post-thumbnail","hentry","productsupplier-st-patrick","productcategory-trouwjurken","productstyle-366"],"acf":[],"yoast_head":"<!-- This site is optimized with the Yoast SEO plugin v27.3 - https:\/\/yoast.com\/product\/yoast-seo-wordpress\/ -->\n<title>St. Patrick Asunta ST125AG1 | Koonings<\/title>\n<meta name=\"description\" content=\"Raffinesse in einem Kleid. ASUNTA hat einen Meerjungfrauenschnitt aus Cr\u00eape, der die Figur der Braut betont. Die langen \u00c4rmel mit Puff\u00e4rmeln an den Schultern, der tiefe herzf\u00f6rmige Ausschnitt oder die zarte Strassverzierung, die sich um die Taille legt, sind weitere Details, die zu seiner exquisiten Eleganz beitragen.\" \/>\n<meta name=\"robots\" content=\"index, follow, max-snippet:-1, max-image-preview:large, max-video-preview:-1\" \/>\n<link rel=\"canonical\" href=\"https:\/\/www.koonings.com\/de\/product\/st-patrick-asunta-st125ag1\/\" \/>\n<meta property=\"og:locale\" content=\"de_DE\" \/>\n<meta property=\"og:type\" content=\"article\" \/>\n<meta property=\"og:title\" content=\"St. Patrick Asunta ST125AG1 | Koonings\" \/>\n<meta property=\"og:description\" content=\"Raffinesse in einem Kleid. ASUNTA hat einen Meerjungfrauenschnitt aus Cr\u00eape, der die Figur der Braut betont. Die langen \u00c4rmel mit Puff\u00e4rmeln an den Schultern, der tiefe herzf\u00f6rmige Ausschnitt oder die zarte Strassverzierung, die sich um die Taille legt, sind weitere Details, die zu seiner exquisiten Eleganz beitragen.\" \/>\n<meta property=\"og:url\" content=\"https:\/\/www.koonings.com\/de\/product\/st-patrick-asunta-st125ag1\/\" \/>\n<meta property=\"og:site_name\" content=\"Koonings\" \/>\n<meta property=\"article:publisher\" content=\"https:\/\/www.facebook.com\/kooningstheweddingpalace\" \/>\n<meta property=\"og:image\" content=\"https:\/\/www.koonings.com\/wp-content\/uploads\/2024\/11\/40694_7e67e13f1d3b0a3aa3377a92ad5f49880d59e4d9075da16b2fb63ef94c7e079110622931-scaled.jpeg\" \/>\n\t<meta property=\"og:image:width\" content=\"1809\" \/>\n\t<meta property=\"og:image:height\" content=\"2560\" \/>\n\t<meta property=\"og:image:type\" content=\"image\/jpeg\" \/>\n<meta name=\"twitter:card\" content=\"summary_large_image\" \/>\n<script type=\"application\/ld+json\" class=\"yoast-schema-graph\">{\"@context\":\"https:\\\/\\\/schema.org\",\"@graph\":[{\"@type\":\"WebPage\",\"@id\":\"https:\\\/\\\/www.koonings.com\\\/de\\\/product\\\/st-patrick-asunta-st125ag1\\\/\",\"url\":\"https:\\\/\\\/www.koonings.com\\\/de\\\/product\\\/st-patrick-asunta-st125ag1\\\/\",\"name\":\"St. Patrick Asunta ST125AG1 | Koonings\",\"isPartOf\":{\"@id\":\"https:\\\/\\\/www.koonings.com\\\/de\\\/#website\"},\"primaryImageOfPage\":{\"@id\":\"https:\\\/\\\/www.koonings.com\\\/de\\\/product\\\/st-patrick-asunta-st125ag1\\\/#primaryimage\"},\"image\":{\"@id\":\"https:\\\/\\\/www.koonings.com\\\/de\\\/product\\\/st-patrick-asunta-st125ag1\\\/#primaryimage\"},\"thumbnailUrl\":\"https:\\\/\\\/www.koonings.com\\\/wp-content\\\/uploads\\\/2024\\\/11\\\/40694_7e67e13f1d3b0a3aa3377a92ad5f49880d59e4d9075da16b2fb63ef94c7e079110622931-scaled.jpeg\",\"datePublished\":\"2026-05-06T13:20:56+00:00\",\"description\":\"Raffinesse in einem Kleid. ASUNTA hat einen Meerjungfrauenschnitt aus Cr\u00eape, der die Figur der Braut betont. Die langen \u00c4rmel mit Puff\u00e4rmeln an den Schultern, der tiefe herzf\u00f6rmige Ausschnitt oder die zarte Strassverzierung, die sich um die Taille legt, sind weitere Details, die zu seiner exquisiten Eleganz beitragen.\",\"breadcrumb\":{\"@id\":\"https:\\\/\\\/www.koonings.com\\\/de\\\/product\\\/st-patrick-asunta-st125ag1\\\/#breadcrumb\"},\"inLanguage\":\"de\",\"potentialAction\":[{\"@type\":\"ReadAction\",\"target\":[\"https:\\\/\\\/www.koonings.com\\\/de\\\/product\\\/st-patrick-asunta-st125ag1\\\/\"]}]},{\"@type\":\"ImageObject\",\"inLanguage\":\"de\",\"@id\":\"https:\\\/\\\/www.koonings.com\\\/de\\\/product\\\/st-patrick-asunta-st125ag1\\\/#primaryimage\",\"url\":\"https:\\\/\\\/www.koonings.com\\\/wp-content\\\/uploads\\\/2024\\\/11\\\/40694_7e67e13f1d3b0a3aa3377a92ad5f49880d59e4d9075da16b2fb63ef94c7e079110622931-scaled.jpeg\",\"contentUrl\":\"https:\\\/\\\/www.koonings.com\\\/wp-content\\\/uploads\\\/2024\\\/11\\\/40694_7e67e13f1d3b0a3aa3377a92ad5f49880d59e4d9075da16b2fb63ef94c7e079110622931-scaled.jpeg\",\"width\":1809,\"height\":2560},{\"@type\":\"BreadcrumbList\",\"@id\":\"https:\\\/\\\/www.koonings.com\\\/de\\\/product\\\/st-patrick-asunta-st125ag1\\\/#breadcrumb\",\"itemListElement\":[{\"@type\":\"ListItem\",\"position\":1,\"name\":\"Home\",\"item\":\"https:\\\/\\\/www.koonings.com\\\/de\\\/\"},{\"@type\":\"ListItem\",\"position\":2,\"name\":\"St. Patrick Asunta ST125AG1\"}]},{\"@type\":\"WebSite\",\"@id\":\"https:\\\/\\\/www.koonings.com\\\/de\\\/#website\",\"url\":\"https:\\\/\\\/www.koonings.com\\\/de\\\/\",\"name\":\"Koonings\",\"description\":\"De grootste bruidsmodewinkel ter wereld\",\"publisher\":{\"@id\":\"https:\\\/\\\/www.koonings.com\\\/de\\\/#organization\"},\"potentialAction\":[{\"@type\":\"SearchAction\",\"target\":{\"@type\":\"EntryPoint\",\"urlTemplate\":\"https:\\\/\\\/www.koonings.com\\\/de\\\/?s={search_term_string}\"},\"query-input\":{\"@type\":\"PropertyValueSpecification\",\"valueRequired\":true,\"valueName\":\"search_term_string\"}}],\"inLanguage\":\"de\"},{\"@type\":\"Organization\",\"@id\":\"https:\\\/\\\/www.koonings.com\\\/de\\\/#organization\",\"name\":\"Koonings\",\"url\":\"https:\\\/\\\/www.koonings.com\\\/de\\\/\",\"logo\":{\"@type\":\"ImageObject\",\"inLanguage\":\"de\",\"@id\":\"https:\\\/\\\/www.koonings.com\\\/de\\\/#\\\/schema\\\/logo\\\/image\\\/\",\"url\":\"https:\\\/\\\/www.koonings.com\\\/wp-content\\\/uploads\\\/2024\\\/07\\\/logo.png\",\"contentUrl\":\"https:\\\/\\\/www.koonings.com\\\/wp-content\\\/uploads\\\/2024\\\/07\\\/logo.png\",\"width\":600,\"height\":428,\"caption\":\"Koonings\"},\"image\":{\"@id\":\"https:\\\/\\\/www.koonings.com\\\/de\\\/#\\\/schema\\\/logo\\\/image\\\/\"},\"sameAs\":[\"https:\\\/\\\/www.facebook.com\\\/kooningstheweddingpalace\",\"https:\\\/\\\/www.instagram.com\\\/kooningstheweddingpalace\",\"https:\\\/\\\/www.pinterest.com\\\/koonings\",\"https:\\\/\\\/www.youtube.com\\\/kooningstheweddingpalace\"]}]}<\/script>\n<!-- \/ Yoast SEO plugin. -->","yoast_head_json":{"title":"St. Patrick Asunta ST125AG1 | Koonings","description":"Raffinesse in einem Kleid. ASUNTA hat einen Meerjungfrauenschnitt aus Cr\u00eape, der die Figur der Braut betont. Die langen \u00c4rmel mit Puff\u00e4rmeln an den Schultern, der tiefe herzf\u00f6rmige Ausschnitt oder die zarte Strassverzierung, die sich um die Taille legt, sind weitere Details, die zu seiner exquisiten Eleganz beitragen.","robots":{"index":"index","follow":"follow","max-snippet":"max-snippet:-1","max-image-preview":"max-image-preview:large","max-video-preview":"max-video-preview:-1"},"canonical":"https:\/\/www.koonings.com\/de\/product\/st-patrick-asunta-st125ag1\/","og_locale":"de_DE","og_type":"article","og_title":"St. Patrick Asunta ST125AG1 | Koonings","og_description":"Raffinesse in einem Kleid. ASUNTA hat einen Meerjungfrauenschnitt aus Cr\u00eape, der die Figur der Braut betont. Die langen \u00c4rmel mit Puff\u00e4rmeln an den Schultern, der tiefe herzf\u00f6rmige Ausschnitt oder die zarte Strassverzierung, die sich um die Taille legt, sind weitere Details, die zu seiner exquisiten Eleganz beitragen.","og_url":"https:\/\/www.koonings.com\/de\/product\/st-patrick-asunta-st125ag1\/","og_site_name":"Koonings","article_publisher":"https:\/\/www.facebook.com\/kooningstheweddingpalace","og_image":[{"width":1809,"height":2560,"url":"https:\/\/www.koonings.com\/wp-content\/uploads\/2024\/11\/40694_7e67e13f1d3b0a3aa3377a92ad5f49880d59e4d9075da16b2fb63ef94c7e079110622931-scaled.jpeg","type":"image\/jpeg"}],"twitter_card":"summary_large_image","schema":{"@context":"https:\/\/schema.org","@graph":[{"@type":"WebPage","@id":"https:\/\/www.koonings.com\/de\/product\/st-patrick-asunta-st125ag1\/","url":"https:\/\/www.koonings.com\/de\/product\/st-patrick-asunta-st125ag1\/","name":"St. Patrick Asunta ST125AG1 | Koonings","isPartOf":{"@id":"https:\/\/www.koonings.com\/de\/#website"},"primaryImageOfPage":{"@id":"https:\/\/www.koonings.com\/de\/product\/st-patrick-asunta-st125ag1\/#primaryimage"},"image":{"@id":"https:\/\/www.koonings.com\/de\/product\/st-patrick-asunta-st125ag1\/#primaryimage"},"thumbnailUrl":"https:\/\/www.koonings.com\/wp-content\/uploads\/2024\/11\/40694_7e67e13f1d3b0a3aa3377a92ad5f49880d59e4d9075da16b2fb63ef94c7e079110622931-scaled.jpeg","datePublished":"2026-05-06T13:20:56+00:00","description":"Raffinesse in einem Kleid. ASUNTA hat einen Meerjungfrauenschnitt aus Cr\u00eape, der die Figur der Braut betont. Die langen \u00c4rmel mit Puff\u00e4rmeln an den Schultern, der tiefe herzf\u00f6rmige Ausschnitt oder die zarte Strassverzierung, die sich um die Taille legt, sind weitere Details, die zu seiner exquisiten Eleganz beitragen.","breadcrumb":{"@id":"https:\/\/www.koonings.com\/de\/product\/st-patrick-asunta-st125ag1\/#breadcrumb"},"inLanguage":"de","potentialAction":[{"@type":"ReadAction","target":["https:\/\/www.koonings.com\/de\/product\/st-patrick-asunta-st125ag1\/"]}]},{"@type":"ImageObject","inLanguage":"de","@id":"https:\/\/www.koonings.com\/de\/product\/st-patrick-asunta-st125ag1\/#primaryimage","url":"https:\/\/www.koonings.com\/wp-content\/uploads\/2024\/11\/40694_7e67e13f1d3b0a3aa3377a92ad5f49880d59e4d9075da16b2fb63ef94c7e079110622931-scaled.jpeg","contentUrl":"https:\/\/www.koonings.com\/wp-content\/uploads\/2024\/11\/40694_7e67e13f1d3b0a3aa3377a92ad5f49880d59e4d9075da16b2fb63ef94c7e079110622931-scaled.jpeg","width":1809,"height":2560},{"@type":"BreadcrumbList","@id":"https:\/\/www.koonings.com\/de\/product\/st-patrick-asunta-st125ag1\/#breadcrumb","itemListElement":[{"@type":"ListItem","position":1,"name":"Home","item":"https:\/\/www.koonings.com\/de\/"},{"@type":"ListItem","position":2,"name":"St. Patrick Asunta ST125AG1"}]},{"@type":"WebSite","@id":"https:\/\/www.koonings.com\/de\/#website","url":"https:\/\/www.koonings.com\/de\/","name":"Koonings","description":"De grootste bruidsmodewinkel ter wereld","publisher":{"@id":"https:\/\/www.koonings.com\/de\/#organization"},"potentialAction":[{"@type":"SearchAction","target":{"@type":"EntryPoint","urlTemplate":"https:\/\/www.koonings.com\/de\/?s={search_term_string}"},"query-input":{"@type":"PropertyValueSpecification","valueRequired":true,"valueName":"search_term_string"}}],"inLanguage":"de"},{"@type":"Organization","@id":"https:\/\/www.koonings.com\/de\/#organization","name":"Koonings","url":"https:\/\/www.koonings.com\/de\/","logo":{"@type":"ImageObject","inLanguage":"de","@id":"https:\/\/www.koonings.com\/de\/#\/schema\/logo\/image\/","url":"https:\/\/www.koonings.com\/wp-content\/uploads\/2024\/07\/logo.png","contentUrl":"https:\/\/www.koonings.com\/wp-content\/uploads\/2024\/07\/logo.png","width":600,"height":428,"caption":"Koonings"},"image":{"@id":"https:\/\/www.koonings.com\/de\/#\/schema\/logo\/image\/"},"sameAs":["https:\/\/www.facebook.com\/kooningstheweddingpalace","https:\/\/www.instagram.com\/kooningstheweddingpalace","https:\/\/www.pinterest.com\/koonings","https:\/\/www.youtube.com\/kooningstheweddingpalace"]}]}},"_links":{"self":[{"href":"https:\/\/www.koonings.com\/de\/wp-json\/wp\/v2\/product\/58489","targetHints":{"allow":["GET"]}}],"collection":[{"href":"https:\/\/www.koonings.com\/de\/wp-json\/wp\/v2\/product"}],"about":[{"href":"https:\/\/www.koonings.com\/de\/wp-json\/wp\/v2\/types\/product"}],"wp:featuredmedia":[{"embeddable":true,"href":"https:\/\/www.koonings.com\/de\/wp-json\/wp\/v2\/media\/46038"}],"wp:attachment":[{"href":"https:\/\/www.koonings.com\/de\/wp-json\/wp\/v2\/media?parent=58489"}],"wp:term":[{"taxonomy":"productdetails","embeddable":true,"href":"https:\/\/www.koonings.com\/de\/wp-json\/wp\/v2\/productdetails?post=58489"},{"taxonomy":"productneck","embeddable":true,"href":"https:\/\/www.koonings.com\/de\/wp-json\/wp\/v2\/productneck?post=58489"},{"taxonomy":"productcolor","embeddable":true,"href":"https:\/\/www.koonings.com\/de\/wp-json\/wp\/v2\/productcolor?post=58489"},{"taxonomy":"maat","embeddable":true,"href":"https:\/\/www.koonings.com\/de\/wp-json\/wp\/v2\/maat?post=58489"},{"taxonomy":"productsupplier","embeddable":true,"href":"https:\/\/www.koonings.com\/de\/wp-json\/wp\/v2\/productsupplier?post=58489"},{"taxonomy":"productsleeve","embeddable":true,"href":"https:\/\/www.koonings.com\/de\/wp-json\/wp\/v2\/productsleeve?post=58489"},{"taxonomy":"productcategory","embeddable":true,"href":"https:\/\/www.koonings.com\/de\/wp-json\/wp\/v2\/productcategory?post=58489"},{"taxonomy":"productsilhouette","embeddable":true,"href":"https:\/\/www.koonings.com\/de\/wp-json\/wp\/v2\/productsilhouette?post=58489"},{"taxonomy":"productstyle","embeddable":true,"href":"https:\/\/www.koonings.com\/de\/wp-json\/wp\/v2\/productstyle?post=58489"}],"curies":[{"name":"wp","href":"https:\/\/api.w.org\/{rel}","templated":true}]}}