{"id":58476,"date":"2026-04-21T18:22:15","date_gmt":"2026-04-21T16:22:15","guid":{"rendered":"https:\/\/www.koonings.com\/product\/ladybird-durin-lb125bp1\/"},"modified":"2026-02-16T14:39:44","modified_gmt":"2026-02-16T13:39:44","slug":"ladybird-durin-lb125bp1","status":"publish","type":"product","link":"https:\/\/www.koonings.com\/de\/product\/ladybird-durin-lb125bp1\/","title":{"rendered":"Marienk\u00e4fer Durin LB125BP1"},"content":{"rendered":"<p>Dieses Kleid verstr\u00f6mt ein \u00e4therisches Gef\u00fchl, dank der Luftigkeit des \u00e4rmellosen Mieders mit Spitze und Perlenverzierungen, die an Bl\u00e4tter erinnern, w\u00e4hrend der spektakul\u00e4re T\u00fcllrock mit glitzernden Applikationen funkelt. Sie hat einen schmeichelhaften V-Ausschnitt auf der R\u00fcckseite. <\/p>\n","protected":false},"featured_media":46080,"template":"","meta":{"_acf_changed":false,"ghostkit_customizer_options":"","ghostkit_custom_css":"","ghostkit_custom_js_head":"","ghostkit_custom_js_foot":"","ghostkit_typography":""},"productdetails":[377,381],"productneck":[356],"productcolor":[392],"maat":[],"productsupplier":[437],"productsleeve":[359],"productcategory":[18],"productsilhouette":[388],"productstyle":[372],"class_list":["post-58476","product","type-product","status-publish","has-post-thumbnail","hentry","productdetails-377","productdetails-381","productneck-356","productcolor-392","productsupplier-ladybird","productsleeve-359","productcategory-trouwjurken","productsilhouette-388","productstyle-372"],"acf":[],"yoast_head":"<!-- This site is optimized with the Yoast SEO plugin v27.3 - https:\/\/yoast.com\/product\/yoast-seo-wordpress\/ -->\n<title>Marienk\u00e4fer Durin LB125BP1 | Koonings<\/title>\n<meta name=\"description\" content=\"Dieses Kleid verstr\u00f6mt ein \u00e4therisches Gef\u00fchl, dank der Luftigkeit des \u00e4rmellosen Mieders mit Spitze und Perlenverzierungen, die an Bl\u00e4tter erinnern, w\u00e4hrend der spektakul\u00e4re T\u00fcllrock mit glitzernden Applikationen funkelt. Sie hat einen schmeichelhaften V-Ausschnitt auf der R\u00fcckseite.\" \/>\n<meta name=\"robots\" content=\"index, follow, max-snippet:-1, max-image-preview:large, max-video-preview:-1\" \/>\n<link rel=\"canonical\" href=\"https:\/\/www.koonings.com\/de\/product\/ladybird-durin-lb125bp1\/\" \/>\n<meta property=\"og:locale\" content=\"de_DE\" \/>\n<meta property=\"og:type\" content=\"article\" \/>\n<meta property=\"og:title\" content=\"Marienk\u00e4fer Durin LB125BP1 | Koonings\" \/>\n<meta property=\"og:description\" content=\"Dieses Kleid verstr\u00f6mt ein \u00e4therisches Gef\u00fchl, dank der Luftigkeit des \u00e4rmellosen Mieders mit Spitze und Perlenverzierungen, die an Bl\u00e4tter erinnern, w\u00e4hrend der spektakul\u00e4re T\u00fcllrock mit glitzernden Applikationen funkelt. Sie hat einen schmeichelhaften V-Ausschnitt auf der R\u00fcckseite.\" \/>\n<meta property=\"og:url\" content=\"https:\/\/www.koonings.com\/de\/product\/ladybird-durin-lb125bp1\/\" \/>\n<meta property=\"og:site_name\" content=\"Koonings\" \/>\n<meta property=\"article:publisher\" content=\"https:\/\/www.facebook.com\/kooningstheweddingpalace\" \/>\n<meta property=\"og:image\" content=\"https:\/\/www.koonings.com\/wp-content\/uploads\/2024\/11\/40700_211d8eac933f567fc2040ccb4d47720ed299bcbb385b2c60151d791ce84a6636cd33b2a3-scaled.jpeg\" \/>\n\t<meta property=\"og:image:width\" content=\"1811\" \/>\n\t<meta property=\"og:image:height\" content=\"2560\" \/>\n\t<meta property=\"og:image:type\" content=\"image\/jpeg\" \/>\n<meta name=\"twitter:card\" content=\"summary_large_image\" \/>\n<script type=\"application\/ld+json\" class=\"yoast-schema-graph\">{\"@context\":\"https:\\\/\\\/schema.org\",\"@graph\":[{\"@type\":\"WebPage\",\"@id\":\"https:\\\/\\\/www.koonings.com\\\/de\\\/product\\\/ladybird-durin-lb125bp1\\\/\",\"url\":\"https:\\\/\\\/www.koonings.com\\\/de\\\/product\\\/ladybird-durin-lb125bp1\\\/\",\"name\":\"Marienk\u00e4fer Durin LB125BP1 | Koonings\",\"isPartOf\":{\"@id\":\"https:\\\/\\\/www.koonings.com\\\/de\\\/#website\"},\"primaryImageOfPage\":{\"@id\":\"https:\\\/\\\/www.koonings.com\\\/de\\\/product\\\/ladybird-durin-lb125bp1\\\/#primaryimage\"},\"image\":{\"@id\":\"https:\\\/\\\/www.koonings.com\\\/de\\\/product\\\/ladybird-durin-lb125bp1\\\/#primaryimage\"},\"thumbnailUrl\":\"https:\\\/\\\/www.koonings.com\\\/wp-content\\\/uploads\\\/2024\\\/11\\\/40700_211d8eac933f567fc2040ccb4d47720ed299bcbb385b2c60151d791ce84a6636cd33b2a3-scaled.jpeg\",\"datePublished\":\"2026-04-21T16:22:15+00:00\",\"description\":\"Dieses Kleid verstr\u00f6mt ein \u00e4therisches Gef\u00fchl, dank der Luftigkeit des \u00e4rmellosen Mieders mit Spitze und Perlenverzierungen, die an Bl\u00e4tter erinnern, w\u00e4hrend der spektakul\u00e4re T\u00fcllrock mit glitzernden Applikationen funkelt. Sie hat einen schmeichelhaften V-Ausschnitt auf der R\u00fcckseite.\",\"breadcrumb\":{\"@id\":\"https:\\\/\\\/www.koonings.com\\\/de\\\/product\\\/ladybird-durin-lb125bp1\\\/#breadcrumb\"},\"inLanguage\":\"de\",\"potentialAction\":[{\"@type\":\"ReadAction\",\"target\":[\"https:\\\/\\\/www.koonings.com\\\/de\\\/product\\\/ladybird-durin-lb125bp1\\\/\"]}]},{\"@type\":\"ImageObject\",\"inLanguage\":\"de\",\"@id\":\"https:\\\/\\\/www.koonings.com\\\/de\\\/product\\\/ladybird-durin-lb125bp1\\\/#primaryimage\",\"url\":\"https:\\\/\\\/www.koonings.com\\\/wp-content\\\/uploads\\\/2024\\\/11\\\/40700_211d8eac933f567fc2040ccb4d47720ed299bcbb385b2c60151d791ce84a6636cd33b2a3-scaled.jpeg\",\"contentUrl\":\"https:\\\/\\\/www.koonings.com\\\/wp-content\\\/uploads\\\/2024\\\/11\\\/40700_211d8eac933f567fc2040ccb4d47720ed299bcbb385b2c60151d791ce84a6636cd33b2a3-scaled.jpeg\",\"width\":1811,\"height\":2560},{\"@type\":\"BreadcrumbList\",\"@id\":\"https:\\\/\\\/www.koonings.com\\\/de\\\/product\\\/ladybird-durin-lb125bp1\\\/#breadcrumb\",\"itemListElement\":[{\"@type\":\"ListItem\",\"position\":1,\"name\":\"Home\",\"item\":\"https:\\\/\\\/www.koonings.com\\\/de\\\/\"},{\"@type\":\"ListItem\",\"position\":2,\"name\":\"Marienk\u00e4fer Durin LB125BP1\"}]},{\"@type\":\"WebSite\",\"@id\":\"https:\\\/\\\/www.koonings.com\\\/de\\\/#website\",\"url\":\"https:\\\/\\\/www.koonings.com\\\/de\\\/\",\"name\":\"Koonings\",\"description\":\"De grootste bruidsmodewinkel ter wereld\",\"publisher\":{\"@id\":\"https:\\\/\\\/www.koonings.com\\\/de\\\/#organization\"},\"potentialAction\":[{\"@type\":\"SearchAction\",\"target\":{\"@type\":\"EntryPoint\",\"urlTemplate\":\"https:\\\/\\\/www.koonings.com\\\/de\\\/?s={search_term_string}\"},\"query-input\":{\"@type\":\"PropertyValueSpecification\",\"valueRequired\":true,\"valueName\":\"search_term_string\"}}],\"inLanguage\":\"de\"},{\"@type\":\"Organization\",\"@id\":\"https:\\\/\\\/www.koonings.com\\\/de\\\/#organization\",\"name\":\"Koonings\",\"url\":\"https:\\\/\\\/www.koonings.com\\\/de\\\/\",\"logo\":{\"@type\":\"ImageObject\",\"inLanguage\":\"de\",\"@id\":\"https:\\\/\\\/www.koonings.com\\\/de\\\/#\\\/schema\\\/logo\\\/image\\\/\",\"url\":\"https:\\\/\\\/www.koonings.com\\\/wp-content\\\/uploads\\\/2024\\\/07\\\/logo.png\",\"contentUrl\":\"https:\\\/\\\/www.koonings.com\\\/wp-content\\\/uploads\\\/2024\\\/07\\\/logo.png\",\"width\":600,\"height\":428,\"caption\":\"Koonings\"},\"image\":{\"@id\":\"https:\\\/\\\/www.koonings.com\\\/de\\\/#\\\/schema\\\/logo\\\/image\\\/\"},\"sameAs\":[\"https:\\\/\\\/www.facebook.com\\\/kooningstheweddingpalace\",\"https:\\\/\\\/www.instagram.com\\\/kooningstheweddingpalace\",\"https:\\\/\\\/www.pinterest.com\\\/koonings\",\"https:\\\/\\\/www.youtube.com\\\/kooningstheweddingpalace\"]}]}<\/script>\n<!-- \/ Yoast SEO plugin. -->","yoast_head_json":{"title":"Marienk\u00e4fer Durin LB125BP1 | Koonings","description":"Dieses Kleid verstr\u00f6mt ein \u00e4therisches Gef\u00fchl, dank der Luftigkeit des \u00e4rmellosen Mieders mit Spitze und Perlenverzierungen, die an Bl\u00e4tter erinnern, w\u00e4hrend der spektakul\u00e4re T\u00fcllrock mit glitzernden Applikationen funkelt. Sie hat einen schmeichelhaften V-Ausschnitt auf der R\u00fcckseite.","robots":{"index":"index","follow":"follow","max-snippet":"max-snippet:-1","max-image-preview":"max-image-preview:large","max-video-preview":"max-video-preview:-1"},"canonical":"https:\/\/www.koonings.com\/de\/product\/ladybird-durin-lb125bp1\/","og_locale":"de_DE","og_type":"article","og_title":"Marienk\u00e4fer Durin LB125BP1 | Koonings","og_description":"Dieses Kleid verstr\u00f6mt ein \u00e4therisches Gef\u00fchl, dank der Luftigkeit des \u00e4rmellosen Mieders mit Spitze und Perlenverzierungen, die an Bl\u00e4tter erinnern, w\u00e4hrend der spektakul\u00e4re T\u00fcllrock mit glitzernden Applikationen funkelt. Sie hat einen schmeichelhaften V-Ausschnitt auf der R\u00fcckseite.","og_url":"https:\/\/www.koonings.com\/de\/product\/ladybird-durin-lb125bp1\/","og_site_name":"Koonings","article_publisher":"https:\/\/www.facebook.com\/kooningstheweddingpalace","og_image":[{"width":1811,"height":2560,"url":"https:\/\/www.koonings.com\/wp-content\/uploads\/2024\/11\/40700_211d8eac933f567fc2040ccb4d47720ed299bcbb385b2c60151d791ce84a6636cd33b2a3-scaled.jpeg","type":"image\/jpeg"}],"twitter_card":"summary_large_image","schema":{"@context":"https:\/\/schema.org","@graph":[{"@type":"WebPage","@id":"https:\/\/www.koonings.com\/de\/product\/ladybird-durin-lb125bp1\/","url":"https:\/\/www.koonings.com\/de\/product\/ladybird-durin-lb125bp1\/","name":"Marienk\u00e4fer Durin LB125BP1 | Koonings","isPartOf":{"@id":"https:\/\/www.koonings.com\/de\/#website"},"primaryImageOfPage":{"@id":"https:\/\/www.koonings.com\/de\/product\/ladybird-durin-lb125bp1\/#primaryimage"},"image":{"@id":"https:\/\/www.koonings.com\/de\/product\/ladybird-durin-lb125bp1\/#primaryimage"},"thumbnailUrl":"https:\/\/www.koonings.com\/wp-content\/uploads\/2024\/11\/40700_211d8eac933f567fc2040ccb4d47720ed299bcbb385b2c60151d791ce84a6636cd33b2a3-scaled.jpeg","datePublished":"2026-04-21T16:22:15+00:00","description":"Dieses Kleid verstr\u00f6mt ein \u00e4therisches Gef\u00fchl, dank der Luftigkeit des \u00e4rmellosen Mieders mit Spitze und Perlenverzierungen, die an Bl\u00e4tter erinnern, w\u00e4hrend der spektakul\u00e4re T\u00fcllrock mit glitzernden Applikationen funkelt. Sie hat einen schmeichelhaften V-Ausschnitt auf der R\u00fcckseite.","breadcrumb":{"@id":"https:\/\/www.koonings.com\/de\/product\/ladybird-durin-lb125bp1\/#breadcrumb"},"inLanguage":"de","potentialAction":[{"@type":"ReadAction","target":["https:\/\/www.koonings.com\/de\/product\/ladybird-durin-lb125bp1\/"]}]},{"@type":"ImageObject","inLanguage":"de","@id":"https:\/\/www.koonings.com\/de\/product\/ladybird-durin-lb125bp1\/#primaryimage","url":"https:\/\/www.koonings.com\/wp-content\/uploads\/2024\/11\/40700_211d8eac933f567fc2040ccb4d47720ed299bcbb385b2c60151d791ce84a6636cd33b2a3-scaled.jpeg","contentUrl":"https:\/\/www.koonings.com\/wp-content\/uploads\/2024\/11\/40700_211d8eac933f567fc2040ccb4d47720ed299bcbb385b2c60151d791ce84a6636cd33b2a3-scaled.jpeg","width":1811,"height":2560},{"@type":"BreadcrumbList","@id":"https:\/\/www.koonings.com\/de\/product\/ladybird-durin-lb125bp1\/#breadcrumb","itemListElement":[{"@type":"ListItem","position":1,"name":"Home","item":"https:\/\/www.koonings.com\/de\/"},{"@type":"ListItem","position":2,"name":"Marienk\u00e4fer Durin LB125BP1"}]},{"@type":"WebSite","@id":"https:\/\/www.koonings.com\/de\/#website","url":"https:\/\/www.koonings.com\/de\/","name":"Koonings","description":"De grootste bruidsmodewinkel ter wereld","publisher":{"@id":"https:\/\/www.koonings.com\/de\/#organization"},"potentialAction":[{"@type":"SearchAction","target":{"@type":"EntryPoint","urlTemplate":"https:\/\/www.koonings.com\/de\/?s={search_term_string}"},"query-input":{"@type":"PropertyValueSpecification","valueRequired":true,"valueName":"search_term_string"}}],"inLanguage":"de"},{"@type":"Organization","@id":"https:\/\/www.koonings.com\/de\/#organization","name":"Koonings","url":"https:\/\/www.koonings.com\/de\/","logo":{"@type":"ImageObject","inLanguage":"de","@id":"https:\/\/www.koonings.com\/de\/#\/schema\/logo\/image\/","url":"https:\/\/www.koonings.com\/wp-content\/uploads\/2024\/07\/logo.png","contentUrl":"https:\/\/www.koonings.com\/wp-content\/uploads\/2024\/07\/logo.png","width":600,"height":428,"caption":"Koonings"},"image":{"@id":"https:\/\/www.koonings.com\/de\/#\/schema\/logo\/image\/"},"sameAs":["https:\/\/www.facebook.com\/kooningstheweddingpalace","https:\/\/www.instagram.com\/kooningstheweddingpalace","https:\/\/www.pinterest.com\/koonings","https:\/\/www.youtube.com\/kooningstheweddingpalace"]}]}},"_links":{"self":[{"href":"https:\/\/www.koonings.com\/de\/wp-json\/wp\/v2\/product\/58476","targetHints":{"allow":["GET"]}}],"collection":[{"href":"https:\/\/www.koonings.com\/de\/wp-json\/wp\/v2\/product"}],"about":[{"href":"https:\/\/www.koonings.com\/de\/wp-json\/wp\/v2\/types\/product"}],"wp:featuredmedia":[{"embeddable":true,"href":"https:\/\/www.koonings.com\/de\/wp-json\/wp\/v2\/media\/46080"}],"wp:attachment":[{"href":"https:\/\/www.koonings.com\/de\/wp-json\/wp\/v2\/media?parent=58476"}],"wp:term":[{"taxonomy":"productdetails","embeddable":true,"href":"https:\/\/www.koonings.com\/de\/wp-json\/wp\/v2\/productdetails?post=58476"},{"taxonomy":"productneck","embeddable":true,"href":"https:\/\/www.koonings.com\/de\/wp-json\/wp\/v2\/productneck?post=58476"},{"taxonomy":"productcolor","embeddable":true,"href":"https:\/\/www.koonings.com\/de\/wp-json\/wp\/v2\/productcolor?post=58476"},{"taxonomy":"maat","embeddable":true,"href":"https:\/\/www.koonings.com\/de\/wp-json\/wp\/v2\/maat?post=58476"},{"taxonomy":"productsupplier","embeddable":true,"href":"https:\/\/www.koonings.com\/de\/wp-json\/wp\/v2\/productsupplier?post=58476"},{"taxonomy":"productsleeve","embeddable":true,"href":"https:\/\/www.koonings.com\/de\/wp-json\/wp\/v2\/productsleeve?post=58476"},{"taxonomy":"productcategory","embeddable":true,"href":"https:\/\/www.koonings.com\/de\/wp-json\/wp\/v2\/productcategory?post=58476"},{"taxonomy":"productsilhouette","embeddable":true,"href":"https:\/\/www.koonings.com\/de\/wp-json\/wp\/v2\/productsilhouette?post=58476"},{"taxonomy":"productstyle","embeddable":true,"href":"https:\/\/www.koonings.com\/de\/wp-json\/wp\/v2\/productstyle?post=58476"}],"curies":[{"name":"wp","href":"https:\/\/api.w.org\/{rel}","templated":true}]}}