{"id":58463,"date":"2025-12-15T00:34:48","date_gmt":"2025-12-14T23:34:48","guid":{"rendered":"https:\/\/www.koonings.com\/product\/st-patrick-azzura-st125ah1\/"},"modified":"2026-02-03T18:41:12","modified_gmt":"2026-02-03T17:41:12","slug":"st-patrick-azzura-st125ah1","status":"publish","type":"product","link":"https:\/\/www.koonings.com\/de\/product\/st-patrick-azzura-st125ah1\/","title":{"rendered":"St. Patrick Azzura ST125AH1"},"content":{"rendered":"<p>Das Modell AZZURA ist ein glamour\u00f6ses und raffiniertes Design, in das Sie sich verlieben werden. Das Modell in A-Linie ist aus luxuri\u00f6sem Stretch-Satin gefertigt, der sich der Figur anpasst, und verf\u00fcgt \u00fcber auff\u00e4llige Details wie den hohen Ausschnitt, schmeichelhafte drapierte Akzente, elegante Puff\u00e4rmel und die angedeutete geometrische \u00d6ffnung, die den R\u00fccken ziert. <\/p>\n","protected":false},"featured_media":46206,"template":"","meta":{"_acf_changed":false,"ghostkit_customizer_options":"","ghostkit_custom_css":"","ghostkit_custom_js_head":"","ghostkit_custom_js_foot":"","ghostkit_typography":""},"productdetails":[],"productneck":[],"productcolor":[],"maat":[],"productsupplier":[415],"productsleeve":[],"productcategory":[18],"productsilhouette":[],"productstyle":[366],"class_list":["post-58463","product","type-product","status-publish","has-post-thumbnail","hentry","productsupplier-st-patrick","productcategory-trouwjurken","productstyle-366"],"acf":[],"yoast_head":"<!-- This site is optimized with the Yoast SEO plugin v27.3 - https:\/\/yoast.com\/product\/yoast-seo-wordpress\/ -->\n<title>St. Patrick Azzura ST125AH1 | Koonings<\/title>\n<meta name=\"description\" content=\"Das Modell AZZURA ist ein glamour\u00f6ses und raffiniertes Design, in das Sie sich verlieben werden. Das Modell in A-Linie ist aus luxuri\u00f6sem Stretch-Satin gefertigt, der sich der Figur anpasst, und verf\u00fcgt \u00fcber auff\u00e4llige Details wie den hohen Ausschnitt, schmeichelhafte drapierte Akzente, elegante Puff\u00e4rmel und die angedeutete geometrische \u00d6ffnung, die den R\u00fccken ziert.\" \/>\n<meta name=\"robots\" content=\"index, follow, max-snippet:-1, max-image-preview:large, max-video-preview:-1\" \/>\n<link rel=\"canonical\" href=\"https:\/\/www.koonings.com\/de\/product\/st-patrick-azzura-st125ah1\/\" \/>\n<meta property=\"og:locale\" content=\"de_DE\" \/>\n<meta property=\"og:type\" content=\"article\" \/>\n<meta property=\"og:title\" content=\"St. Patrick Azzura ST125AH1 | Koonings\" \/>\n<meta property=\"og:description\" content=\"Das Modell AZZURA ist ein glamour\u00f6ses und raffiniertes Design, in das Sie sich verlieben werden. Das Modell in A-Linie ist aus luxuri\u00f6sem Stretch-Satin gefertigt, der sich der Figur anpasst, und verf\u00fcgt \u00fcber auff\u00e4llige Details wie den hohen Ausschnitt, schmeichelhafte drapierte Akzente, elegante Puff\u00e4rmel und die angedeutete geometrische \u00d6ffnung, die den R\u00fccken ziert.\" \/>\n<meta property=\"og:url\" content=\"https:\/\/www.koonings.com\/de\/product\/st-patrick-azzura-st125ah1\/\" \/>\n<meta property=\"og:site_name\" content=\"Koonings\" \/>\n<meta property=\"article:publisher\" content=\"https:\/\/www.facebook.com\/kooningstheweddingpalace\" \/>\n<meta property=\"article:modified_time\" content=\"2026-02-03T17:41:12+00:00\" \/>\n<meta property=\"og:image\" content=\"https:\/\/www.koonings.com\/wp-content\/uploads\/2024\/11\/40712_4e502d9c02334ed9c36d8b7105e2aded73112b1bdec92659100379484b45cd05ec9d004a-scaled.jpeg\" \/>\n\t<meta property=\"og:image:width\" content=\"1809\" \/>\n\t<meta property=\"og:image:height\" content=\"2560\" \/>\n\t<meta property=\"og:image:type\" content=\"image\/jpeg\" \/>\n<meta name=\"twitter:card\" content=\"summary_large_image\" \/>\n<script type=\"application\/ld+json\" class=\"yoast-schema-graph\">{\"@context\":\"https:\\\/\\\/schema.org\",\"@graph\":[{\"@type\":\"WebPage\",\"@id\":\"https:\\\/\\\/www.koonings.com\\\/de\\\/product\\\/st-patrick-azzura-st125ah1\\\/\",\"url\":\"https:\\\/\\\/www.koonings.com\\\/de\\\/product\\\/st-patrick-azzura-st125ah1\\\/\",\"name\":\"St. Patrick Azzura ST125AH1 | Koonings\",\"isPartOf\":{\"@id\":\"https:\\\/\\\/www.koonings.com\\\/de\\\/#website\"},\"primaryImageOfPage\":{\"@id\":\"https:\\\/\\\/www.koonings.com\\\/de\\\/product\\\/st-patrick-azzura-st125ah1\\\/#primaryimage\"},\"image\":{\"@id\":\"https:\\\/\\\/www.koonings.com\\\/de\\\/product\\\/st-patrick-azzura-st125ah1\\\/#primaryimage\"},\"thumbnailUrl\":\"https:\\\/\\\/www.koonings.com\\\/wp-content\\\/uploads\\\/2024\\\/11\\\/40712_4e502d9c02334ed9c36d8b7105e2aded73112b1bdec92659100379484b45cd05ec9d004a-scaled.jpeg\",\"datePublished\":\"2025-12-14T23:34:48+00:00\",\"dateModified\":\"2026-02-03T17:41:12+00:00\",\"description\":\"Das Modell AZZURA ist ein glamour\u00f6ses und raffiniertes Design, in das Sie sich verlieben werden. Das Modell in A-Linie ist aus luxuri\u00f6sem Stretch-Satin gefertigt, der sich der Figur anpasst, und verf\u00fcgt \u00fcber auff\u00e4llige Details wie den hohen Ausschnitt, schmeichelhafte drapierte Akzente, elegante Puff\u00e4rmel und die angedeutete geometrische \u00d6ffnung, die den R\u00fccken ziert.\",\"breadcrumb\":{\"@id\":\"https:\\\/\\\/www.koonings.com\\\/de\\\/product\\\/st-patrick-azzura-st125ah1\\\/#breadcrumb\"},\"inLanguage\":\"de\",\"potentialAction\":[{\"@type\":\"ReadAction\",\"target\":[\"https:\\\/\\\/www.koonings.com\\\/de\\\/product\\\/st-patrick-azzura-st125ah1\\\/\"]}]},{\"@type\":\"ImageObject\",\"inLanguage\":\"de\",\"@id\":\"https:\\\/\\\/www.koonings.com\\\/de\\\/product\\\/st-patrick-azzura-st125ah1\\\/#primaryimage\",\"url\":\"https:\\\/\\\/www.koonings.com\\\/wp-content\\\/uploads\\\/2024\\\/11\\\/40712_4e502d9c02334ed9c36d8b7105e2aded73112b1bdec92659100379484b45cd05ec9d004a-scaled.jpeg\",\"contentUrl\":\"https:\\\/\\\/www.koonings.com\\\/wp-content\\\/uploads\\\/2024\\\/11\\\/40712_4e502d9c02334ed9c36d8b7105e2aded73112b1bdec92659100379484b45cd05ec9d004a-scaled.jpeg\",\"width\":1809,\"height\":2560},{\"@type\":\"BreadcrumbList\",\"@id\":\"https:\\\/\\\/www.koonings.com\\\/de\\\/product\\\/st-patrick-azzura-st125ah1\\\/#breadcrumb\",\"itemListElement\":[{\"@type\":\"ListItem\",\"position\":1,\"name\":\"Home\",\"item\":\"https:\\\/\\\/www.koonings.com\\\/de\\\/\"},{\"@type\":\"ListItem\",\"position\":2,\"name\":\"St. Patrick Azzura ST125AH1\"}]},{\"@type\":\"WebSite\",\"@id\":\"https:\\\/\\\/www.koonings.com\\\/de\\\/#website\",\"url\":\"https:\\\/\\\/www.koonings.com\\\/de\\\/\",\"name\":\"Koonings\",\"description\":\"De grootste bruidsmodewinkel ter wereld\",\"publisher\":{\"@id\":\"https:\\\/\\\/www.koonings.com\\\/de\\\/#organization\"},\"potentialAction\":[{\"@type\":\"SearchAction\",\"target\":{\"@type\":\"EntryPoint\",\"urlTemplate\":\"https:\\\/\\\/www.koonings.com\\\/de\\\/?s={search_term_string}\"},\"query-input\":{\"@type\":\"PropertyValueSpecification\",\"valueRequired\":true,\"valueName\":\"search_term_string\"}}],\"inLanguage\":\"de\"},{\"@type\":\"Organization\",\"@id\":\"https:\\\/\\\/www.koonings.com\\\/de\\\/#organization\",\"name\":\"Koonings\",\"url\":\"https:\\\/\\\/www.koonings.com\\\/de\\\/\",\"logo\":{\"@type\":\"ImageObject\",\"inLanguage\":\"de\",\"@id\":\"https:\\\/\\\/www.koonings.com\\\/de\\\/#\\\/schema\\\/logo\\\/image\\\/\",\"url\":\"https:\\\/\\\/www.koonings.com\\\/wp-content\\\/uploads\\\/2024\\\/07\\\/logo.png\",\"contentUrl\":\"https:\\\/\\\/www.koonings.com\\\/wp-content\\\/uploads\\\/2024\\\/07\\\/logo.png\",\"width\":600,\"height\":428,\"caption\":\"Koonings\"},\"image\":{\"@id\":\"https:\\\/\\\/www.koonings.com\\\/de\\\/#\\\/schema\\\/logo\\\/image\\\/\"},\"sameAs\":[\"https:\\\/\\\/www.facebook.com\\\/kooningstheweddingpalace\",\"https:\\\/\\\/www.instagram.com\\\/kooningstheweddingpalace\",\"https:\\\/\\\/www.pinterest.com\\\/koonings\",\"https:\\\/\\\/www.youtube.com\\\/kooningstheweddingpalace\"]}]}<\/script>\n<!-- \/ Yoast SEO plugin. -->","yoast_head_json":{"title":"St. Patrick Azzura ST125AH1 | Koonings","description":"Das Modell AZZURA ist ein glamour\u00f6ses und raffiniertes Design, in das Sie sich verlieben werden. Das Modell in A-Linie ist aus luxuri\u00f6sem Stretch-Satin gefertigt, der sich der Figur anpasst, und verf\u00fcgt \u00fcber auff\u00e4llige Details wie den hohen Ausschnitt, schmeichelhafte drapierte Akzente, elegante Puff\u00e4rmel und die angedeutete geometrische \u00d6ffnung, die den R\u00fccken ziert.","robots":{"index":"index","follow":"follow","max-snippet":"max-snippet:-1","max-image-preview":"max-image-preview:large","max-video-preview":"max-video-preview:-1"},"canonical":"https:\/\/www.koonings.com\/de\/product\/st-patrick-azzura-st125ah1\/","og_locale":"de_DE","og_type":"article","og_title":"St. Patrick Azzura ST125AH1 | Koonings","og_description":"Das Modell AZZURA ist ein glamour\u00f6ses und raffiniertes Design, in das Sie sich verlieben werden. Das Modell in A-Linie ist aus luxuri\u00f6sem Stretch-Satin gefertigt, der sich der Figur anpasst, und verf\u00fcgt \u00fcber auff\u00e4llige Details wie den hohen Ausschnitt, schmeichelhafte drapierte Akzente, elegante Puff\u00e4rmel und die angedeutete geometrische \u00d6ffnung, die den R\u00fccken ziert.","og_url":"https:\/\/www.koonings.com\/de\/product\/st-patrick-azzura-st125ah1\/","og_site_name":"Koonings","article_publisher":"https:\/\/www.facebook.com\/kooningstheweddingpalace","article_modified_time":"2026-02-03T17:41:12+00:00","og_image":[{"width":1809,"height":2560,"url":"https:\/\/www.koonings.com\/wp-content\/uploads\/2024\/11\/40712_4e502d9c02334ed9c36d8b7105e2aded73112b1bdec92659100379484b45cd05ec9d004a-scaled.jpeg","type":"image\/jpeg"}],"twitter_card":"summary_large_image","schema":{"@context":"https:\/\/schema.org","@graph":[{"@type":"WebPage","@id":"https:\/\/www.koonings.com\/de\/product\/st-patrick-azzura-st125ah1\/","url":"https:\/\/www.koonings.com\/de\/product\/st-patrick-azzura-st125ah1\/","name":"St. Patrick Azzura ST125AH1 | Koonings","isPartOf":{"@id":"https:\/\/www.koonings.com\/de\/#website"},"primaryImageOfPage":{"@id":"https:\/\/www.koonings.com\/de\/product\/st-patrick-azzura-st125ah1\/#primaryimage"},"image":{"@id":"https:\/\/www.koonings.com\/de\/product\/st-patrick-azzura-st125ah1\/#primaryimage"},"thumbnailUrl":"https:\/\/www.koonings.com\/wp-content\/uploads\/2024\/11\/40712_4e502d9c02334ed9c36d8b7105e2aded73112b1bdec92659100379484b45cd05ec9d004a-scaled.jpeg","datePublished":"2025-12-14T23:34:48+00:00","dateModified":"2026-02-03T17:41:12+00:00","description":"Das Modell AZZURA ist ein glamour\u00f6ses und raffiniertes Design, in das Sie sich verlieben werden. Das Modell in A-Linie ist aus luxuri\u00f6sem Stretch-Satin gefertigt, der sich der Figur anpasst, und verf\u00fcgt \u00fcber auff\u00e4llige Details wie den hohen Ausschnitt, schmeichelhafte drapierte Akzente, elegante Puff\u00e4rmel und die angedeutete geometrische \u00d6ffnung, die den R\u00fccken ziert.","breadcrumb":{"@id":"https:\/\/www.koonings.com\/de\/product\/st-patrick-azzura-st125ah1\/#breadcrumb"},"inLanguage":"de","potentialAction":[{"@type":"ReadAction","target":["https:\/\/www.koonings.com\/de\/product\/st-patrick-azzura-st125ah1\/"]}]},{"@type":"ImageObject","inLanguage":"de","@id":"https:\/\/www.koonings.com\/de\/product\/st-patrick-azzura-st125ah1\/#primaryimage","url":"https:\/\/www.koonings.com\/wp-content\/uploads\/2024\/11\/40712_4e502d9c02334ed9c36d8b7105e2aded73112b1bdec92659100379484b45cd05ec9d004a-scaled.jpeg","contentUrl":"https:\/\/www.koonings.com\/wp-content\/uploads\/2024\/11\/40712_4e502d9c02334ed9c36d8b7105e2aded73112b1bdec92659100379484b45cd05ec9d004a-scaled.jpeg","width":1809,"height":2560},{"@type":"BreadcrumbList","@id":"https:\/\/www.koonings.com\/de\/product\/st-patrick-azzura-st125ah1\/#breadcrumb","itemListElement":[{"@type":"ListItem","position":1,"name":"Home","item":"https:\/\/www.koonings.com\/de\/"},{"@type":"ListItem","position":2,"name":"St. Patrick Azzura ST125AH1"}]},{"@type":"WebSite","@id":"https:\/\/www.koonings.com\/de\/#website","url":"https:\/\/www.koonings.com\/de\/","name":"Koonings","description":"De grootste bruidsmodewinkel ter wereld","publisher":{"@id":"https:\/\/www.koonings.com\/de\/#organization"},"potentialAction":[{"@type":"SearchAction","target":{"@type":"EntryPoint","urlTemplate":"https:\/\/www.koonings.com\/de\/?s={search_term_string}"},"query-input":{"@type":"PropertyValueSpecification","valueRequired":true,"valueName":"search_term_string"}}],"inLanguage":"de"},{"@type":"Organization","@id":"https:\/\/www.koonings.com\/de\/#organization","name":"Koonings","url":"https:\/\/www.koonings.com\/de\/","logo":{"@type":"ImageObject","inLanguage":"de","@id":"https:\/\/www.koonings.com\/de\/#\/schema\/logo\/image\/","url":"https:\/\/www.koonings.com\/wp-content\/uploads\/2024\/07\/logo.png","contentUrl":"https:\/\/www.koonings.com\/wp-content\/uploads\/2024\/07\/logo.png","width":600,"height":428,"caption":"Koonings"},"image":{"@id":"https:\/\/www.koonings.com\/de\/#\/schema\/logo\/image\/"},"sameAs":["https:\/\/www.facebook.com\/kooningstheweddingpalace","https:\/\/www.instagram.com\/kooningstheweddingpalace","https:\/\/www.pinterest.com\/koonings","https:\/\/www.youtube.com\/kooningstheweddingpalace"]}]}},"_links":{"self":[{"href":"https:\/\/www.koonings.com\/de\/wp-json\/wp\/v2\/product\/58463","targetHints":{"allow":["GET"]}}],"collection":[{"href":"https:\/\/www.koonings.com\/de\/wp-json\/wp\/v2\/product"}],"about":[{"href":"https:\/\/www.koonings.com\/de\/wp-json\/wp\/v2\/types\/product"}],"wp:featuredmedia":[{"embeddable":true,"href":"https:\/\/www.koonings.com\/de\/wp-json\/wp\/v2\/media\/46206"}],"wp:attachment":[{"href":"https:\/\/www.koonings.com\/de\/wp-json\/wp\/v2\/media?parent=58463"}],"wp:term":[{"taxonomy":"productdetails","embeddable":true,"href":"https:\/\/www.koonings.com\/de\/wp-json\/wp\/v2\/productdetails?post=58463"},{"taxonomy":"productneck","embeddable":true,"href":"https:\/\/www.koonings.com\/de\/wp-json\/wp\/v2\/productneck?post=58463"},{"taxonomy":"productcolor","embeddable":true,"href":"https:\/\/www.koonings.com\/de\/wp-json\/wp\/v2\/productcolor?post=58463"},{"taxonomy":"maat","embeddable":true,"href":"https:\/\/www.koonings.com\/de\/wp-json\/wp\/v2\/maat?post=58463"},{"taxonomy":"productsupplier","embeddable":true,"href":"https:\/\/www.koonings.com\/de\/wp-json\/wp\/v2\/productsupplier?post=58463"},{"taxonomy":"productsleeve","embeddable":true,"href":"https:\/\/www.koonings.com\/de\/wp-json\/wp\/v2\/productsleeve?post=58463"},{"taxonomy":"productcategory","embeddable":true,"href":"https:\/\/www.koonings.com\/de\/wp-json\/wp\/v2\/productcategory?post=58463"},{"taxonomy":"productsilhouette","embeddable":true,"href":"https:\/\/www.koonings.com\/de\/wp-json\/wp\/v2\/productsilhouette?post=58463"},{"taxonomy":"productstyle","embeddable":true,"href":"https:\/\/www.koonings.com\/de\/wp-json\/wp\/v2\/productstyle?post=58463"}],"curies":[{"name":"wp","href":"https:\/\/api.w.org\/{rel}","templated":true}]}}