{"id":58385,"date":"2025-12-15T00:26:40","date_gmt":"2025-12-14T23:26:40","guid":{"rendered":"https:\/\/www.koonings.com\/product\/cosmobella-8168\/"},"modified":"2026-02-03T18:33:19","modified_gmt":"2026-02-03T17:33:19","slug":"cosmobella-8168","status":"publish","type":"product","link":"https:\/\/www.koonings.com\/de\/product\/cosmobella-8168\/","title":{"rendered":"Cosmobella 8168"},"content":{"rendered":"<p>Ein durchsichtiges Bustier mit Korsett verleiht dieser bezaubernden Sch\u00f6nheit ein verf\u00fchrerisches Element. Das Modell 8168 verf\u00fcgt \u00fcber zarte Blumenspitze am Mieder mit Sweetheart-Ausschnitt, sichtbare St\u00e4bchen am sexy R\u00fccken und optionale, \u00fcber die Schulter fallende \u00c4rmel. Ein \u00e4therisch glitzernder T\u00fcllrock mit oberschenkelhohem Schlitz sorgt f\u00fcr die perfekte Portion Glitzer. Passende abnehmbare \u00c4rmel (im Lieferumfang enthalten).   <\/p>\n","protected":false},"featured_media":42981,"template":"","meta":{"_acf_changed":false,"ghostkit_customizer_options":"","ghostkit_custom_css":"","ghostkit_custom_js_head":"","ghostkit_custom_js_foot":"","ghostkit_typography":""},"productdetails":[382,377,376,378,381],"productneck":[354,355],"productcolor":[393,392],"maat":[],"productsupplier":[400],"productsleeve":[357,363],"productcategory":[18],"productsilhouette":[384,389],"productstyle":[370],"class_list":["post-58385","product","type-product","status-publish","has-post-thumbnail","hentry","productdetails-382","productdetails-377","productdetails-376","productdetails-378","productdetails-381","productneck-354","productneck-355","productcolor-393","productcolor-392","productsupplier-cosmobella","productsleeve-357","productsleeve-363","productcategory-trouwjurken","productsilhouette-384","productsilhouette-389","productstyle-370"],"acf":[],"yoast_head":"<!-- This site is optimized with the Yoast SEO plugin v27.3 - https:\/\/yoast.com\/product\/yoast-seo-wordpress\/ -->\n<title>Cosmobella 8168 | Koonings<\/title>\n<meta name=\"description\" content=\"Ein durchsichtiges Bustier mit Korsett verleiht dieser bezaubernden Sch\u00f6nheit ein verf\u00fchrerisches Element. Das Modell 8168 verf\u00fcgt \u00fcber zarte Blumenspitze am Mieder mit Sweetheart-Ausschnitt, sichtbare St\u00e4bchen am sexy R\u00fccken und optionale, \u00fcber die Schulter fallende \u00c4rmel. Ein \u00e4therisch glitzernder T\u00fcllrock mit oberschenkelhohem Schlitz sorgt f\u00fcr die perfekte Portion Glitzer. Passende abnehmbare \u00c4rmel (im Lieferumfang enthalten).\" \/>\n<meta name=\"robots\" content=\"index, follow, max-snippet:-1, max-image-preview:large, max-video-preview:-1\" \/>\n<link rel=\"canonical\" href=\"https:\/\/www.koonings.com\/de\/product\/cosmobella-8168\/\" \/>\n<meta property=\"og:locale\" content=\"de_DE\" \/>\n<meta property=\"og:type\" content=\"article\" \/>\n<meta property=\"og:title\" content=\"Cosmobella 8168 | Koonings\" \/>\n<meta property=\"og:description\" content=\"Ein durchsichtiges Bustier mit Korsett verleiht dieser bezaubernden Sch\u00f6nheit ein verf\u00fchrerisches Element. Das Modell 8168 verf\u00fcgt \u00fcber zarte Blumenspitze am Mieder mit Sweetheart-Ausschnitt, sichtbare St\u00e4bchen am sexy R\u00fccken und optionale, \u00fcber die Schulter fallende \u00c4rmel. Ein \u00e4therisch glitzernder T\u00fcllrock mit oberschenkelhohem Schlitz sorgt f\u00fcr die perfekte Portion Glitzer. Passende abnehmbare \u00c4rmel (im Lieferumfang enthalten).\" \/>\n<meta property=\"og:url\" content=\"https:\/\/www.koonings.com\/de\/product\/cosmobella-8168\/\" \/>\n<meta property=\"og:site_name\" content=\"Koonings\" \/>\n<meta property=\"article:publisher\" content=\"https:\/\/www.facebook.com\/kooningstheweddingpalace\" \/>\n<meta property=\"article:modified_time\" content=\"2026-02-03T17:33:19+00:00\" \/>\n<meta property=\"og:image\" content=\"https:\/\/www.koonings.com\/wp-content\/uploads\/2024\/11\/39817_6ff2ef7d3c66c5267e8cb14ebe649e47041b23263dac5792b48937b5eb87485de94f9dcd-scaled.jpeg\" \/>\n\t<meta property=\"og:image:width\" content=\"1807\" \/>\n\t<meta property=\"og:image:height\" content=\"2560\" \/>\n\t<meta property=\"og:image:type\" content=\"image\/jpeg\" \/>\n<meta name=\"twitter:card\" content=\"summary_large_image\" \/>\n<script type=\"application\/ld+json\" class=\"yoast-schema-graph\">{\"@context\":\"https:\\\/\\\/schema.org\",\"@graph\":[{\"@type\":\"WebPage\",\"@id\":\"https:\\\/\\\/www.koonings.com\\\/de\\\/product\\\/cosmobella-8168\\\/\",\"url\":\"https:\\\/\\\/www.koonings.com\\\/de\\\/product\\\/cosmobella-8168\\\/\",\"name\":\"Cosmobella 8168 | Koonings\",\"isPartOf\":{\"@id\":\"https:\\\/\\\/www.koonings.com\\\/de\\\/#website\"},\"primaryImageOfPage\":{\"@id\":\"https:\\\/\\\/www.koonings.com\\\/de\\\/product\\\/cosmobella-8168\\\/#primaryimage\"},\"image\":{\"@id\":\"https:\\\/\\\/www.koonings.com\\\/de\\\/product\\\/cosmobella-8168\\\/#primaryimage\"},\"thumbnailUrl\":\"https:\\\/\\\/www.koonings.com\\\/wp-content\\\/uploads\\\/2024\\\/11\\\/39817_6ff2ef7d3c66c5267e8cb14ebe649e47041b23263dac5792b48937b5eb87485de94f9dcd-scaled.jpeg\",\"datePublished\":\"2025-12-14T23:26:40+00:00\",\"dateModified\":\"2026-02-03T17:33:19+00:00\",\"description\":\"Ein durchsichtiges Bustier mit Korsett verleiht dieser bezaubernden Sch\u00f6nheit ein verf\u00fchrerisches Element. Das Modell 8168 verf\u00fcgt \u00fcber zarte Blumenspitze am Mieder mit Sweetheart-Ausschnitt, sichtbare St\u00e4bchen am sexy R\u00fccken und optionale, \u00fcber die Schulter fallende \u00c4rmel. Ein \u00e4therisch glitzernder T\u00fcllrock mit oberschenkelhohem Schlitz sorgt f\u00fcr die perfekte Portion Glitzer. Passende abnehmbare \u00c4rmel (im Lieferumfang enthalten).\",\"breadcrumb\":{\"@id\":\"https:\\\/\\\/www.koonings.com\\\/de\\\/product\\\/cosmobella-8168\\\/#breadcrumb\"},\"inLanguage\":\"de\",\"potentialAction\":[{\"@type\":\"ReadAction\",\"target\":[\"https:\\\/\\\/www.koonings.com\\\/de\\\/product\\\/cosmobella-8168\\\/\"]}]},{\"@type\":\"ImageObject\",\"inLanguage\":\"de\",\"@id\":\"https:\\\/\\\/www.koonings.com\\\/de\\\/product\\\/cosmobella-8168\\\/#primaryimage\",\"url\":\"https:\\\/\\\/www.koonings.com\\\/wp-content\\\/uploads\\\/2024\\\/11\\\/39817_6ff2ef7d3c66c5267e8cb14ebe649e47041b23263dac5792b48937b5eb87485de94f9dcd-scaled.jpeg\",\"contentUrl\":\"https:\\\/\\\/www.koonings.com\\\/wp-content\\\/uploads\\\/2024\\\/11\\\/39817_6ff2ef7d3c66c5267e8cb14ebe649e47041b23263dac5792b48937b5eb87485de94f9dcd-scaled.jpeg\",\"width\":1807,\"height\":2560},{\"@type\":\"BreadcrumbList\",\"@id\":\"https:\\\/\\\/www.koonings.com\\\/de\\\/product\\\/cosmobella-8168\\\/#breadcrumb\",\"itemListElement\":[{\"@type\":\"ListItem\",\"position\":1,\"name\":\"Home\",\"item\":\"https:\\\/\\\/www.koonings.com\\\/de\\\/\"},{\"@type\":\"ListItem\",\"position\":2,\"name\":\"Cosmobella 8168\"}]},{\"@type\":\"WebSite\",\"@id\":\"https:\\\/\\\/www.koonings.com\\\/de\\\/#website\",\"url\":\"https:\\\/\\\/www.koonings.com\\\/de\\\/\",\"name\":\"Koonings\",\"description\":\"De grootste bruidsmodewinkel ter wereld\",\"publisher\":{\"@id\":\"https:\\\/\\\/www.koonings.com\\\/de\\\/#organization\"},\"potentialAction\":[{\"@type\":\"SearchAction\",\"target\":{\"@type\":\"EntryPoint\",\"urlTemplate\":\"https:\\\/\\\/www.koonings.com\\\/de\\\/?s={search_term_string}\"},\"query-input\":{\"@type\":\"PropertyValueSpecification\",\"valueRequired\":true,\"valueName\":\"search_term_string\"}}],\"inLanguage\":\"de\"},{\"@type\":\"Organization\",\"@id\":\"https:\\\/\\\/www.koonings.com\\\/de\\\/#organization\",\"name\":\"Koonings\",\"url\":\"https:\\\/\\\/www.koonings.com\\\/de\\\/\",\"logo\":{\"@type\":\"ImageObject\",\"inLanguage\":\"de\",\"@id\":\"https:\\\/\\\/www.koonings.com\\\/de\\\/#\\\/schema\\\/logo\\\/image\\\/\",\"url\":\"https:\\\/\\\/www.koonings.com\\\/wp-content\\\/uploads\\\/2024\\\/07\\\/logo.png\",\"contentUrl\":\"https:\\\/\\\/www.koonings.com\\\/wp-content\\\/uploads\\\/2024\\\/07\\\/logo.png\",\"width\":600,\"height\":428,\"caption\":\"Koonings\"},\"image\":{\"@id\":\"https:\\\/\\\/www.koonings.com\\\/de\\\/#\\\/schema\\\/logo\\\/image\\\/\"},\"sameAs\":[\"https:\\\/\\\/www.facebook.com\\\/kooningstheweddingpalace\",\"https:\\\/\\\/www.instagram.com\\\/kooningstheweddingpalace\",\"https:\\\/\\\/www.pinterest.com\\\/koonings\",\"https:\\\/\\\/www.youtube.com\\\/kooningstheweddingpalace\"]}]}<\/script>\n<!-- \/ Yoast SEO plugin. -->","yoast_head_json":{"title":"Cosmobella 8168 | Koonings","description":"Ein durchsichtiges Bustier mit Korsett verleiht dieser bezaubernden Sch\u00f6nheit ein verf\u00fchrerisches Element. Das Modell 8168 verf\u00fcgt \u00fcber zarte Blumenspitze am Mieder mit Sweetheart-Ausschnitt, sichtbare St\u00e4bchen am sexy R\u00fccken und optionale, \u00fcber die Schulter fallende \u00c4rmel. Ein \u00e4therisch glitzernder T\u00fcllrock mit oberschenkelhohem Schlitz sorgt f\u00fcr die perfekte Portion Glitzer. Passende abnehmbare \u00c4rmel (im Lieferumfang enthalten).","robots":{"index":"index","follow":"follow","max-snippet":"max-snippet:-1","max-image-preview":"max-image-preview:large","max-video-preview":"max-video-preview:-1"},"canonical":"https:\/\/www.koonings.com\/de\/product\/cosmobella-8168\/","og_locale":"de_DE","og_type":"article","og_title":"Cosmobella 8168 | Koonings","og_description":"Ein durchsichtiges Bustier mit Korsett verleiht dieser bezaubernden Sch\u00f6nheit ein verf\u00fchrerisches Element. Das Modell 8168 verf\u00fcgt \u00fcber zarte Blumenspitze am Mieder mit Sweetheart-Ausschnitt, sichtbare St\u00e4bchen am sexy R\u00fccken und optionale, \u00fcber die Schulter fallende \u00c4rmel. Ein \u00e4therisch glitzernder T\u00fcllrock mit oberschenkelhohem Schlitz sorgt f\u00fcr die perfekte Portion Glitzer. Passende abnehmbare \u00c4rmel (im Lieferumfang enthalten).","og_url":"https:\/\/www.koonings.com\/de\/product\/cosmobella-8168\/","og_site_name":"Koonings","article_publisher":"https:\/\/www.facebook.com\/kooningstheweddingpalace","article_modified_time":"2026-02-03T17:33:19+00:00","og_image":[{"width":1807,"height":2560,"url":"https:\/\/www.koonings.com\/wp-content\/uploads\/2024\/11\/39817_6ff2ef7d3c66c5267e8cb14ebe649e47041b23263dac5792b48937b5eb87485de94f9dcd-scaled.jpeg","type":"image\/jpeg"}],"twitter_card":"summary_large_image","schema":{"@context":"https:\/\/schema.org","@graph":[{"@type":"WebPage","@id":"https:\/\/www.koonings.com\/de\/product\/cosmobella-8168\/","url":"https:\/\/www.koonings.com\/de\/product\/cosmobella-8168\/","name":"Cosmobella 8168 | Koonings","isPartOf":{"@id":"https:\/\/www.koonings.com\/de\/#website"},"primaryImageOfPage":{"@id":"https:\/\/www.koonings.com\/de\/product\/cosmobella-8168\/#primaryimage"},"image":{"@id":"https:\/\/www.koonings.com\/de\/product\/cosmobella-8168\/#primaryimage"},"thumbnailUrl":"https:\/\/www.koonings.com\/wp-content\/uploads\/2024\/11\/39817_6ff2ef7d3c66c5267e8cb14ebe649e47041b23263dac5792b48937b5eb87485de94f9dcd-scaled.jpeg","datePublished":"2025-12-14T23:26:40+00:00","dateModified":"2026-02-03T17:33:19+00:00","description":"Ein durchsichtiges Bustier mit Korsett verleiht dieser bezaubernden Sch\u00f6nheit ein verf\u00fchrerisches Element. Das Modell 8168 verf\u00fcgt \u00fcber zarte Blumenspitze am Mieder mit Sweetheart-Ausschnitt, sichtbare St\u00e4bchen am sexy R\u00fccken und optionale, \u00fcber die Schulter fallende \u00c4rmel. Ein \u00e4therisch glitzernder T\u00fcllrock mit oberschenkelhohem Schlitz sorgt f\u00fcr die perfekte Portion Glitzer. Passende abnehmbare \u00c4rmel (im Lieferumfang enthalten).","breadcrumb":{"@id":"https:\/\/www.koonings.com\/de\/product\/cosmobella-8168\/#breadcrumb"},"inLanguage":"de","potentialAction":[{"@type":"ReadAction","target":["https:\/\/www.koonings.com\/de\/product\/cosmobella-8168\/"]}]},{"@type":"ImageObject","inLanguage":"de","@id":"https:\/\/www.koonings.com\/de\/product\/cosmobella-8168\/#primaryimage","url":"https:\/\/www.koonings.com\/wp-content\/uploads\/2024\/11\/39817_6ff2ef7d3c66c5267e8cb14ebe649e47041b23263dac5792b48937b5eb87485de94f9dcd-scaled.jpeg","contentUrl":"https:\/\/www.koonings.com\/wp-content\/uploads\/2024\/11\/39817_6ff2ef7d3c66c5267e8cb14ebe649e47041b23263dac5792b48937b5eb87485de94f9dcd-scaled.jpeg","width":1807,"height":2560},{"@type":"BreadcrumbList","@id":"https:\/\/www.koonings.com\/de\/product\/cosmobella-8168\/#breadcrumb","itemListElement":[{"@type":"ListItem","position":1,"name":"Home","item":"https:\/\/www.koonings.com\/de\/"},{"@type":"ListItem","position":2,"name":"Cosmobella 8168"}]},{"@type":"WebSite","@id":"https:\/\/www.koonings.com\/de\/#website","url":"https:\/\/www.koonings.com\/de\/","name":"Koonings","description":"De grootste bruidsmodewinkel ter wereld","publisher":{"@id":"https:\/\/www.koonings.com\/de\/#organization"},"potentialAction":[{"@type":"SearchAction","target":{"@type":"EntryPoint","urlTemplate":"https:\/\/www.koonings.com\/de\/?s={search_term_string}"},"query-input":{"@type":"PropertyValueSpecification","valueRequired":true,"valueName":"search_term_string"}}],"inLanguage":"de"},{"@type":"Organization","@id":"https:\/\/www.koonings.com\/de\/#organization","name":"Koonings","url":"https:\/\/www.koonings.com\/de\/","logo":{"@type":"ImageObject","inLanguage":"de","@id":"https:\/\/www.koonings.com\/de\/#\/schema\/logo\/image\/","url":"https:\/\/www.koonings.com\/wp-content\/uploads\/2024\/07\/logo.png","contentUrl":"https:\/\/www.koonings.com\/wp-content\/uploads\/2024\/07\/logo.png","width":600,"height":428,"caption":"Koonings"},"image":{"@id":"https:\/\/www.koonings.com\/de\/#\/schema\/logo\/image\/"},"sameAs":["https:\/\/www.facebook.com\/kooningstheweddingpalace","https:\/\/www.instagram.com\/kooningstheweddingpalace","https:\/\/www.pinterest.com\/koonings","https:\/\/www.youtube.com\/kooningstheweddingpalace"]}]}},"_links":{"self":[{"href":"https:\/\/www.koonings.com\/de\/wp-json\/wp\/v2\/product\/58385","targetHints":{"allow":["GET"]}}],"collection":[{"href":"https:\/\/www.koonings.com\/de\/wp-json\/wp\/v2\/product"}],"about":[{"href":"https:\/\/www.koonings.com\/de\/wp-json\/wp\/v2\/types\/product"}],"wp:featuredmedia":[{"embeddable":true,"href":"https:\/\/www.koonings.com\/de\/wp-json\/wp\/v2\/media\/42981"}],"wp:attachment":[{"href":"https:\/\/www.koonings.com\/de\/wp-json\/wp\/v2\/media?parent=58385"}],"wp:term":[{"taxonomy":"productdetails","embeddable":true,"href":"https:\/\/www.koonings.com\/de\/wp-json\/wp\/v2\/productdetails?post=58385"},{"taxonomy":"productneck","embeddable":true,"href":"https:\/\/www.koonings.com\/de\/wp-json\/wp\/v2\/productneck?post=58385"},{"taxonomy":"productcolor","embeddable":true,"href":"https:\/\/www.koonings.com\/de\/wp-json\/wp\/v2\/productcolor?post=58385"},{"taxonomy":"maat","embeddable":true,"href":"https:\/\/www.koonings.com\/de\/wp-json\/wp\/v2\/maat?post=58385"},{"taxonomy":"productsupplier","embeddable":true,"href":"https:\/\/www.koonings.com\/de\/wp-json\/wp\/v2\/productsupplier?post=58385"},{"taxonomy":"productsleeve","embeddable":true,"href":"https:\/\/www.koonings.com\/de\/wp-json\/wp\/v2\/productsleeve?post=58385"},{"taxonomy":"productcategory","embeddable":true,"href":"https:\/\/www.koonings.com\/de\/wp-json\/wp\/v2\/productcategory?post=58385"},{"taxonomy":"productsilhouette","embeddable":true,"href":"https:\/\/www.koonings.com\/de\/wp-json\/wp\/v2\/productsilhouette?post=58385"},{"taxonomy":"productstyle","embeddable":true,"href":"https:\/\/www.koonings.com\/de\/wp-json\/wp\/v2\/productstyle?post=58385"}],"curies":[{"name":"wp","href":"https:\/\/api.w.org\/{rel}","templated":true}]}}