{"id":58369,"date":"2026-05-06T15:16:17","date_gmt":"2026-05-06T13:16:17","guid":{"rendered":"https:\/\/www.koonings.com\/product\/cosmobella-8195\/"},"modified":"2025-06-05T12:45:19","modified_gmt":"2025-06-05T10:45:19","slug":"cosmobella-8195","status":"publish","type":"product","link":"https:\/\/www.koonings.com\/de\/product\/cosmobella-8195\/","title":{"rendered":"Cosmobella 8195"},"content":{"rendered":"<p>Das hinrei\u00dfende Modell 8195 ist der Inbegriff von \u00e4therischem, romantischem Glamour. Schimmernder T\u00fcll ist mit aufwendig gearbeiteter Perlenspitze verziert und die skurrilen schulterfreien \u00c4rmel betonen das verf\u00fchrerische Mieder mit herzf\u00f6rmigem Ausschnitt. Passender Schleier V256 (separat erh\u00e4ltlich).  <\/p>\n","protected":false},"featured_media":43161,"template":"","meta":{"_acf_changed":false,"ghostkit_customizer_options":"","ghostkit_custom_css":"","ghostkit_custom_js_head":"","ghostkit_custom_js_foot":"","ghostkit_typography":""},"productdetails":[377,376,381],"productneck":[355],"productcolor":[393,392],"maat":[],"productsupplier":[400],"productsleeve":[363],"productcategory":[18],"productsilhouette":[384],"productstyle":[369,366],"class_list":["post-58369","product","type-product","status-publish","has-post-thumbnail","hentry","productdetails-377","productdetails-376","productdetails-381","productneck-355","productcolor-393","productcolor-392","productsupplier-cosmobella","productsleeve-363","productcategory-trouwjurken","productsilhouette-384","productstyle-369","productstyle-366"],"acf":[],"yoast_head":"<!-- This site is optimized with the Yoast SEO plugin v27.3 - https:\/\/yoast.com\/product\/yoast-seo-wordpress\/ -->\n<title>Cosmobella 8195 | Koonings<\/title>\n<meta name=\"description\" content=\"Das hinrei\u00dfende Modell 8195 ist der Inbegriff von \u00e4therischem, romantischem Glamour. Schimmernder T\u00fcll ist mit aufwendig gearbeiteter Perlenspitze verziert und die skurrilen schulterfreien \u00c4rmel betonen das verf\u00fchrerische Mieder mit herzf\u00f6rmigem Ausschnitt. Passender Schleier V256 (separat erh\u00e4ltlich).\" \/>\n<meta name=\"robots\" content=\"index, follow, max-snippet:-1, max-image-preview:large, max-video-preview:-1\" \/>\n<link rel=\"canonical\" href=\"https:\/\/www.koonings.com\/de\/product\/cosmobella-8195\/\" \/>\n<meta property=\"og:locale\" content=\"de_DE\" \/>\n<meta property=\"og:type\" content=\"article\" \/>\n<meta property=\"og:title\" content=\"Cosmobella 8195 | Koonings\" \/>\n<meta property=\"og:description\" content=\"Das hinrei\u00dfende Modell 8195 ist der Inbegriff von \u00e4therischem, romantischem Glamour. Schimmernder T\u00fcll ist mit aufwendig gearbeiteter Perlenspitze verziert und die skurrilen schulterfreien \u00c4rmel betonen das verf\u00fchrerische Mieder mit herzf\u00f6rmigem Ausschnitt. Passender Schleier V256 (separat erh\u00e4ltlich).\" \/>\n<meta property=\"og:url\" content=\"https:\/\/www.koonings.com\/de\/product\/cosmobella-8195\/\" \/>\n<meta property=\"og:site_name\" content=\"Koonings\" \/>\n<meta property=\"article:publisher\" content=\"https:\/\/www.facebook.com\/kooningstheweddingpalace\" \/>\n<meta property=\"og:image\" content=\"https:\/\/www.koonings.com\/wp-content\/uploads\/2024\/11\/39829_9d428937d7bd75d82eb699d31dde8febfd3f93ab44e699ca5d10c9149eee3979b8993730-scaled.jpeg\" \/>\n\t<meta property=\"og:image:width\" content=\"1811\" \/>\n\t<meta property=\"og:image:height\" content=\"2560\" \/>\n\t<meta property=\"og:image:type\" content=\"image\/jpeg\" \/>\n<meta name=\"twitter:card\" content=\"summary_large_image\" \/>\n<script type=\"application\/ld+json\" class=\"yoast-schema-graph\">{\"@context\":\"https:\\\/\\\/schema.org\",\"@graph\":[{\"@type\":\"WebPage\",\"@id\":\"https:\\\/\\\/www.koonings.com\\\/de\\\/product\\\/cosmobella-8195\\\/\",\"url\":\"https:\\\/\\\/www.koonings.com\\\/de\\\/product\\\/cosmobella-8195\\\/\",\"name\":\"Cosmobella 8195 | Koonings\",\"isPartOf\":{\"@id\":\"https:\\\/\\\/www.koonings.com\\\/de\\\/#website\"},\"primaryImageOfPage\":{\"@id\":\"https:\\\/\\\/www.koonings.com\\\/de\\\/product\\\/cosmobella-8195\\\/#primaryimage\"},\"image\":{\"@id\":\"https:\\\/\\\/www.koonings.com\\\/de\\\/product\\\/cosmobella-8195\\\/#primaryimage\"},\"thumbnailUrl\":\"https:\\\/\\\/www.koonings.com\\\/wp-content\\\/uploads\\\/2024\\\/11\\\/39829_9d428937d7bd75d82eb699d31dde8febfd3f93ab44e699ca5d10c9149eee3979b8993730-scaled.jpeg\",\"datePublished\":\"2026-05-06T13:16:17+00:00\",\"description\":\"Das hinrei\u00dfende Modell 8195 ist der Inbegriff von \u00e4therischem, romantischem Glamour. Schimmernder T\u00fcll ist mit aufwendig gearbeiteter Perlenspitze verziert und die skurrilen schulterfreien \u00c4rmel betonen das verf\u00fchrerische Mieder mit herzf\u00f6rmigem Ausschnitt. Passender Schleier V256 (separat erh\u00e4ltlich).\",\"breadcrumb\":{\"@id\":\"https:\\\/\\\/www.koonings.com\\\/de\\\/product\\\/cosmobella-8195\\\/#breadcrumb\"},\"inLanguage\":\"de\",\"potentialAction\":[{\"@type\":\"ReadAction\",\"target\":[\"https:\\\/\\\/www.koonings.com\\\/de\\\/product\\\/cosmobella-8195\\\/\"]}]},{\"@type\":\"ImageObject\",\"inLanguage\":\"de\",\"@id\":\"https:\\\/\\\/www.koonings.com\\\/de\\\/product\\\/cosmobella-8195\\\/#primaryimage\",\"url\":\"https:\\\/\\\/www.koonings.com\\\/wp-content\\\/uploads\\\/2024\\\/11\\\/39829_9d428937d7bd75d82eb699d31dde8febfd3f93ab44e699ca5d10c9149eee3979b8993730-scaled.jpeg\",\"contentUrl\":\"https:\\\/\\\/www.koonings.com\\\/wp-content\\\/uploads\\\/2024\\\/11\\\/39829_9d428937d7bd75d82eb699d31dde8febfd3f93ab44e699ca5d10c9149eee3979b8993730-scaled.jpeg\",\"width\":1811,\"height\":2560},{\"@type\":\"BreadcrumbList\",\"@id\":\"https:\\\/\\\/www.koonings.com\\\/de\\\/product\\\/cosmobella-8195\\\/#breadcrumb\",\"itemListElement\":[{\"@type\":\"ListItem\",\"position\":1,\"name\":\"Home\",\"item\":\"https:\\\/\\\/www.koonings.com\\\/de\\\/\"},{\"@type\":\"ListItem\",\"position\":2,\"name\":\"Cosmobella 8195\"}]},{\"@type\":\"WebSite\",\"@id\":\"https:\\\/\\\/www.koonings.com\\\/de\\\/#website\",\"url\":\"https:\\\/\\\/www.koonings.com\\\/de\\\/\",\"name\":\"Koonings\",\"description\":\"De grootste bruidsmodewinkel ter wereld\",\"publisher\":{\"@id\":\"https:\\\/\\\/www.koonings.com\\\/de\\\/#organization\"},\"potentialAction\":[{\"@type\":\"SearchAction\",\"target\":{\"@type\":\"EntryPoint\",\"urlTemplate\":\"https:\\\/\\\/www.koonings.com\\\/de\\\/?s={search_term_string}\"},\"query-input\":{\"@type\":\"PropertyValueSpecification\",\"valueRequired\":true,\"valueName\":\"search_term_string\"}}],\"inLanguage\":\"de\"},{\"@type\":\"Organization\",\"@id\":\"https:\\\/\\\/www.koonings.com\\\/de\\\/#organization\",\"name\":\"Koonings\",\"url\":\"https:\\\/\\\/www.koonings.com\\\/de\\\/\",\"logo\":{\"@type\":\"ImageObject\",\"inLanguage\":\"de\",\"@id\":\"https:\\\/\\\/www.koonings.com\\\/de\\\/#\\\/schema\\\/logo\\\/image\\\/\",\"url\":\"https:\\\/\\\/www.koonings.com\\\/wp-content\\\/uploads\\\/2024\\\/07\\\/logo.png\",\"contentUrl\":\"https:\\\/\\\/www.koonings.com\\\/wp-content\\\/uploads\\\/2024\\\/07\\\/logo.png\",\"width\":600,\"height\":428,\"caption\":\"Koonings\"},\"image\":{\"@id\":\"https:\\\/\\\/www.koonings.com\\\/de\\\/#\\\/schema\\\/logo\\\/image\\\/\"},\"sameAs\":[\"https:\\\/\\\/www.facebook.com\\\/kooningstheweddingpalace\",\"https:\\\/\\\/www.instagram.com\\\/kooningstheweddingpalace\",\"https:\\\/\\\/www.pinterest.com\\\/koonings\",\"https:\\\/\\\/www.youtube.com\\\/kooningstheweddingpalace\"]}]}<\/script>\n<!-- \/ Yoast SEO plugin. -->","yoast_head_json":{"title":"Cosmobella 8195 | Koonings","description":"Das hinrei\u00dfende Modell 8195 ist der Inbegriff von \u00e4therischem, romantischem Glamour. Schimmernder T\u00fcll ist mit aufwendig gearbeiteter Perlenspitze verziert und die skurrilen schulterfreien \u00c4rmel betonen das verf\u00fchrerische Mieder mit herzf\u00f6rmigem Ausschnitt. Passender Schleier V256 (separat erh\u00e4ltlich).","robots":{"index":"index","follow":"follow","max-snippet":"max-snippet:-1","max-image-preview":"max-image-preview:large","max-video-preview":"max-video-preview:-1"},"canonical":"https:\/\/www.koonings.com\/de\/product\/cosmobella-8195\/","og_locale":"de_DE","og_type":"article","og_title":"Cosmobella 8195 | Koonings","og_description":"Das hinrei\u00dfende Modell 8195 ist der Inbegriff von \u00e4therischem, romantischem Glamour. Schimmernder T\u00fcll ist mit aufwendig gearbeiteter Perlenspitze verziert und die skurrilen schulterfreien \u00c4rmel betonen das verf\u00fchrerische Mieder mit herzf\u00f6rmigem Ausschnitt. Passender Schleier V256 (separat erh\u00e4ltlich).","og_url":"https:\/\/www.koonings.com\/de\/product\/cosmobella-8195\/","og_site_name":"Koonings","article_publisher":"https:\/\/www.facebook.com\/kooningstheweddingpalace","og_image":[{"width":1811,"height":2560,"url":"https:\/\/www.koonings.com\/wp-content\/uploads\/2024\/11\/39829_9d428937d7bd75d82eb699d31dde8febfd3f93ab44e699ca5d10c9149eee3979b8993730-scaled.jpeg","type":"image\/jpeg"}],"twitter_card":"summary_large_image","schema":{"@context":"https:\/\/schema.org","@graph":[{"@type":"WebPage","@id":"https:\/\/www.koonings.com\/de\/product\/cosmobella-8195\/","url":"https:\/\/www.koonings.com\/de\/product\/cosmobella-8195\/","name":"Cosmobella 8195 | Koonings","isPartOf":{"@id":"https:\/\/www.koonings.com\/de\/#website"},"primaryImageOfPage":{"@id":"https:\/\/www.koonings.com\/de\/product\/cosmobella-8195\/#primaryimage"},"image":{"@id":"https:\/\/www.koonings.com\/de\/product\/cosmobella-8195\/#primaryimage"},"thumbnailUrl":"https:\/\/www.koonings.com\/wp-content\/uploads\/2024\/11\/39829_9d428937d7bd75d82eb699d31dde8febfd3f93ab44e699ca5d10c9149eee3979b8993730-scaled.jpeg","datePublished":"2026-05-06T13:16:17+00:00","description":"Das hinrei\u00dfende Modell 8195 ist der Inbegriff von \u00e4therischem, romantischem Glamour. Schimmernder T\u00fcll ist mit aufwendig gearbeiteter Perlenspitze verziert und die skurrilen schulterfreien \u00c4rmel betonen das verf\u00fchrerische Mieder mit herzf\u00f6rmigem Ausschnitt. Passender Schleier V256 (separat erh\u00e4ltlich).","breadcrumb":{"@id":"https:\/\/www.koonings.com\/de\/product\/cosmobella-8195\/#breadcrumb"},"inLanguage":"de","potentialAction":[{"@type":"ReadAction","target":["https:\/\/www.koonings.com\/de\/product\/cosmobella-8195\/"]}]},{"@type":"ImageObject","inLanguage":"de","@id":"https:\/\/www.koonings.com\/de\/product\/cosmobella-8195\/#primaryimage","url":"https:\/\/www.koonings.com\/wp-content\/uploads\/2024\/11\/39829_9d428937d7bd75d82eb699d31dde8febfd3f93ab44e699ca5d10c9149eee3979b8993730-scaled.jpeg","contentUrl":"https:\/\/www.koonings.com\/wp-content\/uploads\/2024\/11\/39829_9d428937d7bd75d82eb699d31dde8febfd3f93ab44e699ca5d10c9149eee3979b8993730-scaled.jpeg","width":1811,"height":2560},{"@type":"BreadcrumbList","@id":"https:\/\/www.koonings.com\/de\/product\/cosmobella-8195\/#breadcrumb","itemListElement":[{"@type":"ListItem","position":1,"name":"Home","item":"https:\/\/www.koonings.com\/de\/"},{"@type":"ListItem","position":2,"name":"Cosmobella 8195"}]},{"@type":"WebSite","@id":"https:\/\/www.koonings.com\/de\/#website","url":"https:\/\/www.koonings.com\/de\/","name":"Koonings","description":"De grootste bruidsmodewinkel ter wereld","publisher":{"@id":"https:\/\/www.koonings.com\/de\/#organization"},"potentialAction":[{"@type":"SearchAction","target":{"@type":"EntryPoint","urlTemplate":"https:\/\/www.koonings.com\/de\/?s={search_term_string}"},"query-input":{"@type":"PropertyValueSpecification","valueRequired":true,"valueName":"search_term_string"}}],"inLanguage":"de"},{"@type":"Organization","@id":"https:\/\/www.koonings.com\/de\/#organization","name":"Koonings","url":"https:\/\/www.koonings.com\/de\/","logo":{"@type":"ImageObject","inLanguage":"de","@id":"https:\/\/www.koonings.com\/de\/#\/schema\/logo\/image\/","url":"https:\/\/www.koonings.com\/wp-content\/uploads\/2024\/07\/logo.png","contentUrl":"https:\/\/www.koonings.com\/wp-content\/uploads\/2024\/07\/logo.png","width":600,"height":428,"caption":"Koonings"},"image":{"@id":"https:\/\/www.koonings.com\/de\/#\/schema\/logo\/image\/"},"sameAs":["https:\/\/www.facebook.com\/kooningstheweddingpalace","https:\/\/www.instagram.com\/kooningstheweddingpalace","https:\/\/www.pinterest.com\/koonings","https:\/\/www.youtube.com\/kooningstheweddingpalace"]}]}},"_links":{"self":[{"href":"https:\/\/www.koonings.com\/de\/wp-json\/wp\/v2\/product\/58369","targetHints":{"allow":["GET"]}}],"collection":[{"href":"https:\/\/www.koonings.com\/de\/wp-json\/wp\/v2\/product"}],"about":[{"href":"https:\/\/www.koonings.com\/de\/wp-json\/wp\/v2\/types\/product"}],"wp:featuredmedia":[{"embeddable":true,"href":"https:\/\/www.koonings.com\/de\/wp-json\/wp\/v2\/media\/43161"}],"wp:attachment":[{"href":"https:\/\/www.koonings.com\/de\/wp-json\/wp\/v2\/media?parent=58369"}],"wp:term":[{"taxonomy":"productdetails","embeddable":true,"href":"https:\/\/www.koonings.com\/de\/wp-json\/wp\/v2\/productdetails?post=58369"},{"taxonomy":"productneck","embeddable":true,"href":"https:\/\/www.koonings.com\/de\/wp-json\/wp\/v2\/productneck?post=58369"},{"taxonomy":"productcolor","embeddable":true,"href":"https:\/\/www.koonings.com\/de\/wp-json\/wp\/v2\/productcolor?post=58369"},{"taxonomy":"maat","embeddable":true,"href":"https:\/\/www.koonings.com\/de\/wp-json\/wp\/v2\/maat?post=58369"},{"taxonomy":"productsupplier","embeddable":true,"href":"https:\/\/www.koonings.com\/de\/wp-json\/wp\/v2\/productsupplier?post=58369"},{"taxonomy":"productsleeve","embeddable":true,"href":"https:\/\/www.koonings.com\/de\/wp-json\/wp\/v2\/productsleeve?post=58369"},{"taxonomy":"productcategory","embeddable":true,"href":"https:\/\/www.koonings.com\/de\/wp-json\/wp\/v2\/productcategory?post=58369"},{"taxonomy":"productsilhouette","embeddable":true,"href":"https:\/\/www.koonings.com\/de\/wp-json\/wp\/v2\/productsilhouette?post=58369"},{"taxonomy":"productstyle","embeddable":true,"href":"https:\/\/www.koonings.com\/de\/wp-json\/wp\/v2\/productstyle?post=58369"}],"curies":[{"name":"wp","href":"https:\/\/api.w.org\/{rel}","templated":true}]}}