{"id":58363,"date":"2026-04-14T16:16:43","date_gmt":"2026-04-14T14:16:43","guid":{"rendered":"https:\/\/www.koonings.com\/product\/cosmobella-8196\/"},"modified":"2025-06-05T12:45:23","modified_gmt":"2025-06-05T10:45:23","slug":"cosmobella-8196","status":"publish","type":"product","link":"https:\/\/www.koonings.com\/de\/product\/cosmobella-8196\/","title":{"rendered":"Cosmobella 8196"},"content":{"rendered":"<p>Das Modell 8196 kombiniert moderne Sinnlichkeit mit klassischer Raffinesse. Es besteht aus \u00fcppiger, perlenbesetzter Spitze und glitzerndem T\u00fcll \u00fcber einer kurvigen, ausgestellten Silhouette. Der tr\u00e4gerlose tiefe Ausschnitt geht in einen sexy tiefen R\u00fcckenausschnitt \u00fcber. Passender Schleier V253 (separat erh\u00e4ltlich).  <\/p>\n","protected":false},"featured_media":43178,"template":"","meta":{"_acf_changed":false,"ghostkit_customizer_options":"","ghostkit_custom_css":"","ghostkit_custom_js_head":"","ghostkit_custom_js_foot":"","ghostkit_typography":""},"productdetails":[380,377,376,383],"productneck":[356],"productcolor":[393,392],"maat":[],"productsupplier":[400],"productsleeve":[359],"productcategory":[18],"productsilhouette":[387],"productstyle":[369,370],"class_list":["post-58363","product","type-product","status-publish","has-post-thumbnail","hentry","productdetails-380","productdetails-377","productdetails-376","productdetails-383","productneck-356","productcolor-393","productcolor-392","productsupplier-cosmobella","productsleeve-359","productcategory-trouwjurken","productsilhouette-387","productstyle-369","productstyle-370"],"acf":[],"yoast_head":"<!-- This site is optimized with the Yoast SEO plugin v27.3 - https:\/\/yoast.com\/product\/yoast-seo-wordpress\/ -->\n<title>Cosmobella 8196 | Koonings<\/title>\n<meta name=\"description\" content=\"Das Modell 8196 kombiniert moderne Sinnlichkeit mit klassischer Raffinesse. Es besteht aus \u00fcppiger, perlenbesetzter Spitze und glitzerndem T\u00fcll \u00fcber einer kurvigen, ausgestellten Silhouette. Der tr\u00e4gerlose tiefe Ausschnitt geht in einen sexy tiefen R\u00fcckenausschnitt \u00fcber. Passender Schleier V253 (separat erh\u00e4ltlich).\" \/>\n<meta name=\"robots\" content=\"index, follow, max-snippet:-1, max-image-preview:large, max-video-preview:-1\" \/>\n<link rel=\"canonical\" href=\"https:\/\/www.koonings.com\/de\/product\/cosmobella-8196\/\" \/>\n<meta property=\"og:locale\" content=\"de_DE\" \/>\n<meta property=\"og:type\" content=\"article\" \/>\n<meta property=\"og:title\" content=\"Cosmobella 8196 | Koonings\" \/>\n<meta property=\"og:description\" content=\"Das Modell 8196 kombiniert moderne Sinnlichkeit mit klassischer Raffinesse. Es besteht aus \u00fcppiger, perlenbesetzter Spitze und glitzerndem T\u00fcll \u00fcber einer kurvigen, ausgestellten Silhouette. Der tr\u00e4gerlose tiefe Ausschnitt geht in einen sexy tiefen R\u00fcckenausschnitt \u00fcber. Passender Schleier V253 (separat erh\u00e4ltlich).\" \/>\n<meta property=\"og:url\" content=\"https:\/\/www.koonings.com\/de\/product\/cosmobella-8196\/\" \/>\n<meta property=\"og:site_name\" content=\"Koonings\" \/>\n<meta property=\"article:publisher\" content=\"https:\/\/www.facebook.com\/kooningstheweddingpalace\" \/>\n<meta property=\"og:image\" content=\"https:\/\/www.koonings.com\/wp-content\/uploads\/2024\/11\/39830_d76af3cbf617ef76f65f2a0d660d9e239cb49e1757504e0dcda146ab817823fae327934e-scaled.jpeg\" \/>\n\t<meta property=\"og:image:width\" content=\"1811\" \/>\n\t<meta property=\"og:image:height\" content=\"2560\" \/>\n\t<meta property=\"og:image:type\" content=\"image\/jpeg\" \/>\n<meta name=\"twitter:card\" content=\"summary_large_image\" \/>\n<script type=\"application\/ld+json\" class=\"yoast-schema-graph\">{\"@context\":\"https:\\\/\\\/schema.org\",\"@graph\":[{\"@type\":\"WebPage\",\"@id\":\"https:\\\/\\\/www.koonings.com\\\/de\\\/product\\\/cosmobella-8196\\\/\",\"url\":\"https:\\\/\\\/www.koonings.com\\\/de\\\/product\\\/cosmobella-8196\\\/\",\"name\":\"Cosmobella 8196 | Koonings\",\"isPartOf\":{\"@id\":\"https:\\\/\\\/www.koonings.com\\\/de\\\/#website\"},\"primaryImageOfPage\":{\"@id\":\"https:\\\/\\\/www.koonings.com\\\/de\\\/product\\\/cosmobella-8196\\\/#primaryimage\"},\"image\":{\"@id\":\"https:\\\/\\\/www.koonings.com\\\/de\\\/product\\\/cosmobella-8196\\\/#primaryimage\"},\"thumbnailUrl\":\"https:\\\/\\\/www.koonings.com\\\/wp-content\\\/uploads\\\/2024\\\/11\\\/39830_d76af3cbf617ef76f65f2a0d660d9e239cb49e1757504e0dcda146ab817823fae327934e-scaled.jpeg\",\"datePublished\":\"2026-04-14T14:16:43+00:00\",\"description\":\"Das Modell 8196 kombiniert moderne Sinnlichkeit mit klassischer Raffinesse. Es besteht aus \u00fcppiger, perlenbesetzter Spitze und glitzerndem T\u00fcll \u00fcber einer kurvigen, ausgestellten Silhouette. Der tr\u00e4gerlose tiefe Ausschnitt geht in einen sexy tiefen R\u00fcckenausschnitt \u00fcber. Passender Schleier V253 (separat erh\u00e4ltlich).\",\"breadcrumb\":{\"@id\":\"https:\\\/\\\/www.koonings.com\\\/de\\\/product\\\/cosmobella-8196\\\/#breadcrumb\"},\"inLanguage\":\"de\",\"potentialAction\":[{\"@type\":\"ReadAction\",\"target\":[\"https:\\\/\\\/www.koonings.com\\\/de\\\/product\\\/cosmobella-8196\\\/\"]}]},{\"@type\":\"ImageObject\",\"inLanguage\":\"de\",\"@id\":\"https:\\\/\\\/www.koonings.com\\\/de\\\/product\\\/cosmobella-8196\\\/#primaryimage\",\"url\":\"https:\\\/\\\/www.koonings.com\\\/wp-content\\\/uploads\\\/2024\\\/11\\\/39830_d76af3cbf617ef76f65f2a0d660d9e239cb49e1757504e0dcda146ab817823fae327934e-scaled.jpeg\",\"contentUrl\":\"https:\\\/\\\/www.koonings.com\\\/wp-content\\\/uploads\\\/2024\\\/11\\\/39830_d76af3cbf617ef76f65f2a0d660d9e239cb49e1757504e0dcda146ab817823fae327934e-scaled.jpeg\",\"width\":1811,\"height\":2560},{\"@type\":\"BreadcrumbList\",\"@id\":\"https:\\\/\\\/www.koonings.com\\\/de\\\/product\\\/cosmobella-8196\\\/#breadcrumb\",\"itemListElement\":[{\"@type\":\"ListItem\",\"position\":1,\"name\":\"Home\",\"item\":\"https:\\\/\\\/www.koonings.com\\\/de\\\/\"},{\"@type\":\"ListItem\",\"position\":2,\"name\":\"Cosmobella 8196\"}]},{\"@type\":\"WebSite\",\"@id\":\"https:\\\/\\\/www.koonings.com\\\/de\\\/#website\",\"url\":\"https:\\\/\\\/www.koonings.com\\\/de\\\/\",\"name\":\"Koonings\",\"description\":\"De grootste bruidsmodewinkel ter wereld\",\"publisher\":{\"@id\":\"https:\\\/\\\/www.koonings.com\\\/de\\\/#organization\"},\"potentialAction\":[{\"@type\":\"SearchAction\",\"target\":{\"@type\":\"EntryPoint\",\"urlTemplate\":\"https:\\\/\\\/www.koonings.com\\\/de\\\/?s={search_term_string}\"},\"query-input\":{\"@type\":\"PropertyValueSpecification\",\"valueRequired\":true,\"valueName\":\"search_term_string\"}}],\"inLanguage\":\"de\"},{\"@type\":\"Organization\",\"@id\":\"https:\\\/\\\/www.koonings.com\\\/de\\\/#organization\",\"name\":\"Koonings\",\"url\":\"https:\\\/\\\/www.koonings.com\\\/de\\\/\",\"logo\":{\"@type\":\"ImageObject\",\"inLanguage\":\"de\",\"@id\":\"https:\\\/\\\/www.koonings.com\\\/de\\\/#\\\/schema\\\/logo\\\/image\\\/\",\"url\":\"https:\\\/\\\/www.koonings.com\\\/wp-content\\\/uploads\\\/2024\\\/07\\\/logo.png\",\"contentUrl\":\"https:\\\/\\\/www.koonings.com\\\/wp-content\\\/uploads\\\/2024\\\/07\\\/logo.png\",\"width\":600,\"height\":428,\"caption\":\"Koonings\"},\"image\":{\"@id\":\"https:\\\/\\\/www.koonings.com\\\/de\\\/#\\\/schema\\\/logo\\\/image\\\/\"},\"sameAs\":[\"https:\\\/\\\/www.facebook.com\\\/kooningstheweddingpalace\",\"https:\\\/\\\/www.instagram.com\\\/kooningstheweddingpalace\",\"https:\\\/\\\/www.pinterest.com\\\/koonings\",\"https:\\\/\\\/www.youtube.com\\\/kooningstheweddingpalace\"]}]}<\/script>\n<!-- \/ Yoast SEO plugin. -->","yoast_head_json":{"title":"Cosmobella 8196 | Koonings","description":"Das Modell 8196 kombiniert moderne Sinnlichkeit mit klassischer Raffinesse. Es besteht aus \u00fcppiger, perlenbesetzter Spitze und glitzerndem T\u00fcll \u00fcber einer kurvigen, ausgestellten Silhouette. Der tr\u00e4gerlose tiefe Ausschnitt geht in einen sexy tiefen R\u00fcckenausschnitt \u00fcber. Passender Schleier V253 (separat erh\u00e4ltlich).","robots":{"index":"index","follow":"follow","max-snippet":"max-snippet:-1","max-image-preview":"max-image-preview:large","max-video-preview":"max-video-preview:-1"},"canonical":"https:\/\/www.koonings.com\/de\/product\/cosmobella-8196\/","og_locale":"de_DE","og_type":"article","og_title":"Cosmobella 8196 | Koonings","og_description":"Das Modell 8196 kombiniert moderne Sinnlichkeit mit klassischer Raffinesse. Es besteht aus \u00fcppiger, perlenbesetzter Spitze und glitzerndem T\u00fcll \u00fcber einer kurvigen, ausgestellten Silhouette. Der tr\u00e4gerlose tiefe Ausschnitt geht in einen sexy tiefen R\u00fcckenausschnitt \u00fcber. Passender Schleier V253 (separat erh\u00e4ltlich).","og_url":"https:\/\/www.koonings.com\/de\/product\/cosmobella-8196\/","og_site_name":"Koonings","article_publisher":"https:\/\/www.facebook.com\/kooningstheweddingpalace","og_image":[{"width":1811,"height":2560,"url":"https:\/\/www.koonings.com\/wp-content\/uploads\/2024\/11\/39830_d76af3cbf617ef76f65f2a0d660d9e239cb49e1757504e0dcda146ab817823fae327934e-scaled.jpeg","type":"image\/jpeg"}],"twitter_card":"summary_large_image","schema":{"@context":"https:\/\/schema.org","@graph":[{"@type":"WebPage","@id":"https:\/\/www.koonings.com\/de\/product\/cosmobella-8196\/","url":"https:\/\/www.koonings.com\/de\/product\/cosmobella-8196\/","name":"Cosmobella 8196 | Koonings","isPartOf":{"@id":"https:\/\/www.koonings.com\/de\/#website"},"primaryImageOfPage":{"@id":"https:\/\/www.koonings.com\/de\/product\/cosmobella-8196\/#primaryimage"},"image":{"@id":"https:\/\/www.koonings.com\/de\/product\/cosmobella-8196\/#primaryimage"},"thumbnailUrl":"https:\/\/www.koonings.com\/wp-content\/uploads\/2024\/11\/39830_d76af3cbf617ef76f65f2a0d660d9e239cb49e1757504e0dcda146ab817823fae327934e-scaled.jpeg","datePublished":"2026-04-14T14:16:43+00:00","description":"Das Modell 8196 kombiniert moderne Sinnlichkeit mit klassischer Raffinesse. Es besteht aus \u00fcppiger, perlenbesetzter Spitze und glitzerndem T\u00fcll \u00fcber einer kurvigen, ausgestellten Silhouette. Der tr\u00e4gerlose tiefe Ausschnitt geht in einen sexy tiefen R\u00fcckenausschnitt \u00fcber. Passender Schleier V253 (separat erh\u00e4ltlich).","breadcrumb":{"@id":"https:\/\/www.koonings.com\/de\/product\/cosmobella-8196\/#breadcrumb"},"inLanguage":"de","potentialAction":[{"@type":"ReadAction","target":["https:\/\/www.koonings.com\/de\/product\/cosmobella-8196\/"]}]},{"@type":"ImageObject","inLanguage":"de","@id":"https:\/\/www.koonings.com\/de\/product\/cosmobella-8196\/#primaryimage","url":"https:\/\/www.koonings.com\/wp-content\/uploads\/2024\/11\/39830_d76af3cbf617ef76f65f2a0d660d9e239cb49e1757504e0dcda146ab817823fae327934e-scaled.jpeg","contentUrl":"https:\/\/www.koonings.com\/wp-content\/uploads\/2024\/11\/39830_d76af3cbf617ef76f65f2a0d660d9e239cb49e1757504e0dcda146ab817823fae327934e-scaled.jpeg","width":1811,"height":2560},{"@type":"BreadcrumbList","@id":"https:\/\/www.koonings.com\/de\/product\/cosmobella-8196\/#breadcrumb","itemListElement":[{"@type":"ListItem","position":1,"name":"Home","item":"https:\/\/www.koonings.com\/de\/"},{"@type":"ListItem","position":2,"name":"Cosmobella 8196"}]},{"@type":"WebSite","@id":"https:\/\/www.koonings.com\/de\/#website","url":"https:\/\/www.koonings.com\/de\/","name":"Koonings","description":"De grootste bruidsmodewinkel ter wereld","publisher":{"@id":"https:\/\/www.koonings.com\/de\/#organization"},"potentialAction":[{"@type":"SearchAction","target":{"@type":"EntryPoint","urlTemplate":"https:\/\/www.koonings.com\/de\/?s={search_term_string}"},"query-input":{"@type":"PropertyValueSpecification","valueRequired":true,"valueName":"search_term_string"}}],"inLanguage":"de"},{"@type":"Organization","@id":"https:\/\/www.koonings.com\/de\/#organization","name":"Koonings","url":"https:\/\/www.koonings.com\/de\/","logo":{"@type":"ImageObject","inLanguage":"de","@id":"https:\/\/www.koonings.com\/de\/#\/schema\/logo\/image\/","url":"https:\/\/www.koonings.com\/wp-content\/uploads\/2024\/07\/logo.png","contentUrl":"https:\/\/www.koonings.com\/wp-content\/uploads\/2024\/07\/logo.png","width":600,"height":428,"caption":"Koonings"},"image":{"@id":"https:\/\/www.koonings.com\/de\/#\/schema\/logo\/image\/"},"sameAs":["https:\/\/www.facebook.com\/kooningstheweddingpalace","https:\/\/www.instagram.com\/kooningstheweddingpalace","https:\/\/www.pinterest.com\/koonings","https:\/\/www.youtube.com\/kooningstheweddingpalace"]}]}},"_links":{"self":[{"href":"https:\/\/www.koonings.com\/de\/wp-json\/wp\/v2\/product\/58363","targetHints":{"allow":["GET"]}}],"collection":[{"href":"https:\/\/www.koonings.com\/de\/wp-json\/wp\/v2\/product"}],"about":[{"href":"https:\/\/www.koonings.com\/de\/wp-json\/wp\/v2\/types\/product"}],"wp:featuredmedia":[{"embeddable":true,"href":"https:\/\/www.koonings.com\/de\/wp-json\/wp\/v2\/media\/43178"}],"wp:attachment":[{"href":"https:\/\/www.koonings.com\/de\/wp-json\/wp\/v2\/media?parent=58363"}],"wp:term":[{"taxonomy":"productdetails","embeddable":true,"href":"https:\/\/www.koonings.com\/de\/wp-json\/wp\/v2\/productdetails?post=58363"},{"taxonomy":"productneck","embeddable":true,"href":"https:\/\/www.koonings.com\/de\/wp-json\/wp\/v2\/productneck?post=58363"},{"taxonomy":"productcolor","embeddable":true,"href":"https:\/\/www.koonings.com\/de\/wp-json\/wp\/v2\/productcolor?post=58363"},{"taxonomy":"maat","embeddable":true,"href":"https:\/\/www.koonings.com\/de\/wp-json\/wp\/v2\/maat?post=58363"},{"taxonomy":"productsupplier","embeddable":true,"href":"https:\/\/www.koonings.com\/de\/wp-json\/wp\/v2\/productsupplier?post=58363"},{"taxonomy":"productsleeve","embeddable":true,"href":"https:\/\/www.koonings.com\/de\/wp-json\/wp\/v2\/productsleeve?post=58363"},{"taxonomy":"productcategory","embeddable":true,"href":"https:\/\/www.koonings.com\/de\/wp-json\/wp\/v2\/productcategory?post=58363"},{"taxonomy":"productsilhouette","embeddable":true,"href":"https:\/\/www.koonings.com\/de\/wp-json\/wp\/v2\/productsilhouette?post=58363"},{"taxonomy":"productstyle","embeddable":true,"href":"https:\/\/www.koonings.com\/de\/wp-json\/wp\/v2\/productstyle?post=58363"}],"curies":[{"name":"wp","href":"https:\/\/api.w.org\/{rel}","templated":true}]}}