{"id":58323,"date":"2026-05-16T20:20:55","date_gmt":"2026-05-16T18:20:55","guid":{"rendered":"https:\/\/www.koonings.com\/product\/martina-liana-ml1715iv11\/"},"modified":"2025-06-05T12:45:38","modified_gmt":"2025-06-05T10:45:38","slug":"martina-liana-ml1715iv11","status":"publish","type":"product","link":"https:\/\/www.koonings.com\/de\/product\/martina-liana-ml1715iv11\/","title":{"rendered":"Martina Liana ML1715IV11"},"content":{"rendered":"<p>Die Essenz der Romantik erbl\u00fcht in Stil 1715, einem A-Linien-Hochzeitskleid mit floraler Spitze und atemberaubenden, modischen Details. Ein tr\u00e4gerloser, herzf\u00f6rmiger Ausschnitt f\u00e4llt \u00fcber ein Mieder, das mit 3D-Blumen und perlenbesetzten Spitzenapplikationen verziert ist. Ein atemberaubender Illusionsausschnitt am R\u00fccken wird von Spitze und zeitlosen, stoffbezogenen Kn\u00f6pfen eingerahmt, die bis zum Saum der Schleppe reichen. Von der Taille aus gehen weiche Falten in einen Rock in A-Linie \u00fcber, der mit verstreuten Spitzenapplikationen verziert ist. F\u00fchlen Sie sich romantisch und elegant, wenn Sie in diesem romantischen A-Linien-Hochzeitskleid zum Altar schweben.    <\/p>\n","protected":false},"featured_media":43330,"template":"","meta":{"_acf_changed":false,"ghostkit_customizer_options":"","ghostkit_custom_css":"","ghostkit_custom_js_head":"","ghostkit_custom_js_foot":"","ghostkit_typography":""},"productdetails":[379,378,381],"productneck":[354,356],"productcolor":[392],"maat":[],"productsupplier":[431],"productsleeve":[],"productcategory":[18],"productsilhouette":[389],"productstyle":[366,370],"class_list":["post-58323","product","type-product","status-publish","has-post-thumbnail","hentry","productdetails-379","productdetails-378","productdetails-381","productneck-354","productneck-356","productcolor-392","productsupplier-martina-liana","productcategory-trouwjurken","productsilhouette-389","productstyle-366","productstyle-370"],"acf":[],"yoast_head":"<!-- This site is optimized with the Yoast SEO plugin v27.3 - https:\/\/yoast.com\/product\/yoast-seo-wordpress\/ -->\n<title>Martina Liana ML1715IV11 | Koonings<\/title>\n<meta name=\"description\" content=\"Die Essenz der Romantik erbl\u00fcht in Stil 1715, einem A-Linien-Hochzeitskleid mit floraler Spitze und atemberaubenden, modischen Details. Ein tr\u00e4gerloser, herzf\u00f6rmiger Ausschnitt f\u00e4llt \u00fcber ein Mieder, das mit 3D-Blumen und perlenbesetzten Spitzenapplikationen verziert ist. Ein atemberaubender Illusionsausschnitt am R\u00fccken wird von Spitze und zeitlosen, stoffbezogenen Kn\u00f6pfen eingerahmt, die bis zum Saum der Schleppe reichen. Von der Taille aus gehen weiche Falten in einen Rock in A-Linie \u00fcber, der mit verstreuten Spitzenapplikationen verziert ist. F\u00fchlen Sie sich romantisch und elegant, wenn Sie in diesem romantischen A-Linien-Hochzeitskleid zum Altar schweben.\" \/>\n<meta name=\"robots\" content=\"index, follow, max-snippet:-1, max-image-preview:large, max-video-preview:-1\" \/>\n<link rel=\"canonical\" href=\"https:\/\/www.koonings.com\/de\/product\/martina-liana-ml1715iv11\/\" \/>\n<meta property=\"og:locale\" content=\"de_DE\" \/>\n<meta property=\"og:type\" content=\"article\" \/>\n<meta property=\"og:title\" content=\"Martina Liana ML1715IV11 | Koonings\" \/>\n<meta property=\"og:description\" content=\"Die Essenz der Romantik erbl\u00fcht in Stil 1715, einem A-Linien-Hochzeitskleid mit floraler Spitze und atemberaubenden, modischen Details. Ein tr\u00e4gerloser, herzf\u00f6rmiger Ausschnitt f\u00e4llt \u00fcber ein Mieder, das mit 3D-Blumen und perlenbesetzten Spitzenapplikationen verziert ist. Ein atemberaubender Illusionsausschnitt am R\u00fccken wird von Spitze und zeitlosen, stoffbezogenen Kn\u00f6pfen eingerahmt, die bis zum Saum der Schleppe reichen. Von der Taille aus gehen weiche Falten in einen Rock in A-Linie \u00fcber, der mit verstreuten Spitzenapplikationen verziert ist. F\u00fchlen Sie sich romantisch und elegant, wenn Sie in diesem romantischen A-Linien-Hochzeitskleid zum Altar schweben.\" \/>\n<meta property=\"og:url\" content=\"https:\/\/www.koonings.com\/de\/product\/martina-liana-ml1715iv11\/\" \/>\n<meta property=\"og:site_name\" content=\"Koonings\" \/>\n<meta property=\"article:publisher\" content=\"https:\/\/www.facebook.com\/kooningstheweddingpalace\" \/>\n<meta property=\"og:image\" content=\"https:\/\/www.koonings.com\/wp-content\/uploads\/2024\/11\/39859_1687fb96c6caca54cf8c446a470a4c3eb6abe16bd117483515f4d62a640222c4f9997b26.jpeg\" \/>\n\t<meta property=\"og:image:width\" content=\"958\" \/>\n\t<meta property=\"og:image:height\" content=\"1355\" \/>\n\t<meta property=\"og:image:type\" content=\"image\/jpeg\" \/>\n<meta name=\"twitter:card\" content=\"summary_large_image\" \/>\n<script type=\"application\/ld+json\" class=\"yoast-schema-graph\">{\"@context\":\"https:\\\/\\\/schema.org\",\"@graph\":[{\"@type\":\"WebPage\",\"@id\":\"https:\\\/\\\/www.koonings.com\\\/de\\\/product\\\/martina-liana-ml1715iv11\\\/\",\"url\":\"https:\\\/\\\/www.koonings.com\\\/de\\\/product\\\/martina-liana-ml1715iv11\\\/\",\"name\":\"Martina Liana ML1715IV11 | Koonings\",\"isPartOf\":{\"@id\":\"https:\\\/\\\/www.koonings.com\\\/de\\\/#website\"},\"primaryImageOfPage\":{\"@id\":\"https:\\\/\\\/www.koonings.com\\\/de\\\/product\\\/martina-liana-ml1715iv11\\\/#primaryimage\"},\"image\":{\"@id\":\"https:\\\/\\\/www.koonings.com\\\/de\\\/product\\\/martina-liana-ml1715iv11\\\/#primaryimage\"},\"thumbnailUrl\":\"https:\\\/\\\/www.koonings.com\\\/wp-content\\\/uploads\\\/2024\\\/11\\\/39859_1687fb96c6caca54cf8c446a470a4c3eb6abe16bd117483515f4d62a640222c4f9997b26.jpeg\",\"datePublished\":\"2026-05-16T18:20:55+00:00\",\"description\":\"Die Essenz der Romantik erbl\u00fcht in Stil 1715, einem A-Linien-Hochzeitskleid mit floraler Spitze und atemberaubenden, modischen Details. Ein tr\u00e4gerloser, herzf\u00f6rmiger Ausschnitt f\u00e4llt \u00fcber ein Mieder, das mit 3D-Blumen und perlenbesetzten Spitzenapplikationen verziert ist. Ein atemberaubender Illusionsausschnitt am R\u00fccken wird von Spitze und zeitlosen, stoffbezogenen Kn\u00f6pfen eingerahmt, die bis zum Saum der Schleppe reichen. Von der Taille aus gehen weiche Falten in einen Rock in A-Linie \u00fcber, der mit verstreuten Spitzenapplikationen verziert ist. F\u00fchlen Sie sich romantisch und elegant, wenn Sie in diesem romantischen A-Linien-Hochzeitskleid zum Altar schweben.\",\"breadcrumb\":{\"@id\":\"https:\\\/\\\/www.koonings.com\\\/de\\\/product\\\/martina-liana-ml1715iv11\\\/#breadcrumb\"},\"inLanguage\":\"de\",\"potentialAction\":[{\"@type\":\"ReadAction\",\"target\":[\"https:\\\/\\\/www.koonings.com\\\/de\\\/product\\\/martina-liana-ml1715iv11\\\/\"]}]},{\"@type\":\"ImageObject\",\"inLanguage\":\"de\",\"@id\":\"https:\\\/\\\/www.koonings.com\\\/de\\\/product\\\/martina-liana-ml1715iv11\\\/#primaryimage\",\"url\":\"https:\\\/\\\/www.koonings.com\\\/wp-content\\\/uploads\\\/2024\\\/11\\\/39859_1687fb96c6caca54cf8c446a470a4c3eb6abe16bd117483515f4d62a640222c4f9997b26.jpeg\",\"contentUrl\":\"https:\\\/\\\/www.koonings.com\\\/wp-content\\\/uploads\\\/2024\\\/11\\\/39859_1687fb96c6caca54cf8c446a470a4c3eb6abe16bd117483515f4d62a640222c4f9997b26.jpeg\",\"width\":958,\"height\":1355},{\"@type\":\"BreadcrumbList\",\"@id\":\"https:\\\/\\\/www.koonings.com\\\/de\\\/product\\\/martina-liana-ml1715iv11\\\/#breadcrumb\",\"itemListElement\":[{\"@type\":\"ListItem\",\"position\":1,\"name\":\"Home\",\"item\":\"https:\\\/\\\/www.koonings.com\\\/de\\\/\"},{\"@type\":\"ListItem\",\"position\":2,\"name\":\"Martina Liana ML1715IV11\"}]},{\"@type\":\"WebSite\",\"@id\":\"https:\\\/\\\/www.koonings.com\\\/de\\\/#website\",\"url\":\"https:\\\/\\\/www.koonings.com\\\/de\\\/\",\"name\":\"Koonings\",\"description\":\"De grootste bruidsmodewinkel ter wereld\",\"publisher\":{\"@id\":\"https:\\\/\\\/www.koonings.com\\\/de\\\/#organization\"},\"potentialAction\":[{\"@type\":\"SearchAction\",\"target\":{\"@type\":\"EntryPoint\",\"urlTemplate\":\"https:\\\/\\\/www.koonings.com\\\/de\\\/?s={search_term_string}\"},\"query-input\":{\"@type\":\"PropertyValueSpecification\",\"valueRequired\":true,\"valueName\":\"search_term_string\"}}],\"inLanguage\":\"de\"},{\"@type\":\"Organization\",\"@id\":\"https:\\\/\\\/www.koonings.com\\\/de\\\/#organization\",\"name\":\"Koonings\",\"url\":\"https:\\\/\\\/www.koonings.com\\\/de\\\/\",\"logo\":{\"@type\":\"ImageObject\",\"inLanguage\":\"de\",\"@id\":\"https:\\\/\\\/www.koonings.com\\\/de\\\/#\\\/schema\\\/logo\\\/image\\\/\",\"url\":\"https:\\\/\\\/www.koonings.com\\\/wp-content\\\/uploads\\\/2024\\\/07\\\/logo.png\",\"contentUrl\":\"https:\\\/\\\/www.koonings.com\\\/wp-content\\\/uploads\\\/2024\\\/07\\\/logo.png\",\"width\":600,\"height\":428,\"caption\":\"Koonings\"},\"image\":{\"@id\":\"https:\\\/\\\/www.koonings.com\\\/de\\\/#\\\/schema\\\/logo\\\/image\\\/\"},\"sameAs\":[\"https:\\\/\\\/www.facebook.com\\\/kooningstheweddingpalace\",\"https:\\\/\\\/www.instagram.com\\\/kooningstheweddingpalace\",\"https:\\\/\\\/www.pinterest.com\\\/koonings\",\"https:\\\/\\\/www.youtube.com\\\/kooningstheweddingpalace\"]}]}<\/script>\n<!-- \/ Yoast SEO plugin. -->","yoast_head_json":{"title":"Martina Liana ML1715IV11 | Koonings","description":"Die Essenz der Romantik erbl\u00fcht in Stil 1715, einem A-Linien-Hochzeitskleid mit floraler Spitze und atemberaubenden, modischen Details. Ein tr\u00e4gerloser, herzf\u00f6rmiger Ausschnitt f\u00e4llt \u00fcber ein Mieder, das mit 3D-Blumen und perlenbesetzten Spitzenapplikationen verziert ist. Ein atemberaubender Illusionsausschnitt am R\u00fccken wird von Spitze und zeitlosen, stoffbezogenen Kn\u00f6pfen eingerahmt, die bis zum Saum der Schleppe reichen. Von der Taille aus gehen weiche Falten in einen Rock in A-Linie \u00fcber, der mit verstreuten Spitzenapplikationen verziert ist. F\u00fchlen Sie sich romantisch und elegant, wenn Sie in diesem romantischen A-Linien-Hochzeitskleid zum Altar schweben.","robots":{"index":"index","follow":"follow","max-snippet":"max-snippet:-1","max-image-preview":"max-image-preview:large","max-video-preview":"max-video-preview:-1"},"canonical":"https:\/\/www.koonings.com\/de\/product\/martina-liana-ml1715iv11\/","og_locale":"de_DE","og_type":"article","og_title":"Martina Liana ML1715IV11 | Koonings","og_description":"Die Essenz der Romantik erbl\u00fcht in Stil 1715, einem A-Linien-Hochzeitskleid mit floraler Spitze und atemberaubenden, modischen Details. Ein tr\u00e4gerloser, herzf\u00f6rmiger Ausschnitt f\u00e4llt \u00fcber ein Mieder, das mit 3D-Blumen und perlenbesetzten Spitzenapplikationen verziert ist. Ein atemberaubender Illusionsausschnitt am R\u00fccken wird von Spitze und zeitlosen, stoffbezogenen Kn\u00f6pfen eingerahmt, die bis zum Saum der Schleppe reichen. Von der Taille aus gehen weiche Falten in einen Rock in A-Linie \u00fcber, der mit verstreuten Spitzenapplikationen verziert ist. F\u00fchlen Sie sich romantisch und elegant, wenn Sie in diesem romantischen A-Linien-Hochzeitskleid zum Altar schweben.","og_url":"https:\/\/www.koonings.com\/de\/product\/martina-liana-ml1715iv11\/","og_site_name":"Koonings","article_publisher":"https:\/\/www.facebook.com\/kooningstheweddingpalace","og_image":[{"width":958,"height":1355,"url":"https:\/\/www.koonings.com\/wp-content\/uploads\/2024\/11\/39859_1687fb96c6caca54cf8c446a470a4c3eb6abe16bd117483515f4d62a640222c4f9997b26.jpeg","type":"image\/jpeg"}],"twitter_card":"summary_large_image","schema":{"@context":"https:\/\/schema.org","@graph":[{"@type":"WebPage","@id":"https:\/\/www.koonings.com\/de\/product\/martina-liana-ml1715iv11\/","url":"https:\/\/www.koonings.com\/de\/product\/martina-liana-ml1715iv11\/","name":"Martina Liana ML1715IV11 | Koonings","isPartOf":{"@id":"https:\/\/www.koonings.com\/de\/#website"},"primaryImageOfPage":{"@id":"https:\/\/www.koonings.com\/de\/product\/martina-liana-ml1715iv11\/#primaryimage"},"image":{"@id":"https:\/\/www.koonings.com\/de\/product\/martina-liana-ml1715iv11\/#primaryimage"},"thumbnailUrl":"https:\/\/www.koonings.com\/wp-content\/uploads\/2024\/11\/39859_1687fb96c6caca54cf8c446a470a4c3eb6abe16bd117483515f4d62a640222c4f9997b26.jpeg","datePublished":"2026-05-16T18:20:55+00:00","description":"Die Essenz der Romantik erbl\u00fcht in Stil 1715, einem A-Linien-Hochzeitskleid mit floraler Spitze und atemberaubenden, modischen Details. Ein tr\u00e4gerloser, herzf\u00f6rmiger Ausschnitt f\u00e4llt \u00fcber ein Mieder, das mit 3D-Blumen und perlenbesetzten Spitzenapplikationen verziert ist. Ein atemberaubender Illusionsausschnitt am R\u00fccken wird von Spitze und zeitlosen, stoffbezogenen Kn\u00f6pfen eingerahmt, die bis zum Saum der Schleppe reichen. Von der Taille aus gehen weiche Falten in einen Rock in A-Linie \u00fcber, der mit verstreuten Spitzenapplikationen verziert ist. F\u00fchlen Sie sich romantisch und elegant, wenn Sie in diesem romantischen A-Linien-Hochzeitskleid zum Altar schweben.","breadcrumb":{"@id":"https:\/\/www.koonings.com\/de\/product\/martina-liana-ml1715iv11\/#breadcrumb"},"inLanguage":"de","potentialAction":[{"@type":"ReadAction","target":["https:\/\/www.koonings.com\/de\/product\/martina-liana-ml1715iv11\/"]}]},{"@type":"ImageObject","inLanguage":"de","@id":"https:\/\/www.koonings.com\/de\/product\/martina-liana-ml1715iv11\/#primaryimage","url":"https:\/\/www.koonings.com\/wp-content\/uploads\/2024\/11\/39859_1687fb96c6caca54cf8c446a470a4c3eb6abe16bd117483515f4d62a640222c4f9997b26.jpeg","contentUrl":"https:\/\/www.koonings.com\/wp-content\/uploads\/2024\/11\/39859_1687fb96c6caca54cf8c446a470a4c3eb6abe16bd117483515f4d62a640222c4f9997b26.jpeg","width":958,"height":1355},{"@type":"BreadcrumbList","@id":"https:\/\/www.koonings.com\/de\/product\/martina-liana-ml1715iv11\/#breadcrumb","itemListElement":[{"@type":"ListItem","position":1,"name":"Home","item":"https:\/\/www.koonings.com\/de\/"},{"@type":"ListItem","position":2,"name":"Martina Liana ML1715IV11"}]},{"@type":"WebSite","@id":"https:\/\/www.koonings.com\/de\/#website","url":"https:\/\/www.koonings.com\/de\/","name":"Koonings","description":"De grootste bruidsmodewinkel ter wereld","publisher":{"@id":"https:\/\/www.koonings.com\/de\/#organization"},"potentialAction":[{"@type":"SearchAction","target":{"@type":"EntryPoint","urlTemplate":"https:\/\/www.koonings.com\/de\/?s={search_term_string}"},"query-input":{"@type":"PropertyValueSpecification","valueRequired":true,"valueName":"search_term_string"}}],"inLanguage":"de"},{"@type":"Organization","@id":"https:\/\/www.koonings.com\/de\/#organization","name":"Koonings","url":"https:\/\/www.koonings.com\/de\/","logo":{"@type":"ImageObject","inLanguage":"de","@id":"https:\/\/www.koonings.com\/de\/#\/schema\/logo\/image\/","url":"https:\/\/www.koonings.com\/wp-content\/uploads\/2024\/07\/logo.png","contentUrl":"https:\/\/www.koonings.com\/wp-content\/uploads\/2024\/07\/logo.png","width":600,"height":428,"caption":"Koonings"},"image":{"@id":"https:\/\/www.koonings.com\/de\/#\/schema\/logo\/image\/"},"sameAs":["https:\/\/www.facebook.com\/kooningstheweddingpalace","https:\/\/www.instagram.com\/kooningstheweddingpalace","https:\/\/www.pinterest.com\/koonings","https:\/\/www.youtube.com\/kooningstheweddingpalace"]}]}},"_links":{"self":[{"href":"https:\/\/www.koonings.com\/de\/wp-json\/wp\/v2\/product\/58323","targetHints":{"allow":["GET"]}}],"collection":[{"href":"https:\/\/www.koonings.com\/de\/wp-json\/wp\/v2\/product"}],"about":[{"href":"https:\/\/www.koonings.com\/de\/wp-json\/wp\/v2\/types\/product"}],"wp:featuredmedia":[{"embeddable":true,"href":"https:\/\/www.koonings.com\/de\/wp-json\/wp\/v2\/media\/43330"}],"wp:attachment":[{"href":"https:\/\/www.koonings.com\/de\/wp-json\/wp\/v2\/media?parent=58323"}],"wp:term":[{"taxonomy":"productdetails","embeddable":true,"href":"https:\/\/www.koonings.com\/de\/wp-json\/wp\/v2\/productdetails?post=58323"},{"taxonomy":"productneck","embeddable":true,"href":"https:\/\/www.koonings.com\/de\/wp-json\/wp\/v2\/productneck?post=58323"},{"taxonomy":"productcolor","embeddable":true,"href":"https:\/\/www.koonings.com\/de\/wp-json\/wp\/v2\/productcolor?post=58323"},{"taxonomy":"maat","embeddable":true,"href":"https:\/\/www.koonings.com\/de\/wp-json\/wp\/v2\/maat?post=58323"},{"taxonomy":"productsupplier","embeddable":true,"href":"https:\/\/www.koonings.com\/de\/wp-json\/wp\/v2\/productsupplier?post=58323"},{"taxonomy":"productsleeve","embeddable":true,"href":"https:\/\/www.koonings.com\/de\/wp-json\/wp\/v2\/productsleeve?post=58323"},{"taxonomy":"productcategory","embeddable":true,"href":"https:\/\/www.koonings.com\/de\/wp-json\/wp\/v2\/productcategory?post=58323"},{"taxonomy":"productsilhouette","embeddable":true,"href":"https:\/\/www.koonings.com\/de\/wp-json\/wp\/v2\/productsilhouette?post=58323"},{"taxonomy":"productstyle","embeddable":true,"href":"https:\/\/www.koonings.com\/de\/wp-json\/wp\/v2\/productstyle?post=58323"}],"curies":[{"name":"wp","href":"https:\/\/api.w.org\/{rel}","templated":true}]}}