{"id":58311,"date":"2025-12-15T00:27:00","date_gmt":"2025-12-14T23:27:00","guid":{"rendered":"https:\/\/www.koonings.com\/product\/elysee-ravenna-a\/"},"modified":"2026-02-03T18:35:03","modified_gmt":"2026-02-03T17:35:03","slug":"elysee-ravenna-a","status":"publish","type":"product","link":"https:\/\/www.koonings.com\/de\/product\/elysee-ravenna-a\/","title":{"rendered":"Elysee Ravenna-A"},"content":{"rendered":"<p>Wenn Sie sich ein k\u00fchnes und wundersch\u00f6nes Hochzeitskleid w\u00fcnschen, ist das Modell Ravenna die richtige Wahl f\u00fcr Sie! Dieses k\u00fchne Meerjungfrauenkleid funkelt bei jeder Bewegung und schmiegt sich an den richtigen Stellen an. Nicht zu vergessen ist ihre geliebte, doppelt geformte Schleppe von \u00c9LYS\u00c9E, die f\u00fcr die perfekte Dosis Drama sorgt. Modell Ravenna gibt es auch in Elfenbein f\u00fcr einen unvergesslichen Look!   <\/p>\n","protected":false},"featured_media":43406,"template":"","meta":{"_acf_changed":false,"ghostkit_customizer_options":"","ghostkit_custom_css":"","ghostkit_custom_js_head":"","ghostkit_custom_js_foot":"","ghostkit_typography":""},"productdetails":[379,376,381],"productneck":[356],"productcolor":[394],"maat":[],"productsupplier":[427],"productsleeve":[359],"productcategory":[18],"productsilhouette":[387],"productstyle":[366,370],"class_list":["post-58311","product","type-product","status-publish","has-post-thumbnail","hentry","productdetails-379","productdetails-376","productdetails-381","productneck-356","productcolor-394","productsupplier-elysee","productsleeve-359","productcategory-trouwjurken","productsilhouette-387","productstyle-366","productstyle-370"],"acf":[],"yoast_head":"<!-- This site is optimized with the Yoast SEO plugin v27.3 - https:\/\/yoast.com\/product\/yoast-seo-wordpress\/ -->\n<title>Elysee Ravenna-A | Koonings<\/title>\n<meta name=\"description\" content=\"Wenn Sie sich ein k\u00fchnes und wundersch\u00f6nes Hochzeitskleid w\u00fcnschen, ist das Modell Ravenna die richtige Wahl f\u00fcr Sie! Dieses k\u00fchne Meerjungfrauenkleid funkelt bei jeder Bewegung und schmiegt sich an den richtigen Stellen an. Nicht zu vergessen ist ihre geliebte, doppelt geformte Schleppe von \u00c9LYS\u00c9E, die f\u00fcr die perfekte Dosis Drama sorgt. Modell Ravenna gibt es auch in Elfenbein f\u00fcr einen unvergesslichen Look!\" \/>\n<meta name=\"robots\" content=\"index, follow, max-snippet:-1, max-image-preview:large, max-video-preview:-1\" \/>\n<link rel=\"canonical\" href=\"https:\/\/www.koonings.com\/de\/product\/elysee-ravenna-a\/\" \/>\n<meta property=\"og:locale\" content=\"de_DE\" \/>\n<meta property=\"og:type\" content=\"article\" \/>\n<meta property=\"og:title\" content=\"Elysee Ravenna-A | Koonings\" \/>\n<meta property=\"og:description\" content=\"Wenn Sie sich ein k\u00fchnes und wundersch\u00f6nes Hochzeitskleid w\u00fcnschen, ist das Modell Ravenna die richtige Wahl f\u00fcr Sie! Dieses k\u00fchne Meerjungfrauenkleid funkelt bei jeder Bewegung und schmiegt sich an den richtigen Stellen an. Nicht zu vergessen ist ihre geliebte, doppelt geformte Schleppe von \u00c9LYS\u00c9E, die f\u00fcr die perfekte Dosis Drama sorgt. Modell Ravenna gibt es auch in Elfenbein f\u00fcr einen unvergesslichen Look!\" \/>\n<meta property=\"og:url\" content=\"https:\/\/www.koonings.com\/de\/product\/elysee-ravenna-a\/\" \/>\n<meta property=\"og:site_name\" content=\"Koonings\" \/>\n<meta property=\"article:publisher\" content=\"https:\/\/www.facebook.com\/kooningstheweddingpalace\" \/>\n<meta property=\"article:modified_time\" content=\"2026-02-03T17:35:03+00:00\" \/>\n<meta property=\"og:image\" content=\"https:\/\/www.koonings.com\/wp-content\/uploads\/2024\/11\/39943_4e8536bf702a273bfc9a1cd831d01056a33405dc50989a5437a101f71ea1d46b818fbd13.jpeg\" \/>\n\t<meta property=\"og:image:width\" content=\"1035\" \/>\n\t<meta property=\"og:image:height\" content=\"1380\" \/>\n\t<meta property=\"og:image:type\" content=\"image\/jpeg\" \/>\n<meta name=\"twitter:card\" content=\"summary_large_image\" \/>\n<script type=\"application\/ld+json\" class=\"yoast-schema-graph\">{\"@context\":\"https:\\\/\\\/schema.org\",\"@graph\":[{\"@type\":\"WebPage\",\"@id\":\"https:\\\/\\\/www.koonings.com\\\/de\\\/product\\\/elysee-ravenna-a\\\/\",\"url\":\"https:\\\/\\\/www.koonings.com\\\/de\\\/product\\\/elysee-ravenna-a\\\/\",\"name\":\"Elysee Ravenna-A | Koonings\",\"isPartOf\":{\"@id\":\"https:\\\/\\\/www.koonings.com\\\/de\\\/#website\"},\"primaryImageOfPage\":{\"@id\":\"https:\\\/\\\/www.koonings.com\\\/de\\\/product\\\/elysee-ravenna-a\\\/#primaryimage\"},\"image\":{\"@id\":\"https:\\\/\\\/www.koonings.com\\\/de\\\/product\\\/elysee-ravenna-a\\\/#primaryimage\"},\"thumbnailUrl\":\"https:\\\/\\\/www.koonings.com\\\/wp-content\\\/uploads\\\/2024\\\/11\\\/39943_4e8536bf702a273bfc9a1cd831d01056a33405dc50989a5437a101f71ea1d46b818fbd13.jpeg\",\"datePublished\":\"2025-12-14T23:27:00+00:00\",\"dateModified\":\"2026-02-03T17:35:03+00:00\",\"description\":\"Wenn Sie sich ein k\u00fchnes und wundersch\u00f6nes Hochzeitskleid w\u00fcnschen, ist das Modell Ravenna die richtige Wahl f\u00fcr Sie! Dieses k\u00fchne Meerjungfrauenkleid funkelt bei jeder Bewegung und schmiegt sich an den richtigen Stellen an. Nicht zu vergessen ist ihre geliebte, doppelt geformte Schleppe von \u00c9LYS\u00c9E, die f\u00fcr die perfekte Dosis Drama sorgt. Modell Ravenna gibt es auch in Elfenbein f\u00fcr einen unvergesslichen Look!\",\"breadcrumb\":{\"@id\":\"https:\\\/\\\/www.koonings.com\\\/de\\\/product\\\/elysee-ravenna-a\\\/#breadcrumb\"},\"inLanguage\":\"de\",\"potentialAction\":[{\"@type\":\"ReadAction\",\"target\":[\"https:\\\/\\\/www.koonings.com\\\/de\\\/product\\\/elysee-ravenna-a\\\/\"]}]},{\"@type\":\"ImageObject\",\"inLanguage\":\"de\",\"@id\":\"https:\\\/\\\/www.koonings.com\\\/de\\\/product\\\/elysee-ravenna-a\\\/#primaryimage\",\"url\":\"https:\\\/\\\/www.koonings.com\\\/wp-content\\\/uploads\\\/2024\\\/11\\\/39943_4e8536bf702a273bfc9a1cd831d01056a33405dc50989a5437a101f71ea1d46b818fbd13.jpeg\",\"contentUrl\":\"https:\\\/\\\/www.koonings.com\\\/wp-content\\\/uploads\\\/2024\\\/11\\\/39943_4e8536bf702a273bfc9a1cd831d01056a33405dc50989a5437a101f71ea1d46b818fbd13.jpeg\",\"width\":1035,\"height\":1380},{\"@type\":\"BreadcrumbList\",\"@id\":\"https:\\\/\\\/www.koonings.com\\\/de\\\/product\\\/elysee-ravenna-a\\\/#breadcrumb\",\"itemListElement\":[{\"@type\":\"ListItem\",\"position\":1,\"name\":\"Home\",\"item\":\"https:\\\/\\\/www.koonings.com\\\/de\\\/\"},{\"@type\":\"ListItem\",\"position\":2,\"name\":\"Elysee Ravenna-A\"}]},{\"@type\":\"WebSite\",\"@id\":\"https:\\\/\\\/www.koonings.com\\\/de\\\/#website\",\"url\":\"https:\\\/\\\/www.koonings.com\\\/de\\\/\",\"name\":\"Koonings\",\"description\":\"De grootste bruidsmodewinkel ter wereld\",\"publisher\":{\"@id\":\"https:\\\/\\\/www.koonings.com\\\/de\\\/#organization\"},\"potentialAction\":[{\"@type\":\"SearchAction\",\"target\":{\"@type\":\"EntryPoint\",\"urlTemplate\":\"https:\\\/\\\/www.koonings.com\\\/de\\\/?s={search_term_string}\"},\"query-input\":{\"@type\":\"PropertyValueSpecification\",\"valueRequired\":true,\"valueName\":\"search_term_string\"}}],\"inLanguage\":\"de\"},{\"@type\":\"Organization\",\"@id\":\"https:\\\/\\\/www.koonings.com\\\/de\\\/#organization\",\"name\":\"Koonings\",\"url\":\"https:\\\/\\\/www.koonings.com\\\/de\\\/\",\"logo\":{\"@type\":\"ImageObject\",\"inLanguage\":\"de\",\"@id\":\"https:\\\/\\\/www.koonings.com\\\/de\\\/#\\\/schema\\\/logo\\\/image\\\/\",\"url\":\"https:\\\/\\\/www.koonings.com\\\/wp-content\\\/uploads\\\/2024\\\/07\\\/logo.png\",\"contentUrl\":\"https:\\\/\\\/www.koonings.com\\\/wp-content\\\/uploads\\\/2024\\\/07\\\/logo.png\",\"width\":600,\"height\":428,\"caption\":\"Koonings\"},\"image\":{\"@id\":\"https:\\\/\\\/www.koonings.com\\\/de\\\/#\\\/schema\\\/logo\\\/image\\\/\"},\"sameAs\":[\"https:\\\/\\\/www.facebook.com\\\/kooningstheweddingpalace\",\"https:\\\/\\\/www.instagram.com\\\/kooningstheweddingpalace\",\"https:\\\/\\\/www.pinterest.com\\\/koonings\",\"https:\\\/\\\/www.youtube.com\\\/kooningstheweddingpalace\"]}]}<\/script>\n<!-- \/ Yoast SEO plugin. -->","yoast_head_json":{"title":"Elysee Ravenna-A | Koonings","description":"Wenn Sie sich ein k\u00fchnes und wundersch\u00f6nes Hochzeitskleid w\u00fcnschen, ist das Modell Ravenna die richtige Wahl f\u00fcr Sie! Dieses k\u00fchne Meerjungfrauenkleid funkelt bei jeder Bewegung und schmiegt sich an den richtigen Stellen an. Nicht zu vergessen ist ihre geliebte, doppelt geformte Schleppe von \u00c9LYS\u00c9E, die f\u00fcr die perfekte Dosis Drama sorgt. Modell Ravenna gibt es auch in Elfenbein f\u00fcr einen unvergesslichen Look!","robots":{"index":"index","follow":"follow","max-snippet":"max-snippet:-1","max-image-preview":"max-image-preview:large","max-video-preview":"max-video-preview:-1"},"canonical":"https:\/\/www.koonings.com\/de\/product\/elysee-ravenna-a\/","og_locale":"de_DE","og_type":"article","og_title":"Elysee Ravenna-A | Koonings","og_description":"Wenn Sie sich ein k\u00fchnes und wundersch\u00f6nes Hochzeitskleid w\u00fcnschen, ist das Modell Ravenna die richtige Wahl f\u00fcr Sie! Dieses k\u00fchne Meerjungfrauenkleid funkelt bei jeder Bewegung und schmiegt sich an den richtigen Stellen an. Nicht zu vergessen ist ihre geliebte, doppelt geformte Schleppe von \u00c9LYS\u00c9E, die f\u00fcr die perfekte Dosis Drama sorgt. Modell Ravenna gibt es auch in Elfenbein f\u00fcr einen unvergesslichen Look!","og_url":"https:\/\/www.koonings.com\/de\/product\/elysee-ravenna-a\/","og_site_name":"Koonings","article_publisher":"https:\/\/www.facebook.com\/kooningstheweddingpalace","article_modified_time":"2026-02-03T17:35:03+00:00","og_image":[{"width":1035,"height":1380,"url":"https:\/\/www.koonings.com\/wp-content\/uploads\/2024\/11\/39943_4e8536bf702a273bfc9a1cd831d01056a33405dc50989a5437a101f71ea1d46b818fbd13.jpeg","type":"image\/jpeg"}],"twitter_card":"summary_large_image","schema":{"@context":"https:\/\/schema.org","@graph":[{"@type":"WebPage","@id":"https:\/\/www.koonings.com\/de\/product\/elysee-ravenna-a\/","url":"https:\/\/www.koonings.com\/de\/product\/elysee-ravenna-a\/","name":"Elysee Ravenna-A | Koonings","isPartOf":{"@id":"https:\/\/www.koonings.com\/de\/#website"},"primaryImageOfPage":{"@id":"https:\/\/www.koonings.com\/de\/product\/elysee-ravenna-a\/#primaryimage"},"image":{"@id":"https:\/\/www.koonings.com\/de\/product\/elysee-ravenna-a\/#primaryimage"},"thumbnailUrl":"https:\/\/www.koonings.com\/wp-content\/uploads\/2024\/11\/39943_4e8536bf702a273bfc9a1cd831d01056a33405dc50989a5437a101f71ea1d46b818fbd13.jpeg","datePublished":"2025-12-14T23:27:00+00:00","dateModified":"2026-02-03T17:35:03+00:00","description":"Wenn Sie sich ein k\u00fchnes und wundersch\u00f6nes Hochzeitskleid w\u00fcnschen, ist das Modell Ravenna die richtige Wahl f\u00fcr Sie! Dieses k\u00fchne Meerjungfrauenkleid funkelt bei jeder Bewegung und schmiegt sich an den richtigen Stellen an. Nicht zu vergessen ist ihre geliebte, doppelt geformte Schleppe von \u00c9LYS\u00c9E, die f\u00fcr die perfekte Dosis Drama sorgt. Modell Ravenna gibt es auch in Elfenbein f\u00fcr einen unvergesslichen Look!","breadcrumb":{"@id":"https:\/\/www.koonings.com\/de\/product\/elysee-ravenna-a\/#breadcrumb"},"inLanguage":"de","potentialAction":[{"@type":"ReadAction","target":["https:\/\/www.koonings.com\/de\/product\/elysee-ravenna-a\/"]}]},{"@type":"ImageObject","inLanguage":"de","@id":"https:\/\/www.koonings.com\/de\/product\/elysee-ravenna-a\/#primaryimage","url":"https:\/\/www.koonings.com\/wp-content\/uploads\/2024\/11\/39943_4e8536bf702a273bfc9a1cd831d01056a33405dc50989a5437a101f71ea1d46b818fbd13.jpeg","contentUrl":"https:\/\/www.koonings.com\/wp-content\/uploads\/2024\/11\/39943_4e8536bf702a273bfc9a1cd831d01056a33405dc50989a5437a101f71ea1d46b818fbd13.jpeg","width":1035,"height":1380},{"@type":"BreadcrumbList","@id":"https:\/\/www.koonings.com\/de\/product\/elysee-ravenna-a\/#breadcrumb","itemListElement":[{"@type":"ListItem","position":1,"name":"Home","item":"https:\/\/www.koonings.com\/de\/"},{"@type":"ListItem","position":2,"name":"Elysee Ravenna-A"}]},{"@type":"WebSite","@id":"https:\/\/www.koonings.com\/de\/#website","url":"https:\/\/www.koonings.com\/de\/","name":"Koonings","description":"De grootste bruidsmodewinkel ter wereld","publisher":{"@id":"https:\/\/www.koonings.com\/de\/#organization"},"potentialAction":[{"@type":"SearchAction","target":{"@type":"EntryPoint","urlTemplate":"https:\/\/www.koonings.com\/de\/?s={search_term_string}"},"query-input":{"@type":"PropertyValueSpecification","valueRequired":true,"valueName":"search_term_string"}}],"inLanguage":"de"},{"@type":"Organization","@id":"https:\/\/www.koonings.com\/de\/#organization","name":"Koonings","url":"https:\/\/www.koonings.com\/de\/","logo":{"@type":"ImageObject","inLanguage":"de","@id":"https:\/\/www.koonings.com\/de\/#\/schema\/logo\/image\/","url":"https:\/\/www.koonings.com\/wp-content\/uploads\/2024\/07\/logo.png","contentUrl":"https:\/\/www.koonings.com\/wp-content\/uploads\/2024\/07\/logo.png","width":600,"height":428,"caption":"Koonings"},"image":{"@id":"https:\/\/www.koonings.com\/de\/#\/schema\/logo\/image\/"},"sameAs":["https:\/\/www.facebook.com\/kooningstheweddingpalace","https:\/\/www.instagram.com\/kooningstheweddingpalace","https:\/\/www.pinterest.com\/koonings","https:\/\/www.youtube.com\/kooningstheweddingpalace"]}]}},"_links":{"self":[{"href":"https:\/\/www.koonings.com\/de\/wp-json\/wp\/v2\/product\/58311","targetHints":{"allow":["GET"]}}],"collection":[{"href":"https:\/\/www.koonings.com\/de\/wp-json\/wp\/v2\/product"}],"about":[{"href":"https:\/\/www.koonings.com\/de\/wp-json\/wp\/v2\/types\/product"}],"wp:featuredmedia":[{"embeddable":true,"href":"https:\/\/www.koonings.com\/de\/wp-json\/wp\/v2\/media\/43406"}],"wp:attachment":[{"href":"https:\/\/www.koonings.com\/de\/wp-json\/wp\/v2\/media?parent=58311"}],"wp:term":[{"taxonomy":"productdetails","embeddable":true,"href":"https:\/\/www.koonings.com\/de\/wp-json\/wp\/v2\/productdetails?post=58311"},{"taxonomy":"productneck","embeddable":true,"href":"https:\/\/www.koonings.com\/de\/wp-json\/wp\/v2\/productneck?post=58311"},{"taxonomy":"productcolor","embeddable":true,"href":"https:\/\/www.koonings.com\/de\/wp-json\/wp\/v2\/productcolor?post=58311"},{"taxonomy":"maat","embeddable":true,"href":"https:\/\/www.koonings.com\/de\/wp-json\/wp\/v2\/maat?post=58311"},{"taxonomy":"productsupplier","embeddable":true,"href":"https:\/\/www.koonings.com\/de\/wp-json\/wp\/v2\/productsupplier?post=58311"},{"taxonomy":"productsleeve","embeddable":true,"href":"https:\/\/www.koonings.com\/de\/wp-json\/wp\/v2\/productsleeve?post=58311"},{"taxonomy":"productcategory","embeddable":true,"href":"https:\/\/www.koonings.com\/de\/wp-json\/wp\/v2\/productcategory?post=58311"},{"taxonomy":"productsilhouette","embeddable":true,"href":"https:\/\/www.koonings.com\/de\/wp-json\/wp\/v2\/productsilhouette?post=58311"},{"taxonomy":"productstyle","embeddable":true,"href":"https:\/\/www.koonings.com\/de\/wp-json\/wp\/v2\/productstyle?post=58311"}],"curies":[{"name":"wp","href":"https:\/\/api.w.org\/{rel}","templated":true}]}}