{"id":58279,"date":"2026-04-28T18:16:26","date_gmt":"2026-04-28T16:16:26","guid":{"rendered":"https:\/\/www.koonings.com\/product\/muse-by-berta-24-p01\/"},"modified":"2026-02-16T14:38:44","modified_gmt":"2026-02-16T13:38:44","slug":"muse-by-berta-24-p01","status":"publish","type":"product","link":"https:\/\/www.koonings.com\/de\/product\/muse-by-berta-24-p01\/","title":{"rendered":"Muse von Berta 24-P01"},"content":{"rendered":"<p>Berta hat einen avantgardistischen Designstil, der st\u00e4ndig die Grenzen der Modewelt austestet. Ihre St\u00fccke sind so ber\u00fchmt und werden von vielen geliebt, weil sie immer so k\u00fchn, sexy und modern sind, w\u00e4hrend sie gleichzeitig Vintage-Materialien kombinieren und zu ihren Retro-Wurzeln stehen. Sie k\u00f6nnen diese Haute-Couture-Kollektion in den Ausstellungsr\u00e4umen von Koonings The Wedding Palace finden.  <\/p>\n","protected":false},"featured_media":43546,"template":"","meta":{"_acf_changed":false,"ghostkit_customizer_options":"","ghostkit_custom_css":"","ghostkit_custom_js_head":"","ghostkit_custom_js_foot":"","ghostkit_typography":""},"productdetails":[379,376],"productneck":[354,356],"productcolor":[393,392],"maat":[],"productsupplier":[399],"productsleeve":[362],"productcategory":[18],"productsilhouette":[390],"productstyle":[367,366],"class_list":["post-58279","product","type-product","status-publish","has-post-thumbnail","hentry","productdetails-379","productdetails-376","productneck-354","productneck-356","productcolor-393","productcolor-392","productsupplier-muse-by-berta","productsleeve-362","productcategory-trouwjurken","productsilhouette-390","productstyle-367","productstyle-366"],"acf":[],"yoast_head":"<!-- This site is optimized with the Yoast SEO plugin v27.3 - https:\/\/yoast.com\/product\/yoast-seo-wordpress\/ -->\n<title>Muse von Berta 24-P01 | Koonings<\/title>\n<meta name=\"description\" content=\"Berta hat einen avantgardistischen Designstil, der st\u00e4ndig die Grenzen der Modewelt austestet. Ihre St\u00fccke sind so ber\u00fchmt und werden von vielen geliebt, weil sie immer so k\u00fchn, sexy und modern sind, w\u00e4hrend sie gleichzeitig Vintage-Materialien kombinieren und zu ihren Retro-Wurzeln stehen. Sie k\u00f6nnen diese Haute-Couture-Kollektion in den Ausstellungsr\u00e4umen von Koonings The Wedding Palace finden.\" \/>\n<meta name=\"robots\" content=\"index, follow, max-snippet:-1, max-image-preview:large, max-video-preview:-1\" \/>\n<link rel=\"canonical\" href=\"https:\/\/www.koonings.com\/de\/product\/muse-by-berta-24-p01\/\" \/>\n<meta property=\"og:locale\" content=\"de_DE\" \/>\n<meta property=\"og:type\" content=\"article\" \/>\n<meta property=\"og:title\" content=\"Muse von Berta 24-P01 | Koonings\" \/>\n<meta property=\"og:description\" content=\"Berta hat einen avantgardistischen Designstil, der st\u00e4ndig die Grenzen der Modewelt austestet. Ihre St\u00fccke sind so ber\u00fchmt und werden von vielen geliebt, weil sie immer so k\u00fchn, sexy und modern sind, w\u00e4hrend sie gleichzeitig Vintage-Materialien kombinieren und zu ihren Retro-Wurzeln stehen. Sie k\u00f6nnen diese Haute-Couture-Kollektion in den Ausstellungsr\u00e4umen von Koonings The Wedding Palace finden.\" \/>\n<meta property=\"og:url\" content=\"https:\/\/www.koonings.com\/de\/product\/muse-by-berta-24-p01\/\" \/>\n<meta property=\"og:site_name\" content=\"Koonings\" \/>\n<meta property=\"article:publisher\" content=\"https:\/\/www.facebook.com\/kooningstheweddingpalace\" \/>\n<meta property=\"og:image\" content=\"https:\/\/www.koonings.com\/wp-content\/uploads\/2024\/11\/40084_203919fcc31282486793f353e9e8adc7d2750ae80a56a398e10aeb9638ab9fccaa76a107-scaled.jpeg\" \/>\n\t<meta property=\"og:image:width\" content=\"1853\" \/>\n\t<meta property=\"og:image:height\" content=\"2560\" \/>\n\t<meta property=\"og:image:type\" content=\"image\/jpeg\" \/>\n<meta name=\"twitter:card\" content=\"summary_large_image\" \/>\n<script type=\"application\/ld+json\" class=\"yoast-schema-graph\">{\"@context\":\"https:\\\/\\\/schema.org\",\"@graph\":[{\"@type\":\"WebPage\",\"@id\":\"https:\\\/\\\/www.koonings.com\\\/de\\\/product\\\/muse-by-berta-24-p01\\\/\",\"url\":\"https:\\\/\\\/www.koonings.com\\\/de\\\/product\\\/muse-by-berta-24-p01\\\/\",\"name\":\"Muse von Berta 24-P01 | Koonings\",\"isPartOf\":{\"@id\":\"https:\\\/\\\/www.koonings.com\\\/de\\\/#website\"},\"primaryImageOfPage\":{\"@id\":\"https:\\\/\\\/www.koonings.com\\\/de\\\/product\\\/muse-by-berta-24-p01\\\/#primaryimage\"},\"image\":{\"@id\":\"https:\\\/\\\/www.koonings.com\\\/de\\\/product\\\/muse-by-berta-24-p01\\\/#primaryimage\"},\"thumbnailUrl\":\"https:\\\/\\\/www.koonings.com\\\/wp-content\\\/uploads\\\/2024\\\/11\\\/40084_203919fcc31282486793f353e9e8adc7d2750ae80a56a398e10aeb9638ab9fccaa76a107-scaled.jpeg\",\"datePublished\":\"2026-04-28T16:16:26+00:00\",\"description\":\"Berta hat einen avantgardistischen Designstil, der st\u00e4ndig die Grenzen der Modewelt austestet. Ihre St\u00fccke sind so ber\u00fchmt und werden von vielen geliebt, weil sie immer so k\u00fchn, sexy und modern sind, w\u00e4hrend sie gleichzeitig Vintage-Materialien kombinieren und zu ihren Retro-Wurzeln stehen. Sie k\u00f6nnen diese Haute-Couture-Kollektion in den Ausstellungsr\u00e4umen von Koonings The Wedding Palace finden.\",\"breadcrumb\":{\"@id\":\"https:\\\/\\\/www.koonings.com\\\/de\\\/product\\\/muse-by-berta-24-p01\\\/#breadcrumb\"},\"inLanguage\":\"de\",\"potentialAction\":[{\"@type\":\"ReadAction\",\"target\":[\"https:\\\/\\\/www.koonings.com\\\/de\\\/product\\\/muse-by-berta-24-p01\\\/\"]}]},{\"@type\":\"ImageObject\",\"inLanguage\":\"de\",\"@id\":\"https:\\\/\\\/www.koonings.com\\\/de\\\/product\\\/muse-by-berta-24-p01\\\/#primaryimage\",\"url\":\"https:\\\/\\\/www.koonings.com\\\/wp-content\\\/uploads\\\/2024\\\/11\\\/40084_203919fcc31282486793f353e9e8adc7d2750ae80a56a398e10aeb9638ab9fccaa76a107-scaled.jpeg\",\"contentUrl\":\"https:\\\/\\\/www.koonings.com\\\/wp-content\\\/uploads\\\/2024\\\/11\\\/40084_203919fcc31282486793f353e9e8adc7d2750ae80a56a398e10aeb9638ab9fccaa76a107-scaled.jpeg\",\"width\":1853,\"height\":2560},{\"@type\":\"BreadcrumbList\",\"@id\":\"https:\\\/\\\/www.koonings.com\\\/de\\\/product\\\/muse-by-berta-24-p01\\\/#breadcrumb\",\"itemListElement\":[{\"@type\":\"ListItem\",\"position\":1,\"name\":\"Home\",\"item\":\"https:\\\/\\\/www.koonings.com\\\/de\\\/\"},{\"@type\":\"ListItem\",\"position\":2,\"name\":\"Muse von Berta 24-P01\"}]},{\"@type\":\"WebSite\",\"@id\":\"https:\\\/\\\/www.koonings.com\\\/de\\\/#website\",\"url\":\"https:\\\/\\\/www.koonings.com\\\/de\\\/\",\"name\":\"Koonings\",\"description\":\"De grootste bruidsmodewinkel ter wereld\",\"publisher\":{\"@id\":\"https:\\\/\\\/www.koonings.com\\\/de\\\/#organization\"},\"potentialAction\":[{\"@type\":\"SearchAction\",\"target\":{\"@type\":\"EntryPoint\",\"urlTemplate\":\"https:\\\/\\\/www.koonings.com\\\/de\\\/?s={search_term_string}\"},\"query-input\":{\"@type\":\"PropertyValueSpecification\",\"valueRequired\":true,\"valueName\":\"search_term_string\"}}],\"inLanguage\":\"de\"},{\"@type\":\"Organization\",\"@id\":\"https:\\\/\\\/www.koonings.com\\\/de\\\/#organization\",\"name\":\"Koonings\",\"url\":\"https:\\\/\\\/www.koonings.com\\\/de\\\/\",\"logo\":{\"@type\":\"ImageObject\",\"inLanguage\":\"de\",\"@id\":\"https:\\\/\\\/www.koonings.com\\\/de\\\/#\\\/schema\\\/logo\\\/image\\\/\",\"url\":\"https:\\\/\\\/www.koonings.com\\\/wp-content\\\/uploads\\\/2024\\\/07\\\/logo.png\",\"contentUrl\":\"https:\\\/\\\/www.koonings.com\\\/wp-content\\\/uploads\\\/2024\\\/07\\\/logo.png\",\"width\":600,\"height\":428,\"caption\":\"Koonings\"},\"image\":{\"@id\":\"https:\\\/\\\/www.koonings.com\\\/de\\\/#\\\/schema\\\/logo\\\/image\\\/\"},\"sameAs\":[\"https:\\\/\\\/www.facebook.com\\\/kooningstheweddingpalace\",\"https:\\\/\\\/www.instagram.com\\\/kooningstheweddingpalace\",\"https:\\\/\\\/www.pinterest.com\\\/koonings\",\"https:\\\/\\\/www.youtube.com\\\/kooningstheweddingpalace\"]}]}<\/script>\n<!-- \/ Yoast SEO plugin. -->","yoast_head_json":{"title":"Muse von Berta 24-P01 | Koonings","description":"Berta hat einen avantgardistischen Designstil, der st\u00e4ndig die Grenzen der Modewelt austestet. Ihre St\u00fccke sind so ber\u00fchmt und werden von vielen geliebt, weil sie immer so k\u00fchn, sexy und modern sind, w\u00e4hrend sie gleichzeitig Vintage-Materialien kombinieren und zu ihren Retro-Wurzeln stehen. Sie k\u00f6nnen diese Haute-Couture-Kollektion in den Ausstellungsr\u00e4umen von Koonings The Wedding Palace finden.","robots":{"index":"index","follow":"follow","max-snippet":"max-snippet:-1","max-image-preview":"max-image-preview:large","max-video-preview":"max-video-preview:-1"},"canonical":"https:\/\/www.koonings.com\/de\/product\/muse-by-berta-24-p01\/","og_locale":"de_DE","og_type":"article","og_title":"Muse von Berta 24-P01 | Koonings","og_description":"Berta hat einen avantgardistischen Designstil, der st\u00e4ndig die Grenzen der Modewelt austestet. Ihre St\u00fccke sind so ber\u00fchmt und werden von vielen geliebt, weil sie immer so k\u00fchn, sexy und modern sind, w\u00e4hrend sie gleichzeitig Vintage-Materialien kombinieren und zu ihren Retro-Wurzeln stehen. Sie k\u00f6nnen diese Haute-Couture-Kollektion in den Ausstellungsr\u00e4umen von Koonings The Wedding Palace finden.","og_url":"https:\/\/www.koonings.com\/de\/product\/muse-by-berta-24-p01\/","og_site_name":"Koonings","article_publisher":"https:\/\/www.facebook.com\/kooningstheweddingpalace","og_image":[{"width":1853,"height":2560,"url":"https:\/\/www.koonings.com\/wp-content\/uploads\/2024\/11\/40084_203919fcc31282486793f353e9e8adc7d2750ae80a56a398e10aeb9638ab9fccaa76a107-scaled.jpeg","type":"image\/jpeg"}],"twitter_card":"summary_large_image","schema":{"@context":"https:\/\/schema.org","@graph":[{"@type":"WebPage","@id":"https:\/\/www.koonings.com\/de\/product\/muse-by-berta-24-p01\/","url":"https:\/\/www.koonings.com\/de\/product\/muse-by-berta-24-p01\/","name":"Muse von Berta 24-P01 | Koonings","isPartOf":{"@id":"https:\/\/www.koonings.com\/de\/#website"},"primaryImageOfPage":{"@id":"https:\/\/www.koonings.com\/de\/product\/muse-by-berta-24-p01\/#primaryimage"},"image":{"@id":"https:\/\/www.koonings.com\/de\/product\/muse-by-berta-24-p01\/#primaryimage"},"thumbnailUrl":"https:\/\/www.koonings.com\/wp-content\/uploads\/2024\/11\/40084_203919fcc31282486793f353e9e8adc7d2750ae80a56a398e10aeb9638ab9fccaa76a107-scaled.jpeg","datePublished":"2026-04-28T16:16:26+00:00","description":"Berta hat einen avantgardistischen Designstil, der st\u00e4ndig die Grenzen der Modewelt austestet. Ihre St\u00fccke sind so ber\u00fchmt und werden von vielen geliebt, weil sie immer so k\u00fchn, sexy und modern sind, w\u00e4hrend sie gleichzeitig Vintage-Materialien kombinieren und zu ihren Retro-Wurzeln stehen. Sie k\u00f6nnen diese Haute-Couture-Kollektion in den Ausstellungsr\u00e4umen von Koonings The Wedding Palace finden.","breadcrumb":{"@id":"https:\/\/www.koonings.com\/de\/product\/muse-by-berta-24-p01\/#breadcrumb"},"inLanguage":"de","potentialAction":[{"@type":"ReadAction","target":["https:\/\/www.koonings.com\/de\/product\/muse-by-berta-24-p01\/"]}]},{"@type":"ImageObject","inLanguage":"de","@id":"https:\/\/www.koonings.com\/de\/product\/muse-by-berta-24-p01\/#primaryimage","url":"https:\/\/www.koonings.com\/wp-content\/uploads\/2024\/11\/40084_203919fcc31282486793f353e9e8adc7d2750ae80a56a398e10aeb9638ab9fccaa76a107-scaled.jpeg","contentUrl":"https:\/\/www.koonings.com\/wp-content\/uploads\/2024\/11\/40084_203919fcc31282486793f353e9e8adc7d2750ae80a56a398e10aeb9638ab9fccaa76a107-scaled.jpeg","width":1853,"height":2560},{"@type":"BreadcrumbList","@id":"https:\/\/www.koonings.com\/de\/product\/muse-by-berta-24-p01\/#breadcrumb","itemListElement":[{"@type":"ListItem","position":1,"name":"Home","item":"https:\/\/www.koonings.com\/de\/"},{"@type":"ListItem","position":2,"name":"Muse von Berta 24-P01"}]},{"@type":"WebSite","@id":"https:\/\/www.koonings.com\/de\/#website","url":"https:\/\/www.koonings.com\/de\/","name":"Koonings","description":"De grootste bruidsmodewinkel ter wereld","publisher":{"@id":"https:\/\/www.koonings.com\/de\/#organization"},"potentialAction":[{"@type":"SearchAction","target":{"@type":"EntryPoint","urlTemplate":"https:\/\/www.koonings.com\/de\/?s={search_term_string}"},"query-input":{"@type":"PropertyValueSpecification","valueRequired":true,"valueName":"search_term_string"}}],"inLanguage":"de"},{"@type":"Organization","@id":"https:\/\/www.koonings.com\/de\/#organization","name":"Koonings","url":"https:\/\/www.koonings.com\/de\/","logo":{"@type":"ImageObject","inLanguage":"de","@id":"https:\/\/www.koonings.com\/de\/#\/schema\/logo\/image\/","url":"https:\/\/www.koonings.com\/wp-content\/uploads\/2024\/07\/logo.png","contentUrl":"https:\/\/www.koonings.com\/wp-content\/uploads\/2024\/07\/logo.png","width":600,"height":428,"caption":"Koonings"},"image":{"@id":"https:\/\/www.koonings.com\/de\/#\/schema\/logo\/image\/"},"sameAs":["https:\/\/www.facebook.com\/kooningstheweddingpalace","https:\/\/www.instagram.com\/kooningstheweddingpalace","https:\/\/www.pinterest.com\/koonings","https:\/\/www.youtube.com\/kooningstheweddingpalace"]}]}},"_links":{"self":[{"href":"https:\/\/www.koonings.com\/de\/wp-json\/wp\/v2\/product\/58279","targetHints":{"allow":["GET"]}}],"collection":[{"href":"https:\/\/www.koonings.com\/de\/wp-json\/wp\/v2\/product"}],"about":[{"href":"https:\/\/www.koonings.com\/de\/wp-json\/wp\/v2\/types\/product"}],"wp:featuredmedia":[{"embeddable":true,"href":"https:\/\/www.koonings.com\/de\/wp-json\/wp\/v2\/media\/43546"}],"wp:attachment":[{"href":"https:\/\/www.koonings.com\/de\/wp-json\/wp\/v2\/media?parent=58279"}],"wp:term":[{"taxonomy":"productdetails","embeddable":true,"href":"https:\/\/www.koonings.com\/de\/wp-json\/wp\/v2\/productdetails?post=58279"},{"taxonomy":"productneck","embeddable":true,"href":"https:\/\/www.koonings.com\/de\/wp-json\/wp\/v2\/productneck?post=58279"},{"taxonomy":"productcolor","embeddable":true,"href":"https:\/\/www.koonings.com\/de\/wp-json\/wp\/v2\/productcolor?post=58279"},{"taxonomy":"maat","embeddable":true,"href":"https:\/\/www.koonings.com\/de\/wp-json\/wp\/v2\/maat?post=58279"},{"taxonomy":"productsupplier","embeddable":true,"href":"https:\/\/www.koonings.com\/de\/wp-json\/wp\/v2\/productsupplier?post=58279"},{"taxonomy":"productsleeve","embeddable":true,"href":"https:\/\/www.koonings.com\/de\/wp-json\/wp\/v2\/productsleeve?post=58279"},{"taxonomy":"productcategory","embeddable":true,"href":"https:\/\/www.koonings.com\/de\/wp-json\/wp\/v2\/productcategory?post=58279"},{"taxonomy":"productsilhouette","embeddable":true,"href":"https:\/\/www.koonings.com\/de\/wp-json\/wp\/v2\/productsilhouette?post=58279"},{"taxonomy":"productstyle","embeddable":true,"href":"https:\/\/www.koonings.com\/de\/wp-json\/wp\/v2\/productstyle?post=58279"}],"curies":[{"name":"wp","href":"https:\/\/api.w.org\/{rel}","templated":true}]}}